{"id":5342,"date":"2022-02-21T21:20:00","date_gmt":"2022-02-21T21:20:00","guid":{"rendered":"https:\/\/medicinasinc.com\/hr\/?post_type=product&#038;p=5342"},"modified":"2022-03-15T05:42:36","modified_gmt":"2022-03-15T05:42:36","slug":"kupiti-3-fmc-3-fluorometkatinon","status":"publish","type":"product","link":"https:\/\/medicinasinc.com\/hr\/product\/kupiti-3-fmc-3-fluorometkatinon\/","title":{"rendered":"Kupite 3-FMC 3-fluorometkatinon"},"content":{"rendered":"<p><strong>Kupite 3-FMC prah za istra\u017eiva\u010dke svrhe<\/strong><\/p>\n<p>PROVJERITE 3-FMC PRA\u0160NA KEMIKALIJA<\/p>\n<p>Kupite 3-FMC pra\u0161ak u rasutom stanju.<\/p>\n<p>Naru\u010dite svoju online narud\u017ebu danas.<\/p>\n<p>Zajam\u010deno niske cijene na veliko.<\/p>\n<p>3-FMC prah je stimulans kemijski klasificiran kao fenetilamin, amfetamin i katinon. To je strukturni izomer 4-FMC (flefedron) (RS)<\/p>\n<p>-1-(3-fluorofenil)<\/p>\n<p>-2-metilaminopropan-1-on<\/p>\n<p>Samo za kori\u0161tenje reagensa<\/p>\n<p>https:\/\/www.bestglobalmeds.com\/product\/research-chemicals\/3-fmc\/<\/p>\n<div class=\"product-next-previous\">\n<div class=\"product-prev\"><\/div><\/div>\n","protected":false},"excerpt":{"rendered":"<p>Kupite 3-FMC Powder Research Chemical za prodaju u Europi. Kupujte 3-Fluoromethcathinone Powder Chemical na veliko na veliko. Naru\u010dite online ve\u0107 danas. Zajam\u010dena jeftina cijena na veliko.<\/p>\n<p><em>Kupite 3<\/em>&#8211;<em>FMC<\/em>\u00a0prah UK, Europa. <em>3<\/em>&#8211;<em>FMC<\/em>\u00a0Prah za prodaju, dostupan je pod robnom markom flefedron je dizajnerski lijek koji ima stimuliraju\u0107a svojstva.<\/p>\n","protected":false},"featured_media":5354,"comment_status":"open","ping_status":"closed","template":"","meta":[],"product_brand":[],"product_cat":[2014],"product_tag":[2097,2098,2100,2099],"class_list":{"0":"post-5342","1":"product","2":"type-product","3":"status-publish","4":"has-post-thumbnail","6":"product_cat-kupiti-istrazivati-kemikalije","7":"product_tag-3-fmc-na-prodaju","8":"product_tag-buy-3-fmc","9":"product_tag-gdje-mogu-kupiti-3-fmc","10":"product_tag-kupiti-istraivati-kemikalije","12":"first","13":"instock","14":"shipping-taxable","15":"purchasable","16":"product-type-variable","17":"has-default-attributes"},"yoast_head":"<!-- This site is optimized with the Yoast SEO plugin v27.3 - https:\/\/yoast.com\/product\/yoast-seo-wordpress\/ -->\n<title>Kupite 3-FMC 3-fluoromethcathinone - najbolji najbolji svjetski lijekovi<\/title>\n<meta name=\"description\" content=\"Kupite 3-FMC Powder Research Chemical za prodaju Europa. Kupujte 3-Fluoromethcathinone Powder Chemical na veliko na veliko. Naru\u010dite online danas. Zajam\u010dena jeftina cijena na veliko.\" \/>\n<meta name=\"robots\" content=\"index, follow, max-snippet:-1, max-image-preview:large, max-video-preview:-1\" \/>\n<link rel=\"canonical\" href=\"https:\/\/medicinasinc.com\/hr\/product\/kupiti-3-fmc-3-fluorometkatinon\/\" \/>\n<meta property=\"og:locale\" content=\"hr_HR\" \/>\n<meta property=\"og:type\" content=\"article\" \/>\n<meta property=\"og:title\" content=\"Kupite 3-FMC 3-fluoromethcathinone - najbolji najbolji svjetski lijekovi\" \/>\n<meta property=\"og:description\" content=\"Kupite 3-FMC Powder Research Chemical za prodaju Europa. Kupujte 3-Fluoromethcathinone Powder Chemical na veliko na veliko. Naru\u010dite online danas. Zajam\u010dena jeftina cijena na veliko.\" \/>\n<meta property=\"og:url\" content=\"https:\/\/medicinasinc.com\/hr\/product\/kupiti-3-fmc-3-fluorometkatinon\/\" \/>\n<meta property=\"og:site_name\" content=\"Medicinas Inc\" \/>\n<meta property=\"article:modified_time\" content=\"2022-03-15T05:42:36+00:00\" \/>\n<meta property=\"og:image\" content=\"https:\/\/medicinasinc.com\/hr\/wp-content\/uploads\/sites\/3\/2022\/02\/buy-3-FMC.jpg\" \/>\n\t<meta property=\"og:image:width\" content=\"500\" \/>\n\t<meta property=\"og:image:height\" content=\"375\" \/>\n\t<meta property=\"og:image:type\" content=\"image\/jpeg\" \/>\n<meta name=\"twitter:card\" content=\"summary_large_image\" \/>\n<meta name=\"twitter:label1\" content=\"Procijenjeno vrijeme \u010ditanja\" \/>\n\t<meta name=\"twitter:data1\" content=\"1 minuta\" \/>\n<script type=\"application\/ld+json\" class=\"yoast-schema-graph\">{\"@context\":\"https:\\\/\\\/schema.org\",\"@graph\":[{\"@type\":\"WebPage\",\"@id\":\"https:\\\/\\\/medicinasinc.com\\\/hr\\\/product\\\/kupiti-3-fmc-3-fluorometkatinon\\\/\",\"url\":\"https:\\\/\\\/medicinasinc.com\\\/hr\\\/product\\\/kupiti-3-fmc-3-fluorometkatinon\\\/\",\"name\":\"Kupite 3-FMC 3-fluoromethcathinone - najbolji najbolji svjetski lijekovi\",\"isPartOf\":{\"@id\":\"https:\\\/\\\/medicinasinc.com\\\/hr\\\/#website\"},\"primaryImageOfPage\":{\"@id\":\"https:\\\/\\\/medicinasinc.com\\\/hr\\\/product\\\/kupiti-3-fmc-3-fluorometkatinon\\\/#primaryimage\"},\"image\":{\"@id\":\"https:\\\/\\\/medicinasinc.com\\\/hr\\\/product\\\/kupiti-3-fmc-3-fluorometkatinon\\\/#primaryimage\"},\"thumbnailUrl\":\"https:\\\/\\\/medicinasinc.com\\\/hr\\\/wp-content\\\/uploads\\\/sites\\\/3\\\/2022\\\/02\\\/buy-3-FMC.jpg\",\"datePublished\":\"2022-02-21T21:20:00+00:00\",\"dateModified\":\"2022-03-15T05:42:36+00:00\",\"description\":\"Kupite 3-FMC Powder Research Chemical za prodaju Europa. Kupujte 3-Fluoromethcathinone Powder Chemical na veliko na veliko. Naru\u010dite online danas. Zajam\u010dena jeftina cijena na veliko.\",\"breadcrumb\":{\"@id\":\"https:\\\/\\\/medicinasinc.com\\\/hr\\\/product\\\/kupiti-3-fmc-3-fluorometkatinon\\\/#breadcrumb\"},\"inLanguage\":\"hr\",\"potentialAction\":[{\"@type\":\"ReadAction\",\"target\":[\"https:\\\/\\\/medicinasinc.com\\\/hr\\\/product\\\/kupiti-3-fmc-3-fluorometkatinon\\\/\"]}]},{\"@type\":\"ImageObject\",\"inLanguage\":\"hr\",\"@id\":\"https:\\\/\\\/medicinasinc.com\\\/hr\\\/product\\\/kupiti-3-fmc-3-fluorometkatinon\\\/#primaryimage\",\"url\":\"https:\\\/\\\/medicinasinc.com\\\/hr\\\/wp-content\\\/uploads\\\/sites\\\/3\\\/2022\\\/02\\\/buy-3-FMC.jpg\",\"contentUrl\":\"https:\\\/\\\/medicinasinc.com\\\/hr\\\/wp-content\\\/uploads\\\/sites\\\/3\\\/2022\\\/02\\\/buy-3-FMC.jpg\",\"width\":500,\"height\":375},{\"@type\":\"BreadcrumbList\",\"@id\":\"https:\\\/\\\/medicinasinc.com\\\/hr\\\/product\\\/kupiti-3-fmc-3-fluorometkatinon\\\/#breadcrumb\",\"itemListElement\":[{\"@type\":\"ListItem\",\"position\":1,\"name\":\"Du\u0107an\",\"item\":\"https:\\\/\\\/medicinasinc.com\\\/hr\\\/ducan\\\/\"},{\"@type\":\"ListItem\",\"position\":2,\"name\":\"Kupite 3-FMC 3-fluorometkatinon\"}]},{\"@type\":\"WebSite\",\"@id\":\"https:\\\/\\\/medicinasinc.com\\\/hr\\\/#website\",\"url\":\"https:\\\/\\\/medicinasinc.com\\\/hr\\\/\",\"name\":\"Medicinas Inc\",\"description\":\"Health Medical Clinic\",\"potentialAction\":[{\"@type\":\"SearchAction\",\"target\":{\"@type\":\"EntryPoint\",\"urlTemplate\":\"https:\\\/\\\/medicinasinc.com\\\/hr\\\/?s={search_term_string}\"},\"query-input\":{\"@type\":\"PropertyValueSpecification\",\"valueRequired\":true,\"valueName\":\"search_term_string\"}}],\"inLanguage\":\"hr\"}]}<\/script>\n<!-- \/ Yoast SEO plugin. -->","yoast_head_json":{"title":"Kupite 3-FMC 3-fluoromethcathinone - najbolji najbolji svjetski lijekovi","description":"Kupite 3-FMC Powder Research Chemical za prodaju Europa. Kupujte 3-Fluoromethcathinone Powder Chemical na veliko na veliko. Naru\u010dite online danas. Zajam\u010dena jeftina cijena na veliko.","robots":{"index":"index","follow":"follow","max-snippet":"max-snippet:-1","max-image-preview":"max-image-preview:large","max-video-preview":"max-video-preview:-1"},"canonical":"https:\/\/medicinasinc.com\/hr\/product\/kupiti-3-fmc-3-fluorometkatinon\/","og_locale":"hr_HR","og_type":"article","og_title":"Kupite 3-FMC 3-fluoromethcathinone - najbolji najbolji svjetski lijekovi","og_description":"Kupite 3-FMC Powder Research Chemical za prodaju Europa. Kupujte 3-Fluoromethcathinone Powder Chemical na veliko na veliko. Naru\u010dite online danas. Zajam\u010dena jeftina cijena na veliko.","og_url":"https:\/\/medicinasinc.com\/hr\/product\/kupiti-3-fmc-3-fluorometkatinon\/","og_site_name":"Medicinas Inc","article_modified_time":"2022-03-15T05:42:36+00:00","og_image":[{"width":500,"height":375,"url":"https:\/\/medicinasinc.com\/hr\/wp-content\/uploads\/sites\/3\/2022\/02\/buy-3-FMC.jpg","type":"image\/jpeg"}],"twitter_card":"summary_large_image","twitter_misc":{"Procijenjeno vrijeme \u010ditanja":"1 minuta"},"schema":{"@context":"https:\/\/schema.org","@graph":[{"@type":"WebPage","@id":"https:\/\/medicinasinc.com\/hr\/product\/kupiti-3-fmc-3-fluorometkatinon\/","url":"https:\/\/medicinasinc.com\/hr\/product\/kupiti-3-fmc-3-fluorometkatinon\/","name":"Kupite 3-FMC 3-fluoromethcathinone - najbolji najbolji svjetski lijekovi","isPartOf":{"@id":"https:\/\/medicinasinc.com\/hr\/#website"},"primaryImageOfPage":{"@id":"https:\/\/medicinasinc.com\/hr\/product\/kupiti-3-fmc-3-fluorometkatinon\/#primaryimage"},"image":{"@id":"https:\/\/medicinasinc.com\/hr\/product\/kupiti-3-fmc-3-fluorometkatinon\/#primaryimage"},"thumbnailUrl":"https:\/\/medicinasinc.com\/hr\/wp-content\/uploads\/sites\/3\/2022\/02\/buy-3-FMC.jpg","datePublished":"2022-02-21T21:20:00+00:00","dateModified":"2022-03-15T05:42:36+00:00","description":"Kupite 3-FMC Powder Research Chemical za prodaju Europa. Kupujte 3-Fluoromethcathinone Powder Chemical na veliko na veliko. Naru\u010dite online danas. Zajam\u010dena jeftina cijena na veliko.","breadcrumb":{"@id":"https:\/\/medicinasinc.com\/hr\/product\/kupiti-3-fmc-3-fluorometkatinon\/#breadcrumb"},"inLanguage":"hr","potentialAction":[{"@type":"ReadAction","target":["https:\/\/medicinasinc.com\/hr\/product\/kupiti-3-fmc-3-fluorometkatinon\/"]}]},{"@type":"ImageObject","inLanguage":"hr","@id":"https:\/\/medicinasinc.com\/hr\/product\/kupiti-3-fmc-3-fluorometkatinon\/#primaryimage","url":"https:\/\/medicinasinc.com\/hr\/wp-content\/uploads\/sites\/3\/2022\/02\/buy-3-FMC.jpg","contentUrl":"https:\/\/medicinasinc.com\/hr\/wp-content\/uploads\/sites\/3\/2022\/02\/buy-3-FMC.jpg","width":500,"height":375},{"@type":"BreadcrumbList","@id":"https:\/\/medicinasinc.com\/hr\/product\/kupiti-3-fmc-3-fluorometkatinon\/#breadcrumb","itemListElement":[{"@type":"ListItem","position":1,"name":"Du\u0107an","item":"https:\/\/medicinasinc.com\/hr\/ducan\/"},{"@type":"ListItem","position":2,"name":"Kupite 3-FMC 3-fluorometkatinon"}]},{"@type":"WebSite","@id":"https:\/\/medicinasinc.com\/hr\/#website","url":"https:\/\/medicinasinc.com\/hr\/","name":"Medicinas Inc","description":"Health Medical Clinic","potentialAction":[{"@type":"SearchAction","target":{"@type":"EntryPoint","urlTemplate":"https:\/\/medicinasinc.com\/hr\/?s={search_term_string}"},"query-input":{"@type":"PropertyValueSpecification","valueRequired":true,"valueName":"search_term_string"}}],"inLanguage":"hr"}]}},"_links":{"self":[{"href":"https:\/\/medicinasinc.com\/hr\/wp-json\/wp\/v2\/product\/5342","targetHints":{"allow":["GET"]}}],"collection":[{"href":"https:\/\/medicinasinc.com\/hr\/wp-json\/wp\/v2\/product"}],"about":[{"href":"https:\/\/medicinasinc.com\/hr\/wp-json\/wp\/v2\/types\/product"}],"replies":[{"embeddable":true,"href":"https:\/\/medicinasinc.com\/hr\/wp-json\/wp\/v2\/comments?post=5342"}],"wp:featuredmedia":[{"embeddable":true,"href":"https:\/\/medicinasinc.com\/hr\/wp-json\/wp\/v2\/media\/5354"}],"wp:attachment":[{"href":"https:\/\/medicinasinc.com\/hr\/wp-json\/wp\/v2\/media?parent=5342"}],"wp:term":[{"taxonomy":"product_brand","embeddable":true,"href":"https:\/\/medicinasinc.com\/hr\/wp-json\/wp\/v2\/product_brand?post=5342"},{"taxonomy":"product_cat","embeddable":true,"href":"https:\/\/medicinasinc.com\/hr\/wp-json\/wp\/v2\/product_cat?post=5342"},{"taxonomy":"product_tag","embeddable":true,"href":"https:\/\/medicinasinc.com\/hr\/wp-json\/wp\/v2\/product_tag?post=5342"}],"curies":[{"name":"wp","href":"https:\/\/api.w.org\/{rel}","templated":true}]}}