{"id":5341,"date":"2022-02-21T21:16:40","date_gmt":"2022-02-21T21:16:40","guid":{"rendered":"https:\/\/medicinasinc.com\/hr\/?post_type=product&#038;p=5341"},"modified":"2022-03-15T05:42:45","modified_gmt":"2022-03-15T05:42:45","slug":"kupiti-2c-e-istrazivanje-kem","status":"publish","type":"product","link":"https:\/\/medicinasinc.com\/hr\/product\/kupiti-2c-e-istrazivanje-kem\/","title":{"rendered":"Kupite 2C-E Research Chemical"},"content":{"rendered":"<p>2C-E Research kemikalija mo\u017ee se kupiti online.<\/p>\n<p>2C-E Research kemijska se mo\u017ee kupiti online.<\/p>\n<p>Dobavlja\u010d 2c e, 2ce istra\u017eiva\u010dke kemikalije, 2c e kupac, 2c e na prodaju<\/p>\n<p>Online kupnja 2C-E istra\u017eiva\u010dkih kemikalija<\/p>\n<p>Alexander Shulgin otkriva lijek 2C-E i skuplja brojne sljedbenike.<\/p>\n<p>Online kupnja 2C-E kemikalija. 2C-E istra\u017eiva\u010dke kemikalije<\/p>\n<p>Kemijski agens 2C-E (trip) \u010dlan je obitelji 2C, koja tako\u0111er uklju\u010duje 2C-I i 2C-H. 2C-E je halucinogeni spoj izveden iz feniletilamina. Nakon niza istra\u017eiva\u010dkih testova, sada znamo da tipi\u010dna doza 2C-E praha za intranazalnu primjenu ne smije prelaziti 5 miligrama. Ipak, doza ne smije prelaziti otprilike 10-20 miligrama kada se koristi oralno. Prijavljeno je da nakon otprilike 10 minuta udisanja kroz nos dolazi do zna\u010dajnog pe\u010denja. Shulgin u svojoj knjizi PiHKAL naziva 2C-E, zajedno s meskalinom, 2C-T-2, 2C-B i 2C-T-7, \u00ab\u010darobnim pola tuceta\u00bb. Online kupnja 2C-E istra\u017eiva\u010dkih kemikalija<\/p>\n<p>2C-E ima sljede\u0107e u\u010dinke: eksploziju energije, pove\u0107anje inventivnosti, vizualne efekte i pove\u0107anje taktike. Osim toga, dolazi do promjena u svijesti, pote\u0161ko\u0107a s koncentracijom, ubrzava se puls, a tjelesna temperatura mo\u017ee ne\u0161to porasti. Dodatno, 2C-E uzrokuje vrtoglavicu, mu\u010dninu, preosjetljivost na buku i paniku. 2C-E za prodaju na internetu<\/p>\n<p>Trajanje djelovanja 2C-E obi\u010dno je izme\u0111u 4 i 9 sati. Kada tijekom testiranja usporedimo 2C-E s 2C-I, otkrivamo da 2C-E proizvodi uo\u010dljivije vizualne i slu\u0161ne utjecaje.<\/p>\n<p>Mo\u017eete kupiti 2C-E (put) na na\u0161oj web stranici samo za kemijska ispitivanja. i laboratorijske pretrage; me\u0111utim, prvo biste trebali utvrditi je li ovaj pripravak legalan na va\u0161em mjestu. Pru\u017eamo visokokvalitetne materijale.<\/p>\n","protected":false},"excerpt":{"rendered":"<p>&nbsp;<\/p>\n<p>Kupite 2C-E Research kemikaliju za online prodaju u Europi, UK, EU. Kupite kemijsku 2C-E Research. 2C-E (4-etil-2,5-dimetoksi) sol\/pra\u0161ak: psihodeli\u010dni amfetamin.<\/p>\n<p><em>Kupite 2C<\/em>&#8211;<em>E<\/em> Research Chemical odobren dobavlja\u010d. Vrhunska \u010disto\u0107a, po\u0161tene cijene, brza zajam\u010dena dostava, politika povrata\/povrata, odli\u010dna usluga za korisnike.<\/p>\n","protected":false},"featured_media":5352,"comment_status":"open","ping_status":"closed","template":"","meta":[],"product_brand":[],"product_cat":[2014],"product_tag":[2027,2028,2029,2032,2033,2034,2035,2036,2040,2041,2042,2037,2044,2030,2031,2038,2046,2049,2047,2048,2050,2051,2052,2053,2054,2055,2057,2058,2059,2060,2064,2065,2066,2067,2072,2074,2075,2089,2076,2077,2096,2095,2081,2082,2083,2080,2084,2093,2094,2092,2043,2062,2069,2070,2090,2061,2063,2068,2045,2071,2056,2073,2085,2086,2079,2091,2087,2088,2039,2078],"class_list":{"0":"post-5341","1":"product","2":"type-product","3":"status-publish","4":"has-post-thumbnail","6":"product_cat-kupiti-istrazivati-kemikalije","7":"product_tag-2c-e-kupi-online","8":"product_tag-2c-e","9":"product_tag-2c-e-buy","10":"product_tag-2c-e-test-na-droge","11":"product_tag-2c-e-efekti","12":"product_tag-2c-e-erfahrung","13":"product_tag-2c-e-erowid","14":"product_tag-2c-e-europa","15":"product_tag-2c-e-for-sale-online","16":"product_tag-2c-e-heroic-dose","17":"product_tag-2c-e-is-a-psychedelic-phenethylamine-of-the-2c-family-it-was-first-synthesized-by-alexander-shulgin","18":"product_tag-2c-e-iskustvo","19":"product_tag-2c-e-kopen","20":"product_tag-2c-e-lijek","21":"product_tag-2c-e-lijek-na-prodaj","22":"product_tag-2c-e-na-rasprodaji","23":"product_tag-2c-e-online","24":"product_tag-2c-e-prodaja","25":"product_tag-2c-e-psihonaut","26":"product_tag-2c-e-reddit","27":"product_tag-2c-e-sinteza","28":"product_tag-2c-e-wiki","29":"product_tag-2c-i-wikipedia","30":"product_tag-2c-e-nbome","31":"product_tag-2c-ef-dobavlja","32":"product_tag-2c-i","33":"product_tag-4-ethyl-2","34":"product_tag-4-metil-2-5-dimetoksiamfetamin","35":"product_tag-5-dimetoksi","36":"product_tag-and-other-psychedelics","37":"product_tag-buy-2c-e-drug","38":"product_tag-buy-2c-e-muscle-tension-online","39":"product_tag-buy-2c-e-online","40":"product_tag-buy-2c-e-online-usa","41":"product_tag-buy-2c-i","42":"product_tag-buy-online-2c-e-research-chemicals","43":"product_tag-buy-research-chemicals-nederland-doc-2c-e-online","44":"product_tag-cijena-po-gramu-2c-e","45":"product_tag-dmt","46":"product_tag-dmt-nexus-2c-e","47":"product_tag-gdje-kupiti-2c-i","48":"product_tag-gdje-mogu-kupiti-2c-e-online","49":"product_tag-how-to-buy-2c-i","50":"product_tag-how-to-buy-research-chemicals-online","51":"product_tag-how-to-get-research-chemicals","52":"product_tag-kako-kupiti-2c-e-online","53":"product_tag-kako-uzeti-2c-e-istraivanje-kemikalije","54":"product_tag-koja-je-razlika-izmeu-2c-i-i-2c-e","55":"product_tag-koja-je-ulina-vrijednost-boice-2c-e","56":"product_tag-to-tono-su-2c-es-uinci-i-zato-je-popularan-meu-ljudima-koji-koriste-droge","57":"product_tag-2c-e-kupi","58":"product_tag-kupi-2c-e-4-etil-2","59":"product_tag-kupiti-2c-e-istraivanje-kemikalije-online","60":"product_tag-kupi-2c-e-sa-sljedei-eu-isporukom","61":"product_tag-kupnja-2c-i","62":"product_tag-kupiti-2c-e","63":"product_tag-buy-2c-e-dosage-online","64":"product_tag-kupiti-2c-e-istraivanje-kem","65":"product_tag-2c-e-nizozemska-kupi-rc","66":"product_tag-buy-2c-e2c-online-usa","67":"product_tag-2ce-kupi","68":"product_tag-kupiti-halucinogene-droge-2c-e-online","69":"product_tag-life-boostr-2c-e-rc-vendor","70":"product_tag-meskalin","71":"product_tag-get-2c-e-research-chemical-online","72":"product_tag-najbolje-mjesto-za-kupnju-2c-i","73":"product_tag-naruite-2c-e-online","74":"product_tag-red-2c-i","75":"product_tag-2c-e-prodaja-kemijski-element","76":"product_tag-uiniti-ssris-ometati-gljivama","78":"first","79":"instock","80":"shipping-taxable","81":"purchasable","82":"product-type-variable","83":"has-default-attributes"},"yoast_head":"<!-- This site is optimized with the Yoast SEO plugin v27.3 - https:\/\/yoast.com\/product\/yoast-seo-wordpress\/ -->\n<title>Kupite 2C-E Research Chemical - najbolji najbolji globalni lijekovi<\/title>\n<meta name=\"description\" content=\"Kupite kemikaliju 2C-E Research za prodaju putem interneta u Europi, UK, EU. Kupite kemijsku 2C-E Research. 2C-E (4-etil-2,5-dimetoksi) sol\/pra\u0161ak: psihodeli\u010dni amfetamin.\" \/>\n<meta name=\"robots\" content=\"index, follow, max-snippet:-1, max-image-preview:large, max-video-preview:-1\" \/>\n<link rel=\"canonical\" href=\"https:\/\/medicinasinc.com\/hr\/product\/kupiti-2c-e-istrazivanje-kem\/\" \/>\n<meta property=\"og:locale\" content=\"hr_HR\" \/>\n<meta property=\"og:type\" content=\"article\" \/>\n<meta property=\"og:title\" content=\"Kupite 2C-E Research Chemical - najbolji najbolji globalni lijekovi\" \/>\n<meta property=\"og:description\" content=\"Kupite kemikaliju 2C-E Research za prodaju putem interneta u Europi, UK, EU. Kupite kemijsku 2C-E Research. 2C-E (4-etil-2,5-dimetoksi) sol\/pra\u0161ak: psihodeli\u010dni amfetamin.\" \/>\n<meta property=\"og:url\" content=\"https:\/\/medicinasinc.com\/hr\/product\/kupiti-2c-e-istrazivanje-kem\/\" \/>\n<meta property=\"og:site_name\" content=\"Medicinas Inc\" \/>\n<meta property=\"article:modified_time\" content=\"2022-03-15T05:42:45+00:00\" \/>\n<meta property=\"og:image\" content=\"https:\/\/medicinasinc.com\/hr\/wp-content\/uploads\/sites\/3\/2022\/02\/Buy-2C-E.jpg\" \/>\n\t<meta property=\"og:image:width\" content=\"234\" \/>\n\t<meta property=\"og:image:height\" content=\"215\" \/>\n\t<meta property=\"og:image:type\" content=\"image\/jpeg\" \/>\n<meta name=\"twitter:card\" content=\"summary_large_image\" \/>\n<meta name=\"twitter:label1\" content=\"Procijenjeno vrijeme \u010ditanja\" \/>\n\t<meta name=\"twitter:data1\" content=\"2 minute\" \/>\n<script type=\"application\/ld+json\" class=\"yoast-schema-graph\">{\"@context\":\"https:\\\/\\\/schema.org\",\"@graph\":[{\"@type\":\"WebPage\",\"@id\":\"https:\\\/\\\/medicinasinc.com\\\/hr\\\/product\\\/kupiti-2c-e-istrazivanje-kem\\\/\",\"url\":\"https:\\\/\\\/medicinasinc.com\\\/hr\\\/product\\\/kupiti-2c-e-istrazivanje-kem\\\/\",\"name\":\"Kupite 2C-E Research Chemical - najbolji najbolji globalni lijekovi\",\"isPartOf\":{\"@id\":\"https:\\\/\\\/medicinasinc.com\\\/hr\\\/#website\"},\"primaryImageOfPage\":{\"@id\":\"https:\\\/\\\/medicinasinc.com\\\/hr\\\/product\\\/kupiti-2c-e-istrazivanje-kem\\\/#primaryimage\"},\"image\":{\"@id\":\"https:\\\/\\\/medicinasinc.com\\\/hr\\\/product\\\/kupiti-2c-e-istrazivanje-kem\\\/#primaryimage\"},\"thumbnailUrl\":\"https:\\\/\\\/medicinasinc.com\\\/hr\\\/wp-content\\\/uploads\\\/sites\\\/3\\\/2022\\\/02\\\/Buy-2C-E.jpg\",\"datePublished\":\"2022-02-21T21:16:40+00:00\",\"dateModified\":\"2022-03-15T05:42:45+00:00\",\"description\":\"Kupite kemikaliju 2C-E Research za prodaju putem interneta u Europi, UK, EU. Kupite kemijsku 2C-E Research. 2C-E (4-etil-2,5-dimetoksi) sol\\\/pra\u0161ak: psihodeli\u010dni amfetamin.\",\"breadcrumb\":{\"@id\":\"https:\\\/\\\/medicinasinc.com\\\/hr\\\/product\\\/kupiti-2c-e-istrazivanje-kem\\\/#breadcrumb\"},\"inLanguage\":\"hr\",\"potentialAction\":[{\"@type\":\"ReadAction\",\"target\":[\"https:\\\/\\\/medicinasinc.com\\\/hr\\\/product\\\/kupiti-2c-e-istrazivanje-kem\\\/\"]}]},{\"@type\":\"ImageObject\",\"inLanguage\":\"hr\",\"@id\":\"https:\\\/\\\/medicinasinc.com\\\/hr\\\/product\\\/kupiti-2c-e-istrazivanje-kem\\\/#primaryimage\",\"url\":\"https:\\\/\\\/medicinasinc.com\\\/hr\\\/wp-content\\\/uploads\\\/sites\\\/3\\\/2022\\\/02\\\/Buy-2C-E.jpg\",\"contentUrl\":\"https:\\\/\\\/medicinasinc.com\\\/hr\\\/wp-content\\\/uploads\\\/sites\\\/3\\\/2022\\\/02\\\/Buy-2C-E.jpg\",\"width\":234,\"height\":215},{\"@type\":\"BreadcrumbList\",\"@id\":\"https:\\\/\\\/medicinasinc.com\\\/hr\\\/product\\\/kupiti-2c-e-istrazivanje-kem\\\/#breadcrumb\",\"itemListElement\":[{\"@type\":\"ListItem\",\"position\":1,\"name\":\"Du\u0107an\",\"item\":\"https:\\\/\\\/medicinasinc.com\\\/hr\\\/ducan\\\/\"},{\"@type\":\"ListItem\",\"position\":2,\"name\":\"Kupite 2C-E Research Chemical\"}]},{\"@type\":\"WebSite\",\"@id\":\"https:\\\/\\\/medicinasinc.com\\\/hr\\\/#website\",\"url\":\"https:\\\/\\\/medicinasinc.com\\\/hr\\\/\",\"name\":\"Medicinas Inc\",\"description\":\"Health Medical Clinic\",\"potentialAction\":[{\"@type\":\"SearchAction\",\"target\":{\"@type\":\"EntryPoint\",\"urlTemplate\":\"https:\\\/\\\/medicinasinc.com\\\/hr\\\/?s={search_term_string}\"},\"query-input\":{\"@type\":\"PropertyValueSpecification\",\"valueRequired\":true,\"valueName\":\"search_term_string\"}}],\"inLanguage\":\"hr\"}]}<\/script>\n<!-- \/ Yoast SEO plugin. -->","yoast_head_json":{"title":"Kupite 2C-E Research Chemical - najbolji najbolji globalni lijekovi","description":"Kupite kemikaliju 2C-E Research za prodaju putem interneta u Europi, UK, EU. Kupite kemijsku 2C-E Research. 2C-E (4-etil-2,5-dimetoksi) sol\/pra\u0161ak: psihodeli\u010dni amfetamin.","robots":{"index":"index","follow":"follow","max-snippet":"max-snippet:-1","max-image-preview":"max-image-preview:large","max-video-preview":"max-video-preview:-1"},"canonical":"https:\/\/medicinasinc.com\/hr\/product\/kupiti-2c-e-istrazivanje-kem\/","og_locale":"hr_HR","og_type":"article","og_title":"Kupite 2C-E Research Chemical - najbolji najbolji globalni lijekovi","og_description":"Kupite kemikaliju 2C-E Research za prodaju putem interneta u Europi, UK, EU. Kupite kemijsku 2C-E Research. 2C-E (4-etil-2,5-dimetoksi) sol\/pra\u0161ak: psihodeli\u010dni amfetamin.","og_url":"https:\/\/medicinasinc.com\/hr\/product\/kupiti-2c-e-istrazivanje-kem\/","og_site_name":"Medicinas Inc","article_modified_time":"2022-03-15T05:42:45+00:00","og_image":[{"width":234,"height":215,"url":"https:\/\/medicinasinc.com\/hr\/wp-content\/uploads\/sites\/3\/2022\/02\/Buy-2C-E.jpg","type":"image\/jpeg"}],"twitter_card":"summary_large_image","twitter_misc":{"Procijenjeno vrijeme \u010ditanja":"2 minute"},"schema":{"@context":"https:\/\/schema.org","@graph":[{"@type":"WebPage","@id":"https:\/\/medicinasinc.com\/hr\/product\/kupiti-2c-e-istrazivanje-kem\/","url":"https:\/\/medicinasinc.com\/hr\/product\/kupiti-2c-e-istrazivanje-kem\/","name":"Kupite 2C-E Research Chemical - najbolji najbolji globalni lijekovi","isPartOf":{"@id":"https:\/\/medicinasinc.com\/hr\/#website"},"primaryImageOfPage":{"@id":"https:\/\/medicinasinc.com\/hr\/product\/kupiti-2c-e-istrazivanje-kem\/#primaryimage"},"image":{"@id":"https:\/\/medicinasinc.com\/hr\/product\/kupiti-2c-e-istrazivanje-kem\/#primaryimage"},"thumbnailUrl":"https:\/\/medicinasinc.com\/hr\/wp-content\/uploads\/sites\/3\/2022\/02\/Buy-2C-E.jpg","datePublished":"2022-02-21T21:16:40+00:00","dateModified":"2022-03-15T05:42:45+00:00","description":"Kupite kemikaliju 2C-E Research za prodaju putem interneta u Europi, UK, EU. Kupite kemijsku 2C-E Research. 2C-E (4-etil-2,5-dimetoksi) sol\/pra\u0161ak: psihodeli\u010dni amfetamin.","breadcrumb":{"@id":"https:\/\/medicinasinc.com\/hr\/product\/kupiti-2c-e-istrazivanje-kem\/#breadcrumb"},"inLanguage":"hr","potentialAction":[{"@type":"ReadAction","target":["https:\/\/medicinasinc.com\/hr\/product\/kupiti-2c-e-istrazivanje-kem\/"]}]},{"@type":"ImageObject","inLanguage":"hr","@id":"https:\/\/medicinasinc.com\/hr\/product\/kupiti-2c-e-istrazivanje-kem\/#primaryimage","url":"https:\/\/medicinasinc.com\/hr\/wp-content\/uploads\/sites\/3\/2022\/02\/Buy-2C-E.jpg","contentUrl":"https:\/\/medicinasinc.com\/hr\/wp-content\/uploads\/sites\/3\/2022\/02\/Buy-2C-E.jpg","width":234,"height":215},{"@type":"BreadcrumbList","@id":"https:\/\/medicinasinc.com\/hr\/product\/kupiti-2c-e-istrazivanje-kem\/#breadcrumb","itemListElement":[{"@type":"ListItem","position":1,"name":"Du\u0107an","item":"https:\/\/medicinasinc.com\/hr\/ducan\/"},{"@type":"ListItem","position":2,"name":"Kupite 2C-E Research Chemical"}]},{"@type":"WebSite","@id":"https:\/\/medicinasinc.com\/hr\/#website","url":"https:\/\/medicinasinc.com\/hr\/","name":"Medicinas Inc","description":"Health Medical Clinic","potentialAction":[{"@type":"SearchAction","target":{"@type":"EntryPoint","urlTemplate":"https:\/\/medicinasinc.com\/hr\/?s={search_term_string}"},"query-input":{"@type":"PropertyValueSpecification","valueRequired":true,"valueName":"search_term_string"}}],"inLanguage":"hr"}]}},"_links":{"self":[{"href":"https:\/\/medicinasinc.com\/hr\/wp-json\/wp\/v2\/product\/5341","targetHints":{"allow":["GET"]}}],"collection":[{"href":"https:\/\/medicinasinc.com\/hr\/wp-json\/wp\/v2\/product"}],"about":[{"href":"https:\/\/medicinasinc.com\/hr\/wp-json\/wp\/v2\/types\/product"}],"replies":[{"embeddable":true,"href":"https:\/\/medicinasinc.com\/hr\/wp-json\/wp\/v2\/comments?post=5341"}],"wp:featuredmedia":[{"embeddable":true,"href":"https:\/\/medicinasinc.com\/hr\/wp-json\/wp\/v2\/media\/5352"}],"wp:attachment":[{"href":"https:\/\/medicinasinc.com\/hr\/wp-json\/wp\/v2\/media?parent=5341"}],"wp:term":[{"taxonomy":"product_brand","embeddable":true,"href":"https:\/\/medicinasinc.com\/hr\/wp-json\/wp\/v2\/product_brand?post=5341"},{"taxonomy":"product_cat","embeddable":true,"href":"https:\/\/medicinasinc.com\/hr\/wp-json\/wp\/v2\/product_cat?post=5341"},{"taxonomy":"product_tag","embeddable":true,"href":"https:\/\/medicinasinc.com\/hr\/wp-json\/wp\/v2\/product_tag?post=5341"}],"curies":[{"name":"wp","href":"https:\/\/api.w.org\/{rel}","templated":true}]}}