{"id":5340,"date":"2022-02-21T21:15:28","date_gmt":"2022-02-21T21:15:28","guid":{"rendered":"https:\/\/medicinasinc.com\/hr\/?post_type=product&#038;p=5340"},"modified":"2022-08-04T05:46:05","modified_gmt":"2022-08-04T05:46:05","slug":"kupiti-2-mppp-online","status":"publish","type":"product","link":"https:\/\/medicinasinc.com\/hr\/product\/kupiti-2-mppp-online\/","title":{"rendered":"Kupite 2-MPPP online"},"content":{"rendered":"<p>Kupite 2-MPPP online<\/p>\n<p>Kupite 2-MPPP online<\/p>\n<p>2-metil-1-fenil-3-(piperidin-1-il)<\/p>\n<p>Propan-1-on je strukturno srodna kemikalija 2-aminopropan-1-onu, osim \u0161to je du\u0161ik vezan za ugljik na tre\u0107em mjestu. Fiziolo\u0161ki i toksikolo\u0161ki u\u010dinci ovog spoja nisu istra\u017eeni.<\/p>\n<p>2-metil-1-fenil-3-(piperidin-1-il)<\/p>\n<p>Propan-1-on se mo\u017ee koristiti kao referentni uzorak za istra\u017eiva\u010de koji rade plinsku kromatografiju\/masenu spektrometriju (GC\/MS), infracrvenu spektroskopiju Fourierove transformacije (FTIR) ili analize nuklearne magnetske rezonancije (NMR).<\/p>\n<p>Postupci u laboratoriju<\/p>\n<p>Preporu\u010damo \u010duvanje 2-metil-1-fenil-3-(piperidin-1-il)propan-1-ona na -20\u00b0C za dugotrajno skladi\u0161tenje. Trebao bi ostati stabilan najmanje dvije godine.<\/p>\n<p>Isporu\u010duje se bijela kristalna tvar 2-metil-1-fenil-3-(piperidin-1-il)propan-1-on. 2-metil-1-fenil-3-(piperidin-1-il) Propan-1-on je topiv u organskim otapalima kao \u0161to su metanol, dimetil sulfoksid (DMSO) i diklormetan (DCM), koje treba pro\u010distiti inertnim plin prije upotrebe. 2-metil-1-fenil-3-(piperidin-1-il)propan-1-on otapa se pri pribli\u017eno 22 mg\/ml u etanolu i DMF-u i pri pribli\u017eno 15 mg\/ml u DMSO.<\/p>\n<p>Prije izvo\u0111enja testova potrebno je napraviti daljnja razrje\u0111enja osnovne otopine u vodenom puferu ili izotoni\u010dnoj fiziolo\u0161koj otopini. Uvjerite se da nema ostataka organskog otapala, jer organska otapala mogu imati fiziolo\u0161ke posljedice pri niskim koncentracijama. Vodene otopine bez organskog otapala Kristalni kruti 2-metil-1-fenil-3-(piperidin-1-il)propan-1-on mo\u017ee se odmah proizvesti u vodenim puferima. 2-metil-1-fenil-3-(piperidin-1-il)propan-1-on otapa se pri topivosti od pribli\u017eno 11 mg\/ml u PBS-u, pH 6,4. Ne preporu\u010dujemo dr\u017eanje vodene otopine u hladnjaku dulje od jednog dana.<\/p>\n<div id=\"wb_Text13\"><strong>Specifikacije<\/strong><\/div>\n<table cellpadding=\"0\">\n<tbody>\n<tr>\n<td class=\"cell0\">Sinonimi<\/td>\n<td class=\"cell1\">2-MPPP<\/td>\n<\/tr>\n<tr>\n<td class=\"cell2\">IUPAC<\/td>\n<td class=\"cell3\">2-metil-1-fenil-3-(piperidin-1-il)propan-1-on<\/td>\n<\/tr>\n<tr>\n<td class=\"cell0\">PubChem<\/td>\n<td class=\"cell1\">N\/A<\/td>\n<\/tr>\n<tr>\n<td class=\"cell4\">Cas#<\/td>\n<td class=\"cell5\">N\/A<\/td>\n<\/tr>\n<tr>\n<td class=\"cell0\">Molekularna formula<\/td>\n<td class=\"cell1\">C15H21NO<\/td>\n<\/tr>\n<tr>\n<td class=\"cell0\">\u010cisto\u0107a<\/td>\n<td class=\"cell1\">99%<\/td>\n<\/tr>\n<tr>\n<td class=\"cell0\">Formulacija \/ Izgled<\/td>\n<td class=\"cell1\">Bijeli kristalni prah<\/td>\n<\/tr>\n<\/tbody>\n<\/table>\n<p><strong>Reference<\/strong><\/p>\n<p>Indian journal of chemistry, 1981,\u00a0 sv. 20 B,\u00a0 # 4\u00a0 str. 303 \u2013 307<\/p>\n<p>Rumeni; Buckley<br \/>\nJournal of the American Chemical Society, 1950,\u00a0 sv. 72, str. 718 719<\/p>\n<p>Kjaer; Petersen<br \/>\nActa Chemica Scandinavica (1947.-1973.), 1951.,\u00a0 sv. 5, str. 1145,1148<\/p>\n<p>Nasarow; Tscherkasowa<br \/>\nZhurnal Obshchei Khimii, 1958,\u00a0 sv. 28, str. 122,124, 125<\/p>\n<div class=\"product-next-previous\">\n<div class=\"product-prev\"><\/div>\n<\/div>\n","protected":false},"excerpt":{"rendered":"<div class=\"woocommerce-product-details__short-description\">\n<p>Kupite 2-MPPP online. Kupite 2-MPPP online na medicinasinc.com \u2013 2-metil-1-fenil-3-(piperidin-1-il)propan-1-on, 2mpp bijeli kristalni prah za prodaju. tako\u0111er imamo najbolju kvalitetu i najbolje cijene.<\/p>\n<p><em>Kupite 2<\/em>\u2013<em>MPPP online na mre\u017ei<\/em> u licenciranoj ljekarni Best Global Meds. Nudimo \u0161iroku paletu lijekova za prodaju. Dostava diljem svijeta!<\/p>\n<\/div>\n","protected":false},"featured_media":5350,"comment_status":"open","ping_status":"closed","template":"","meta":[],"product_brand":[],"product_cat":[2014],"product_tag":[],"class_list":{"0":"post-5340","1":"product","2":"type-product","3":"status-publish","4":"has-post-thumbnail","6":"product_cat-kupiti-istrazivati-kemikalije","8":"first","9":"instock","10":"shipping-taxable","11":"purchasable","12":"product-type-variable"},"yoast_head":"<!-- This site is optimized with the Yoast SEO plugin v27.3 - https:\/\/yoast.com\/product\/yoast-seo-wordpress\/ -->\n<title>Kupite 2-MPPP online - Najbolji najbolji globalni lijekovi<\/title>\n<meta name=\"description\" content=\"Kupite 2-MPPP online. Kupite 2-MPPP online na medicinasinc.com \u2013 2-metil-1-fenil-3-(piperidin-1-il)propan-1-on, 2mpp bijeli kristalni prah za prodaju. imamo najbolju kvalitetu i najbolje cijene\" \/>\n<meta name=\"robots\" content=\"index, follow, max-snippet:-1, max-image-preview:large, max-video-preview:-1\" \/>\n<link rel=\"canonical\" href=\"https:\/\/medicinasinc.com\/hr\/product\/kupiti-2-mppp-online\/\" \/>\n<meta property=\"og:locale\" content=\"hr_HR\" \/>\n<meta property=\"og:type\" content=\"article\" \/>\n<meta property=\"og:title\" content=\"Kupite 2-MPPP online - Najbolji najbolji globalni lijekovi\" \/>\n<meta property=\"og:description\" content=\"Kupite 2-MPPP online. Kupite 2-MPPP online na medicinasinc.com \u2013 2-metil-1-fenil-3-(piperidin-1-il)propan-1-on, 2mpp bijeli kristalni prah za prodaju. imamo najbolju kvalitetu i najbolje cijene\" \/>\n<meta property=\"og:url\" content=\"https:\/\/medicinasinc.com\/hr\/product\/kupiti-2-mppp-online\/\" \/>\n<meta property=\"og:site_name\" content=\"Medicinas Inc\" \/>\n<meta property=\"article:modified_time\" content=\"2022-08-04T05:46:05+00:00\" \/>\n<meta property=\"og:image\" content=\"https:\/\/medicinasinc.com\/hr\/wp-content\/uploads\/sites\/3\/2022\/02\/2mppp.jpg\" \/>\n\t<meta property=\"og:image:width\" content=\"600\" \/>\n\t<meta property=\"og:image:height\" content=\"600\" \/>\n\t<meta property=\"og:image:type\" content=\"image\/jpeg\" \/>\n<meta name=\"twitter:card\" content=\"summary_large_image\" \/>\n<meta name=\"twitter:label1\" content=\"Procijenjeno vrijeme \u010ditanja\" \/>\n\t<meta name=\"twitter:data1\" content=\"2 minute\" \/>\n<script type=\"application\/ld+json\" class=\"yoast-schema-graph\">{\"@context\":\"https:\\\/\\\/schema.org\",\"@graph\":[{\"@type\":\"WebPage\",\"@id\":\"https:\\\/\\\/medicinasinc.com\\\/hr\\\/product\\\/kupiti-2-mppp-online\\\/\",\"url\":\"https:\\\/\\\/medicinasinc.com\\\/hr\\\/product\\\/kupiti-2-mppp-online\\\/\",\"name\":\"Kupite 2-MPPP online - Najbolji najbolji globalni lijekovi\",\"isPartOf\":{\"@id\":\"https:\\\/\\\/medicinasinc.com\\\/hr\\\/#website\"},\"primaryImageOfPage\":{\"@id\":\"https:\\\/\\\/medicinasinc.com\\\/hr\\\/product\\\/kupiti-2-mppp-online\\\/#primaryimage\"},\"image\":{\"@id\":\"https:\\\/\\\/medicinasinc.com\\\/hr\\\/product\\\/kupiti-2-mppp-online\\\/#primaryimage\"},\"thumbnailUrl\":\"https:\\\/\\\/medicinasinc.com\\\/hr\\\/wp-content\\\/uploads\\\/sites\\\/3\\\/2022\\\/02\\\/2mppp.jpg\",\"datePublished\":\"2022-02-21T21:15:28+00:00\",\"dateModified\":\"2022-08-04T05:46:05+00:00\",\"description\":\"Kupite 2-MPPP online. Kupite 2-MPPP online na medicinasinc.com \u2013 2-metil-1-fenil-3-(piperidin-1-il)propan-1-on, 2mpp bijeli kristalni prah za prodaju. imamo najbolju kvalitetu i najbolje cijene\",\"breadcrumb\":{\"@id\":\"https:\\\/\\\/medicinasinc.com\\\/hr\\\/product\\\/kupiti-2-mppp-online\\\/#breadcrumb\"},\"inLanguage\":\"hr\",\"potentialAction\":[{\"@type\":\"ReadAction\",\"target\":[\"https:\\\/\\\/medicinasinc.com\\\/hr\\\/product\\\/kupiti-2-mppp-online\\\/\"]}]},{\"@type\":\"ImageObject\",\"inLanguage\":\"hr\",\"@id\":\"https:\\\/\\\/medicinasinc.com\\\/hr\\\/product\\\/kupiti-2-mppp-online\\\/#primaryimage\",\"url\":\"https:\\\/\\\/medicinasinc.com\\\/hr\\\/wp-content\\\/uploads\\\/sites\\\/3\\\/2022\\\/02\\\/2mppp.jpg\",\"contentUrl\":\"https:\\\/\\\/medicinasinc.com\\\/hr\\\/wp-content\\\/uploads\\\/sites\\\/3\\\/2022\\\/02\\\/2mppp.jpg\",\"width\":600,\"height\":600},{\"@type\":\"BreadcrumbList\",\"@id\":\"https:\\\/\\\/medicinasinc.com\\\/hr\\\/product\\\/kupiti-2-mppp-online\\\/#breadcrumb\",\"itemListElement\":[{\"@type\":\"ListItem\",\"position\":1,\"name\":\"Du\u0107an\",\"item\":\"https:\\\/\\\/medicinasinc.com\\\/hr\\\/ducan\\\/\"},{\"@type\":\"ListItem\",\"position\":2,\"name\":\"Kupite 2-MPPP online\"}]},{\"@type\":\"WebSite\",\"@id\":\"https:\\\/\\\/medicinasinc.com\\\/hr\\\/#website\",\"url\":\"https:\\\/\\\/medicinasinc.com\\\/hr\\\/\",\"name\":\"Medicinas Inc\",\"description\":\"Health Medical Clinic\",\"potentialAction\":[{\"@type\":\"SearchAction\",\"target\":{\"@type\":\"EntryPoint\",\"urlTemplate\":\"https:\\\/\\\/medicinasinc.com\\\/hr\\\/?s={search_term_string}\"},\"query-input\":{\"@type\":\"PropertyValueSpecification\",\"valueRequired\":true,\"valueName\":\"search_term_string\"}}],\"inLanguage\":\"hr\"}]}<\/script>\n<!-- \/ Yoast SEO plugin. -->","yoast_head_json":{"title":"Kupite 2-MPPP online - Najbolji najbolji globalni lijekovi","description":"Kupite 2-MPPP online. Kupite 2-MPPP online na medicinasinc.com \u2013 2-metil-1-fenil-3-(piperidin-1-il)propan-1-on, 2mpp bijeli kristalni prah za prodaju. imamo najbolju kvalitetu i najbolje cijene","robots":{"index":"index","follow":"follow","max-snippet":"max-snippet:-1","max-image-preview":"max-image-preview:large","max-video-preview":"max-video-preview:-1"},"canonical":"https:\/\/medicinasinc.com\/hr\/product\/kupiti-2-mppp-online\/","og_locale":"hr_HR","og_type":"article","og_title":"Kupite 2-MPPP online - Najbolji najbolji globalni lijekovi","og_description":"Kupite 2-MPPP online. Kupite 2-MPPP online na medicinasinc.com \u2013 2-metil-1-fenil-3-(piperidin-1-il)propan-1-on, 2mpp bijeli kristalni prah za prodaju. imamo najbolju kvalitetu i najbolje cijene","og_url":"https:\/\/medicinasinc.com\/hr\/product\/kupiti-2-mppp-online\/","og_site_name":"Medicinas Inc","article_modified_time":"2022-08-04T05:46:05+00:00","og_image":[{"width":600,"height":600,"url":"https:\/\/medicinasinc.com\/hr\/wp-content\/uploads\/sites\/3\/2022\/02\/2mppp.jpg","type":"image\/jpeg"}],"twitter_card":"summary_large_image","twitter_misc":{"Procijenjeno vrijeme \u010ditanja":"2 minute"},"schema":{"@context":"https:\/\/schema.org","@graph":[{"@type":"WebPage","@id":"https:\/\/medicinasinc.com\/hr\/product\/kupiti-2-mppp-online\/","url":"https:\/\/medicinasinc.com\/hr\/product\/kupiti-2-mppp-online\/","name":"Kupite 2-MPPP online - Najbolji najbolji globalni lijekovi","isPartOf":{"@id":"https:\/\/medicinasinc.com\/hr\/#website"},"primaryImageOfPage":{"@id":"https:\/\/medicinasinc.com\/hr\/product\/kupiti-2-mppp-online\/#primaryimage"},"image":{"@id":"https:\/\/medicinasinc.com\/hr\/product\/kupiti-2-mppp-online\/#primaryimage"},"thumbnailUrl":"https:\/\/medicinasinc.com\/hr\/wp-content\/uploads\/sites\/3\/2022\/02\/2mppp.jpg","datePublished":"2022-02-21T21:15:28+00:00","dateModified":"2022-08-04T05:46:05+00:00","description":"Kupite 2-MPPP online. Kupite 2-MPPP online na medicinasinc.com \u2013 2-metil-1-fenil-3-(piperidin-1-il)propan-1-on, 2mpp bijeli kristalni prah za prodaju. imamo najbolju kvalitetu i najbolje cijene","breadcrumb":{"@id":"https:\/\/medicinasinc.com\/hr\/product\/kupiti-2-mppp-online\/#breadcrumb"},"inLanguage":"hr","potentialAction":[{"@type":"ReadAction","target":["https:\/\/medicinasinc.com\/hr\/product\/kupiti-2-mppp-online\/"]}]},{"@type":"ImageObject","inLanguage":"hr","@id":"https:\/\/medicinasinc.com\/hr\/product\/kupiti-2-mppp-online\/#primaryimage","url":"https:\/\/medicinasinc.com\/hr\/wp-content\/uploads\/sites\/3\/2022\/02\/2mppp.jpg","contentUrl":"https:\/\/medicinasinc.com\/hr\/wp-content\/uploads\/sites\/3\/2022\/02\/2mppp.jpg","width":600,"height":600},{"@type":"BreadcrumbList","@id":"https:\/\/medicinasinc.com\/hr\/product\/kupiti-2-mppp-online\/#breadcrumb","itemListElement":[{"@type":"ListItem","position":1,"name":"Du\u0107an","item":"https:\/\/medicinasinc.com\/hr\/ducan\/"},{"@type":"ListItem","position":2,"name":"Kupite 2-MPPP online"}]},{"@type":"WebSite","@id":"https:\/\/medicinasinc.com\/hr\/#website","url":"https:\/\/medicinasinc.com\/hr\/","name":"Medicinas Inc","description":"Health Medical Clinic","potentialAction":[{"@type":"SearchAction","target":{"@type":"EntryPoint","urlTemplate":"https:\/\/medicinasinc.com\/hr\/?s={search_term_string}"},"query-input":{"@type":"PropertyValueSpecification","valueRequired":true,"valueName":"search_term_string"}}],"inLanguage":"hr"}]}},"_links":{"self":[{"href":"https:\/\/medicinasinc.com\/hr\/wp-json\/wp\/v2\/product\/5340","targetHints":{"allow":["GET"]}}],"collection":[{"href":"https:\/\/medicinasinc.com\/hr\/wp-json\/wp\/v2\/product"}],"about":[{"href":"https:\/\/medicinasinc.com\/hr\/wp-json\/wp\/v2\/types\/product"}],"replies":[{"embeddable":true,"href":"https:\/\/medicinasinc.com\/hr\/wp-json\/wp\/v2\/comments?post=5340"}],"wp:featuredmedia":[{"embeddable":true,"href":"https:\/\/medicinasinc.com\/hr\/wp-json\/wp\/v2\/media\/5350"}],"wp:attachment":[{"href":"https:\/\/medicinasinc.com\/hr\/wp-json\/wp\/v2\/media?parent=5340"}],"wp:term":[{"taxonomy":"product_brand","embeddable":true,"href":"https:\/\/medicinasinc.com\/hr\/wp-json\/wp\/v2\/product_brand?post=5340"},{"taxonomy":"product_cat","embeddable":true,"href":"https:\/\/medicinasinc.com\/hr\/wp-json\/wp\/v2\/product_cat?post=5340"},{"taxonomy":"product_tag","embeddable":true,"href":"https:\/\/medicinasinc.com\/hr\/wp-json\/wp\/v2\/product_tag?post=5340"}],"curies":[{"name":"wp","href":"https:\/\/api.w.org\/{rel}","templated":true}]}}