{"id":5324,"date":"2022-02-21T20:59:08","date_gmt":"2022-02-21T20:59:08","guid":{"rendered":"https:\/\/medicinasinc.com\/hr\/?post_type=product&#038;p=5324"},"modified":"2022-03-15T05:43:16","modified_gmt":"2022-03-15T05:43:16","slug":"kupi-vikodin","status":"publish","type":"product","link":"https:\/\/medicinasinc.com\/hr\/product\/kupi-vikodin\/","title":{"rendered":"Kupite Vicodin"},"content":{"rendered":"<p>Online kupnja Vicodin hidrokodon pilula<\/p>\n<p>VICODIN\u00ae (Tablete hidrokodon bitartrat i acetaminofen, USP 5 mg\/300 mg): jedna ili dvije tablete svakih \u010detiri do \u0161est sati prema potrebi za bol kod odraslih. Dnevna maksimalna doza ne smije prelaziti osam pilula.<\/p>\n<p>Online kupnja Vicodin hidrokodon pilula<br \/> Kupite Vicodin online<\/p>\n<p>Vicodin sadr\u017ei kombinaciju hidrokodona i acetaminofena. Hidrokodon je opioidni lijek protiv bolova. Opioidi se \u010desto nazivaju narkoticima. Acetaminophen je manje sna\u017ean analgetik koji poja\u010dava u\u010dinke hidrokodona. Vicodin se mo\u017ee kupiti online, a vicodin je tako\u0111er dostupan za online prodaju. Vicodin pilule se koriste za lije\u010denje blage do umjereno jake boli. Vicodin tako\u0111er mo\u017ee biti uklju\u010den za uporabu koja nije navedena u ovom vodi\u010du za lijekove.<\/p>\n<p>Upotreba<\/p>\n<p>Kombinirani lijek namijenjen je lije\u010denju blage do umjereno jake boli. To daje ubla\u017eavanje boli putem morfija (hidrokodon) i neopijata (acetaminofen). Hidrokodon mijenja percepciju va\u0161eg tijela i odgovor na bol u mozgu. Acetaminophen tako\u0111er mo\u017ee pomo\u0107i u smanjenju te\u017eine groznice. Lijek nije dopu\u0161ten za djecu mla\u0111u od \u0161est godina zbog pove\u0107anog rizika od nuspojava (kao \u0161to je sporo i plitko disanje).<\/p>\n<p>Koja je svrha ovog lijeka?<\/p>\n<p> &lt; Hidrokodon se kombinira s drugim kemikalijama, a za razli\u010dite indikacije daju se brojni kombinirani lijekovi. Odre\u0111eni kombinirani lijekovi hidrokodona koriste se za lije\u010denje blage do jake boli. Drugi lijekovi koji sadr\u017ee kombinaciju hidrokodona koriste se za smanjenje ka\u0161lja. Hidrokodon je opioidni (narkoti\u010dki) lijek protiv bolova i skupina lijekova poznatih kao antitusici. Hidrokodon ubla\u017eava bol modificiraju\u0107i odgovor mozga i \u017eiv\u010danog sustava na bol. Hidrokodon ubla\u017eava ka\u0161alj inhibiraju\u0107i mo\u017edanu aktivnost povezanu s ka\u0161ljem. Uzimate hidrokodon zajedno s barem jednim drugim lijekom, no monografija nudi samo informacije o hidrokodonu. Pro\u010ditajte o dodatnim tvarima u lijeku hidrokodona koje uzimate.<\/p>\n<p>Kako koristiti?<\/p>\n<p>Kombinirani proizvodi hidrokodona dostupni su u sljede\u0107im oblicima: pilula, gel, pasta, otopina ( bistrenje teku\u0107ine), gel s produljenim osloba\u0111anjem (dugodjeluju\u0107i) i suspenzija dugog djelovanja (teku\u0107ina) za oralnu primjenu. Tableta, kapsula, sirup ili otopina mogu se uzimati svakih 4 do 6 sati prema potrebi. Obi\u010dno se svakih 12 sati uzimaju kapsule s produljenim osloba\u0111anjem i suspenzije s produljenim osloba\u0111anjem prema potrebi. Ako redovito uzimate hidrokodon, treba ga uzimati svaki dan u isto vrijeme. Pa\u017eljivo slijedite upute na naljepnici s receptom i po potrebi zatra\u017eite poja\u0161njenje od svog ljekarnika ili lije\u010dnika. Prije upotrebe dobro protresite suspenziju za dugotrajno pra\u017enjenje kako biste osigurali da je tvar ravnomjerno raspore\u0111ena. Ne preporu\u010da se kombiniranje suspenzije s produljenim otpu\u0161tanjem s drugim tvarima ili teku\u0107inama, kao \u0161to je voda.<\/p>\n<p>Ako koristite kombinaciju hidrokodona, sirup ili suspenziju s produljenim osloba\u0111anjem, nemojte koristiti doma\u0107u \u0161alicu za \u010daj za pripremu \u010daja. izmjerite svoju dozu. Ku\u0107ne \u017eli\u010dice nisu to\u010dni mjerni instrumenti, a ako svoje doze testirate ku\u0107nom \u017eli\u010dicom, riskirate uzimanje previ\u0161e ili premalo tableta. Umjesto toga, koristite dobro definirani mjerni ure\u0111aj, kao \u0161to je kapaljka, lijek za \u017elicu ili oralna \u0161trcaljka.<\/p>\n<p>Ovaj kombinirani lijek koristi se za lije\u010denje boli u rasponu od blage do te\u0161ke. Sadr\u017ei opioidni analgetik (hidrokodon) kao i neopioidni analgetik (acetaminofen). Hidrokodon mijenja na\u010din na koji va\u0161e tijelo percipira bol i reagira na bol djeluju\u0107i na mozak. Acetaminophen tako\u0111er mo\u017ee pomo\u0107i u smanjenju temperature.<\/p>\n<p>Ovaj se proizvod ne preporu\u010duje za djecu mla\u0111u od \u0161est godina zbog pove\u0107anog rizika od ozbiljnih nuspojava (kao \u0161to je plitko\/sporo disanje).<\/p>\n<p>Je li hidrokodon vicodin?, Je li hidrokodon vicodin?, Je li hidrokodon vicodin?, Je li hidrokodon vicodin?, Je li hidrokodon vicodin?, Je li hidrokodon vicodin?, Je li hidrokodon vicodin?, Je li hidrokodon vicodin?, Je li hidrokodon vicodin? je vicodin hidrokodon, je vicodin hidrokodon, je vicodin hidrokodon, je vicodin hidrokodon, je vicodin hidrokodon, je vicodin hidrokodon, je hidrokodon isto \u0161to i vicodin, koja je razlika izme\u0111u vicodina i hidrokodona, koja je razlika izme\u0111u vicodina i hidrokodona, vicodin vs hidrokodon Jesu li vicodin i hidrokodon zamjenjivi? je li hidrokodon ekvivalent vicodinu ili percocetu? Je li vicodin ja\u010di od hidrokodona? Jesu li hidrokodon i vicodin ista stvar? Koja je razlika izme\u0111u vicodina i hidrokodona, hidrokodona i vicodina, vicodin hidrokodon, je li hidrokodon isto \u0161to i vicodin, je li vicodin isto \u0161to i hidrokodon, hidrokodon ili vicodin, vicodin naspram hidrokodona, je li hidrokodon vicodin?<\/p>\n","protected":false},"excerpt":{"rendered":"<div class=\"woocommerce-product-details__short-description\">\n<p>Svaka Vicodin tableta sadr\u017ei 300 mg acetaminofena i tri razli\u010dite razine doze hidrokodona: 5 mg, 7,5 mg i 10 mg.<\/p>\n<p>Online. ljekarna u kojoj mo\u017eete kupiti Vicodin hidrokodon tablete.<\/p>\n<p>Obavijestite svog lije\u010dnika ili ljekarnika prije uzimanja ovog lijeka ako ste alergi\u010dni na njega; ili na bilo koji drugi narkotik (kao \u0161to je morfij, kodein); ili na bilo koje druge lijekove.<\/p>\n<\/p><\/div>\n","protected":false},"featured_media":5335,"comment_status":"open","ping_status":"closed","template":"","meta":[],"product_brand":[],"product_cat":[1117],"product_tag":[1916,1917,1918,1919,1920,1926,1927,1928,1977,1975,1976,1978,1981,1931,1932,1933,1985,1934,1940,1936,1937,1938,1939,1941,1943,1944,1999,1942,2008,2010,1935,2013,1921,1924,1922,1923,1979,1925,1946,1947,1948,1952,1998,1949,1968,1950,1778,2006,1992,1945,1929,1997,1954,1951,1953,2011,2012,2009,1955,1956,1930,1957,1958,1960,1959,1961,1962,1963,1964,1965,1966,1967,1969,1970,1973,1974,1983,1984,1988,1971,1972,1982,2000,1987,1980,1989,1990,1991,1994,1995,2002,2004,1996,1993,1986,2001,1787,2003,2005,2007],"class_list":{"0":"post-5324","1":"product","2":"type-product","3":"status-publish","4":"has-post-thumbnail","6":"product_cat-kupite-tablete-za-bol-spavanje-seks","7":"product_tag-1p466-vikodin","8":"product_tag-20-mg-vikodin","9":"product_tag-2172-pilula-vikodin","10":"product_tag-5-325-vikodin","11":"product_tag-5mg-vikodin","12":"product_tag-can-you-take-vicodin-and-ibuprofen-together","13":"product_tag-cwe-vicodin","14":"product_tag-darvocet-versus-vicodin","15":"product_tag-vicodin-doza","16":"product_tag-vicodin-doziranje","17":"product_tag-vicodin-doza-5-325","18":"product_tag-vicodin-doze","19":"product_tag-vicodin-efekti","20":"product_tag-erowid-vicodin","21":"product_tag-flekseril-i-vikodin","22":"product_tag-gabapentin-i-vikodin","23":"product_tag-vicodin-generiki-naziv","24":"product_tag-generiko-naziv-vikodin","25":"product_tag-hidrokodon-vikodin","26":"product_tag-how-long-does-vicodin-last","27":"product_tag-how-long-does-vicodin-stay-in-your-system","28":"product_tag-how-long-does-vicodin-stay-in-your-system-for-a-drug-test","29":"product_tag-how-long-does-vicodin-take-to-work","30":"product_tag-ip-109-pilula-vikodin","31":"product_tag-is-percocet-stronger-than-vicodin","32":"product_tag-is-vicodin-an-opioid","33":"product_tag-vicodin-snage","34":"product_tag-is-hidrokodon-vikodin","35":"product_tag-na-to-lii-vikodin-pilula","36":"product_tag-na-to-vikodin-izgleda","37":"product_tag-kako-spelovati-vicodin","38":"product_tag-koja-je-razlika-izmeu-vicodin-i-percocet","39":"product_tag-kupi-vikodin","40":"product_tag-kupi-vikodin-preko-noi-dostava","41":"product_tag-kupi-vikodin-iz-kanade","42":"product_tag-kupiti-vicodin-online","43":"product_tag-vicodin-lijek","44":"product_tag-moete-li-uzimati-advil-s-vikodin","45":"product_tag-norco-5-325-vs-vicodin","46":"product_tag-norco-vicodin","47":"product_tag-norco-vs-vicodin","48":"product_tag-nuspojave-vikodina","49":"product_tag-nuspojave-vicodina","50":"product_tag-oksikodon-vs-vikodin","51":"product_tag-vikodin-ovisnost","52":"product_tag-percocet-and-vicodin","53":"product_tag-percocet-vs-vicodin","54":"product_tag-vicodin-povlaenje","55":"product_tag-vicodin-predoziranje","56":"product_tag-prirodno-vikodin","57":"product_tag-razlika-izmeu-norko-i-vikodina","58":"product_tag-vicodin-rok-trajanja","59":"product_tag-simptomi-vikodin-ustezanja","60":"product_tag-slike-vikodina","61":"product_tag-mrkanje-vikodin","62":"product_tag-to-je-u-vikodin","63":"product_tag-to-je-vikodin","64":"product_tag-to-radi-vicodin-radi","65":"product_tag-tramadol-hcl-50mg-vs-vicodin","66":"product_tag-tramadol-vs-vicodin","67":"product_tag-uinci-vicodina","68":"product_tag-vicodin","69":"product_tag-vicodin-10","70":"product_tag-vicodin-10mg","71":"product_tag-vicodin-10-miligram","72":"product_tag-vicodin-30-mg","73":"product_tag-vicodin-5","74":"product_tag-vicodin-5-300","75":"product_tag-vicodin-5-300-mg","76":"product_tag-vicodin-5-325-mg","77":"product_tag-vicodin-7-5","78":"product_tag-vicodin-750","79":"product_tag-vicodin-alkohol","80":"product_tag-vicodin-alternative","81":"product_tag-vicodin-and-oxycontin-are-examples-of","82":"product_tag-vicodin-and-xanax","83":"product_tag-vicodin-for-migraines","84":"product_tag-vicodin-generic","85":"product_tag-vicodin-hp","86":"product_tag-vicodin-i-advil","87":"product_tag-vicodin-i-alkohol","88":"product_tag-vicodin-es","89":"product_tag-vicodin-koristi","90":"product_tag-vicodin-ku-c4-87a","91":"product_tag-vicodin-lijekovi","92":"product_tag-vicodin-meksiko","93":"product_tag-vicodin-online","94":"product_tag-vicodin-online-preko-noi","95":"product_tag-vicodin-pill","96":"product_tag-vicodin-pilule","97":"product_tag-vicodin-vs-oksikodon","98":"product_tag-vicodin-vs-tramadol","99":"product_tag-vicodin-raspored","100":"product_tag-vicodin-pilule-protiv-bolova","101":"product_tag-vicodin-visok","102":"product_tag-vicodin-vs-norco","103":"product_tag-vicodin-vs-percocet","104":"product_tag-vicodin-vs-codeine","105":"product_tag-vicodin-vs-tylenol-3","106":"product_tag-vicodin-xanax","108":"first","109":"instock","110":"shipping-taxable","111":"purchasable","112":"product-type-variable","113":"has-default-attributes"},"yoast_head":"<!-- This site is optimized with the Yoast SEO plugin v27.3 - https:\/\/yoast.com\/product\/yoast-seo-wordpress\/ -->\n<title>Kupite Vicodin hidrokodon pilule online - Best Global Meds<\/title>\n<meta name=\"description\" content=\"Kupite Vicodin hidrokodon pilule na mre\u017ei. Svaka tableta Vicodin sadr\u017ei 300 mg acetaminofena i dolazi u tri razli\u010dite razine doziranja hidrokodona: 5 mg, 7,5 mg i 10 mg.\" \/>\n<meta name=\"robots\" content=\"index, follow, max-snippet:-1, max-image-preview:large, max-video-preview:-1\" \/>\n<link rel=\"canonical\" href=\"https:\/\/medicinasinc.com\/hr\/product\/kupi-vikodin\/\" \/>\n<meta property=\"og:locale\" content=\"hr_HR\" \/>\n<meta property=\"og:type\" content=\"article\" \/>\n<meta property=\"og:title\" content=\"Kupite Vicodin hidrokodon pilule online - Best Global Meds\" \/>\n<meta property=\"og:description\" content=\"Kupite Vicodin hidrokodon pilule na mre\u017ei. Svaka tableta Vicodin sadr\u017ei 300 mg acetaminofena i dolazi u tri razli\u010dite razine doziranja hidrokodona: 5 mg, 7,5 mg i 10 mg.\" \/>\n<meta property=\"og:url\" content=\"https:\/\/medicinasinc.com\/hr\/product\/kupi-vikodin\/\" \/>\n<meta property=\"og:site_name\" content=\"Medicinas Inc\" \/>\n<meta property=\"article:modified_time\" content=\"2022-03-15T05:43:16+00:00\" \/>\n<meta property=\"og:image\" content=\"https:\/\/medicinasinc.com\/hr\/wp-content\/uploads\/sites\/3\/2022\/02\/Buy-Vicodin.jpg\" \/>\n\t<meta property=\"og:image:width\" content=\"428\" \/>\n\t<meta property=\"og:image:height\" content=\"293\" \/>\n\t<meta property=\"og:image:type\" content=\"image\/jpeg\" \/>\n<meta name=\"twitter:card\" content=\"summary_large_image\" \/>\n<meta name=\"twitter:label1\" content=\"Procijenjeno vrijeme \u010ditanja\" \/>\n\t<meta name=\"twitter:data1\" content=\"4 minute\" \/>\n<script type=\"application\/ld+json\" class=\"yoast-schema-graph\">{\"@context\":\"https:\\\/\\\/schema.org\",\"@graph\":[{\"@type\":\"WebPage\",\"@id\":\"https:\\\/\\\/medicinasinc.com\\\/hr\\\/product\\\/kupi-vikodin\\\/\",\"url\":\"https:\\\/\\\/medicinasinc.com\\\/hr\\\/product\\\/kupi-vikodin\\\/\",\"name\":\"Kupite Vicodin hidrokodon pilule online - Best Global Meds\",\"isPartOf\":{\"@id\":\"https:\\\/\\\/medicinasinc.com\\\/hr\\\/#website\"},\"primaryImageOfPage\":{\"@id\":\"https:\\\/\\\/medicinasinc.com\\\/hr\\\/product\\\/kupi-vikodin\\\/#primaryimage\"},\"image\":{\"@id\":\"https:\\\/\\\/medicinasinc.com\\\/hr\\\/product\\\/kupi-vikodin\\\/#primaryimage\"},\"thumbnailUrl\":\"https:\\\/\\\/medicinasinc.com\\\/hr\\\/wp-content\\\/uploads\\\/sites\\\/3\\\/2022\\\/02\\\/Buy-Vicodin.jpg\",\"datePublished\":\"2022-02-21T20:59:08+00:00\",\"dateModified\":\"2022-03-15T05:43:16+00:00\",\"description\":\"Kupite Vicodin hidrokodon pilule na mre\u017ei. Svaka tableta Vicodin sadr\u017ei 300 mg acetaminofena i dolazi u tri razli\u010dite razine doziranja hidrokodona: 5 mg, 7,5 mg i 10 mg.\",\"breadcrumb\":{\"@id\":\"https:\\\/\\\/medicinasinc.com\\\/hr\\\/product\\\/kupi-vikodin\\\/#breadcrumb\"},\"inLanguage\":\"hr\",\"potentialAction\":[{\"@type\":\"ReadAction\",\"target\":[\"https:\\\/\\\/medicinasinc.com\\\/hr\\\/product\\\/kupi-vikodin\\\/\"]}]},{\"@type\":\"ImageObject\",\"inLanguage\":\"hr\",\"@id\":\"https:\\\/\\\/medicinasinc.com\\\/hr\\\/product\\\/kupi-vikodin\\\/#primaryimage\",\"url\":\"https:\\\/\\\/medicinasinc.com\\\/hr\\\/wp-content\\\/uploads\\\/sites\\\/3\\\/2022\\\/02\\\/Buy-Vicodin.jpg\",\"contentUrl\":\"https:\\\/\\\/medicinasinc.com\\\/hr\\\/wp-content\\\/uploads\\\/sites\\\/3\\\/2022\\\/02\\\/Buy-Vicodin.jpg\",\"width\":428,\"height\":293},{\"@type\":\"BreadcrumbList\",\"@id\":\"https:\\\/\\\/medicinasinc.com\\\/hr\\\/product\\\/kupi-vikodin\\\/#breadcrumb\",\"itemListElement\":[{\"@type\":\"ListItem\",\"position\":1,\"name\":\"Du\u0107an\",\"item\":\"https:\\\/\\\/medicinasinc.com\\\/hr\\\/ducan\\\/\"},{\"@type\":\"ListItem\",\"position\":2,\"name\":\"Kupite Vicodin\"}]},{\"@type\":\"WebSite\",\"@id\":\"https:\\\/\\\/medicinasinc.com\\\/hr\\\/#website\",\"url\":\"https:\\\/\\\/medicinasinc.com\\\/hr\\\/\",\"name\":\"Medicinas Inc\",\"description\":\"Health Medical Clinic\",\"potentialAction\":[{\"@type\":\"SearchAction\",\"target\":{\"@type\":\"EntryPoint\",\"urlTemplate\":\"https:\\\/\\\/medicinasinc.com\\\/hr\\\/?s={search_term_string}\"},\"query-input\":{\"@type\":\"PropertyValueSpecification\",\"valueRequired\":true,\"valueName\":\"search_term_string\"}}],\"inLanguage\":\"hr\"}]}<\/script>\n<!-- \/ Yoast SEO plugin. -->","yoast_head_json":{"title":"Kupite Vicodin hidrokodon pilule online - Best Global Meds","description":"Kupite Vicodin hidrokodon pilule na mre\u017ei. Svaka tableta Vicodin sadr\u017ei 300 mg acetaminofena i dolazi u tri razli\u010dite razine doziranja hidrokodona: 5 mg, 7,5 mg i 10 mg.","robots":{"index":"index","follow":"follow","max-snippet":"max-snippet:-1","max-image-preview":"max-image-preview:large","max-video-preview":"max-video-preview:-1"},"canonical":"https:\/\/medicinasinc.com\/hr\/product\/kupi-vikodin\/","og_locale":"hr_HR","og_type":"article","og_title":"Kupite Vicodin hidrokodon pilule online - Best Global Meds","og_description":"Kupite Vicodin hidrokodon pilule na mre\u017ei. Svaka tableta Vicodin sadr\u017ei 300 mg acetaminofena i dolazi u tri razli\u010dite razine doziranja hidrokodona: 5 mg, 7,5 mg i 10 mg.","og_url":"https:\/\/medicinasinc.com\/hr\/product\/kupi-vikodin\/","og_site_name":"Medicinas Inc","article_modified_time":"2022-03-15T05:43:16+00:00","og_image":[{"width":428,"height":293,"url":"https:\/\/medicinasinc.com\/hr\/wp-content\/uploads\/sites\/3\/2022\/02\/Buy-Vicodin.jpg","type":"image\/jpeg"}],"twitter_card":"summary_large_image","twitter_misc":{"Procijenjeno vrijeme \u010ditanja":"4 minute"},"schema":{"@context":"https:\/\/schema.org","@graph":[{"@type":"WebPage","@id":"https:\/\/medicinasinc.com\/hr\/product\/kupi-vikodin\/","url":"https:\/\/medicinasinc.com\/hr\/product\/kupi-vikodin\/","name":"Kupite Vicodin hidrokodon pilule online - Best Global Meds","isPartOf":{"@id":"https:\/\/medicinasinc.com\/hr\/#website"},"primaryImageOfPage":{"@id":"https:\/\/medicinasinc.com\/hr\/product\/kupi-vikodin\/#primaryimage"},"image":{"@id":"https:\/\/medicinasinc.com\/hr\/product\/kupi-vikodin\/#primaryimage"},"thumbnailUrl":"https:\/\/medicinasinc.com\/hr\/wp-content\/uploads\/sites\/3\/2022\/02\/Buy-Vicodin.jpg","datePublished":"2022-02-21T20:59:08+00:00","dateModified":"2022-03-15T05:43:16+00:00","description":"Kupite Vicodin hidrokodon pilule na mre\u017ei. Svaka tableta Vicodin sadr\u017ei 300 mg acetaminofena i dolazi u tri razli\u010dite razine doziranja hidrokodona: 5 mg, 7,5 mg i 10 mg.","breadcrumb":{"@id":"https:\/\/medicinasinc.com\/hr\/product\/kupi-vikodin\/#breadcrumb"},"inLanguage":"hr","potentialAction":[{"@type":"ReadAction","target":["https:\/\/medicinasinc.com\/hr\/product\/kupi-vikodin\/"]}]},{"@type":"ImageObject","inLanguage":"hr","@id":"https:\/\/medicinasinc.com\/hr\/product\/kupi-vikodin\/#primaryimage","url":"https:\/\/medicinasinc.com\/hr\/wp-content\/uploads\/sites\/3\/2022\/02\/Buy-Vicodin.jpg","contentUrl":"https:\/\/medicinasinc.com\/hr\/wp-content\/uploads\/sites\/3\/2022\/02\/Buy-Vicodin.jpg","width":428,"height":293},{"@type":"BreadcrumbList","@id":"https:\/\/medicinasinc.com\/hr\/product\/kupi-vikodin\/#breadcrumb","itemListElement":[{"@type":"ListItem","position":1,"name":"Du\u0107an","item":"https:\/\/medicinasinc.com\/hr\/ducan\/"},{"@type":"ListItem","position":2,"name":"Kupite Vicodin"}]},{"@type":"WebSite","@id":"https:\/\/medicinasinc.com\/hr\/#website","url":"https:\/\/medicinasinc.com\/hr\/","name":"Medicinas Inc","description":"Health Medical Clinic","potentialAction":[{"@type":"SearchAction","target":{"@type":"EntryPoint","urlTemplate":"https:\/\/medicinasinc.com\/hr\/?s={search_term_string}"},"query-input":{"@type":"PropertyValueSpecification","valueRequired":true,"valueName":"search_term_string"}}],"inLanguage":"hr"}]}},"_links":{"self":[{"href":"https:\/\/medicinasinc.com\/hr\/wp-json\/wp\/v2\/product\/5324","targetHints":{"allow":["GET"]}}],"collection":[{"href":"https:\/\/medicinasinc.com\/hr\/wp-json\/wp\/v2\/product"}],"about":[{"href":"https:\/\/medicinasinc.com\/hr\/wp-json\/wp\/v2\/types\/product"}],"replies":[{"embeddable":true,"href":"https:\/\/medicinasinc.com\/hr\/wp-json\/wp\/v2\/comments?post=5324"}],"wp:featuredmedia":[{"embeddable":true,"href":"https:\/\/medicinasinc.com\/hr\/wp-json\/wp\/v2\/media\/5335"}],"wp:attachment":[{"href":"https:\/\/medicinasinc.com\/hr\/wp-json\/wp\/v2\/media?parent=5324"}],"wp:term":[{"taxonomy":"product_brand","embeddable":true,"href":"https:\/\/medicinasinc.com\/hr\/wp-json\/wp\/v2\/product_brand?post=5324"},{"taxonomy":"product_cat","embeddable":true,"href":"https:\/\/medicinasinc.com\/hr\/wp-json\/wp\/v2\/product_cat?post=5324"},{"taxonomy":"product_tag","embeddable":true,"href":"https:\/\/medicinasinc.com\/hr\/wp-json\/wp\/v2\/product_tag?post=5324"}],"curies":[{"name":"wp","href":"https:\/\/api.w.org\/{rel}","templated":true}]}}