{"id":5323,"date":"2022-02-21T20:57:56","date_gmt":"2022-02-21T20:57:56","guid":{"rendered":"https:\/\/medicinasinc.com\/hr\/?post_type=product&#038;p=5323"},"modified":"2022-03-15T05:43:24","modified_gmt":"2022-03-15T05:43:24","slug":"kupiti-ultram-tramadol-200-mg","status":"publish","type":"product","link":"https:\/\/medicinasinc.com\/hr\/product\/kupiti-ultram-tramadol-200-mg\/","title":{"rendered":"Kupite Ultram Tramadol 200 mg"},"content":{"rendered":"<p>200mg tramadola<\/p>\n<p>Tramadol je uistinu jedinstven miorelaksant s blagim mu-opioidnim u\u010dinkom (u usporedbi s drugim opioidima) i blagim monoaminergi\u010dkim u\u010dinkom (u usporedbi s tricikli\u010dkim antidepresivima). Tramadol ima podno\u0161ljiv profil nuspojava u usporedbi s tricikli\u010dkim antidepresivima i antiepilepti\u010dkim lijekovima.<\/p>\n<p>Tolerancija i oslanjanje su neuobi\u010dajene medicinske posljedice, iako postoje. Djelovanje tramadola nije ograni\u010deno na neuropatiju; tako\u0111er umanjuje neugodne (nociceptivne) osjete, \u0161to ga \u010dini jednom od \u010detiri vrste boli.<\/p>\n<p>Opis:<\/p>\n<p>Tramadol nije za osobe slabog srca, jer je sna\u017ean psihoaktivan tvar. Za analgetski u\u010dinak potrebno je 15-30 minuta i traje 6 sati. Mo\u017ee se koristiti i s paracetamolom. Tramadol je sedativ.<\/p>\n<p>Tramadol, kao izuzetno sna\u017ean lijek, mora se uzimati to\u010dno onako kako je propisano. Lije\u010dnik je u kona\u010dnici odgovoran za odre\u0111ivanje trajanja lije\u010denja. Ilegalna uporaba droga mo\u017ee imati ozbiljne, \u010dak i smrtonosne posljedice. Dok ste na terapiji tramadolom, trebali biste izbjegavati vo\u017enju automobila ili druge poslove koji zahtijevaju visoku razinu koncentracije.<\/p>\n<p>Zbog \u010dinjenice da je tramadol opioidni agonist, ima potencijal stvarati i mentalno i fizi\u010dko stanje. ovisnost. Me\u0111unarodna konvencija ovu kemikaliju klasificira kao narkotik. Kao rezultat toga, dostupan je samo na recept od lije\u010dnika. Neopioidni lijekovi protiv bolova propisuju se samo kada su neopioidni lijekovi neu\u010dinkoviti.<\/p>\n<p>Lijekovi:<\/p>\n<p>Uzmite tramadol na usta kako vam je lije\u010dnik propisao, \u010desto svakih 4 do 6 sati prema potrebi. Tramadol je siguran za uzimanje sa ili bez hrane. Ako osjetite mu\u010dninu, mo\u017ee pomo\u0107i tramadol uzet s hranom. Dodatne mjere za ubla\u017eavanje mu\u010dnine mogu se rije\u0161iti sa svojim lije\u010dnikom ili ljekarnikom (kao \u0161to je le\u017eanje 1 do 2 sata sa \u0161to manje pokreta glave). Na\u0161a web stranica omogu\u0107uje vam online kupnju tramadola 200mg.<\/p>\n<p>Doza se temelji na va\u0161em zdravstvenom stanju i reakciji na lije\u010denje. Kako biste smanjili rizik od ne\u017eeljenih u\u010dinaka, lije\u010dnik vam mo\u017ee predlo\u017eiti da po\u010dnete s niskom dozom tramadola i postupno je pove\u0107avate. Pridr\u017eavajte se prema savjetu lije\u010dnika. Najvi\u0161a preporu\u010dena dnevna doza je 400 mg. Preporu\u010dena maksimalna doza za osobe starije od 75 godina je 300 mg dnevno. Nemojte pove\u0107avati dozu tramadola, koristiti ga \u010de\u0161\u0107e ili dulje vrijeme nego \u0161to je propisano. Kada se tramadol propisuje, treba ga odmah prekinuti.<\/p>\n<p>Preporu\u010da se da se jeftin tramadol online upotrebljava iznimno oprezno u<\/p>\n<p>Pojedinci koji su ovisni o opioidima; oni koji su zadobili ozljedu mozga, \u0161ok ili smanjenu razinu svijesti iz nepoznatog razloga; i<\/p>\n<p>Pored poreme\u0107aja respiratornog centra ili respiratorne funkcije,<\/p>\n<p>odgovaraju\u0107e pove\u0107anje intrakranijalnog tlaka (ICP).<br \/> kvar bubre\u017enog i jetrenog sustava<\/p>\n<p>Tramadol hidroklorid treba oprezno uzimati u osoba koje su osjetljive na opijate.<\/p>\n","protected":false},"excerpt":{"rendered":"<p>Online ljekarna za kupnju Ultram Tramadol 200mg tableta<\/p>\n<p>Tramadol Ultram Kupnja online.<\/p>\n<p>Naru\u010dite Tramadol Cod preko no\u0107i. Jeftina dostava Tramadola preko no\u0107i<\/p>\n<p>Saznajte gdje\u00a0naru\u010diti Tramadol\u00a0online bez recepta po najjeftinijoj cijeni. &#8230; Tablete dostupne u sljede\u0107im ja\u010dinama: 50 mg, 100 mg, 150 mg i 200 mg.<\/p>\n<div class=\"product-next-previous\">\n<div class=\"product-prev\"><\/div>\n<\/p><\/div>\n","protected":false},"featured_media":5333,"comment_status":"open","ping_status":"closed","template":"","meta":[],"product_brand":[],"product_cat":[1117],"product_tag":[1904,1905,1907,1908,1909,1911,1906,1913,1912,1910,1914,1915],"class_list":{"0":"post-5323","1":"product","2":"type-product","3":"status-publish","4":"has-post-thumbnail","6":"product_cat-kupite-tablete-za-bol-spavanje-seks","7":"product_tag-buy-tramadol-in-florida","8":"product_tag-buy-tramadol-online-cheap","9":"product_tag-cheap-tramadol-without-a-prescription","10":"product_tag-cheap-ultram-no-prescription","11":"product_tag-generi-c4-8dki-ultram-er","12":"product_tag-tramadol-hcl-50mg-koristi-se","13":"product_tag-kupiti-tramadol-online-preko-noi","14":"product_tag-tramadol-nuspojave-psi","15":"product_tag-tramadol-hidroklorid-paracetamol","16":"product_tag-preko-noi-tramadol","17":"product_tag-ultram-lijekovi-interakcije","18":"product_tag-ultram-er-200","20":"first","21":"instock","22":"shipping-taxable","23":"purchasable","24":"product-type-variable","25":"has-default-attributes"},"yoast_head":"<!-- This site is optimized with the Yoast SEO plugin v27.3 - https:\/\/yoast.com\/product\/yoast-seo-wordpress\/ -->\n<title>Kupite Ultram Tramadol 200 mg tablete online - Best Global Meds<\/title>\n<meta name=\"description\" content=\"Kupite Tramadol Ultram 200 mg\u00a0online. Naru\u010dite tramadol\u00a0preko no\u0107i bakalar. Pojedinosti:\u00a0jeftina tramadol\u00a0online dostava preko no\u0107i\" \/>\n<meta name=\"robots\" content=\"index, follow, max-snippet:-1, max-image-preview:large, max-video-preview:-1\" \/>\n<link rel=\"canonical\" href=\"https:\/\/medicinasinc.com\/hr\/product\/kupiti-ultram-tramadol-200-mg\/\" \/>\n<meta property=\"og:locale\" content=\"hr_HR\" \/>\n<meta property=\"og:type\" content=\"article\" \/>\n<meta property=\"og:title\" content=\"Kupite Ultram Tramadol 200 mg tablete online - Best Global Meds\" \/>\n<meta property=\"og:description\" content=\"Kupite Tramadol Ultram 200 mg\u00a0online. Naru\u010dite tramadol\u00a0preko no\u0107i bakalar. Pojedinosti:\u00a0jeftina tramadol\u00a0online dostava preko no\u0107i\" \/>\n<meta property=\"og:url\" content=\"https:\/\/medicinasinc.com\/hr\/product\/kupiti-ultram-tramadol-200-mg\/\" \/>\n<meta property=\"og:site_name\" content=\"Medicinas Inc\" \/>\n<meta property=\"article:modified_time\" content=\"2022-03-15T05:43:24+00:00\" \/>\n<meta property=\"og:image\" content=\"https:\/\/medicinasinc.com\/hr\/wp-content\/uploads\/sites\/3\/2022\/02\/Buy-Ultram-Tramadol-200mg.jpg\" \/>\n\t<meta property=\"og:image:width\" content=\"300\" \/>\n\t<meta property=\"og:image:height\" content=\"225\" \/>\n\t<meta property=\"og:image:type\" content=\"image\/jpeg\" \/>\n<meta name=\"twitter:card\" content=\"summary_large_image\" \/>\n<meta name=\"twitter:label1\" content=\"Procijenjeno vrijeme \u010ditanja\" \/>\n\t<meta name=\"twitter:data1\" content=\"2 minute\" \/>\n<script type=\"application\/ld+json\" class=\"yoast-schema-graph\">{\"@context\":\"https:\\\/\\\/schema.org\",\"@graph\":[{\"@type\":\"WebPage\",\"@id\":\"https:\\\/\\\/medicinasinc.com\\\/hr\\\/product\\\/kupiti-ultram-tramadol-200-mg\\\/\",\"url\":\"https:\\\/\\\/medicinasinc.com\\\/hr\\\/product\\\/kupiti-ultram-tramadol-200-mg\\\/\",\"name\":\"Kupite Ultram Tramadol 200 mg tablete online - Best Global Meds\",\"isPartOf\":{\"@id\":\"https:\\\/\\\/medicinasinc.com\\\/hr\\\/#website\"},\"primaryImageOfPage\":{\"@id\":\"https:\\\/\\\/medicinasinc.com\\\/hr\\\/product\\\/kupiti-ultram-tramadol-200-mg\\\/#primaryimage\"},\"image\":{\"@id\":\"https:\\\/\\\/medicinasinc.com\\\/hr\\\/product\\\/kupiti-ultram-tramadol-200-mg\\\/#primaryimage\"},\"thumbnailUrl\":\"https:\\\/\\\/medicinasinc.com\\\/hr\\\/wp-content\\\/uploads\\\/sites\\\/3\\\/2022\\\/02\\\/Buy-Ultram-Tramadol-200mg.jpg\",\"datePublished\":\"2022-02-21T20:57:56+00:00\",\"dateModified\":\"2022-03-15T05:43:24+00:00\",\"description\":\"Kupite Tramadol Ultram 200 mg\u00a0online. Naru\u010dite tramadol\u00a0preko no\u0107i bakalar. Pojedinosti:\u00a0jeftina tramadol\u00a0online dostava preko no\u0107i\",\"breadcrumb\":{\"@id\":\"https:\\\/\\\/medicinasinc.com\\\/hr\\\/product\\\/kupiti-ultram-tramadol-200-mg\\\/#breadcrumb\"},\"inLanguage\":\"hr\",\"potentialAction\":[{\"@type\":\"ReadAction\",\"target\":[\"https:\\\/\\\/medicinasinc.com\\\/hr\\\/product\\\/kupiti-ultram-tramadol-200-mg\\\/\"]}]},{\"@type\":\"ImageObject\",\"inLanguage\":\"hr\",\"@id\":\"https:\\\/\\\/medicinasinc.com\\\/hr\\\/product\\\/kupiti-ultram-tramadol-200-mg\\\/#primaryimage\",\"url\":\"https:\\\/\\\/medicinasinc.com\\\/hr\\\/wp-content\\\/uploads\\\/sites\\\/3\\\/2022\\\/02\\\/Buy-Ultram-Tramadol-200mg.jpg\",\"contentUrl\":\"https:\\\/\\\/medicinasinc.com\\\/hr\\\/wp-content\\\/uploads\\\/sites\\\/3\\\/2022\\\/02\\\/Buy-Ultram-Tramadol-200mg.jpg\",\"width\":300,\"height\":225},{\"@type\":\"BreadcrumbList\",\"@id\":\"https:\\\/\\\/medicinasinc.com\\\/hr\\\/product\\\/kupiti-ultram-tramadol-200-mg\\\/#breadcrumb\",\"itemListElement\":[{\"@type\":\"ListItem\",\"position\":1,\"name\":\"Du\u0107an\",\"item\":\"https:\\\/\\\/medicinasinc.com\\\/hr\\\/ducan\\\/\"},{\"@type\":\"ListItem\",\"position\":2,\"name\":\"Kupite Ultram Tramadol 200 mg\"}]},{\"@type\":\"WebSite\",\"@id\":\"https:\\\/\\\/medicinasinc.com\\\/hr\\\/#website\",\"url\":\"https:\\\/\\\/medicinasinc.com\\\/hr\\\/\",\"name\":\"Medicinas Inc\",\"description\":\"Health Medical Clinic\",\"potentialAction\":[{\"@type\":\"SearchAction\",\"target\":{\"@type\":\"EntryPoint\",\"urlTemplate\":\"https:\\\/\\\/medicinasinc.com\\\/hr\\\/?s={search_term_string}\"},\"query-input\":{\"@type\":\"PropertyValueSpecification\",\"valueRequired\":true,\"valueName\":\"search_term_string\"}}],\"inLanguage\":\"hr\"}]}<\/script>\n<!-- \/ Yoast SEO plugin. -->","yoast_head_json":{"title":"Kupite Ultram Tramadol 200 mg tablete online - Best Global Meds","description":"Kupite Tramadol Ultram 200 mg\u00a0online. Naru\u010dite tramadol\u00a0preko no\u0107i bakalar. Pojedinosti:\u00a0jeftina tramadol\u00a0online dostava preko no\u0107i","robots":{"index":"index","follow":"follow","max-snippet":"max-snippet:-1","max-image-preview":"max-image-preview:large","max-video-preview":"max-video-preview:-1"},"canonical":"https:\/\/medicinasinc.com\/hr\/product\/kupiti-ultram-tramadol-200-mg\/","og_locale":"hr_HR","og_type":"article","og_title":"Kupite Ultram Tramadol 200 mg tablete online - Best Global Meds","og_description":"Kupite Tramadol Ultram 200 mg\u00a0online. Naru\u010dite tramadol\u00a0preko no\u0107i bakalar. Pojedinosti:\u00a0jeftina tramadol\u00a0online dostava preko no\u0107i","og_url":"https:\/\/medicinasinc.com\/hr\/product\/kupiti-ultram-tramadol-200-mg\/","og_site_name":"Medicinas Inc","article_modified_time":"2022-03-15T05:43:24+00:00","og_image":[{"width":300,"height":225,"url":"https:\/\/medicinasinc.com\/hr\/wp-content\/uploads\/sites\/3\/2022\/02\/Buy-Ultram-Tramadol-200mg.jpg","type":"image\/jpeg"}],"twitter_card":"summary_large_image","twitter_misc":{"Procijenjeno vrijeme \u010ditanja":"2 minute"},"schema":{"@context":"https:\/\/schema.org","@graph":[{"@type":"WebPage","@id":"https:\/\/medicinasinc.com\/hr\/product\/kupiti-ultram-tramadol-200-mg\/","url":"https:\/\/medicinasinc.com\/hr\/product\/kupiti-ultram-tramadol-200-mg\/","name":"Kupite Ultram Tramadol 200 mg tablete online - Best Global Meds","isPartOf":{"@id":"https:\/\/medicinasinc.com\/hr\/#website"},"primaryImageOfPage":{"@id":"https:\/\/medicinasinc.com\/hr\/product\/kupiti-ultram-tramadol-200-mg\/#primaryimage"},"image":{"@id":"https:\/\/medicinasinc.com\/hr\/product\/kupiti-ultram-tramadol-200-mg\/#primaryimage"},"thumbnailUrl":"https:\/\/medicinasinc.com\/hr\/wp-content\/uploads\/sites\/3\/2022\/02\/Buy-Ultram-Tramadol-200mg.jpg","datePublished":"2022-02-21T20:57:56+00:00","dateModified":"2022-03-15T05:43:24+00:00","description":"Kupite Tramadol Ultram 200 mg\u00a0online. Naru\u010dite tramadol\u00a0preko no\u0107i bakalar. Pojedinosti:\u00a0jeftina tramadol\u00a0online dostava preko no\u0107i","breadcrumb":{"@id":"https:\/\/medicinasinc.com\/hr\/product\/kupiti-ultram-tramadol-200-mg\/#breadcrumb"},"inLanguage":"hr","potentialAction":[{"@type":"ReadAction","target":["https:\/\/medicinasinc.com\/hr\/product\/kupiti-ultram-tramadol-200-mg\/"]}]},{"@type":"ImageObject","inLanguage":"hr","@id":"https:\/\/medicinasinc.com\/hr\/product\/kupiti-ultram-tramadol-200-mg\/#primaryimage","url":"https:\/\/medicinasinc.com\/hr\/wp-content\/uploads\/sites\/3\/2022\/02\/Buy-Ultram-Tramadol-200mg.jpg","contentUrl":"https:\/\/medicinasinc.com\/hr\/wp-content\/uploads\/sites\/3\/2022\/02\/Buy-Ultram-Tramadol-200mg.jpg","width":300,"height":225},{"@type":"BreadcrumbList","@id":"https:\/\/medicinasinc.com\/hr\/product\/kupiti-ultram-tramadol-200-mg\/#breadcrumb","itemListElement":[{"@type":"ListItem","position":1,"name":"Du\u0107an","item":"https:\/\/medicinasinc.com\/hr\/ducan\/"},{"@type":"ListItem","position":2,"name":"Kupite Ultram Tramadol 200 mg"}]},{"@type":"WebSite","@id":"https:\/\/medicinasinc.com\/hr\/#website","url":"https:\/\/medicinasinc.com\/hr\/","name":"Medicinas Inc","description":"Health Medical Clinic","potentialAction":[{"@type":"SearchAction","target":{"@type":"EntryPoint","urlTemplate":"https:\/\/medicinasinc.com\/hr\/?s={search_term_string}"},"query-input":{"@type":"PropertyValueSpecification","valueRequired":true,"valueName":"search_term_string"}}],"inLanguage":"hr"}]}},"_links":{"self":[{"href":"https:\/\/medicinasinc.com\/hr\/wp-json\/wp\/v2\/product\/5323","targetHints":{"allow":["GET"]}}],"collection":[{"href":"https:\/\/medicinasinc.com\/hr\/wp-json\/wp\/v2\/product"}],"about":[{"href":"https:\/\/medicinasinc.com\/hr\/wp-json\/wp\/v2\/types\/product"}],"replies":[{"embeddable":true,"href":"https:\/\/medicinasinc.com\/hr\/wp-json\/wp\/v2\/comments?post=5323"}],"wp:featuredmedia":[{"embeddable":true,"href":"https:\/\/medicinasinc.com\/hr\/wp-json\/wp\/v2\/media\/5333"}],"wp:attachment":[{"href":"https:\/\/medicinasinc.com\/hr\/wp-json\/wp\/v2\/media?parent=5323"}],"wp:term":[{"taxonomy":"product_brand","embeddable":true,"href":"https:\/\/medicinasinc.com\/hr\/wp-json\/wp\/v2\/product_brand?post=5323"},{"taxonomy":"product_cat","embeddable":true,"href":"https:\/\/medicinasinc.com\/hr\/wp-json\/wp\/v2\/product_cat?post=5323"},{"taxonomy":"product_tag","embeddable":true,"href":"https:\/\/medicinasinc.com\/hr\/wp-json\/wp\/v2\/product_tag?post=5323"}],"curies":[{"name":"wp","href":"https:\/\/api.w.org\/{rel}","templated":true}]}}