{"id":5322,"date":"2022-02-21T20:57:13","date_gmt":"2022-02-21T20:57:13","guid":{"rendered":"https:\/\/medicinasinc.com\/hr\/?post_type=product&#038;p=5322"},"modified":"2022-03-15T05:43:35","modified_gmt":"2022-03-15T05:43:35","slug":"tramadol-100-mg","status":"publish","type":"product","link":"https:\/\/medicinasinc.com\/hr\/product\/tramadol-100-mg\/","title":{"rendered":"Tramadol 100 mg"},"content":{"rendered":"<p>Tramadol 100mg za te\u0161ku bol<\/p>\n<p>Odre\u0111ene ozljede zahtijevaju godine da zacijele, a za to vrijeme \u017ertva mora podnijeti nelagodu. Bol povezana s ozljedom mo\u017ee varirati od blage do te\u0161ke, ovisno o dubini i veli\u010dini rane. Me\u0111utim, bol od pucanja mo\u017ee povremeno poremetiti redovitu rutinu pojedinca. U takvim \u0107e slu\u010dajevima ljudi morati osmisliti na\u010din pre\u017eivljavanja. Oni mogu posti\u0107i namjeravano pre\u017eivljavanje ubla\u017eavanjem dijela boli. Oni mogu kupiti tramadol 100mg online iz raznih izvora kako bi odmah ubla\u017eili bol.<\/p>\n<p>Tramadol 100mg je u\u010dinkovit<\/p>\n<p>Kupite Tramadol 100mg online kako biste pomogli u ubla\u017eavanju boli i omogu\u0107ili im da nastave s njihova rutina. Me\u0111utim, tramadol djeluje druga\u010dije od ostalih lijekova. Primarna funkcija tablete je ubla\u017eavanje boli, a ne lije\u010denje ozljede. Tablete utje\u010du na bolne \u017eivce mozga. Umrtvljuje vene, sprje\u010davaju\u0107i ih da do\u017eive bol. Kao rezultat toga, obamrlost \u0107e im pomo\u0107i da pre\u017eive dan bez ometanja njihove normalne rutine.<\/p>\n<p>Te\u0161ke nuspojave<\/p>\n<p>Otupljenje boli doga\u0111a se u mozgu, a tablete mijenjaju na\u010din mozak funkcionira, \u0161to rezultira raznim pote\u0161ko\u0107ama. Te\u0161ke nuspojave uklju\u010duju utrnulost mozga, prolazni gubitak pam\u0107enja i druge poreme\u0107aje ove prirode. Vrtoglavica i druge pote\u0161ko\u0107e bit \u0107e \u010desta pojava. Kao rezultat toga, pojedina\u010dna doza tableta morat \u0107e se prilagoditi kako bi se izbjegle ozbiljne nuspojave.<\/p>\n<p>Preporu\u010dena dnevna doza tablete je izme\u0111u 50 i 300 mg i smije se koristiti samo njome. jednom dnevno. Tramadol mo\u017eete nabaviti online s raznih web-mjesta, ali gutanje bi se trebalo temeljiti na preporuci lije\u010dnika. Savjeti lije\u010dnika bit \u0107e kriti\u010dni u sprje\u010davanju \u0161tetnih posljedica.<\/p>\n","protected":false},"excerpt":{"rendered":"<div class=\"woocommerce-product-details__short-description\">\n<p>Tramadol SR 100mg tablete mogu se kupiti online. Kupite Tramadol Online Tramal SR 100 mg bez recepta po cijeni koja je 80% ni\u017ea od one koju biste platili u ljekarni u SAD-u.<\/p>\n<\/p><\/div>\n","protected":false},"featured_media":5331,"comment_status":"open","ping_status":"closed","template":"","meta":[],"product_brand":[],"product_cat":[1117],"product_tag":[],"class_list":{"0":"post-5322","1":"product","2":"type-product","3":"status-publish","4":"has-post-thumbnail","6":"product_cat-kupite-tablete-za-bol-spavanje-seks","8":"first","9":"instock","10":"shipping-taxable","11":"purchasable","12":"product-type-variable","13":"has-default-attributes"},"yoast_head":"<!-- This site is optimized with the Yoast SEO plugin v27.3 - https:\/\/yoast.com\/product\/yoast-seo-wordpress\/ -->\n<title>Kupite Tramal SR 100 mg tablete online - Najbolji najbolji svjetski lijekovi<\/title>\n<meta name=\"description\" content=\"Kupite Tramal SR 100mg tablete online. Kupite Tramadol Online Tramal SR 100 mg bez recepta po 80% ni\u017eoj cijeni od ameri\u010dkih ljekarni.\" \/>\n<meta name=\"robots\" content=\"index, follow, max-snippet:-1, max-image-preview:large, max-video-preview:-1\" \/>\n<link rel=\"canonical\" href=\"https:\/\/medicinasinc.com\/hr\/product\/tramadol-100-mg\/\" \/>\n<meta property=\"og:locale\" content=\"hr_HR\" \/>\n<meta property=\"og:type\" content=\"article\" \/>\n<meta property=\"og:title\" content=\"Kupite Tramal SR 100 mg tablete online - Najbolji najbolji svjetski lijekovi\" \/>\n<meta property=\"og:description\" content=\"Kupite Tramal SR 100mg tablete online. Kupite Tramadol Online Tramal SR 100 mg bez recepta po 80% ni\u017eoj cijeni od ameri\u010dkih ljekarni.\" \/>\n<meta property=\"og:url\" content=\"https:\/\/medicinasinc.com\/hr\/product\/tramadol-100-mg\/\" \/>\n<meta property=\"og:site_name\" content=\"Medicinas Inc\" \/>\n<meta property=\"article:modified_time\" content=\"2022-03-15T05:43:35+00:00\" \/>\n<meta property=\"og:image\" content=\"https:\/\/medicinasinc.com\/hr\/wp-content\/uploads\/sites\/3\/2022\/02\/Tramadol-100mg-1.jpg\" \/>\n\t<meta property=\"og:image:width\" content=\"600\" \/>\n\t<meta property=\"og:image:height\" content=\"358\" \/>\n\t<meta property=\"og:image:type\" content=\"image\/jpeg\" \/>\n<meta name=\"twitter:card\" content=\"summary_large_image\" \/>\n<meta name=\"twitter:label1\" content=\"Procijenjeno vrijeme \u010ditanja\" \/>\n\t<meta name=\"twitter:data1\" content=\"2 minute\" \/>\n<script type=\"application\/ld+json\" class=\"yoast-schema-graph\">{\"@context\":\"https:\\\/\\\/schema.org\",\"@graph\":[{\"@type\":\"WebPage\",\"@id\":\"https:\\\/\\\/medicinasinc.com\\\/hr\\\/product\\\/tramadol-100-mg\\\/\",\"url\":\"https:\\\/\\\/medicinasinc.com\\\/hr\\\/product\\\/tramadol-100-mg\\\/\",\"name\":\"Kupite Tramal SR 100 mg tablete online - Najbolji najbolji svjetski lijekovi\",\"isPartOf\":{\"@id\":\"https:\\\/\\\/medicinasinc.com\\\/hr\\\/#website\"},\"primaryImageOfPage\":{\"@id\":\"https:\\\/\\\/medicinasinc.com\\\/hr\\\/product\\\/tramadol-100-mg\\\/#primaryimage\"},\"image\":{\"@id\":\"https:\\\/\\\/medicinasinc.com\\\/hr\\\/product\\\/tramadol-100-mg\\\/#primaryimage\"},\"thumbnailUrl\":\"https:\\\/\\\/medicinasinc.com\\\/hr\\\/wp-content\\\/uploads\\\/sites\\\/3\\\/2022\\\/02\\\/Tramadol-100mg-1.jpg\",\"datePublished\":\"2022-02-21T20:57:13+00:00\",\"dateModified\":\"2022-03-15T05:43:35+00:00\",\"description\":\"Kupite Tramal SR 100mg tablete online. Kupite Tramadol Online Tramal SR 100 mg bez recepta po 80% ni\u017eoj cijeni od ameri\u010dkih ljekarni.\",\"breadcrumb\":{\"@id\":\"https:\\\/\\\/medicinasinc.com\\\/hr\\\/product\\\/tramadol-100-mg\\\/#breadcrumb\"},\"inLanguage\":\"hr\",\"potentialAction\":[{\"@type\":\"ReadAction\",\"target\":[\"https:\\\/\\\/medicinasinc.com\\\/hr\\\/product\\\/tramadol-100-mg\\\/\"]}]},{\"@type\":\"ImageObject\",\"inLanguage\":\"hr\",\"@id\":\"https:\\\/\\\/medicinasinc.com\\\/hr\\\/product\\\/tramadol-100-mg\\\/#primaryimage\",\"url\":\"https:\\\/\\\/medicinasinc.com\\\/hr\\\/wp-content\\\/uploads\\\/sites\\\/3\\\/2022\\\/02\\\/Tramadol-100mg-1.jpg\",\"contentUrl\":\"https:\\\/\\\/medicinasinc.com\\\/hr\\\/wp-content\\\/uploads\\\/sites\\\/3\\\/2022\\\/02\\\/Tramadol-100mg-1.jpg\",\"width\":600,\"height\":358},{\"@type\":\"BreadcrumbList\",\"@id\":\"https:\\\/\\\/medicinasinc.com\\\/hr\\\/product\\\/tramadol-100-mg\\\/#breadcrumb\",\"itemListElement\":[{\"@type\":\"ListItem\",\"position\":1,\"name\":\"Du\u0107an\",\"item\":\"https:\\\/\\\/medicinasinc.com\\\/hr\\\/ducan\\\/\"},{\"@type\":\"ListItem\",\"position\":2,\"name\":\"Tramadol 100 mg\"}]},{\"@type\":\"WebSite\",\"@id\":\"https:\\\/\\\/medicinasinc.com\\\/hr\\\/#website\",\"url\":\"https:\\\/\\\/medicinasinc.com\\\/hr\\\/\",\"name\":\"Medicinas Inc\",\"description\":\"Health Medical Clinic\",\"potentialAction\":[{\"@type\":\"SearchAction\",\"target\":{\"@type\":\"EntryPoint\",\"urlTemplate\":\"https:\\\/\\\/medicinasinc.com\\\/hr\\\/?s={search_term_string}\"},\"query-input\":{\"@type\":\"PropertyValueSpecification\",\"valueRequired\":true,\"valueName\":\"search_term_string\"}}],\"inLanguage\":\"hr\"}]}<\/script>\n<!-- \/ Yoast SEO plugin. -->","yoast_head_json":{"title":"Kupite Tramal SR 100 mg tablete online - Najbolji najbolji svjetski lijekovi","description":"Kupite Tramal SR 100mg tablete online. Kupite Tramadol Online Tramal SR 100 mg bez recepta po 80% ni\u017eoj cijeni od ameri\u010dkih ljekarni.","robots":{"index":"index","follow":"follow","max-snippet":"max-snippet:-1","max-image-preview":"max-image-preview:large","max-video-preview":"max-video-preview:-1"},"canonical":"https:\/\/medicinasinc.com\/hr\/product\/tramadol-100-mg\/","og_locale":"hr_HR","og_type":"article","og_title":"Kupite Tramal SR 100 mg tablete online - Najbolji najbolji svjetski lijekovi","og_description":"Kupite Tramal SR 100mg tablete online. Kupite Tramadol Online Tramal SR 100 mg bez recepta po 80% ni\u017eoj cijeni od ameri\u010dkih ljekarni.","og_url":"https:\/\/medicinasinc.com\/hr\/product\/tramadol-100-mg\/","og_site_name":"Medicinas Inc","article_modified_time":"2022-03-15T05:43:35+00:00","og_image":[{"width":600,"height":358,"url":"https:\/\/medicinasinc.com\/hr\/wp-content\/uploads\/sites\/3\/2022\/02\/Tramadol-100mg-1.jpg","type":"image\/jpeg"}],"twitter_card":"summary_large_image","twitter_misc":{"Procijenjeno vrijeme \u010ditanja":"2 minute"},"schema":{"@context":"https:\/\/schema.org","@graph":[{"@type":"WebPage","@id":"https:\/\/medicinasinc.com\/hr\/product\/tramadol-100-mg\/","url":"https:\/\/medicinasinc.com\/hr\/product\/tramadol-100-mg\/","name":"Kupite Tramal SR 100 mg tablete online - Najbolji najbolji svjetski lijekovi","isPartOf":{"@id":"https:\/\/medicinasinc.com\/hr\/#website"},"primaryImageOfPage":{"@id":"https:\/\/medicinasinc.com\/hr\/product\/tramadol-100-mg\/#primaryimage"},"image":{"@id":"https:\/\/medicinasinc.com\/hr\/product\/tramadol-100-mg\/#primaryimage"},"thumbnailUrl":"https:\/\/medicinasinc.com\/hr\/wp-content\/uploads\/sites\/3\/2022\/02\/Tramadol-100mg-1.jpg","datePublished":"2022-02-21T20:57:13+00:00","dateModified":"2022-03-15T05:43:35+00:00","description":"Kupite Tramal SR 100mg tablete online. Kupite Tramadol Online Tramal SR 100 mg bez recepta po 80% ni\u017eoj cijeni od ameri\u010dkih ljekarni.","breadcrumb":{"@id":"https:\/\/medicinasinc.com\/hr\/product\/tramadol-100-mg\/#breadcrumb"},"inLanguage":"hr","potentialAction":[{"@type":"ReadAction","target":["https:\/\/medicinasinc.com\/hr\/product\/tramadol-100-mg\/"]}]},{"@type":"ImageObject","inLanguage":"hr","@id":"https:\/\/medicinasinc.com\/hr\/product\/tramadol-100-mg\/#primaryimage","url":"https:\/\/medicinasinc.com\/hr\/wp-content\/uploads\/sites\/3\/2022\/02\/Tramadol-100mg-1.jpg","contentUrl":"https:\/\/medicinasinc.com\/hr\/wp-content\/uploads\/sites\/3\/2022\/02\/Tramadol-100mg-1.jpg","width":600,"height":358},{"@type":"BreadcrumbList","@id":"https:\/\/medicinasinc.com\/hr\/product\/tramadol-100-mg\/#breadcrumb","itemListElement":[{"@type":"ListItem","position":1,"name":"Du\u0107an","item":"https:\/\/medicinasinc.com\/hr\/ducan\/"},{"@type":"ListItem","position":2,"name":"Tramadol 100 mg"}]},{"@type":"WebSite","@id":"https:\/\/medicinasinc.com\/hr\/#website","url":"https:\/\/medicinasinc.com\/hr\/","name":"Medicinas Inc","description":"Health Medical Clinic","potentialAction":[{"@type":"SearchAction","target":{"@type":"EntryPoint","urlTemplate":"https:\/\/medicinasinc.com\/hr\/?s={search_term_string}"},"query-input":{"@type":"PropertyValueSpecification","valueRequired":true,"valueName":"search_term_string"}}],"inLanguage":"hr"}]}},"_links":{"self":[{"href":"https:\/\/medicinasinc.com\/hr\/wp-json\/wp\/v2\/product\/5322","targetHints":{"allow":["GET"]}}],"collection":[{"href":"https:\/\/medicinasinc.com\/hr\/wp-json\/wp\/v2\/product"}],"about":[{"href":"https:\/\/medicinasinc.com\/hr\/wp-json\/wp\/v2\/types\/product"}],"replies":[{"embeddable":true,"href":"https:\/\/medicinasinc.com\/hr\/wp-json\/wp\/v2\/comments?post=5322"}],"wp:featuredmedia":[{"embeddable":true,"href":"https:\/\/medicinasinc.com\/hr\/wp-json\/wp\/v2\/media\/5331"}],"wp:attachment":[{"href":"https:\/\/medicinasinc.com\/hr\/wp-json\/wp\/v2\/media?parent=5322"}],"wp:term":[{"taxonomy":"product_brand","embeddable":true,"href":"https:\/\/medicinasinc.com\/hr\/wp-json\/wp\/v2\/product_brand?post=5322"},{"taxonomy":"product_cat","embeddable":true,"href":"https:\/\/medicinasinc.com\/hr\/wp-json\/wp\/v2\/product_cat?post=5322"},{"taxonomy":"product_tag","embeddable":true,"href":"https:\/\/medicinasinc.com\/hr\/wp-json\/wp\/v2\/product_tag?post=5322"}],"curies":[{"name":"wp","href":"https:\/\/api.w.org\/{rel}","templated":true}]}}