{"id":5310,"date":"2022-02-21T18:38:01","date_gmt":"2022-02-21T18:38:01","guid":{"rendered":"https:\/\/medicinasinc.com\/hr\/?post_type=product&#038;p=5310"},"modified":"2022-03-15T05:43:46","modified_gmt":"2022-03-15T05:43:46","slug":"kupiti-roksikodon-30-mg","status":"publish","type":"product","link":"https:\/\/medicinasinc.com\/hr\/product\/kupiti-roksikodon-30-mg\/","title":{"rendered":"Kupite roksikodon 30 mg"},"content":{"rendered":"<p>Online kupnja tableta Roxicodone 30mg<\/p>\n<p>Tablete ROXICODONE (oksikodon HCl) namijenjene su lije\u010denju umjerene do jake boli koja zahtijeva opioidni analgetik i za koju su neopioidne alternative neu\u010dinkovite.<\/p>\n<p> &gt; <\/p>\n<p>Ograni\u010denja upotrebe<\/p>\n<p>Zbog opasnosti ovisnosti o opioidima, zlouporabe i zlouporabe, \u010dak i pri odobrenim dozama, rezervirajte ROXICODONE za pacijente koji ne reagiraju na alternativne izbore lije\u010denja (npr. neopioidni analgetici ili kombinirani opioidni proizvodi):<\/p>\n<p>Nisu se tolerirali i malo je vjerojatno da \u0107e biti dopu\u0161teni<br \/> Nisu uspjeli primijeniti odgovaraju\u0107u analgeziju ili vjerojatno ne\u0107e dati odgovaraju\u0107u analgeziju<\/p>\n<p>Ovaj materijal namijenjen je samo zdravstvenim djelatnicima u Sjedinjenim Ameri\u010dkim Dr\u017eavama.<br \/> Kompletne informacije o receptu za Sjedinjene Ameri\u010dke Dr\u017eave, uklju\u010duju\u0107i upozorenje u okvirima.<\/p>\n<p>Vodi\u010d za lijekove<\/p>\n<div class=\"product\">\n<div class=\"product-prev\">\n<div class=\"contraindication\">\n<div class=\"contraindica tion\">\n<div class=\"contraindication\">\n<div class=\"contraindication\">\n<div class=\"contraindication\">\n<div class=\"contraindication\">\n<div class=\"contraindication\">\n<h2><b>VA\u017dNO SIGURNOSNE INFORMACIJE<\/b><\/h2>\n<div class=\"scroll-wrapper scrolling-table scrollbar-chrome\">\n<div class=\"scrolling-table scrollbar-chrome scroll-content\">\n<table border=\"1\">\n<tbody>\n<tr>\n<td valign=\"top\" width=\"623\">\n<ul>\n<li>UPOZORENJE: OVISNOST, ZLOSTAVLJANJE I ZLOUPOTREBA; PROCJENA RIZIKA I STRATEGIJA UBLA\u017dAVANJA (REMS); DEPRESIJA OPASNA PO \u017dIVOT; SLU\u010cAJNO GU\u0106ANJE; NEONATALNI OPIOIDNI SINDROM APRISTANCIJE; INTERAKCIJA S CITOKROMOM P450 3A4; i RIZICI OD ISKONODAVNE UPOTREBE S BENS-om Zlouporaba, zlouporaba i zlouporaba supstanci\n<p>ROXICODONE izla\u017ee pacijente i druge korisnike opasnostima ovisnosti o opioidima, zlouporabe i zlouporabe, \u0161to sve mo\u017ee rezultirati smr\u0107u od predoziranja. Prije davanja ROXICODONE-a, procijenite rizik svakog pacijenta i povremeno pratite sve pacijente radi razvoja odre\u0111enih pona\u0161anja i stanja.<\/p>\n<p>Strategija procjene i ubla\u017eavanja rizika za opioidne analgetike (REMS)<\/p>\n<p>Hrana i Uprava za lijekove (FDA) zahtijeva REMS za opioidne analgetike kako bi se potvrdilo da su prednosti ve\u0107e od opasnosti ovisnosti, zlouporabe i zlouporabe. Farmaceutske tvrtke koje su odobrile opioidne analgeti\u010dke proizvode du\u017ene su pru\u017eateljima zdravstvenih usluga u\u010diniti obrazovne programe uskla\u0111ene s REMS-om. Pru\u017eatelji zdravstvenih usluga sna\u017eno se poti\u010du da: \u2022 zavr\u0161e obrazovni program uskla\u0111en s REMS-om; \u2022 savjetovati pacijente i\/ili skrbnike o sigurnoj uporabi, ozbiljnim rizicima, skladi\u0161tenju i odlaganju ovih proizvoda uz svaki recept; \u2022 naglasiti pacijentima i njegovateljima va\u017enost \u010ditanja Vodi\u010da za lijekove svaki put kada ga daje njihov ljekarnik; i \u2022 razmotriti dodatne alate za pobolj\u0161anje sigurnosti pacijenata, ku\u0107anstva i zajednice.<\/p>\n<p>\u017divot opasna respiratorna depresija<\/p>\n<p>ROXICODONE mo\u017ee uzrokovati ozbiljnu, po \u017eivot opasnu ili smrtonosnu respiratornu depresiju. Pripazite na respiratornu depresiju, osobito kada zapo\u010dinjete s ROXICODONE-om ili pove\u0107avate dozu.<\/p>\n<p>Nesre\u0107na konzumacija<\/p>\n<p>Slu\u010dajno gutanje ROXICODONE-a, osobito kod mladih, mo\u017ee dovesti do smrtonosnog predoziranja ROXICODONE-a. <\/p>\n<p>Sindrom neonatalne apstinencije od opioida<\/p>\n<p>Produljena primjena ROXICODONE-a tijekom trudno\u0107e mo\u017ee rezultirati sindromom ustezanja opioida novoro\u0111en\u010deta, koji mo\u017ee biti smrtonosan ako se ne dijagnosticira i ne lije\u010di na vrijeme, te zahtijeva terapiju prema neonatologiji -specifi\u010dne procedure. Ako je kod trudnice potrebna produljena uporaba opioida, obavijestite je o opasnosti od sindroma povla\u010denja opioida kod novoro\u0111en\u010dadi i osigurajte da je dostupna odgovaraju\u0107a terapija.<\/p>\n<p>Interakcija s citokromom P450 3A4<\/p>\n<p>Istovremena uporaba. ROXICODON-a i svih inhibitora citokroma P450 3A4 mogu dovesti do pove\u0107anja koncentracije oksikodona u plazmi, \u0161to mo\u017ee pogor\u0161ati ili produ\u017eiti neugodne odgovore i mo\u017ee rezultirati potencijalno smrtonosnom depresijom disanja. Osim toga, zaustavljanje istodobno kori\u0161tenog induktora citokroma P450 3A4 mo\u017ee rezultirati porastom razine oksikodona u plazmi. Bolesnike koji primaju ROXICODONE i bilo koji inhibitor ili induktor CYP3A4 treba pomno pratiti.<\/p>\n<p>Posljedice istodobne primjene s benzodiazepinima ili drugim depresivima sredi\u0161njeg \u017eiv\u010danog sustava<\/p>\n<p>Istodobna primjena opioida s benzodiazepinima ili drugim depresivima CNS-a , kao \u0161to je alkohol, mo\u017ee uzrokovati ekstremnu pospanost, depresiju disanja, komu ili smrt.<\/p>\n<p>Istodobna primjena ROXICODONE-a s benzodiazepinima ili drugim depresorima CNS-a trebala bi biti rezervirana za osobe koje ne reagiraju na alternativne terapijske alternative. <br \/> Dr\u017eite doze i trajanje na minimumu.<br \/> Pazite na znakove i simptome respiratorne depresije i sedacije kod pacijenata.<\/li>\n<\/ul>\n<\/td>\n<\/tr>\n<\/li>\n<p> tbody&gt; <\/table>\n<\/p><\/div><\/div>\n<p>&nbsp;<\/p>\n<h2>KONTRAINDIKACIJE<\/h2>\n<p>ROXICODONE je kontraindiciran u bolesnika sa:<\/p>\n<ul>\n<li>Zna\u010dajna respiratorna depresija<\/li>\n<li>Akutna ili te\u0161ka bronhijalna astma u nenadziranom okru\u017eenju ili u nedostatku reanimacije oprema<\/li>\n<li>Poznata ili sumnja na gastrointestinalnu opstrukciju, uklju\u010duju\u0107i paraliti\u010dki ileus<\/li>\n<li>Poznata preosjetljivost na oksikodon<\/li>\n<\/ul>\n<h2>\u00a0UPOZORENJA I MJERE OPREZA<\/h2>\n<ul>\n<li>ROXICODONE sadr\u017ei oksikodon, kontroliranu supstancu iz Popisa II. Kao opioid, ROXICODONE izla\u017ee korisnike rizicima ovisnosti, zlostavljanja i zlouporabe.<\/li>\n<li>Procijenite rizik svakog pacijenta od ovisnosti o opioidima, zlouporabe ili zlouporabe prije propisivanja ROXICODONE-a i pratite sve pacijente koji primaju ROXICODONE za razvoj ovih pona\u0161anja i stanja.<\/li>\n<li>Kako bi se osiguralo da prednosti opioidnih analgetika nadma\u0161uju rizike ovisnosti, zlostavljanja i zlouporabe, Uprava za hranu i lijekove (FDA) zahtijevala je strategiju procjene i ubla\u017eavanja rizika ( REMS) za ove proizvode. Prema zahtjevima REMS-a, farmaceutske tvrtke koje imaju odobrene opioidne analgeti\u010dke proizvode moraju u\u010diniti obrazovne programe uskla\u0111ene s REMS-om dostupnim pru\u017eateljima zdravstvenih usluga.<\/li>\n<li>Ozbiljna, po \u017eivot opasna ili smrtonosna respiratorna depresija prijavljena je uz uporabu lijeka. opioidi, \u010dak i kada se koriste prema preporuci. Bolesnici s kroni\u010dnom plu\u0107nom bole\u0161\u0107u, stariji, kahekti\u010dni ili oslabljeni pacijenti mogu biti pod pove\u0107anim rizikom. Pomno pratite, osobito tijekom inicijacije i titracije.<\/li>\n<li>Opioidi mogu uzrokovati poreme\u0107aje disanja u snu, uklju\u010duju\u0107i sredi\u0161nju apneju za vrijeme spavanja (CSA) i hipoksemiju povezanu sa spavanjem. Kori\u0161tenje opioida pove\u0107ava rizik od CSA na na\u010din ovisan o dozi.<\/li>\n<li>Slu\u010dajno gutanje \u010dak i jedne doze ROXICODONE-a, osobito kod djece, mo\u017ee dovesti do respiratorne depresije i smrti zbog predoziranja ROXICODONE-om. Uputite pacijente da poduzmu korake za sigurno pohranjivanje ROXICODONE-a. ROXICODONE kojem je istekao rok valjanosti, ne\u017eeljenom ili neiskori\u0161tenom treba se zbrinuti ispiranjem neiskori\u0161tenog lijeka u WC \u0161koljku ako opcija povrata lijeka nije dostupna.<\/li>\n<li>Neonatalni sindrom povla\u010denja opioida (NOWS) mo\u017ee se pojaviti nakon dulje uporabe. opioida tijekom trudno\u0107e. Promatrajte novoro\u0111en\u010dad za znakove SADA i postupajte u skladu s tim; NOWS mo\u017ee biti opasan po \u017eivot ako se ne prepozna i ne lije\u010di u novoro\u0111en\u010dadi.<\/li>\n<li>Kada koristite inhibitore CYP3A4 ili ukidate CYP3A4 induktore u pacijenata lije\u010denih ROXICODONE-om, pa\u017eljivo pratite pacijente u \u010destim intervalima i razmotrite smanjenje doze ROXICODONE-a do stabilnog lijeka posti\u017eu se u\u010dinci. Kada koristite ROXICODONE s induktorima CYP3A4 ili ukidate inhibitore CYP3A4, pa\u017eljivo pratite pacijente u \u010destim intervalima i razmislite o pove\u0107anju doze opioida ako je potrebno za odr\u017eavanje adekvatne analgezije ili ako se pojave simptomi ustezanja opioida.<\/li>\n<li>Duboka sedacija, respiratorna depresija, koma, a smrt mo\u017ee biti posljedica istodobne primjene ROXICODONE-a s benzodiazepinima ili drugim depresorima CNS-a (uklju\u010duju\u0107i alkohol i\u00a0nedopu\u0161tene droge).<\/li>\n<li>Prijavljeni su slu\u010dajevi insuficijencije nadbubre\u017ene \u017elijezde kod uporabe opioida, \u010de\u0161\u0107e nakon vi\u0161e od jednog dana. mjesec kori\u0161tenja. Ako se dijagnosticira insuficijencija nadbubre\u017ene \u017elijezde, lije\u010diti fiziolo\u0161kom zamjenom kortikosteroida i odviknuti bolesnika opioida dok se funkcija nadbubre\u017ene \u017elijezde ne oporavi.<\/li>\n<li><strong>ROKSIKODON<\/strong>\u00a0mo\u017ee uzrokovati ozbiljnu hipotenziju uklju\u010duju\u0107i ortostatsku hipotenziju i sinkopu u ambulantnih pacijenata. Nadzirati tijekom inicijacije i\/ili titracije ROXICODONE-a. Izbjegavajte uporabu u bolesnika s cirkulacijskim \u0161okom.<\/li>\n<li>Primjena u bolesnika s pove\u0107anim intrakranijalnim tlakom, tumorima mozga, ozljedom glave ili oslabljenom svijesti mo\u017ee smanjiti respiratorni nagon i rezultiraju\u0107e zadr\u017eavanje CO<sub>2<\/sub>\u00a0mo\u017ee dodatno pove\u0107ati intrakranijalni tlak. Primjena\u00a0<strong>ROXICODONE<\/strong>\u00a0treba izbjegavati u bolesnika s o\u0161te\u0107enom svijesti ili komom.<\/li>\n<li>ROXICODONE je kontraindiciran u bolesnika s poznatom ili sumnjivom gastrointestinalnom opstrukcijom, uklju\u010duju\u0107i paraliti\u010dki ileus. Oksikodon u ROXICODONE-u mo\u017ee uzrokovati gr\u010deve Oddijevog sfinktera.<\/li>\n<li>Oksikodon u ROXICODONE-u mo\u017ee pove\u0107ati u\u010destalost napadaja u pacijenata s poreme\u0107ajima napadaja i mo\u017ee pove\u0107ati rizik od napadaja koji se javljaju u drugim klini\u010dkim uvjetima povezanim s napadajima . Pratite bolesnike s anamnezom napadaja radi pogor\u0161anja kontrole napadaja.<\/li>\n<li>Nemojte naglo prekinuti\u00a0<strong>ROXICODON<\/strong>\u00a0kod pacijenata koji su fizi\u010dki ovisni o opioidima. Prilikom prekida primjene ROXICODONE-a kod fizi\u010dki ovisnog pacijenta, postupno smanjivati \u200b\u200bdozu. Brzo smanjenje doze oksikodona u bolesnika koji je fizi\u010dki ovisan o opioidima mo\u017ee dovesti do sindroma ustezanja i povratka boli.<\/li>\n<li>Izbjegavajte uporabu ROXICODONE-a s mje\u0161ovitim agonistima\/antagonistima ili analgeticima djelomi\u010dnih agonista zbog rizika od talo\u017eenja precipitacije. simptomi ustezanja.<\/li>\n<li>Upozorite pacijente da ne voze ili rukuju opasnim strojevima osim ako nisu tolerantni na u\u010dinke ROXICODONE-a i znaju kako \u0107e reagirati na lijek.<\/li>\n<li>Opioidi mogu uzrokovati rijetke bolesti. ali potencijalno po \u017eivot opasno stanje koje je posljedica istodobne primjene serotonergi\u010dkih lijekova. Upozorite pacijente na simptome serotoninskog sindroma i odmah potra\u017eite lije\u010dni\u010dku pomo\u0107 ako se simptomi razviju.<\/li>\n<li>Upotreba ROXICODONE-a se ne preporu\u010duje za pacijente koji uzimaju MAOI ili unutar 14 dana od prestanka takvog lije\u010denja.<\/li>\n<\/ul>\n<h2>U\u010dinci roksikodona<\/h2>\n<p>Ozbiljne nuspojave povezane s primjenom ROXICODONE-a uklju\u010duju respiratornu depresiju, zastoj disanja, depresiju cirkulacije, sr\u010dani zastoj, hipotenziju i\/ili \u0161ok. Naj\u010de\u0161\u0107e nuspojave su mu\u010dnina, zatvor, povra\u0107anje, glavobolja, svrbe\u017e, nesanica, vrtoglavica, astenija i somnolencija.<\/p>\n<p>Ovo nije potpuni popis mogu\u0107ih nuspojava povezanih s ROXICODONE-om. Za potpuni popis pogledajte potpune informacije o propisivanju.<\/p>\n<p>&nbsp;<\/p>\n<p>&nbsp;<\/p>\n<\/p><\/div><\/div><\/div><\/div><\/div><\/div><\/div>\n<div class=\"scroll-wrapper scrolling-table scrollbar-chrome\">\n<div class=\"scrolling-table scrollbar-chrome scroll-content\">\n<table>\n<tbody>\n<tr>\n<td><strong>Opis<\/strong><\/td>\n<td>Plave tablete s zarezom<\/td>\n<\/tr>\n<tr>\n<td><strong>Generi\u010dki naziv<\/strong><\/td>\n<td>Oksikodon hidroklorid tablete USP<\/td>\n<\/tr>\n<tr>\n<td><strong>Snaga doziranja<\/strong><\/td>\n<td>30 mg<\/td>\n<\/tr>\n<tr>\n<td><strong>Identifikacijski kod<\/strong><\/td>\n<td>Plava tableta s zarezom (identificirano 54 199) [Utisnuto 54 199 na jednoj strani]<\/td>\n<\/tr>\n<\/tbody>\n<\/table>\n<p><strong>roksicodone pilule, kupi roksikodon pilule, popis okruglih plavih pilula roksikodona, pilule koje izgledaju kao roksikodon, promjena pilule roksikodona, pilule roksikodona 30, tablete za otpu\u0161tanje roksikodona, kako biti diler koji prodaje pilule roksikodona, pilule koje sadr\u017ee roksikodon, kodeinski sirup pilule roksikodon, kako koliko su tablete roksikodona 30mg u Meksiku, \u0161to je u la\u017enim pilulama k 9 roksikodona?, 30mg roksikodon plave pilule,roksikodon, oksikodon 5 mg, ru\u017ei\u010dasta pilula, m 30 pilula, m 30 plava pilula, k 56 pilula, roxyco19 pilula, roxyco19, roxycodone pilula, percocet 30 mg, molly cijene, mo\u017eete li uzeti, roxy 30, oxicodona, u17 pilula, doza oksikodona<\/strong><\/p>\n<\/p><\/div><\/div><\/div><\/div>\n<div class=\"product-next-previous\">\n<div class=\"product-prev\"><\/div><\/div>\n","protected":false},"excerpt":{"rendered":"<p>Kupite Roxicodone 30 mg tablete u Ujedinjenom Kraljevstvu i Europi u na\u0161oj internetskoj ljekarni bestglobalmeds.com uz brzu dostavu diljem svijeta! Najbolje mjesto za nabavu OxyContina je upravo ovdje!<\/p>\n","protected":false},"featured_media":5321,"comment_status":"open","ping_status":"closed","template":"","meta":[],"product_brand":[],"product_cat":[1117],"product_tag":[1879,1880,1891,1886,1885,1883,1884,1881,1887,1888,1889,1890,1882,1670,1648,1750,1892,1896,1898,1900,1895,1897,1899,1894,1903,1901,1893,1902],"class_list":{"0":"post-5310","1":"product","2":"type-product","3":"status-publish","4":"has-post-thumbnail","6":"product_cat-kupite-tablete-za-bol-spavanje-seks","7":"product_tag-30mg-roksikodon-plave-pilule","8":"product_tag-breaking-time-release-pills-roxicodone","9":"product_tag-doza-oksikodona","10":"product_tag-k-56-pilula","11":"product_tag-kako-biti-trgovac-droga-prodavati-roksikodon-pilule","12":"product_tag-kodein-sirup-pilule-roksikodon","13":"product_tag-koliko-su-roksikodon-30mg-pilule-u-meksiku","14":"product_tag-kupiti-roksikodon-pilule","15":"product_tag-list-of-round-blue-roxicodone-pills","16":"product_tag-m-30-plava-pilula","17":"product_tag-m-30-tableta","18":"product_tag-molly-prices","19":"product_tag-moe-li-uzeti","20":"product_tag-oksikodon-5-mg","21":"product_tag-oksikodona","22":"product_tag-perkocet-30-mg","23":"product_tag-pills-that-contain-roxicodone","24":"product_tag-roksikodon-pilule","25":"product_tag-roksikodon-pilule-promjena","26":"product_tag-rokoksikodon","27":"product_tag-roksikodon","28":"product_tag-roksikodon-pilule-30","29":"product_tag-roxy-30","30":"product_tag-ru-c5-bei-c4-8dasta-pilula","31":"product_tag-to-je-u-lanim-k-9-roksikodon-pilulama","32":"product_tag-t-194-pilula","33":"product_tag-tablete-koje-izgledaju-roksikodon","34":"product_tag-u17-pilula","36":"first","37":"instock","38":"shipping-taxable","39":"purchasable","40":"product-type-variable","41":"has-default-attributes"},"yoast_head":"<!-- This site is optimized with the Yoast SEO plugin v27.3 - https:\/\/yoast.com\/product\/yoast-seo-wordpress\/ -->\n<title>Kupite roksikodon 30 mg - najbolji najbolji svjetski lijekovi<\/title>\n<meta name=\"description\" content=\"Kupite Roxicodone 30 mg tablete UK, Europa u na\u0161oj bestglobalmeds.com online trgovini s brzom dostavom diljem svijeta! Najbolji OxyContin za naru\u010divanje na\u0107i \u0107ete ovdje!\" \/>\n<meta name=\"robots\" content=\"index, follow, max-snippet:-1, max-image-preview:large, max-video-preview:-1\" \/>\n<link rel=\"canonical\" href=\"https:\/\/medicinasinc.com\/hr\/product\/kupiti-roksikodon-30-mg\/\" \/>\n<meta property=\"og:locale\" content=\"hr_HR\" \/>\n<meta property=\"og:type\" content=\"article\" \/>\n<meta property=\"og:title\" content=\"Kupite roksikodon 30 mg - najbolji najbolji svjetski lijekovi\" \/>\n<meta property=\"og:description\" content=\"Kupite Roxicodone 30 mg tablete UK, Europa u na\u0161oj bestglobalmeds.com online trgovini s brzom dostavom diljem svijeta! Najbolji OxyContin za naru\u010divanje na\u0107i \u0107ete ovdje!\" \/>\n<meta property=\"og:url\" content=\"https:\/\/medicinasinc.com\/hr\/product\/kupiti-roksikodon-30-mg\/\" \/>\n<meta property=\"og:site_name\" content=\"Medicinas Inc\" \/>\n<meta property=\"article:modified_time\" content=\"2022-03-15T05:43:46+00:00\" \/>\n<meta property=\"og:image\" content=\"https:\/\/medicinasinc.com\/hr\/wp-content\/uploads\/sites\/3\/2022\/02\/Roxicodone-30-mg.png\" \/>\n\t<meta property=\"og:image:width\" content=\"400\" \/>\n\t<meta property=\"og:image:height\" content=\"300\" \/>\n\t<meta property=\"og:image:type\" content=\"image\/png\" \/>\n<meta name=\"twitter:card\" content=\"summary_large_image\" \/>\n<meta name=\"twitter:label1\" content=\"Procijenjeno vrijeme \u010ditanja\" \/>\n\t<meta name=\"twitter:data1\" content=\"7 minuta\" \/>\n<script type=\"application\/ld+json\" class=\"yoast-schema-graph\">{\"@context\":\"https:\\\/\\\/schema.org\",\"@graph\":[{\"@type\":\"WebPage\",\"@id\":\"https:\\\/\\\/medicinasinc.com\\\/hr\\\/product\\\/kupiti-roksikodon-30-mg\\\/\",\"url\":\"https:\\\/\\\/medicinasinc.com\\\/hr\\\/product\\\/kupiti-roksikodon-30-mg\\\/\",\"name\":\"Kupite roksikodon 30 mg - najbolji najbolji svjetski lijekovi\",\"isPartOf\":{\"@id\":\"https:\\\/\\\/medicinasinc.com\\\/hr\\\/#website\"},\"primaryImageOfPage\":{\"@id\":\"https:\\\/\\\/medicinasinc.com\\\/hr\\\/product\\\/kupiti-roksikodon-30-mg\\\/#primaryimage\"},\"image\":{\"@id\":\"https:\\\/\\\/medicinasinc.com\\\/hr\\\/product\\\/kupiti-roksikodon-30-mg\\\/#primaryimage\"},\"thumbnailUrl\":\"https:\\\/\\\/medicinasinc.com\\\/hr\\\/wp-content\\\/uploads\\\/sites\\\/3\\\/2022\\\/02\\\/Roxicodone-30-mg.png\",\"datePublished\":\"2022-02-21T18:38:01+00:00\",\"dateModified\":\"2022-03-15T05:43:46+00:00\",\"description\":\"Kupite Roxicodone 30 mg tablete UK, Europa u na\u0161oj bestglobalmeds.com online trgovini s brzom dostavom diljem svijeta! Najbolji OxyContin za naru\u010divanje na\u0107i \u0107ete ovdje!\",\"breadcrumb\":{\"@id\":\"https:\\\/\\\/medicinasinc.com\\\/hr\\\/product\\\/kupiti-roksikodon-30-mg\\\/#breadcrumb\"},\"inLanguage\":\"hr\",\"potentialAction\":[{\"@type\":\"ReadAction\",\"target\":[\"https:\\\/\\\/medicinasinc.com\\\/hr\\\/product\\\/kupiti-roksikodon-30-mg\\\/\"]}]},{\"@type\":\"ImageObject\",\"inLanguage\":\"hr\",\"@id\":\"https:\\\/\\\/medicinasinc.com\\\/hr\\\/product\\\/kupiti-roksikodon-30-mg\\\/#primaryimage\",\"url\":\"https:\\\/\\\/medicinasinc.com\\\/hr\\\/wp-content\\\/uploads\\\/sites\\\/3\\\/2022\\\/02\\\/Roxicodone-30-mg.png\",\"contentUrl\":\"https:\\\/\\\/medicinasinc.com\\\/hr\\\/wp-content\\\/uploads\\\/sites\\\/3\\\/2022\\\/02\\\/Roxicodone-30-mg.png\",\"width\":400,\"height\":300},{\"@type\":\"BreadcrumbList\",\"@id\":\"https:\\\/\\\/medicinasinc.com\\\/hr\\\/product\\\/kupiti-roksikodon-30-mg\\\/#breadcrumb\",\"itemListElement\":[{\"@type\":\"ListItem\",\"position\":1,\"name\":\"Du\u0107an\",\"item\":\"https:\\\/\\\/medicinasinc.com\\\/hr\\\/ducan\\\/\"},{\"@type\":\"ListItem\",\"position\":2,\"name\":\"Kupite roksikodon 30 mg\"}]},{\"@type\":\"WebSite\",\"@id\":\"https:\\\/\\\/medicinasinc.com\\\/hr\\\/#website\",\"url\":\"https:\\\/\\\/medicinasinc.com\\\/hr\\\/\",\"name\":\"Medicinas Inc\",\"description\":\"Health Medical Clinic\",\"potentialAction\":[{\"@type\":\"SearchAction\",\"target\":{\"@type\":\"EntryPoint\",\"urlTemplate\":\"https:\\\/\\\/medicinasinc.com\\\/hr\\\/?s={search_term_string}\"},\"query-input\":{\"@type\":\"PropertyValueSpecification\",\"valueRequired\":true,\"valueName\":\"search_term_string\"}}],\"inLanguage\":\"hr\"}]}<\/script>\n<!-- \/ Yoast SEO plugin. -->","yoast_head_json":{"title":"Kupite roksikodon 30 mg - najbolji najbolji svjetski lijekovi","description":"Kupite Roxicodone 30 mg tablete UK, Europa u na\u0161oj bestglobalmeds.com online trgovini s brzom dostavom diljem svijeta! Najbolji OxyContin za naru\u010divanje na\u0107i \u0107ete ovdje!","robots":{"index":"index","follow":"follow","max-snippet":"max-snippet:-1","max-image-preview":"max-image-preview:large","max-video-preview":"max-video-preview:-1"},"canonical":"https:\/\/medicinasinc.com\/hr\/product\/kupiti-roksikodon-30-mg\/","og_locale":"hr_HR","og_type":"article","og_title":"Kupite roksikodon 30 mg - najbolji najbolji svjetski lijekovi","og_description":"Kupite Roxicodone 30 mg tablete UK, Europa u na\u0161oj bestglobalmeds.com online trgovini s brzom dostavom diljem svijeta! Najbolji OxyContin za naru\u010divanje na\u0107i \u0107ete ovdje!","og_url":"https:\/\/medicinasinc.com\/hr\/product\/kupiti-roksikodon-30-mg\/","og_site_name":"Medicinas Inc","article_modified_time":"2022-03-15T05:43:46+00:00","og_image":[{"width":400,"height":300,"url":"https:\/\/medicinasinc.com\/hr\/wp-content\/uploads\/sites\/3\/2022\/02\/Roxicodone-30-mg.png","type":"image\/png"}],"twitter_card":"summary_large_image","twitter_misc":{"Procijenjeno vrijeme \u010ditanja":"7 minuta"},"schema":{"@context":"https:\/\/schema.org","@graph":[{"@type":"WebPage","@id":"https:\/\/medicinasinc.com\/hr\/product\/kupiti-roksikodon-30-mg\/","url":"https:\/\/medicinasinc.com\/hr\/product\/kupiti-roksikodon-30-mg\/","name":"Kupite roksikodon 30 mg - najbolji najbolji svjetski lijekovi","isPartOf":{"@id":"https:\/\/medicinasinc.com\/hr\/#website"},"primaryImageOfPage":{"@id":"https:\/\/medicinasinc.com\/hr\/product\/kupiti-roksikodon-30-mg\/#primaryimage"},"image":{"@id":"https:\/\/medicinasinc.com\/hr\/product\/kupiti-roksikodon-30-mg\/#primaryimage"},"thumbnailUrl":"https:\/\/medicinasinc.com\/hr\/wp-content\/uploads\/sites\/3\/2022\/02\/Roxicodone-30-mg.png","datePublished":"2022-02-21T18:38:01+00:00","dateModified":"2022-03-15T05:43:46+00:00","description":"Kupite Roxicodone 30 mg tablete UK, Europa u na\u0161oj bestglobalmeds.com online trgovini s brzom dostavom diljem svijeta! Najbolji OxyContin za naru\u010divanje na\u0107i \u0107ete ovdje!","breadcrumb":{"@id":"https:\/\/medicinasinc.com\/hr\/product\/kupiti-roksikodon-30-mg\/#breadcrumb"},"inLanguage":"hr","potentialAction":[{"@type":"ReadAction","target":["https:\/\/medicinasinc.com\/hr\/product\/kupiti-roksikodon-30-mg\/"]}]},{"@type":"ImageObject","inLanguage":"hr","@id":"https:\/\/medicinasinc.com\/hr\/product\/kupiti-roksikodon-30-mg\/#primaryimage","url":"https:\/\/medicinasinc.com\/hr\/wp-content\/uploads\/sites\/3\/2022\/02\/Roxicodone-30-mg.png","contentUrl":"https:\/\/medicinasinc.com\/hr\/wp-content\/uploads\/sites\/3\/2022\/02\/Roxicodone-30-mg.png","width":400,"height":300},{"@type":"BreadcrumbList","@id":"https:\/\/medicinasinc.com\/hr\/product\/kupiti-roksikodon-30-mg\/#breadcrumb","itemListElement":[{"@type":"ListItem","position":1,"name":"Du\u0107an","item":"https:\/\/medicinasinc.com\/hr\/ducan\/"},{"@type":"ListItem","position":2,"name":"Kupite roksikodon 30 mg"}]},{"@type":"WebSite","@id":"https:\/\/medicinasinc.com\/hr\/#website","url":"https:\/\/medicinasinc.com\/hr\/","name":"Medicinas Inc","description":"Health Medical Clinic","potentialAction":[{"@type":"SearchAction","target":{"@type":"EntryPoint","urlTemplate":"https:\/\/medicinasinc.com\/hr\/?s={search_term_string}"},"query-input":{"@type":"PropertyValueSpecification","valueRequired":true,"valueName":"search_term_string"}}],"inLanguage":"hr"}]}},"_links":{"self":[{"href":"https:\/\/medicinasinc.com\/hr\/wp-json\/wp\/v2\/product\/5310","targetHints":{"allow":["GET"]}}],"collection":[{"href":"https:\/\/medicinasinc.com\/hr\/wp-json\/wp\/v2\/product"}],"about":[{"href":"https:\/\/medicinasinc.com\/hr\/wp-json\/wp\/v2\/types\/product"}],"replies":[{"embeddable":true,"href":"https:\/\/medicinasinc.com\/hr\/wp-json\/wp\/v2\/comments?post=5310"}],"wp:featuredmedia":[{"embeddable":true,"href":"https:\/\/medicinasinc.com\/hr\/wp-json\/wp\/v2\/media\/5321"}],"wp:attachment":[{"href":"https:\/\/medicinasinc.com\/hr\/wp-json\/wp\/v2\/media?parent=5310"}],"wp:term":[{"taxonomy":"product_brand","embeddable":true,"href":"https:\/\/medicinasinc.com\/hr\/wp-json\/wp\/v2\/product_brand?post=5310"},{"taxonomy":"product_cat","embeddable":true,"href":"https:\/\/medicinasinc.com\/hr\/wp-json\/wp\/v2\/product_cat?post=5310"},{"taxonomy":"product_tag","embeddable":true,"href":"https:\/\/medicinasinc.com\/hr\/wp-json\/wp\/v2\/product_tag?post=5310"}],"curies":[{"name":"wp","href":"https:\/\/api.w.org\/{rel}","templated":true}]}}