{"id":5309,"date":"2022-02-21T18:36:34","date_gmt":"2022-02-21T18:36:34","guid":{"rendered":"https:\/\/medicinasinc.com\/hr\/?post_type=product&#038;p=5309"},"modified":"2022-03-15T05:43:54","modified_gmt":"2022-03-15T05:43:54","slug":"kupiti-restoril-30-mg-temazepam-pilule","status":"publish","type":"product","link":"https:\/\/medicinasinc.com\/hr\/product\/kupiti-restoril-30-mg-temazepam-pilule\/","title":{"rendered":"Kupite tablete Restoril 30 mg Temazepam"},"content":{"rendered":"<div class=\"product-next-previous\">\n<div>\n<p>Online ljekarna za kupnju Restoril Temezepam tableta (30Mg)<br \/> Restoril: \u0160to je to i kako se koristi?<\/p>\n<p> Restoril je lijek na recept koji se koristi za lije\u010denje problema s nesanicom. Restoril se mo\u017ee uzimati sam ili u kombinaciji s drugim lijekovima.<\/p>\n<p>Restoril je sedativ\/hipnoti\u010dki lijek.<\/p>\n<p>Za Restoril nije poznato da je siguran ili u\u010dinkovit kod djece.<\/p>\n<p>Koji su vjerojatni rizici povezani s Restoril?<\/p>\n<p>Restoril mo\u017ee imati velike \u0161tetne u\u010dinke, uklju\u010duju\u0107i sljede\u0107e:<\/p>\n<p>Zbunjenost, uznemirenost, agresivnost, halucinacije, tjeskoba, problemi s pam\u0107enjem, i tu\u017eno raspolo\u017eenje svi su simptomi shizofrenije.<\/p>\n<p>&nbsp;<\/p>\n<p>Temazepam, kao i mnogi drugi sli\u010dni i srodni benzodiazepini, djeluje kao GABA modulator i sposoban je izazvati niz u\u010dinaka, uklju\u010duju\u0107i pospanost, hipnozu, relaksaciju skeletnih mi\u0161i\u0107a, antikonvulzivnu aktivnost i anksioliti\u010dko djelovanje 6,7,13,14.<\/p>\n<p>Iako je kemijska sinteza temazepama otkrivena 1965.99, njegova ra\u0161irena moderna upotreba nije zapo\u010dela sve do stvarna uporaba lijeka kao lijeka protiv nesanice kasnije je prepoznata i licencirana. Prije nego \u0161to je temazepam postao uobi\u010dajeno propisivan lijek za civile, ameri\u010dka vojska ga je \u2013 i nastavlja ga \u2013 koristiti kao sedativno-hipnoti\u010dki lijek koji su uzimali vojnici, piloti i drugi kako bi dobili potreban odmor za medicinski oporavak ili zakazani manevri i operacije 10. Bez obzira na to, temazepam je izrastao u jedan od naj\u010de\u0161\u0107e propisivanih lijekova u svijetu, s milijunima recepata napisanim svake godine. Na\u017ealost, zbog svoje ra\u0161irene uporabe i inherentne prirode svojih farmakolo\u0161kih u\u010dinaka, temazepam \u2013 kao i mnogi drugi benzodiazepini \u2013 ima zna\u010dajan potencijal za zlouporabu i sposoban je uzrokovati da korisnici razviju toleranciju na lijekove, fizi\u010dku ovisnost i ovisnost.<\/p>\n<p>GroupsApproved, InvestigationalStructureSmall Molecules<\/p>\n<div class=\"structure\"><a class=\"moldbi-vector-thumbnail\" href=\"https:\/\/go.drugbank.com\/structures\/DB00231\/image.svg\"><img decoding=\"async\" src=\"https:\/\/go.drugbank.com\/structures\/DB00231\/thumb.svg\" alt=\"Thumb\" \/><\/a><\/div>\n<dl class=\"right-dl col- xl-6 col-lg-12\"><\/dl>\n<\/p><\/div>\n<div class=\"product-prev\"><strong>temazepam (restoril), temazepam restoril, restoril temazepam, temazepam (restoril) nuspojave, temazepam (restoril, kupi restoril temazepam online, kupi temazepam (restoril), generi\u010dki restoril temazepam, temazepam restoril kupi, restoril (temazepam) 30mg za prodaju, je temazepam isto \u0161to i restoril, temazepam (restoril) davis, temazepam (restoril) pill bott e, gdje se mo\u017ee kupiti temazepam (restoril), temazepam (restoril) cvs, temazepam (restoril) kupiti, temazepam isto \u0161to i restoril, temazepam (restoril)\u00a0<img decoding=\"async\" class=\"emoji\" role=\"img\" src=\"https:\/ \/sworg\/images\/core\/emoji\/13.1.0\/svg\/2714.svg\" alt=\"\u2714\" \/>\u00a0<img decoding=\"async\" class=\"emoji\" role=\"img\" src=\"https:\/\/sworg\/images \/core\/emoji\/13.1.0\/svg\/2714.svg\" alt=\"\u2714\" \/>\u00a0<img decoding=\"async\" class=\"emoji\" role=\"img\" src=\"https:\/\/sworg\/images\/core\/emoji\/ 13.1.0\/svg\/2714.svg\" alt=\"\u2714\" \/>, restoril temazepam 30mg, sigurna alternativa restoril (temazepam), temazepam (restoril) cijena, temazepam (restoril) otc, temazepam restoril nuspojave, temazepam (brand naziv restoril), restoril (temazepam)<\/strong><\/div><\/div>\n<div class=\"product-next-previous\">\n<div class=\"product-prev\"><\/div><\/div>\n","protected":false},"excerpt":{"rendered":"<p>Kupite Restoril 30mg Temezepam tablete mo\u017eete kupiti online.<\/p>\n<p>Naziv robne marke:\u00a0<strong>Restoril<\/strong><br \/> Generi\u010dki:\u00a0<strong>Temazepam<\/strong><br \/> Snaga Dostupno: 30mg<br \/> Pakiranje: Blister<br \/> Izradio: Novartis<\/p>\n<p>&nbsp;<\/p>\n","protected":false},"featured_media":5319,"comment_status":"open","ping_status":"closed","template":"","meta":[],"product_brand":[],"product_cat":[1117],"product_tag":[1852,1878,1853,1854,1851,1855,1856,1857,1858,1859,1861,1862,1863,1864,1865,1866,1870,1871,1867,1868,1872,1869,1873,1874,1877,1876,1875,1860],"class_list":{"0":"post-5309","1":"product","2":"type-product","3":"status-publish","4":"has-post-thumbnail","6":"product_cat-kupite-tablete-za-bol-spavanje-seks","7":"product_tag-buy-temazepam-restoril","8":"product_tag-gdje-moete-kupiti-temazepam-restoril","9":"product_tag-generic-restoril-temazepam","10":"product_tag-je-temazepam-isto-kao-restoril","11":"product_tag-kupiti-restoril-temazepam-online","12":"product_tag-over-the-counter-substitute-for-temazepam","13":"product_tag-restoril-temazepam-30mg-na-prodaju","14":"product_tag-restoril-15-mg","15":"product_tag-restoril-15-mg-online","16":"product_tag-restoril-30-mg-cijena","17":"product_tag-restoril-temazepam","18":"product_tag-restoril-temazepam-30mg","19":"product_tag-sigurna-alternativa-restoril-temazepam","20":"product_tag-temazepam-brand-name-restoril","21":"product_tag-temazepam-restoril","22":"product_tag-temazepam-restoril---","23":"product_tag-temazepam-restoril-boica-za-tablete","24":"product_tag-temazepam-restoril-cijena","25":"product_tag-temazepam-restoril-cvs","26":"product_tag-temazepam-restoril-davis","27":"product_tag-temazepam-restoril-nuspojave","28":"product_tag-temazepam-restoril-otc","29":"product_tag-temazepam-30-mg","30":"product_tag-temazepam-30-mg-nuspojave","31":"product_tag-temazepam-gubitak-teine","32":"product_tag-temazepam-isto-kao-restoril","33":"product_tag-temazepam-restoril-kupi","34":"product_tag-restoril-tablet-online","36":"first","37":"instock","38":"shipping-taxable","39":"purchasable","40":"product-type-variable","41":"has-default-attributes"},"yoast_head":"<!-- This site is optimized with the Yoast SEO plugin v27.3 - https:\/\/yoast.com\/product\/yoast-seo-wordpress\/ -->\n<title>Kupite Restoril 30 mg Temazepam tablete - Najbolji najbolji svjetski lijekovi<\/title>\n<meta name=\"description\" content=\"Pilula s otiskom RESTORIL 30 mg M FOR SLEEP je plava\/kestenjasta, oblika kapsule i identificirana je kao Restoril 30 mg. Kupi RESTORIL 30 mg M ZA SAN.\" \/>\n<meta name=\"robots\" content=\"index, follow, max-snippet:-1, max-image-preview:large, max-video-preview:-1\" \/>\n<link rel=\"canonical\" href=\"https:\/\/medicinasinc.com\/hr\/product\/kupiti-restoril-30-mg-temazepam-pilule\/\" \/>\n<meta property=\"og:locale\" content=\"hr_HR\" \/>\n<meta property=\"og:type\" content=\"article\" \/>\n<meta property=\"og:title\" content=\"Kupite Restoril 30 mg Temazepam tablete - Najbolji najbolji svjetski lijekovi\" \/>\n<meta property=\"og:description\" content=\"Pilula s otiskom RESTORIL 30 mg M FOR SLEEP je plava\/kestenjasta, oblika kapsule i identificirana je kao Restoril 30 mg. Kupi RESTORIL 30 mg M ZA SAN.\" \/>\n<meta property=\"og:url\" content=\"https:\/\/medicinasinc.com\/hr\/product\/kupiti-restoril-30-mg-temazepam-pilule\/\" \/>\n<meta property=\"og:site_name\" content=\"Medicinas Inc\" \/>\n<meta property=\"article:modified_time\" content=\"2022-03-15T05:43:54+00:00\" \/>\n<meta property=\"og:image\" content=\"https:\/\/medicinasinc.com\/hr\/wp-content\/uploads\/sites\/3\/2022\/02\/Buy-Restoril-30-mg-Temazepam-pills.jpg\" \/>\n\t<meta property=\"og:image:width\" content=\"2064\" \/>\n\t<meta property=\"og:image:height\" content=\"1073\" \/>\n\t<meta property=\"og:image:type\" content=\"image\/jpeg\" \/>\n<meta name=\"twitter:card\" content=\"summary_large_image\" \/>\n<meta name=\"twitter:label1\" content=\"Procijenjeno vrijeme \u010ditanja\" \/>\n\t<meta name=\"twitter:data1\" content=\"3 minute\" \/>\n<script type=\"application\/ld+json\" class=\"yoast-schema-graph\">{\"@context\":\"https:\\\/\\\/schema.org\",\"@graph\":[{\"@type\":\"WebPage\",\"@id\":\"https:\\\/\\\/medicinasinc.com\\\/hr\\\/product\\\/kupiti-restoril-30-mg-temazepam-pilule\\\/\",\"url\":\"https:\\\/\\\/medicinasinc.com\\\/hr\\\/product\\\/kupiti-restoril-30-mg-temazepam-pilule\\\/\",\"name\":\"Kupite Restoril 30 mg Temazepam tablete - Najbolji najbolji svjetski lijekovi\",\"isPartOf\":{\"@id\":\"https:\\\/\\\/medicinasinc.com\\\/hr\\\/#website\"},\"primaryImageOfPage\":{\"@id\":\"https:\\\/\\\/medicinasinc.com\\\/hr\\\/product\\\/kupiti-restoril-30-mg-temazepam-pilule\\\/#primaryimage\"},\"image\":{\"@id\":\"https:\\\/\\\/medicinasinc.com\\\/hr\\\/product\\\/kupiti-restoril-30-mg-temazepam-pilule\\\/#primaryimage\"},\"thumbnailUrl\":\"https:\\\/\\\/medicinasinc.com\\\/hr\\\/wp-content\\\/uploads\\\/sites\\\/3\\\/2022\\\/02\\\/Buy-Restoril-30-mg-Temazepam-pills.jpg\",\"datePublished\":\"2022-02-21T18:36:34+00:00\",\"dateModified\":\"2022-03-15T05:43:54+00:00\",\"description\":\"Pilula s otiskom RESTORIL 30 mg M FOR SLEEP je plava\\\/kestenjasta, oblika kapsule i identificirana je kao Restoril 30 mg. Kupi RESTORIL 30 mg M ZA SAN.\",\"breadcrumb\":{\"@id\":\"https:\\\/\\\/medicinasinc.com\\\/hr\\\/product\\\/kupiti-restoril-30-mg-temazepam-pilule\\\/#breadcrumb\"},\"inLanguage\":\"hr\",\"potentialAction\":[{\"@type\":\"ReadAction\",\"target\":[\"https:\\\/\\\/medicinasinc.com\\\/hr\\\/product\\\/kupiti-restoril-30-mg-temazepam-pilule\\\/\"]}]},{\"@type\":\"ImageObject\",\"inLanguage\":\"hr\",\"@id\":\"https:\\\/\\\/medicinasinc.com\\\/hr\\\/product\\\/kupiti-restoril-30-mg-temazepam-pilule\\\/#primaryimage\",\"url\":\"https:\\\/\\\/medicinasinc.com\\\/hr\\\/wp-content\\\/uploads\\\/sites\\\/3\\\/2022\\\/02\\\/Buy-Restoril-30-mg-Temazepam-pills.jpg\",\"contentUrl\":\"https:\\\/\\\/medicinasinc.com\\\/hr\\\/wp-content\\\/uploads\\\/sites\\\/3\\\/2022\\\/02\\\/Buy-Restoril-30-mg-Temazepam-pills.jpg\",\"width\":2064,\"height\":1073},{\"@type\":\"BreadcrumbList\",\"@id\":\"https:\\\/\\\/medicinasinc.com\\\/hr\\\/product\\\/kupiti-restoril-30-mg-temazepam-pilule\\\/#breadcrumb\",\"itemListElement\":[{\"@type\":\"ListItem\",\"position\":1,\"name\":\"Du\u0107an\",\"item\":\"https:\\\/\\\/medicinasinc.com\\\/hr\\\/ducan\\\/\"},{\"@type\":\"ListItem\",\"position\":2,\"name\":\"Kupite tablete Restoril 30 mg Temazepam\"}]},{\"@type\":\"WebSite\",\"@id\":\"https:\\\/\\\/medicinasinc.com\\\/hr\\\/#website\",\"url\":\"https:\\\/\\\/medicinasinc.com\\\/hr\\\/\",\"name\":\"Medicinas Inc\",\"description\":\"Health Medical Clinic\",\"potentialAction\":[{\"@type\":\"SearchAction\",\"target\":{\"@type\":\"EntryPoint\",\"urlTemplate\":\"https:\\\/\\\/medicinasinc.com\\\/hr\\\/?s={search_term_string}\"},\"query-input\":{\"@type\":\"PropertyValueSpecification\",\"valueRequired\":true,\"valueName\":\"search_term_string\"}}],\"inLanguage\":\"hr\"}]}<\/script>\n<!-- \/ Yoast SEO plugin. -->","yoast_head_json":{"title":"Kupite Restoril 30 mg Temazepam tablete - Najbolji najbolji svjetski lijekovi","description":"Pilula s otiskom RESTORIL 30 mg M FOR SLEEP je plava\/kestenjasta, oblika kapsule i identificirana je kao Restoril 30 mg. Kupi RESTORIL 30 mg M ZA SAN.","robots":{"index":"index","follow":"follow","max-snippet":"max-snippet:-1","max-image-preview":"max-image-preview:large","max-video-preview":"max-video-preview:-1"},"canonical":"https:\/\/medicinasinc.com\/hr\/product\/kupiti-restoril-30-mg-temazepam-pilule\/","og_locale":"hr_HR","og_type":"article","og_title":"Kupite Restoril 30 mg Temazepam tablete - Najbolji najbolji svjetski lijekovi","og_description":"Pilula s otiskom RESTORIL 30 mg M FOR SLEEP je plava\/kestenjasta, oblika kapsule i identificirana je kao Restoril 30 mg. Kupi RESTORIL 30 mg M ZA SAN.","og_url":"https:\/\/medicinasinc.com\/hr\/product\/kupiti-restoril-30-mg-temazepam-pilule\/","og_site_name":"Medicinas Inc","article_modified_time":"2022-03-15T05:43:54+00:00","og_image":[{"width":2064,"height":1073,"url":"https:\/\/medicinasinc.com\/hr\/wp-content\/uploads\/sites\/3\/2022\/02\/Buy-Restoril-30-mg-Temazepam-pills.jpg","type":"image\/jpeg"}],"twitter_card":"summary_large_image","twitter_misc":{"Procijenjeno vrijeme \u010ditanja":"3 minute"},"schema":{"@context":"https:\/\/schema.org","@graph":[{"@type":"WebPage","@id":"https:\/\/medicinasinc.com\/hr\/product\/kupiti-restoril-30-mg-temazepam-pilule\/","url":"https:\/\/medicinasinc.com\/hr\/product\/kupiti-restoril-30-mg-temazepam-pilule\/","name":"Kupite Restoril 30 mg Temazepam tablete - Najbolji najbolji svjetski lijekovi","isPartOf":{"@id":"https:\/\/medicinasinc.com\/hr\/#website"},"primaryImageOfPage":{"@id":"https:\/\/medicinasinc.com\/hr\/product\/kupiti-restoril-30-mg-temazepam-pilule\/#primaryimage"},"image":{"@id":"https:\/\/medicinasinc.com\/hr\/product\/kupiti-restoril-30-mg-temazepam-pilule\/#primaryimage"},"thumbnailUrl":"https:\/\/medicinasinc.com\/hr\/wp-content\/uploads\/sites\/3\/2022\/02\/Buy-Restoril-30-mg-Temazepam-pills.jpg","datePublished":"2022-02-21T18:36:34+00:00","dateModified":"2022-03-15T05:43:54+00:00","description":"Pilula s otiskom RESTORIL 30 mg M FOR SLEEP je plava\/kestenjasta, oblika kapsule i identificirana je kao Restoril 30 mg. Kupi RESTORIL 30 mg M ZA SAN.","breadcrumb":{"@id":"https:\/\/medicinasinc.com\/hr\/product\/kupiti-restoril-30-mg-temazepam-pilule\/#breadcrumb"},"inLanguage":"hr","potentialAction":[{"@type":"ReadAction","target":["https:\/\/medicinasinc.com\/hr\/product\/kupiti-restoril-30-mg-temazepam-pilule\/"]}]},{"@type":"ImageObject","inLanguage":"hr","@id":"https:\/\/medicinasinc.com\/hr\/product\/kupiti-restoril-30-mg-temazepam-pilule\/#primaryimage","url":"https:\/\/medicinasinc.com\/hr\/wp-content\/uploads\/sites\/3\/2022\/02\/Buy-Restoril-30-mg-Temazepam-pills.jpg","contentUrl":"https:\/\/medicinasinc.com\/hr\/wp-content\/uploads\/sites\/3\/2022\/02\/Buy-Restoril-30-mg-Temazepam-pills.jpg","width":2064,"height":1073},{"@type":"BreadcrumbList","@id":"https:\/\/medicinasinc.com\/hr\/product\/kupiti-restoril-30-mg-temazepam-pilule\/#breadcrumb","itemListElement":[{"@type":"ListItem","position":1,"name":"Du\u0107an","item":"https:\/\/medicinasinc.com\/hr\/ducan\/"},{"@type":"ListItem","position":2,"name":"Kupite tablete Restoril 30 mg Temazepam"}]},{"@type":"WebSite","@id":"https:\/\/medicinasinc.com\/hr\/#website","url":"https:\/\/medicinasinc.com\/hr\/","name":"Medicinas Inc","description":"Health Medical Clinic","potentialAction":[{"@type":"SearchAction","target":{"@type":"EntryPoint","urlTemplate":"https:\/\/medicinasinc.com\/hr\/?s={search_term_string}"},"query-input":{"@type":"PropertyValueSpecification","valueRequired":true,"valueName":"search_term_string"}}],"inLanguage":"hr"}]}},"_links":{"self":[{"href":"https:\/\/medicinasinc.com\/hr\/wp-json\/wp\/v2\/product\/5309","targetHints":{"allow":["GET"]}}],"collection":[{"href":"https:\/\/medicinasinc.com\/hr\/wp-json\/wp\/v2\/product"}],"about":[{"href":"https:\/\/medicinasinc.com\/hr\/wp-json\/wp\/v2\/types\/product"}],"replies":[{"embeddable":true,"href":"https:\/\/medicinasinc.com\/hr\/wp-json\/wp\/v2\/comments?post=5309"}],"wp:featuredmedia":[{"embeddable":true,"href":"https:\/\/medicinasinc.com\/hr\/wp-json\/wp\/v2\/media\/5319"}],"wp:attachment":[{"href":"https:\/\/medicinasinc.com\/hr\/wp-json\/wp\/v2\/media?parent=5309"}],"wp:term":[{"taxonomy":"product_brand","embeddable":true,"href":"https:\/\/medicinasinc.com\/hr\/wp-json\/wp\/v2\/product_brand?post=5309"},{"taxonomy":"product_cat","embeddable":true,"href":"https:\/\/medicinasinc.com\/hr\/wp-json\/wp\/v2\/product_cat?post=5309"},{"taxonomy":"product_tag","embeddable":true,"href":"https:\/\/medicinasinc.com\/hr\/wp-json\/wp\/v2\/product_tag?post=5309"}],"curies":[{"name":"wp","href":"https:\/\/api.w.org\/{rel}","templated":true}]}}