{"id":5296,"date":"2022-02-21T18:20:49","date_gmt":"2022-02-21T18:20:49","guid":{"rendered":"https:\/\/medicinasinc.com\/hr\/?post_type=product&#038;p=5296"},"modified":"2022-03-15T05:44:02","modified_gmt":"2022-03-15T05:44:02","slug":"kupiti-fenida-10mg-pilule","status":"publish","type":"product","link":"https:\/\/medicinasinc.com\/hr\/product\/kupiti-fenida-10mg-pilule\/","title":{"rendered":"Kupite tablete Phenida 10mg"},"content":{"rendered":"<p>Phenida (metilfenidat hcl) 10mg tablete se mogu kupiti na internetu.<\/p>\n<p>Imamo najbolju online ljekarnu u kojoj mo\u017eete kupiti Phenida, pa je kupite sada.<\/p>\n<p>PHENIDA je. lijek koji poma\u017ee osobama s ADD\/ADHD-om. Ovdje mo\u017eete prona\u0107i vi\u0161e informacija o ADD\/ADHD-u i drugim fenidama.<\/p>\n<p>ADD\/ADHD:<\/p>\n<p>Ako imate ADHD, mo\u017eda ne\u0107ete mo\u0107i zadr\u017eati pozornost, budite previ\u0161e aktivan ili ne mo\u017eete kontrolirati svoje pona\u0161anje. Dob i razvoj osobe ne mogu uzrokovati ove probleme ADHD-a ako su izvan normalnog raspona za dob ili razvoj te osobe.<\/p>\n<p>Lijekovi za ADD i ADHD? Ova stranica prodaje fenidu (metilfenidat hcl) 10 mg.<\/p>\n<p>Poreme\u0107aj hiperaktivnosti deficita pa\u017enje (ADHD) jedan je od naj\u010de\u0161\u0107ih poreme\u0107aja u djetinjstvu, a mo\u017ee trajati i tijekom adolescencije i odrasle godine. Me\u0111u simptomima su problemi s usredoto\u010deno\u0161\u0107u i pa\u017enjom, problemi s kontroliranjem pona\u0161anja i hiperaktivnost (pretjerana aktivnost).<\/p>\n<p>Da biste kupili ADD (poreme\u0107aj pa\u017enje) tablete na mre\u017ei bez recepta, mo\u017eete oti\u0107i na web stranicu .<\/p>\n<p>Sljede\u0107e su razli\u010dite vrste metilfenidata: metilfenidat HCL, metilfenidat HCL, metilfenidat HCL ER, metilfenidat HCL, metilfenidat HCL, metilfenidat HCL, metilfenidat HCL, metilfenidat HCL1gethylphenidat HCL10 metilfenidat HCL20. Kada kupujete metilfenidat hcl tablete, koje su one? metilfenidat hcl 20 mg, metilfenidat hcl 18 mg, metilfenidat hcl er cd, metilfenidat hcl 10 mg, metilfenidat hcl oblici doziranja i metilfenidat hcl 18 mg pitanja.<\/p>\n","protected":false},"excerpt":{"rendered":"<div class=\"woocommerce-product-details__short-description\">\n<p>Phenida 10mg tablete mogu se kupiti online. tablete za spavanje bez recepta, online ljekarna uk, steroidne pilule na prodaju, jake tablete za spavanje, lijekovi protiv bolova.<\/p>\n<\/p><\/div>\n","protected":false},"featured_media":5307,"comment_status":"open","ping_status":"closed","template":"","meta":[],"product_brand":[],"product_cat":[1117],"product_tag":[1795,1796,1829,1797,1802,1803,1832,1836,1843,1845,1849,1805,1804,1806,1807,1808,1809,1799,1801,1798,1800,1810,1815,1816,1817,1818,1823,1824,1825,1826,1811,1812,1821,1813,1814,1819,1820,1822,1827,1828,1830,1831,1833,1834,1835,1838,1837,1839,1840,1841,1842,1844,1794,1848,1847,1846,1850],"class_list":{"0":"post-5296","1":"product","2":"type-product","3":"status-publish","4":"has-post-thumbnail","6":"product_cat-kupite-tablete-za-bol-spavanje-seks","7":"product_tag-adhd","8":"product_tag-best-phenida-methylphenidate-hcl-10mg-online","9":"product_tag-bez-recepta","10":"product_tag-bugarska-fenida","11":"product_tag-buy-phenida-10mg","12":"product_tag-buyphenidacredit-card","13":"product_tag-fenida-metilfenidat-hcl-10mg","14":"product_tag-fenida-boca","15":"product_tag-fenida-ritalin","16":"product_tag-fenida-zafa","17":"product_tag-gdje-kupiti-fenida","18":"product_tag-generic-phenida","19":"product_tag-rodovi-c4-8dki-ritalin-fenida","20":"product_tag-is-focalin-also-called-phenida","21":"product_tag-is-phenida-same-adderal","22":"product_tag-is-phenida-same-as-ritalin","23":"product_tag-is-phenida-same-asadder","24":"product_tag-kupiti-fenida-metilfenidat-hcl-10mg-online","25":"product_tag-kupiti-fenidano-recept","26":"product_tag-kupiti-fenida","27":"product_tag-kupiti-fenida-online","28":"product_tag-methylphenidate-hcl","29":"product_tag-methylphenidate-hcl-5mg","30":"product_tag-methylphenidate-hcl-cd","31":"product_tag-methylphenidate-hcl-dosage-forms","32":"product_tag-methylphenidate-hcl-er","33":"product_tag-methylphenidate-hcl-er-36-mg","34":"product_tag-methylphenidate-hcl-er-54-mg","35":"product_tag-methylphenidate-hcl-er-cd","36":"product_tag-methylphenidate-hcl-er-tablets","37":"product_tag-metilfenidat-hcl-10mg","38":"product_tag-metilfenidat-hcl-18mg","39":"product_tag-metilfenidat-hcl-er-20-mg","40":"product_tag-metilfenidat-hcl-20-mg","41":"product_tag-metilfenidat-hcl-20mg","42":"product_tag-metilfenidat-hcl-er-10-mg","43":"product_tag-metilfenidat-hcl-er-18-mg","44":"product_tag-metilfenidat-hcl-er-27-mg","45":"product_tag-metilfenidat-hcl-nuspojave","46":"product_tag-metilfenidat-vs-metilfenidat-hcl","47":"product_tag-orderphenida","48":"product_tag-phenida","49":"product_tag-fenida-metilfenidat-hcl-10mg-za-prodaja-online","50":"product_tag-fenida-metilfenidat-hcl-10mg-cijena","51":"product_tag-fenida-metilfenidat-hcl-10mg-pregled","52":"product_tag-fenida-bez-recepta","53":"product_tag-phenida-bulgeria","54":"product_tag-fenida-online","55":"product_tag-phenida-online-pouzdana-ljekarna","56":"product_tag-phenida-online-pouzdana-apoteka-bitcoin","57":"product_tag-fenida-recenzije","58":"product_tag-fenida-ritalin-zafa","59":"product_tag-prihvaa-paypal","60":"product_tag-to-je-fenida","61":"product_tag-to-je-metilfenidat-hcl","62":"product_tag-to-znai-fenida","63":"product_tag-zafa-fenida","65":"first","66":"instock","67":"shipping-taxable","68":"purchasable","69":"product-type-variable","70":"has-default-attributes"},"yoast_head":"<!-- This site is optimized with the Yoast SEO plugin v27.3 - https:\/\/yoast.com\/product\/yoast-seo-wordpress\/ -->\n<title>Kupite tablete Phenida od 10 mg - najbolji najbolji svjetski lijekovi<\/title>\n<meta name=\"description\" content=\"Kupite Phenida 10mg tablete online. tablete za spavanje bez recepta, naru\u010dite tablete online, steroidne pilule na prodaju, jake tablete za spavanje, lijekove protiv bolova, online ljekarna uk.\" \/>\n<meta name=\"robots\" content=\"index, follow, max-snippet:-1, max-image-preview:large, max-video-preview:-1\" \/>\n<link rel=\"canonical\" href=\"https:\/\/medicinasinc.com\/hr\/product\/kupiti-fenida-10mg-pilule\/\" \/>\n<meta property=\"og:locale\" content=\"hr_HR\" \/>\n<meta property=\"og:type\" content=\"article\" \/>\n<meta property=\"og:title\" content=\"Kupite tablete Phenida od 10 mg - najbolji najbolji svjetski lijekovi\" \/>\n<meta property=\"og:description\" content=\"Kupite Phenida 10mg tablete online. tablete za spavanje bez recepta, naru\u010dite tablete online, steroidne pilule na prodaju, jake tablete za spavanje, lijekove protiv bolova, online ljekarna uk.\" \/>\n<meta property=\"og:url\" content=\"https:\/\/medicinasinc.com\/hr\/product\/kupiti-fenida-10mg-pilule\/\" \/>\n<meta property=\"og:site_name\" content=\"Medicinas Inc\" \/>\n<meta property=\"article:modified_time\" content=\"2022-03-15T05:44:02+00:00\" \/>\n<meta property=\"og:image\" content=\"https:\/\/medicinasinc.com\/hr\/wp-content\/uploads\/sites\/3\/2022\/02\/buy-phenida-10mg-pills-online.jpg\" \/>\n\t<meta property=\"og:image:width\" content=\"600\" \/>\n\t<meta property=\"og:image:height\" content=\"600\" \/>\n\t<meta property=\"og:image:type\" content=\"image\/jpeg\" \/>\n<meta name=\"twitter:card\" content=\"summary_large_image\" \/>\n<meta name=\"twitter:label1\" content=\"Procijenjeno vrijeme \u010ditanja\" \/>\n\t<meta name=\"twitter:data1\" content=\"2 minute\" \/>\n<script type=\"application\/ld+json\" class=\"yoast-schema-graph\">{\"@context\":\"https:\\\/\\\/schema.org\",\"@graph\":[{\"@type\":\"WebPage\",\"@id\":\"https:\\\/\\\/medicinasinc.com\\\/hr\\\/product\\\/kupiti-fenida-10mg-pilule\\\/\",\"url\":\"https:\\\/\\\/medicinasinc.com\\\/hr\\\/product\\\/kupiti-fenida-10mg-pilule\\\/\",\"name\":\"Kupite tablete Phenida od 10 mg - najbolji najbolji svjetski lijekovi\",\"isPartOf\":{\"@id\":\"https:\\\/\\\/medicinasinc.com\\\/hr\\\/#website\"},\"primaryImageOfPage\":{\"@id\":\"https:\\\/\\\/medicinasinc.com\\\/hr\\\/product\\\/kupiti-fenida-10mg-pilule\\\/#primaryimage\"},\"image\":{\"@id\":\"https:\\\/\\\/medicinasinc.com\\\/hr\\\/product\\\/kupiti-fenida-10mg-pilule\\\/#primaryimage\"},\"thumbnailUrl\":\"https:\\\/\\\/medicinasinc.com\\\/hr\\\/wp-content\\\/uploads\\\/sites\\\/3\\\/2022\\\/02\\\/buy-phenida-10mg-pills-online.jpg\",\"datePublished\":\"2022-02-21T18:20:49+00:00\",\"dateModified\":\"2022-03-15T05:44:02+00:00\",\"description\":\"Kupite Phenida 10mg tablete online. tablete za spavanje bez recepta, naru\u010dite tablete online, steroidne pilule na prodaju, jake tablete za spavanje, lijekove protiv bolova, online ljekarna uk.\",\"breadcrumb\":{\"@id\":\"https:\\\/\\\/medicinasinc.com\\\/hr\\\/product\\\/kupiti-fenida-10mg-pilule\\\/#breadcrumb\"},\"inLanguage\":\"hr\",\"potentialAction\":[{\"@type\":\"ReadAction\",\"target\":[\"https:\\\/\\\/medicinasinc.com\\\/hr\\\/product\\\/kupiti-fenida-10mg-pilule\\\/\"]}]},{\"@type\":\"ImageObject\",\"inLanguage\":\"hr\",\"@id\":\"https:\\\/\\\/medicinasinc.com\\\/hr\\\/product\\\/kupiti-fenida-10mg-pilule\\\/#primaryimage\",\"url\":\"https:\\\/\\\/medicinasinc.com\\\/hr\\\/wp-content\\\/uploads\\\/sites\\\/3\\\/2022\\\/02\\\/buy-phenida-10mg-pills-online.jpg\",\"contentUrl\":\"https:\\\/\\\/medicinasinc.com\\\/hr\\\/wp-content\\\/uploads\\\/sites\\\/3\\\/2022\\\/02\\\/buy-phenida-10mg-pills-online.jpg\",\"width\":600,\"height\":600},{\"@type\":\"BreadcrumbList\",\"@id\":\"https:\\\/\\\/medicinasinc.com\\\/hr\\\/product\\\/kupiti-fenida-10mg-pilule\\\/#breadcrumb\",\"itemListElement\":[{\"@type\":\"ListItem\",\"position\":1,\"name\":\"Du\u0107an\",\"item\":\"https:\\\/\\\/medicinasinc.com\\\/hr\\\/ducan\\\/\"},{\"@type\":\"ListItem\",\"position\":2,\"name\":\"Kupite tablete Phenida 10mg\"}]},{\"@type\":\"WebSite\",\"@id\":\"https:\\\/\\\/medicinasinc.com\\\/hr\\\/#website\",\"url\":\"https:\\\/\\\/medicinasinc.com\\\/hr\\\/\",\"name\":\"Medicinas Inc\",\"description\":\"Health Medical Clinic\",\"potentialAction\":[{\"@type\":\"SearchAction\",\"target\":{\"@type\":\"EntryPoint\",\"urlTemplate\":\"https:\\\/\\\/medicinasinc.com\\\/hr\\\/?s={search_term_string}\"},\"query-input\":{\"@type\":\"PropertyValueSpecification\",\"valueRequired\":true,\"valueName\":\"search_term_string\"}}],\"inLanguage\":\"hr\"}]}<\/script>\n<!-- \/ Yoast SEO plugin. -->","yoast_head_json":{"title":"Kupite tablete Phenida od 10 mg - najbolji najbolji svjetski lijekovi","description":"Kupite Phenida 10mg tablete online. tablete za spavanje bez recepta, naru\u010dite tablete online, steroidne pilule na prodaju, jake tablete za spavanje, lijekove protiv bolova, online ljekarna uk.","robots":{"index":"index","follow":"follow","max-snippet":"max-snippet:-1","max-image-preview":"max-image-preview:large","max-video-preview":"max-video-preview:-1"},"canonical":"https:\/\/medicinasinc.com\/hr\/product\/kupiti-fenida-10mg-pilule\/","og_locale":"hr_HR","og_type":"article","og_title":"Kupite tablete Phenida od 10 mg - najbolji najbolji svjetski lijekovi","og_description":"Kupite Phenida 10mg tablete online. tablete za spavanje bez recepta, naru\u010dite tablete online, steroidne pilule na prodaju, jake tablete za spavanje, lijekove protiv bolova, online ljekarna uk.","og_url":"https:\/\/medicinasinc.com\/hr\/product\/kupiti-fenida-10mg-pilule\/","og_site_name":"Medicinas Inc","article_modified_time":"2022-03-15T05:44:02+00:00","og_image":[{"width":600,"height":600,"url":"https:\/\/medicinasinc.com\/hr\/wp-content\/uploads\/sites\/3\/2022\/02\/buy-phenida-10mg-pills-online.jpg","type":"image\/jpeg"}],"twitter_card":"summary_large_image","twitter_misc":{"Procijenjeno vrijeme \u010ditanja":"2 minute"},"schema":{"@context":"https:\/\/schema.org","@graph":[{"@type":"WebPage","@id":"https:\/\/medicinasinc.com\/hr\/product\/kupiti-fenida-10mg-pilule\/","url":"https:\/\/medicinasinc.com\/hr\/product\/kupiti-fenida-10mg-pilule\/","name":"Kupite tablete Phenida od 10 mg - najbolji najbolji svjetski lijekovi","isPartOf":{"@id":"https:\/\/medicinasinc.com\/hr\/#website"},"primaryImageOfPage":{"@id":"https:\/\/medicinasinc.com\/hr\/product\/kupiti-fenida-10mg-pilule\/#primaryimage"},"image":{"@id":"https:\/\/medicinasinc.com\/hr\/product\/kupiti-fenida-10mg-pilule\/#primaryimage"},"thumbnailUrl":"https:\/\/medicinasinc.com\/hr\/wp-content\/uploads\/sites\/3\/2022\/02\/buy-phenida-10mg-pills-online.jpg","datePublished":"2022-02-21T18:20:49+00:00","dateModified":"2022-03-15T05:44:02+00:00","description":"Kupite Phenida 10mg tablete online. tablete za spavanje bez recepta, naru\u010dite tablete online, steroidne pilule na prodaju, jake tablete za spavanje, lijekove protiv bolova, online ljekarna uk.","breadcrumb":{"@id":"https:\/\/medicinasinc.com\/hr\/product\/kupiti-fenida-10mg-pilule\/#breadcrumb"},"inLanguage":"hr","potentialAction":[{"@type":"ReadAction","target":["https:\/\/medicinasinc.com\/hr\/product\/kupiti-fenida-10mg-pilule\/"]}]},{"@type":"ImageObject","inLanguage":"hr","@id":"https:\/\/medicinasinc.com\/hr\/product\/kupiti-fenida-10mg-pilule\/#primaryimage","url":"https:\/\/medicinasinc.com\/hr\/wp-content\/uploads\/sites\/3\/2022\/02\/buy-phenida-10mg-pills-online.jpg","contentUrl":"https:\/\/medicinasinc.com\/hr\/wp-content\/uploads\/sites\/3\/2022\/02\/buy-phenida-10mg-pills-online.jpg","width":600,"height":600},{"@type":"BreadcrumbList","@id":"https:\/\/medicinasinc.com\/hr\/product\/kupiti-fenida-10mg-pilule\/#breadcrumb","itemListElement":[{"@type":"ListItem","position":1,"name":"Du\u0107an","item":"https:\/\/medicinasinc.com\/hr\/ducan\/"},{"@type":"ListItem","position":2,"name":"Kupite tablete Phenida 10mg"}]},{"@type":"WebSite","@id":"https:\/\/medicinasinc.com\/hr\/#website","url":"https:\/\/medicinasinc.com\/hr\/","name":"Medicinas Inc","description":"Health Medical Clinic","potentialAction":[{"@type":"SearchAction","target":{"@type":"EntryPoint","urlTemplate":"https:\/\/medicinasinc.com\/hr\/?s={search_term_string}"},"query-input":{"@type":"PropertyValueSpecification","valueRequired":true,"valueName":"search_term_string"}}],"inLanguage":"hr"}]}},"_links":{"self":[{"href":"https:\/\/medicinasinc.com\/hr\/wp-json\/wp\/v2\/product\/5296","targetHints":{"allow":["GET"]}}],"collection":[{"href":"https:\/\/medicinasinc.com\/hr\/wp-json\/wp\/v2\/product"}],"about":[{"href":"https:\/\/medicinasinc.com\/hr\/wp-json\/wp\/v2\/types\/product"}],"replies":[{"embeddable":true,"href":"https:\/\/medicinasinc.com\/hr\/wp-json\/wp\/v2\/comments?post=5296"}],"wp:featuredmedia":[{"embeddable":true,"href":"https:\/\/medicinasinc.com\/hr\/wp-json\/wp\/v2\/media\/5307"}],"wp:attachment":[{"href":"https:\/\/medicinasinc.com\/hr\/wp-json\/wp\/v2\/media?parent=5296"}],"wp:term":[{"taxonomy":"product_brand","embeddable":true,"href":"https:\/\/medicinasinc.com\/hr\/wp-json\/wp\/v2\/product_brand?post=5296"},{"taxonomy":"product_cat","embeddable":true,"href":"https:\/\/medicinasinc.com\/hr\/wp-json\/wp\/v2\/product_cat?post=5296"},{"taxonomy":"product_tag","embeddable":true,"href":"https:\/\/medicinasinc.com\/hr\/wp-json\/wp\/v2\/product_tag?post=5296"}],"curies":[{"name":"wp","href":"https:\/\/api.w.org\/{rel}","templated":true}]}}