{"id":5295,"date":"2022-02-21T18:18:17","date_gmt":"2022-02-21T18:18:17","guid":{"rendered":"https:\/\/medicinasinc.com\/hr\/?post_type=product&#038;p=5295"},"modified":"2022-03-15T05:44:16","modified_gmt":"2022-03-15T05:44:16","slug":"buy-percocet-10mg-pilule","status":"publish","type":"product","link":"https:\/\/medicinasinc.com\/hr\/product\/buy-percocet-10mg-pilule\/","title":{"rendered":"Kupite tablete Percocet 10mg"},"content":{"rendered":"<h1 style=\"text-align: center\">Kupite Percocet 10mg tablete online.<\/h1>\n<div class=\"Section\" style=\"text-align: center\">\n<h1>OPIS<\/h1>\n<p class=\"First\"><span class=\"Bold\">Oksikodon hidroklorid i acetaminofen dostupni su u tabletama za oralnu primjenu.<\/span><\/p>\n<p>Svaka tableta za oralnu primjenu sadr\u017ei oksikodon hidroklorid i acetaminofen u sljede\u0107im ja\u010dinama. :<\/p>\n<p>Oksikodon hidroklorid, USP\u00a0\u00a0\u00a0\u00a0\u00a0\u00a0\u00a0\u00a0\u00a0\u00a0\u00a0\u00a0 2,5 mg*<br \/> (*2,5 mg oksikodon\u00a0hidroklorida je ekvivalentno 2,2409 mg oksikodona.)<br \/> Acetaminophen, USP\u00a0\u00a0\u00a0\u00a0p\u00a0\u00a0\u00a0\u00a0\u00a0\u00a0\u00a0\u00a0\u00a0\u00a0\u00a0\u00a0\u00a0\u00a0\u00a0\u00a0\u00a0\u00a0\u00a0\u00a0\u00a0\u00a0\u00a0\u00a0\u00a0\u00a0\u00a0\u00a0\u00a0\u00a0\u00a0\u00a0\u00a0\u00a0\u00a0\u00a0\u00a0\u00a0\u00a0\u00a0\u00a0\u00a0\u00a0\u00a0\u00a0\u00a0\u00a0\u00a0\u00a0\u00a0\u00a0\u00a0\u00a0\u00a0\u00a0\u00a0\u00a0\u00a0\u00a0\u00a0\u00a0\u00a0\u00a0\u00a0\u00a0Oksikodon hidroklorid, USP 5 mg * <br \/> (* 5 mg oksikodon hidroklorid je ekvivalentan 4.4815 mg oksikodona.) <br \/> Acetaminofen, USP 325 mg <\/p>\n<p> oksikodon hidroklorid, USP 7,5 mg * <br \/> (*7,5 mg oksikodon\u00a0hidroklorida je ekvivalentno 6,7228 mg oksikodona.)<br \/> Acetaminophen, USP\u00a0\u00a0\u00a0\u00a0\u00a0\u00a0\u00a0\u00a0\u00a0\u00a0\u00a0\u00a0\u00a0\u00a0\u00a0 \u00a0\u00a0\u00a0\u00a0\u00a0\u00a0\u00a0\u00a0\u00a0\u00a0\u00a0\u00a0 325 mg<\/p>\n<p>Oxyco idroklorid, USP\u00a0\u00a0\u00a0\u00a0\u00a0\u00a0\u00a0\u00a0\u00a0\u00a0\u00a0\u00a0 10 mg*<br \/> (*10 mg oksikodon\u00a0hidroklorida ekvivalentno je 8,9637 mg oksikodona.)<br \/> Acetaminofen, USP\u00a0\u00a0\u00a0\u00a0\u00a0\u00a0\u00a0\u00a0\u00a0\u00a0\u00a0\u00a0\u00a0\u00a0\u00a0\u00a0\u00a0\u00a0\u00a0\u00a0\u00a0\u00a0\u00a0\u00a0\u00a0\u00a0\u00a0\u00a0\u00a0\u00a0\u00a0\u00a0\u00a0\u00a0\u00a0\u00a0\u00a0\u00a0\u00a0\u00a0\u00a0\u00a0\u00a0\u00a0\u00a0\u00a0\u00a0\u00a0\u00a0\u00a0\u00a0\u00a0\u00a0\u00a0\u00a0\u00a0\u00a0\u00a0\u00a0\u00a0\u00a0\u00a0\u00a0\u00a0\u00a0\u00a0\u00a0\u00a0\u00a0\u00a0\u00a0\u00a0\u00a0\u00a0\u00a0\u00a0\u00a0\u00a0\u00a0\u00a0\u00a0\u00a0\u00a0\u00a0\u00a0\u00a0\u00a0\u00a0\u00a0\u00a0\u00a0\u00a0\u00a0\u00a0\u00a0\u00a0\u00a0\u00a0\u00a0\u00a0\u00a0\u00a0\u00a0\u00a0\u00a0\u00a0\u00a0\u00a0\u00a0\u00a0\u00a0\u00a0\u00a0\u00a0\u00a0\u00a0\u00a0&gt;\u00a0C\u00a03 mg\u00a0jak&gt;\u00a0tako\u0111er sadr\u017ee sljede\u0107e neaktivne sastojke: koloidni silicij dioksid, kroskarmeloza natrij, mikrokristalna celuloza, povidon, pre\u017eelatinizirani kukuruzni \u0161krob i stearinska kiselina. Mo\u017ee sadr\u017eavati i krospovidon. Osim toga, ja\u010dina od 2,5 mg\/325 mg sadr\u017ei FD&amp;C Red No. 40 Aluminium Lake, a ja\u010dina od 5 mg\/325 mg sadr\u017ei FD&amp;C Blue No. 1 Aluminium Lake. Ja\u010dina od 7,5 mg\/325 mg\u00a0sadr\u017ei FD&amp;C Yellow No. 6 Aluminium Lake. Ja\u010dina od 10 mg\/325 mg sadr\u017ei D&amp;C Yellow No. 10 Aluminium Lake. Ja\u010dina od 7,5 mg\/325 mg i ja\u010dina od 10 mg\/325 mg tako\u0111er mogu sadr\u017eavati kukuruzni \u0161krob.<\/p>\n<p>Oxycodone Hydrochloride i Acetaminophen Tablete sadr\u017ee oksikodon, 14-hidroksidihidrokodeinon, polusintetski opioidni analgetik koji se javlja kao bijeli do sivobijeli fini kristalni prah. Molekularna formula za oksikodon hidroklorid je C<span class=\"Sub\">18<\/span>H<span class=\"Sub\">21<\/span>NO<span class=\"Sub\">4<\/span>\u00a0\u2219 HCl, a molekulska te\u017eina je 351,82. Izvodi se iz opijumskog alkaloida, tebaina, a mo\u017ee se predstaviti sljede\u0107om strukturnom formulom:<\/p>\n<div class=\"Figure\"><img decoding=\"async\" src=\"https:\/\/www.endo.com\/Image%20Library \/Endo\/EndoPharma\/Products\/Prescribing_Information\/pert-oxy-and-apap-tab-usp-1.jpg\" alt=\"kemijska struktura oksikodon hidroklorida\" \/><\/div>\n<p>Oksikodon hidroklorid i tablete acetaminofena sadr\u017ee acetaminofen, 4\u2032-hidroksiacetanilid je neopijatni, ne-salicilatni analgetik i antipiretik koji se javlja u obliku bijelog kristalnog praha bez mirisa. Molekularna formula za acetaminofen je C<span class=\"Sub\">8<\/span>H<span class=\"Sub\">9<\/span>NO<span class=\"Sub\">2<\/span>\u00a0i molekulska te\u017eina je 151,16. Mo\u017ee se predstaviti sljede\u0107om strukturnom formulom:<\/p>\n<div class=\"Figure\"><img decoding=\"async\" src=\"https:\/\/www.endo.com\/Image%20Library\/Endo\/EndoPharma\/Products\/Prescribing_Information\/pert -oxy-and-apap-tab-usp-2.jpg\" alt=\"Strukturna formula acetaminofena\" \/>&nbsp;<\/p>\n<p class=\"MultiMediaCaption\">Strukturna formula acetaminofena<\/p>\n<\/p><\/div><\/div>\n<div class=\"Section\" style=\"text-align: center\">\n<p>Svaka tableta, za oralnu primjenu, sadr\u017ei oksikodon hidroklorid i acetaminofen u sljede\u0107im ja\u010dinama:<\/p>\n<p>Oksikodon hidroklorid, USP\u00a02,5 mg*<br \/> Acetaminophen, USP 325 mg<br \/> *2,5 mg oksikodona HCl je ekvivalentno 2,2409 mg oksikodona.<\/p>\n<p>Oksikodon hidroklorid, USP\u00a05 mg*<br \/> Acetaminophen, USP 325 mg<br \/> *5 mg oksikodona HCl je ekvivalentno 4,4815 mg oksikodona.<\/p>\n<p>Oksikodon hidroklorid, USP\u00a07,5 mg*<br \/> Acetaminofen, USP 325 mg<br \/> *7,5 mg oksikodon HCl je ekvivalentan 6,7228 mg oksikodona.<\/p>\n<p>Oksikodon hidroklorid, USP\u00a010 mg*<br \/> Acetami nophen, USP 325 mg<br \/> *10 mg oksikodona HCl je ekvivalentno 8,9637 mg oksikodona.<\/p>\n<p>Sve ja\u010dine PERCOCET-a tako\u0111er sadr\u017ee sljede\u0107e neaktivne sastojke: Koloidni silicij dioksid, kroskarmeloza natrij, krospovidon, mikrokristalna celuloza, povidon, pre\u017eelatinizirani kukuruzni \u0161krob i stearinska kiselina. Osim toga, ja\u010dina od 2,5 mg\/325 mg sadr\u017ei FD&amp;C Red No. 40 Aluminium Lake, a ja\u010dina od 5 mg\/325 mg sadr\u017ei FD&amp;C Blue No. 1 Aluminium Lake. Ja\u010dina od 7,5 mg\/325 mg sadr\u017ei FD&amp;C Yellow No. 6 Aluminium Lake. Ja\u010dina od 10 mg\/325 mg sadr\u017ei D&amp;C Yellow No. 10 Aluminium Lake. Ja\u010dine od 7,5 mg\/325 mg i 10 mg\/325 mg tako\u0111er mogu sadr\u017eavati kukuruzni \u0161krob.<\/p>\n<p>Oksikodon, 14-hidroksidihidrokodeinon, je polusintetski opioidni analgetik koji se javlja kao bijeli kristalni prah bez mirisa koji ima fiziolo\u0161ku otopinu , gorak okus. Molekularna formula za oksikodon hidroklorid je C<sub>18<\/sub>H<sub>21<\/sub>NO<sub>4<\/sub>\u2022HCl, a molekulska te\u017eina je 351,82. Potje\u010de iz opijumskog alkaloida tebaina, a mo\u017ee se predstaviti sljede\u0107om strukturnom formulom:<\/p>\n<p>&nbsp;<\/p>\n<table class=\"blackpic\">\n<tbody>\n<tr>\n<td><img loading=\"lazy\" decoding=\"async\" title=\"Oksikodon - ilustracija strukturne formule\" src=\"https:\/\/images.rxlist.com\/images\/rxlist\/oxyapap1.gif\" alt=\"Oksikodon - ilustracija strukturne formule\" width=\"256\" height=\"154\" \/><\/td>\n<\/tr>\n<\/tbody>\n<\/table>\n<p>&nbsp;<\/p>\n<p>Acetaminofen, 4\u2032-hidroksiacetanilid, nije\u00a0-opijatni,\u00a0nesalicilatni analgetik i\u00a0antipiretik\u00a0koji se javlja u obliku bijelog kristalnog praha bez mirisa, blago gorkog okusa. Molekularna formula za acetaminofen je C<sub>8<\/sub>H<sub>9<\/sub>NO<sub>2<\/sub>\u00a0a molekulska te\u017eina je 151,17. Mo\u017ee se predstaviti sljede\u0107om strukturnom formulom:<\/p>\n<p>&nbsp;<\/p>\n<table class=\"blackpic\">\n<tbody>\n<tr>\n<td> <img decoding=\"async\" title=\"Acetaminofen - ilustracija strukturne formule\" src=\"https:\/\/images.rxlist.com\/images\/rxlist\/oxyapap2.gif\" alt=\"Acetaminofen - ilustracija strukturne formule\" width=\"232\" height=\"106 \" \/><\/td>\n<\/tr>\n<\/tbody>\n<\/table><\/div>\n<p style=\"text-align: center\">Kupite Percocet 10mg tablete online. Dostupne su i druge\u00a0pilule\u00a0kao \u0161to je oksikodon. Pilule za spavanje koje se prodaju bez recepta po vrlo povoljnim cijenama.<\/p>\n<p style=\"text-align: center\"><strong>koliko dugo percocet ostaje u va\u0161em sustavu, koliko dugo percocet ostaje u va\u0161em sustavu , kako izgleda percocet, kakav je osje\u0107aj, koliko dugo percocet ostaje u mokra\u0107i, \u0161to je percocet, kako izgleda percocet, za \u0161to se percocet koristi, kako dobiti propisani percocet, koliko dugo percocet ostati u mokra\u0107i, \u0161to je u percocetu, koliko traje percocet, kako izgleda percocet 10, koliko traje povla\u010denje percoceta, koje je boje percocet, za\u0161to vas percocet svrbi, \u0161to vam percocet \u010dini, \u0161to osje\u0107a li se percocet high, kako izgledaju percocet tablete, koliko je percocet, kako izgleda percocet 30, za koliko mogu prodati percocet 5 325, za koliko percoceta predozirati, \u0161to je ja\u010di norco ili percocet, percocet svrab kako prestati, koliko ko\u0161ta percocet bez osiguranja, koliko dugo traje percocet high, koliko dugo percocet ostaje u va\u0161em sustavu, \u0161to je ja\u010di oksikodon ili percocet, \u0161to je ja\u010di vicodin ili percocet, gdje nabaviti percocet, kako se osje\u0107ate zbog percoceta<\/strong><\/p>\n","protected":false},"excerpt":{"rendered":"<div class=\"woocommerce-product-details__short-description\">\n<p>Kupite Percocet 10mg tablete online. Jake tablete za spavanje, lijekovi protiv bolova, online ljekarna uk, , tablete protiv bolova na prodaju, lijekovi protiv bolova, online kupnja lijekova, kupujte lijekove protiv bolova online, kupujte lijekove protiv bolova online.<\/p>\n<\/p><\/div>\n","protected":false},"featured_media":5305,"comment_status":"open","ping_status":"closed","template":"","meta":[],"product_brand":[],"product_cat":[1117],"product_tag":[1721,1722,1723,1724,1792,1725,1727,1728,1729,1733,1732,1790,1789,1788,1731,1730,1734,1784,1691,1736,1737,1738,1739,1745,1740,1741,1743,1742,1744,1746,1747,1748,1749,1750,1751,1752,1753,1754,1755,1756,1758,1760,1761,1762,1763,1765,1759,1767,1766,1768,1773,1770,1779,1774,1775,1776,1771,1772,1769,1777,1778,1764,1757,1781,1782,1735,1783,1780,1791,1786,1726,1785,1787,1793],"class_list":{"0":"post-5295","1":"product","2":"type-product","3":"status-publish","4":"has-post-thumbnail","6":"product_cat-kupite-tablete-za-bol-spavanje-seks","7":"product_tag-30-mg-perkoceta","8":"product_tag-5-mg-perkoceta","9":"product_tag-blue-percocet","10":"product_tag-buy-percocet-online","11":"product_tag-za-to-se-koristi-percocet","12":"product_tag-cheap-percocet-pills","13":"product_tag-fake-percocet","14":"product_tag-fake-percocet-pills","15":"product_tag-generic-percocet","16":"product_tag-itching-percocet","17":"product_tag-je-oksikodon-isti-kao-perkocet","18":"product_tag-kakav-percocet-osjeaj-kao","19":"product_tag-kako-izgleda-percocet","20":"product_tag-to-radi-percocet-pilule-izgledaju","21":"product_tag-koliko-dugo-percocet-ostaje-u-vaem-urinu","22":"product_tag-koliko-dugo-percocet-ostaje-u-vaem-sustavu","23":"product_tag-molly-percocet","24":"product_tag-nuspojave-percoceta","25":"product_tag-oksikodon-vs-perkocet","26":"product_tag-oksikontin-vs-perkocet","27":"product_tag-pain-pills-for-sale-percocet","28":"product_tag-perkocet-10","29":"product_tag-percocet-10-images","30":"product_tag-percocet-10mg","31":"product_tag-percocet-10-uta","32":"product_tag-percocet-10-325","33":"product_tag-percocet-10-325-efectos-bijela","34":"product_tag-percocet-10-325-efekti","35":"product_tag-percocet-10-325-espanol","36":"product_tag-percocet-15","37":"product_tag-perkocet-15-mg","38":"product_tag-perkocet-20-mg","39":"product_tag-percocet-30","40":"product_tag-perkocet-30-mg","41":"product_tag-perkocet-325","42":"product_tag-perkocet-5","43":"product_tag-perkocet-5-mg","44":"product_tag-percocet-5-325","45":"product_tag-percocet-5-325-cijena","46":"product_tag-percocet-512","47":"product_tag-percocet-7-5-325-efekti","48":"product_tag-percocet-and-xanax","49":"product_tag-percocet-doziranje","50":"product_tag-percocet-droga","51":"product_tag-percocet-efekti","52":"product_tag-percocet-high","53":"product_tag-percocet-and-alcohol","54":"product_tag-percocet-molly","55":"product_tag-percocet-in-panjolski","56":"product_tag-percocet-online","57":"product_tag-percocet-pills-images","58":"product_tag-percocet-pilula","59":"product_tag-percocet-povlaenje","60":"product_tag-percocet-side-effects","61":"product_tag-percocet-song","62":"product_tag-percocet-street-value","63":"product_tag-percocet-pilule","64":"product_tag-percocet-pilule-na-prodaju","65":"product_tag-percocet-pilule-protiv-bolova","66":"product_tag-percocet-vs-tramadol","67":"product_tag-percocet-vs-vicodin","68":"product_tag-percocet-osjeaj","69":"product_tag-percocet-7-5","70":"product_tag-pills-that-look-like-percocet","71":"product_tag-pills-that-look-like-percocet-5mg","72":"product_tag-molly-percocet-pjesma","73":"product_tag-ruiasto-percocet","74":"product_tag-slike-percocet-pilula","75":"product_tag-to-je-percocet","76":"product_tag-tramadol-vs-percocet","77":"product_tag-uinci-percoceta","78":"product_tag-street-value-of-percocet","79":"product_tag-vicodin-vs-percocet","80":"product_tag-uto-percoce","82":"first","83":"instock","84":"shipping-taxable","85":"purchasable","86":"product-type-variable","87":"has-default-attributes"},"yoast_head":"<!-- This site is optimized with the Yoast SEO plugin v27.3 - https:\/\/yoast.com\/product\/yoast-seo-wordpress\/ -->\n<title>Kupite tablete Percocet od 10 mg - najbolji najbolji svjetski lijekovi<\/title>\n<meta name=\"description\" content=\"Kupite Percocet 10mg tablete online. Jake tablete za spavanje, lijekovi protiv bolova, online ljekarna uk, , tablete protiv bolova na prodaju, lijekovi protiv bolova, online kupnja lijekova, kupujte lijekove protiv bolova online, kupujte lijekove protiv bolova online.\" \/>\n<meta name=\"robots\" content=\"index, follow, max-snippet:-1, max-image-preview:large, max-video-preview:-1\" \/>\n<link rel=\"canonical\" href=\"https:\/\/medicinasinc.com\/hr\/product\/buy-percocet-10mg-pilule\/\" \/>\n<meta property=\"og:locale\" content=\"hr_HR\" \/>\n<meta property=\"og:type\" content=\"article\" \/>\n<meta property=\"og:title\" content=\"Kupite tablete Percocet od 10 mg - najbolji najbolji svjetski lijekovi\" \/>\n<meta property=\"og:description\" content=\"Kupite Percocet 10mg tablete online. Jake tablete za spavanje, lijekovi protiv bolova, online ljekarna uk, , tablete protiv bolova na prodaju, lijekovi protiv bolova, online kupnja lijekova, kupujte lijekove protiv bolova online, kupujte lijekove protiv bolova online.\" \/>\n<meta property=\"og:url\" content=\"https:\/\/medicinasinc.com\/hr\/product\/buy-percocet-10mg-pilule\/\" \/>\n<meta property=\"og:site_name\" content=\"Medicinas Inc\" \/>\n<meta property=\"article:modified_time\" content=\"2022-03-15T05:44:16+00:00\" \/>\n<meta property=\"og:image\" content=\"https:\/\/medicinasinc.com\/hr\/wp-content\/uploads\/sites\/3\/2022\/02\/Buy-Percocet-10mg-pills.jpg\" \/>\n\t<meta property=\"og:image:width\" content=\"600\" \/>\n\t<meta property=\"og:image:height\" content=\"400\" \/>\n\t<meta property=\"og:image:type\" content=\"image\/jpeg\" \/>\n<meta name=\"twitter:card\" content=\"summary_large_image\" \/>\n<meta name=\"twitter:label1\" content=\"Procijenjeno vrijeme \u010ditanja\" \/>\n\t<meta name=\"twitter:data1\" content=\"5 minuta\" \/>\n<script type=\"application\/ld+json\" class=\"yoast-schema-graph\">{\"@context\":\"https:\\\/\\\/schema.org\",\"@graph\":[{\"@type\":\"WebPage\",\"@id\":\"https:\\\/\\\/medicinasinc.com\\\/hr\\\/product\\\/buy-percocet-10mg-pilule\\\/\",\"url\":\"https:\\\/\\\/medicinasinc.com\\\/hr\\\/product\\\/buy-percocet-10mg-pilule\\\/\",\"name\":\"Kupite tablete Percocet od 10 mg - najbolji najbolji svjetski lijekovi\",\"isPartOf\":{\"@id\":\"https:\\\/\\\/medicinasinc.com\\\/hr\\\/#website\"},\"primaryImageOfPage\":{\"@id\":\"https:\\\/\\\/medicinasinc.com\\\/hr\\\/product\\\/buy-percocet-10mg-pilule\\\/#primaryimage\"},\"image\":{\"@id\":\"https:\\\/\\\/medicinasinc.com\\\/hr\\\/product\\\/buy-percocet-10mg-pilule\\\/#primaryimage\"},\"thumbnailUrl\":\"https:\\\/\\\/medicinasinc.com\\\/hr\\\/wp-content\\\/uploads\\\/sites\\\/3\\\/2022\\\/02\\\/Buy-Percocet-10mg-pills.jpg\",\"datePublished\":\"2022-02-21T18:18:17+00:00\",\"dateModified\":\"2022-03-15T05:44:16+00:00\",\"description\":\"Kupite Percocet 10mg tablete online. Jake tablete za spavanje, lijekovi protiv bolova, online ljekarna uk, , tablete protiv bolova na prodaju, lijekovi protiv bolova, online kupnja lijekova, kupujte lijekove protiv bolova online, kupujte lijekove protiv bolova online.\",\"breadcrumb\":{\"@id\":\"https:\\\/\\\/medicinasinc.com\\\/hr\\\/product\\\/buy-percocet-10mg-pilule\\\/#breadcrumb\"},\"inLanguage\":\"hr\",\"potentialAction\":[{\"@type\":\"ReadAction\",\"target\":[\"https:\\\/\\\/medicinasinc.com\\\/hr\\\/product\\\/buy-percocet-10mg-pilule\\\/\"]}]},{\"@type\":\"ImageObject\",\"inLanguage\":\"hr\",\"@id\":\"https:\\\/\\\/medicinasinc.com\\\/hr\\\/product\\\/buy-percocet-10mg-pilule\\\/#primaryimage\",\"url\":\"https:\\\/\\\/medicinasinc.com\\\/hr\\\/wp-content\\\/uploads\\\/sites\\\/3\\\/2022\\\/02\\\/Buy-Percocet-10mg-pills.jpg\",\"contentUrl\":\"https:\\\/\\\/medicinasinc.com\\\/hr\\\/wp-content\\\/uploads\\\/sites\\\/3\\\/2022\\\/02\\\/Buy-Percocet-10mg-pills.jpg\",\"width\":600,\"height\":400},{\"@type\":\"BreadcrumbList\",\"@id\":\"https:\\\/\\\/medicinasinc.com\\\/hr\\\/product\\\/buy-percocet-10mg-pilule\\\/#breadcrumb\",\"itemListElement\":[{\"@type\":\"ListItem\",\"position\":1,\"name\":\"Du\u0107an\",\"item\":\"https:\\\/\\\/medicinasinc.com\\\/hr\\\/ducan\\\/\"},{\"@type\":\"ListItem\",\"position\":2,\"name\":\"Kupite tablete Percocet 10mg\"}]},{\"@type\":\"WebSite\",\"@id\":\"https:\\\/\\\/medicinasinc.com\\\/hr\\\/#website\",\"url\":\"https:\\\/\\\/medicinasinc.com\\\/hr\\\/\",\"name\":\"Medicinas Inc\",\"description\":\"Health Medical Clinic\",\"potentialAction\":[{\"@type\":\"SearchAction\",\"target\":{\"@type\":\"EntryPoint\",\"urlTemplate\":\"https:\\\/\\\/medicinasinc.com\\\/hr\\\/?s={search_term_string}\"},\"query-input\":{\"@type\":\"PropertyValueSpecification\",\"valueRequired\":true,\"valueName\":\"search_term_string\"}}],\"inLanguage\":\"hr\"}]}<\/script>\n<!-- \/ Yoast SEO plugin. -->","yoast_head_json":{"title":"Kupite tablete Percocet od 10 mg - najbolji najbolji svjetski lijekovi","description":"Kupite Percocet 10mg tablete online. Jake tablete za spavanje, lijekovi protiv bolova, online ljekarna uk, , tablete protiv bolova na prodaju, lijekovi protiv bolova, online kupnja lijekova, kupujte lijekove protiv bolova online, kupujte lijekove protiv bolova online.","robots":{"index":"index","follow":"follow","max-snippet":"max-snippet:-1","max-image-preview":"max-image-preview:large","max-video-preview":"max-video-preview:-1"},"canonical":"https:\/\/medicinasinc.com\/hr\/product\/buy-percocet-10mg-pilule\/","og_locale":"hr_HR","og_type":"article","og_title":"Kupite tablete Percocet od 10 mg - najbolji najbolji svjetski lijekovi","og_description":"Kupite Percocet 10mg tablete online. Jake tablete za spavanje, lijekovi protiv bolova, online ljekarna uk, , tablete protiv bolova na prodaju, lijekovi protiv bolova, online kupnja lijekova, kupujte lijekove protiv bolova online, kupujte lijekove protiv bolova online.","og_url":"https:\/\/medicinasinc.com\/hr\/product\/buy-percocet-10mg-pilule\/","og_site_name":"Medicinas Inc","article_modified_time":"2022-03-15T05:44:16+00:00","og_image":[{"width":600,"height":400,"url":"https:\/\/medicinasinc.com\/hr\/wp-content\/uploads\/sites\/3\/2022\/02\/Buy-Percocet-10mg-pills.jpg","type":"image\/jpeg"}],"twitter_card":"summary_large_image","twitter_misc":{"Procijenjeno vrijeme \u010ditanja":"5 minuta"},"schema":{"@context":"https:\/\/schema.org","@graph":[{"@type":"WebPage","@id":"https:\/\/medicinasinc.com\/hr\/product\/buy-percocet-10mg-pilule\/","url":"https:\/\/medicinasinc.com\/hr\/product\/buy-percocet-10mg-pilule\/","name":"Kupite tablete Percocet od 10 mg - najbolji najbolji svjetski lijekovi","isPartOf":{"@id":"https:\/\/medicinasinc.com\/hr\/#website"},"primaryImageOfPage":{"@id":"https:\/\/medicinasinc.com\/hr\/product\/buy-percocet-10mg-pilule\/#primaryimage"},"image":{"@id":"https:\/\/medicinasinc.com\/hr\/product\/buy-percocet-10mg-pilule\/#primaryimage"},"thumbnailUrl":"https:\/\/medicinasinc.com\/hr\/wp-content\/uploads\/sites\/3\/2022\/02\/Buy-Percocet-10mg-pills.jpg","datePublished":"2022-02-21T18:18:17+00:00","dateModified":"2022-03-15T05:44:16+00:00","description":"Kupite Percocet 10mg tablete online. Jake tablete za spavanje, lijekovi protiv bolova, online ljekarna uk, , tablete protiv bolova na prodaju, lijekovi protiv bolova, online kupnja lijekova, kupujte lijekove protiv bolova online, kupujte lijekove protiv bolova online.","breadcrumb":{"@id":"https:\/\/medicinasinc.com\/hr\/product\/buy-percocet-10mg-pilule\/#breadcrumb"},"inLanguage":"hr","potentialAction":[{"@type":"ReadAction","target":["https:\/\/medicinasinc.com\/hr\/product\/buy-percocet-10mg-pilule\/"]}]},{"@type":"ImageObject","inLanguage":"hr","@id":"https:\/\/medicinasinc.com\/hr\/product\/buy-percocet-10mg-pilule\/#primaryimage","url":"https:\/\/medicinasinc.com\/hr\/wp-content\/uploads\/sites\/3\/2022\/02\/Buy-Percocet-10mg-pills.jpg","contentUrl":"https:\/\/medicinasinc.com\/hr\/wp-content\/uploads\/sites\/3\/2022\/02\/Buy-Percocet-10mg-pills.jpg","width":600,"height":400},{"@type":"BreadcrumbList","@id":"https:\/\/medicinasinc.com\/hr\/product\/buy-percocet-10mg-pilule\/#breadcrumb","itemListElement":[{"@type":"ListItem","position":1,"name":"Du\u0107an","item":"https:\/\/medicinasinc.com\/hr\/ducan\/"},{"@type":"ListItem","position":2,"name":"Kupite tablete Percocet 10mg"}]},{"@type":"WebSite","@id":"https:\/\/medicinasinc.com\/hr\/#website","url":"https:\/\/medicinasinc.com\/hr\/","name":"Medicinas Inc","description":"Health Medical Clinic","potentialAction":[{"@type":"SearchAction","target":{"@type":"EntryPoint","urlTemplate":"https:\/\/medicinasinc.com\/hr\/?s={search_term_string}"},"query-input":{"@type":"PropertyValueSpecification","valueRequired":true,"valueName":"search_term_string"}}],"inLanguage":"hr"}]}},"_links":{"self":[{"href":"https:\/\/medicinasinc.com\/hr\/wp-json\/wp\/v2\/product\/5295","targetHints":{"allow":["GET"]}}],"collection":[{"href":"https:\/\/medicinasinc.com\/hr\/wp-json\/wp\/v2\/product"}],"about":[{"href":"https:\/\/medicinasinc.com\/hr\/wp-json\/wp\/v2\/types\/product"}],"replies":[{"embeddable":true,"href":"https:\/\/medicinasinc.com\/hr\/wp-json\/wp\/v2\/comments?post=5295"}],"wp:featuredmedia":[{"embeddable":true,"href":"https:\/\/medicinasinc.com\/hr\/wp-json\/wp\/v2\/media\/5305"}],"wp:attachment":[{"href":"https:\/\/medicinasinc.com\/hr\/wp-json\/wp\/v2\/media?parent=5295"}],"wp:term":[{"taxonomy":"product_brand","embeddable":true,"href":"https:\/\/medicinasinc.com\/hr\/wp-json\/wp\/v2\/product_brand?post=5295"},{"taxonomy":"product_cat","embeddable":true,"href":"https:\/\/medicinasinc.com\/hr\/wp-json\/wp\/v2\/product_cat?post=5295"},{"taxonomy":"product_tag","embeddable":true,"href":"https:\/\/medicinasinc.com\/hr\/wp-json\/wp\/v2\/product_tag?post=5295"}],"curies":[{"name":"wp","href":"https:\/\/api.w.org\/{rel}","templated":true}]}}