{"id":5294,"date":"2022-02-21T18:18:05","date_gmt":"2022-02-21T18:18:05","guid":{"rendered":"https:\/\/medicinasinc.com\/hr\/?post_type=product&#038;p=5294"},"modified":"2022-03-15T05:44:24","modified_gmt":"2022-03-15T05:44:24","slug":"kupiti-oksikodon-80-mg","status":"publish","type":"product","link":"https:\/\/medicinasinc.com\/hr\/product\/kupiti-oksikodon-80-mg\/","title":{"rendered":"Kupite oksikodon 80 mg"},"content":{"rendered":"<div class=\"woocommerce-tabs wc-tabs-wrapper\">\n<div id=\"tab-description\" class=\"woocommerce-Tabs-panel woocommerce-Tabs-panel--description panel entry-content wc-tab\" style=\"text-align: center\" role=\"tabpanel\" aria-labelledby=\"tab-title-description\">\n<p>Online ljekarna za kupnju tableta oxycontin 80mg.<\/p>\n<p>Online kupnja Oxycodone 80mg tableta. Dodatno, dostupne su tablete oksikodona od 40 mg. Kupujte samo najkvalitetnije lijekove od nas.<\/p>\n<p>SA\u017dETAK Oksikodon je opioidni lijek protiv bolova koji se koristi za lije\u010denje umjerene do jake boli.<br \/> NAZIV MARKE<br \/> Endocet i Endodan su oba anti- lijekovi protiv proljeva. Svibanj 2009., preformulirano Xolox, Xtampza, Nalocet, Oxaydo, Oxy.IR, Oxycontin, Oxyneo, Percocet, Prolate, Rivacocet, Roxicet, Roxicodone, Targin, Targiniq<br \/> OP\u0106ENITO NAZIV<br \/> OCC DRUGBANK -0 BROJ DRUGBA -0 DRUGBANK &#8211; BR \/&gt; OCC DRUGBANK <br \/> POZADINA<br \/> Oksikodon je polusintetski opioidni analgetik koji je razvijen 1917. u Njema\u010dkoj iz tebaina.<br \/> 3<br \/> Sada je odobren kao proizvod s trenutnim osloba\u0111anjem za umjerenu do jaku bol i kao proizvod s produljenim osloba\u0111anjem za kroni\u010dnu umjerenu do jaku bol koja zahtijeva kontinuirane opioidne analgetike kroz dulje vrijeme.<br \/> FDA je odobrila prvi lijek koji sadr\u017ei oksikodon, Percodan, 12. travnja 1950.<br \/> VRSTE MALE MOLEKULA<br \/> SKUPINE<br \/> Odobrene, ilegalne i istra\u017ene<\/p>\n<\/p><\/div><\/div>\n","protected":false},"excerpt":{"rendered":"<p>Online kupnja Oxycodone 80mg tableta.<\/p>\n<p>Online kupnja Oxycodone 80mg tableta. Oksikodon 80mg za prodaju u Ujedinjenom Kraljevstvu i Europi. Dodatno, dostupne su tablete oksikodona od 80 mg. Od nas kupujte samo najkvalitetnije lijekove.<\/p>\n<p>Online kupnja Oxycodone 80mg tableta. Dodatno, dostupne su tablete oksikodona od 80 mg. Od nas kupujte samo najkvalitetnije lijekove.<\/p>\n","protected":false},"featured_media":5303,"comment_status":"open","ping_status":"closed","template":"","meta":[],"product_brand":[],"product_cat":[1117],"product_tag":[1638,1640,1639,1698,1675,1676,1699,1700,1644,1643,1689,1709,1646,1688,1650,1651,1652,1653,1654,1655,1656,1657,1658,1660,1661,1662,1663,1665,1667,1668,1669,1670,1678,1680,1679,1682,1683,1672,1673,1674,1690,1691,1692,1693,1694,1696,1697,1056,1701,1703,1704,1647,1671,1649,1659,1664,1666,1681,1686,1687,1705,1706,1708,1677,1702,1710,1711,1712,1713,1685,1714,1719,1720,1717,1707,1645,1684,1716,1715,1718],"class_list":{"0":"post-5294","1":"product","2":"type-product","3":"status-publish","4":"has-post-thumbnail","6":"product_cat-kupite-tablete-za-bol-spavanje-seks","7":"product_tag-15-mg-oksikodon","8":"product_tag-20-mg-oksikodona","9":"product_tag-20-mg-oksikodon","10":"product_tag-doza-oksikontina","11":"product_tag-doze-oksikodona","12":"product_tag-oksikodonski-uinci","13":"product_tag-oksikontin-efekti","14":"product_tag-oksikontin-generiki","15":"product_tag-je-oksikodon-an-opioid","16":"product_tag-koliko-dugo-traje-oksikodon","17":"product_tag-upotrebe-oksikodona","18":"product_tag-lijekovi-protiv-bolova-na-recept","19":"product_tag-liquid-oxycontin","20":"product_tag-nuspojave-oksikodona","21":"product_tag-oksi","22":"product_tag-oksi-10","23":"product_tag-oksi-5-mg","24":"product_tag-oksi-droga","25":"product_tag-oksi-droge","26":"product_tag-oksi-pilula","27":"product_tag-oksi-pilule","28":"product_tag-oksikodin","29":"product_tag-oksikodon","30":"product_tag-oksikodon-10","31":"product_tag-oksikodon-10-mg","32":"product_tag-oksikodon-10mg-ruiasta","33":"product_tag-oksikodon-15-mg","34":"product_tag-oksikodon-20-mg","35":"product_tag-oksikodon-30-mg","36":"product_tag-oksikodon-5","37":"product_tag-oksikodon-5-325","38":"product_tag-oksikodon-5-mg","39":"product_tag-oksikodon-hcl","40":"product_tag-oksikodon-hcl-5mg","41":"product_tag-oksikodon-hcl-5-mg-tableta","42":"product_tag-oksikodon-hidroklorid","43":"product_tag-oksikodon-hidroklorid-5-mg","44":"product_tag-oksikodon-i-alkohol","45":"product_tag-oksikodon-i-ibuprofen","46":"product_tag-oksikodon-i-tilenol","47":"product_tag-oksikodon-vs-oksikontin","48":"product_tag-oksikodon-vs-perkocet","49":"product_tag-oksikodon-acetaminofen","50":"product_tag-oksikodon-acetaminofen-5-325","51":"product_tag-oksikodon-apap","52":"product_tag-oksikontin","53":"product_tag-oksikontin-30-mg","54":"product_tag-oksikontin-80-mg","55":"product_tag-oksikontin-ir","56":"product_tag-oksikontin-protiv-oksikodona","57":"product_tag-oksikoton","58":"product_tag-opioidni-lijekovi-protiv-bolova","59":"product_tag-ovisnost-o-oksikodonu","60":"product_tag-oxicodone","61":"product_tag-oxycodone","62":"product_tag-oxycodone-15mg","63":"product_tag-oxycodone-20mg","64":"product_tag-oxycodone-high","65":"product_tag-oxycodone-pill","66":"product_tag-oxycodone-pills","67":"product_tag-oxycotton","68":"product_tag-oxys","69":"product_tag-pilula-20","70":"product_tag-oksikodon-poluvijek","71":"product_tag-oksikontin-predoziranje","72":"product_tag-roksikodon-protiv-oksikodona","73":"product_tag-roxy-10","74":"product_tag-roxy-30s","75":"product_tag-roxy-droga","76":"product_tag-oksikodon-sastojci","77":"product_tag-side-effects-of-oxycodone","78":"product_tag-to-je-oksimorfon","79":"product_tag-to-je-roksikodon","80":"product_tag-to-radi-oksikodon-radi","81":"product_tag-oksitocin-pilule","82":"product_tag-tekuina-oksikodon","83":"product_tag-oksikodon-trenutno-oslobaanje","84":"product_tag-vrste-lijekova-protiv-bolova","85":"product_tag-vrste-opioida","86":"product_tag-what-is-oxy","88":"first","89":"instock","90":"shipping-taxable","91":"purchasable","92":"product-type-variable","93":"has-default-attributes"},"yoast_head":"<!-- This site is optimized with the Yoast SEO plugin v27.3 - https:\/\/yoast.com\/product\/yoast-seo-wordpress\/ -->\n<title>Kupite oksikodon 80 mg - najbolji najbolji svjetski lijekovi<\/title>\n<meta name=\"description\" content=\"Kupite Oxycodone 80mg tablete online. Kupite Oxycodone 80mg za prodaju UK, Europa. Dostupne su i tablete oksikodona od 80 mg. Kupite najkvalitetnije tablete kod nas.\" \/>\n<meta name=\"robots\" content=\"index, follow, max-snippet:-1, max-image-preview:large, max-video-preview:-1\" \/>\n<link rel=\"canonical\" href=\"https:\/\/medicinasinc.com\/hr\/product\/kupiti-oksikodon-80-mg\/\" \/>\n<meta property=\"og:locale\" content=\"hr_HR\" \/>\n<meta property=\"og:type\" content=\"article\" \/>\n<meta property=\"og:title\" content=\"Kupite oksikodon 80 mg - najbolji najbolji svjetski lijekovi\" \/>\n<meta property=\"og:description\" content=\"Kupite Oxycodone 80mg tablete online. Kupite Oxycodone 80mg za prodaju UK, Europa. Dostupne su i tablete oksikodona od 80 mg. Kupite najkvalitetnije tablete kod nas.\" \/>\n<meta property=\"og:url\" content=\"https:\/\/medicinasinc.com\/hr\/product\/kupiti-oksikodon-80-mg\/\" \/>\n<meta property=\"og:site_name\" content=\"Medicinas Inc\" \/>\n<meta property=\"article:modified_time\" content=\"2022-03-15T05:44:24+00:00\" \/>\n<meta property=\"og:image\" content=\"https:\/\/medicinasinc.com\/hr\/wp-content\/uploads\/sites\/3\/2022\/02\/Buy-Oxycodone-80mg.jpg\" \/>\n\t<meta property=\"og:image:width\" content=\"600\" \/>\n\t<meta property=\"og:image:height\" content=\"514\" \/>\n\t<meta property=\"og:image:type\" content=\"image\/jpeg\" \/>\n<meta name=\"twitter:card\" content=\"summary_large_image\" \/>\n<meta name=\"twitter:label1\" content=\"Procijenjeno vrijeme \u010ditanja\" \/>\n\t<meta name=\"twitter:data1\" content=\"1 minuta\" \/>\n<script type=\"application\/ld+json\" class=\"yoast-schema-graph\">{\"@context\":\"https:\\\/\\\/schema.org\",\"@graph\":[{\"@type\":\"WebPage\",\"@id\":\"https:\\\/\\\/medicinasinc.com\\\/hr\\\/product\\\/kupiti-oksikodon-80-mg\\\/\",\"url\":\"https:\\\/\\\/medicinasinc.com\\\/hr\\\/product\\\/kupiti-oksikodon-80-mg\\\/\",\"name\":\"Kupite oksikodon 80 mg - najbolji najbolji svjetski lijekovi\",\"isPartOf\":{\"@id\":\"https:\\\/\\\/medicinasinc.com\\\/hr\\\/#website\"},\"primaryImageOfPage\":{\"@id\":\"https:\\\/\\\/medicinasinc.com\\\/hr\\\/product\\\/kupiti-oksikodon-80-mg\\\/#primaryimage\"},\"image\":{\"@id\":\"https:\\\/\\\/medicinasinc.com\\\/hr\\\/product\\\/kupiti-oksikodon-80-mg\\\/#primaryimage\"},\"thumbnailUrl\":\"https:\\\/\\\/medicinasinc.com\\\/hr\\\/wp-content\\\/uploads\\\/sites\\\/3\\\/2022\\\/02\\\/Buy-Oxycodone-80mg.jpg\",\"datePublished\":\"2022-02-21T18:18:05+00:00\",\"dateModified\":\"2022-03-15T05:44:24+00:00\",\"description\":\"Kupite Oxycodone 80mg tablete online. Kupite Oxycodone 80mg za prodaju UK, Europa. Dostupne su i tablete oksikodona od 80 mg. Kupite najkvalitetnije tablete kod nas.\",\"breadcrumb\":{\"@id\":\"https:\\\/\\\/medicinasinc.com\\\/hr\\\/product\\\/kupiti-oksikodon-80-mg\\\/#breadcrumb\"},\"inLanguage\":\"hr\",\"potentialAction\":[{\"@type\":\"ReadAction\",\"target\":[\"https:\\\/\\\/medicinasinc.com\\\/hr\\\/product\\\/kupiti-oksikodon-80-mg\\\/\"]}]},{\"@type\":\"ImageObject\",\"inLanguage\":\"hr\",\"@id\":\"https:\\\/\\\/medicinasinc.com\\\/hr\\\/product\\\/kupiti-oksikodon-80-mg\\\/#primaryimage\",\"url\":\"https:\\\/\\\/medicinasinc.com\\\/hr\\\/wp-content\\\/uploads\\\/sites\\\/3\\\/2022\\\/02\\\/Buy-Oxycodone-80mg.jpg\",\"contentUrl\":\"https:\\\/\\\/medicinasinc.com\\\/hr\\\/wp-content\\\/uploads\\\/sites\\\/3\\\/2022\\\/02\\\/Buy-Oxycodone-80mg.jpg\",\"width\":600,\"height\":514},{\"@type\":\"BreadcrumbList\",\"@id\":\"https:\\\/\\\/medicinasinc.com\\\/hr\\\/product\\\/kupiti-oksikodon-80-mg\\\/#breadcrumb\",\"itemListElement\":[{\"@type\":\"ListItem\",\"position\":1,\"name\":\"Du\u0107an\",\"item\":\"https:\\\/\\\/medicinasinc.com\\\/hr\\\/ducan\\\/\"},{\"@type\":\"ListItem\",\"position\":2,\"name\":\"Kupite oksikodon 80 mg\"}]},{\"@type\":\"WebSite\",\"@id\":\"https:\\\/\\\/medicinasinc.com\\\/hr\\\/#website\",\"url\":\"https:\\\/\\\/medicinasinc.com\\\/hr\\\/\",\"name\":\"Medicinas Inc\",\"description\":\"Health Medical Clinic\",\"potentialAction\":[{\"@type\":\"SearchAction\",\"target\":{\"@type\":\"EntryPoint\",\"urlTemplate\":\"https:\\\/\\\/medicinasinc.com\\\/hr\\\/?s={search_term_string}\"},\"query-input\":{\"@type\":\"PropertyValueSpecification\",\"valueRequired\":true,\"valueName\":\"search_term_string\"}}],\"inLanguage\":\"hr\"}]}<\/script>\n<!-- \/ Yoast SEO plugin. -->","yoast_head_json":{"title":"Kupite oksikodon 80 mg - najbolji najbolji svjetski lijekovi","description":"Kupite Oxycodone 80mg tablete online. Kupite Oxycodone 80mg za prodaju UK, Europa. Dostupne su i tablete oksikodona od 80 mg. Kupite najkvalitetnije tablete kod nas.","robots":{"index":"index","follow":"follow","max-snippet":"max-snippet:-1","max-image-preview":"max-image-preview:large","max-video-preview":"max-video-preview:-1"},"canonical":"https:\/\/medicinasinc.com\/hr\/product\/kupiti-oksikodon-80-mg\/","og_locale":"hr_HR","og_type":"article","og_title":"Kupite oksikodon 80 mg - najbolji najbolji svjetski lijekovi","og_description":"Kupite Oxycodone 80mg tablete online. Kupite Oxycodone 80mg za prodaju UK, Europa. Dostupne su i tablete oksikodona od 80 mg. Kupite najkvalitetnije tablete kod nas.","og_url":"https:\/\/medicinasinc.com\/hr\/product\/kupiti-oksikodon-80-mg\/","og_site_name":"Medicinas Inc","article_modified_time":"2022-03-15T05:44:24+00:00","og_image":[{"width":600,"height":514,"url":"https:\/\/medicinasinc.com\/hr\/wp-content\/uploads\/sites\/3\/2022\/02\/Buy-Oxycodone-80mg.jpg","type":"image\/jpeg"}],"twitter_card":"summary_large_image","twitter_misc":{"Procijenjeno vrijeme \u010ditanja":"1 minuta"},"schema":{"@context":"https:\/\/schema.org","@graph":[{"@type":"WebPage","@id":"https:\/\/medicinasinc.com\/hr\/product\/kupiti-oksikodon-80-mg\/","url":"https:\/\/medicinasinc.com\/hr\/product\/kupiti-oksikodon-80-mg\/","name":"Kupite oksikodon 80 mg - najbolji najbolji svjetski lijekovi","isPartOf":{"@id":"https:\/\/medicinasinc.com\/hr\/#website"},"primaryImageOfPage":{"@id":"https:\/\/medicinasinc.com\/hr\/product\/kupiti-oksikodon-80-mg\/#primaryimage"},"image":{"@id":"https:\/\/medicinasinc.com\/hr\/product\/kupiti-oksikodon-80-mg\/#primaryimage"},"thumbnailUrl":"https:\/\/medicinasinc.com\/hr\/wp-content\/uploads\/sites\/3\/2022\/02\/Buy-Oxycodone-80mg.jpg","datePublished":"2022-02-21T18:18:05+00:00","dateModified":"2022-03-15T05:44:24+00:00","description":"Kupite Oxycodone 80mg tablete online. Kupite Oxycodone 80mg za prodaju UK, Europa. Dostupne su i tablete oksikodona od 80 mg. Kupite najkvalitetnije tablete kod nas.","breadcrumb":{"@id":"https:\/\/medicinasinc.com\/hr\/product\/kupiti-oksikodon-80-mg\/#breadcrumb"},"inLanguage":"hr","potentialAction":[{"@type":"ReadAction","target":["https:\/\/medicinasinc.com\/hr\/product\/kupiti-oksikodon-80-mg\/"]}]},{"@type":"ImageObject","inLanguage":"hr","@id":"https:\/\/medicinasinc.com\/hr\/product\/kupiti-oksikodon-80-mg\/#primaryimage","url":"https:\/\/medicinasinc.com\/hr\/wp-content\/uploads\/sites\/3\/2022\/02\/Buy-Oxycodone-80mg.jpg","contentUrl":"https:\/\/medicinasinc.com\/hr\/wp-content\/uploads\/sites\/3\/2022\/02\/Buy-Oxycodone-80mg.jpg","width":600,"height":514},{"@type":"BreadcrumbList","@id":"https:\/\/medicinasinc.com\/hr\/product\/kupiti-oksikodon-80-mg\/#breadcrumb","itemListElement":[{"@type":"ListItem","position":1,"name":"Du\u0107an","item":"https:\/\/medicinasinc.com\/hr\/ducan\/"},{"@type":"ListItem","position":2,"name":"Kupite oksikodon 80 mg"}]},{"@type":"WebSite","@id":"https:\/\/medicinasinc.com\/hr\/#website","url":"https:\/\/medicinasinc.com\/hr\/","name":"Medicinas Inc","description":"Health Medical Clinic","potentialAction":[{"@type":"SearchAction","target":{"@type":"EntryPoint","urlTemplate":"https:\/\/medicinasinc.com\/hr\/?s={search_term_string}"},"query-input":{"@type":"PropertyValueSpecification","valueRequired":true,"valueName":"search_term_string"}}],"inLanguage":"hr"}]}},"_links":{"self":[{"href":"https:\/\/medicinasinc.com\/hr\/wp-json\/wp\/v2\/product\/5294","targetHints":{"allow":["GET"]}}],"collection":[{"href":"https:\/\/medicinasinc.com\/hr\/wp-json\/wp\/v2\/product"}],"about":[{"href":"https:\/\/medicinasinc.com\/hr\/wp-json\/wp\/v2\/types\/product"}],"replies":[{"embeddable":true,"href":"https:\/\/medicinasinc.com\/hr\/wp-json\/wp\/v2\/comments?post=5294"}],"wp:featuredmedia":[{"embeddable":true,"href":"https:\/\/medicinasinc.com\/hr\/wp-json\/wp\/v2\/media\/5303"}],"wp:attachment":[{"href":"https:\/\/medicinasinc.com\/hr\/wp-json\/wp\/v2\/media?parent=5294"}],"wp:term":[{"taxonomy":"product_brand","embeddable":true,"href":"https:\/\/medicinasinc.com\/hr\/wp-json\/wp\/v2\/product_brand?post=5294"},{"taxonomy":"product_cat","embeddable":true,"href":"https:\/\/medicinasinc.com\/hr\/wp-json\/wp\/v2\/product_cat?post=5294"},{"taxonomy":"product_tag","embeddable":true,"href":"https:\/\/medicinasinc.com\/hr\/wp-json\/wp\/v2\/product_tag?post=5294"}],"curies":[{"name":"wp","href":"https:\/\/api.w.org\/{rel}","templated":true}]}}