{"id":5293,"date":"2022-02-21T18:15:16","date_gmt":"2022-02-21T18:15:16","guid":{"rendered":"https:\/\/medicinasinc.com\/hr\/?post_type=product&#038;p=5293"},"modified":"2022-03-15T05:44:34","modified_gmt":"2022-03-15T05:44:34","slug":"kupiti-oksikodon-40mg-pilule","status":"publish","type":"product","link":"https:\/\/medicinasinc.com\/hr\/product\/kupiti-oksikodon-40mg-pilule\/","title":{"rendered":"Kupite tablete OxyCodone 40mg"},"content":{"rendered":"<p>Online kupnja Oxycodone 40mg tableta.<\/p>\n<p>Online kupnja Oxycodone 40mg tableta. Osim toga, prodajemo i kodein. U svijetu se koriste lijekovi protiv bolova i drugi lijekovi.<\/p>\n<p>Online ljekarna za kupnju OxyCodone 40mg tableta.<\/p>\n<p>Kupite Oxycodone Online | Kupite Oxycodone 40mg bez recepta<\/p>\n<p>Mo\u017eete dobiti ekspresnu dostavu kreditnom karticom.<\/p>\n<p>Ovaj lijek se koristi za ubla\u017eavanje jake, trajne boli (kao \u0161to je uzrokovano zbog rak).<\/p>\n<p>Oksikodon je opioidni analgetik. Djeluje tako \u0161to mijenja na\u010din na koji va\u0161e tijelo percipira i reagira na bol u mozgu.<\/p>\n<p>Vi\u0161e doze ovog lijeka (vi\u0161e od 40 mg po tableti) treba koristiti samo ako ste uzimali umjerene do visoke doze redovito uzimati opioidne lijekove protiv bolova. Ove jakosti mogu rezultirati predoziranjem (a mo\u017eda i smr\u0107u) ako ih uzme netko tko nije stalno koristio opioide.<\/p>\n<p>Izbjegavajte kori\u0161tenje oksikodona s produljenim osloba\u0111anjem za lije\u010denje boli koja je minimalna ili \u0107e se povu\u0107i unutar jednog vremena. nekoliko dana. Ovaj lijek nije namijenjen za kori\u0161tenje na temelju &#8220;po potrebi&#8221;.<\/p>\n","protected":false},"excerpt":{"rendered":"<div class=\"woocommerce-product-details__short-description\">\n<p>Mre\u017ena ljekarna za kupnju OxyCodone 40mg tableta. Kupite Oxycodone online | Kupite Oxycodone 40mg bez recepta Mo\u017eete dobiti ekspresnu dostavu putem bankovnog prijenosa.<\/p>\n<p>Kupite Oxycodone 40mg tablete na mre\u017ei u Ujedinjenom Kraljevstvu i Europi, naru\u010dite jeftine Oxycodone pilule online s&#8230; Tablete oksikodona mo\u017eete kupiti online bez recepta (bez RX-a).<\/p>\n<\/p><\/div>\n","protected":false},"featured_media":5301,"comment_status":"open","ping_status":"closed","template":"","meta":[],"product_brand":[],"product_cat":[1117],"product_tag":[1638,1640,1639,1641,1642,1698,1675,1676,1699,1700,1644,1643,1689,1709,1646,1688,1650,1651,1652,1653,1654,1655,1656,1657,1658,1660,1661,1662,1663,1665,1667,1668,1669,1670,1678,1680,1679,1682,1683,1672,1673,1674,1690,1691,1692,1693,1694,1648,1696,1697,1056,1701,1703,1704,1647,1671,1649,1659,1664,1666,1681,1686,1687,1695,1705,1706,1708,1677,1702,1710,1711,1712,1713,1685,1714,1719,1720,1717,1707,1645,1684,1716,1715,1718],"class_list":{"0":"post-5293","1":"product","2":"type-product","3":"status-publish","4":"has-post-thumbnail","6":"product_cat-kupite-tablete-za-bol-spavanje-seks","7":"product_tag-15-mg-oksikodon","8":"product_tag-20-mg-oksikodona","9":"product_tag-20-mg-oksikodon","10":"product_tag-dihidroksikodeinon","11":"product_tag-dihydroxycodeinone","12":"product_tag-doza-oksikontina","13":"product_tag-doze-oksikodona","14":"product_tag-oksikodonski-uinci","15":"product_tag-oksikontin-efekti","16":"product_tag-oksikontin-generiki","17":"product_tag-je-oksikodon-an-opioid","18":"product_tag-koliko-dugo-traje-oksikodon","19":"product_tag-upotrebe-oksikodona","20":"product_tag-lijekovi-protiv-bolova-na-recept","21":"product_tag-liquid-oxycontin","22":"product_tag-nuspojave-oksikodona","23":"product_tag-oksi","24":"product_tag-oksi-10","25":"product_tag-oksi-5-mg","26":"product_tag-oksi-droga","27":"product_tag-oksi-droge","28":"product_tag-oksi-pilula","29":"product_tag-oksi-pilule","30":"product_tag-oksikodin","31":"product_tag-oksikodon","32":"product_tag-oksikodon-10","33":"product_tag-oksikodon-10-mg","34":"product_tag-oksikodon-10mg-ruiasta","35":"product_tag-oksikodon-15-mg","36":"product_tag-oksikodon-20-mg","37":"product_tag-oksikodon-30-mg","38":"product_tag-oksikodon-5","39":"product_tag-oksikodon-5-325","40":"product_tag-oksikodon-5-mg","41":"product_tag-oksikodon-hcl","42":"product_tag-oksikodon-hcl-5mg","43":"product_tag-oksikodon-hcl-5-mg-tableta","44":"product_tag-oksikodon-hidroklorid","45":"product_tag-oksikodon-hidroklorid-5-mg","46":"product_tag-oksikodon-i-alkohol","47":"product_tag-oksikodon-i-ibuprofen","48":"product_tag-oksikodon-i-tilenol","49":"product_tag-oksikodon-vs-oksikontin","50":"product_tag-oksikodon-vs-perkocet","51":"product_tag-oksikodon-acetaminofen","52":"product_tag-oksikodon-acetaminofen-5-325","53":"product_tag-oksikodon-apap","54":"product_tag-oksikodona","55":"product_tag-oksikontin","56":"product_tag-oksikontin-30-mg","57":"product_tag-oksikontin-80-mg","58":"product_tag-oksikontin-ir","59":"product_tag-oksikontin-protiv-oksikodona","60":"product_tag-oksikoton","61":"product_tag-opioidni-lijekovi-protiv-bolova","62":"product_tag-ovisnost-o-oksikodonu","63":"product_tag-oxicodone","64":"product_tag-oxycodone","65":"product_tag-oxycodone-15mg","66":"product_tag-oxycodone-20mg","67":"product_tag-oxycodone-high","68":"product_tag-oxycodone-pill","69":"product_tag-oxycodone-pills","70":"product_tag-oksikodonum","71":"product_tag-oxycotton","72":"product_tag-oxys","73":"product_tag-pilula-20","74":"product_tag-oksikodon-poluvijek","75":"product_tag-oksikontin-predoziranje","76":"product_tag-roksikodon-protiv-oksikodona","77":"product_tag-roxy-10","78":"product_tag-roxy-30s","79":"product_tag-roxy-droga","80":"product_tag-oksikodon-sastojci","81":"product_tag-side-effects-of-oxycodone","82":"product_tag-to-je-oksimorfon","83":"product_tag-to-je-roksikodon","84":"product_tag-to-radi-oksikodon-radi","85":"product_tag-oksitocin-pilule","86":"product_tag-tekuina-oksikodon","87":"product_tag-oksikodon-trenutno-oslobaanje","88":"product_tag-vrste-lijekova-protiv-bolova","89":"product_tag-vrste-opioida","90":"product_tag-what-is-oxy","92":"first","93":"instock","94":"shipping-taxable","95":"purchasable","96":"product-type-variable","97":"has-default-attributes"},"yoast_head":"<!-- This site is optimized with the Yoast SEO plugin v27.3 - https:\/\/yoast.com\/product\/yoast-seo-wordpress\/ -->\n<title>Kupite tablete OxyCodone 40 mg - Najbolji najbolji svjetski lijekovi<\/title>\n<meta name=\"description\" content=\"Kupite Oxycodone\u00a040 mg tablete za prodaju UK, Europa na mre\u017ei,\u00a0Naru\u010dite\u00a0jeftine\u00a0Oxycodone 40 mg tablete na mre\u017ei\u00a0s... Mo\u017eete\u00a0kupiti oksikodon online tablete\u00a0bez recepta (bez RX).\" \/>\n<meta name=\"robots\" content=\"index, follow, max-snippet:-1, max-image-preview:large, max-video-preview:-1\" \/>\n<link rel=\"canonical\" href=\"https:\/\/medicinasinc.com\/hr\/product\/kupiti-oksikodon-40mg-pilule\/\" \/>\n<meta property=\"og:locale\" content=\"hr_HR\" \/>\n<meta property=\"og:type\" content=\"article\" \/>\n<meta property=\"og:title\" content=\"Kupite tablete OxyCodone 40 mg - Najbolji najbolji svjetski lijekovi\" \/>\n<meta property=\"og:description\" content=\"Kupite Oxycodone\u00a040 mg tablete za prodaju UK, Europa na mre\u017ei,\u00a0Naru\u010dite\u00a0jeftine\u00a0Oxycodone 40 mg tablete na mre\u017ei\u00a0s... Mo\u017eete\u00a0kupiti oksikodon online tablete\u00a0bez recepta (bez RX).\" \/>\n<meta property=\"og:url\" content=\"https:\/\/medicinasinc.com\/hr\/product\/kupiti-oksikodon-40mg-pilule\/\" \/>\n<meta property=\"og:site_name\" content=\"Medicinas Inc\" \/>\n<meta property=\"article:modified_time\" content=\"2022-03-15T05:44:34+00:00\" \/>\n<meta property=\"og:image\" content=\"https:\/\/medicinasinc.com\/hr\/wp-content\/uploads\/sites\/3\/2022\/02\/Buy-OxyCodone-40mg.jpg\" \/>\n\t<meta property=\"og:image:width\" content=\"600\" \/>\n\t<meta property=\"og:image:height\" content=\"400\" \/>\n\t<meta property=\"og:image:type\" content=\"image\/jpeg\" \/>\n<meta name=\"twitter:card\" content=\"summary_large_image\" \/>\n<meta name=\"twitter:label1\" content=\"Procijenjeno vrijeme \u010ditanja\" \/>\n\t<meta name=\"twitter:data1\" content=\"1 minuta\" \/>\n<script type=\"application\/ld+json\" class=\"yoast-schema-graph\">{\"@context\":\"https:\\\/\\\/schema.org\",\"@graph\":[{\"@type\":\"WebPage\",\"@id\":\"https:\\\/\\\/medicinasinc.com\\\/hr\\\/product\\\/kupiti-oksikodon-40mg-pilule\\\/\",\"url\":\"https:\\\/\\\/medicinasinc.com\\\/hr\\\/product\\\/kupiti-oksikodon-40mg-pilule\\\/\",\"name\":\"Kupite tablete OxyCodone 40 mg - Najbolji najbolji svjetski lijekovi\",\"isPartOf\":{\"@id\":\"https:\\\/\\\/medicinasinc.com\\\/hr\\\/#website\"},\"primaryImageOfPage\":{\"@id\":\"https:\\\/\\\/medicinasinc.com\\\/hr\\\/product\\\/kupiti-oksikodon-40mg-pilule\\\/#primaryimage\"},\"image\":{\"@id\":\"https:\\\/\\\/medicinasinc.com\\\/hr\\\/product\\\/kupiti-oksikodon-40mg-pilule\\\/#primaryimage\"},\"thumbnailUrl\":\"https:\\\/\\\/medicinasinc.com\\\/hr\\\/wp-content\\\/uploads\\\/sites\\\/3\\\/2022\\\/02\\\/Buy-OxyCodone-40mg.jpg\",\"datePublished\":\"2022-02-21T18:15:16+00:00\",\"dateModified\":\"2022-03-15T05:44:34+00:00\",\"description\":\"Kupite Oxycodone\u00a040 mg tablete za prodaju UK, Europa na mre\u017ei,\u00a0Naru\u010dite\u00a0jeftine\u00a0Oxycodone 40 mg tablete na mre\u017ei\u00a0s... Mo\u017eete\u00a0kupiti oksikodon online tablete\u00a0bez recepta (bez RX).\",\"breadcrumb\":{\"@id\":\"https:\\\/\\\/medicinasinc.com\\\/hr\\\/product\\\/kupiti-oksikodon-40mg-pilule\\\/#breadcrumb\"},\"inLanguage\":\"hr\",\"potentialAction\":[{\"@type\":\"ReadAction\",\"target\":[\"https:\\\/\\\/medicinasinc.com\\\/hr\\\/product\\\/kupiti-oksikodon-40mg-pilule\\\/\"]}]},{\"@type\":\"ImageObject\",\"inLanguage\":\"hr\",\"@id\":\"https:\\\/\\\/medicinasinc.com\\\/hr\\\/product\\\/kupiti-oksikodon-40mg-pilule\\\/#primaryimage\",\"url\":\"https:\\\/\\\/medicinasinc.com\\\/hr\\\/wp-content\\\/uploads\\\/sites\\\/3\\\/2022\\\/02\\\/Buy-OxyCodone-40mg.jpg\",\"contentUrl\":\"https:\\\/\\\/medicinasinc.com\\\/hr\\\/wp-content\\\/uploads\\\/sites\\\/3\\\/2022\\\/02\\\/Buy-OxyCodone-40mg.jpg\",\"width\":600,\"height\":400},{\"@type\":\"BreadcrumbList\",\"@id\":\"https:\\\/\\\/medicinasinc.com\\\/hr\\\/product\\\/kupiti-oksikodon-40mg-pilule\\\/#breadcrumb\",\"itemListElement\":[{\"@type\":\"ListItem\",\"position\":1,\"name\":\"Du\u0107an\",\"item\":\"https:\\\/\\\/medicinasinc.com\\\/hr\\\/ducan\\\/\"},{\"@type\":\"ListItem\",\"position\":2,\"name\":\"Kupite tablete OxyCodone 40mg\"}]},{\"@type\":\"WebSite\",\"@id\":\"https:\\\/\\\/medicinasinc.com\\\/hr\\\/#website\",\"url\":\"https:\\\/\\\/medicinasinc.com\\\/hr\\\/\",\"name\":\"Medicinas Inc\",\"description\":\"Health Medical Clinic\",\"potentialAction\":[{\"@type\":\"SearchAction\",\"target\":{\"@type\":\"EntryPoint\",\"urlTemplate\":\"https:\\\/\\\/medicinasinc.com\\\/hr\\\/?s={search_term_string}\"},\"query-input\":{\"@type\":\"PropertyValueSpecification\",\"valueRequired\":true,\"valueName\":\"search_term_string\"}}],\"inLanguage\":\"hr\"}]}<\/script>\n<!-- \/ Yoast SEO plugin. -->","yoast_head_json":{"title":"Kupite tablete OxyCodone 40 mg - Najbolji najbolji svjetski lijekovi","description":"Kupite Oxycodone\u00a040 mg tablete za prodaju UK, Europa na mre\u017ei,\u00a0Naru\u010dite\u00a0jeftine\u00a0Oxycodone 40 mg tablete na mre\u017ei\u00a0s... Mo\u017eete\u00a0kupiti oksikodon online tablete\u00a0bez recepta (bez RX).","robots":{"index":"index","follow":"follow","max-snippet":"max-snippet:-1","max-image-preview":"max-image-preview:large","max-video-preview":"max-video-preview:-1"},"canonical":"https:\/\/medicinasinc.com\/hr\/product\/kupiti-oksikodon-40mg-pilule\/","og_locale":"hr_HR","og_type":"article","og_title":"Kupite tablete OxyCodone 40 mg - Najbolji najbolji svjetski lijekovi","og_description":"Kupite Oxycodone\u00a040 mg tablete za prodaju UK, Europa na mre\u017ei,\u00a0Naru\u010dite\u00a0jeftine\u00a0Oxycodone 40 mg tablete na mre\u017ei\u00a0s... Mo\u017eete\u00a0kupiti oksikodon online tablete\u00a0bez recepta (bez RX).","og_url":"https:\/\/medicinasinc.com\/hr\/product\/kupiti-oksikodon-40mg-pilule\/","og_site_name":"Medicinas Inc","article_modified_time":"2022-03-15T05:44:34+00:00","og_image":[{"width":600,"height":400,"url":"https:\/\/medicinasinc.com\/hr\/wp-content\/uploads\/sites\/3\/2022\/02\/Buy-OxyCodone-40mg.jpg","type":"image\/jpeg"}],"twitter_card":"summary_large_image","twitter_misc":{"Procijenjeno vrijeme \u010ditanja":"1 minuta"},"schema":{"@context":"https:\/\/schema.org","@graph":[{"@type":"WebPage","@id":"https:\/\/medicinasinc.com\/hr\/product\/kupiti-oksikodon-40mg-pilule\/","url":"https:\/\/medicinasinc.com\/hr\/product\/kupiti-oksikodon-40mg-pilule\/","name":"Kupite tablete OxyCodone 40 mg - Najbolji najbolji svjetski lijekovi","isPartOf":{"@id":"https:\/\/medicinasinc.com\/hr\/#website"},"primaryImageOfPage":{"@id":"https:\/\/medicinasinc.com\/hr\/product\/kupiti-oksikodon-40mg-pilule\/#primaryimage"},"image":{"@id":"https:\/\/medicinasinc.com\/hr\/product\/kupiti-oksikodon-40mg-pilule\/#primaryimage"},"thumbnailUrl":"https:\/\/medicinasinc.com\/hr\/wp-content\/uploads\/sites\/3\/2022\/02\/Buy-OxyCodone-40mg.jpg","datePublished":"2022-02-21T18:15:16+00:00","dateModified":"2022-03-15T05:44:34+00:00","description":"Kupite Oxycodone\u00a040 mg tablete za prodaju UK, Europa na mre\u017ei,\u00a0Naru\u010dite\u00a0jeftine\u00a0Oxycodone 40 mg tablete na mre\u017ei\u00a0s... Mo\u017eete\u00a0kupiti oksikodon online tablete\u00a0bez recepta (bez RX).","breadcrumb":{"@id":"https:\/\/medicinasinc.com\/hr\/product\/kupiti-oksikodon-40mg-pilule\/#breadcrumb"},"inLanguage":"hr","potentialAction":[{"@type":"ReadAction","target":["https:\/\/medicinasinc.com\/hr\/product\/kupiti-oksikodon-40mg-pilule\/"]}]},{"@type":"ImageObject","inLanguage":"hr","@id":"https:\/\/medicinasinc.com\/hr\/product\/kupiti-oksikodon-40mg-pilule\/#primaryimage","url":"https:\/\/medicinasinc.com\/hr\/wp-content\/uploads\/sites\/3\/2022\/02\/Buy-OxyCodone-40mg.jpg","contentUrl":"https:\/\/medicinasinc.com\/hr\/wp-content\/uploads\/sites\/3\/2022\/02\/Buy-OxyCodone-40mg.jpg","width":600,"height":400},{"@type":"BreadcrumbList","@id":"https:\/\/medicinasinc.com\/hr\/product\/kupiti-oksikodon-40mg-pilule\/#breadcrumb","itemListElement":[{"@type":"ListItem","position":1,"name":"Du\u0107an","item":"https:\/\/medicinasinc.com\/hr\/ducan\/"},{"@type":"ListItem","position":2,"name":"Kupite tablete OxyCodone 40mg"}]},{"@type":"WebSite","@id":"https:\/\/medicinasinc.com\/hr\/#website","url":"https:\/\/medicinasinc.com\/hr\/","name":"Medicinas Inc","description":"Health Medical Clinic","potentialAction":[{"@type":"SearchAction","target":{"@type":"EntryPoint","urlTemplate":"https:\/\/medicinasinc.com\/hr\/?s={search_term_string}"},"query-input":{"@type":"PropertyValueSpecification","valueRequired":true,"valueName":"search_term_string"}}],"inLanguage":"hr"}]}},"_links":{"self":[{"href":"https:\/\/medicinasinc.com\/hr\/wp-json\/wp\/v2\/product\/5293","targetHints":{"allow":["GET"]}}],"collection":[{"href":"https:\/\/medicinasinc.com\/hr\/wp-json\/wp\/v2\/product"}],"about":[{"href":"https:\/\/medicinasinc.com\/hr\/wp-json\/wp\/v2\/types\/product"}],"replies":[{"embeddable":true,"href":"https:\/\/medicinasinc.com\/hr\/wp-json\/wp\/v2\/comments?post=5293"}],"wp:featuredmedia":[{"embeddable":true,"href":"https:\/\/medicinasinc.com\/hr\/wp-json\/wp\/v2\/media\/5301"}],"wp:attachment":[{"href":"https:\/\/medicinasinc.com\/hr\/wp-json\/wp\/v2\/media?parent=5293"}],"wp:term":[{"taxonomy":"product_brand","embeddable":true,"href":"https:\/\/medicinasinc.com\/hr\/wp-json\/wp\/v2\/product_brand?post=5293"},{"taxonomy":"product_cat","embeddable":true,"href":"https:\/\/medicinasinc.com\/hr\/wp-json\/wp\/v2\/product_cat?post=5293"},{"taxonomy":"product_tag","embeddable":true,"href":"https:\/\/medicinasinc.com\/hr\/wp-json\/wp\/v2\/product_tag?post=5293"}],"curies":[{"name":"wp","href":"https:\/\/api.w.org\/{rel}","templated":true}]}}