{"id":5265,"date":"2022-02-20T22:55:20","date_gmt":"2022-02-20T22:55:20","guid":{"rendered":"https:\/\/medicinasinc.com\/hr\/?post_type=product&#038;p=5265"},"modified":"2022-03-15T05:44:43","modified_gmt":"2022-03-15T05:44:43","slug":"kupiti-mogadon-nitrazepam-5mg-pilule","status":"publish","type":"product","link":"https:\/\/medicinasinc.com\/hr\/product\/kupiti-mogadon-nitrazepam-5mg-pilule\/","title":{"rendered":"Kupite Mogadon Nitrazepam 5mg tablete"},"content":{"rendered":"<p>Online kupnja Mogadon Nitrazepam 5mg tableta<br \/> Mogadon je 0,31 USD po tableti kod nas u PocketPillsu. Mogadon mo\u017ee biti jeftiniji ako ga pokriva va\u0161e osiguranje. Da biste dobili cjelokupni tro\u0161ak Mogadona, trebate dodatno uklju\u010diti u tro\u0161kove izdavanja i dostave.<\/p>\n<p>Koliko je naknada za izdavanje Mogadona?<\/p>\n<p>Tro\u0161ak izdavanja Mogadona kod nas je samo 7 USD . Pocketpills nastoji vam pru\u017eiti najni\u017ee cijene Mogadona u Kanadi.<br \/> Imajte na umu da nudimo BESPLATNU DOSTAVU za sve narud\u017ebe diljem svijeta.<\/p>\n<div>\n<div>\n<div>\n<div class=\"margin-\">\n<div class=\"drugcontent-wrapper\">\n<div class=\"h4\">\n<ul>\n<li>Ne zaboravite, nudimo vam BESPLATNU dostavu u Kanadi.<\/li>\n<\/ul><\/div><\/div><\/div><\/div><\/div><\/div>\n<div class=\"product-next-previous\">\n<div class=\"product-prev\"><\/div><\/div>\n","protected":false},"excerpt":{"rendered":"<p>Mogadon Nitrazepam 5mg tablete za prodaju u Ujedinjenom Kraljevstvu i Europi. pote\u0161ko\u0107e pri uspavljivanju, ponovljena uzbu\u0111enja tijekom no\u0107i i bu\u0111enje u ranim jutarnjim satima. Osim toga, koristi se za pra\u0107enje miokloni\u010dnih napadaja.<\/p>\n<p>Mogadon Kupi online &#8211; Najkvalitetnije pilule Kupite nitrazepam online bez recepta, naru\u010dite i neka vam Mogadon bude isporu\u010den u inozemstvo brzom dostavom.<\/p>\n<p>nitrazepam xr 30 mg kupnja<\/p>\n<p>kupite nitrazepam preko no\u0107i, kupite nitrazepam bez recepta online kupujte nitrazepam u Kostariki, Europi, Dubaiju, Kini, Europskoj uniji i diljem svijeta. Tablete generi\u010dkog nitrazepama<\/p>\n","protected":false},"featured_media":5995,"comment_status":"open","ping_status":"closed","template":"","meta":[],"product_brand":[],"product_cat":[1117],"product_tag":[1629,1630,1631,1632,1633,1634,1635,1636,1637],"class_list":{"0":"post-5265","1":"product","2":"type-product","3":"status-publish","4":"has-post-thumbnail","6":"product_cat-kupite-tablete-za-bol-spavanje-seks","7":"product_tag-buy-nitrazepam-10mg-buy-mogadon-online-nitrazepam-5mg-for-sale-buy-mogadon-10mg","8":"product_tag-buy-cheap-mogadon-nitrazepam","9":"product_tag-mogadon-nitrazepam","10":"product_tag-mogadon-nitrazepam-kako-prestati","11":"product_tag-mogadon-nitrazepam-povlaenje","12":"product_tag-nitrazepam-mogadon","13":"product_tag-reddit-mogadon-nitrazepam","14":"product_tag-reddit-mogadon-nitrazepam-povlaenje","15":"product_tag-reddit-nitrazepam-mogadon-povlaenje","17":"first","18":"instock","19":"shipping-taxable","20":"purchasable","21":"product-type-variable","22":"has-default-attributes"},"yoast_head":"<!-- This site is optimized with the Yoast SEO plugin v27.3 - https:\/\/yoast.com\/product\/yoast-seo-wordpress\/ -->\n<title>Kupite tablete Mogadon Nitrazepam 5mg - Best Global Meds<\/title>\n<meta name=\"description\" content=\"Kupite Mogadon Nitrazepam 5mg tablete za prodaju UK, Europa online. problemi s klimanjem, uzastopna uzbu\u0111enja tijekom cijele no\u0107i i ranojutarnje bu\u0111enje. Dodatno se koristi za nadgledanje miokloni\u010dnih napadaja.\" \/>\n<meta name=\"robots\" content=\"index, follow, max-snippet:-1, max-image-preview:large, max-video-preview:-1\" \/>\n<link rel=\"canonical\" href=\"https:\/\/medicinasinc.com\/hr\/product\/kupiti-mogadon-nitrazepam-5mg-pilule\/\" \/>\n<meta property=\"og:locale\" content=\"hr_HR\" \/>\n<meta property=\"og:type\" content=\"article\" \/>\n<meta property=\"og:title\" content=\"Kupite tablete Mogadon Nitrazepam 5mg - Best Global Meds\" \/>\n<meta property=\"og:description\" content=\"Kupite Mogadon Nitrazepam 5mg tablete za prodaju UK, Europa online. problemi s klimanjem, uzastopna uzbu\u0111enja tijekom cijele no\u0107i i ranojutarnje bu\u0111enje. Dodatno se koristi za nadgledanje miokloni\u010dnih napadaja.\" \/>\n<meta property=\"og:url\" content=\"https:\/\/medicinasinc.com\/hr\/product\/kupiti-mogadon-nitrazepam-5mg-pilule\/\" \/>\n<meta property=\"og:site_name\" content=\"Medicinas Inc\" \/>\n<meta property=\"article:modified_time\" content=\"2022-03-15T05:44:43+00:00\" \/>\n<meta property=\"og:image\" content=\"https:\/\/medicinasinc.com\/hr\/wp-content\/uploads\/sites\/3\/2022\/02\/Buy-Mogadon-Nitrazepam-5mg-pills.jpg\" \/>\n\t<meta property=\"og:image:width\" content=\"640\" \/>\n\t<meta property=\"og:image:height\" content=\"480\" \/>\n\t<meta property=\"og:image:type\" content=\"image\/jpeg\" \/>\n<meta name=\"twitter:card\" content=\"summary_large_image\" \/>\n<meta name=\"twitter:label1\" content=\"Procijenjeno vrijeme \u010ditanja\" \/>\n\t<meta name=\"twitter:data1\" content=\"1 minuta\" \/>\n<script type=\"application\/ld+json\" class=\"yoast-schema-graph\">{\"@context\":\"https:\\\/\\\/schema.org\",\"@graph\":[{\"@type\":\"WebPage\",\"@id\":\"https:\\\/\\\/medicinasinc.com\\\/hr\\\/product\\\/kupiti-mogadon-nitrazepam-5mg-pilule\\\/\",\"url\":\"https:\\\/\\\/medicinasinc.com\\\/hr\\\/product\\\/kupiti-mogadon-nitrazepam-5mg-pilule\\\/\",\"name\":\"Kupite tablete Mogadon Nitrazepam 5mg - Best Global Meds\",\"isPartOf\":{\"@id\":\"https:\\\/\\\/medicinasinc.com\\\/hr\\\/#website\"},\"primaryImageOfPage\":{\"@id\":\"https:\\\/\\\/medicinasinc.com\\\/hr\\\/product\\\/kupiti-mogadon-nitrazepam-5mg-pilule\\\/#primaryimage\"},\"image\":{\"@id\":\"https:\\\/\\\/medicinasinc.com\\\/hr\\\/product\\\/kupiti-mogadon-nitrazepam-5mg-pilule\\\/#primaryimage\"},\"thumbnailUrl\":\"https:\\\/\\\/medicinasinc.com\\\/hr\\\/wp-content\\\/uploads\\\/sites\\\/3\\\/2022\\\/02\\\/Buy-Mogadon-Nitrazepam-5mg-pills.jpg\",\"datePublished\":\"2022-02-20T22:55:20+00:00\",\"dateModified\":\"2022-03-15T05:44:43+00:00\",\"description\":\"Kupite Mogadon Nitrazepam 5mg tablete za prodaju UK, Europa online. problemi s klimanjem, uzastopna uzbu\u0111enja tijekom cijele no\u0107i i ranojutarnje bu\u0111enje. Dodatno se koristi za nadgledanje miokloni\u010dnih napadaja.\",\"breadcrumb\":{\"@id\":\"https:\\\/\\\/medicinasinc.com\\\/hr\\\/product\\\/kupiti-mogadon-nitrazepam-5mg-pilule\\\/#breadcrumb\"},\"inLanguage\":\"hr\",\"potentialAction\":[{\"@type\":\"ReadAction\",\"target\":[\"https:\\\/\\\/medicinasinc.com\\\/hr\\\/product\\\/kupiti-mogadon-nitrazepam-5mg-pilule\\\/\"]}]},{\"@type\":\"ImageObject\",\"inLanguage\":\"hr\",\"@id\":\"https:\\\/\\\/medicinasinc.com\\\/hr\\\/product\\\/kupiti-mogadon-nitrazepam-5mg-pilule\\\/#primaryimage\",\"url\":\"https:\\\/\\\/medicinasinc.com\\\/hr\\\/wp-content\\\/uploads\\\/sites\\\/3\\\/2022\\\/02\\\/Buy-Mogadon-Nitrazepam-5mg-pills.jpg\",\"contentUrl\":\"https:\\\/\\\/medicinasinc.com\\\/hr\\\/wp-content\\\/uploads\\\/sites\\\/3\\\/2022\\\/02\\\/Buy-Mogadon-Nitrazepam-5mg-pills.jpg\",\"width\":640,\"height\":480,\"caption\":\"Buy Mogadon Nitrazepam 5mg pills\"},{\"@type\":\"BreadcrumbList\",\"@id\":\"https:\\\/\\\/medicinasinc.com\\\/hr\\\/product\\\/kupiti-mogadon-nitrazepam-5mg-pilule\\\/#breadcrumb\",\"itemListElement\":[{\"@type\":\"ListItem\",\"position\":1,\"name\":\"Du\u0107an\",\"item\":\"https:\\\/\\\/medicinasinc.com\\\/hr\\\/ducan\\\/\"},{\"@type\":\"ListItem\",\"position\":2,\"name\":\"Kupite Mogadon Nitrazepam 5mg tablete\"}]},{\"@type\":\"WebSite\",\"@id\":\"https:\\\/\\\/medicinasinc.com\\\/hr\\\/#website\",\"url\":\"https:\\\/\\\/medicinasinc.com\\\/hr\\\/\",\"name\":\"Medicinas Inc\",\"description\":\"Health Medical Clinic\",\"potentialAction\":[{\"@type\":\"SearchAction\",\"target\":{\"@type\":\"EntryPoint\",\"urlTemplate\":\"https:\\\/\\\/medicinasinc.com\\\/hr\\\/?s={search_term_string}\"},\"query-input\":{\"@type\":\"PropertyValueSpecification\",\"valueRequired\":true,\"valueName\":\"search_term_string\"}}],\"inLanguage\":\"hr\"}]}<\/script>\n<!-- \/ Yoast SEO plugin. -->","yoast_head_json":{"title":"Kupite tablete Mogadon Nitrazepam 5mg - Best Global Meds","description":"Kupite Mogadon Nitrazepam 5mg tablete za prodaju UK, Europa online. problemi s klimanjem, uzastopna uzbu\u0111enja tijekom cijele no\u0107i i ranojutarnje bu\u0111enje. Dodatno se koristi za nadgledanje miokloni\u010dnih napadaja.","robots":{"index":"index","follow":"follow","max-snippet":"max-snippet:-1","max-image-preview":"max-image-preview:large","max-video-preview":"max-video-preview:-1"},"canonical":"https:\/\/medicinasinc.com\/hr\/product\/kupiti-mogadon-nitrazepam-5mg-pilule\/","og_locale":"hr_HR","og_type":"article","og_title":"Kupite tablete Mogadon Nitrazepam 5mg - Best Global Meds","og_description":"Kupite Mogadon Nitrazepam 5mg tablete za prodaju UK, Europa online. problemi s klimanjem, uzastopna uzbu\u0111enja tijekom cijele no\u0107i i ranojutarnje bu\u0111enje. Dodatno se koristi za nadgledanje miokloni\u010dnih napadaja.","og_url":"https:\/\/medicinasinc.com\/hr\/product\/kupiti-mogadon-nitrazepam-5mg-pilule\/","og_site_name":"Medicinas Inc","article_modified_time":"2022-03-15T05:44:43+00:00","og_image":[{"width":640,"height":480,"url":"https:\/\/medicinasinc.com\/hr\/wp-content\/uploads\/sites\/3\/2022\/02\/Buy-Mogadon-Nitrazepam-5mg-pills.jpg","type":"image\/jpeg"}],"twitter_card":"summary_large_image","twitter_misc":{"Procijenjeno vrijeme \u010ditanja":"1 minuta"},"schema":{"@context":"https:\/\/schema.org","@graph":[{"@type":"WebPage","@id":"https:\/\/medicinasinc.com\/hr\/product\/kupiti-mogadon-nitrazepam-5mg-pilule\/","url":"https:\/\/medicinasinc.com\/hr\/product\/kupiti-mogadon-nitrazepam-5mg-pilule\/","name":"Kupite tablete Mogadon Nitrazepam 5mg - Best Global Meds","isPartOf":{"@id":"https:\/\/medicinasinc.com\/hr\/#website"},"primaryImageOfPage":{"@id":"https:\/\/medicinasinc.com\/hr\/product\/kupiti-mogadon-nitrazepam-5mg-pilule\/#primaryimage"},"image":{"@id":"https:\/\/medicinasinc.com\/hr\/product\/kupiti-mogadon-nitrazepam-5mg-pilule\/#primaryimage"},"thumbnailUrl":"https:\/\/medicinasinc.com\/hr\/wp-content\/uploads\/sites\/3\/2022\/02\/Buy-Mogadon-Nitrazepam-5mg-pills.jpg","datePublished":"2022-02-20T22:55:20+00:00","dateModified":"2022-03-15T05:44:43+00:00","description":"Kupite Mogadon Nitrazepam 5mg tablete za prodaju UK, Europa online. problemi s klimanjem, uzastopna uzbu\u0111enja tijekom cijele no\u0107i i ranojutarnje bu\u0111enje. Dodatno se koristi za nadgledanje miokloni\u010dnih napadaja.","breadcrumb":{"@id":"https:\/\/medicinasinc.com\/hr\/product\/kupiti-mogadon-nitrazepam-5mg-pilule\/#breadcrumb"},"inLanguage":"hr","potentialAction":[{"@type":"ReadAction","target":["https:\/\/medicinasinc.com\/hr\/product\/kupiti-mogadon-nitrazepam-5mg-pilule\/"]}]},{"@type":"ImageObject","inLanguage":"hr","@id":"https:\/\/medicinasinc.com\/hr\/product\/kupiti-mogadon-nitrazepam-5mg-pilule\/#primaryimage","url":"https:\/\/medicinasinc.com\/hr\/wp-content\/uploads\/sites\/3\/2022\/02\/Buy-Mogadon-Nitrazepam-5mg-pills.jpg","contentUrl":"https:\/\/medicinasinc.com\/hr\/wp-content\/uploads\/sites\/3\/2022\/02\/Buy-Mogadon-Nitrazepam-5mg-pills.jpg","width":640,"height":480,"caption":"Buy Mogadon Nitrazepam 5mg pills"},{"@type":"BreadcrumbList","@id":"https:\/\/medicinasinc.com\/hr\/product\/kupiti-mogadon-nitrazepam-5mg-pilule\/#breadcrumb","itemListElement":[{"@type":"ListItem","position":1,"name":"Du\u0107an","item":"https:\/\/medicinasinc.com\/hr\/ducan\/"},{"@type":"ListItem","position":2,"name":"Kupite Mogadon Nitrazepam 5mg tablete"}]},{"@type":"WebSite","@id":"https:\/\/medicinasinc.com\/hr\/#website","url":"https:\/\/medicinasinc.com\/hr\/","name":"Medicinas Inc","description":"Health Medical Clinic","potentialAction":[{"@type":"SearchAction","target":{"@type":"EntryPoint","urlTemplate":"https:\/\/medicinasinc.com\/hr\/?s={search_term_string}"},"query-input":{"@type":"PropertyValueSpecification","valueRequired":true,"valueName":"search_term_string"}}],"inLanguage":"hr"}]}},"_links":{"self":[{"href":"https:\/\/medicinasinc.com\/hr\/wp-json\/wp\/v2\/product\/5265","targetHints":{"allow":["GET"]}}],"collection":[{"href":"https:\/\/medicinasinc.com\/hr\/wp-json\/wp\/v2\/product"}],"about":[{"href":"https:\/\/medicinasinc.com\/hr\/wp-json\/wp\/v2\/types\/product"}],"replies":[{"embeddable":true,"href":"https:\/\/medicinasinc.com\/hr\/wp-json\/wp\/v2\/comments?post=5265"}],"wp:featuredmedia":[{"embeddable":true,"href":"https:\/\/medicinasinc.com\/hr\/wp-json\/wp\/v2\/media\/5995"}],"wp:attachment":[{"href":"https:\/\/medicinasinc.com\/hr\/wp-json\/wp\/v2\/media?parent=5265"}],"wp:term":[{"taxonomy":"product_brand","embeddable":true,"href":"https:\/\/medicinasinc.com\/hr\/wp-json\/wp\/v2\/product_brand?post=5265"},{"taxonomy":"product_cat","embeddable":true,"href":"https:\/\/medicinasinc.com\/hr\/wp-json\/wp\/v2\/product_cat?post=5265"},{"taxonomy":"product_tag","embeddable":true,"href":"https:\/\/medicinasinc.com\/hr\/wp-json\/wp\/v2\/product_tag?post=5265"}],"curies":[{"name":"wp","href":"https:\/\/api.w.org\/{rel}","templated":true}]}}