{"id":5264,"date":"2022-02-20T22:53:05","date_gmt":"2022-02-20T22:53:05","guid":{"rendered":"https:\/\/medicinasinc.com\/hr\/?post_type=product&#038;p=5264"},"modified":"2022-03-15T05:44:55","modified_gmt":"2022-03-15T05:44:55","slug":"kupiti-motrin-ibuprofen-600mg-pilule","status":"publish","type":"product","link":"https:\/\/medicinasinc.com\/hr\/product\/kupiti-motrin-ibuprofen-600mg-pilule\/","title":{"rendered":"Kupite tablete Motrin Ibuprofen 600mg"},"content":{"rendered":"<p>Motrin \u2013 Ibuprofen 600mg tablete mogu se kupiti online.<br \/>Motrin Ibuprofen 600mg tablete se mogu kupiti online.<\/p>\n<p>Ibuprofen 600mg dostupan je kao tableta. Pripada klasi lijekova poznatih kao NSAID \u2013 nesteroidni protuupalni lijekovi. Koristi se za lije\u010denje osteoartritisa, reumatoidnog artritisa, artritisa kralje\u017enice, nate\u010denih zglobova, smrznutog ramena, burzitisa, tendinitisa, tenosinovitisa, nelagode u donjem dijelu le\u0111a, te uganu\u0107a i istegnu\u0107a.<\/p>\n<p>Tablete Ibuprofena 600 mg treba dr\u017eati podalje od djece. pogled i doseg. Treba ga \u010duvati u originalnom pakiranju i \u010duvati na temperaturi ne vi\u0161oj od 25 stupnjeva Celzija.<\/p>\n","protected":false},"excerpt":{"rendered":"<div class=\"woocommerce-product-details__short-description\">\n<p>Motrin \u2013 Ibuprofen 600mg tablete mogu se kupiti online. Kupite Ibuprofen online po iznimno niskim cijenama. Veleprodajne narud\u017ebe kvalificiraju se za besplatnu dostavu. Ako ste tra\u017eili online kupnju lijekova na recept bez recepta, va\u0161a je pretraga gotova.<\/p>\n<p>Ibuprofen 600 mg dostupan je u obliku tableta. Pripadnik je klase lijekova poznatih kao NSAID &#8211; Nesteroidni protuupalni lijekovi.<\/p>\n<p>Ibuprofen 600 mg tablete, ibuprofen 600 mg na recept, ibuprofen 600 mg bez recepta, ibuprofen 600 mg doza za odrasle, ibuprofen 600 mg cijena po tableti, ibuprofen 60 mg \u010dizme, motrin 600 mg, 600 mg ibuprofena u slobodnoj prodaji uk<\/p>\n<\/p><\/div>\n","protected":false},"featured_media":5282,"comment_status":"open","ping_status":"closed","template":"","meta":[],"product_brand":[],"product_cat":[1117],"product_tag":[1571,1572,1573,1574,1621,1582,1583,1586,1588,1584,1585,1587,1590,1591,1592,1597,1593,1594,1596,1595,1589,1598,1581,1580,1602,1605,1606,1607,1608,1599,1601,1600,1604,1603,1610,1609,1627,1628,1611,1612,1613,1615,1614,1616,1575,1617,1618,1619,1620,1623,1622,1624,1626,1625,1577,1578,1579,1576],"class_list":{"0":"post-5264","1":"product","2":"type-product","3":"status-publish","4":"has-post-thumbnail","6":"product_cat-kupite-tablete-za-bol-spavanje-seks","7":"product_tag-600-mg-ibuprofena-bez-recepta-u-velikoj-britaniji","8":"product_tag-advil-motrin-ibuprofen","9":"product_tag-are-ibuprofen-and-motrin-the-same","10":"product_tag-are-ibuprofen-and-motrin-the-same-thing","11":"product_tag-motrin-ibuprofen-doza","12":"product_tag-how-much-ibuprofen-in-motrin","13":"product_tag-ibuprofen-200mg-tablets","14":"product_tag-ibuprofen-600-mg-bez-recepta","15":"product_tag-ibuprofen-600-mg-cijena-po-piluli","16":"product_tag-ibuprofen-600-mg-izme","17":"product_tag-ibuprofen-600-mg-doza-za-odrasle","18":"product_tag-ibuprofen-600-mg-snaga-na-recept","19":"product_tag-ibuprofen-advil-motrin","20":"product_tag-ibuprofen-i-motrin","21":"product_tag-ibuprofen-is-motrin","22":"product_tag-ibuprofen-isto-kao-motrin","23":"product_tag-ibuprofen-motrin","24":"product_tag-ibuprofen-motrin-600-mg","25":"product_tag-ibuprofen-motrin-800mg","26":"product_tag-ibuprofen-motrin-800-mg","27":"product_tag-ibuprofen-600mg-tableta","28":"product_tag-ibuprofen-vs-motrin","29":"product_tag-ima-li-motrin-ibuprofen-in-it","30":"product_tag-ima-li-motrin-ibuprofen","31":"product_tag-is-ibuprofen-the-same-as-motrin","32":"product_tag-is-motrin-ibuprofen","33":"product_tag-is-motrin-ibuprofen-or-acetaminophen","34":"product_tag-is-motrin-like-ibuprofen","35":"product_tag-is-motrin-same-as-ibuprofen","36":"product_tag-je-ibuprofen-i-motrin-isto","37":"product_tag-is-ibuprofen-motrin","38":"product_tag-je-ibuprofen-i-motrin-ista-stvar","39":"product_tag-je-motrin-i-ibuprofen-ista-stvar","40":"product_tag-je-motrin-i-ibuprofen-isto","41":"product_tag-je-motrin-isto-to-ibuprofen","42":"product_tag-je-motrin-isti-kao-ibuprofen","43":"product_tag-koja-je-razlika-ibuprofena-i-motrina","44":"product_tag-koja-je-razlika-izmeu-motrina-i-ibuprofena","45":"product_tag-motrin-600-mg","46":"product_tag-motrin-600-mg-vs-ibuprofen","47":"product_tag-motrin-800-vs-ibuprofen","48":"product_tag-motrin-and-ibuprofen-the-same","49":"product_tag-motrin-i-ibuprofen","50":"product_tag-motrin-i-ibuprofen-ista-stvar","51":"product_tag-su-motrin-i-ibuprofen-isto","52":"product_tag-motrin-i-ibuprofen-zajedno","53":"product_tag-motrin-ib","54":"product_tag-motrin-ibuprofen","55":"product_tag-motrin-ibuprofen-200-mg","56":"product_tag-motrin-isti-kao-ibuprofen","57":"product_tag-motrin-is-ibuprofen","58":"product_tag-motrin-protiv-ibuprofena","59":"product_tag-motrin-vs-ibuprofen","60":"product_tag-motrin-vs-advil-vs-ibuprofen","61":"product_tag-razlika-ibuprofena-i-motrina","62":"product_tag-razlika-izmeu-motrina-i-ibuprofena","63":"product_tag-ne-motrin-sadri-ibuprofen","64":"product_tag-su-motrin-i-ibuprofen-ista-stvar","66":"first","67":"instock","68":"shipping-taxable","69":"purchasable","70":"product-type-variable","71":"has-default-attributes"},"yoast_head":"<!-- This site is optimized with the Yoast SEO plugin v27.3 - https:\/\/yoast.com\/product\/yoast-seo-wordpress\/ -->\n<title>Kupite Motrin Ibuprofen 600 mg tablete - Najbolji najbolji svjetski lijekovi<\/title>\n<meta name=\"description\" content=\"Kupite Motrin Ibuprofen 600 mg tablete online. Kupite Ibuprofen 600mg online po vrlo povoljnim cijenama. Besplatna dostava za veleprodajne narud\u017ebe. Ako ste tra\u017eili lijekove koji se izdaju na recept besplatno, va\u0161a je potraga gotova.\" \/>\n<meta name=\"robots\" content=\"index, follow, max-snippet:-1, max-image-preview:large, max-video-preview:-1\" \/>\n<link rel=\"canonical\" href=\"https:\/\/medicinasinc.com\/hr\/product\/kupiti-motrin-ibuprofen-600mg-pilule\/\" \/>\n<meta property=\"og:locale\" content=\"hr_HR\" \/>\n<meta property=\"og:type\" content=\"article\" \/>\n<meta property=\"og:title\" content=\"Kupite Motrin Ibuprofen 600 mg tablete - Najbolji najbolji svjetski lijekovi\" \/>\n<meta property=\"og:description\" content=\"Kupite Motrin Ibuprofen 600 mg tablete online. Kupite Ibuprofen 600mg online po vrlo povoljnim cijenama. Besplatna dostava za veleprodajne narud\u017ebe. Ako ste tra\u017eili lijekove koji se izdaju na recept besplatno, va\u0161a je potraga gotova.\" \/>\n<meta property=\"og:url\" content=\"https:\/\/medicinasinc.com\/hr\/product\/kupiti-motrin-ibuprofen-600mg-pilule\/\" \/>\n<meta property=\"og:site_name\" content=\"Medicinas Inc\" \/>\n<meta property=\"article:modified_time\" content=\"2022-03-15T05:44:55+00:00\" \/>\n<meta property=\"og:image\" content=\"https:\/\/medicinasinc.com\/hr\/wp-content\/uploads\/sites\/3\/2022\/02\/Buy-Motrin-Ibuprofen-600mg.jpg\" \/>\n\t<meta property=\"og:image:width\" content=\"1200\" \/>\n\t<meta property=\"og:image:height\" content=\"1200\" \/>\n\t<meta property=\"og:image:type\" content=\"image\/jpeg\" \/>\n<meta name=\"twitter:card\" content=\"summary_large_image\" \/>\n<meta name=\"twitter:label1\" content=\"Procijenjeno vrijeme \u010ditanja\" \/>\n\t<meta name=\"twitter:data1\" content=\"1 minuta\" \/>\n<script type=\"application\/ld+json\" class=\"yoast-schema-graph\">{\"@context\":\"https:\\\/\\\/schema.org\",\"@graph\":[{\"@type\":\"WebPage\",\"@id\":\"https:\\\/\\\/medicinasinc.com\\\/hr\\\/product\\\/kupiti-motrin-ibuprofen-600mg-pilule\\\/\",\"url\":\"https:\\\/\\\/medicinasinc.com\\\/hr\\\/product\\\/kupiti-motrin-ibuprofen-600mg-pilule\\\/\",\"name\":\"Kupite Motrin Ibuprofen 600 mg tablete - Najbolji najbolji svjetski lijekovi\",\"isPartOf\":{\"@id\":\"https:\\\/\\\/medicinasinc.com\\\/hr\\\/#website\"},\"primaryImageOfPage\":{\"@id\":\"https:\\\/\\\/medicinasinc.com\\\/hr\\\/product\\\/kupiti-motrin-ibuprofen-600mg-pilule\\\/#primaryimage\"},\"image\":{\"@id\":\"https:\\\/\\\/medicinasinc.com\\\/hr\\\/product\\\/kupiti-motrin-ibuprofen-600mg-pilule\\\/#primaryimage\"},\"thumbnailUrl\":\"https:\\\/\\\/medicinasinc.com\\\/hr\\\/wp-content\\\/uploads\\\/sites\\\/3\\\/2022\\\/02\\\/Buy-Motrin-Ibuprofen-600mg.jpg\",\"datePublished\":\"2022-02-20T22:53:05+00:00\",\"dateModified\":\"2022-03-15T05:44:55+00:00\",\"description\":\"Kupite Motrin Ibuprofen 600 mg tablete online. Kupite Ibuprofen 600mg online po vrlo povoljnim cijenama. Besplatna dostava za veleprodajne narud\u017ebe. Ako ste tra\u017eili lijekove koji se izdaju na recept besplatno, va\u0161a je potraga gotova.\",\"breadcrumb\":{\"@id\":\"https:\\\/\\\/medicinasinc.com\\\/hr\\\/product\\\/kupiti-motrin-ibuprofen-600mg-pilule\\\/#breadcrumb\"},\"inLanguage\":\"hr\",\"potentialAction\":[{\"@type\":\"ReadAction\",\"target\":[\"https:\\\/\\\/medicinasinc.com\\\/hr\\\/product\\\/kupiti-motrin-ibuprofen-600mg-pilule\\\/\"]}]},{\"@type\":\"ImageObject\",\"inLanguage\":\"hr\",\"@id\":\"https:\\\/\\\/medicinasinc.com\\\/hr\\\/product\\\/kupiti-motrin-ibuprofen-600mg-pilule\\\/#primaryimage\",\"url\":\"https:\\\/\\\/medicinasinc.com\\\/hr\\\/wp-content\\\/uploads\\\/sites\\\/3\\\/2022\\\/02\\\/Buy-Motrin-Ibuprofen-600mg.jpg\",\"contentUrl\":\"https:\\\/\\\/medicinasinc.com\\\/hr\\\/wp-content\\\/uploads\\\/sites\\\/3\\\/2022\\\/02\\\/Buy-Motrin-Ibuprofen-600mg.jpg\",\"width\":1200,\"height\":1200},{\"@type\":\"BreadcrumbList\",\"@id\":\"https:\\\/\\\/medicinasinc.com\\\/hr\\\/product\\\/kupiti-motrin-ibuprofen-600mg-pilule\\\/#breadcrumb\",\"itemListElement\":[{\"@type\":\"ListItem\",\"position\":1,\"name\":\"Du\u0107an\",\"item\":\"https:\\\/\\\/medicinasinc.com\\\/hr\\\/ducan\\\/\"},{\"@type\":\"ListItem\",\"position\":2,\"name\":\"Kupite tablete Motrin Ibuprofen 600mg\"}]},{\"@type\":\"WebSite\",\"@id\":\"https:\\\/\\\/medicinasinc.com\\\/hr\\\/#website\",\"url\":\"https:\\\/\\\/medicinasinc.com\\\/hr\\\/\",\"name\":\"Medicinas Inc\",\"description\":\"Health Medical Clinic\",\"potentialAction\":[{\"@type\":\"SearchAction\",\"target\":{\"@type\":\"EntryPoint\",\"urlTemplate\":\"https:\\\/\\\/medicinasinc.com\\\/hr\\\/?s={search_term_string}\"},\"query-input\":{\"@type\":\"PropertyValueSpecification\",\"valueRequired\":true,\"valueName\":\"search_term_string\"}}],\"inLanguage\":\"hr\"}]}<\/script>\n<!-- \/ Yoast SEO plugin. -->","yoast_head_json":{"title":"Kupite Motrin Ibuprofen 600 mg tablete - Najbolji najbolji svjetski lijekovi","description":"Kupite Motrin Ibuprofen 600 mg tablete online. Kupite Ibuprofen 600mg online po vrlo povoljnim cijenama. Besplatna dostava za veleprodajne narud\u017ebe. Ako ste tra\u017eili lijekove koji se izdaju na recept besplatno, va\u0161a je potraga gotova.","robots":{"index":"index","follow":"follow","max-snippet":"max-snippet:-1","max-image-preview":"max-image-preview:large","max-video-preview":"max-video-preview:-1"},"canonical":"https:\/\/medicinasinc.com\/hr\/product\/kupiti-motrin-ibuprofen-600mg-pilule\/","og_locale":"hr_HR","og_type":"article","og_title":"Kupite Motrin Ibuprofen 600 mg tablete - Najbolji najbolji svjetski lijekovi","og_description":"Kupite Motrin Ibuprofen 600 mg tablete online. Kupite Ibuprofen 600mg online po vrlo povoljnim cijenama. Besplatna dostava za veleprodajne narud\u017ebe. Ako ste tra\u017eili lijekove koji se izdaju na recept besplatno, va\u0161a je potraga gotova.","og_url":"https:\/\/medicinasinc.com\/hr\/product\/kupiti-motrin-ibuprofen-600mg-pilule\/","og_site_name":"Medicinas Inc","article_modified_time":"2022-03-15T05:44:55+00:00","og_image":[{"width":1200,"height":1200,"url":"https:\/\/medicinasinc.com\/hr\/wp-content\/uploads\/sites\/3\/2022\/02\/Buy-Motrin-Ibuprofen-600mg.jpg","type":"image\/jpeg"}],"twitter_card":"summary_large_image","twitter_misc":{"Procijenjeno vrijeme \u010ditanja":"1 minuta"},"schema":{"@context":"https:\/\/schema.org","@graph":[{"@type":"WebPage","@id":"https:\/\/medicinasinc.com\/hr\/product\/kupiti-motrin-ibuprofen-600mg-pilule\/","url":"https:\/\/medicinasinc.com\/hr\/product\/kupiti-motrin-ibuprofen-600mg-pilule\/","name":"Kupite Motrin Ibuprofen 600 mg tablete - Najbolji najbolji svjetski lijekovi","isPartOf":{"@id":"https:\/\/medicinasinc.com\/hr\/#website"},"primaryImageOfPage":{"@id":"https:\/\/medicinasinc.com\/hr\/product\/kupiti-motrin-ibuprofen-600mg-pilule\/#primaryimage"},"image":{"@id":"https:\/\/medicinasinc.com\/hr\/product\/kupiti-motrin-ibuprofen-600mg-pilule\/#primaryimage"},"thumbnailUrl":"https:\/\/medicinasinc.com\/hr\/wp-content\/uploads\/sites\/3\/2022\/02\/Buy-Motrin-Ibuprofen-600mg.jpg","datePublished":"2022-02-20T22:53:05+00:00","dateModified":"2022-03-15T05:44:55+00:00","description":"Kupite Motrin Ibuprofen 600 mg tablete online. Kupite Ibuprofen 600mg online po vrlo povoljnim cijenama. Besplatna dostava za veleprodajne narud\u017ebe. Ako ste tra\u017eili lijekove koji se izdaju na recept besplatno, va\u0161a je potraga gotova.","breadcrumb":{"@id":"https:\/\/medicinasinc.com\/hr\/product\/kupiti-motrin-ibuprofen-600mg-pilule\/#breadcrumb"},"inLanguage":"hr","potentialAction":[{"@type":"ReadAction","target":["https:\/\/medicinasinc.com\/hr\/product\/kupiti-motrin-ibuprofen-600mg-pilule\/"]}]},{"@type":"ImageObject","inLanguage":"hr","@id":"https:\/\/medicinasinc.com\/hr\/product\/kupiti-motrin-ibuprofen-600mg-pilule\/#primaryimage","url":"https:\/\/medicinasinc.com\/hr\/wp-content\/uploads\/sites\/3\/2022\/02\/Buy-Motrin-Ibuprofen-600mg.jpg","contentUrl":"https:\/\/medicinasinc.com\/hr\/wp-content\/uploads\/sites\/3\/2022\/02\/Buy-Motrin-Ibuprofen-600mg.jpg","width":1200,"height":1200},{"@type":"BreadcrumbList","@id":"https:\/\/medicinasinc.com\/hr\/product\/kupiti-motrin-ibuprofen-600mg-pilule\/#breadcrumb","itemListElement":[{"@type":"ListItem","position":1,"name":"Du\u0107an","item":"https:\/\/medicinasinc.com\/hr\/ducan\/"},{"@type":"ListItem","position":2,"name":"Kupite tablete Motrin Ibuprofen 600mg"}]},{"@type":"WebSite","@id":"https:\/\/medicinasinc.com\/hr\/#website","url":"https:\/\/medicinasinc.com\/hr\/","name":"Medicinas Inc","description":"Health Medical Clinic","potentialAction":[{"@type":"SearchAction","target":{"@type":"EntryPoint","urlTemplate":"https:\/\/medicinasinc.com\/hr\/?s={search_term_string}"},"query-input":{"@type":"PropertyValueSpecification","valueRequired":true,"valueName":"search_term_string"}}],"inLanguage":"hr"}]}},"_links":{"self":[{"href":"https:\/\/medicinasinc.com\/hr\/wp-json\/wp\/v2\/product\/5264","targetHints":{"allow":["GET"]}}],"collection":[{"href":"https:\/\/medicinasinc.com\/hr\/wp-json\/wp\/v2\/product"}],"about":[{"href":"https:\/\/medicinasinc.com\/hr\/wp-json\/wp\/v2\/types\/product"}],"replies":[{"embeddable":true,"href":"https:\/\/medicinasinc.com\/hr\/wp-json\/wp\/v2\/comments?post=5264"}],"wp:featuredmedia":[{"embeddable":true,"href":"https:\/\/medicinasinc.com\/hr\/wp-json\/wp\/v2\/media\/5282"}],"wp:attachment":[{"href":"https:\/\/medicinasinc.com\/hr\/wp-json\/wp\/v2\/media?parent=5264"}],"wp:term":[{"taxonomy":"product_brand","embeddable":true,"href":"https:\/\/medicinasinc.com\/hr\/wp-json\/wp\/v2\/product_brand?post=5264"},{"taxonomy":"product_cat","embeddable":true,"href":"https:\/\/medicinasinc.com\/hr\/wp-json\/wp\/v2\/product_cat?post=5264"},{"taxonomy":"product_tag","embeddable":true,"href":"https:\/\/medicinasinc.com\/hr\/wp-json\/wp\/v2\/product_tag?post=5264"}],"curies":[{"name":"wp","href":"https:\/\/api.w.org\/{rel}","templated":true}]}}