{"id":5263,"date":"2022-02-20T22:51:56","date_gmt":"2022-02-20T22:51:56","guid":{"rendered":"https:\/\/medicinasinc.com\/hr\/?post_type=product&#038;p=5263"},"modified":"2022-03-15T05:45:03","modified_gmt":"2022-03-15T05:45:03","slug":"buy-naze-2mg-klonazepam","status":"publish","type":"product","link":"https:\/\/medicinasinc.com\/hr\/product\/buy-naze-2mg-klonazepam\/","title":{"rendered":"Kupite Naze 2mg Clonazepam"},"content":{"rendered":"<p>Online kupnja Naze 2mg Clonazepam tableta<\/p>\n<p>Clonazepam se koristi za lije\u010denje napadaja (epilepsije ili napadaja) i neo\u010dekivanih incidenata ozbiljnog straha, kao i tjeskobe zbog ovih napada (pani\u010dni poreme\u0107aj), sa ili bez strah od javnih mjesta (agorafobija).<br \/> Klonazepam je \u010dlan klase lijekova poznatih kao benzodiazepini. To\u010dan na\u010din djelovanja klonazepama nije poznat; me\u0111utim, vjeruje se da pobolj\u0161ava funkciju signalne kemikalije u mozgu zvane gama-aminomasla\u010dna kiselina (GABA), koja poma\u017ee u smirivanju prekomjerne elektri\u010dne aktivnosti \u017eivaca koja uzrokuje napade (napade) i pani\u010dne poreme\u0107aje.<\/p>\n<p>Kupite Naze (Clonazepam) 2mg online bez recepta u na\u0161oj trgovini putem bankovnog prijenosa. Diskretna dostava preko no\u0107i osigurava se iz Europe, Ujedinjenog Kraljevstva i Sjedinjenih Dr\u017eava.<\/p>\n<p>Naze 2mg Clonazepam tablete se mogu kupiti online.<\/p>\n<p>Klonazepam uzimajte to\u010dno onako kako vam je propisao lije\u010dnik.<\/p>\n<p>Naze\u00a0(Clonazepam)\u00a02mg. Naze (Clonazepam) tablete od 2 mg mo\u017eete nabaviti bez recepta online (bez RX). Cijena proizvoda je sljede\u0107a: po tableti.<\/p>\n","protected":false},"excerpt":{"rendered":"<p>Kupite Naze (Clonazepam) 2mg online bez recepta u na\u0161oj trgovini putem bankovnog prijenosa. Diskretna dostava preko no\u0107i osigurava se iz Europe, Ujedinjenog Kraljevstva i Sjedinjenih Dr\u017eava.<\/p>\n<p>Naze 2mg Clonazepam tablete se mogu kupiti online.<\/p>\n<p>Klonazepam uzimajte to\u010dno onako kako vam je propisao lije\u010dnik.<\/p>\n<p>Naze\u00a0(Clonazepam)\u00a02mg. Mo\u017eete nabaviti Naze (Clonazepam) 2mg tablete bez recepta online (bez RX)<\/p>\n<div class=\"ULSxyf\">\n<div class=\"EyBRub\">\n<div>\n<div id=\"_QM5vYYzICdD2gQa--6GgAw40\" class=\"yp\" data-jiis=\"up\" data-async-type=\"kp_feedback\" data-ved=\"2ahUKEwiM6ImnxNjzAhVQe8AKHb59CDQQ68cEegQIKhAA\"><\/div>\n<\/p><\/div>\n<div class=\"LnbJhc\" data-count=\"11 \" data-iu=\"1\" data-hveid=\"CCoQAQ\" data-ved=\"2ahUKEwiM6ImnxNjzAhVQe8AKHb59CDQQyA0oAHoECCoQAQ\"><\/div>\n<\/p><\/div>\n<\/p><\/div>\n<p>&nbsp;<\/p>\n","protected":false},"featured_media":5280,"comment_status":"open","ping_status":"closed","template":"","meta":[],"product_brand":[],"product_cat":[1117],"product_tag":[1563,1564,1566,1565,1567,1569,1570,1568],"class_list":{"0":"post-5263","1":"product","2":"type-product","3":"status-publish","4":"has-post-thumbnail","6":"product_cat-kupite-tablete-za-bol-spavanje-seks","7":"product_tag-koritenje-klonazepama","8":"product_tag-naze-2mg-alternative","9":"product_tag-naze-2mg-cijena-u-pakistanu","10":"product_tag-naze-2mg-online","11":"product_tag-naze-2mg-tableta-pakistan","12":"product_tag-naze-tablet-uses","13":"product_tag-naze-tableta-2mg-nuspojave","14":"product_tag-naze-2mg-tablete-upotrebe","16":"first","17":"instock","18":"shipping-taxable","19":"purchasable","20":"product-type-variable","21":"has-default-attributes"},"yoast_head":"<!-- This site is optimized with the Yoast SEO plugin v27.3 - https:\/\/yoast.com\/product\/yoast-seo-wordpress\/ -->\n<title>Kupite Naze 2mg klonazepam tablete - najbolji najbolji svjetski lijekovi<\/title>\n<meta name=\"description\" content=\"Kupite Naze\u00a0(Clonazepam)\u00a02mg online bankovnim prijenosom bez recepta u na\u0161oj trgovini. Diskretna dostava preko no\u0107i dostupna iz Europe, UK-a i SAD-a.\" \/>\n<meta name=\"robots\" content=\"index, follow, max-snippet:-1, max-image-preview:large, max-video-preview:-1\" \/>\n<link rel=\"canonical\" href=\"https:\/\/medicinasinc.com\/hr\/product\/buy-naze-2mg-klonazepam\/\" \/>\n<meta property=\"og:locale\" content=\"hr_HR\" \/>\n<meta property=\"og:type\" content=\"article\" \/>\n<meta property=\"og:title\" content=\"Kupite Naze 2mg klonazepam tablete - najbolji najbolji svjetski lijekovi\" \/>\n<meta property=\"og:description\" content=\"Kupite Naze\u00a0(Clonazepam)\u00a02mg online bankovnim prijenosom bez recepta u na\u0161oj trgovini. Diskretna dostava preko no\u0107i dostupna iz Europe, UK-a i SAD-a.\" \/>\n<meta property=\"og:url\" content=\"https:\/\/medicinasinc.com\/hr\/product\/buy-naze-2mg-klonazepam\/\" \/>\n<meta property=\"og:site_name\" content=\"Medicinas Inc\" \/>\n<meta property=\"article:modified_time\" content=\"2022-03-15T05:45:03+00:00\" \/>\n<meta property=\"og:image\" content=\"https:\/\/medicinasinc.com\/hr\/wp-content\/uploads\/sites\/3\/2022\/02\/buy-naze-2mg-clonazepam-pills-online.jpg\" \/>\n\t<meta property=\"og:image:width\" content=\"600\" \/>\n\t<meta property=\"og:image:height\" content=\"600\" \/>\n\t<meta property=\"og:image:type\" content=\"image\/jpeg\" \/>\n<meta name=\"twitter:card\" content=\"summary_large_image\" \/>\n<meta name=\"twitter:label1\" content=\"Procijenjeno vrijeme \u010ditanja\" \/>\n\t<meta name=\"twitter:data1\" content=\"1 minuta\" \/>\n<script type=\"application\/ld+json\" class=\"yoast-schema-graph\">{\"@context\":\"https:\\\/\\\/schema.org\",\"@graph\":[{\"@type\":\"WebPage\",\"@id\":\"https:\\\/\\\/medicinasinc.com\\\/hr\\\/product\\\/buy-naze-2mg-klonazepam\\\/\",\"url\":\"https:\\\/\\\/medicinasinc.com\\\/hr\\\/product\\\/buy-naze-2mg-klonazepam\\\/\",\"name\":\"Kupite Naze 2mg klonazepam tablete - najbolji najbolji svjetski lijekovi\",\"isPartOf\":{\"@id\":\"https:\\\/\\\/medicinasinc.com\\\/hr\\\/#website\"},\"primaryImageOfPage\":{\"@id\":\"https:\\\/\\\/medicinasinc.com\\\/hr\\\/product\\\/buy-naze-2mg-klonazepam\\\/#primaryimage\"},\"image\":{\"@id\":\"https:\\\/\\\/medicinasinc.com\\\/hr\\\/product\\\/buy-naze-2mg-klonazepam\\\/#primaryimage\"},\"thumbnailUrl\":\"https:\\\/\\\/medicinasinc.com\\\/hr\\\/wp-content\\\/uploads\\\/sites\\\/3\\\/2022\\\/02\\\/buy-naze-2mg-clonazepam-pills-online.jpg\",\"datePublished\":\"2022-02-20T22:51:56+00:00\",\"dateModified\":\"2022-03-15T05:45:03+00:00\",\"description\":\"Kupite Naze\u00a0(Clonazepam)\u00a02mg online bankovnim prijenosom bez recepta u na\u0161oj trgovini. Diskretna dostava preko no\u0107i dostupna iz Europe, UK-a i SAD-a.\",\"breadcrumb\":{\"@id\":\"https:\\\/\\\/medicinasinc.com\\\/hr\\\/product\\\/buy-naze-2mg-klonazepam\\\/#breadcrumb\"},\"inLanguage\":\"hr\",\"potentialAction\":[{\"@type\":\"ReadAction\",\"target\":[\"https:\\\/\\\/medicinasinc.com\\\/hr\\\/product\\\/buy-naze-2mg-klonazepam\\\/\"]}]},{\"@type\":\"ImageObject\",\"inLanguage\":\"hr\",\"@id\":\"https:\\\/\\\/medicinasinc.com\\\/hr\\\/product\\\/buy-naze-2mg-klonazepam\\\/#primaryimage\",\"url\":\"https:\\\/\\\/medicinasinc.com\\\/hr\\\/wp-content\\\/uploads\\\/sites\\\/3\\\/2022\\\/02\\\/buy-naze-2mg-clonazepam-pills-online.jpg\",\"contentUrl\":\"https:\\\/\\\/medicinasinc.com\\\/hr\\\/wp-content\\\/uploads\\\/sites\\\/3\\\/2022\\\/02\\\/buy-naze-2mg-clonazepam-pills-online.jpg\",\"width\":600,\"height\":600},{\"@type\":\"BreadcrumbList\",\"@id\":\"https:\\\/\\\/medicinasinc.com\\\/hr\\\/product\\\/buy-naze-2mg-klonazepam\\\/#breadcrumb\",\"itemListElement\":[{\"@type\":\"ListItem\",\"position\":1,\"name\":\"Du\u0107an\",\"item\":\"https:\\\/\\\/medicinasinc.com\\\/hr\\\/ducan\\\/\"},{\"@type\":\"ListItem\",\"position\":2,\"name\":\"Kupite Naze 2mg Clonazepam\"}]},{\"@type\":\"WebSite\",\"@id\":\"https:\\\/\\\/medicinasinc.com\\\/hr\\\/#website\",\"url\":\"https:\\\/\\\/medicinasinc.com\\\/hr\\\/\",\"name\":\"Medicinas Inc\",\"description\":\"Health Medical Clinic\",\"potentialAction\":[{\"@type\":\"SearchAction\",\"target\":{\"@type\":\"EntryPoint\",\"urlTemplate\":\"https:\\\/\\\/medicinasinc.com\\\/hr\\\/?s={search_term_string}\"},\"query-input\":{\"@type\":\"PropertyValueSpecification\",\"valueRequired\":true,\"valueName\":\"search_term_string\"}}],\"inLanguage\":\"hr\"}]}<\/script>\n<!-- \/ Yoast SEO plugin. -->","yoast_head_json":{"title":"Kupite Naze 2mg klonazepam tablete - najbolji najbolji svjetski lijekovi","description":"Kupite Naze\u00a0(Clonazepam)\u00a02mg online bankovnim prijenosom bez recepta u na\u0161oj trgovini. Diskretna dostava preko no\u0107i dostupna iz Europe, UK-a i SAD-a.","robots":{"index":"index","follow":"follow","max-snippet":"max-snippet:-1","max-image-preview":"max-image-preview:large","max-video-preview":"max-video-preview:-1"},"canonical":"https:\/\/medicinasinc.com\/hr\/product\/buy-naze-2mg-klonazepam\/","og_locale":"hr_HR","og_type":"article","og_title":"Kupite Naze 2mg klonazepam tablete - najbolji najbolji svjetski lijekovi","og_description":"Kupite Naze\u00a0(Clonazepam)\u00a02mg online bankovnim prijenosom bez recepta u na\u0161oj trgovini. Diskretna dostava preko no\u0107i dostupna iz Europe, UK-a i SAD-a.","og_url":"https:\/\/medicinasinc.com\/hr\/product\/buy-naze-2mg-klonazepam\/","og_site_name":"Medicinas Inc","article_modified_time":"2022-03-15T05:45:03+00:00","og_image":[{"width":600,"height":600,"url":"https:\/\/medicinasinc.com\/hr\/wp-content\/uploads\/sites\/3\/2022\/02\/buy-naze-2mg-clonazepam-pills-online.jpg","type":"image\/jpeg"}],"twitter_card":"summary_large_image","twitter_misc":{"Procijenjeno vrijeme \u010ditanja":"1 minuta"},"schema":{"@context":"https:\/\/schema.org","@graph":[{"@type":"WebPage","@id":"https:\/\/medicinasinc.com\/hr\/product\/buy-naze-2mg-klonazepam\/","url":"https:\/\/medicinasinc.com\/hr\/product\/buy-naze-2mg-klonazepam\/","name":"Kupite Naze 2mg klonazepam tablete - najbolji najbolji svjetski lijekovi","isPartOf":{"@id":"https:\/\/medicinasinc.com\/hr\/#website"},"primaryImageOfPage":{"@id":"https:\/\/medicinasinc.com\/hr\/product\/buy-naze-2mg-klonazepam\/#primaryimage"},"image":{"@id":"https:\/\/medicinasinc.com\/hr\/product\/buy-naze-2mg-klonazepam\/#primaryimage"},"thumbnailUrl":"https:\/\/medicinasinc.com\/hr\/wp-content\/uploads\/sites\/3\/2022\/02\/buy-naze-2mg-clonazepam-pills-online.jpg","datePublished":"2022-02-20T22:51:56+00:00","dateModified":"2022-03-15T05:45:03+00:00","description":"Kupite Naze\u00a0(Clonazepam)\u00a02mg online bankovnim prijenosom bez recepta u na\u0161oj trgovini. Diskretna dostava preko no\u0107i dostupna iz Europe, UK-a i SAD-a.","breadcrumb":{"@id":"https:\/\/medicinasinc.com\/hr\/product\/buy-naze-2mg-klonazepam\/#breadcrumb"},"inLanguage":"hr","potentialAction":[{"@type":"ReadAction","target":["https:\/\/medicinasinc.com\/hr\/product\/buy-naze-2mg-klonazepam\/"]}]},{"@type":"ImageObject","inLanguage":"hr","@id":"https:\/\/medicinasinc.com\/hr\/product\/buy-naze-2mg-klonazepam\/#primaryimage","url":"https:\/\/medicinasinc.com\/hr\/wp-content\/uploads\/sites\/3\/2022\/02\/buy-naze-2mg-clonazepam-pills-online.jpg","contentUrl":"https:\/\/medicinasinc.com\/hr\/wp-content\/uploads\/sites\/3\/2022\/02\/buy-naze-2mg-clonazepam-pills-online.jpg","width":600,"height":600},{"@type":"BreadcrumbList","@id":"https:\/\/medicinasinc.com\/hr\/product\/buy-naze-2mg-klonazepam\/#breadcrumb","itemListElement":[{"@type":"ListItem","position":1,"name":"Du\u0107an","item":"https:\/\/medicinasinc.com\/hr\/ducan\/"},{"@type":"ListItem","position":2,"name":"Kupite Naze 2mg Clonazepam"}]},{"@type":"WebSite","@id":"https:\/\/medicinasinc.com\/hr\/#website","url":"https:\/\/medicinasinc.com\/hr\/","name":"Medicinas Inc","description":"Health Medical Clinic","potentialAction":[{"@type":"SearchAction","target":{"@type":"EntryPoint","urlTemplate":"https:\/\/medicinasinc.com\/hr\/?s={search_term_string}"},"query-input":{"@type":"PropertyValueSpecification","valueRequired":true,"valueName":"search_term_string"}}],"inLanguage":"hr"}]}},"_links":{"self":[{"href":"https:\/\/medicinasinc.com\/hr\/wp-json\/wp\/v2\/product\/5263","targetHints":{"allow":["GET"]}}],"collection":[{"href":"https:\/\/medicinasinc.com\/hr\/wp-json\/wp\/v2\/product"}],"about":[{"href":"https:\/\/medicinasinc.com\/hr\/wp-json\/wp\/v2\/types\/product"}],"replies":[{"embeddable":true,"href":"https:\/\/medicinasinc.com\/hr\/wp-json\/wp\/v2\/comments?post=5263"}],"wp:featuredmedia":[{"embeddable":true,"href":"https:\/\/medicinasinc.com\/hr\/wp-json\/wp\/v2\/media\/5280"}],"wp:attachment":[{"href":"https:\/\/medicinasinc.com\/hr\/wp-json\/wp\/v2\/media?parent=5263"}],"wp:term":[{"taxonomy":"product_brand","embeddable":true,"href":"https:\/\/medicinasinc.com\/hr\/wp-json\/wp\/v2\/product_brand?post=5263"},{"taxonomy":"product_cat","embeddable":true,"href":"https:\/\/medicinasinc.com\/hr\/wp-json\/wp\/v2\/product_cat?post=5263"},{"taxonomy":"product_tag","embeddable":true,"href":"https:\/\/medicinasinc.com\/hr\/wp-json\/wp\/v2\/product_tag?post=5263"}],"curies":[{"name":"wp","href":"https:\/\/api.w.org\/{rel}","templated":true}]}}