{"id":5262,"date":"2022-02-20T22:49:49","date_gmt":"2022-02-20T22:49:49","guid":{"rendered":"https:\/\/medicinasinc.com\/hr\/?post_type=product&#038;p=5262"},"modified":"2022-03-15T05:45:12","modified_gmt":"2022-03-15T05:45:12","slug":"buy-onax-2mg-alprazolam","status":"publish","type":"product","link":"https:\/\/medicinasinc.com\/hr\/product\/buy-onax-2mg-alprazolam\/","title":{"rendered":"Kupite Onax 2mg alprazolama"},"content":{"rendered":"<p>Kupite Onax 2mg Alprazolam pilule online | Kupi Onax online | Kupite Onax \u0161ipke<\/p>\n<p>\u0160to je Onax? Onax Purchase Online<\/p>\n<p>Onax 2mg plo\u010dice (Alprazolam) dobro su poznate po svom sedativnom u\u010dinku. Koristi se za lije\u010denje nedostatka sna u bilo koje doba dana ili no\u0107i. Xanax XR je benzodiazepin koji se koristi za lije\u010denje anksioznosti, pani\u010dnog poreme\u0107aja i depresije. Ako kupujete Onax 2mg plo\u010dice od nas, provjerite jesu li vam uistinu potrebne i da je Onax preporu\u010dio lije\u010dnik. PandaPharmacy.com nije odgovoran za bilo kakvu \u0161tetu ili \u0161tetne u\u010dinke uzrokovane Xanaxom 3mg.<\/p>\n<p>Zlouporaba lijeka mo\u017ee rezultirati ograni\u010denim stupnjem fizi\u010dke ili psihi\u010dke ovisnosti u usporedbi s lijekovima iz rasporeda 3. Kod nas mo\u017eete dobiti Onax 2mg plo\u010dice online bez obzira na na\u010din pla\u0107anja. Tako\u0111er prihva\u0107amo PayPal. Osim PayPala, nov\u010dane uputnice se mogu koristiti za kupnju Onax 2mg plo\u010dica. Imajte na umu da je ovaj lijek iznimno \u0161tetan i mo\u017ee dovesti do ovisnosti. Na\u0161 Onax bi bio vrhunske kvalitete. Molimo pro\u010ditajte na\u0161 &#8220;&#8221; kako biste dobili ve\u0107inu rje\u0161enja za pitanja koja su vam se pojavila u glavi.<\/p>\n<p>\u0160to je Onax? Onax Purchase Online<\/p>\n<p>Onax 2mg plo\u010dice (Alprazolam) dobro su poznate po svojim sedativnim svojstvima. Koristi se za lije\u010denje nedostatka sna u bilo koje doba dana ili no\u0107i. Xanax XR je benzodiazepin koji se koristi za lije\u010denje anksioznosti, pani\u010dnog poreme\u0107aja i depresije. Ako kupujete Onax 2mg plo\u010dice od nas, provjerite jesu li vam uistinu potrebne i da je Onax odobrio va\u0161 lije\u010dnik. PandaPharmacy.com nije odgovoran za bilo kakvu \u0161tetu ili \u0161tetne u\u010dinke uzrokovane Xanaxom 3mg.<\/p>\n<p>Zloupotreba lijeka mo\u017ee rezultirati ograni\u010denim stupnjem fizi\u010dke ili psihi\u010dke ovisnosti u odnosu na lijekove iz rasporeda 3.<\/p>\n<p>Mo\u017eete dobiti Onax 2mg plo\u010dice online kod nas bez obzira na na\u010din pla\u0107anja. Tako\u0111er prihva\u0107amo PayPal. Osim PayPala, nov\u010dane uputnice se mogu koristiti za kupnju Onax 2mg plo\u010dica. Imajte na umu da je ovaj lijek iznimno \u0161tetan i mo\u017ee dovesti do ovisnosti. Na\u0161 Onax bi bio vrhunske kvalitete. Molimo pro\u010ditajte na\u0161e &#8221; da biste dobili odgovore na ve\u0107inu pitanja koja su se pojavila u va\u0161im mislima. Naru\u010dite<\/p>\n","protected":false},"excerpt":{"rendered":"<p>Online kupnja Onax 2mg Alprazolam tableta. Alprazolam se koristi za lije\u010denje tjeskobe, ludila i nelagode povezane s bijedom. Online kupnja Onax 2mg Alprazolam tableta&#8221;. Alprazolam 2mg Onax<\/p>\n<p>Onax 2mg plo\u010dice\/tablete za kupiti<\/p>\n<p>Onax (Alprazolam) se koristi za lije\u010denje anksioznosti, napada panike, nesanice (te\u0161ko\u0107e sa spavanjem) i tjeskobe povezane s depresijom.<\/p>\n<p>Mo\u017eete kupiti Onax 2mg online od nas; na\u0161e Onax 2mg tablete su najvi\u0161e kvalitete. Onax 2mg je slu\u017ebeni naziv lijeka. Ove pilule bit \u0107e poslane na diskretan na\u010din.<\/p>\n<p>Kupite Onax 2mg plo\u010dice (Alprazolam), koji je dobro poznat po svom sedativnom u\u010dinku. Koristi se za borbu protiv nedostatka sna u bilo koje doba dana ili no\u0107i.<\/p>\n","protected":false},"featured_media":5278,"comment_status":"open","ping_status":"closed","template":"","meta":[],"product_brand":[],"product_cat":[1117],"product_tag":[1558,1559,1560,1521,1522,1523,1524,1525,1520,1526,1527,1528,1529,1532,1531,1530,1533,1534,1536,1537,1551,1540,1541,1548,1542,1543,1544,1545,1546,1538,1535,1547,1539,1549,1550,1552,1553,1555,1556,1554,1557,1561,1562],"class_list":{"0":"post-5262","1":"product","2":"type-product","3":"status-publish","4":"has-post-thumbnail","6":"product_cat-kupite-tablete-za-bol-spavanje-seks","7":"product_tag-bijela-pilula-onax","8":"product_tag-bijela-pilula-onax-2","9":"product_tag-bijeli-pravokutnik-pilula-onax-2","10":"product_tag-buy-onax","11":"product_tag-buy-onax-2mg","12":"product_tag-buy-onax-online","13":"product_tag-dj-onax","14":"product_tag-dugo-bijela-pilula-onax","15":"product_tag-su-onax-barovi-dobri","16":"product_tag-ocean-pharmaceuticals-onax","17":"product_tag-onax","18":"product_tag-onax-2","19":"product_tag-onax-2-barovi","20":"product_tag-onax-2-bijela-pilula","21":"product_tag-onax-2-pilula-identifikator","22":"product_tag-onax-2-pilula-id","23":"product_tag-onax-2mg","24":"product_tag-onax-2mg-bar","25":"product_tag-onax-ag-it-rjeenja","26":"product_tag-onax-bars","27":"product_tag-onax-bijela-pilula","28":"product_tag-onax-dr-germantown","29":"product_tag-onax-glavobolja","30":"product_tag-onax-kipovi","31":"product_tag-onax-llc","32":"product_tag-onax-orv-park-mojave-ca-pictures","33":"product_tag-onax-pc-ames","34":"product_tag-onax-pex","35":"product_tag-onax-pilula","36":"product_tag-onax-bars-3mg","37":"product_tag-onax-2mg-barovi","38":"product_tag-onax-punta-cana","39":"product_tag-onax-ipke-na-prodaju","40":"product_tag-onax-vlack-kitchenaid-mikser","41":"product_tag-onax-vs-xanax","42":"product_tag-onax-xanax","43":"product_tag-onax-xanax-barovi","44":"product_tag-reddit-onax","45":"product_tag-reddit-onax-za-va-nos","46":"product_tag-pilula-onax-2","47":"product_tag-bijeli-bar-pilula-onax","48":"product_tag-xanax-2mg-onax","49":"product_tag-xanax-bars-onax","51":"first","52":"instock","53":"shipping-taxable","54":"purchasable","55":"product-type-variable","56":"has-default-attributes"},"yoast_head":"<!-- This site is optimized with the Yoast SEO plugin v27.3 - https:\/\/yoast.com\/product\/yoast-seo-wordpress\/ -->\n<title>Kupite onax 2mg Alprazolam pilule - najbolji najbolji svjetski lijekovi<\/title>\n<meta name=\"description\" content=\"kupiti onax 2mg plo\u010dice\/tablete:\u00a0Onax\u00a0(Alprazolam) lije\u010di anksioznost, pani\u010dni poreme\u0107aj, nesanicu (pote\u0161ko\u0107e sa spavanjem) i tjeskobu uzrokovanu depresijom.\" \/>\n<meta name=\"robots\" content=\"index, follow, max-snippet:-1, max-image-preview:large, max-video-preview:-1\" \/>\n<link rel=\"canonical\" href=\"https:\/\/medicinasinc.com\/hr\/product\/buy-onax-2mg-alprazolam\/\" \/>\n<meta property=\"og:locale\" content=\"hr_HR\" \/>\n<meta property=\"og:type\" content=\"article\" \/>\n<meta property=\"og:title\" content=\"Kupite onax 2mg Alprazolam pilule - najbolji najbolji svjetski lijekovi\" \/>\n<meta property=\"og:description\" content=\"kupiti onax 2mg plo\u010dice\/tablete:\u00a0Onax\u00a0(Alprazolam) lije\u010di anksioznost, pani\u010dni poreme\u0107aj, nesanicu (pote\u0161ko\u0107e sa spavanjem) i tjeskobu uzrokovanu depresijom.\" \/>\n<meta property=\"og:url\" content=\"https:\/\/medicinasinc.com\/hr\/product\/buy-onax-2mg-alprazolam\/\" \/>\n<meta property=\"og:site_name\" content=\"Medicinas Inc\" \/>\n<meta property=\"article:modified_time\" content=\"2022-03-15T05:45:12+00:00\" \/>\n<meta property=\"og:image\" content=\"https:\/\/medicinasinc.com\/hr\/wp-content\/uploads\/sites\/3\/2022\/02\/Buy-Onax-2mg.jpg\" \/>\n\t<meta property=\"og:image:width\" content=\"400\" \/>\n\t<meta property=\"og:image:height\" content=\"300\" \/>\n\t<meta property=\"og:image:type\" content=\"image\/jpeg\" \/>\n<meta name=\"twitter:card\" content=\"summary_large_image\" \/>\n<meta name=\"twitter:label1\" content=\"Procijenjeno vrijeme \u010ditanja\" \/>\n\t<meta name=\"twitter:data1\" content=\"2 minute\" \/>\n<script type=\"application\/ld+json\" class=\"yoast-schema-graph\">{\"@context\":\"https:\\\/\\\/schema.org\",\"@graph\":[{\"@type\":\"WebPage\",\"@id\":\"https:\\\/\\\/medicinasinc.com\\\/hr\\\/product\\\/buy-onax-2mg-alprazolam\\\/\",\"url\":\"https:\\\/\\\/medicinasinc.com\\\/hr\\\/product\\\/buy-onax-2mg-alprazolam\\\/\",\"name\":\"Kupite onax 2mg Alprazolam pilule - najbolji najbolji svjetski lijekovi\",\"isPartOf\":{\"@id\":\"https:\\\/\\\/medicinasinc.com\\\/hr\\\/#website\"},\"primaryImageOfPage\":{\"@id\":\"https:\\\/\\\/medicinasinc.com\\\/hr\\\/product\\\/buy-onax-2mg-alprazolam\\\/#primaryimage\"},\"image\":{\"@id\":\"https:\\\/\\\/medicinasinc.com\\\/hr\\\/product\\\/buy-onax-2mg-alprazolam\\\/#primaryimage\"},\"thumbnailUrl\":\"https:\\\/\\\/medicinasinc.com\\\/hr\\\/wp-content\\\/uploads\\\/sites\\\/3\\\/2022\\\/02\\\/Buy-Onax-2mg.jpg\",\"datePublished\":\"2022-02-20T22:49:49+00:00\",\"dateModified\":\"2022-03-15T05:45:12+00:00\",\"description\":\"kupiti onax 2mg plo\u010dice\\\/tablete:\u00a0Onax\u00a0(Alprazolam) lije\u010di anksioznost, pani\u010dni poreme\u0107aj, nesanicu (pote\u0161ko\u0107e sa spavanjem) i tjeskobu uzrokovanu depresijom.\",\"breadcrumb\":{\"@id\":\"https:\\\/\\\/medicinasinc.com\\\/hr\\\/product\\\/buy-onax-2mg-alprazolam\\\/#breadcrumb\"},\"inLanguage\":\"hr\",\"potentialAction\":[{\"@type\":\"ReadAction\",\"target\":[\"https:\\\/\\\/medicinasinc.com\\\/hr\\\/product\\\/buy-onax-2mg-alprazolam\\\/\"]}]},{\"@type\":\"ImageObject\",\"inLanguage\":\"hr\",\"@id\":\"https:\\\/\\\/medicinasinc.com\\\/hr\\\/product\\\/buy-onax-2mg-alprazolam\\\/#primaryimage\",\"url\":\"https:\\\/\\\/medicinasinc.com\\\/hr\\\/wp-content\\\/uploads\\\/sites\\\/3\\\/2022\\\/02\\\/Buy-Onax-2mg.jpg\",\"contentUrl\":\"https:\\\/\\\/medicinasinc.com\\\/hr\\\/wp-content\\\/uploads\\\/sites\\\/3\\\/2022\\\/02\\\/Buy-Onax-2mg.jpg\",\"width\":400,\"height\":300},{\"@type\":\"BreadcrumbList\",\"@id\":\"https:\\\/\\\/medicinasinc.com\\\/hr\\\/product\\\/buy-onax-2mg-alprazolam\\\/#breadcrumb\",\"itemListElement\":[{\"@type\":\"ListItem\",\"position\":1,\"name\":\"Du\u0107an\",\"item\":\"https:\\\/\\\/medicinasinc.com\\\/hr\\\/ducan\\\/\"},{\"@type\":\"ListItem\",\"position\":2,\"name\":\"Kupite Onax 2mg alprazolama\"}]},{\"@type\":\"WebSite\",\"@id\":\"https:\\\/\\\/medicinasinc.com\\\/hr\\\/#website\",\"url\":\"https:\\\/\\\/medicinasinc.com\\\/hr\\\/\",\"name\":\"Medicinas Inc\",\"description\":\"Health Medical Clinic\",\"potentialAction\":[{\"@type\":\"SearchAction\",\"target\":{\"@type\":\"EntryPoint\",\"urlTemplate\":\"https:\\\/\\\/medicinasinc.com\\\/hr\\\/?s={search_term_string}\"},\"query-input\":{\"@type\":\"PropertyValueSpecification\",\"valueRequired\":true,\"valueName\":\"search_term_string\"}}],\"inLanguage\":\"hr\"}]}<\/script>\n<!-- \/ Yoast SEO plugin. -->","yoast_head_json":{"title":"Kupite onax 2mg Alprazolam pilule - najbolji najbolji svjetski lijekovi","description":"kupiti onax 2mg plo\u010dice\/tablete:\u00a0Onax\u00a0(Alprazolam) lije\u010di anksioznost, pani\u010dni poreme\u0107aj, nesanicu (pote\u0161ko\u0107e sa spavanjem) i tjeskobu uzrokovanu depresijom.","robots":{"index":"index","follow":"follow","max-snippet":"max-snippet:-1","max-image-preview":"max-image-preview:large","max-video-preview":"max-video-preview:-1"},"canonical":"https:\/\/medicinasinc.com\/hr\/product\/buy-onax-2mg-alprazolam\/","og_locale":"hr_HR","og_type":"article","og_title":"Kupite onax 2mg Alprazolam pilule - najbolji najbolji svjetski lijekovi","og_description":"kupiti onax 2mg plo\u010dice\/tablete:\u00a0Onax\u00a0(Alprazolam) lije\u010di anksioznost, pani\u010dni poreme\u0107aj, nesanicu (pote\u0161ko\u0107e sa spavanjem) i tjeskobu uzrokovanu depresijom.","og_url":"https:\/\/medicinasinc.com\/hr\/product\/buy-onax-2mg-alprazolam\/","og_site_name":"Medicinas Inc","article_modified_time":"2022-03-15T05:45:12+00:00","og_image":[{"width":400,"height":300,"url":"https:\/\/medicinasinc.com\/hr\/wp-content\/uploads\/sites\/3\/2022\/02\/Buy-Onax-2mg.jpg","type":"image\/jpeg"}],"twitter_card":"summary_large_image","twitter_misc":{"Procijenjeno vrijeme \u010ditanja":"2 minute"},"schema":{"@context":"https:\/\/schema.org","@graph":[{"@type":"WebPage","@id":"https:\/\/medicinasinc.com\/hr\/product\/buy-onax-2mg-alprazolam\/","url":"https:\/\/medicinasinc.com\/hr\/product\/buy-onax-2mg-alprazolam\/","name":"Kupite onax 2mg Alprazolam pilule - najbolji najbolji svjetski lijekovi","isPartOf":{"@id":"https:\/\/medicinasinc.com\/hr\/#website"},"primaryImageOfPage":{"@id":"https:\/\/medicinasinc.com\/hr\/product\/buy-onax-2mg-alprazolam\/#primaryimage"},"image":{"@id":"https:\/\/medicinasinc.com\/hr\/product\/buy-onax-2mg-alprazolam\/#primaryimage"},"thumbnailUrl":"https:\/\/medicinasinc.com\/hr\/wp-content\/uploads\/sites\/3\/2022\/02\/Buy-Onax-2mg.jpg","datePublished":"2022-02-20T22:49:49+00:00","dateModified":"2022-03-15T05:45:12+00:00","description":"kupiti onax 2mg plo\u010dice\/tablete:\u00a0Onax\u00a0(Alprazolam) lije\u010di anksioznost, pani\u010dni poreme\u0107aj, nesanicu (pote\u0161ko\u0107e sa spavanjem) i tjeskobu uzrokovanu depresijom.","breadcrumb":{"@id":"https:\/\/medicinasinc.com\/hr\/product\/buy-onax-2mg-alprazolam\/#breadcrumb"},"inLanguage":"hr","potentialAction":[{"@type":"ReadAction","target":["https:\/\/medicinasinc.com\/hr\/product\/buy-onax-2mg-alprazolam\/"]}]},{"@type":"ImageObject","inLanguage":"hr","@id":"https:\/\/medicinasinc.com\/hr\/product\/buy-onax-2mg-alprazolam\/#primaryimage","url":"https:\/\/medicinasinc.com\/hr\/wp-content\/uploads\/sites\/3\/2022\/02\/Buy-Onax-2mg.jpg","contentUrl":"https:\/\/medicinasinc.com\/hr\/wp-content\/uploads\/sites\/3\/2022\/02\/Buy-Onax-2mg.jpg","width":400,"height":300},{"@type":"BreadcrumbList","@id":"https:\/\/medicinasinc.com\/hr\/product\/buy-onax-2mg-alprazolam\/#breadcrumb","itemListElement":[{"@type":"ListItem","position":1,"name":"Du\u0107an","item":"https:\/\/medicinasinc.com\/hr\/ducan\/"},{"@type":"ListItem","position":2,"name":"Kupite Onax 2mg alprazolama"}]},{"@type":"WebSite","@id":"https:\/\/medicinasinc.com\/hr\/#website","url":"https:\/\/medicinasinc.com\/hr\/","name":"Medicinas Inc","description":"Health Medical Clinic","potentialAction":[{"@type":"SearchAction","target":{"@type":"EntryPoint","urlTemplate":"https:\/\/medicinasinc.com\/hr\/?s={search_term_string}"},"query-input":{"@type":"PropertyValueSpecification","valueRequired":true,"valueName":"search_term_string"}}],"inLanguage":"hr"}]}},"_links":{"self":[{"href":"https:\/\/medicinasinc.com\/hr\/wp-json\/wp\/v2\/product\/5262","targetHints":{"allow":["GET"]}}],"collection":[{"href":"https:\/\/medicinasinc.com\/hr\/wp-json\/wp\/v2\/product"}],"about":[{"href":"https:\/\/medicinasinc.com\/hr\/wp-json\/wp\/v2\/types\/product"}],"replies":[{"embeddable":true,"href":"https:\/\/medicinasinc.com\/hr\/wp-json\/wp\/v2\/comments?post=5262"}],"wp:featuredmedia":[{"embeddable":true,"href":"https:\/\/medicinasinc.com\/hr\/wp-json\/wp\/v2\/media\/5278"}],"wp:attachment":[{"href":"https:\/\/medicinasinc.com\/hr\/wp-json\/wp\/v2\/media?parent=5262"}],"wp:term":[{"taxonomy":"product_brand","embeddable":true,"href":"https:\/\/medicinasinc.com\/hr\/wp-json\/wp\/v2\/product_brand?post=5262"},{"taxonomy":"product_cat","embeddable":true,"href":"https:\/\/medicinasinc.com\/hr\/wp-json\/wp\/v2\/product_cat?post=5262"},{"taxonomy":"product_tag","embeddable":true,"href":"https:\/\/medicinasinc.com\/hr\/wp-json\/wp\/v2\/product_tag?post=5262"}],"curies":[{"name":"wp","href":"https:\/\/api.w.org\/{rel}","templated":true}]}}