{"id":5239,"date":"2022-02-20T22:28:45","date_gmt":"2022-02-20T22:28:45","guid":{"rendered":"https:\/\/medicinasinc.com\/hr\/?post_type=product&#038;p=5239"},"modified":"2022-03-15T05:45:22","modified_gmt":"2022-03-15T05:45:22","slug":"kupiti-magnus-mr-morfij-30mg-online","status":"publish","type":"product","link":"https:\/\/medicinasinc.com\/hr\/product\/kupiti-magnus-mr-morfij-30mg-online\/","title":{"rendered":"Kupite Magnus MR morfij 30mg online"},"content":{"rendered":"<div id=\"productDescription\" class=\"productGeneral biggerText\">\n<p>Magnus MR morfij 30 mg kupite online<br \/> Magnus MR (morfij sulfat) 30 mg kapsula Kupite Magnus MR (morfij sulfat) 30 mg kapsule sigurno online<\/p>\n<p>Magnus MR (morfij sulfat) 30 mg kapsula \u2013 naru\u010dite bez recepta \u2013 dostava preko no\u0107i<\/p>\n<p>Magnus MR (morfij sulfat) 30 mg za prodaju u Sjedinjenim Ameri\u010dkim Dr\u017eavama \u2013 pouzdana ljekarna za bol<\/p>\n<p>Magnus MR na prodaju (morfij sulfat) 30mg online po najni\u017eim cijenama u EUROPI &amp; AMERIKA<\/p>\n<p>Gdje i kako sigurno kupiti Magnus MR (Morphine Sulphate) 30mg online danas<\/p>\n<p>1. Rhotard Morphine SR 30mg tablete Morphgesic SR 30mg tablete za prodaju<\/p>\n<p>2. Sastav u kvalitativnom i kvantitativnom smislu<br \/> Morphgesic SR 30mg tablete\/Rhotard Morphine SR 30mg tablete<br \/> 30 mg morfin sulfata nalazi se u svakoj piluli.<br \/> Pomo\u0107ne tvari s dobro definiranim u\u010dinkom:<br \/> Glukoza (63.000 mg po tableti).<\/p>\n<p>3. Farmakolo\u0161ka formula<br \/> Tablete s kontroliranim otpu\u0161tanjem<br \/> Svaka tableta od 30 mg je bikonveksna okrugla filmom oblo\u017eena tableta ljubi\u010daste boje.<\/p>\n<p>4. Klini\u010dke specifi\u010dnosti<br \/> 4.1 Indikacije za uporabu<br \/> Rhotard Morphine SR \/ Morphgesic SR tablete namijenjene su odraslima za lije\u010denje jake boli tijekom duljeg vremenskog razdoblja.<\/p>\n<p>4.2 Doziranje i tehnika primjene. <br \/> Doziranje Dje\u010dja populacija<br \/> Ne preporu\u010duje se uporaba tableta Rhotard Morphine SR \/ Morphgesic SR kod djece.<\/p>\n<p>Odrasli: Doziranje se odre\u0111uje prema intenzitetu boli i prethodnoj anamnezi pacijenta primjene analgetika. Obi\u010dno se tablete trebaju uzimati dva puta dnevno u razmacima od 12 sati. Za bolesnike s jakom boli indicirana je po\u010detna doza od jedne ili dvije tablete od 10 mg (10 mg) dva puta dnevno. Preporu\u010da se da se pove\u0107ava ja\u010dina boli doza morfija pove\u0107ava kako bi se postiglo \u017eeljeno ubla\u017eavanje. Doziranje se mo\u017ee prilagoditi kombiniranjem tableta razli\u010dite ja\u010dine (10, 30, 60 i 100 mg) ili kori\u0161tenjem samih tableta ve\u0107e ja\u010dine.<br \/> Predla\u017ee se da pacijenti koji su pre\u0161li s drugog oralnog pripravka morfija uz usporedivu bioraspolo\u017eivost s oralnom teku\u0107inom morfija dobiti istu ukupnu dozu morfija u razdoblju od 24 sata. Cijelu dozu treba podijeliti na pola i primijeniti ujutro i nave\u010der. Mo\u017eda \u0107e biti potrebno titracija doze i klini\u010dki pregled.<br \/> Ako je pacijent primao parenteralno morfij prije prelaska na Rhotard Morphine SR\/Morphgesic SR tablete, mo\u017eda \u0107e biti potrebna ve\u0107a doza morfija. Pojedina\u010dne prilagodbe doze bit \u0107e potrebne kako bi se nadoknadio gubitak analgetske u\u010dinkovitosti zbog oralne primjene.<br \/> Ne preporu\u010duje se primjena tableta Rhotard Morphine SR\/Morphgesic SR unutar prva 24 sata nakon operacije radi ubla\u017eavanja postoperativne boli. Nakon ovog po\u010detnog razdoblja, dozu bi trebao odrediti lije\u010dnik.<br \/> Kod nekih pacijenata mo\u017ee biti potrebna suplementacija parenteralnog morfija, \u0161to je sasvim prikladno. Me\u0111utim, treba biti oprezan u pogledu ukupne doze morfija, kao i odgo\u0111enih u\u010dinaka morfija u formulaciji Rhotard Morphine SR\/ Morphgesic SR.<br \/> Rhotard Morphine SR\/Morphgesic SR tablete treba oprezno koristiti postoperativno (kao i sve pripravci morfija), ali osobito nakon abdominalne kirurgije.<br \/>Motilitet u \u017eelucu se trebao obnoviti i treba ga odr\u017eavati.<\/p>\n<p>Tehnika primjene<br \/> Rhotard Morphine SR \/ Morphgesic SR oralne tablete se ne smiju \u017evakano.<\/p>\n<p>5.1 Svojstva pharmacodynamica<br \/> Grupa farmakoterapijskih sredstava: Opioidi<br \/> N02A je ATC kod.<\/p>\n<p>Mehanizam djelotvornosti<br \/> MAGNUS MR SULFATE ER 30 MG djeluje kao agonist na opijatnim receptorima sredi\u0161njeg \u017eiv\u010danog sustava, prvenstveno Mu i, u manjoj mjeri, Kappa receptorima. Pretpostavlja se da supraspinalnu analgeziju, respiratornu depresiju i euforiju posreduju Mu receptori, dok se smatra da spinalnu analgeziju, miozu i sedaciju posreduju Kappa receptori.<\/p>\n<p>Sredi\u0161nji \u017eiv\u010dani sustav: primarni terapijski u\u010dinci morfija su analgezija i pospanost (tj. pospanost i anksioliza). MAGNUS MR SULFATE ER 30 MG djeluje sedativno na respiratorne centre mo\u017edanog debla. Morfin djeluje izravno na centar za ka\u0161alj u meduli, potiskuju\u0107i refleks ka\u0161lja. Antitusivni u\u010dinci mogu\u0107i su u dozama manjim od onih potrebnih za analgeziju. Morfin izaziva miozu u potpunoj tami. Iako su precizne zjenice indikativne za predoziranje opioidima, one nisu dijagnosti\u010dke (npr. lezije pontina hemoragijskog ili ishemijskog podrijetla mogu dati sli\u010dne nalaze). Hipoksija se mo\u017ee manifestirati kao izrazita midrijaza, a ne mioza u uvjetima predoziranja morfinom.<\/p>\n<p>MAGNUS MR SULFATE ER 30 MG i sli\u010dni analgetici mogu uzrokovati fizi\u010dku i psiholo\u0161ku ovisnost i treba ih koristiti s oprezom. Osim toga, mo\u017ee se razviti tolerancija.<\/p>\n<p>Glatki mi\u0161i\u0107i gastrointestinalnog trakta i drugi glatki mi\u0161i\u0107i<br \/> MAGNUS MR SULFATE ER 30 MG inhibira pokretljivost pove\u0107anjem tonusa glatkih mi\u0161i\u0107a u \u017eelucu i antrumu dvanaesnika. U tankom crijevu usporava se probava hrane, a propulzivne kontrakcije su smanjene. Zatvor je uzrokovan smanjenjem propulzivnih peristalti\u010dkih valova u debelom crijevu i pove\u0107anjem tonusa do to\u010dke gr\u010da. Morfij, op\u0107enito, podi\u017ee tonus glatkih mi\u0161i\u0107a, osobito u sfinkterima gastrointestinalnog i bilijarnog sustava. Morfin mo\u017ee uzrokovati gr\u010deve u Oddijevom sfinkteru, a time i pove\u0107anje intrabilijarnog tlaka.<\/p>\n<p>MAGNUS MR SULFATE ER 30 MG mo\u017ee uzrokovati osloba\u0111anje histamina sa ili bez popratne periferne vazodilatacije. Svrab, crvenilo, crvenilo o\u010diju, znojenje i\/ili ortostatska hipotenzija su svi znakovi osloba\u0111anja histamina i\/ili periferne vazodilatacije.<\/p>\n<p>Endokrinologija<br \/> Pokazalo se da opioidi utje\u010du na hipotalamus. hipofizno-nadbubre\u017ene ili -gonadalne osovine. Mo\u017ee se primijetiti nekoliko promjena, uklju\u010duju\u0107i pove\u0107anje serumskog prolaktina i smanjenje kortizola i testosterona u plazmi u prisutnosti abnormalno niskih ili normalnih razina ACTH, LH ili FSH. Odre\u0111ene \u017eene u predmenopauzi mogu imati nedovoljno estrogena. Ove hormonalne promjene mogu proizvesti klini\u010dke znakove.<\/p>\n<p>Dodatne farmakolo\u0161ke posljedice<br \/> In vitro i istra\u017eivanja na \u017eivotinjama otkrivaju da prirodni opioidi, poput morfija, imaju razli\u010dite u\u010dinke na komponente imunolo\u0161kog sustava; me\u0111utim, klini\u010dka va\u017enost ovih nalaza je neizvjesna.<\/p>\n<p>Dostupni su oralni, supkutani, intramuskularni, intravenski, intraspinalni i rektalni na\u010dini primjene. Parenteralne doze mogu se primijeniti kao povremene injekcije ili kao kontinuirane ili povremene infuzije, ovisno o pacijentovim potrebama za analgetikom.<\/p>\n<p>UPOTREBA<br \/> Ovaj lijek se koristi za ubla\u017eavanje jake, trajne boli (kao \u0161to je npr.). kao zbog raka). Morfin je klasificiran kao opioidni (narkoti\u010dki) analgetik. Djeluje tako \u0161to mijenja na\u010din na koji va\u0161e tijelo percipira i reagira na bol u mozgu.<\/p>\n<p>Vi\u0161e doze ovog lijeka (100 mg ili vi\u0161e po tableti) treba koristiti samo ako ste uzimali umjerene do visoke doze redovito uzimati opioidne lijekove protiv bolova. Ove jakosti mogu rezultirati predoziranjem (a mo\u017eda i smr\u0107u) ako ih uzme netko tko nije stalno koristio opioide.<\/p>\n<p>Izbjegavajte kori\u0161tenje morfija s produljenim osloba\u0111anjem za lije\u010denje boli koja je umjerena ili \u0107e se povu\u0107i u roku od jednog dana. nekoliko dana. Ovaj lijek nije namijenjen za kori\u0161tenje na temelju &#8220;po potrebi&#8221;.<\/p>\n<p>MAGNUS MR SULFATE ER 30 MG TABLETE UPUTSTVA ZA UPOTREBU<\/p>\n<p>Prije nego po\u010dnete koristiti morfij i svaki put kada primite ponovno punjenje, pro\u010ditajte Vodi\u010d za lijekove koji je izdao va\u0161 ljekarnik. Posavjetujte se sa svojim lije\u010dnikom ili ljekarnikom ako imate bilo kakvih pitanja.<\/p>\n<p>Ovaj lijek uzimajte redovito, a ne prema potrebi za jaku (prodornu) bol, kako vam je savjetovao lije\u010dnik. Uzmite ovaj lijek sa ili bez obroka, obi\u010dno svakih 8 do 12 sati, prema preporuci Va\u0161eg lije\u010dnika. Odre\u0111ene marke treba uzimati samo jednom svakih 12 sati. Ako osjetite mu\u010dninu, mo\u017ee biti korisno uzeti ovaj lijek uz obroke. Posavjetujte se sa svojim lije\u010dnikom ili ljekarnikom za druge strategije za ubla\u017eavanje mu\u010dnine (kao \u0161to je le\u017eanje 1 do 2 sata sa \u0161to manje pokreta glave). Posavjetujte se sa svojim lije\u010dnikom ako mu\u010dnina potraje.<\/p>\n<p>Tablete konzumirajte cijele. Tabletu se ne smije lomiti, drobiti, \u017evakati ili otopiti. To mo\u017ee dovesti do potpunog osloba\u0111anja lijeka, pove\u0107avaju\u0107i opasnost od predoziranja morfija.<\/p>\n<p>Doziranje se odre\u0111uje prema va\u0161oj medicinskoj povijesti i reakciji na lije\u010denje. Nemojte pove\u0107avati dozu ili uzimati ovaj lijek \u010de\u0161\u0107e ili dulje od preporu\u010denog, jer se rizik od nuspojava mo\u017ee pove\u0107ati. Kada dobijete upute, pravilno prekinite uzimanje lijeka.<\/p>\n<p>Ako naglo prekinete kori\u0161tenje ovog lijeka, mo\u017eete osjetiti simptome ustezanja (kao \u0161to su nemir, suzenje o\u010diju, curenje iz nosa, mu\u010dnina, znojenje, bolovi u mi\u0161i\u0107ima). Kako bi se izbjegla obustava, Va\u0161 lije\u010dnik mo\u017ee postupno smanjiti Va\u0161u dozu. Vjerojatnije je da \u0107e se simptomi ustezanja pojaviti ako ste uzimali morfij dulje vrijeme ili u velikim dozama. Odmah obavijestite svog lije\u010dnika ili ljekarnika ako imate simptome ustezanja.<\/p>\n<p>Kada se ovaj lijek koristi dulje vrijeme, mo\u017ee izgubiti svoju u\u010dinkovitost. Posavjetujte se sa svojim lije\u010dnikom ako ovaj lijek prestane ispravno djelovati.<\/p>\n<p>Iako ovaj lijek koristi velikom broju ljudi, povremeno mo\u017ee dovesti do ovisnosti. Ovaj rizik mo\u017ee biti pove\u0107an ako imate poreme\u0107aj uporabe droga (kao \u0161to je prekomjerna uporaba droga\/alkohola ili ovisnost). Kako biste smanjili opasnost od ovisnosti, koristite ovaj lijek to\u010dno prema uputama. Za dodatne informacije obratite se svom lije\u010dniku ili ljekarniku.<\/p>\n<\/p><\/div>\n<div class=\"product-next-previous\">\n<div class=\"product-prev\"><\/div><\/div>\n","protected":false},"excerpt":{"rendered":"<div class=\"woocommerce-product-details__short-description\">\n<p>Magnus MR morfij 30mg dostupan je za kupnju putem interneta. Morfin djeluje kao opioidni lijek protiv bolova djeluju\u0107i kao agonist na opioidne receptore koji se mogu zasi\u0107eni u CNS-u i drugim organima.<\/p>\n<p>Magnus MR (morfij sulfat) tablete od 30 mg dostupne su bez recepta na internetu (bez RX). Morphine 30mg za prodaju u Ujedinjenom Kraljevstvu i Europi<\/p>\n<\/p><\/div>\n","protected":false},"featured_media":5258,"comment_status":"closed","ping_status":"closed","template":"","meta":[],"product_brand":[],"product_cat":[1117],"product_tag":[1514,1516,1517,1515,1518,1519],"class_list":{"0":"post-5239","1":"product","2":"type-product","3":"status-publish","4":"has-post-thumbnail","6":"product_cat-kupite-tablete-za-bol-spavanje-seks","7":"product_tag-buy-magnus-mr-30mg-morphine-sulphate","8":"product_tag-magnus-mr-morfij-sulfat-ulina-cijena","9":"product_tag-magnus-mr-morfij-sulfat-ulica-cijena-za-bocu","10":"product_tag-magnus-mr-morphine-sulfate-30mg","11":"product_tag-magnus-mr-30-mg-morfin-sulfat","12":"product_tag-magnus-mr-morfij-30mg","14":"first","15":"instock","16":"shipping-taxable","17":"purchasable","18":"product-type-variable"},"yoast_head":"<!-- This site is optimized with the Yoast SEO plugin v27.3 - https:\/\/yoast.com\/product\/yoast-seo-wordpress\/ -->\n<title>Kupite Magnus MR morfij 30 mg \u2013 najbolji najbolji svjetski lijekovi<\/title>\n<meta name=\"description\" content=\"Mo\u017eete\u00a0kupiti Magnus MR\u00a0(morfij\u00a0sulfat)\u00a030mg\u00a0kapsule\u00a0online\u00a0bez recepta (bez RX-a). Morfin 30mg za prodaju Velika Britanija, Europa\" \/>\n<meta name=\"robots\" content=\"index, follow, max-snippet:-1, max-image-preview:large, max-video-preview:-1\" \/>\n<link rel=\"canonical\" href=\"https:\/\/medicinasinc.com\/hr\/product\/kupiti-magnus-mr-morfij-30mg-online\/\" \/>\n<meta property=\"og:locale\" content=\"hr_HR\" \/>\n<meta property=\"og:type\" content=\"article\" \/>\n<meta property=\"og:title\" content=\"Kupite Magnus MR morfij 30 mg \u2013 najbolji najbolji svjetski lijekovi\" \/>\n<meta property=\"og:description\" content=\"Mo\u017eete\u00a0kupiti Magnus MR\u00a0(morfij\u00a0sulfat)\u00a030mg\u00a0kapsule\u00a0online\u00a0bez recepta (bez RX-a). Morfin 30mg za prodaju Velika Britanija, Europa\" \/>\n<meta property=\"og:url\" content=\"https:\/\/medicinasinc.com\/hr\/product\/kupiti-magnus-mr-morfij-30mg-online\/\" \/>\n<meta property=\"og:site_name\" content=\"Medicinas Inc\" \/>\n<meta property=\"article:modified_time\" content=\"2022-03-15T05:45:22+00:00\" \/>\n<meta property=\"og:image\" content=\"https:\/\/medicinasinc.com\/hr\/wp-content\/uploads\/sites\/3\/2022\/02\/Buy-Magnus-MR-Morphine-30mg.jpg\" \/>\n\t<meta property=\"og:image:width\" content=\"600\" \/>\n\t<meta property=\"og:image:height\" content=\"600\" \/>\n\t<meta property=\"og:image:type\" content=\"image\/jpeg\" \/>\n<meta name=\"twitter:card\" content=\"summary_large_image\" \/>\n<meta name=\"twitter:label1\" content=\"Procijenjeno vrijeme \u010ditanja\" \/>\n\t<meta name=\"twitter:data1\" content=\"7 minuta\" \/>\n<script type=\"application\/ld+json\" class=\"yoast-schema-graph\">{\"@context\":\"https:\\\/\\\/schema.org\",\"@graph\":[{\"@type\":\"WebPage\",\"@id\":\"https:\\\/\\\/medicinasinc.com\\\/hr\\\/product\\\/kupiti-magnus-mr-morfij-30mg-online\\\/\",\"url\":\"https:\\\/\\\/medicinasinc.com\\\/hr\\\/product\\\/kupiti-magnus-mr-morfij-30mg-online\\\/\",\"name\":\"Kupite Magnus MR morfij 30 mg \u2013 najbolji najbolji svjetski lijekovi\",\"isPartOf\":{\"@id\":\"https:\\\/\\\/medicinasinc.com\\\/hr\\\/#website\"},\"primaryImageOfPage\":{\"@id\":\"https:\\\/\\\/medicinasinc.com\\\/hr\\\/product\\\/kupiti-magnus-mr-morfij-30mg-online\\\/#primaryimage\"},\"image\":{\"@id\":\"https:\\\/\\\/medicinasinc.com\\\/hr\\\/product\\\/kupiti-magnus-mr-morfij-30mg-online\\\/#primaryimage\"},\"thumbnailUrl\":\"https:\\\/\\\/medicinasinc.com\\\/hr\\\/wp-content\\\/uploads\\\/sites\\\/3\\\/2022\\\/02\\\/Buy-Magnus-MR-Morphine-30mg.jpg\",\"datePublished\":\"2022-02-20T22:28:45+00:00\",\"dateModified\":\"2022-03-15T05:45:22+00:00\",\"description\":\"Mo\u017eete\u00a0kupiti Magnus MR\u00a0(morfij\u00a0sulfat)\u00a030mg\u00a0kapsule\u00a0online\u00a0bez recepta (bez RX-a). Morfin 30mg za prodaju Velika Britanija, Europa\",\"breadcrumb\":{\"@id\":\"https:\\\/\\\/medicinasinc.com\\\/hr\\\/product\\\/kupiti-magnus-mr-morfij-30mg-online\\\/#breadcrumb\"},\"inLanguage\":\"hr\",\"potentialAction\":[{\"@type\":\"ReadAction\",\"target\":[\"https:\\\/\\\/medicinasinc.com\\\/hr\\\/product\\\/kupiti-magnus-mr-morfij-30mg-online\\\/\"]}]},{\"@type\":\"ImageObject\",\"inLanguage\":\"hr\",\"@id\":\"https:\\\/\\\/medicinasinc.com\\\/hr\\\/product\\\/kupiti-magnus-mr-morfij-30mg-online\\\/#primaryimage\",\"url\":\"https:\\\/\\\/medicinasinc.com\\\/hr\\\/wp-content\\\/uploads\\\/sites\\\/3\\\/2022\\\/02\\\/Buy-Magnus-MR-Morphine-30mg.jpg\",\"contentUrl\":\"https:\\\/\\\/medicinasinc.com\\\/hr\\\/wp-content\\\/uploads\\\/sites\\\/3\\\/2022\\\/02\\\/Buy-Magnus-MR-Morphine-30mg.jpg\",\"width\":600,\"height\":600},{\"@type\":\"BreadcrumbList\",\"@id\":\"https:\\\/\\\/medicinasinc.com\\\/hr\\\/product\\\/kupiti-magnus-mr-morfij-30mg-online\\\/#breadcrumb\",\"itemListElement\":[{\"@type\":\"ListItem\",\"position\":1,\"name\":\"Du\u0107an\",\"item\":\"https:\\\/\\\/medicinasinc.com\\\/hr\\\/ducan\\\/\"},{\"@type\":\"ListItem\",\"position\":2,\"name\":\"Kupite Magnus MR morfij 30mg online\"}]},{\"@type\":\"WebSite\",\"@id\":\"https:\\\/\\\/medicinasinc.com\\\/hr\\\/#website\",\"url\":\"https:\\\/\\\/medicinasinc.com\\\/hr\\\/\",\"name\":\"Medicinas Inc\",\"description\":\"Health Medical Clinic\",\"potentialAction\":[{\"@type\":\"SearchAction\",\"target\":{\"@type\":\"EntryPoint\",\"urlTemplate\":\"https:\\\/\\\/medicinasinc.com\\\/hr\\\/?s={search_term_string}\"},\"query-input\":{\"@type\":\"PropertyValueSpecification\",\"valueRequired\":true,\"valueName\":\"search_term_string\"}}],\"inLanguage\":\"hr\"}]}<\/script>\n<!-- \/ Yoast SEO plugin. -->","yoast_head_json":{"title":"Kupite Magnus MR morfij 30 mg \u2013 najbolji najbolji svjetski lijekovi","description":"Mo\u017eete\u00a0kupiti Magnus MR\u00a0(morfij\u00a0sulfat)\u00a030mg\u00a0kapsule\u00a0online\u00a0bez recepta (bez RX-a). Morfin 30mg za prodaju Velika Britanija, Europa","robots":{"index":"index","follow":"follow","max-snippet":"max-snippet:-1","max-image-preview":"max-image-preview:large","max-video-preview":"max-video-preview:-1"},"canonical":"https:\/\/medicinasinc.com\/hr\/product\/kupiti-magnus-mr-morfij-30mg-online\/","og_locale":"hr_HR","og_type":"article","og_title":"Kupite Magnus MR morfij 30 mg \u2013 najbolji najbolji svjetski lijekovi","og_description":"Mo\u017eete\u00a0kupiti Magnus MR\u00a0(morfij\u00a0sulfat)\u00a030mg\u00a0kapsule\u00a0online\u00a0bez recepta (bez RX-a). Morfin 30mg za prodaju Velika Britanija, Europa","og_url":"https:\/\/medicinasinc.com\/hr\/product\/kupiti-magnus-mr-morfij-30mg-online\/","og_site_name":"Medicinas Inc","article_modified_time":"2022-03-15T05:45:22+00:00","og_image":[{"width":600,"height":600,"url":"https:\/\/medicinasinc.com\/hr\/wp-content\/uploads\/sites\/3\/2022\/02\/Buy-Magnus-MR-Morphine-30mg.jpg","type":"image\/jpeg"}],"twitter_card":"summary_large_image","twitter_misc":{"Procijenjeno vrijeme \u010ditanja":"7 minuta"},"schema":{"@context":"https:\/\/schema.org","@graph":[{"@type":"WebPage","@id":"https:\/\/medicinasinc.com\/hr\/product\/kupiti-magnus-mr-morfij-30mg-online\/","url":"https:\/\/medicinasinc.com\/hr\/product\/kupiti-magnus-mr-morfij-30mg-online\/","name":"Kupite Magnus MR morfij 30 mg \u2013 najbolji najbolji svjetski lijekovi","isPartOf":{"@id":"https:\/\/medicinasinc.com\/hr\/#website"},"primaryImageOfPage":{"@id":"https:\/\/medicinasinc.com\/hr\/product\/kupiti-magnus-mr-morfij-30mg-online\/#primaryimage"},"image":{"@id":"https:\/\/medicinasinc.com\/hr\/product\/kupiti-magnus-mr-morfij-30mg-online\/#primaryimage"},"thumbnailUrl":"https:\/\/medicinasinc.com\/hr\/wp-content\/uploads\/sites\/3\/2022\/02\/Buy-Magnus-MR-Morphine-30mg.jpg","datePublished":"2022-02-20T22:28:45+00:00","dateModified":"2022-03-15T05:45:22+00:00","description":"Mo\u017eete\u00a0kupiti Magnus MR\u00a0(morfij\u00a0sulfat)\u00a030mg\u00a0kapsule\u00a0online\u00a0bez recepta (bez RX-a). Morfin 30mg za prodaju Velika Britanija, Europa","breadcrumb":{"@id":"https:\/\/medicinasinc.com\/hr\/product\/kupiti-magnus-mr-morfij-30mg-online\/#breadcrumb"},"inLanguage":"hr","potentialAction":[{"@type":"ReadAction","target":["https:\/\/medicinasinc.com\/hr\/product\/kupiti-magnus-mr-morfij-30mg-online\/"]}]},{"@type":"ImageObject","inLanguage":"hr","@id":"https:\/\/medicinasinc.com\/hr\/product\/kupiti-magnus-mr-morfij-30mg-online\/#primaryimage","url":"https:\/\/medicinasinc.com\/hr\/wp-content\/uploads\/sites\/3\/2022\/02\/Buy-Magnus-MR-Morphine-30mg.jpg","contentUrl":"https:\/\/medicinasinc.com\/hr\/wp-content\/uploads\/sites\/3\/2022\/02\/Buy-Magnus-MR-Morphine-30mg.jpg","width":600,"height":600},{"@type":"BreadcrumbList","@id":"https:\/\/medicinasinc.com\/hr\/product\/kupiti-magnus-mr-morfij-30mg-online\/#breadcrumb","itemListElement":[{"@type":"ListItem","position":1,"name":"Du\u0107an","item":"https:\/\/medicinasinc.com\/hr\/ducan\/"},{"@type":"ListItem","position":2,"name":"Kupite Magnus MR morfij 30mg online"}]},{"@type":"WebSite","@id":"https:\/\/medicinasinc.com\/hr\/#website","url":"https:\/\/medicinasinc.com\/hr\/","name":"Medicinas Inc","description":"Health Medical Clinic","potentialAction":[{"@type":"SearchAction","target":{"@type":"EntryPoint","urlTemplate":"https:\/\/medicinasinc.com\/hr\/?s={search_term_string}"},"query-input":{"@type":"PropertyValueSpecification","valueRequired":true,"valueName":"search_term_string"}}],"inLanguage":"hr"}]}},"_links":{"self":[{"href":"https:\/\/medicinasinc.com\/hr\/wp-json\/wp\/v2\/product\/5239","targetHints":{"allow":["GET"]}}],"collection":[{"href":"https:\/\/medicinasinc.com\/hr\/wp-json\/wp\/v2\/product"}],"about":[{"href":"https:\/\/medicinasinc.com\/hr\/wp-json\/wp\/v2\/types\/product"}],"replies":[{"embeddable":true,"href":"https:\/\/medicinasinc.com\/hr\/wp-json\/wp\/v2\/comments?post=5239"}],"wp:featuredmedia":[{"embeddable":true,"href":"https:\/\/medicinasinc.com\/hr\/wp-json\/wp\/v2\/media\/5258"}],"wp:attachment":[{"href":"https:\/\/medicinasinc.com\/hr\/wp-json\/wp\/v2\/media?parent=5239"}],"wp:term":[{"taxonomy":"product_brand","embeddable":true,"href":"https:\/\/medicinasinc.com\/hr\/wp-json\/wp\/v2\/product_brand?post=5239"},{"taxonomy":"product_cat","embeddable":true,"href":"https:\/\/medicinasinc.com\/hr\/wp-json\/wp\/v2\/product_cat?post=5239"},{"taxonomy":"product_tag","embeddable":true,"href":"https:\/\/medicinasinc.com\/hr\/wp-json\/wp\/v2\/product_tag?post=5239"}],"curies":[{"name":"wp","href":"https:\/\/api.w.org\/{rel}","templated":true}]}}