{"id":5238,"date":"2022-02-20T22:26:29","date_gmt":"2022-02-20T22:26:29","guid":{"rendered":"https:\/\/medicinasinc.com\/hr\/?post_type=product&#038;p=5238"},"modified":"2022-03-15T05:45:33","modified_gmt":"2022-03-15T05:45:33","slug":"kupiti-lortab-10-325mg","status":"publish","type":"product","link":"https:\/\/medicinasinc.com\/hr\/product\/kupiti-lortab-10-325mg\/","title":{"rendered":"Kupite Lortab 10\/325mg"},"content":{"rendered":"<p>Lortab 10\/325mg tablete mogu se kupiti online.<br \/> Lortab &#8211; \u0161to je to?<br \/> Lortabovi rizici<\/p>\n<p>Ovaj kombinirani lijek koristi se za lije\u010denje boli u rasponu od blage do te\u0161ke. Sadr\u017ei opioidni analgetik (hidrokodon) kao i neopioidni analgetik (acetaminofen). Hidrokodon mijenja na\u010din na koji va\u0161e tijelo percipira bol i reagira na bol djeluju\u0107i na mozak. Acetaminophen tako\u0111er mo\u017ee pomo\u0107i u smanjenju temperature.<\/p>\n<p>Ovaj se proizvod ne preporu\u010duje za djecu mla\u0111u od \u0161est godina zbog pove\u0107anog rizika od ozbiljnih nuspojava (kao \u0161to je plitko\/sporo disanje).<\/p>\n","protected":false},"excerpt":{"rendered":"<div class=\"woocommerce-product-details__short-description\">\n<p>Kupite Lortab 10\/325mg tablete mo\u017eete kupiti online. online kupnja lijekova protiv bolova, online kupnja lijekova protiv bolova, online kupnja jakih lijekova protiv bolova<\/p>\n<p>Lortab 10\/325mg tablete za prodaju u Ujedinjenom Kraljevstvu i Europi. kupujte lijekove protiv bolova online, kupujte lijekove protiv bolova online, bez recepta, oksikodon online, tablete protiv bolova, tablete protiv bolova, pilule za ADD\/ADHD, tablete za steroide, pilule protiv anksioznosti, tablete protiv depresije, pilule za mr\u0161avljenje.<\/p>\n<p>Kupite lortab. acetaminofen tablete 5mg 7,5mg 10mg s otiskom m367 zakonito iz renomirane online ljekarne koja nudi dostavu preko no\u0107i.<\/p>\n<\/p><\/div>\n","protected":false},"featured_media":5256,"comment_status":"open","ping_status":"closed","template":"","meta":[],"product_brand":[],"product_cat":[1117],"product_tag":[1489,1472,1475,1473,1474,1470,1320,1476,1477,1478,1479,1480,1481,1482,1484,1485,1483,1488,1502,1487,1492,1491,1493,1495,1496,1500,1498,1499,1506,1504,1505,1497,1501,1503,1507,1508,1509,1486,1471,1494,1511,1510,1490,1512,1513],"class_list":{"0":"post-5238","1":"product","2":"type-product","3":"status-publish","4":"has-post-thumbnail","6":"product_cat-kupite-tablete-za-bol-spavanje-seks","7":"product_tag-lortab-doziranje","8":"product_tag-generiki-lortab","9":"product_tag-hidrokodon-lortab","10":"product_tag-how-long-does-lortab-stay-in-your-system","11":"product_tag-koliko-dugo-lortab-ostaje-u-vaem-urinu","12":"product_tag-kupnja-lortab-online","13":"product_tag-lortab","14":"product_tag-lortab-10","15":"product_tag-lortab-10-325-vrijednost-ulice","16":"product_tag-lortab-10-mg","17":"product_tag-lortab-10-slike","18":"product_tag-lortab-5","19":"product_tag-lortab-5-mg","20":"product_tag-lortab-5-325","21":"product_tag-lortab-7-5-325","22":"product_tag-lortab-7-5-mg","23":"product_tag-lortab-7-5","24":"product_tag-lortab-classification","25":"product_tag-lortab-ten","26":"product_tag-lortab-dodatak","27":"product_tag-lortab-generiki-nazivi","28":"product_tag-lortab-generiki-naziv","29":"product_tag-lortab-ingredient","30":"product_tag-lortab-m367","31":"product_tag-lortab-on-line","32":"product_tag-lortab-nuspojave","33":"product_tag-lortab-picture","34":"product_tag-lortab-pictures","35":"product_tag-lortab-povlaenje","36":"product_tag-lortab-protiv-oksikodona","37":"product_tag-lortab-vs-vicodin","38":"product_tag-lortab-pic","39":"product_tag-lortab-snaga","40":"product_tag-lortab-vs-norco","41":"product_tag-m366-lortab","42":"product_tag-norco-lortab","43":"product_tag-norco-vs-lortab","44":"product_tag-lortab-ovisnosti","45":"product_tag-razlika-izmeu-c4-91u-lortaba-i-percoceta","46":"product_tag-lortab-sastojci","47":"product_tag-to-je-lortab","48":"product_tag-to-su-lortab","49":"product_tag-ottenab-eliksir","50":"product_tag-what-is-lortab","51":"product_tag-uti-lortab-10","53":"first","54":"instock","55":"shipping-taxable","56":"purchasable","57":"product-type-variable","58":"has-default-attributes"},"yoast_head":"<!-- This site is optimized with the Yoast SEO plugin v27.3 - https:\/\/yoast.com\/product\/yoast-seo-wordpress\/ -->\n<title>Kupite Lortab 10\/325 mg - najbolji najbolji svjetski lijekovi<\/title>\n<meta name=\"description\" content=\"Kupite Lortab 10\/325 mg tablete za prodaju UK, Europa. kupujte lijekove protiv bolova online, kupujte lijekove protiv bolova online, popis jakih lijekova protiv bolova, bez recepta, oksikodon online, pilule protiv bolova, lijek protiv bolova, pilule za ADD\/ADHD, pilule za steroide, pilule protiv anksioznosti, pilule protiv depresije, pilule za mr\u0161avljenje.\" \/>\n<meta name=\"robots\" content=\"index, follow, max-snippet:-1, max-image-preview:large, max-video-preview:-1\" \/>\n<link rel=\"canonical\" href=\"https:\/\/medicinasinc.com\/hr\/product\/kupiti-lortab-10-325mg\/\" \/>\n<meta property=\"og:locale\" content=\"hr_HR\" \/>\n<meta property=\"og:type\" content=\"article\" \/>\n<meta property=\"og:title\" content=\"Kupite Lortab 10\/325 mg - najbolji najbolji svjetski lijekovi\" \/>\n<meta property=\"og:description\" content=\"Kupite Lortab 10\/325 mg tablete za prodaju UK, Europa. kupujte lijekove protiv bolova online, kupujte lijekove protiv bolova online, popis jakih lijekova protiv bolova, bez recepta, oksikodon online, pilule protiv bolova, lijek protiv bolova, pilule za ADD\/ADHD, pilule za steroide, pilule protiv anksioznosti, pilule protiv depresije, pilule za mr\u0161avljenje.\" \/>\n<meta property=\"og:url\" content=\"https:\/\/medicinasinc.com\/hr\/product\/kupiti-lortab-10-325mg\/\" \/>\n<meta property=\"og:site_name\" content=\"Medicinas Inc\" \/>\n<meta property=\"article:modified_time\" content=\"2022-03-15T05:45:33+00:00\" \/>\n<meta property=\"og:image\" content=\"https:\/\/medicinasinc.com\/hr\/wp-content\/uploads\/sites\/3\/2022\/02\/buy-lortab-10-325mg-pills-online.jpg\" \/>\n\t<meta property=\"og:image:width\" content=\"600\" \/>\n\t<meta property=\"og:image:height\" content=\"600\" \/>\n\t<meta property=\"og:image:type\" content=\"image\/jpeg\" \/>\n<meta name=\"twitter:card\" content=\"summary_large_image\" \/>\n<meta name=\"twitter:label1\" content=\"Procijenjeno vrijeme \u010ditanja\" \/>\n\t<meta name=\"twitter:data1\" content=\"1 minuta\" \/>\n<script type=\"application\/ld+json\" class=\"yoast-schema-graph\">{\"@context\":\"https:\\\/\\\/schema.org\",\"@graph\":[{\"@type\":\"WebPage\",\"@id\":\"https:\\\/\\\/medicinasinc.com\\\/hr\\\/product\\\/kupiti-lortab-10-325mg\\\/\",\"url\":\"https:\\\/\\\/medicinasinc.com\\\/hr\\\/product\\\/kupiti-lortab-10-325mg\\\/\",\"name\":\"Kupite Lortab 10\\\/325 mg - najbolji najbolji svjetski lijekovi\",\"isPartOf\":{\"@id\":\"https:\\\/\\\/medicinasinc.com\\\/hr\\\/#website\"},\"primaryImageOfPage\":{\"@id\":\"https:\\\/\\\/medicinasinc.com\\\/hr\\\/product\\\/kupiti-lortab-10-325mg\\\/#primaryimage\"},\"image\":{\"@id\":\"https:\\\/\\\/medicinasinc.com\\\/hr\\\/product\\\/kupiti-lortab-10-325mg\\\/#primaryimage\"},\"thumbnailUrl\":\"https:\\\/\\\/medicinasinc.com\\\/hr\\\/wp-content\\\/uploads\\\/sites\\\/3\\\/2022\\\/02\\\/buy-lortab-10-325mg-pills-online.jpg\",\"datePublished\":\"2022-02-20T22:26:29+00:00\",\"dateModified\":\"2022-03-15T05:45:33+00:00\",\"description\":\"Kupite Lortab 10\\\/325 mg tablete za prodaju UK, Europa. kupujte lijekove protiv bolova online, kupujte lijekove protiv bolova online, popis jakih lijekova protiv bolova, bez recepta, oksikodon online, pilule protiv bolova, lijek protiv bolova, pilule za ADD\\\/ADHD, pilule za steroide, pilule protiv anksioznosti, pilule protiv depresije, pilule za mr\u0161avljenje.\",\"breadcrumb\":{\"@id\":\"https:\\\/\\\/medicinasinc.com\\\/hr\\\/product\\\/kupiti-lortab-10-325mg\\\/#breadcrumb\"},\"inLanguage\":\"hr\",\"potentialAction\":[{\"@type\":\"ReadAction\",\"target\":[\"https:\\\/\\\/medicinasinc.com\\\/hr\\\/product\\\/kupiti-lortab-10-325mg\\\/\"]}]},{\"@type\":\"ImageObject\",\"inLanguage\":\"hr\",\"@id\":\"https:\\\/\\\/medicinasinc.com\\\/hr\\\/product\\\/kupiti-lortab-10-325mg\\\/#primaryimage\",\"url\":\"https:\\\/\\\/medicinasinc.com\\\/hr\\\/wp-content\\\/uploads\\\/sites\\\/3\\\/2022\\\/02\\\/buy-lortab-10-325mg-pills-online.jpg\",\"contentUrl\":\"https:\\\/\\\/medicinasinc.com\\\/hr\\\/wp-content\\\/uploads\\\/sites\\\/3\\\/2022\\\/02\\\/buy-lortab-10-325mg-pills-online.jpg\",\"width\":600,\"height\":600},{\"@type\":\"BreadcrumbList\",\"@id\":\"https:\\\/\\\/medicinasinc.com\\\/hr\\\/product\\\/kupiti-lortab-10-325mg\\\/#breadcrumb\",\"itemListElement\":[{\"@type\":\"ListItem\",\"position\":1,\"name\":\"Du\u0107an\",\"item\":\"https:\\\/\\\/medicinasinc.com\\\/hr\\\/ducan\\\/\"},{\"@type\":\"ListItem\",\"position\":2,\"name\":\"Kupite Lortab 10\\\/325mg\"}]},{\"@type\":\"WebSite\",\"@id\":\"https:\\\/\\\/medicinasinc.com\\\/hr\\\/#website\",\"url\":\"https:\\\/\\\/medicinasinc.com\\\/hr\\\/\",\"name\":\"Medicinas Inc\",\"description\":\"Health Medical Clinic\",\"potentialAction\":[{\"@type\":\"SearchAction\",\"target\":{\"@type\":\"EntryPoint\",\"urlTemplate\":\"https:\\\/\\\/medicinasinc.com\\\/hr\\\/?s={search_term_string}\"},\"query-input\":{\"@type\":\"PropertyValueSpecification\",\"valueRequired\":true,\"valueName\":\"search_term_string\"}}],\"inLanguage\":\"hr\"}]}<\/script>\n<!-- \/ Yoast SEO plugin. -->","yoast_head_json":{"title":"Kupite Lortab 10\/325 mg - najbolji najbolji svjetski lijekovi","description":"Kupite Lortab 10\/325 mg tablete za prodaju UK, Europa. kupujte lijekove protiv bolova online, kupujte lijekove protiv bolova online, popis jakih lijekova protiv bolova, bez recepta, oksikodon online, pilule protiv bolova, lijek protiv bolova, pilule za ADD\/ADHD, pilule za steroide, pilule protiv anksioznosti, pilule protiv depresije, pilule za mr\u0161avljenje.","robots":{"index":"index","follow":"follow","max-snippet":"max-snippet:-1","max-image-preview":"max-image-preview:large","max-video-preview":"max-video-preview:-1"},"canonical":"https:\/\/medicinasinc.com\/hr\/product\/kupiti-lortab-10-325mg\/","og_locale":"hr_HR","og_type":"article","og_title":"Kupite Lortab 10\/325 mg - najbolji najbolji svjetski lijekovi","og_description":"Kupite Lortab 10\/325 mg tablete za prodaju UK, Europa. kupujte lijekove protiv bolova online, kupujte lijekove protiv bolova online, popis jakih lijekova protiv bolova, bez recepta, oksikodon online, pilule protiv bolova, lijek protiv bolova, pilule za ADD\/ADHD, pilule za steroide, pilule protiv anksioznosti, pilule protiv depresije, pilule za mr\u0161avljenje.","og_url":"https:\/\/medicinasinc.com\/hr\/product\/kupiti-lortab-10-325mg\/","og_site_name":"Medicinas Inc","article_modified_time":"2022-03-15T05:45:33+00:00","og_image":[{"width":600,"height":600,"url":"https:\/\/medicinasinc.com\/hr\/wp-content\/uploads\/sites\/3\/2022\/02\/buy-lortab-10-325mg-pills-online.jpg","type":"image\/jpeg"}],"twitter_card":"summary_large_image","twitter_misc":{"Procijenjeno vrijeme \u010ditanja":"1 minuta"},"schema":{"@context":"https:\/\/schema.org","@graph":[{"@type":"WebPage","@id":"https:\/\/medicinasinc.com\/hr\/product\/kupiti-lortab-10-325mg\/","url":"https:\/\/medicinasinc.com\/hr\/product\/kupiti-lortab-10-325mg\/","name":"Kupite Lortab 10\/325 mg - najbolji najbolji svjetski lijekovi","isPartOf":{"@id":"https:\/\/medicinasinc.com\/hr\/#website"},"primaryImageOfPage":{"@id":"https:\/\/medicinasinc.com\/hr\/product\/kupiti-lortab-10-325mg\/#primaryimage"},"image":{"@id":"https:\/\/medicinasinc.com\/hr\/product\/kupiti-lortab-10-325mg\/#primaryimage"},"thumbnailUrl":"https:\/\/medicinasinc.com\/hr\/wp-content\/uploads\/sites\/3\/2022\/02\/buy-lortab-10-325mg-pills-online.jpg","datePublished":"2022-02-20T22:26:29+00:00","dateModified":"2022-03-15T05:45:33+00:00","description":"Kupite Lortab 10\/325 mg tablete za prodaju UK, Europa. kupujte lijekove protiv bolova online, kupujte lijekove protiv bolova online, popis jakih lijekova protiv bolova, bez recepta, oksikodon online, pilule protiv bolova, lijek protiv bolova, pilule za ADD\/ADHD, pilule za steroide, pilule protiv anksioznosti, pilule protiv depresije, pilule za mr\u0161avljenje.","breadcrumb":{"@id":"https:\/\/medicinasinc.com\/hr\/product\/kupiti-lortab-10-325mg\/#breadcrumb"},"inLanguage":"hr","potentialAction":[{"@type":"ReadAction","target":["https:\/\/medicinasinc.com\/hr\/product\/kupiti-lortab-10-325mg\/"]}]},{"@type":"ImageObject","inLanguage":"hr","@id":"https:\/\/medicinasinc.com\/hr\/product\/kupiti-lortab-10-325mg\/#primaryimage","url":"https:\/\/medicinasinc.com\/hr\/wp-content\/uploads\/sites\/3\/2022\/02\/buy-lortab-10-325mg-pills-online.jpg","contentUrl":"https:\/\/medicinasinc.com\/hr\/wp-content\/uploads\/sites\/3\/2022\/02\/buy-lortab-10-325mg-pills-online.jpg","width":600,"height":600},{"@type":"BreadcrumbList","@id":"https:\/\/medicinasinc.com\/hr\/product\/kupiti-lortab-10-325mg\/#breadcrumb","itemListElement":[{"@type":"ListItem","position":1,"name":"Du\u0107an","item":"https:\/\/medicinasinc.com\/hr\/ducan\/"},{"@type":"ListItem","position":2,"name":"Kupite Lortab 10\/325mg"}]},{"@type":"WebSite","@id":"https:\/\/medicinasinc.com\/hr\/#website","url":"https:\/\/medicinasinc.com\/hr\/","name":"Medicinas Inc","description":"Health Medical Clinic","potentialAction":[{"@type":"SearchAction","target":{"@type":"EntryPoint","urlTemplate":"https:\/\/medicinasinc.com\/hr\/?s={search_term_string}"},"query-input":{"@type":"PropertyValueSpecification","valueRequired":true,"valueName":"search_term_string"}}],"inLanguage":"hr"}]}},"_links":{"self":[{"href":"https:\/\/medicinasinc.com\/hr\/wp-json\/wp\/v2\/product\/5238","targetHints":{"allow":["GET"]}}],"collection":[{"href":"https:\/\/medicinasinc.com\/hr\/wp-json\/wp\/v2\/product"}],"about":[{"href":"https:\/\/medicinasinc.com\/hr\/wp-json\/wp\/v2\/types\/product"}],"replies":[{"embeddable":true,"href":"https:\/\/medicinasinc.com\/hr\/wp-json\/wp\/v2\/comments?post=5238"}],"wp:featuredmedia":[{"embeddable":true,"href":"https:\/\/medicinasinc.com\/hr\/wp-json\/wp\/v2\/media\/5256"}],"wp:attachment":[{"href":"https:\/\/medicinasinc.com\/hr\/wp-json\/wp\/v2\/media?parent=5238"}],"wp:term":[{"taxonomy":"product_brand","embeddable":true,"href":"https:\/\/medicinasinc.com\/hr\/wp-json\/wp\/v2\/product_brand?post=5238"},{"taxonomy":"product_cat","embeddable":true,"href":"https:\/\/medicinasinc.com\/hr\/wp-json\/wp\/v2\/product_cat?post=5238"},{"taxonomy":"product_tag","embeddable":true,"href":"https:\/\/medicinasinc.com\/hr\/wp-json\/wp\/v2\/product_tag?post=5238"}],"curies":[{"name":"wp","href":"https:\/\/api.w.org\/{rel}","templated":true}]}}