{"id":5237,"date":"2022-02-20T22:24:46","date_gmt":"2022-02-20T22:24:46","guid":{"rendered":"https:\/\/medicinasinc.com\/hr\/?post_type=product&#038;p=5237"},"modified":"2022-03-15T05:45:44","modified_gmt":"2022-03-15T05:45:44","slug":"kupiti-lioresal-baklofen-25mg-pilule","status":"publish","type":"product","link":"https:\/\/medicinasinc.com\/hr\/product\/kupiti-lioresal-baklofen-25mg-pilule\/","title":{"rendered":"Kupite Lioresal Baclofen 25mg tablete"},"content":{"rendered":"<p>Lioresal Baclofen 25mg tablete se mogu kupiti online.<\/p>\n<p>INDIKACIJE<\/p>\n<p>Lioresal (Baclofen) je antispazmodik i mi\u0161i\u0107ni relaksans.<\/p>\n<p>Baclofen se koristi za lije\u010denje. mi\u0161i\u0107ni gr\u010devi, nelagoda i uko\u010denost povezani s multiplom sklerozom.<\/p>\n<p>Baklofen se mo\u017ee koristiti za dodatna stanja koja nisu uklju\u010dena u ovaj vodi\u010d za lijekove.<\/p>\n<p>UPUTE<\/p>\n<p>Uzmite to\u010dno to\u010dno. prema uputama va\u0161eg lije\u010dnika. Ne konzumirajte vi\u0161e ili manje od preporu\u010dene koli\u010dine ili dulje od preporu\u010dene. Pridr\u017eavajte se uputa navedenih na naljepnici va\u0161eg lijeka.<\/p>\n<p>Va\u0161 lije\u010dnik mo\u017ee povremeno prilagoditi va\u0161u dozu kako bi osigurao najbolje mogu\u0107e rezultate.<br \/> Posavjetujte se sa svojim lije\u010dnikom ako va\u0161e mi\u0161i\u0107ne tegobe potraju nakon dva tjedna nakon lije\u010denje ovim lijekom. Nemojte prekidati primjenu ovog lijeka bez prethodnog savjetovanja s lije\u010dnikom. Kada prestanete uzimati baklofen nakon duljeg razdoblja primjene, mo\u017eete imati simptome ustezanja kao \u0161to su napadaji ili halucinacije. Mo\u017eda \u0107ete morati koristiti lijek sve manje i manje dok ga potpuno ne prekinete.<\/p>\n<p>DOZIRANJE<\/p>\n<p>Uzmite lijek to\u010dno onako kako vam je propisao lije\u010dnik.<\/p>\n<p>Odrasli pacijenti. sa spasti\u010dno\u0161\u0107u kralje\u017eni\u010dne mo\u017edine: Nakon prva 24 sata, dnevnu dozu za odrasle pacijente treba postupno pove\u0107avati za 10-30% i to samo jednom svaka 24 sata, dok se ne postigne \u017eeljeni terapijski u\u010dinak.<\/p>\n<p>Odrasli. kod cerebralne spasti\u010dnosti: Nakon prva 24 sata, dnevnu dozu treba postupno pove\u0107avati za 5-15% svaka 24 sata, sve dok se ne postigne \u017eeljeni terapijski u\u010dinak.<\/p>\n<p>Nakon prva 24 sata, dnevna doza se pove\u0107ava. treba postupno pove\u0107avati za 5-15 posto svaka 24 sata, dok se ne postigne \u017eeljeni terapijski u\u010dinak. Ako pove\u0107anje dnevne doze ne proizvede zna\u010dajan klini\u010dki odgovor, provjerite dobru funkciju pumpe i prohodnost katetera. Tijekom faze probira i razdoblja titracije doze neposredno nakon implantacije, pacijenti se moraju redovito nadzirati u dobro opremljenom okru\u017eenju s osobljem. Oprema za reanimaciju trebala bi biti dostupna u slu\u010daju potencijalno smrtonosnih ili neprihvatljivih \u0161tetnih u\u010dinaka.<\/p>\n<p>\u010cUVANJE<\/p>\n<p>Hla\u0111enje nije potrebno.<\/p>\n<p>\u010cuvajte ispod 86\u00b0F (Skladi\u0161titi na temperaturi ispod 86\u00b0F (86\u00b0F). 30\u00b0C).<\/p>\n<p>Izbjegavajte smrzavanje.<\/p>\n<p>Izbjegavajte toplinsku sterilizaciju.<\/p>\n<p>DODATNE INFORMACIJE:<\/p>\n<p>Baklofen je aktivna komponenta.<\/p>\n<p>Lioresal je analgetik. Zna\u010dajno smanjuje u\u010destalost i intenzitet mi\u0161i\u0107nih gr\u010deva uzrokovanih neurolo\u0161kim bolestima kao \u0161to je multipla skleroza.<\/p>\n<p>VA\u017dNE SIGURNOSNE INFORMACIJE<\/p>\n<p>Ako ste alergi\u010dni na baklofen, trebali biste ga izbjegavati.<\/p>\n<p>Obavijestite svog lije\u010dnika ako imate bilo koje od sljede\u0107ih dodatnih stanja kako biste bili sigurni da mo\u017eete sigurno uzimati baklofen:<\/p>\n<p>bolest bubrega<\/p>\n<p>bolest napadaja kao \u0161to je epilepsija; ili<\/p>\n<p>osobna ili obiteljska povijest mo\u017edanog udara ili krvnih ugru\u0161aka.<\/p>\n<p>Primjena baklofena mo\u017ee pove\u0107ati rizik od razvoja ciste na jajnicima. Posavjetujte se sa svojim lije\u010dnikom o va\u0161em specifi\u010dnom riziku. FDA klasifikacija trudno\u0107e C. Nije poznato je li baklofen toksi\u010dan za nero\u0111eno dijete. Obavijestite svog lije\u010dnika ako ste trudni ili \u017eelite zatrudnjeti dok uzimate ovaj lijek. Nije poznato dolazi li baklofen u maj\u010dino mlijeko ili je \u0161tetan za dojen\u010dad. Prilikom uzimanja baklofena potrebno je izbjegavati dojenje. Nikada nemojte davati ovaj lijek djeci mla\u0111oj od 12 godina. Starije osobe mogu biti osjetljivije na u\u010dinke ovog lijeka.<\/p>\n<p>Klju\u010dne informacije o sigurnosti<\/p>\n<p>Ovaj lijek mo\u017ee utjecati na va\u0161e razmi\u0161ljanje i reakcije. Budite oprezni ako vozite ili radite bilo \u0161to drugo \u0161to zahtijeva budnost. Konzumacija alkohola mo\u017ee pogor\u0161ati odre\u0111ene \u0161tetne u\u010dinke baklofena. Izbjegavajte kori\u0161tenje baklofena u vrijeme kada je mi\u0161i\u0107ni tonus potreban za pravilnu ravnote\u017eu i pokretljivost tijekom odre\u0111enih aktivnosti. U nekim okolnostima, stanje niskog mi\u0161i\u0107nog tonusa mo\u017ee ugroziti va\u0161u fizi\u010dku sigurnost.<\/p>\n<div class=\"product-next-previous\">\n<div class=\"product-prev\">\n<p><strong>NUSPOJAVE<\/strong><\/p>\n<p>Potra\u017eite hitnu medicinsku pomo\u0107 ako imate bilo koji od ovih znakova alergijske reakcije: koprivnja\u010da; ote\u017eano disanje; oticanje lica, usana, jezika ili grla. Odmah nazovite svog lije\u010dnika ako imate ozbiljne nuspojave kao \u0161to su:<\/p>\n<p>napad (konvulzije);<\/p>\n<p>konfuzija, halucinacije; ili<\/p>\n<p>neujedna\u010den rad srca.<\/p>\n<p>Manje ozbiljne nuspojave mogu uklju\u010divati:<\/p>\n<p>pospanost, vrtoglavicu, slabost, osje\u0107aj umora;<\/p>\n<p>glavobolju ;<\/p>\n<p>problemi sa spavanjem (nesanica);<\/p>\n<p>mu\u010dnina, zatvor; ili<\/p>\n<p>mokrenje \u010de\u0161\u0107e nego ina\u010de.<\/p>\n<p>Ovo nije potpuni popis nuspojava i mogu se pojaviti druge.<\/p>\n<p>Nazovite svog lije\u010dnika za lije\u010dni\u010dki savjet o nuspojavama. efekti.<\/p>\n<\/p><\/div><\/div>\n<div class=\"product-next-previous\">\n<div class=\"product-prev\"><\/div><\/div>\n","protected":false},"excerpt":{"rendered":"<p>Kupite Lioresal Baclofen 25mg tablete za prodaju u Europi i Ujedinjenom Kraljevstvu online. Baclofen trodimenzionalna formula Lioresal tablete treba progutati cijele, s hranom. Po\u010detna doza je 5 mg tri puta dnevno.<\/p>\n<p>Lioresal 25 mg tableta (10 tab) mo\u017ee se kupiti online. BACLOFEN 25MG je generi\u010dki naziv. Lioresal\u00a0&#8230; Baclofen 25 mg sadr\u017ean je u svakoj neoblo\u017eenoj tableti Lioresal od 25 mg.<\/p>\n<p>Upotreba baklofena u tabletama baklofena u Velikoj Britaniji koje su to&#8230; medicamento lioresal 25 mg baklofen lioresal 10 mg tableta<\/p>\n<p>10 mg baklofena tableta<\/p>\n","protected":false},"featured_media":5254,"comment_status":"open","ping_status":"closed","template":"","meta":[],"product_brand":[],"product_cat":[1117],"product_tag":[1444,1445,1446,1447,1452,1453,1454,1455,1440,1441,1442,1443,1448,1449,1451,1456,1467,1450,1457,1458,1460,1461,1462,1463,1464,1465,1466,1439,1468,1459,1469],"class_list":{"0":"post-5237","1":"product","2":"type-product","3":"status-publish","4":"has-post-thumbnail","6":"product_cat-kupite-tablete-za-bol-spavanje-seks","7":"product_tag-baclofen-lioresal-stimulant","8":"product_tag-baclofen-lioresal-side-effects","9":"product_tag-baclofen-10-mg-generic-for-lioresal-do-you-need-to-eat-before","10":"product_tag-baclofen-gablofen-lioresal","11":"product_tag-baclofen-lioresal-tizanidine-zanaflex","12":"product_tag-baclofen-lioresal-why-am-i-so-tired","13":"product_tag-baclofen-vs-lioresal","14":"product_tag-baclofen","15":"product_tag-baklofen-lioresal","16":"product_tag-baklofen-lioresal-20mg","17":"product_tag-baklofen-lioresal-1-do-2-mjeseca","18":"product_tag-baklofen-lioresal-10-mg-oralno-ta","19":"product_tag-baklofen-lioresal-10-mg","20":"product_tag-baklofen-lioresal-kupi-meksiko","21":"product_tag-baklofen-lioresal-oralno-intratekalno","22":"product_tag-dantrolen-dantrij","23":"product_tag-doza-lioresal","24":"product_tag-baklofen-lioresal-klasa-lijekova","25":"product_tag-lioresal-10-mg-baklofen","26":"product_tag-lioresal-10-mg-doza","27":"product_tag-lioresal-10-mg-tablete-upotrebe","28":"product_tag-lioresal-25-mg-baklofen","29":"product_tag-lioresal-25-side-effects","30":"product_tag-lioresal-baklofen","31":"product_tag-lioresal-baklofen-10-mg","32":"product_tag-lioresal-baklofen-25-mg","33":"product_tag-lioresal-baklofen-prospekt","34":"product_tag-neoznaena-uporaba-za-baklofen-lioresal-je-za-lijeenje","35":"product_tag-lioresal-nuspojave","36":"product_tag-lioresal-10-mg-nuspojave","37":"product_tag-tizanidin","39":"first","40":"instock","41":"shipping-taxable","42":"purchasable","43":"product-type-variable","44":"has-default-attributes"},"yoast_head":"<!-- This site is optimized with the Yoast SEO plugin v27.3 - https:\/\/yoast.com\/product\/yoast-seo-wordpress\/ -->\n<title>Kupite tablete Lioresal Baclofen 25mg - Best Global Meds<\/title>\n<meta name=\"description\" content=\"Kupite Lioresal Baclofen 25mg tablete za prodaju Europa, UK online. Baclofen 3d formula Lioresal tablete treba uzimati na usta, s hranom. Po\u010detna doza je 5 mg 3 puta dnevno.\" \/>\n<meta name=\"robots\" content=\"index, follow, max-snippet:-1, max-image-preview:large, max-video-preview:-1\" \/>\n<link rel=\"canonical\" href=\"https:\/\/medicinasinc.com\/hr\/product\/kupiti-lioresal-baklofen-25mg-pilule\/\" \/>\n<meta property=\"og:locale\" content=\"hr_HR\" \/>\n<meta property=\"og:type\" content=\"article\" \/>\n<meta property=\"og:title\" content=\"Kupite tablete Lioresal Baclofen 25mg - Best Global Meds\" \/>\n<meta property=\"og:description\" content=\"Kupite Lioresal Baclofen 25mg tablete za prodaju Europa, UK online. Baclofen 3d formula Lioresal tablete treba uzimati na usta, s hranom. Po\u010detna doza je 5 mg 3 puta dnevno.\" \/>\n<meta property=\"og:url\" content=\"https:\/\/medicinasinc.com\/hr\/product\/kupiti-lioresal-baklofen-25mg-pilule\/\" \/>\n<meta property=\"og:site_name\" content=\"Medicinas Inc\" \/>\n<meta property=\"article:modified_time\" content=\"2022-03-15T05:45:44+00:00\" \/>\n<meta property=\"og:image\" content=\"https:\/\/medicinasinc.com\/hr\/wp-content\/uploads\/sites\/3\/2022\/02\/Buy-Lioresal-Baclofen-25mg.jpg\" \/>\n\t<meta property=\"og:image:width\" content=\"1280\" \/>\n\t<meta property=\"og:image:height\" content=\"720\" \/>\n\t<meta property=\"og:image:type\" content=\"image\/jpeg\" \/>\n<meta name=\"twitter:card\" content=\"summary_large_image\" \/>\n<meta name=\"twitter:label1\" content=\"Procijenjeno vrijeme \u010ditanja\" \/>\n\t<meta name=\"twitter:data1\" content=\"3 minute\" \/>\n<script type=\"application\/ld+json\" class=\"yoast-schema-graph\">{\"@context\":\"https:\\\/\\\/schema.org\",\"@graph\":[{\"@type\":\"WebPage\",\"@id\":\"https:\\\/\\\/medicinasinc.com\\\/hr\\\/product\\\/kupiti-lioresal-baklofen-25mg-pilule\\\/\",\"url\":\"https:\\\/\\\/medicinasinc.com\\\/hr\\\/product\\\/kupiti-lioresal-baklofen-25mg-pilule\\\/\",\"name\":\"Kupite tablete Lioresal Baclofen 25mg - Best Global Meds\",\"isPartOf\":{\"@id\":\"https:\\\/\\\/medicinasinc.com\\\/hr\\\/#website\"},\"primaryImageOfPage\":{\"@id\":\"https:\\\/\\\/medicinasinc.com\\\/hr\\\/product\\\/kupiti-lioresal-baklofen-25mg-pilule\\\/#primaryimage\"},\"image\":{\"@id\":\"https:\\\/\\\/medicinasinc.com\\\/hr\\\/product\\\/kupiti-lioresal-baklofen-25mg-pilule\\\/#primaryimage\"},\"thumbnailUrl\":\"https:\\\/\\\/medicinasinc.com\\\/hr\\\/wp-content\\\/uploads\\\/sites\\\/3\\\/2022\\\/02\\\/Buy-Lioresal-Baclofen-25mg.jpg\",\"datePublished\":\"2022-02-20T22:24:46+00:00\",\"dateModified\":\"2022-03-15T05:45:44+00:00\",\"description\":\"Kupite Lioresal Baclofen 25mg tablete za prodaju Europa, UK online. Baclofen 3d formula Lioresal tablete treba uzimati na usta, s hranom. Po\u010detna doza je 5 mg 3 puta dnevno.\",\"breadcrumb\":{\"@id\":\"https:\\\/\\\/medicinasinc.com\\\/hr\\\/product\\\/kupiti-lioresal-baklofen-25mg-pilule\\\/#breadcrumb\"},\"inLanguage\":\"hr\",\"potentialAction\":[{\"@type\":\"ReadAction\",\"target\":[\"https:\\\/\\\/medicinasinc.com\\\/hr\\\/product\\\/kupiti-lioresal-baklofen-25mg-pilule\\\/\"]}]},{\"@type\":\"ImageObject\",\"inLanguage\":\"hr\",\"@id\":\"https:\\\/\\\/medicinasinc.com\\\/hr\\\/product\\\/kupiti-lioresal-baklofen-25mg-pilule\\\/#primaryimage\",\"url\":\"https:\\\/\\\/medicinasinc.com\\\/hr\\\/wp-content\\\/uploads\\\/sites\\\/3\\\/2022\\\/02\\\/Buy-Lioresal-Baclofen-25mg.jpg\",\"contentUrl\":\"https:\\\/\\\/medicinasinc.com\\\/hr\\\/wp-content\\\/uploads\\\/sites\\\/3\\\/2022\\\/02\\\/Buy-Lioresal-Baclofen-25mg.jpg\",\"width\":1280,\"height\":720},{\"@type\":\"BreadcrumbList\",\"@id\":\"https:\\\/\\\/medicinasinc.com\\\/hr\\\/product\\\/kupiti-lioresal-baklofen-25mg-pilule\\\/#breadcrumb\",\"itemListElement\":[{\"@type\":\"ListItem\",\"position\":1,\"name\":\"Du\u0107an\",\"item\":\"https:\\\/\\\/medicinasinc.com\\\/hr\\\/ducan\\\/\"},{\"@type\":\"ListItem\",\"position\":2,\"name\":\"Kupite Lioresal Baclofen 25mg tablete\"}]},{\"@type\":\"WebSite\",\"@id\":\"https:\\\/\\\/medicinasinc.com\\\/hr\\\/#website\",\"url\":\"https:\\\/\\\/medicinasinc.com\\\/hr\\\/\",\"name\":\"Medicinas Inc\",\"description\":\"Health Medical Clinic\",\"potentialAction\":[{\"@type\":\"SearchAction\",\"target\":{\"@type\":\"EntryPoint\",\"urlTemplate\":\"https:\\\/\\\/medicinasinc.com\\\/hr\\\/?s={search_term_string}\"},\"query-input\":{\"@type\":\"PropertyValueSpecification\",\"valueRequired\":true,\"valueName\":\"search_term_string\"}}],\"inLanguage\":\"hr\"}]}<\/script>\n<!-- \/ Yoast SEO plugin. -->","yoast_head_json":{"title":"Kupite tablete Lioresal Baclofen 25mg - Best Global Meds","description":"Kupite Lioresal Baclofen 25mg tablete za prodaju Europa, UK online. Baclofen 3d formula Lioresal tablete treba uzimati na usta, s hranom. Po\u010detna doza je 5 mg 3 puta dnevno.","robots":{"index":"index","follow":"follow","max-snippet":"max-snippet:-1","max-image-preview":"max-image-preview:large","max-video-preview":"max-video-preview:-1"},"canonical":"https:\/\/medicinasinc.com\/hr\/product\/kupiti-lioresal-baklofen-25mg-pilule\/","og_locale":"hr_HR","og_type":"article","og_title":"Kupite tablete Lioresal Baclofen 25mg - Best Global Meds","og_description":"Kupite Lioresal Baclofen 25mg tablete za prodaju Europa, UK online. Baclofen 3d formula Lioresal tablete treba uzimati na usta, s hranom. Po\u010detna doza je 5 mg 3 puta dnevno.","og_url":"https:\/\/medicinasinc.com\/hr\/product\/kupiti-lioresal-baklofen-25mg-pilule\/","og_site_name":"Medicinas Inc","article_modified_time":"2022-03-15T05:45:44+00:00","og_image":[{"width":1280,"height":720,"url":"https:\/\/medicinasinc.com\/hr\/wp-content\/uploads\/sites\/3\/2022\/02\/Buy-Lioresal-Baclofen-25mg.jpg","type":"image\/jpeg"}],"twitter_card":"summary_large_image","twitter_misc":{"Procijenjeno vrijeme \u010ditanja":"3 minute"},"schema":{"@context":"https:\/\/schema.org","@graph":[{"@type":"WebPage","@id":"https:\/\/medicinasinc.com\/hr\/product\/kupiti-lioresal-baklofen-25mg-pilule\/","url":"https:\/\/medicinasinc.com\/hr\/product\/kupiti-lioresal-baklofen-25mg-pilule\/","name":"Kupite tablete Lioresal Baclofen 25mg - Best Global Meds","isPartOf":{"@id":"https:\/\/medicinasinc.com\/hr\/#website"},"primaryImageOfPage":{"@id":"https:\/\/medicinasinc.com\/hr\/product\/kupiti-lioresal-baklofen-25mg-pilule\/#primaryimage"},"image":{"@id":"https:\/\/medicinasinc.com\/hr\/product\/kupiti-lioresal-baklofen-25mg-pilule\/#primaryimage"},"thumbnailUrl":"https:\/\/medicinasinc.com\/hr\/wp-content\/uploads\/sites\/3\/2022\/02\/Buy-Lioresal-Baclofen-25mg.jpg","datePublished":"2022-02-20T22:24:46+00:00","dateModified":"2022-03-15T05:45:44+00:00","description":"Kupite Lioresal Baclofen 25mg tablete za prodaju Europa, UK online. Baclofen 3d formula Lioresal tablete treba uzimati na usta, s hranom. Po\u010detna doza je 5 mg 3 puta dnevno.","breadcrumb":{"@id":"https:\/\/medicinasinc.com\/hr\/product\/kupiti-lioresal-baklofen-25mg-pilule\/#breadcrumb"},"inLanguage":"hr","potentialAction":[{"@type":"ReadAction","target":["https:\/\/medicinasinc.com\/hr\/product\/kupiti-lioresal-baklofen-25mg-pilule\/"]}]},{"@type":"ImageObject","inLanguage":"hr","@id":"https:\/\/medicinasinc.com\/hr\/product\/kupiti-lioresal-baklofen-25mg-pilule\/#primaryimage","url":"https:\/\/medicinasinc.com\/hr\/wp-content\/uploads\/sites\/3\/2022\/02\/Buy-Lioresal-Baclofen-25mg.jpg","contentUrl":"https:\/\/medicinasinc.com\/hr\/wp-content\/uploads\/sites\/3\/2022\/02\/Buy-Lioresal-Baclofen-25mg.jpg","width":1280,"height":720},{"@type":"BreadcrumbList","@id":"https:\/\/medicinasinc.com\/hr\/product\/kupiti-lioresal-baklofen-25mg-pilule\/#breadcrumb","itemListElement":[{"@type":"ListItem","position":1,"name":"Du\u0107an","item":"https:\/\/medicinasinc.com\/hr\/ducan\/"},{"@type":"ListItem","position":2,"name":"Kupite Lioresal Baclofen 25mg tablete"}]},{"@type":"WebSite","@id":"https:\/\/medicinasinc.com\/hr\/#website","url":"https:\/\/medicinasinc.com\/hr\/","name":"Medicinas Inc","description":"Health Medical Clinic","potentialAction":[{"@type":"SearchAction","target":{"@type":"EntryPoint","urlTemplate":"https:\/\/medicinasinc.com\/hr\/?s={search_term_string}"},"query-input":{"@type":"PropertyValueSpecification","valueRequired":true,"valueName":"search_term_string"}}],"inLanguage":"hr"}]}},"_links":{"self":[{"href":"https:\/\/medicinasinc.com\/hr\/wp-json\/wp\/v2\/product\/5237","targetHints":{"allow":["GET"]}}],"collection":[{"href":"https:\/\/medicinasinc.com\/hr\/wp-json\/wp\/v2\/product"}],"about":[{"href":"https:\/\/medicinasinc.com\/hr\/wp-json\/wp\/v2\/types\/product"}],"replies":[{"embeddable":true,"href":"https:\/\/medicinasinc.com\/hr\/wp-json\/wp\/v2\/comments?post=5237"}],"wp:featuredmedia":[{"embeddable":true,"href":"https:\/\/medicinasinc.com\/hr\/wp-json\/wp\/v2\/media\/5254"}],"wp:attachment":[{"href":"https:\/\/medicinasinc.com\/hr\/wp-json\/wp\/v2\/media?parent=5237"}],"wp:term":[{"taxonomy":"product_brand","embeddable":true,"href":"https:\/\/medicinasinc.com\/hr\/wp-json\/wp\/v2\/product_brand?post=5237"},{"taxonomy":"product_cat","embeddable":true,"href":"https:\/\/medicinasinc.com\/hr\/wp-json\/wp\/v2\/product_cat?post=5237"},{"taxonomy":"product_tag","embeddable":true,"href":"https:\/\/medicinasinc.com\/hr\/wp-json\/wp\/v2\/product_tag?post=5237"}],"curies":[{"name":"wp","href":"https:\/\/api.w.org\/{rel}","templated":true}]}}