{"id":5236,"date":"2022-02-20T22:23:28","date_gmt":"2022-02-20T22:23:28","guid":{"rendered":"https:\/\/medicinasinc.com\/hr\/?post_type=product&#038;p=5236"},"modified":"2022-03-15T05:45:52","modified_gmt":"2022-03-15T05:45:52","slug":"kupiti-leksotanil-bromazepam-3mg-pilule-online","status":"publish","type":"product","link":"https:\/\/medicinasinc.com\/hr\/product\/kupiti-leksotanil-bromazepam-3mg-pilule-online\/","title":{"rendered":"Kupite Lexotanil Bromazepam 3mg tablete online"},"content":{"rendered":"<p>Lexotanil Bromazepam 3mg tablete za online kupnju<br \/> Lexotanil Bromazepam 3mg tablete online | lexotanil bromazepam<br \/> Koja je svrha bromazepam lexotanil 3 mg?<br \/> Bromazepam (marka Lexotan\u00ae) je benzodiazepin. Prvenstveno se koristi za pomo\u0107 u lije\u010denju simptoma anksioznosti. Osim toga, mo\u017ee se koristiti za ubla\u017eavanje simptoma panike i socijalne anksioznosti. Proizvodi se u obliku tableta.<\/p>\n<p>Koja je tipi\u010dna doza bromazepama?<\/p>\n<p>Bromazepam se obi\u010dno propisuje odraslima za anksioznost u dozi od 3-18 mg dnevno, obi\u010dno raspore\u0111enoj po cijelom dan. U starijih osoba dozu treba smanjiti za polovicu, odnosno polovicu doze za odrasle.<\/p>\n<p>Kako i kada treba uzimati Lexotan lexotanil 3 mg?<\/p>\n<p>Gutajte dok sjedite ili stojite dok sjedite ili stojite. tablete s najmanje pola \u010da\u0161e vode. To osigurava da stigne do \u017eeluca i da se ne zaglavi u grlu. Bromazepam je siguran za uzimanje prije, uz ili nakon jela.<\/p>\n<p>Koliko \u0107e trajati bromazepam da djeluje?<br \/> Bromazepam \u010desto po\u010dinje djelovati nakon otprilike sat vremena. U\u010dinak se tada mo\u017ee poja\u010dati tijekom nekoliko dana ili tjedana.<br \/> Koliko dugo moram nastaviti uzimati leksotanil 3 mg?<br \/> To \u0107e varirati ovisno o svrsi za koju ga uzimate. LEXOTANIL, \u010desto se pi\u0161e Lexotan<\/p>\n<p>Mogu li naglo prestati uzimati bromazepam?<\/p>\n<p>Ako uzimate bromazepam na dnevnoj bazi du\u017ee od otprilike 4 do 6 tjedana, mo\u017eete razviti ovisnost o njemu , ali to nije zabrinjavaju\u0107e ako ga uzimate za epilepsiju. Ako ste ga redovito uzimali, mo\u017eda bi bilo pametno postupno smanjivati \u200b\u200bdozu tijekom nekoliko dana ili tjedana. O tome biste trebali detaljno razgovarati sa svojim lije\u010dnikom koji vam je propisao lijek, lije\u010dnikom, medicinskom sestrom ili ljekarnikom. Ako ga uzimate &#8220;po potrebi&#8221; svakih nekoliko dana, trebali biste mo\u0107i prekinuti kada vam vi\u0161e ne bude potreban. 3 lexotanil<\/p>\n<p>\u0160to da radim ako propustim dozu LEXOTANA?<br \/> Uzmite dozu koja nedostaje \u010dim se sjetite, osim ako je manje od 4 sata prije sljede\u0107e doze.<br \/> Ako se sje\u0107ate da ste slijedili ovo, jednostavno uzmite sljede\u0107u dozu kao i obi\u010dno. Nemojte poku\u0161avati nadoknaditi zaostatak uzimaju\u0107i dvije doze u isto vrijeme, jer to mo\u017ee dovesti do poja\u010danih nuspojava.<br \/> Mogu li konzumirati alkohol kad uzimam bromazepam? Kupite BROMAZEPAM LEXOTANIL, tako\u0111er poznat kao Lexotan 3 MG.<br \/> Ako pijete alkohol dok uzimate LEXOTANIL, mo\u017eete osjetiti pove\u0107anu pospanost. Ovo je posebno va\u017eno ako \u0107ete voziti ili upravljati strojevima i trebali biste dobiti savjet o tome.<\/p>\n<p>Koju vrstu nuspojava \u0107u vjerojatno imati ako uzmem bromazepam? Kupite BROMAZEPAM LEXOTANIL, tako\u0111er poznat kao Lexotan 3 MG.<\/p>\n<p>Brojni pojedinci dobivaju: Samo nekoliko ljudi dobiva: Samo nekoliko odabranih ljudi dobiva:<br \/> Vrtoglavicu<br \/> Pospanost<br \/> sljede\u0107i dan mo\u017eete se osje\u0107ati nestabilno na nogama.<br \/> Glavobolja<br \/> Konfuzija<br \/> Nesanica (zaboravljanje stvari)<br \/> Nemojte se uznemiriti sljede\u0107im popisom \u0161tetnih u\u010dinaka. Neki pojedinci uop\u0107e ne do\u017eivljavaju \u0161tetne u\u010dinke, dok drugi mogu osjetiti neke koje ovdje nisu uklju\u010dene. Ako vjerujete da imate nuspojavu od va\u0161eg lijeka, obratite se svom lije\u010dniku, medicinskoj sestri ili ljekarniku.<\/p>\n<p>Je li sigurno voziti ili voziti bicikl dok uzimam LEXOTANIL?<\/p>\n<p> Bromazepam mo\u017ee naru\u0161iti va\u0161u sposobnost vo\u017enje i izazvati blagu vrtoglavicu i vrtoglavicu.<\/p>\n<p>Budite oprezni kada vozite ili rukujete strojevima dok ne saznate kako bromazepam utje\u010de na vas. Trebali biste biti oprezni jer to mo\u017ee uzrokovati usporavanje va\u0161eg vremena reakcije.<\/p>\n","protected":false},"excerpt":{"rendered":"<p>Lexotanil Bromazepam 3mg tablete mogu se kupiti online. Bromazepam (Lexotanil) je \u010dlan benzodiazepinske klase lijekova, koja uklju\u010duje antidepresive, lijekove protiv panike i relaksante mi\u0161i\u0107a.<\/p>\n<p>Bromazepam je kratkodjeluju\u0107i benzodiazepin sa sporim po\u010detkom koji se \u010desto koristi&amp;# 8230; Tableta, 3 mg, oralna, Alti-bromazepam 3 mg tablete, najbolji svjetski lijekovi<\/p>\n<p>Kupite bromazepam online bez recepta | Kupite Lexotan 6mg online bez recepta<\/p>\n<p>Bromazepam (Lexotanil) je benzodiazepin.<\/p>\n","protected":false},"featured_media":5252,"comment_status":"open","ping_status":"closed","template":"","meta":[],"product_brand":[],"product_cat":[1117],"product_tag":[1421,1419,1420,1422,1423,1424,1425,1426,1427,1429,1431,1434,1435,1436,1437,1430,1432,1433,1428,1438],"class_list":{"0":"post-5236","1":"product","2":"type-product","3":"status-publish","4":"has-post-thumbnail","6":"product_cat-kupite-tablete-za-bol-spavanje-seks","7":"product_tag-3mg-klonopin","8":"product_tag-3-mgs","9":"product_tag-3mg","10":"product_tag-bromazepam","11":"product_tag-bromazepam-leksotanil","12":"product_tag-bromazepam-leksotanil-6mg-na-prodaju","13":"product_tag-bromazepam-leksotanil-na-prodaju","14":"product_tag-buy-lexotanil-bromazepam","15":"product_tag-buy-lexotanil-bromazepam-from-canada","16":"product_tag-is-lexapro-a-benzodiazepini","17":"product_tag-leksatin","18":"product_tag-leksotan-3mg","19":"product_tag-leksotanil","20":"product_tag-leksotanil-bromazepam","21":"product_tag-leksotanil-bromazepam-3mg","22":"product_tag-leksapro-generiki-naziv","23":"product_tag-lexomil","24":"product_tag-lexotan","25":"product_tag-mo-c5-beete-li-se-overdozi-lekaprom","26":"product_tag-tablete-pilule-droge","28":"first","29":"instock","30":"shipping-taxable","31":"purchasable","32":"product-type-variable","33":"has-default-attributes"},"yoast_head":"<!-- This site is optimized with the Yoast SEO plugin v27.3 - https:\/\/yoast.com\/product\/yoast-seo-wordpress\/ -->\n<title>Kupite Lexotanil Bromazepam 3mg tablete online - Najbolji najbolji svjetski lijekovi<\/title>\n<meta name=\"description\" content=\"Kupite Lexotanil Bromazepam 3mg tablete za prodaju na mre\u017ei uk, europa. Bromazepam (Lexotanil) je u skupini lijekova poznatih kao benzodiazepini, klasa antidepresiva, sredstava protiv panike i mi\u0161i\u0107nih relaksansa.\" \/>\n<meta name=\"robots\" content=\"index, follow, max-snippet:-1, max-image-preview:large, max-video-preview:-1\" \/>\n<link rel=\"canonical\" href=\"https:\/\/medicinasinc.com\/hr\/product\/kupiti-leksotanil-bromazepam-3mg-pilule-online\/\" \/>\n<meta property=\"og:locale\" content=\"hr_HR\" \/>\n<meta property=\"og:type\" content=\"article\" \/>\n<meta property=\"og:title\" content=\"Kupite Lexotanil Bromazepam 3mg tablete online - Najbolji najbolji svjetski lijekovi\" \/>\n<meta property=\"og:description\" content=\"Kupite Lexotanil Bromazepam 3mg tablete za prodaju na mre\u017ei uk, europa. Bromazepam (Lexotanil) je u skupini lijekova poznatih kao benzodiazepini, klasa antidepresiva, sredstava protiv panike i mi\u0161i\u0107nih relaksansa.\" \/>\n<meta property=\"og:url\" content=\"https:\/\/medicinasinc.com\/hr\/product\/kupiti-leksotanil-bromazepam-3mg-pilule-online\/\" \/>\n<meta property=\"og:site_name\" content=\"Medicinas Inc\" \/>\n<meta property=\"article:modified_time\" content=\"2022-03-15T05:45:52+00:00\" \/>\n<meta property=\"og:image\" content=\"https:\/\/medicinasinc.com\/hr\/wp-content\/uploads\/sites\/3\/2022\/02\/Buy-Lexotan-Bromazepam-3mg.jpg\" \/>\n\t<meta property=\"og:image:width\" content=\"600\" \/>\n\t<meta property=\"og:image:height\" content=\"600\" \/>\n\t<meta property=\"og:image:type\" content=\"image\/jpeg\" \/>\n<meta name=\"twitter:card\" content=\"summary_large_image\" \/>\n<meta name=\"twitter:label1\" content=\"Procijenjeno vrijeme \u010ditanja\" \/>\n\t<meta name=\"twitter:data1\" content=\"3 minute\" \/>\n<script type=\"application\/ld+json\" class=\"yoast-schema-graph\">{\"@context\":\"https:\\\/\\\/schema.org\",\"@graph\":[{\"@type\":\"WebPage\",\"@id\":\"https:\\\/\\\/medicinasinc.com\\\/hr\\\/product\\\/kupiti-leksotanil-bromazepam-3mg-pilule-online\\\/\",\"url\":\"https:\\\/\\\/medicinasinc.com\\\/hr\\\/product\\\/kupiti-leksotanil-bromazepam-3mg-pilule-online\\\/\",\"name\":\"Kupite Lexotanil Bromazepam 3mg tablete online - Najbolji najbolji svjetski lijekovi\",\"isPartOf\":{\"@id\":\"https:\\\/\\\/medicinasinc.com\\\/hr\\\/#website\"},\"primaryImageOfPage\":{\"@id\":\"https:\\\/\\\/medicinasinc.com\\\/hr\\\/product\\\/kupiti-leksotanil-bromazepam-3mg-pilule-online\\\/#primaryimage\"},\"image\":{\"@id\":\"https:\\\/\\\/medicinasinc.com\\\/hr\\\/product\\\/kupiti-leksotanil-bromazepam-3mg-pilule-online\\\/#primaryimage\"},\"thumbnailUrl\":\"https:\\\/\\\/medicinasinc.com\\\/hr\\\/wp-content\\\/uploads\\\/sites\\\/3\\\/2022\\\/02\\\/Buy-Lexotan-Bromazepam-3mg.jpg\",\"datePublished\":\"2022-02-20T22:23:28+00:00\",\"dateModified\":\"2022-03-15T05:45:52+00:00\",\"description\":\"Kupite Lexotanil Bromazepam 3mg tablete za prodaju na mre\u017ei uk, europa. Bromazepam (Lexotanil) je u skupini lijekova poznatih kao benzodiazepini, klasa antidepresiva, sredstava protiv panike i mi\u0161i\u0107nih relaksansa.\",\"breadcrumb\":{\"@id\":\"https:\\\/\\\/medicinasinc.com\\\/hr\\\/product\\\/kupiti-leksotanil-bromazepam-3mg-pilule-online\\\/#breadcrumb\"},\"inLanguage\":\"hr\",\"potentialAction\":[{\"@type\":\"ReadAction\",\"target\":[\"https:\\\/\\\/medicinasinc.com\\\/hr\\\/product\\\/kupiti-leksotanil-bromazepam-3mg-pilule-online\\\/\"]}]},{\"@type\":\"ImageObject\",\"inLanguage\":\"hr\",\"@id\":\"https:\\\/\\\/medicinasinc.com\\\/hr\\\/product\\\/kupiti-leksotanil-bromazepam-3mg-pilule-online\\\/#primaryimage\",\"url\":\"https:\\\/\\\/medicinasinc.com\\\/hr\\\/wp-content\\\/uploads\\\/sites\\\/3\\\/2022\\\/02\\\/Buy-Lexotan-Bromazepam-3mg.jpg\",\"contentUrl\":\"https:\\\/\\\/medicinasinc.com\\\/hr\\\/wp-content\\\/uploads\\\/sites\\\/3\\\/2022\\\/02\\\/Buy-Lexotan-Bromazepam-3mg.jpg\",\"width\":600,\"height\":600},{\"@type\":\"BreadcrumbList\",\"@id\":\"https:\\\/\\\/medicinasinc.com\\\/hr\\\/product\\\/kupiti-leksotanil-bromazepam-3mg-pilule-online\\\/#breadcrumb\",\"itemListElement\":[{\"@type\":\"ListItem\",\"position\":1,\"name\":\"Du\u0107an\",\"item\":\"https:\\\/\\\/medicinasinc.com\\\/hr\\\/ducan\\\/\"},{\"@type\":\"ListItem\",\"position\":2,\"name\":\"Kupite Lexotanil Bromazepam 3mg tablete online\"}]},{\"@type\":\"WebSite\",\"@id\":\"https:\\\/\\\/medicinasinc.com\\\/hr\\\/#website\",\"url\":\"https:\\\/\\\/medicinasinc.com\\\/hr\\\/\",\"name\":\"Medicinas Inc\",\"description\":\"Health Medical Clinic\",\"potentialAction\":[{\"@type\":\"SearchAction\",\"target\":{\"@type\":\"EntryPoint\",\"urlTemplate\":\"https:\\\/\\\/medicinasinc.com\\\/hr\\\/?s={search_term_string}\"},\"query-input\":{\"@type\":\"PropertyValueSpecification\",\"valueRequired\":true,\"valueName\":\"search_term_string\"}}],\"inLanguage\":\"hr\"}]}<\/script>\n<!-- \/ Yoast SEO plugin. -->","yoast_head_json":{"title":"Kupite Lexotanil Bromazepam 3mg tablete online - Najbolji najbolji svjetski lijekovi","description":"Kupite Lexotanil Bromazepam 3mg tablete za prodaju na mre\u017ei uk, europa. Bromazepam (Lexotanil) je u skupini lijekova poznatih kao benzodiazepini, klasa antidepresiva, sredstava protiv panike i mi\u0161i\u0107nih relaksansa.","robots":{"index":"index","follow":"follow","max-snippet":"max-snippet:-1","max-image-preview":"max-image-preview:large","max-video-preview":"max-video-preview:-1"},"canonical":"https:\/\/medicinasinc.com\/hr\/product\/kupiti-leksotanil-bromazepam-3mg-pilule-online\/","og_locale":"hr_HR","og_type":"article","og_title":"Kupite Lexotanil Bromazepam 3mg tablete online - Najbolji najbolji svjetski lijekovi","og_description":"Kupite Lexotanil Bromazepam 3mg tablete za prodaju na mre\u017ei uk, europa. Bromazepam (Lexotanil) je u skupini lijekova poznatih kao benzodiazepini, klasa antidepresiva, sredstava protiv panike i mi\u0161i\u0107nih relaksansa.","og_url":"https:\/\/medicinasinc.com\/hr\/product\/kupiti-leksotanil-bromazepam-3mg-pilule-online\/","og_site_name":"Medicinas Inc","article_modified_time":"2022-03-15T05:45:52+00:00","og_image":[{"width":600,"height":600,"url":"https:\/\/medicinasinc.com\/hr\/wp-content\/uploads\/sites\/3\/2022\/02\/Buy-Lexotan-Bromazepam-3mg.jpg","type":"image\/jpeg"}],"twitter_card":"summary_large_image","twitter_misc":{"Procijenjeno vrijeme \u010ditanja":"3 minute"},"schema":{"@context":"https:\/\/schema.org","@graph":[{"@type":"WebPage","@id":"https:\/\/medicinasinc.com\/hr\/product\/kupiti-leksotanil-bromazepam-3mg-pilule-online\/","url":"https:\/\/medicinasinc.com\/hr\/product\/kupiti-leksotanil-bromazepam-3mg-pilule-online\/","name":"Kupite Lexotanil Bromazepam 3mg tablete online - Najbolji najbolji svjetski lijekovi","isPartOf":{"@id":"https:\/\/medicinasinc.com\/hr\/#website"},"primaryImageOfPage":{"@id":"https:\/\/medicinasinc.com\/hr\/product\/kupiti-leksotanil-bromazepam-3mg-pilule-online\/#primaryimage"},"image":{"@id":"https:\/\/medicinasinc.com\/hr\/product\/kupiti-leksotanil-bromazepam-3mg-pilule-online\/#primaryimage"},"thumbnailUrl":"https:\/\/medicinasinc.com\/hr\/wp-content\/uploads\/sites\/3\/2022\/02\/Buy-Lexotan-Bromazepam-3mg.jpg","datePublished":"2022-02-20T22:23:28+00:00","dateModified":"2022-03-15T05:45:52+00:00","description":"Kupite Lexotanil Bromazepam 3mg tablete za prodaju na mre\u017ei uk, europa. Bromazepam (Lexotanil) je u skupini lijekova poznatih kao benzodiazepini, klasa antidepresiva, sredstava protiv panike i mi\u0161i\u0107nih relaksansa.","breadcrumb":{"@id":"https:\/\/medicinasinc.com\/hr\/product\/kupiti-leksotanil-bromazepam-3mg-pilule-online\/#breadcrumb"},"inLanguage":"hr","potentialAction":[{"@type":"ReadAction","target":["https:\/\/medicinasinc.com\/hr\/product\/kupiti-leksotanil-bromazepam-3mg-pilule-online\/"]}]},{"@type":"ImageObject","inLanguage":"hr","@id":"https:\/\/medicinasinc.com\/hr\/product\/kupiti-leksotanil-bromazepam-3mg-pilule-online\/#primaryimage","url":"https:\/\/medicinasinc.com\/hr\/wp-content\/uploads\/sites\/3\/2022\/02\/Buy-Lexotan-Bromazepam-3mg.jpg","contentUrl":"https:\/\/medicinasinc.com\/hr\/wp-content\/uploads\/sites\/3\/2022\/02\/Buy-Lexotan-Bromazepam-3mg.jpg","width":600,"height":600},{"@type":"BreadcrumbList","@id":"https:\/\/medicinasinc.com\/hr\/product\/kupiti-leksotanil-bromazepam-3mg-pilule-online\/#breadcrumb","itemListElement":[{"@type":"ListItem","position":1,"name":"Du\u0107an","item":"https:\/\/medicinasinc.com\/hr\/ducan\/"},{"@type":"ListItem","position":2,"name":"Kupite Lexotanil Bromazepam 3mg tablete online"}]},{"@type":"WebSite","@id":"https:\/\/medicinasinc.com\/hr\/#website","url":"https:\/\/medicinasinc.com\/hr\/","name":"Medicinas Inc","description":"Health Medical Clinic","potentialAction":[{"@type":"SearchAction","target":{"@type":"EntryPoint","urlTemplate":"https:\/\/medicinasinc.com\/hr\/?s={search_term_string}"},"query-input":{"@type":"PropertyValueSpecification","valueRequired":true,"valueName":"search_term_string"}}],"inLanguage":"hr"}]}},"_links":{"self":[{"href":"https:\/\/medicinasinc.com\/hr\/wp-json\/wp\/v2\/product\/5236","targetHints":{"allow":["GET"]}}],"collection":[{"href":"https:\/\/medicinasinc.com\/hr\/wp-json\/wp\/v2\/product"}],"about":[{"href":"https:\/\/medicinasinc.com\/hr\/wp-json\/wp\/v2\/types\/product"}],"replies":[{"embeddable":true,"href":"https:\/\/medicinasinc.com\/hr\/wp-json\/wp\/v2\/comments?post=5236"}],"wp:featuredmedia":[{"embeddable":true,"href":"https:\/\/medicinasinc.com\/hr\/wp-json\/wp\/v2\/media\/5252"}],"wp:attachment":[{"href":"https:\/\/medicinasinc.com\/hr\/wp-json\/wp\/v2\/media?parent=5236"}],"wp:term":[{"taxonomy":"product_brand","embeddable":true,"href":"https:\/\/medicinasinc.com\/hr\/wp-json\/wp\/v2\/product_brand?post=5236"},{"taxonomy":"product_cat","embeddable":true,"href":"https:\/\/medicinasinc.com\/hr\/wp-json\/wp\/v2\/product_cat?post=5236"},{"taxonomy":"product_tag","embeddable":true,"href":"https:\/\/medicinasinc.com\/hr\/wp-json\/wp\/v2\/product_tag?post=5236"}],"curies":[{"name":"wp","href":"https:\/\/api.w.org\/{rel}","templated":true}]}}