{"id":5209,"date":"2022-02-20T21:59:55","date_gmt":"2022-02-20T21:59:55","guid":{"rendered":"https:\/\/medicinasinc.com\/hr\/?post_type=product&#038;p=5209"},"modified":"2022-03-15T05:46:02","modified_gmt":"2022-03-15T05:46:02","slug":"kupiti-klonopin-2-mg","status":"publish","type":"product","link":"https:\/\/medicinasinc.com\/hr\/product\/kupiti-klonopin-2-mg\/","title":{"rendered":"Kupite Klonopin 2 mg"},"content":{"rendered":"<p>Online mo\u017eete kupiti Klonopin 2 mg tablete za prodaju po niskoj cijeni.<\/p>\n<p>Klonopin je pravi eliksir koji \u0107e vam pomo\u0107i da se nosite sa svojim problemima. Tako\u0111er \u0107e se osje\u0107ati bolje.<\/p>\n<p>Klonopin je benzodiazepinski sedativ i antikonvulziv, a mo\u017ee pomo\u0107i ljudima da se opuste i prestanu imati napadaje. Uglavnom se koristi za lije\u010denje anksioznih poreme\u0107aja, poput pani\u010dnog poreme\u0107aja.<\/p>\n<p>Pogledajte sada bli\u017ee Klonopin.<\/p>\n<p>Klonopin je jedini benzodiazepin koji je FDA odobrila za lije\u010denje pani\u010dnog poreme\u0107aja. . Mnogi ljudi koriste Klonopin za lije\u010denje anksioznosti, uznemirenosti, akutne manije (u kombinaciji s drugim lijekovima) i za brzo zaustavljanje napadaja. Upotreba: Koristi se kao dugotrajni antikonvulzivni lijek, poput pilule za spavanje, za lije\u010denje boli u \u017eivcima.<\/p>\n<p>Mogu biti mirni, mo\u017eda optere\u0107eni i pomalo umorni nakon uzimanja Klonopina. Nuspojave se razlikuju od osobe do osobe i temelje se na koli\u010dini koju uzimate. U ve\u0107ini slu\u010dajeva, Klonopin se daje dva puta dnevno, oko 0,25 mg do 2 mg. Osobe s epilepsijom mogu uzimati do 20 mg dnevno.<\/p>\n<p>Ovako djeluje Klonopin: utje\u010de na neurotransmiter GABA, koji je protuotrov. Budu\u0107i da Klonopin radi toliko mnogo stvari odjednom, usporava mozak smanjuju\u0107i sposobnost \u017eivaca da \u0161alju impulse. Kao rezultat manje aktivnosti, ljudi postaju manje tjeskobni, a smanjuje se i mogu\u0107nost napadaja.<\/p>\n<p>U medicini se Klonopin koristi za lije\u010denje napadaja i napadaja panike. Tako\u0111er se mo\u017ee koristiti kao hipnotik za lije\u010denje anksioznih poreme\u0107aja, pani\u010dnog poreme\u0107aja i boli. Uzimanje benzodiazepina pomo\u0107i \u0107e zaustaviti napadaj i vratiti aktivnost mozga u normalu. To tako\u0111er mo\u017ee pomo\u0107i kod boli, posebno neuropatske boli, jer ote\u017eava neuronima slanje signala boli, \u0161to ih \u010dini manje osjetljivima.<\/p>\n<p>Stvari o kojima treba razgovarati s lije\u010dnikom prije nego uzmete Klonopin<\/p>\n<p>Trebali biste re\u0107i svom lije\u010dniku ako:<\/p>\n<p>barem jedno od ovih stanja:<\/p>\n<p>\u2022 problemi s jetrom<\/p>\n<p>\u2022 zlouporaba alkohola ili droga, bilo sada\u0161nje ili u pro\u0161losti;<\/p>\n<p>Ljudi koji imaju astmu, bronhitis, emfizem ili druge respiratorne bolesti;<\/p>\n<p>\u2022 tuga ili misli o samoubojstvu.<\/p>\n<p>A. mnogi ljudi koji imaju gore navedene bolesti ne mogu uzimati Klonopin ili \u0107e morati uzeti ni\u017eu dozu lijeka i provjeriti kod svog lije\u010dnika.<\/p>\n<p>Ako ste stariji od 60 godina, \u0161anse za to su ve\u0107e \u0161anse za to. nuspojave od lijeka su vrlo visoke. Zbog toga svoju dozu Klonopina treba mijenjati na temelju va\u0161eg zdravlja.<\/p>\n<p>Upotreba:<\/p>\n<p>Klonopin se smije uzimati samo na na\u010din koji vam je rekao lije\u010dnik. Obratite se svom lije\u010dniku ili ljekarniku za savjet kako ga koristiti. Kada uzmete pilulu, trebali biste popiti cijelu. Nemojte uzimati vi\u0161e nego \u0161to vam je rekao lije\u010dnik. Prije nego \u0161to zavr\u0161ite s uzimanjem lijeka, razgovarajte sa svojim lije\u010dnikom.<\/p>\n<p>Pogledajte \u0161to se doga\u0111a kada uzmete previ\u0161e lijeka.<\/p>\n<p>U slu\u010daju predoziranja, odmah nazovite lije\u010dnika. daleko.<\/p>\n<p>Znakovi predoziranja:<\/p>\n<p>pospanost, vrtoglavica, zbunjenost, usporen rad srca, simptomi sli\u010dni alkoholu i gubitak svijesti znakovi su alkoholizma.<\/p>\n<p>Ako netko uzme previ\u0161e lijeka, obavi se ispiranje \u017eeluca i lije\u010denje nuspojava.<\/p>\n<p>Budite oprezni kada vozite, koristite strojeve ili obavljate druge poslove koji bi mogli biti opasni.<\/p>\n<p> p&gt; <\/p>\n<p>U slu\u010daju pospanosti ili vrtoglavice, ne biste trebali \u010diniti takve stvari.<\/p>\n<p>Alkohol se ne smije mije\u0161ati s Klonopin. Alkohol pove\u0107ava vjerojatnost da \u0107e Klonopin uzrokovati ozbiljne nuspojave. Kao rezultat toga, ve\u0107a je vjerojatnost i za pojavu napadaja.<\/p>\n<p>\u0160to Klonopin ima?<\/p>\n<p>alergija: ote\u017eano disanje, oticanje usana, lica, jezika ili osip <\/p>\n<p>Tako\u0111er postoji mogu\u0107nost da \u0107e se pojaviti i druge, manje ozbiljne nuspojave.<\/p>\n<p>Nastavite uzimati lijek i obavijestite svog lije\u010dnika ako imate:<\/p>\n<p>Pospanost ; vrtoglavica ili neugodan pokret; depresija; vrtoglavica, mu\u010dnina, proljev ili zatvor; pote\u0161ko\u0107e s mokrenjem, no\u0107ne more, glavobolje, suha usta, pad seksualne \u017eelje i promjene u pona\u0161anju znakovi su depresije.<\/p>\n<p>Doziranje i na\u010din na koji se to radi<\/p>\n<p>Terapija Klonopinom po\u010dinje s malim dozama i postupno ih pove\u0107ava kako bi se postigli najbolji rezultati. Budu\u0107i da svaka osoba ima druga\u010dije stanje i tjelesnu reakciju na uzimanje lijeka, doza je prilago\u0111ena njegovim potrebama. Naj\u010de\u0161\u0107a doza Klonopina je 0,5 mg tri puta dnevno. Ako se terapijski u\u010dinak ne postigne, doza se mo\u017ee pove\u0107avati svaki tre\u0107i dan terapije sve dok se ne postigne.<\/p>\n<p>Kada se lijek uzima u visokim dozama, osobito tijekom du\u017eeg vremenskog razdoblja, mo\u017ee uzrokovati problemi s artikulacijom, diplopija, nistagmus, paradoksalne reakcije (kao \u0161to je iznenadno uzbu\u0111enje) i anterogradna amnezija. Nekoliko puta osoba ima reakciju preosjetljivosti, slabost mi\u0161i\u0107a ili depresiju. Osobe s nekim vrstama epilepsije mogu imati vi\u0161e napadaja ako se lije\u010de dulje vrijeme.<\/p>\n","protected":false},"excerpt":{"rendered":"<p>Kupite Klonopin 2 mg tablete za prodaju u Velikoj Britaniji, Europi i ostatku svijeta. Klonopin (Clonazepam) mo\u017ee pomo\u0107i ljudima kod napadaja, pani\u010dnog poreme\u0107aja i anksioznosti. Benzodiazepini su lijekovi koji \u010dine da se osje\u0107ate smireno.<\/p>\n<p>Clonazepam klonopin 2mg mo\u017eete kupiti online po najboljoj cijeni na najboljem mjestu. Best Global Meds je poznata online ljekarna koja prodaje samo legalne lijekove. Kada naru\u010dite putem interneta, mo\u017eete u\u0161tedjeti novac i vrijeme.<\/p>\n<p>UK, Europa: \u017delim Klonopin na prodaju. Postoje mjesta u Europi gdje mo\u017eete kupiti klonazepam online i kupiti klonopin 2mg tablete.<\/p>\n","protected":false},"featured_media":5228,"comment_status":"open","ping_status":"closed","template":"","meta":[],"product_brand":[],"product_cat":[1117],"product_tag":[1370,1371,1372,1373,1374,1398,1376,1377,1380,1381,1382,1385,1386,1387,1384,1414,1375,1388,1390,1389,1391,1394,1395,1410,1400,1393,1405,1401,1403,1408,1406,1407,1409,1412,1396,1397,1415,1379,1378,1383,1404,1392,1399,1411,1402,1413,1416,1418,1417],"class_list":{"0":"post-5209","1":"product","2":"type-product","3":"status-publish","4":"has-post-thumbnail","6":"product_cat-kupite-tablete-za-bol-spavanje-seks","7":"product_tag-1mg-klonopin","8":"product_tag-ativan-vs-klonopin","9":"product_tag-blue-klonopin","10":"product_tag-blue-klonopin-2mg","11":"product_tag-can-you-take-klonopin-for-life","12":"product_tag-klonopin-generiki","13":"product_tag-generiki-klonopin","14":"product_tag-half-life-of-klonopin","15":"product_tag-how-long-does-klonopin-stay-in-your-system","16":"product_tag-how-long-does-klonopin-stay-in-your-urine","17":"product_tag-how-long-does-klonopin-take-to-work","18":"product_tag-is-klonopin-a-benzo","19":"product_tag-is-klonopin-a-controlled-substance","20":"product_tag-is-klonopin-a-narcotic","21":"product_tag-je-1mg-klonopin-a-niska-doza","22":"product_tag-to-izgleda-klonopin","23":"product_tag-klonazepam-klonopin-naranasta-pilula-1-2","24":"product_tag-klonopin","25":"product_tag-klonopin-1mg","26":"product_tag-klonopin-10-mg","27":"product_tag-klonopin-2mg","28":"product_tag-klonopin-dosage","29":"product_tag-klonopin-doses","30":"product_tag-klonopin-gubitak-teine","31":"product_tag-klonopin-high","32":"product_tag-klonopin-i-alkohol","33":"product_tag-klonopin-koristi","34":"product_tag-klonopin-medication","35":"product_tag-klonopin-pilula","36":"product_tag-klonopin-vs-xanax","37":"product_tag-klonopin-vs-ativan","38":"product_tag-klonopin-vs-valium","39":"product_tag-klonopin-vs-xanax-reddit","40":"product_tag-klonopin-withdrawal-symptoms","41":"product_tag-klonopin-za-tjeskobu","42":"product_tag-klonopin-za-spavanje","43":"product_tag-to-je-visoka-doza-klonopina","44":"product_tag-koliko-dugo-traje-klonopin","45":"product_tag-koliko-dugo-treba-za-klonopin-ubaciti","46":"product_tag-koliko-sati-izmeu-doza-klonopina","47":"product_tag-nuspojave-klonopina","48":"product_tag-klonopin-ovisnost","49":"product_tag-klonopin-poluvijek","50":"product_tag-odvikavanje-od-klonopina","51":"product_tag-klonopin-predoziranje","52":"product_tag-side-effects-of-klonopin","53":"product_tag-to-je-klonopin","54":"product_tag-xanax-vs-klonopin","55":"product_tag-za-to-se-koristi-klonopin","57":"first","58":"instock","59":"shipping-taxable","60":"purchasable","61":"product-type-variable","62":"has-default-attributes"},"yoast_head":"<!-- This site is optimized with the Yoast SEO plugin v27.3 - https:\/\/yoast.com\/product\/yoast-seo-wordpress\/ -->\n<title>Kupite Klonopin 2 mg - Klonopin online prodaja - Najbolji najbolji svjetski lijekovi<\/title>\n<meta name=\"description\" content=\"Kupite Klonopin 2 mg za prodaju UK, Europa tablete online. Klonopin (Clonazepam) lije\u010di napadaje, pani\u010dni poreme\u0107aj i anksioznost. Ovaj lijek je benzodiazepin.\" \/>\n<meta name=\"robots\" content=\"index, follow, max-snippet:-1, max-image-preview:large, max-video-preview:-1\" \/>\n<link rel=\"canonical\" href=\"https:\/\/medicinasinc.com\/hr\/product\/kupiti-klonopin-2-mg\/\" \/>\n<meta property=\"og:locale\" content=\"hr_HR\" \/>\n<meta property=\"og:type\" content=\"article\" \/>\n<meta property=\"og:title\" content=\"Kupite Klonopin 2 mg - Klonopin online prodaja - Najbolji najbolji svjetski lijekovi\" \/>\n<meta property=\"og:description\" content=\"Kupite Klonopin 2 mg za prodaju UK, Europa tablete online. Klonopin (Clonazepam) lije\u010di napadaje, pani\u010dni poreme\u0107aj i anksioznost. Ovaj lijek je benzodiazepin.\" \/>\n<meta property=\"og:url\" content=\"https:\/\/medicinasinc.com\/hr\/product\/kupiti-klonopin-2-mg\/\" \/>\n<meta property=\"og:site_name\" content=\"Medicinas Inc\" \/>\n<meta property=\"article:modified_time\" content=\"2022-03-15T05:46:02+00:00\" \/>\n<meta property=\"og:image\" content=\"https:\/\/medicinasinc.com\/hr\/wp-content\/uploads\/sites\/3\/2022\/02\/Buy-Klonopin-2-mg.jpeg\" \/>\n\t<meta property=\"og:image:width\" content=\"236\" \/>\n\t<meta property=\"og:image:height\" content=\"296\" \/>\n\t<meta property=\"og:image:type\" content=\"image\/jpeg\" \/>\n<meta name=\"twitter:card\" content=\"summary_large_image\" \/>\n<meta name=\"twitter:label1\" content=\"Procijenjeno vrijeme \u010ditanja\" \/>\n\t<meta name=\"twitter:data1\" content=\"4 minute\" \/>\n<script type=\"application\/ld+json\" class=\"yoast-schema-graph\">{\"@context\":\"https:\\\/\\\/schema.org\",\"@graph\":[{\"@type\":\"WebPage\",\"@id\":\"https:\\\/\\\/medicinasinc.com\\\/hr\\\/product\\\/kupiti-klonopin-2-mg\\\/\",\"url\":\"https:\\\/\\\/medicinasinc.com\\\/hr\\\/product\\\/kupiti-klonopin-2-mg\\\/\",\"name\":\"Kupite Klonopin 2 mg - Klonopin online prodaja - Najbolji najbolji svjetski lijekovi\",\"isPartOf\":{\"@id\":\"https:\\\/\\\/medicinasinc.com\\\/hr\\\/#website\"},\"primaryImageOfPage\":{\"@id\":\"https:\\\/\\\/medicinasinc.com\\\/hr\\\/product\\\/kupiti-klonopin-2-mg\\\/#primaryimage\"},\"image\":{\"@id\":\"https:\\\/\\\/medicinasinc.com\\\/hr\\\/product\\\/kupiti-klonopin-2-mg\\\/#primaryimage\"},\"thumbnailUrl\":\"https:\\\/\\\/medicinasinc.com\\\/hr\\\/wp-content\\\/uploads\\\/sites\\\/3\\\/2022\\\/02\\\/Buy-Klonopin-2-mg.jpeg\",\"datePublished\":\"2022-02-20T21:59:55+00:00\",\"dateModified\":\"2022-03-15T05:46:02+00:00\",\"description\":\"Kupite Klonopin 2 mg za prodaju UK, Europa tablete online. Klonopin (Clonazepam) lije\u010di napadaje, pani\u010dni poreme\u0107aj i anksioznost. Ovaj lijek je benzodiazepin.\",\"breadcrumb\":{\"@id\":\"https:\\\/\\\/medicinasinc.com\\\/hr\\\/product\\\/kupiti-klonopin-2-mg\\\/#breadcrumb\"},\"inLanguage\":\"hr\",\"potentialAction\":[{\"@type\":\"ReadAction\",\"target\":[\"https:\\\/\\\/medicinasinc.com\\\/hr\\\/product\\\/kupiti-klonopin-2-mg\\\/\"]}]},{\"@type\":\"ImageObject\",\"inLanguage\":\"hr\",\"@id\":\"https:\\\/\\\/medicinasinc.com\\\/hr\\\/product\\\/kupiti-klonopin-2-mg\\\/#primaryimage\",\"url\":\"https:\\\/\\\/medicinasinc.com\\\/hr\\\/wp-content\\\/uploads\\\/sites\\\/3\\\/2022\\\/02\\\/Buy-Klonopin-2-mg.jpeg\",\"contentUrl\":\"https:\\\/\\\/medicinasinc.com\\\/hr\\\/wp-content\\\/uploads\\\/sites\\\/3\\\/2022\\\/02\\\/Buy-Klonopin-2-mg.jpeg\",\"width\":236,\"height\":296},{\"@type\":\"BreadcrumbList\",\"@id\":\"https:\\\/\\\/medicinasinc.com\\\/hr\\\/product\\\/kupiti-klonopin-2-mg\\\/#breadcrumb\",\"itemListElement\":[{\"@type\":\"ListItem\",\"position\":1,\"name\":\"Du\u0107an\",\"item\":\"https:\\\/\\\/medicinasinc.com\\\/hr\\\/ducan\\\/\"},{\"@type\":\"ListItem\",\"position\":2,\"name\":\"Kupite Klonopin 2 mg\"}]},{\"@type\":\"WebSite\",\"@id\":\"https:\\\/\\\/medicinasinc.com\\\/hr\\\/#website\",\"url\":\"https:\\\/\\\/medicinasinc.com\\\/hr\\\/\",\"name\":\"Medicinas Inc\",\"description\":\"Health Medical Clinic\",\"potentialAction\":[{\"@type\":\"SearchAction\",\"target\":{\"@type\":\"EntryPoint\",\"urlTemplate\":\"https:\\\/\\\/medicinasinc.com\\\/hr\\\/?s={search_term_string}\"},\"query-input\":{\"@type\":\"PropertyValueSpecification\",\"valueRequired\":true,\"valueName\":\"search_term_string\"}}],\"inLanguage\":\"hr\"}]}<\/script>\n<!-- \/ Yoast SEO plugin. -->","yoast_head_json":{"title":"Kupite Klonopin 2 mg - Klonopin online prodaja - Najbolji najbolji svjetski lijekovi","description":"Kupite Klonopin 2 mg za prodaju UK, Europa tablete online. Klonopin (Clonazepam) lije\u010di napadaje, pani\u010dni poreme\u0107aj i anksioznost. Ovaj lijek je benzodiazepin.","robots":{"index":"index","follow":"follow","max-snippet":"max-snippet:-1","max-image-preview":"max-image-preview:large","max-video-preview":"max-video-preview:-1"},"canonical":"https:\/\/medicinasinc.com\/hr\/product\/kupiti-klonopin-2-mg\/","og_locale":"hr_HR","og_type":"article","og_title":"Kupite Klonopin 2 mg - Klonopin online prodaja - Najbolji najbolji svjetski lijekovi","og_description":"Kupite Klonopin 2 mg za prodaju UK, Europa tablete online. Klonopin (Clonazepam) lije\u010di napadaje, pani\u010dni poreme\u0107aj i anksioznost. Ovaj lijek je benzodiazepin.","og_url":"https:\/\/medicinasinc.com\/hr\/product\/kupiti-klonopin-2-mg\/","og_site_name":"Medicinas Inc","article_modified_time":"2022-03-15T05:46:02+00:00","og_image":[{"width":236,"height":296,"url":"https:\/\/medicinasinc.com\/hr\/wp-content\/uploads\/sites\/3\/2022\/02\/Buy-Klonopin-2-mg.jpeg","type":"image\/jpeg"}],"twitter_card":"summary_large_image","twitter_misc":{"Procijenjeno vrijeme \u010ditanja":"4 minute"},"schema":{"@context":"https:\/\/schema.org","@graph":[{"@type":"WebPage","@id":"https:\/\/medicinasinc.com\/hr\/product\/kupiti-klonopin-2-mg\/","url":"https:\/\/medicinasinc.com\/hr\/product\/kupiti-klonopin-2-mg\/","name":"Kupite Klonopin 2 mg - Klonopin online prodaja - Najbolji najbolji svjetski lijekovi","isPartOf":{"@id":"https:\/\/medicinasinc.com\/hr\/#website"},"primaryImageOfPage":{"@id":"https:\/\/medicinasinc.com\/hr\/product\/kupiti-klonopin-2-mg\/#primaryimage"},"image":{"@id":"https:\/\/medicinasinc.com\/hr\/product\/kupiti-klonopin-2-mg\/#primaryimage"},"thumbnailUrl":"https:\/\/medicinasinc.com\/hr\/wp-content\/uploads\/sites\/3\/2022\/02\/Buy-Klonopin-2-mg.jpeg","datePublished":"2022-02-20T21:59:55+00:00","dateModified":"2022-03-15T05:46:02+00:00","description":"Kupite Klonopin 2 mg za prodaju UK, Europa tablete online. Klonopin (Clonazepam) lije\u010di napadaje, pani\u010dni poreme\u0107aj i anksioznost. Ovaj lijek je benzodiazepin.","breadcrumb":{"@id":"https:\/\/medicinasinc.com\/hr\/product\/kupiti-klonopin-2-mg\/#breadcrumb"},"inLanguage":"hr","potentialAction":[{"@type":"ReadAction","target":["https:\/\/medicinasinc.com\/hr\/product\/kupiti-klonopin-2-mg\/"]}]},{"@type":"ImageObject","inLanguage":"hr","@id":"https:\/\/medicinasinc.com\/hr\/product\/kupiti-klonopin-2-mg\/#primaryimage","url":"https:\/\/medicinasinc.com\/hr\/wp-content\/uploads\/sites\/3\/2022\/02\/Buy-Klonopin-2-mg.jpeg","contentUrl":"https:\/\/medicinasinc.com\/hr\/wp-content\/uploads\/sites\/3\/2022\/02\/Buy-Klonopin-2-mg.jpeg","width":236,"height":296},{"@type":"BreadcrumbList","@id":"https:\/\/medicinasinc.com\/hr\/product\/kupiti-klonopin-2-mg\/#breadcrumb","itemListElement":[{"@type":"ListItem","position":1,"name":"Du\u0107an","item":"https:\/\/medicinasinc.com\/hr\/ducan\/"},{"@type":"ListItem","position":2,"name":"Kupite Klonopin 2 mg"}]},{"@type":"WebSite","@id":"https:\/\/medicinasinc.com\/hr\/#website","url":"https:\/\/medicinasinc.com\/hr\/","name":"Medicinas Inc","description":"Health Medical Clinic","potentialAction":[{"@type":"SearchAction","target":{"@type":"EntryPoint","urlTemplate":"https:\/\/medicinasinc.com\/hr\/?s={search_term_string}"},"query-input":{"@type":"PropertyValueSpecification","valueRequired":true,"valueName":"search_term_string"}}],"inLanguage":"hr"}]}},"_links":{"self":[{"href":"https:\/\/medicinasinc.com\/hr\/wp-json\/wp\/v2\/product\/5209","targetHints":{"allow":["GET"]}}],"collection":[{"href":"https:\/\/medicinasinc.com\/hr\/wp-json\/wp\/v2\/product"}],"about":[{"href":"https:\/\/medicinasinc.com\/hr\/wp-json\/wp\/v2\/types\/product"}],"replies":[{"embeddable":true,"href":"https:\/\/medicinasinc.com\/hr\/wp-json\/wp\/v2\/comments?post=5209"}],"wp:featuredmedia":[{"embeddable":true,"href":"https:\/\/medicinasinc.com\/hr\/wp-json\/wp\/v2\/media\/5228"}],"wp:attachment":[{"href":"https:\/\/medicinasinc.com\/hr\/wp-json\/wp\/v2\/media?parent=5209"}],"wp:term":[{"taxonomy":"product_brand","embeddable":true,"href":"https:\/\/medicinasinc.com\/hr\/wp-json\/wp\/v2\/product_brand?post=5209"},{"taxonomy":"product_cat","embeddable":true,"href":"https:\/\/medicinasinc.com\/hr\/wp-json\/wp\/v2\/product_cat?post=5209"},{"taxonomy":"product_tag","embeddable":true,"href":"https:\/\/medicinasinc.com\/hr\/wp-json\/wp\/v2\/product_tag?post=5209"}],"curies":[{"name":"wp","href":"https:\/\/api.w.org\/{rel}","templated":true}]}}