{"id":5208,"date":"2022-02-20T21:58:44","date_gmt":"2022-02-20T21:58:44","guid":{"rendered":"https:\/\/medicinasinc.com\/hr\/?post_type=product&#038;p=5208"},"modified":"2022-08-04T06:08:04","modified_gmt":"2022-08-04T06:08:04","slug":"kupi-imovan-zopiklon-7-5-mg","status":"publish","type":"product","link":"https:\/\/medicinasinc.com\/hr\/product\/kupi-imovan-zopiklon-7-5-mg\/","title":{"rendered":"Kupite Imovane Zopiclone 7,5 mg"},"content":{"rendered":"<p>Imovane Zopiclone tablete se mogu kupiti online.<\/p>\n<p>Imovane Zopiclone tablete se mogu kupiti online.<\/p>\n<p>Imovane: Zopiclone pripada klasi sedativnih i hipnoti\u010dkih lijekova. Propisuje se za simptomatsko ubla\u017eavanje problema sa spavanjem u kratkom roku.<\/p>\n","protected":false},"excerpt":{"rendered":"<div class=\"woocommerce-product-details__short-description\">\n<p>Kupite zopiclone 7,5mg tablete online, zopiclone 7,5mg uk, zopiclone online, zopiclone eu, zopiclone singapur, zopiclone uk, zopiclone zopiclone 7 tablete uk, zopiclone 7,5 mg isporuka<\/p>\n<p>Imovane Zopiclone tablete se mogu kupiti online.<\/p>\n<p>Imovane: Zopiclone je sedativno-hipnoti\u010dki lijek. Koristi se za kratkoro\u010dno lije\u010denje problema sa spavanjem i kao simptomatsko lije\u010denje.<\/p>\n<p>Imovane (Zopiclone) se mo\u017ee kupiti online uz va\u017ee\u0107i australski recept. medicinasinc.com nudi besplatnu dostavu za sve artikle na recept u Australiju.<\/p>\n<p>Imovane (Zopiclone) je sedativno-hipnoti\u010dki lijek. Koristi se za kratkoro\u010dno lije\u010denje problema sa spavanjem i kao simptomatsko lije\u010denje.<\/p>\n<\/div>\n","protected":false},"featured_media":5226,"comment_status":"open","ping_status":"closed","template":"","meta":[],"product_brand":[],"product_cat":[1117],"product_tag":[1362,1363,1364,1365,1366,1367,1368,1369],"class_list":{"0":"post-5208","1":"product","2":"type-product","3":"status-publish","4":"has-post-thumbnail","6":"product_cat-kupite-tablete-za-bol-spavanje-seks","7":"product_tag-buy-zopiclone-7-5mg-tablets-next-day-delivery","8":"product_tag-buy-zopiclone-7-5mg-tablets-online","9":"product_tag-buy-zopiclone-7-5mg-uk","10":"product_tag-kupiti-zopiklon-eu","11":"product_tag-kupiti-zopiklon-online","12":"product_tag-kupiti-zopiklon-singapur","13":"product_tag-kupi-zopiklon-uk","14":"product_tag-zopiklon-amazon","16":"first","17":"instock","18":"shipping-taxable","19":"purchasable","20":"product-type-variable","21":"has-default-attributes"},"yoast_head":"<!-- This site is optimized with the Yoast SEO plugin v27.3 - https:\/\/yoast.com\/product\/yoast-seo-wordpress\/ -->\n<title>Kupite Imovane Zopiclone 7,5 mg - najbolji najbolji svjetski lijekovi<\/title>\n<meta name=\"description\" content=\"kupi zopiklon 7,5 mg tablete online, kupi zopiklon 7,5 mg uk, kupi zopiklon online, kupi zopiklon eu, kupi zopiklon singapur, kupi zopiklon uk, zopiklon amazon, kupi zopiklon 7,5 mg tablete sljede\u0107i dan dostava,\" \/>\n<meta name=\"robots\" content=\"index, follow, max-snippet:-1, max-image-preview:large, max-video-preview:-1\" \/>\n<link rel=\"canonical\" href=\"https:\/\/medicinasinc.com\/hr\/product\/kupi-imovan-zopiklon-7-5-mg\/\" \/>\n<meta property=\"og:locale\" content=\"hr_HR\" \/>\n<meta property=\"og:type\" content=\"article\" \/>\n<meta property=\"og:title\" content=\"Kupite Imovane Zopiclone 7,5 mg - najbolji najbolji svjetski lijekovi\" \/>\n<meta property=\"og:description\" content=\"kupi zopiklon 7,5 mg tablete online, kupi zopiklon 7,5 mg uk, kupi zopiklon online, kupi zopiklon eu, kupi zopiklon singapur, kupi zopiklon uk, zopiklon amazon, kupi zopiklon 7,5 mg tablete sljede\u0107i dan dostava,\" \/>\n<meta property=\"og:url\" content=\"https:\/\/medicinasinc.com\/hr\/product\/kupi-imovan-zopiklon-7-5-mg\/\" \/>\n<meta property=\"og:site_name\" content=\"Medicinas Inc\" \/>\n<meta property=\"article:modified_time\" content=\"2022-08-04T06:08:04+00:00\" \/>\n<meta property=\"og:image\" content=\"https:\/\/medicinasinc.com\/hr\/wp-content\/uploads\/sites\/3\/2022\/02\/Buy-Imovane-Zopiclone-7.5-mg.jpg\" \/>\n\t<meta property=\"og:image:width\" content=\"570\" \/>\n\t<meta property=\"og:image:height\" content=\"340\" \/>\n\t<meta property=\"og:image:type\" content=\"image\/jpeg\" \/>\n<meta name=\"twitter:card\" content=\"summary_large_image\" \/>\n<meta name=\"twitter:label1\" content=\"Procijenjeno vrijeme \u010ditanja\" \/>\n\t<meta name=\"twitter:data1\" content=\"1 minuta\" \/>\n<script type=\"application\/ld+json\" class=\"yoast-schema-graph\">{\"@context\":\"https:\\\/\\\/schema.org\",\"@graph\":[{\"@type\":\"WebPage\",\"@id\":\"https:\\\/\\\/medicinasinc.com\\\/hr\\\/product\\\/kupi-imovan-zopiklon-7-5-mg\\\/\",\"url\":\"https:\\\/\\\/medicinasinc.com\\\/hr\\\/product\\\/kupi-imovan-zopiklon-7-5-mg\\\/\",\"name\":\"Kupite Imovane Zopiclone 7,5 mg - najbolji najbolji svjetski lijekovi\",\"isPartOf\":{\"@id\":\"https:\\\/\\\/medicinasinc.com\\\/hr\\\/#website\"},\"primaryImageOfPage\":{\"@id\":\"https:\\\/\\\/medicinasinc.com\\\/hr\\\/product\\\/kupi-imovan-zopiklon-7-5-mg\\\/#primaryimage\"},\"image\":{\"@id\":\"https:\\\/\\\/medicinasinc.com\\\/hr\\\/product\\\/kupi-imovan-zopiklon-7-5-mg\\\/#primaryimage\"},\"thumbnailUrl\":\"https:\\\/\\\/medicinasinc.com\\\/hr\\\/wp-content\\\/uploads\\\/sites\\\/3\\\/2022\\\/02\\\/Buy-Imovane-Zopiclone-7.5-mg.jpg\",\"datePublished\":\"2022-02-20T21:58:44+00:00\",\"dateModified\":\"2022-08-04T06:08:04+00:00\",\"description\":\"kupi zopiklon 7,5 mg tablete online, kupi zopiklon 7,5 mg uk, kupi zopiklon online, kupi zopiklon eu, kupi zopiklon singapur, kupi zopiklon uk, zopiklon amazon, kupi zopiklon 7,5 mg tablete sljede\u0107i dan dostava,\",\"breadcrumb\":{\"@id\":\"https:\\\/\\\/medicinasinc.com\\\/hr\\\/product\\\/kupi-imovan-zopiklon-7-5-mg\\\/#breadcrumb\"},\"inLanguage\":\"hr\",\"potentialAction\":[{\"@type\":\"ReadAction\",\"target\":[\"https:\\\/\\\/medicinasinc.com\\\/hr\\\/product\\\/kupi-imovan-zopiklon-7-5-mg\\\/\"]}]},{\"@type\":\"ImageObject\",\"inLanguage\":\"hr\",\"@id\":\"https:\\\/\\\/medicinasinc.com\\\/hr\\\/product\\\/kupi-imovan-zopiklon-7-5-mg\\\/#primaryimage\",\"url\":\"https:\\\/\\\/medicinasinc.com\\\/hr\\\/wp-content\\\/uploads\\\/sites\\\/3\\\/2022\\\/02\\\/Buy-Imovane-Zopiclone-7.5-mg.jpg\",\"contentUrl\":\"https:\\\/\\\/medicinasinc.com\\\/hr\\\/wp-content\\\/uploads\\\/sites\\\/3\\\/2022\\\/02\\\/Buy-Imovane-Zopiclone-7.5-mg.jpg\",\"width\":570,\"height\":340},{\"@type\":\"BreadcrumbList\",\"@id\":\"https:\\\/\\\/medicinasinc.com\\\/hr\\\/product\\\/kupi-imovan-zopiklon-7-5-mg\\\/#breadcrumb\",\"itemListElement\":[{\"@type\":\"ListItem\",\"position\":1,\"name\":\"Du\u0107an\",\"item\":\"https:\\\/\\\/medicinasinc.com\\\/hr\\\/ducan\\\/\"},{\"@type\":\"ListItem\",\"position\":2,\"name\":\"Kupite Imovane Zopiclone 7,5 mg\"}]},{\"@type\":\"WebSite\",\"@id\":\"https:\\\/\\\/medicinasinc.com\\\/hr\\\/#website\",\"url\":\"https:\\\/\\\/medicinasinc.com\\\/hr\\\/\",\"name\":\"Medicinas Inc\",\"description\":\"Health Medical Clinic\",\"potentialAction\":[{\"@type\":\"SearchAction\",\"target\":{\"@type\":\"EntryPoint\",\"urlTemplate\":\"https:\\\/\\\/medicinasinc.com\\\/hr\\\/?s={search_term_string}\"},\"query-input\":{\"@type\":\"PropertyValueSpecification\",\"valueRequired\":true,\"valueName\":\"search_term_string\"}}],\"inLanguage\":\"hr\"}]}<\/script>\n<!-- \/ Yoast SEO plugin. -->","yoast_head_json":{"title":"Kupite Imovane Zopiclone 7,5 mg - najbolji najbolji svjetski lijekovi","description":"kupi zopiklon 7,5 mg tablete online, kupi zopiklon 7,5 mg uk, kupi zopiklon online, kupi zopiklon eu, kupi zopiklon singapur, kupi zopiklon uk, zopiklon amazon, kupi zopiklon 7,5 mg tablete sljede\u0107i dan dostava,","robots":{"index":"index","follow":"follow","max-snippet":"max-snippet:-1","max-image-preview":"max-image-preview:large","max-video-preview":"max-video-preview:-1"},"canonical":"https:\/\/medicinasinc.com\/hr\/product\/kupi-imovan-zopiklon-7-5-mg\/","og_locale":"hr_HR","og_type":"article","og_title":"Kupite Imovane Zopiclone 7,5 mg - najbolji najbolji svjetski lijekovi","og_description":"kupi zopiklon 7,5 mg tablete online, kupi zopiklon 7,5 mg uk, kupi zopiklon online, kupi zopiklon eu, kupi zopiklon singapur, kupi zopiklon uk, zopiklon amazon, kupi zopiklon 7,5 mg tablete sljede\u0107i dan dostava,","og_url":"https:\/\/medicinasinc.com\/hr\/product\/kupi-imovan-zopiklon-7-5-mg\/","og_site_name":"Medicinas Inc","article_modified_time":"2022-08-04T06:08:04+00:00","og_image":[{"width":570,"height":340,"url":"https:\/\/medicinasinc.com\/hr\/wp-content\/uploads\/sites\/3\/2022\/02\/Buy-Imovane-Zopiclone-7.5-mg.jpg","type":"image\/jpeg"}],"twitter_card":"summary_large_image","twitter_misc":{"Procijenjeno vrijeme \u010ditanja":"1 minuta"},"schema":{"@context":"https:\/\/schema.org","@graph":[{"@type":"WebPage","@id":"https:\/\/medicinasinc.com\/hr\/product\/kupi-imovan-zopiklon-7-5-mg\/","url":"https:\/\/medicinasinc.com\/hr\/product\/kupi-imovan-zopiklon-7-5-mg\/","name":"Kupite Imovane Zopiclone 7,5 mg - najbolji najbolji svjetski lijekovi","isPartOf":{"@id":"https:\/\/medicinasinc.com\/hr\/#website"},"primaryImageOfPage":{"@id":"https:\/\/medicinasinc.com\/hr\/product\/kupi-imovan-zopiklon-7-5-mg\/#primaryimage"},"image":{"@id":"https:\/\/medicinasinc.com\/hr\/product\/kupi-imovan-zopiklon-7-5-mg\/#primaryimage"},"thumbnailUrl":"https:\/\/medicinasinc.com\/hr\/wp-content\/uploads\/sites\/3\/2022\/02\/Buy-Imovane-Zopiclone-7.5-mg.jpg","datePublished":"2022-02-20T21:58:44+00:00","dateModified":"2022-08-04T06:08:04+00:00","description":"kupi zopiklon 7,5 mg tablete online, kupi zopiklon 7,5 mg uk, kupi zopiklon online, kupi zopiklon eu, kupi zopiklon singapur, kupi zopiklon uk, zopiklon amazon, kupi zopiklon 7,5 mg tablete sljede\u0107i dan dostava,","breadcrumb":{"@id":"https:\/\/medicinasinc.com\/hr\/product\/kupi-imovan-zopiklon-7-5-mg\/#breadcrumb"},"inLanguage":"hr","potentialAction":[{"@type":"ReadAction","target":["https:\/\/medicinasinc.com\/hr\/product\/kupi-imovan-zopiklon-7-5-mg\/"]}]},{"@type":"ImageObject","inLanguage":"hr","@id":"https:\/\/medicinasinc.com\/hr\/product\/kupi-imovan-zopiklon-7-5-mg\/#primaryimage","url":"https:\/\/medicinasinc.com\/hr\/wp-content\/uploads\/sites\/3\/2022\/02\/Buy-Imovane-Zopiclone-7.5-mg.jpg","contentUrl":"https:\/\/medicinasinc.com\/hr\/wp-content\/uploads\/sites\/3\/2022\/02\/Buy-Imovane-Zopiclone-7.5-mg.jpg","width":570,"height":340},{"@type":"BreadcrumbList","@id":"https:\/\/medicinasinc.com\/hr\/product\/kupi-imovan-zopiklon-7-5-mg\/#breadcrumb","itemListElement":[{"@type":"ListItem","position":1,"name":"Du\u0107an","item":"https:\/\/medicinasinc.com\/hr\/ducan\/"},{"@type":"ListItem","position":2,"name":"Kupite Imovane Zopiclone 7,5 mg"}]},{"@type":"WebSite","@id":"https:\/\/medicinasinc.com\/hr\/#website","url":"https:\/\/medicinasinc.com\/hr\/","name":"Medicinas Inc","description":"Health Medical Clinic","potentialAction":[{"@type":"SearchAction","target":{"@type":"EntryPoint","urlTemplate":"https:\/\/medicinasinc.com\/hr\/?s={search_term_string}"},"query-input":{"@type":"PropertyValueSpecification","valueRequired":true,"valueName":"search_term_string"}}],"inLanguage":"hr"}]}},"_links":{"self":[{"href":"https:\/\/medicinasinc.com\/hr\/wp-json\/wp\/v2\/product\/5208","targetHints":{"allow":["GET"]}}],"collection":[{"href":"https:\/\/medicinasinc.com\/hr\/wp-json\/wp\/v2\/product"}],"about":[{"href":"https:\/\/medicinasinc.com\/hr\/wp-json\/wp\/v2\/types\/product"}],"replies":[{"embeddable":true,"href":"https:\/\/medicinasinc.com\/hr\/wp-json\/wp\/v2\/comments?post=5208"}],"wp:featuredmedia":[{"embeddable":true,"href":"https:\/\/medicinasinc.com\/hr\/wp-json\/wp\/v2\/media\/5226"}],"wp:attachment":[{"href":"https:\/\/medicinasinc.com\/hr\/wp-json\/wp\/v2\/media?parent=5208"}],"wp:term":[{"taxonomy":"product_brand","embeddable":true,"href":"https:\/\/medicinasinc.com\/hr\/wp-json\/wp\/v2\/product_brand?post=5208"},{"taxonomy":"product_cat","embeddable":true,"href":"https:\/\/medicinasinc.com\/hr\/wp-json\/wp\/v2\/product_cat?post=5208"},{"taxonomy":"product_tag","embeddable":true,"href":"https:\/\/medicinasinc.com\/hr\/wp-json\/wp\/v2\/product_tag?post=5208"}],"curies":[{"name":"wp","href":"https:\/\/api.w.org\/{rel}","templated":true}]}}