{"id":5207,"date":"2022-02-20T21:57:05","date_gmt":"2022-02-20T21:57:05","guid":{"rendered":"https:\/\/medicinasinc.com\/hr\/?post_type=product&#038;p=5207"},"modified":"2022-03-15T05:46:23","modified_gmt":"2022-03-15T05:46:23","slug":"kupiti-imitrex-sumatriptan-100-mg","status":"publish","type":"product","link":"https:\/\/medicinasinc.com\/hr\/product\/kupiti-imitrex-sumatriptan-100-mg\/","title":{"rendered":"Kupite imitrex Sumatriptan 100 mg"},"content":{"rendered":"<div class=\"product-next-previous\">\n<div class=\"product-prev\">\n<p>Kupite Imitrex 100mg tablete online Imitrex informacije (brend i generi\u010dki)<\/p>\n<p>Bestglobalmeds.com\u00a0trenuta\u010dno prodaje brand Imitrex, poznatiji kao Imigran, proizvo\u0111a\u010da GSK u Turskoj i Aspen u Australiji. Osim toga, nosimo GSK brend Imitrex iz Kanade. Sumatriptan je generi\u010dki dostupan od Pharma Science u Kanadi, Sun Pharma u Indiji (Suminat) i Dexcel Pharma i Accord Pharma u Ujedinjenom Kraljevstvu.<\/p>\n<p>Doziranje<\/p>\n<p>Imitrex dolazi u razli\u010ditim oblicima. formulacije i razine doziranja. Imitrex i Sumatriptan dostupni su u obliku tableta od 50 mg i 100 mg. Osim toga, nudimo generi\u010dke tablete Imitrex 25 mg. Dodatno, robna marka Imitrex dostupna je u obliku pakiranja spreja za nos od 20 mg, bo\u010dica za injekcije od 6 mg\/0,5 ml, po\u010detnih kompleta za stat dozu i ulo\u017eaka za stat dozu.<\/p>\n<p>Upotreba<\/p>\n<p>Imitrex (Sumatriptan) je lijek koji se koristi za lije\u010denje migrenskih glavobolja. Imitrex ne sprje\u010dava migrene niti smanjuje njihovu u\u010destalost. Koristi se samo za lije\u010denje simptoma migrene koji su ve\u0107 po\u010deli. Poma\u017ee u ubla\u017eavanju glavobolje, nelagode i drugih simptoma migrene kao \u0161to su mu\u010dnina, povra\u0107anje i osjetljivost na svjetlo ili zvuk. Sumatriptan je \u010dlan skupine lijekova triptana. Ovaj lijek djeluje tako da ometa prirodnu kemikaliju (serotonin) koja uzrokuje su\u017eavanje krvnih \u017eila mozga. Osim toga, ubla\u017eit \u0107e bol utje\u010du\u0107i na odre\u0111ene \u017eivce u mozgu.<\/p>\n<p>Posljedice<\/p>\n<p>Odmah se posavjetujte sa svojim lije\u010dnikom ako osjetite bilo koju od sljede\u0107ih ozbiljnih nuspojava: prsa, \u010deljust ili lijevo bol u ruci; krvavi proljev; nesvjestica; brz, nepravilan, lupanje srca; mentalni problemi\/problemi raspolo\u017eenja; jaka bol u trbuhu\/abdomenu; jaka bol u prsima; napadaji; Nerazgovjetan govor; vizualne promjene. Sljede\u0107e su neke od naj\u010de\u0161\u0107ih nuspojava: \u2022 Vrtoglavica i pospanost; \u2022 Trnci\/uko\u010denost\/bockanje\/osje\u0107aj topline; \u2022 Ispiranje.<br \/> \u2022 Povi\u0161eni krvni tlak \u2014 Redovito provjeravajte krvni tlak kako biste osigurali sigurnost;<br \/> \u2022 Iscrpljenost; \u2022 Slabost<\/p>\n<p>Kontraindikacije i interakcije<\/p>\n<p>Imitrex se ne smije koristiti za lije\u010denje uobi\u010dajene tenzijske glavobolje ili one koja rezultira gubitkom pokreta na jednoj strani tijela. Imitrex se ne smije koristiti ako ste alergi\u010dni na sumatriptan ili ako imate sljede\u0107a stanja: \u2022 sr\u010dani ili mo\u017edani udar u anamnezi; \u2022 Odre\u0111eni poreme\u0107aji sr\u010danog ritma; \u2022 Problemi s cirkulacijom koji rezultiraju nedostatkom opskrbe tijela krvlju; \u2022 Problemi sa srcem; \u2022 Bolest jetre ili bubrega; \u2022 Nekontrolirani visoki krvni tlak;<\/p>\n<p>Imitrex se ne smije uzimati unutar 24 sata od primjene bilo kojeg drugog lijeka protiv migrenske glavobolje. Obavijestite svog lije\u010dnika o svim lijekovima koje trenutno uzimate, uklju\u010duju\u0107i lijekove na recept, lijekove bez recepta i biljne lijekove, uklju\u010duju\u0107i MAOI, selektivne inhibitore ponovne pohrane serotonina i inhibitore ponovne pohrane norepinefrina. Sumatriptan mo\u017ee uzrokovati vrtoglavicu ili pospanost. Alkohol ili marihuana mogu pove\u0107ati va\u0161u vrtoglavicu ili pospanost. Izbjegavajte vo\u017enju, rukovanje strojevima ili obavljanje bilo koje druge aktivnosti za koje je potrebna budnost. Konzumirajte alkoholna pi\u0107a umjereno. Nije poznato da Imitrex mo\u017ee \u0161tetiti nero\u0111enom djetetu. Ako ste trudni, posavjetujte se sa svojim lije\u010dnikom. Sumatriptan se izlu\u010duje u maj\u010dino mlijeko i mo\u017ee o\u0161tetiti dojen\u010de. Dojenje treba izbjegavati 12 sati nakon primjene Imitrexa. Imitrex se ne preporu\u010duje za kori\u0161tenje osobama mla\u0111im od 18 godina.<\/p>\n<p>Pitanja i odgovori<br \/> Za\u0161to je Imitrex jeftiniji u Kanadi nego u Sjedinjenim Ameri\u010dkim Dr\u017eavama?<\/p>\n<p>Op\u0107enito , cijene svih lijekova, ne samo Imitrexa, razumnije su kada se kupuju iz Kanade, jer vlada regulira cijenu i robnih marki i generi\u010dkih lijekova. Osim toga, od na\u0161eg osnutka 2006. godine, na\u0161 je cilj bio osigurati sigurne i jeftine lijekove gra\u0111anima Sjedinjenih Dr\u017eava.<\/p>\n<p>Je li kupnja Imitrexa u va\u0161oj ljekarni sigurna?<\/p>\n<p>Na\u0161i proizvodi nabavljaju se isklju\u010divo iz objekata koji su certificirani od strane vlasti u zemljama iz kojih se uvoze. CanadaPharmacyOnline.com primjenjuje rigorozni postupak odabira na\u0161ih partnera kako bi osigurao da vi, na\u0161 kupac, dobijete najsigurnije mogu\u0107e lijekove. Osim toga, mi smo certificirana kanadska ljekarna koja je u skladu sa svim pokrajinskim zakonima.<\/p>\n<p>Koliko ko\u0161ta generi\u010dki Imitrex 100 mg u va\u0161oj ljekarni?<\/p>\n<p>Generi\u010dki Imitrex 100 mg dostupan je za najni\u017eu cijenu. 28,99 USD za 12 tableta, dok je doza od 50 mg dostupna za samo 57,99 USD za 18 tableta.<\/p>\n<p>Koliko ko\u0161ta tableta?<\/p>\n<p>Imitrex 100 mg dostupan je u generi\u010dkom obliku. obrazac za 2,27 USD po tableti i u obliku robne marke za 8,67 USD po tableti u na\u0161oj ljekarni.<\/p>\n<p>Koliko ko\u0161ta dostava?<\/p>\n<p>Na\u0161a cijena dostave je 10,00 USD po narud\u017ebi. Na\u0161a ljekarna se zala\u017ee za pru\u017eanje najni\u017eih mogu\u0107ih cijena visokokvalitetnih artikala.<\/p>\n<p>Kako mogu naru\u010diti u va\u0161oj ljekarni?<\/p>\n<p>Doista je jednostavno naru\u010diti Imitrex kod nas. . Svoju narud\u017ebu mo\u017eete naru\u010diti putem interneta ili telefonom u korisni\u010dkoj slu\u017ebi. Posjetite na\u0161u stranicu Kako naru\u010diti za dodatne informacije ili zapo\u010deti postupak narud\u017ebe.<\/p>\n<p>Je li cijena Imitrexa konkurentna?<\/p>\n<p>Da, ponosni smo \u0161to nudimo neke od najni\u017eih dostupnih cijena. u kanadskim ljekarnama. U rijetkim situacijama mo\u017eemo biti u mogu\u0107nosti izjedna\u010diti ili pobijediti cijene na\u0161ih konkurenata. Molimo kontaktirajte na\u0161u ljubaznu korisni\u010dku podr\u0161ku na 1866.920.3784.<\/p>\n<p>Mogu li kupiti Imitrex od vas u slobodnoj prodaji?<\/p>\n<p>Ne, Imitrex je dostupan samo uz valjani recept va\u0161eg lije\u010dnika. Bez valjanog recepta, ne prodajemo ovaj proizvod.<\/p>\n<p>Imitrex 50 mg u odnosu na Imitrex 100 mg: Koja je razlika?<\/p>\n<p>Razlika u dozi odra\u017eava koli\u010dinu aktivnih sastojaka ) uklju\u010deni u lijek.<\/p>\n<p>Mehanizam djelovanja Imitrexa<\/p>\n<\/p><\/div><\/div>\n<div class=\"product-next-previous\">\n<div class=\"product-prev\"><\/div><\/div>\n","protected":false},"excerpt":{"rendered":"<div class=\"woocommerce-product-details__short-description\">\n<p>Imitrex Sumatriptan 100mg tablete mogu se kupiti online. IMITREX je agonist 5-HT1B\/1D receptora serotonina (triptan) odobren za trenutno lije\u010denje migrene kod odraslih sa ili bez aure.<\/p>\n<p>Sumatriptan se mo\u017ee kupiti online putem na\u0161e online ljekarne registrirane u UK.<\/p>\n<p> p&gt; <\/p>\n<p>Sumatriptan je lijek protiv migrene s brzim po\u010detkom djelovanja. Zajam\u010deno najni\u017ea cijena u Ujedinjenom Kraljevstvu.<\/p>\n<p>Sumatriptan tablete za ubla\u017eavanje migrene mogu se sigurno i sigurno kupiti online u ljekarni u Ujedinjenom Kraljevstvu.<\/p>\n<p>Sumatriptan je generi\u010dki oblik Imigrana koji je jeftiniji. <\/p>\n<p>Kupite Imitrex (Sumatriptan) s popustom u licenciranoj ljekarni najboljih svjetskih lijekova&#8230;. 50mg100mg<\/p>\n<p>Kupite Imitrex online danas u na\u0161oj kanadskoj ljekarni!<\/p>\n<\/p><\/div>\n","protected":false},"featured_media":5224,"comment_status":"open","ping_status":"closed","template":"","meta":[],"product_brand":[],"product_cat":[1117],"product_tag":[1338,1340,1361,1344,1341,1342,1343,1345,1346,1347,1360,1339,1356,1348,1349,1351,1350,1352,1353,1354,1357,1358,1355,1359],"class_list":{"0":"post-5207","1":"product","2":"type-product","3":"status-publish","4":"has-post-thumbnail","6":"product_cat-kupite-tablete-za-bol-spavanje-seks","7":"product_tag-pacijent-boluje-od-migrene-glavobolje-to-je-djelovanje-sumatriptan-imitrex-a","8":"product_tag-do-imitrex-generiki-sumatriptan","9":"product_tag-gdje-kupiti-sumatriptan-bez-recepta","10":"product_tag-imitrex-vs-sumatriptan","11":"product_tag-imitrex-nazalni-sprej-sumatriptan","12":"product_tag-imitrex-sumatriptan","13":"product_tag-imitreks-sumatriptan-sukcinat","14":"product_tag-injekcija-sumatriptan-imitrex","15":"product_tag-is-sumatriptan-imitrex","16":"product_tag-je-sumatriptan-isti-kao-imitrex","17":"product_tag-kada-treba-sumatriptan-imitrex-izbjei","18":"product_tag-kupiti-sumatriptan-online-usa","19":"product_tag-nuspojave-sumatriptana","20":"product_tag-sumatriptan-imitrex-50-mg-tableta-cijena","21":"product_tag-sumatriptan-100-mg-online","22":"product_tag-sumatriptan-50-mg","23":"product_tag-sumatriptan-50-mg-bez-recepta","24":"product_tag-sumatriptan-imitrex","25":"product_tag-sumatriptan-imitrex-flaster","26":"product_tag-sumatriptan-imitrex-treksimet","27":"product_tag-sumatriptan-sukcinat-imitreks","28":"product_tag-sumatriptan-vs-imitrex","29":"product_tag-sumatriptan-over-the-counter-usa","30":"product_tag-what-is-sumatriptan-100-mg-used-for","32":"first","33":"instock","34":"shipping-taxable","35":"purchasable","36":"product-type-variable","37":"has-default-attributes"},"yoast_head":"<!-- This site is optimized with the Yoast SEO plugin v27.3 - https:\/\/yoast.com\/product\/yoast-seo-wordpress\/ -->\n<title>Kupite imitrex Sumatriptan 100 mg - Najbolji globalni lijekovi<\/title>\n<meta name=\"description\" content=\"Kupite imitrex Sumatriptan 100 mg tablete za ubla\u017eavanje migrene sigurno i sigurno u mre\u017enoj ljekarni u Ujedinjenom Kraljevstvu. Sumatriptan\u00a0je generi\u010dka, jeftinija verzija Imigrana.\" \/>\n<meta name=\"robots\" content=\"index, follow, max-snippet:-1, max-image-preview:large, max-video-preview:-1\" \/>\n<link rel=\"canonical\" href=\"https:\/\/medicinasinc.com\/hr\/product\/kupiti-imitrex-sumatriptan-100-mg\/\" \/>\n<meta property=\"og:locale\" content=\"hr_HR\" \/>\n<meta property=\"og:type\" content=\"article\" \/>\n<meta property=\"og:title\" content=\"Kupite imitrex Sumatriptan 100 mg - Najbolji globalni lijekovi\" \/>\n<meta property=\"og:description\" content=\"Kupite imitrex Sumatriptan 100 mg tablete za ubla\u017eavanje migrene sigurno i sigurno u mre\u017enoj ljekarni u Ujedinjenom Kraljevstvu. Sumatriptan\u00a0je generi\u010dka, jeftinija verzija Imigrana.\" \/>\n<meta property=\"og:url\" content=\"https:\/\/medicinasinc.com\/hr\/product\/kupiti-imitrex-sumatriptan-100-mg\/\" \/>\n<meta property=\"og:site_name\" content=\"Medicinas Inc\" \/>\n<meta property=\"article:modified_time\" content=\"2022-03-15T05:46:23+00:00\" \/>\n<meta property=\"og:image\" content=\"https:\/\/medicinasinc.com\/hr\/wp-content\/uploads\/sites\/3\/2022\/02\/Buy-imitrex-Sumatriptan-100-mg.jpg\" \/>\n\t<meta property=\"og:image:width\" content=\"846\" \/>\n\t<meta property=\"og:image:height\" content=\"600\" \/>\n\t<meta property=\"og:image:type\" content=\"image\/jpeg\" \/>\n<meta name=\"twitter:card\" content=\"summary_large_image\" \/>\n<meta name=\"twitter:label1\" content=\"Procijenjeno vrijeme \u010ditanja\" \/>\n\t<meta name=\"twitter:data1\" content=\"4 minute\" \/>\n<script type=\"application\/ld+json\" class=\"yoast-schema-graph\">{\"@context\":\"https:\\\/\\\/schema.org\",\"@graph\":[{\"@type\":\"WebPage\",\"@id\":\"https:\\\/\\\/medicinasinc.com\\\/hr\\\/product\\\/kupiti-imitrex-sumatriptan-100-mg\\\/\",\"url\":\"https:\\\/\\\/medicinasinc.com\\\/hr\\\/product\\\/kupiti-imitrex-sumatriptan-100-mg\\\/\",\"name\":\"Kupite imitrex Sumatriptan 100 mg - Najbolji globalni lijekovi\",\"isPartOf\":{\"@id\":\"https:\\\/\\\/medicinasinc.com\\\/hr\\\/#website\"},\"primaryImageOfPage\":{\"@id\":\"https:\\\/\\\/medicinasinc.com\\\/hr\\\/product\\\/kupiti-imitrex-sumatriptan-100-mg\\\/#primaryimage\"},\"image\":{\"@id\":\"https:\\\/\\\/medicinasinc.com\\\/hr\\\/product\\\/kupiti-imitrex-sumatriptan-100-mg\\\/#primaryimage\"},\"thumbnailUrl\":\"https:\\\/\\\/medicinasinc.com\\\/hr\\\/wp-content\\\/uploads\\\/sites\\\/3\\\/2022\\\/02\\\/Buy-imitrex-Sumatriptan-100-mg.jpg\",\"datePublished\":\"2022-02-20T21:57:05+00:00\",\"dateModified\":\"2022-03-15T05:46:23+00:00\",\"description\":\"Kupite imitrex Sumatriptan 100 mg tablete za ubla\u017eavanje migrene sigurno i sigurno u mre\u017enoj ljekarni u Ujedinjenom Kraljevstvu. Sumatriptan\u00a0je generi\u010dka, jeftinija verzija Imigrana.\",\"breadcrumb\":{\"@id\":\"https:\\\/\\\/medicinasinc.com\\\/hr\\\/product\\\/kupiti-imitrex-sumatriptan-100-mg\\\/#breadcrumb\"},\"inLanguage\":\"hr\",\"potentialAction\":[{\"@type\":\"ReadAction\",\"target\":[\"https:\\\/\\\/medicinasinc.com\\\/hr\\\/product\\\/kupiti-imitrex-sumatriptan-100-mg\\\/\"]}]},{\"@type\":\"ImageObject\",\"inLanguage\":\"hr\",\"@id\":\"https:\\\/\\\/medicinasinc.com\\\/hr\\\/product\\\/kupiti-imitrex-sumatriptan-100-mg\\\/#primaryimage\",\"url\":\"https:\\\/\\\/medicinasinc.com\\\/hr\\\/wp-content\\\/uploads\\\/sites\\\/3\\\/2022\\\/02\\\/Buy-imitrex-Sumatriptan-100-mg.jpg\",\"contentUrl\":\"https:\\\/\\\/medicinasinc.com\\\/hr\\\/wp-content\\\/uploads\\\/sites\\\/3\\\/2022\\\/02\\\/Buy-imitrex-Sumatriptan-100-mg.jpg\",\"width\":846,\"height\":600},{\"@type\":\"BreadcrumbList\",\"@id\":\"https:\\\/\\\/medicinasinc.com\\\/hr\\\/product\\\/kupiti-imitrex-sumatriptan-100-mg\\\/#breadcrumb\",\"itemListElement\":[{\"@type\":\"ListItem\",\"position\":1,\"name\":\"Du\u0107an\",\"item\":\"https:\\\/\\\/medicinasinc.com\\\/hr\\\/ducan\\\/\"},{\"@type\":\"ListItem\",\"position\":2,\"name\":\"Kupite imitrex Sumatriptan 100 mg\"}]},{\"@type\":\"WebSite\",\"@id\":\"https:\\\/\\\/medicinasinc.com\\\/hr\\\/#website\",\"url\":\"https:\\\/\\\/medicinasinc.com\\\/hr\\\/\",\"name\":\"Medicinas Inc\",\"description\":\"Health Medical Clinic\",\"potentialAction\":[{\"@type\":\"SearchAction\",\"target\":{\"@type\":\"EntryPoint\",\"urlTemplate\":\"https:\\\/\\\/medicinasinc.com\\\/hr\\\/?s={search_term_string}\"},\"query-input\":{\"@type\":\"PropertyValueSpecification\",\"valueRequired\":true,\"valueName\":\"search_term_string\"}}],\"inLanguage\":\"hr\"}]}<\/script>\n<!-- \/ Yoast SEO plugin. -->","yoast_head_json":{"title":"Kupite imitrex Sumatriptan 100 mg - Najbolji globalni lijekovi","description":"Kupite imitrex Sumatriptan 100 mg tablete za ubla\u017eavanje migrene sigurno i sigurno u mre\u017enoj ljekarni u Ujedinjenom Kraljevstvu. Sumatriptan\u00a0je generi\u010dka, jeftinija verzija Imigrana.","robots":{"index":"index","follow":"follow","max-snippet":"max-snippet:-1","max-image-preview":"max-image-preview:large","max-video-preview":"max-video-preview:-1"},"canonical":"https:\/\/medicinasinc.com\/hr\/product\/kupiti-imitrex-sumatriptan-100-mg\/","og_locale":"hr_HR","og_type":"article","og_title":"Kupite imitrex Sumatriptan 100 mg - Najbolji globalni lijekovi","og_description":"Kupite imitrex Sumatriptan 100 mg tablete za ubla\u017eavanje migrene sigurno i sigurno u mre\u017enoj ljekarni u Ujedinjenom Kraljevstvu. Sumatriptan\u00a0je generi\u010dka, jeftinija verzija Imigrana.","og_url":"https:\/\/medicinasinc.com\/hr\/product\/kupiti-imitrex-sumatriptan-100-mg\/","og_site_name":"Medicinas Inc","article_modified_time":"2022-03-15T05:46:23+00:00","og_image":[{"width":846,"height":600,"url":"https:\/\/medicinasinc.com\/hr\/wp-content\/uploads\/sites\/3\/2022\/02\/Buy-imitrex-Sumatriptan-100-mg.jpg","type":"image\/jpeg"}],"twitter_card":"summary_large_image","twitter_misc":{"Procijenjeno vrijeme \u010ditanja":"4 minute"},"schema":{"@context":"https:\/\/schema.org","@graph":[{"@type":"WebPage","@id":"https:\/\/medicinasinc.com\/hr\/product\/kupiti-imitrex-sumatriptan-100-mg\/","url":"https:\/\/medicinasinc.com\/hr\/product\/kupiti-imitrex-sumatriptan-100-mg\/","name":"Kupite imitrex Sumatriptan 100 mg - Najbolji globalni lijekovi","isPartOf":{"@id":"https:\/\/medicinasinc.com\/hr\/#website"},"primaryImageOfPage":{"@id":"https:\/\/medicinasinc.com\/hr\/product\/kupiti-imitrex-sumatriptan-100-mg\/#primaryimage"},"image":{"@id":"https:\/\/medicinasinc.com\/hr\/product\/kupiti-imitrex-sumatriptan-100-mg\/#primaryimage"},"thumbnailUrl":"https:\/\/medicinasinc.com\/hr\/wp-content\/uploads\/sites\/3\/2022\/02\/Buy-imitrex-Sumatriptan-100-mg.jpg","datePublished":"2022-02-20T21:57:05+00:00","dateModified":"2022-03-15T05:46:23+00:00","description":"Kupite imitrex Sumatriptan 100 mg tablete za ubla\u017eavanje migrene sigurno i sigurno u mre\u017enoj ljekarni u Ujedinjenom Kraljevstvu. Sumatriptan\u00a0je generi\u010dka, jeftinija verzija Imigrana.","breadcrumb":{"@id":"https:\/\/medicinasinc.com\/hr\/product\/kupiti-imitrex-sumatriptan-100-mg\/#breadcrumb"},"inLanguage":"hr","potentialAction":[{"@type":"ReadAction","target":["https:\/\/medicinasinc.com\/hr\/product\/kupiti-imitrex-sumatriptan-100-mg\/"]}]},{"@type":"ImageObject","inLanguage":"hr","@id":"https:\/\/medicinasinc.com\/hr\/product\/kupiti-imitrex-sumatriptan-100-mg\/#primaryimage","url":"https:\/\/medicinasinc.com\/hr\/wp-content\/uploads\/sites\/3\/2022\/02\/Buy-imitrex-Sumatriptan-100-mg.jpg","contentUrl":"https:\/\/medicinasinc.com\/hr\/wp-content\/uploads\/sites\/3\/2022\/02\/Buy-imitrex-Sumatriptan-100-mg.jpg","width":846,"height":600},{"@type":"BreadcrumbList","@id":"https:\/\/medicinasinc.com\/hr\/product\/kupiti-imitrex-sumatriptan-100-mg\/#breadcrumb","itemListElement":[{"@type":"ListItem","position":1,"name":"Du\u0107an","item":"https:\/\/medicinasinc.com\/hr\/ducan\/"},{"@type":"ListItem","position":2,"name":"Kupite imitrex Sumatriptan 100 mg"}]},{"@type":"WebSite","@id":"https:\/\/medicinasinc.com\/hr\/#website","url":"https:\/\/medicinasinc.com\/hr\/","name":"Medicinas Inc","description":"Health Medical Clinic","potentialAction":[{"@type":"SearchAction","target":{"@type":"EntryPoint","urlTemplate":"https:\/\/medicinasinc.com\/hr\/?s={search_term_string}"},"query-input":{"@type":"PropertyValueSpecification","valueRequired":true,"valueName":"search_term_string"}}],"inLanguage":"hr"}]}},"_links":{"self":[{"href":"https:\/\/medicinasinc.com\/hr\/wp-json\/wp\/v2\/product\/5207","targetHints":{"allow":["GET"]}}],"collection":[{"href":"https:\/\/medicinasinc.com\/hr\/wp-json\/wp\/v2\/product"}],"about":[{"href":"https:\/\/medicinasinc.com\/hr\/wp-json\/wp\/v2\/types\/product"}],"replies":[{"embeddable":true,"href":"https:\/\/medicinasinc.com\/hr\/wp-json\/wp\/v2\/comments?post=5207"}],"wp:featuredmedia":[{"embeddable":true,"href":"https:\/\/medicinasinc.com\/hr\/wp-json\/wp\/v2\/media\/5224"}],"wp:attachment":[{"href":"https:\/\/medicinasinc.com\/hr\/wp-json\/wp\/v2\/media?parent=5207"}],"wp:term":[{"taxonomy":"product_brand","embeddable":true,"href":"https:\/\/medicinasinc.com\/hr\/wp-json\/wp\/v2\/product_brand?post=5207"},{"taxonomy":"product_cat","embeddable":true,"href":"https:\/\/medicinasinc.com\/hr\/wp-json\/wp\/v2\/product_cat?post=5207"},{"taxonomy":"product_tag","embeddable":true,"href":"https:\/\/medicinasinc.com\/hr\/wp-json\/wp\/v2\/product_tag?post=5207"}],"curies":[{"name":"wp","href":"https:\/\/api.w.org\/{rel}","templated":true}]}}