{"id":5184,"date":"2022-02-20T21:36:32","date_gmt":"2022-02-20T21:36:32","guid":{"rendered":"https:\/\/medicinasinc.com\/hr\/?post_type=product&#038;p=5184"},"modified":"2022-03-15T05:46:41","modified_gmt":"2022-03-15T05:46:41","slug":"kupi-hidrokodon-10-325mg","status":"publish","type":"product","link":"https:\/\/medicinasinc.com\/hr\/product\/kupi-hidrokodon-10-325mg\/","title":{"rendered":"Kupite hidrokodon 10\/325 mg"},"content":{"rendered":"<p>Gdje kupiti\u00a0Hydrocodone 10\/325mg?<\/p>\n<p>Budu\u0107i da je Hydrocodone sna\u017ean lijek protiv bolova, mo\u017eete ga nabaviti online bez recepta. Opijumski mak daje kodein, koji se koristi za proizvodnju ove droge. Kada se hidrokodon proizvodi iz kodeina, u\u010dinci ubla\u017eavanja boli su ja\u010di i ostaju dulje. Kao rezultat toga, lije\u010dnici \u010desto propisuju hidrokodon umjesto kodeina za lije\u010denje jake boli.<\/p>\n<p>U mozgu, hidrokodon mijenja kemijsku ravnote\u017eu, blokiraju\u0107i djelovanje receptora boli i tako osloba\u0111aju\u0107i korisnika bilo kakve percepcije boli. <\/p>\n<p>Zbog akutne i kroni\u010dne prirode boli prijeloma, hidrokodon je jedna od najboljih opcija za njezino lije\u010denje. Kada ljudi ne mogu spavati no\u0107u zbog boli, hidrokodon im mo\u017ee pomo\u0107i da se opuste i da im omogu\u0107i da se odmore nekoliko sati.<\/p>\n<p>Hidrokodon bi trebali uzimati samo oni koji bol do\u017eivljavaju kao bol. posljedica prijeloma kostiju, prema lije\u010dni\u010dkom mi\u0161ljenju. Oni s drugim vrstama boli, kao \u0161to su gr\u010devi, rane ili \u0161avovi nakon operacije, i dalje ga mogu podnijeti. Hidrokodon je jedan od naju\u010dinkovitijih lijekova protiv bolova u bilo kojoj od ovih situacija.<\/p>\n<p>Doziranje hidrokodona mora se pa\u017eljivo pratiti. Ovaj lijek mo\u017ee imati ozbiljne nuspojave ako se koristi u pogre\u0161noj koli\u010dini. Ovisnost o ovom lijeku \u010desta je nuspojava primanja neto\u010dnih doza. Zbog velikog potencijala za zlouporabu i ovisnost, hidrokodon treba koristiti rijetko i rijetko. Oni koji pate od kroni\u010dne boli ne smiju uzimati vi\u0161e od 20 mg hidrokodona dnevno. Svaka doza ve\u0107a od ove vjerojatno \u0107e dovesti do ovisnosti i na kraju ovisnosti.<\/p>\n<p>Mjere opreza za hidrokodon uklju\u010duju uzimanje to\u010dne doze u svakom trenutku. Ovaj lijek mo\u017ee uzrokovati ozbiljne negativne u\u010dinke ako se uzima u pogre\u0161nim koli\u010dinama. Osobe s astmom ili respiratornim pote\u0161ko\u0107ama ne smiju kupovati hidrokodon jer poti\u010de plitko disanje, \u0161to bi im moglo predstavljati veliki problem. Po\u010dnite s malim dozama ako kupujete hidrokodon online bez recepta kako biste saznali koliko je va\u0161em tijelu potrebno.<\/p>\n<p>Poznato je da hidrokodon uzrokuje niz neugodnih nuspojava, uklju\u010duju\u0107i pospanost, vrtoglavicu i mu\u010dninu. Kada kupujete hidrokodon online bez recepta i uzimate ga, svakako jedite dobro uravnote\u017eenu prehranu kako biste izbjegli probavne i crijevne probleme.<\/p>\n","protected":false},"excerpt":{"rendered":"<div class=\"woocommerce-product-details__short-description\">\n<p>Najbolje mjesto za kupnju Hydrocodone 10 325 mg online. Legalne lijekove mo\u017eete prona\u0107i u Best Global Meds, uglednoj internetskoj ljekarni. Mo\u017eete u\u0161tedjeti vrijeme i novac naru\u010divanjem putem interneta.<\/p>\n<p>Gdje kupiti Hydrocodone 10\/325mg online?<\/p>\n<p>Trudnice bi se trebale posavjetovati sa svojim lije\u010dnicima prije uzimanja ovog lijeka jer je on u ponudi. FDA klasa trudno\u0107e B, \u0161to zna\u010di da ne postoji na\u010din da se utvrdi kako \u0107e utjecati na nero\u0111eno dijete ili mladun\u010de.<\/p>\n<p>Na prodaju: Percocet 10\/325mg &#8211; Kupite bez recepta&#8230;<\/p>\n<p>Preporu\u010dene mre\u017ene ljekarne za kupnju Vicodina.<\/p>\n<\/p><\/div>\n","protected":false},"featured_media":5203,"comment_status":"open","ping_status":"closed","template":"","meta":[],"product_brand":[],"product_cat":[1117],"product_tag":[1297,1298,1300,1299,1317,1319,1318,1316,1325,1315,1320,1302,1322,1323,1324,1321,1326,1327,1328,1329,1330,1331,1332,1334,1333,1309,1311,1312,1335,1336,1310,1313,1337,1308],"class_list":{"0":"post-5184","1":"product","2":"type-product","3":"status-publish","4":"has-post-thumbnail","6":"product_cat-kupite-tablete-za-bol-spavanje-seks","7":"product_tag-buy-watson-online","8":"product_tag-generic-pills-for-sale-in-usa","9":"product_tag-generike-watson-pilule-za-prodaju-u-usa","10":"product_tag-anrovi-c4-8dki-watson","11":"product_tag-hidrokodon","12":"product_tag-hidrokodon-watson","13":"product_tag-hidrokodon-pilule","14":"product_tag-jeftin-hidrokodon","15":"product_tag-kupnja-hidrokodon","16":"product_tag-kupiti-hidrokodon-online-bitcoine","17":"product_tag-lortab","18":"product_tag-medication-without-prescription","19":"product_tag-red-hidrokodon","20":"product_tag-naruiti-hidrokodon-online","21":"product_tag-naruite-online-watson-540-500-mg","22":"product_tag-online-kupi-watson-540-500-mg","23":"product_tag-watson","24":"product_tag-watson-325-mg","25":"product_tag-watson-325mg","26":"product_tag-watson-540","27":"product_tag-watson-540-500-mg-kupi-online","28":"product_tag-watson-853-hidrokodon-10-325-mg","29":"product_tag-watson-853-hidrokodon-10-325-mg-je-tableta-tableta-u-obliku-kapsule-i-bijele-boje-dizajnirana-za-lijeenje-boli","30":"product_tag-watson-853-bijela-pilula","31":"product_tag-watson-853-hidrokodon-online","32":"product_tag-watson-for-sale-in-uk","33":"product_tag-watson-hidrokodon-pilule-protiv-boli","34":"product_tag-watson-lijek","35":"product_tag-watson-lortab","36":"product_tag-watson-medicine","37":"product_tag-watson-na-prodaja-u-sad","38":"product_tag-watson-tableta-za-ublaavanje-bolova","39":"product_tag-watson-pilule-bez-recepta-dijeli","40":"product_tag-watson-doza","42":"first","43":"instock","44":"shipping-taxable","45":"purchasable","46":"product-type-variable","47":"has-default-attributes"},"yoast_head":"<!-- This site is optimized with the Yoast SEO plugin v27.3 - https:\/\/yoast.com\/product\/yoast-seo-wordpress\/ -->\n<title>Kupite hidrokodon 10\/325 mg - najbolji najbolji svjetski lijekovi<\/title>\n<meta name=\"description\" content=\"Kupite Hydrocodone 10 325 mg za prodaju UK, Europa online po najboljoj cijeni. Best Global Meds je pouzdana internetska ljekarna s legalnim lijekovima. Naru\u010dite online i osigurajte svoje vrijeme i novac.\" \/>\n<meta name=\"robots\" content=\"index, follow, max-snippet:-1, max-image-preview:large, max-video-preview:-1\" \/>\n<link rel=\"canonical\" href=\"https:\/\/medicinasinc.com\/hr\/product\/kupi-hidrokodon-10-325mg\/\" \/>\n<meta property=\"og:locale\" content=\"hr_HR\" \/>\n<meta property=\"og:type\" content=\"article\" \/>\n<meta property=\"og:title\" content=\"Kupite hidrokodon 10\/325 mg - najbolji najbolji svjetski lijekovi\" \/>\n<meta property=\"og:description\" content=\"Kupite Hydrocodone 10 325 mg za prodaju UK, Europa online po najboljoj cijeni. Best Global Meds je pouzdana internetska ljekarna s legalnim lijekovima. Naru\u010dite online i osigurajte svoje vrijeme i novac.\" \/>\n<meta property=\"og:url\" content=\"https:\/\/medicinasinc.com\/hr\/product\/kupi-hidrokodon-10-325mg\/\" \/>\n<meta property=\"og:site_name\" content=\"Medicinas Inc\" \/>\n<meta property=\"article:modified_time\" content=\"2022-03-15T05:46:41+00:00\" \/>\n<meta property=\"og:image\" content=\"https:\/\/medicinasinc.com\/hr\/wp-content\/uploads\/sites\/3\/2022\/02\/buy-hydrocodone-10-325mg-online.jpg\" \/>\n\t<meta property=\"og:image:width\" content=\"600\" \/>\n\t<meta property=\"og:image:height\" content=\"600\" \/>\n\t<meta property=\"og:image:type\" content=\"image\/jpeg\" \/>\n<meta name=\"twitter:card\" content=\"summary_large_image\" \/>\n<meta name=\"twitter:label1\" content=\"Procijenjeno vrijeme \u010ditanja\" \/>\n\t<meta name=\"twitter:data1\" content=\"2 minute\" \/>\n<script type=\"application\/ld+json\" class=\"yoast-schema-graph\">{\"@context\":\"https:\\\/\\\/schema.org\",\"@graph\":[{\"@type\":\"WebPage\",\"@id\":\"https:\\\/\\\/medicinasinc.com\\\/hr\\\/product\\\/kupi-hidrokodon-10-325mg\\\/\",\"url\":\"https:\\\/\\\/medicinasinc.com\\\/hr\\\/product\\\/kupi-hidrokodon-10-325mg\\\/\",\"name\":\"Kupite hidrokodon 10\\\/325 mg - najbolji najbolji svjetski lijekovi\",\"isPartOf\":{\"@id\":\"https:\\\/\\\/medicinasinc.com\\\/hr\\\/#website\"},\"primaryImageOfPage\":{\"@id\":\"https:\\\/\\\/medicinasinc.com\\\/hr\\\/product\\\/kupi-hidrokodon-10-325mg\\\/#primaryimage\"},\"image\":{\"@id\":\"https:\\\/\\\/medicinasinc.com\\\/hr\\\/product\\\/kupi-hidrokodon-10-325mg\\\/#primaryimage\"},\"thumbnailUrl\":\"https:\\\/\\\/medicinasinc.com\\\/hr\\\/wp-content\\\/uploads\\\/sites\\\/3\\\/2022\\\/02\\\/buy-hydrocodone-10-325mg-online.jpg\",\"datePublished\":\"2022-02-20T21:36:32+00:00\",\"dateModified\":\"2022-03-15T05:46:41+00:00\",\"description\":\"Kupite Hydrocodone 10 325 mg za prodaju UK, Europa online po najboljoj cijeni. Best Global Meds je pouzdana internetska ljekarna s legalnim lijekovima. Naru\u010dite online i osigurajte svoje vrijeme i novac.\",\"breadcrumb\":{\"@id\":\"https:\\\/\\\/medicinasinc.com\\\/hr\\\/product\\\/kupi-hidrokodon-10-325mg\\\/#breadcrumb\"},\"inLanguage\":\"hr\",\"potentialAction\":[{\"@type\":\"ReadAction\",\"target\":[\"https:\\\/\\\/medicinasinc.com\\\/hr\\\/product\\\/kupi-hidrokodon-10-325mg\\\/\"]}]},{\"@type\":\"ImageObject\",\"inLanguage\":\"hr\",\"@id\":\"https:\\\/\\\/medicinasinc.com\\\/hr\\\/product\\\/kupi-hidrokodon-10-325mg\\\/#primaryimage\",\"url\":\"https:\\\/\\\/medicinasinc.com\\\/hr\\\/wp-content\\\/uploads\\\/sites\\\/3\\\/2022\\\/02\\\/buy-hydrocodone-10-325mg-online.jpg\",\"contentUrl\":\"https:\\\/\\\/medicinasinc.com\\\/hr\\\/wp-content\\\/uploads\\\/sites\\\/3\\\/2022\\\/02\\\/buy-hydrocodone-10-325mg-online.jpg\",\"width\":600,\"height\":600},{\"@type\":\"BreadcrumbList\",\"@id\":\"https:\\\/\\\/medicinasinc.com\\\/hr\\\/product\\\/kupi-hidrokodon-10-325mg\\\/#breadcrumb\",\"itemListElement\":[{\"@type\":\"ListItem\",\"position\":1,\"name\":\"Du\u0107an\",\"item\":\"https:\\\/\\\/medicinasinc.com\\\/hr\\\/ducan\\\/\"},{\"@type\":\"ListItem\",\"position\":2,\"name\":\"Kupite hidrokodon 10\\\/325 mg\"}]},{\"@type\":\"WebSite\",\"@id\":\"https:\\\/\\\/medicinasinc.com\\\/hr\\\/#website\",\"url\":\"https:\\\/\\\/medicinasinc.com\\\/hr\\\/\",\"name\":\"Medicinas Inc\",\"description\":\"Health Medical Clinic\",\"potentialAction\":[{\"@type\":\"SearchAction\",\"target\":{\"@type\":\"EntryPoint\",\"urlTemplate\":\"https:\\\/\\\/medicinasinc.com\\\/hr\\\/?s={search_term_string}\"},\"query-input\":{\"@type\":\"PropertyValueSpecification\",\"valueRequired\":true,\"valueName\":\"search_term_string\"}}],\"inLanguage\":\"hr\"}]}<\/script>\n<!-- \/ Yoast SEO plugin. -->","yoast_head_json":{"title":"Kupite hidrokodon 10\/325 mg - najbolji najbolji svjetski lijekovi","description":"Kupite Hydrocodone 10 325 mg za prodaju UK, Europa online po najboljoj cijeni. Best Global Meds je pouzdana internetska ljekarna s legalnim lijekovima. Naru\u010dite online i osigurajte svoje vrijeme i novac.","robots":{"index":"index","follow":"follow","max-snippet":"max-snippet:-1","max-image-preview":"max-image-preview:large","max-video-preview":"max-video-preview:-1"},"canonical":"https:\/\/medicinasinc.com\/hr\/product\/kupi-hidrokodon-10-325mg\/","og_locale":"hr_HR","og_type":"article","og_title":"Kupite hidrokodon 10\/325 mg - najbolji najbolji svjetski lijekovi","og_description":"Kupite Hydrocodone 10 325 mg za prodaju UK, Europa online po najboljoj cijeni. Best Global Meds je pouzdana internetska ljekarna s legalnim lijekovima. Naru\u010dite online i osigurajte svoje vrijeme i novac.","og_url":"https:\/\/medicinasinc.com\/hr\/product\/kupi-hidrokodon-10-325mg\/","og_site_name":"Medicinas Inc","article_modified_time":"2022-03-15T05:46:41+00:00","og_image":[{"width":600,"height":600,"url":"https:\/\/medicinasinc.com\/hr\/wp-content\/uploads\/sites\/3\/2022\/02\/buy-hydrocodone-10-325mg-online.jpg","type":"image\/jpeg"}],"twitter_card":"summary_large_image","twitter_misc":{"Procijenjeno vrijeme \u010ditanja":"2 minute"},"schema":{"@context":"https:\/\/schema.org","@graph":[{"@type":"WebPage","@id":"https:\/\/medicinasinc.com\/hr\/product\/kupi-hidrokodon-10-325mg\/","url":"https:\/\/medicinasinc.com\/hr\/product\/kupi-hidrokodon-10-325mg\/","name":"Kupite hidrokodon 10\/325 mg - najbolji najbolji svjetski lijekovi","isPartOf":{"@id":"https:\/\/medicinasinc.com\/hr\/#website"},"primaryImageOfPage":{"@id":"https:\/\/medicinasinc.com\/hr\/product\/kupi-hidrokodon-10-325mg\/#primaryimage"},"image":{"@id":"https:\/\/medicinasinc.com\/hr\/product\/kupi-hidrokodon-10-325mg\/#primaryimage"},"thumbnailUrl":"https:\/\/medicinasinc.com\/hr\/wp-content\/uploads\/sites\/3\/2022\/02\/buy-hydrocodone-10-325mg-online.jpg","datePublished":"2022-02-20T21:36:32+00:00","dateModified":"2022-03-15T05:46:41+00:00","description":"Kupite Hydrocodone 10 325 mg za prodaju UK, Europa online po najboljoj cijeni. Best Global Meds je pouzdana internetska ljekarna s legalnim lijekovima. Naru\u010dite online i osigurajte svoje vrijeme i novac.","breadcrumb":{"@id":"https:\/\/medicinasinc.com\/hr\/product\/kupi-hidrokodon-10-325mg\/#breadcrumb"},"inLanguage":"hr","potentialAction":[{"@type":"ReadAction","target":["https:\/\/medicinasinc.com\/hr\/product\/kupi-hidrokodon-10-325mg\/"]}]},{"@type":"ImageObject","inLanguage":"hr","@id":"https:\/\/medicinasinc.com\/hr\/product\/kupi-hidrokodon-10-325mg\/#primaryimage","url":"https:\/\/medicinasinc.com\/hr\/wp-content\/uploads\/sites\/3\/2022\/02\/buy-hydrocodone-10-325mg-online.jpg","contentUrl":"https:\/\/medicinasinc.com\/hr\/wp-content\/uploads\/sites\/3\/2022\/02\/buy-hydrocodone-10-325mg-online.jpg","width":600,"height":600},{"@type":"BreadcrumbList","@id":"https:\/\/medicinasinc.com\/hr\/product\/kupi-hidrokodon-10-325mg\/#breadcrumb","itemListElement":[{"@type":"ListItem","position":1,"name":"Du\u0107an","item":"https:\/\/medicinasinc.com\/hr\/ducan\/"},{"@type":"ListItem","position":2,"name":"Kupite hidrokodon 10\/325 mg"}]},{"@type":"WebSite","@id":"https:\/\/medicinasinc.com\/hr\/#website","url":"https:\/\/medicinasinc.com\/hr\/","name":"Medicinas Inc","description":"Health Medical Clinic","potentialAction":[{"@type":"SearchAction","target":{"@type":"EntryPoint","urlTemplate":"https:\/\/medicinasinc.com\/hr\/?s={search_term_string}"},"query-input":{"@type":"PropertyValueSpecification","valueRequired":true,"valueName":"search_term_string"}}],"inLanguage":"hr"}]}},"_links":{"self":[{"href":"https:\/\/medicinasinc.com\/hr\/wp-json\/wp\/v2\/product\/5184","targetHints":{"allow":["GET"]}}],"collection":[{"href":"https:\/\/medicinasinc.com\/hr\/wp-json\/wp\/v2\/product"}],"about":[{"href":"https:\/\/medicinasinc.com\/hr\/wp-json\/wp\/v2\/types\/product"}],"replies":[{"embeddable":true,"href":"https:\/\/medicinasinc.com\/hr\/wp-json\/wp\/v2\/comments?post=5184"}],"wp:featuredmedia":[{"embeddable":true,"href":"https:\/\/medicinasinc.com\/hr\/wp-json\/wp\/v2\/media\/5203"}],"wp:attachment":[{"href":"https:\/\/medicinasinc.com\/hr\/wp-json\/wp\/v2\/media?parent=5184"}],"wp:term":[{"taxonomy":"product_brand","embeddable":true,"href":"https:\/\/medicinasinc.com\/hr\/wp-json\/wp\/v2\/product_brand?post=5184"},{"taxonomy":"product_cat","embeddable":true,"href":"https:\/\/medicinasinc.com\/hr\/wp-json\/wp\/v2\/product_cat?post=5184"},{"taxonomy":"product_tag","embeddable":true,"href":"https:\/\/medicinasinc.com\/hr\/wp-json\/wp\/v2\/product_tag?post=5184"}],"curies":[{"name":"wp","href":"https:\/\/api.w.org\/{rel}","templated":true}]}}