{"id":5183,"date":"2022-02-20T21:35:10","date_gmt":"2022-02-20T21:35:10","guid":{"rendered":"https:\/\/medicinasinc.com\/hr\/?post_type=product&#038;p=5183"},"modified":"2022-03-15T05:46:55","modified_gmt":"2022-03-15T05:46:55","slug":"hidrokodon-10-500mg","status":"publish","type":"product","link":"https:\/\/medicinasinc.com\/hr\/product\/hidrokodon-10-500mg\/","title":{"rendered":"Hidrokodon 10\/500 mg"},"content":{"rendered":"<div class=\"product-next-previous\">\n<div class=\"product-prev\">\n<p>Hydrocodone 10\/500mg tablete trenutno su dostupne za kupnju online.<\/p>\n<p>Kombinacija visoke kvalitete. lijek za lije\u010denje umjerene do jake boli, Watson 540 (Hydrocodone) 500 mg je Watson 540 (Hydrocodone). Acetaminophen i Hydrocodone koriste se u formulaciji Hydrocodone za prodaju. Neopioidni acetaminofen i opioidni hidrokodon su lijekovi protiv bolova.<\/p>\n<p>U mozgu, ovaj lijek mijenja na\u010din na koji tijelo reagira i do\u017eivljava bol. Temperatura pojedinca tako\u0111er se mo\u017ee smanjiti upotrebom ovog lijeka.<\/p>\n<p>Zbog zna\u010dajnih \u0161tetnih u\u010dinaka plitkog\/sporog disanja koji se mogu pojaviti kada kupujete hidrokodon putem interneta, ne preporu\u010duje se djeci mla\u0111oj od 6 godina godina.<\/p>\n<p>Prije nego po\u010dnete uzimati ovaj lijek, svakako pro\u010ditajte Uputu s informacijama o pacijentu koju vam je dao lije\u010dnik.<\/p>\n<p>Kupite hidrokodon mo\u017ee se uzimati oralno, sa ili bez obroka. , ovisno o \u017eeljama korisnika. Posavjetujte se sa svojim lije\u010dnikom ili zdravstvenim djelatnikom prije uzimanja lijeka ako osjetite mu\u010dninu.<\/p>\n<p>\u0160to se nalazi u svakoj tableti Watson 540?<\/p>\n<p>Natrijev stearat magnezija<br \/> Mikrokristalna celuloza<br \/> Krospovidoni Kroskarmeloza Napravljen je od natrijevog stearata<br \/> \u0160krobPovidon<br \/> Polietilen tereftalat oksid<br \/> Sadr\u017ei BOJU PRA\u0160AK br. 10 D&amp;C \u017euta<\/p>\n<p>&nbsp;<\/p>\n<p> Ovisno o op\u0107em odgovoru pacijenta i zdravstvenom stanju, doziranje ovog lijeka mo\u017ee varirati. Nikada ne poku\u0161avajte pove\u0107ati dozu lijeka i prestanite uzimati samo ako vam to nalo\u017ei lije\u010dnik.<\/p>\n<p>Nagli prestanak uzimanja lijeka mo\u017ee dovesti do povla\u010denja. Kako biste izbjegli simptome ustezanja, slijedite lije\u010dni\u010dke upute za postupno smanjenje doze lijeka.<\/p>\n<p>Online kupnja hidrokodona ponekad mo\u017ee dovesti do ovisnosti. Preporu\u010da se da se navedena doza lijeka ne prekora\u010di kako bi se sprije\u010dila ovisnost o lijeku.<\/p>\n<p>Alergija:<\/p>\n<p>Pitajte svog lije\u010dnika ili zdravstvenog radnika mo\u017eete li koristiti ovaj lijek jer alergi\u010dni ste na sastojke acetaminofen i hidrokodon. Na reakciju pojedinca na ovaj proizvod mo\u017ee negativno utjecati prisutnost aktivnih tvari u njegovoj formulaciji.<\/p>\n<p>Pospanost:<\/p>\n<p>Pospanost ili vrtoglavica mogu se pojaviti kao nuspojava ovog lijeka. Treba izbjegavati vo\u017enju, kori\u0161tenje strojeva ili bilo koju drugu aktivnost koja zahtijeva potpunu pa\u017enju ili budnost. Molimo suzdr\u017eite se od sudjelovanja u bilo kojoj od ovih aktivnosti dok ne budete sigurni da to mo\u017eete u\u010diniti bez ikakvih pote\u0161ko\u0107a.<\/p>\n<p>Trudno\u0107a:<\/p>\n<p>Trudnicama se savjetuje da ne uzimaju ovaj lijek. Koristite ovaj lijek samo ako je to apsolutno neophodno. Posavjetujte se sa svojim lije\u010dnikom ili ljekarnikom kako biste saznali o prednostima i nedostacima uzimanja ovog lijeka tijekom trudno\u0107e.<\/p>\n<p>Dojenje<\/p>\n<p>Uzimanje ovog lijeka tijekom dojenja mo\u017ee imati negativan u\u010dinak na zdravlje bebe. Treba se brzo posavjetovati s lije\u010dnicima ako va\u0161a beba pokazuje neobi\u010dne simptome kao \u0161to su ote\u017eano disanje ili letargija, kao i problemi s jelom.<\/p>\n<p>Povra\u0107anje, vrtoglavica, pospanost i zatvor mogu se pojaviti kao posljedica uporabe hidrokodona. Kako se lijek nastavlja, neke od ovih nuspojava mogu s vremenom smanjiti svoju te\u017einu. Ako se bilo koji od ovih simptoma pogor\u0161a, trebate potra\u017eiti hitnu lije\u010dni\u010dku pomo\u0107 kako biste prona\u0161li rje\u0161enje.<\/p>\n<p>Trebali biste konzumirati puno vlakana i piti puno vode kako biste izbjegli zatvor. Uzmite laksativ za ubla\u017eavanje simptoma zatvora ako vam je potreban. Prije uzimanja laksativa trebate se posavjetovati sa svojim lije\u010dnikom.<\/p>\n<p>Trebali biste polako ustajati iz le\u017ee\u0107ih ili sjede\u0107ih polo\u017eaja ako \u017eelite umanjiti simptome vrtoglavice i vrtoglavice.<\/p>\n<\/p><\/div><\/div>\n","protected":false},"excerpt":{"rendered":"<div class=\"woocommerce-product-details__short-description\">\n<p>Kupite tablete Hydrocodone 10\/500mg za prodaju u Ujedinjenom Kraljevstvu, EU i Europi mo\u017eete kupiti online s na\u0161e web stranice. Dihidrokodeinon (hidrokodon) je poluproizveden opioid dobiven od kodeina i tebaina, dva sedativa koja se \u010desto javljaju.<\/p>\n<p>Za umjerenu do jaku bol, aktivni sastojak Watson 540 (Hydrocodone) je 500 mg hidrokodona. Acetaminophen i Hydrocodone koriste se u formulaciji Hydrocodone za prodaju. Hidroksikodon je opioidni lijek protiv bolova, dok je acetaminofen neopioid.<\/p>\n<\/p><\/div>\n","protected":false},"featured_media":5201,"comment_status":"open","ping_status":"closed","template":"","meta":[],"product_brand":[],"product_cat":[1117],"product_tag":[1297,1298,1300,1299,1301,1302,1303,1304,1305,1306,1307,1309,1311,1312,1310,1313,1314,1308],"class_list":{"0":"post-5183","1":"product","2":"type-product","3":"status-publish","4":"has-post-thumbnail","6":"product_cat-kupite-tablete-za-bol-spavanje-seks","7":"product_tag-buy-watson-online","8":"product_tag-generic-pills-for-sale-in-usa","9":"product_tag-generike-watson-pilule-za-prodaju-u-usa","10":"product_tag-anrovi-c4-8dki-watson","11":"product_tag-hidrokodon-na-prodaju","12":"product_tag-medication-without-prescription","13":"product_tag-watson-500-mg","14":"product_tag-watson-500mg","15":"product_tag-watson-540-hidrokodon-500-mg","16":"product_tag-watson-540-hidrokodon-online","17":"product_tag-watson-540-lijek","18":"product_tag-watson-for-sale-in-uk","19":"product_tag-watson-hidrokodon-pilule-protiv-boli","20":"product_tag-watson-lijek","21":"product_tag-watson-na-prodaja-u-sad","22":"product_tag-watson-tableta-za-ublaavanje-bolova","23":"product_tag-watson-pilule-bez-recepta","24":"product_tag-watson-doza","26":"first","27":"instock","28":"shipping-taxable","29":"purchasable","30":"product-type-variable","31":"has-default-attributes"},"yoast_head":"<!-- This site is optimized with the Yoast SEO plugin v27.3 - https:\/\/yoast.com\/product\/yoast-seo-wordpress\/ -->\n<title>Kupite hidrokodon 10\/500 mg - najbolji najbolji svjetski lijekovi<\/title>\n<meta name=\"description\" content=\"Kupite tablete Hydrocodone 10\/500 mg za prodaju u Velikoj Britaniji, EU, Europi na mre\u017ei. Hidrokodon ili dihidrokodeinon je poluproizvedeni opioid nastao iz dva uobi\u010dajena sedativa, kodeina i tebaina.\" \/>\n<meta name=\"robots\" content=\"index, follow, max-snippet:-1, max-image-preview:large, max-video-preview:-1\" \/>\n<link rel=\"canonical\" href=\"https:\/\/medicinasinc.com\/hr\/product\/hidrokodon-10-500mg\/\" \/>\n<meta property=\"og:locale\" content=\"hr_HR\" \/>\n<meta property=\"og:type\" content=\"article\" \/>\n<meta property=\"og:title\" content=\"Kupite hidrokodon 10\/500 mg - najbolji najbolji svjetski lijekovi\" \/>\n<meta property=\"og:description\" content=\"Kupite tablete Hydrocodone 10\/500 mg za prodaju u Velikoj Britaniji, EU, Europi na mre\u017ei. Hidrokodon ili dihidrokodeinon je poluproizvedeni opioid nastao iz dva uobi\u010dajena sedativa, kodeina i tebaina.\" \/>\n<meta property=\"og:url\" content=\"https:\/\/medicinasinc.com\/hr\/product\/hidrokodon-10-500mg\/\" \/>\n<meta property=\"og:site_name\" content=\"Medicinas Inc\" \/>\n<meta property=\"article:modified_time\" content=\"2022-03-15T05:46:55+00:00\" \/>\n<meta property=\"og:image\" content=\"https:\/\/medicinasinc.com\/hr\/wp-content\/uploads\/sites\/3\/2022\/02\/buy-hydrocodone-10-500mg-pills-online.jpg\" \/>\n\t<meta property=\"og:image:width\" content=\"600\" \/>\n\t<meta property=\"og:image:height\" content=\"600\" \/>\n\t<meta property=\"og:image:type\" content=\"image\/jpeg\" \/>\n<meta name=\"twitter:card\" content=\"summary_large_image\" \/>\n<meta name=\"twitter:label1\" content=\"Procijenjeno vrijeme \u010ditanja\" \/>\n\t<meta name=\"twitter:data1\" content=\"3 minute\" \/>\n<script type=\"application\/ld+json\" class=\"yoast-schema-graph\">{\"@context\":\"https:\\\/\\\/schema.org\",\"@graph\":[{\"@type\":\"WebPage\",\"@id\":\"https:\\\/\\\/medicinasinc.com\\\/hr\\\/product\\\/hidrokodon-10-500mg\\\/\",\"url\":\"https:\\\/\\\/medicinasinc.com\\\/hr\\\/product\\\/hidrokodon-10-500mg\\\/\",\"name\":\"Kupite hidrokodon 10\\\/500 mg - najbolji najbolji svjetski lijekovi\",\"isPartOf\":{\"@id\":\"https:\\\/\\\/medicinasinc.com\\\/hr\\\/#website\"},\"primaryImageOfPage\":{\"@id\":\"https:\\\/\\\/medicinasinc.com\\\/hr\\\/product\\\/hidrokodon-10-500mg\\\/#primaryimage\"},\"image\":{\"@id\":\"https:\\\/\\\/medicinasinc.com\\\/hr\\\/product\\\/hidrokodon-10-500mg\\\/#primaryimage\"},\"thumbnailUrl\":\"https:\\\/\\\/medicinasinc.com\\\/hr\\\/wp-content\\\/uploads\\\/sites\\\/3\\\/2022\\\/02\\\/buy-hydrocodone-10-500mg-pills-online.jpg\",\"datePublished\":\"2022-02-20T21:35:10+00:00\",\"dateModified\":\"2022-03-15T05:46:55+00:00\",\"description\":\"Kupite tablete Hydrocodone 10\\\/500 mg za prodaju u Velikoj Britaniji, EU, Europi na mre\u017ei. Hidrokodon ili dihidrokodeinon je poluproizvedeni opioid nastao iz dva uobi\u010dajena sedativa, kodeina i tebaina.\",\"breadcrumb\":{\"@id\":\"https:\\\/\\\/medicinasinc.com\\\/hr\\\/product\\\/hidrokodon-10-500mg\\\/#breadcrumb\"},\"inLanguage\":\"hr\",\"potentialAction\":[{\"@type\":\"ReadAction\",\"target\":[\"https:\\\/\\\/medicinasinc.com\\\/hr\\\/product\\\/hidrokodon-10-500mg\\\/\"]}]},{\"@type\":\"ImageObject\",\"inLanguage\":\"hr\",\"@id\":\"https:\\\/\\\/medicinasinc.com\\\/hr\\\/product\\\/hidrokodon-10-500mg\\\/#primaryimage\",\"url\":\"https:\\\/\\\/medicinasinc.com\\\/hr\\\/wp-content\\\/uploads\\\/sites\\\/3\\\/2022\\\/02\\\/buy-hydrocodone-10-500mg-pills-online.jpg\",\"contentUrl\":\"https:\\\/\\\/medicinasinc.com\\\/hr\\\/wp-content\\\/uploads\\\/sites\\\/3\\\/2022\\\/02\\\/buy-hydrocodone-10-500mg-pills-online.jpg\",\"width\":600,\"height\":600},{\"@type\":\"BreadcrumbList\",\"@id\":\"https:\\\/\\\/medicinasinc.com\\\/hr\\\/product\\\/hidrokodon-10-500mg\\\/#breadcrumb\",\"itemListElement\":[{\"@type\":\"ListItem\",\"position\":1,\"name\":\"Du\u0107an\",\"item\":\"https:\\\/\\\/medicinasinc.com\\\/hr\\\/ducan\\\/\"},{\"@type\":\"ListItem\",\"position\":2,\"name\":\"Hidrokodon 10\\\/500 mg\"}]},{\"@type\":\"WebSite\",\"@id\":\"https:\\\/\\\/medicinasinc.com\\\/hr\\\/#website\",\"url\":\"https:\\\/\\\/medicinasinc.com\\\/hr\\\/\",\"name\":\"Medicinas Inc\",\"description\":\"Health Medical Clinic\",\"potentialAction\":[{\"@type\":\"SearchAction\",\"target\":{\"@type\":\"EntryPoint\",\"urlTemplate\":\"https:\\\/\\\/medicinasinc.com\\\/hr\\\/?s={search_term_string}\"},\"query-input\":{\"@type\":\"PropertyValueSpecification\",\"valueRequired\":true,\"valueName\":\"search_term_string\"}}],\"inLanguage\":\"hr\"}]}<\/script>\n<!-- \/ Yoast SEO plugin. -->","yoast_head_json":{"title":"Kupite hidrokodon 10\/500 mg - najbolji najbolji svjetski lijekovi","description":"Kupite tablete Hydrocodone 10\/500 mg za prodaju u Velikoj Britaniji, EU, Europi na mre\u017ei. Hidrokodon ili dihidrokodeinon je poluproizvedeni opioid nastao iz dva uobi\u010dajena sedativa, kodeina i tebaina.","robots":{"index":"index","follow":"follow","max-snippet":"max-snippet:-1","max-image-preview":"max-image-preview:large","max-video-preview":"max-video-preview:-1"},"canonical":"https:\/\/medicinasinc.com\/hr\/product\/hidrokodon-10-500mg\/","og_locale":"hr_HR","og_type":"article","og_title":"Kupite hidrokodon 10\/500 mg - najbolji najbolji svjetski lijekovi","og_description":"Kupite tablete Hydrocodone 10\/500 mg za prodaju u Velikoj Britaniji, EU, Europi na mre\u017ei. Hidrokodon ili dihidrokodeinon je poluproizvedeni opioid nastao iz dva uobi\u010dajena sedativa, kodeina i tebaina.","og_url":"https:\/\/medicinasinc.com\/hr\/product\/hidrokodon-10-500mg\/","og_site_name":"Medicinas Inc","article_modified_time":"2022-03-15T05:46:55+00:00","og_image":[{"width":600,"height":600,"url":"https:\/\/medicinasinc.com\/hr\/wp-content\/uploads\/sites\/3\/2022\/02\/buy-hydrocodone-10-500mg-pills-online.jpg","type":"image\/jpeg"}],"twitter_card":"summary_large_image","twitter_misc":{"Procijenjeno vrijeme \u010ditanja":"3 minute"},"schema":{"@context":"https:\/\/schema.org","@graph":[{"@type":"WebPage","@id":"https:\/\/medicinasinc.com\/hr\/product\/hidrokodon-10-500mg\/","url":"https:\/\/medicinasinc.com\/hr\/product\/hidrokodon-10-500mg\/","name":"Kupite hidrokodon 10\/500 mg - najbolji najbolji svjetski lijekovi","isPartOf":{"@id":"https:\/\/medicinasinc.com\/hr\/#website"},"primaryImageOfPage":{"@id":"https:\/\/medicinasinc.com\/hr\/product\/hidrokodon-10-500mg\/#primaryimage"},"image":{"@id":"https:\/\/medicinasinc.com\/hr\/product\/hidrokodon-10-500mg\/#primaryimage"},"thumbnailUrl":"https:\/\/medicinasinc.com\/hr\/wp-content\/uploads\/sites\/3\/2022\/02\/buy-hydrocodone-10-500mg-pills-online.jpg","datePublished":"2022-02-20T21:35:10+00:00","dateModified":"2022-03-15T05:46:55+00:00","description":"Kupite tablete Hydrocodone 10\/500 mg za prodaju u Velikoj Britaniji, EU, Europi na mre\u017ei. Hidrokodon ili dihidrokodeinon je poluproizvedeni opioid nastao iz dva uobi\u010dajena sedativa, kodeina i tebaina.","breadcrumb":{"@id":"https:\/\/medicinasinc.com\/hr\/product\/hidrokodon-10-500mg\/#breadcrumb"},"inLanguage":"hr","potentialAction":[{"@type":"ReadAction","target":["https:\/\/medicinasinc.com\/hr\/product\/hidrokodon-10-500mg\/"]}]},{"@type":"ImageObject","inLanguage":"hr","@id":"https:\/\/medicinasinc.com\/hr\/product\/hidrokodon-10-500mg\/#primaryimage","url":"https:\/\/medicinasinc.com\/hr\/wp-content\/uploads\/sites\/3\/2022\/02\/buy-hydrocodone-10-500mg-pills-online.jpg","contentUrl":"https:\/\/medicinasinc.com\/hr\/wp-content\/uploads\/sites\/3\/2022\/02\/buy-hydrocodone-10-500mg-pills-online.jpg","width":600,"height":600},{"@type":"BreadcrumbList","@id":"https:\/\/medicinasinc.com\/hr\/product\/hidrokodon-10-500mg\/#breadcrumb","itemListElement":[{"@type":"ListItem","position":1,"name":"Du\u0107an","item":"https:\/\/medicinasinc.com\/hr\/ducan\/"},{"@type":"ListItem","position":2,"name":"Hidrokodon 10\/500 mg"}]},{"@type":"WebSite","@id":"https:\/\/medicinasinc.com\/hr\/#website","url":"https:\/\/medicinasinc.com\/hr\/","name":"Medicinas Inc","description":"Health Medical Clinic","potentialAction":[{"@type":"SearchAction","target":{"@type":"EntryPoint","urlTemplate":"https:\/\/medicinasinc.com\/hr\/?s={search_term_string}"},"query-input":{"@type":"PropertyValueSpecification","valueRequired":true,"valueName":"search_term_string"}}],"inLanguage":"hr"}]}},"_links":{"self":[{"href":"https:\/\/medicinasinc.com\/hr\/wp-json\/wp\/v2\/product\/5183","targetHints":{"allow":["GET"]}}],"collection":[{"href":"https:\/\/medicinasinc.com\/hr\/wp-json\/wp\/v2\/product"}],"about":[{"href":"https:\/\/medicinasinc.com\/hr\/wp-json\/wp\/v2\/types\/product"}],"replies":[{"embeddable":true,"href":"https:\/\/medicinasinc.com\/hr\/wp-json\/wp\/v2\/comments?post=5183"}],"wp:featuredmedia":[{"embeddable":true,"href":"https:\/\/medicinasinc.com\/hr\/wp-json\/wp\/v2\/media\/5201"}],"wp:attachment":[{"href":"https:\/\/medicinasinc.com\/hr\/wp-json\/wp\/v2\/media?parent=5183"}],"wp:term":[{"taxonomy":"product_brand","embeddable":true,"href":"https:\/\/medicinasinc.com\/hr\/wp-json\/wp\/v2\/product_brand?post=5183"},{"taxonomy":"product_cat","embeddable":true,"href":"https:\/\/medicinasinc.com\/hr\/wp-json\/wp\/v2\/product_cat?post=5183"},{"taxonomy":"product_tag","embeddable":true,"href":"https:\/\/medicinasinc.com\/hr\/wp-json\/wp\/v2\/product_tag?post=5183"}],"curies":[{"name":"wp","href":"https:\/\/api.w.org\/{rel}","templated":true}]}}