{"id":5182,"date":"2022-02-20T21:32:53","date_gmt":"2022-02-20T21:32:53","guid":{"rendered":"https:\/\/medicinasinc.com\/hr\/?post_type=product&#038;p=5182"},"modified":"2022-03-15T05:47:06","modified_gmt":"2022-03-15T05:47:06","slug":"kupiti-fentanil-transdermalni-sistemski-flaster","status":"publish","type":"product","link":"https:\/\/medicinasinc.com\/hr\/product\/kupiti-fentanil-transdermalni-sistemski-flaster\/","title":{"rendered":"Kupite flaster za transdermalni sistem fentanila"},"content":{"rendered":"<div class=\"product-next-previous\">\n<div class=\"product-prev\">\n<p>Transdermalni flasteri fentanila dostupni su za kupnju<br \/> Co Fentanil je \u0161to?<\/p>\n<p>Opioidi su klasa lijekova koji uklju\u010duju fentanil. Ako patite od kroni\u010dne (dugotrajne) jake boli i ve\u0107 uzimate opioidne (narkoti\u010dke) lijekove, mo\u017eda \u0107ete imati koristi od upotrebe fentanila.<\/p>\n<p>Koja je cijena kofentanila?<\/p>\n<p> p&gt; <\/p>\n<p>PocketPills nudi Co fentanil besplatno. Ako va\u0161e osiguranje pokriva tro\u0161ak Co fentanila, mo\u017eda \u0107ete ga mo\u0107i dobiti po sni\u017eenoj cijeni. Tro\u0161kovi izdavanja i dostave trebali bi biti uklju\u010deni u kona\u010dnu cijenu va\u0161e kupnje Co fentanila.<\/p>\n<p>Koliko je naknada za izdavanje Co fentanila?<\/p>\n<p>Naru\u010divanje Co fentanila od nas dolazi uz naknadu za izdavanje od nas. samo $0. Ako tra\u017eite najjeftiniju cijenu Co fentanila u Kanadi, Pocketpills je tu da vam pomogne.<br \/> Iskoristite na\u0161u ponudu besplatne dostave u Kanadi.<\/p>\n<p>Naziv lijeka: Co-Fentanyl <\/p>\n<p>Toksi\u010dnost<\/p>\n<p>Razli\u010diti lijekovi mogu izazvati ne\u017eeljene posljedice.<\/p>\n<p>Kada se lijek koristi kako je propisano, mogu se pojaviti ne\u017eeljene nuspojave koje se ne o\u010dekuju. . Mogu\u0107e je da nuspojave budu blage ili te\u0161ke, kao i dugotrajne ili kratkotrajne.<\/p>\n<p>Nemaju svi koji uzimaju Co Fentanil do\u017eivjeti sljede\u0107e nuspojave (Fentanyl-transdermalno).<\/p>\n<p>Razgovarajte sa svojim lije\u010dnikom ako ste zabrinuti zbog nuspojava Co fentanila (Fentanyl-transdermalno).<\/p>\n<p>Najmanje 1% korisnika Co fentanila imalo je sljede\u0107e nuspojave (Fentanyl-transdermalno) . Mogu\u0107e je da \u0107e neke od ovih nuspojava nestati same od sebe s vremenom.<\/p>\n<p>Ako primijetite bilo koju od ovih nuspojava, a one su neugodne ili ozbiljne, obratite se svom lije\u010dniku. Ako imate problema s nuspojavama, obratite se svom ljekarniku za pomo\u0107.<\/p>\n<p>konfuzija<br \/> Zatvor<br \/> zatvor pote\u0161ko\u0107e s fokusiranjem pospanost i vrtoglavica nave\u010der<br \/> Osje\u0107aj tjeskobe, crvenjenje , i glavobolja su svi simptomi suhih usta.<br \/> nedostatak pam\u0107enja<br \/> nelagoda ili svrbe\u017e na mjestu primjene<\/p>\n<p>\u010cesto postavljana pitanja o Co Fentanil<br \/> To Purchase Co Fentanyl online, morat \u0107ete znati kako.<\/p>\n<p>Ako imate valjani recept od svog lije\u010dnika, mo\u017eete kupiti Co Fentanyl online u PocketPills. Mo\u017eete zapo\u010deti tako da u\u010ditate svoj recept, kupite dopunu ili razgovarate s jednim od na\u0161ih kanadskih lije\u010dnika kako biste dobili online recept tako \u0161to \u0107ete prenijeti sve postoje\u0107e recepte u na\u0161u ljekarnu. Recept za Co fentanil: kamo da idem odavde?<\/p>\n<p>Na pocketpills.com mo\u017eete razgovarati s kanadskim lije\u010dnikom putem interneta. Tijekom va\u0161eg termina na\u0161i lije\u010dnici mogu vam izdavati recepte za lijekove putem interneta. Bez dodatnih tro\u0161kova, va\u0161 recept mo\u017eete diskretno i u originalnom pakiranju dostaviti na dom nakon \u0161to ga primite.<\/p>\n<p>Koliko brzo mogu o\u010dekivati \u200b\u200bsvoj paket?<\/p>\n<p>Da! Na nekim mjestima u mogu\u0107nosti smo ponuditi dostavu isti dan. Uz dostavu sljede\u0107eg dana, nudimo i dostavu preko no\u0107i.<br \/> Koliko ko\u0161ta dostava Co fentanila u Kanadu?<br \/> Tro\u0161kovi dostave Co fentanila za vas u Kanadi potpuno su besplatni. Smanjene naknade za izdavanje i besplatna dostava koju nudi Pocketpills olak\u0161avaju Kana\u0111anima primanje lijekova koji su im potrebni.<br \/> Dostava Co fentanila u moju ku\u0107u?<br \/> Ako ste naru\u010dili lijekove na recept od nas u Kanadi s va\u017ee\u0107im na recept, mogli bismo vam poslati Co Fentanil na vrata. Kontaktirajte nas ako niste sigurni isporu\u010dujemo li u va\u0161oj regiji.<br \/> Gdje mogu dobiti besplatni Co Fentanyl u Kanadi?<br \/> Ako imate plan zdravstvenog osiguranja koji pokriva Co Fentanil, mo\u017eete ga dobiti besplatno u Kanadi. Saznajte ispunjavate li uvjete za besplatni Co fentanil tako da kontaktirate svog davatelja usluga ili nas.<br \/> Gdje mogu prona\u0107i lije\u010dnika da dobijem Co fentanil?<br \/> Da. Kako biste saznali ispunjavate li uvjete za recept za Co Fentanil, mo\u017eete zakazati online konzultacije s kanadskim lije\u010dnikom putem Best Global Meds.<br \/> Mogu li bez recepta kupiti Co Fentanyl?<br \/> Da biste kupili Co Fentanil od nas, morate imati va\u017ee\u0107i recept. Ako trebate recept, kontaktirajte nas. Mo\u017eete se obratiti jednom od na\u0161ih lije\u010dnika kad god vam odgovara.<\/p>\n<p>&nbsp;<\/p>\n<p>Ovaj se lijek koristi za lije\u010denje kroni\u010dne boli (kao \u0161to je posljedica raka). Opioidni (narkoti\u010dki) analgetici, \u010diji je \u010dlan fentanil, uobi\u010dajena su vrsta lijeka protiv bolova. Mijenja na\u010din na koji va\u0161e tijelo percipira i reagira na bol djeluju\u0107i na mozak.<\/p>\n<p>Fentanil u obliku flastera ne smije se koristiti za lije\u010denje blage ili kratkotrajne boli. &#8220;kao&#8221; nije prikladan izraz za ovaj lijek.<\/p>\n<\/p><\/div><\/div>\n","protected":false},"excerpt":{"rendered":"<p>U UK je mogu\u0107e kupiti fentanil flaster na internetu, kao i fentanil op\u0107enito, kao i fentanil flastere za prodaju.<\/p>\n<p>Flasteri fentanila se koriste za lije\u010denje kroni\u010dne boli&amp;#8230 ;. Dok prikupljate recepte ili dobivate dodatne lijekove, spomenite flaster koji nosite svom ljekarniku.<\/p>\n","protected":false},"featured_media":5199,"comment_status":"open","ping_status":"closed","template":"","meta":[],"product_brand":[],"product_cat":[1117],"product_tag":[1248,1254,1268,1273,1271,1274,1250,1261,1266,1280,1257,1262,1263,1264,1269,1270,1272,1278,1279,1258,1259,1260,1247,1249,1251,1252,1256,1292,1295,1296,1281,1285,1288,1255,1287,1283,1284,1286,1282,1289,1265,1253,1277,1275,1291,1290,1294,1293,1276,1267],"class_list":{"0":"post-5182","1":"product","2":"type-product","3":"status-publish","4":"has-post-thumbnail","6":"product_cat-kupite-tablete-za-bol-spavanje-seks","7":"product_tag-100-mg-fentanil-zakrpa-ulina-cijena","8":"product_tag-best-way-to-get-high-on-fentanyl-patch","9":"product_tag-doza-flastera-fentanila","10":"product_tag-doze-flastera-fentanila-12-mcg","11":"product_tag-doze-flastera-fentanila","12":"product_tag-doziranje-flastera-fentanila","13":"product_tag-25-mcg-fentanil-ekvivalent-flastera","14":"product_tag-fentanil-patch-25-mcg-street-value","15":"product_tag-fentanil-flaster-vakanje","16":"product_tag-fentanil-transdermalni-flaster","17":"product_tag-fentanyl-pain-patch","18":"product_tag-fentanyl-patch-50-mcg","19":"product_tag-fentanyl-patch-75-mcg","20":"product_tag-fentanyl-patch-application","21":"product_tag-fentanyl-patch-dosage-12-mcg","22":"product_tag-fentanyl-patch-dosage-chart","23":"product_tag-fentanyl-patch-doses","24":"product_tag-fentanyl-patch-uses","25":"product_tag-fentanyl-patch-withdrawals","26":"product_tag-fentanil-flaster","27":"product_tag-fentanil-flaster-100-mcg","28":"product_tag-fentanil-flaster-100mcg","29":"product_tag-flaster-od-100-mg-fentanila","30":"product_tag-flaster-od-12-mikrograma-fentanila","31":"product_tag-flaster-od-50-mg-fentanila","32":"product_tag-flaster-od-75-mg-fentanila","33":"product_tag-fentanil-gel-flaster","34":"product_tag-flaster-za-puenje-fentanil","35":"product_tag-gdje-postaviti-fentanil-flaster","36":"product_tag-gdje-staviti-fentanil-flaster","37":"product_tag-how-long-does-a-fentanyl-patch-stay-in-your-system","38":"product_tag-how-to-smoke-a-fentanyl-patch","39":"product_tag-inject-fentanyl-patch","40":"product_tag-jedenje-fentanil-flaster","41":"product_tag-kako-koristiti-fentanil-flaster","42":"product_tag-kako-primijeniti-fentanil-flaster","43":"product_tag-kako-razgraditi-fentanil-flaster","44":"product_tag-kako-taper-off-fentanyl-flaster-bez-povlaenja-c4-8denja","45":"product_tag-koliko-dugo-treba-da-se-fentanil-flaster-ubaci","46":"product_tag-mallinckrodt-fentanyl-patch-extraction","47":"product_tag-robne-marke-fentanila","48":"product_tag-najbolje-mjesto-za-postavljanje-flastera-fentanila","49":"product_tag-nuspojave-fentanila-flastera","50":"product_tag-fentanil-flaster-za-prodaju","51":"product_tag-pucati-fentanil-flaster","52":"product_tag-sandoz-fentanil-flaster","53":"product_tag-to-su-fentanil-flaster","54":"product_tag-street-value-of-fentanyl-patch","55":"product_tag-fentanil-flaster-paket-uloak","56":"product_tag-zbrinjavanje-flastera-fentanila","58":"first","59":"instock","60":"shipping-taxable","61":"purchasable","62":"product-type-variable","63":"has-default-attributes"},"yoast_head":"<!-- This site is optimized with the Yoast SEO plugin v27.3 - https:\/\/yoast.com\/product\/yoast-seo-wordpress\/ -->\n<title>Kupite flaster za transdermalni sustav fentanila - najbolji najbolji svjetski lijekovi<\/title>\n<meta name=\"description\" content=\"Kupite flaster za fentanil online u Velikoj Britaniji, fentanil online u Velikoj Britaniji, cijena flastera za fentanil u Velikoj Britaniji, kupite flaster za fentanil u Velikoj Britaniji, cijena fentanila u Velikoj Britaniji, flaster za fentanil za prodaju u Velikoj Britaniji\" \/>\n<meta name=\"robots\" content=\"index, follow, max-snippet:-1, max-image-preview:large, max-video-preview:-1\" \/>\n<link rel=\"canonical\" href=\"https:\/\/medicinasinc.com\/hr\/product\/kupiti-fentanil-transdermalni-sistemski-flaster\/\" \/>\n<meta property=\"og:locale\" content=\"hr_HR\" \/>\n<meta property=\"og:type\" content=\"article\" \/>\n<meta property=\"og:title\" content=\"Kupite flaster za transdermalni sustav fentanila - najbolji najbolji svjetski lijekovi\" \/>\n<meta property=\"og:description\" content=\"Kupite flaster za fentanil online u Velikoj Britaniji, fentanil online u Velikoj Britaniji, cijena flastera za fentanil u Velikoj Britaniji, kupite flaster za fentanil u Velikoj Britaniji, cijena fentanila u Velikoj Britaniji, flaster za fentanil za prodaju u Velikoj Britaniji\" \/>\n<meta property=\"og:url\" content=\"https:\/\/medicinasinc.com\/hr\/product\/kupiti-fentanil-transdermalni-sistemski-flaster\/\" \/>\n<meta property=\"og:site_name\" content=\"Medicinas Inc\" \/>\n<meta property=\"article:modified_time\" content=\"2022-03-15T05:47:06+00:00\" \/>\n<meta property=\"og:image\" content=\"https:\/\/medicinasinc.com\/hr\/wp-content\/uploads\/sites\/3\/2022\/02\/buy-fentanyl-transdermal-system-patch.jpg\" \/>\n\t<meta property=\"og:image:width\" content=\"600\" \/>\n\t<meta property=\"og:image:height\" content=\"600\" \/>\n\t<meta property=\"og:image:type\" content=\"image\/jpeg\" \/>\n<meta name=\"twitter:card\" content=\"summary_large_image\" \/>\n<meta name=\"twitter:label1\" content=\"Procijenjeno vrijeme \u010ditanja\" \/>\n\t<meta name=\"twitter:data1\" content=\"4 minute\" \/>\n<script type=\"application\/ld+json\" class=\"yoast-schema-graph\">{\"@context\":\"https:\\\/\\\/schema.org\",\"@graph\":[{\"@type\":\"WebPage\",\"@id\":\"https:\\\/\\\/medicinasinc.com\\\/hr\\\/product\\\/kupiti-fentanil-transdermalni-sistemski-flaster\\\/\",\"url\":\"https:\\\/\\\/medicinasinc.com\\\/hr\\\/product\\\/kupiti-fentanil-transdermalni-sistemski-flaster\\\/\",\"name\":\"Kupite flaster za transdermalni sustav fentanila - najbolji najbolji svjetski lijekovi\",\"isPartOf\":{\"@id\":\"https:\\\/\\\/medicinasinc.com\\\/hr\\\/#website\"},\"primaryImageOfPage\":{\"@id\":\"https:\\\/\\\/medicinasinc.com\\\/hr\\\/product\\\/kupiti-fentanil-transdermalni-sistemski-flaster\\\/#primaryimage\"},\"image\":{\"@id\":\"https:\\\/\\\/medicinasinc.com\\\/hr\\\/product\\\/kupiti-fentanil-transdermalni-sistemski-flaster\\\/#primaryimage\"},\"thumbnailUrl\":\"https:\\\/\\\/medicinasinc.com\\\/hr\\\/wp-content\\\/uploads\\\/sites\\\/3\\\/2022\\\/02\\\/buy-fentanyl-transdermal-system-patch.jpg\",\"datePublished\":\"2022-02-20T21:32:53+00:00\",\"dateModified\":\"2022-03-15T05:47:06+00:00\",\"description\":\"Kupite flaster za fentanil online u Velikoj Britaniji, fentanil online u Velikoj Britaniji, cijena flastera za fentanil u Velikoj Britaniji, kupite flaster za fentanil u Velikoj Britaniji, cijena fentanila u Velikoj Britaniji, flaster za fentanil za prodaju u Velikoj Britaniji\",\"breadcrumb\":{\"@id\":\"https:\\\/\\\/medicinasinc.com\\\/hr\\\/product\\\/kupiti-fentanil-transdermalni-sistemski-flaster\\\/#breadcrumb\"},\"inLanguage\":\"hr\",\"potentialAction\":[{\"@type\":\"ReadAction\",\"target\":[\"https:\\\/\\\/medicinasinc.com\\\/hr\\\/product\\\/kupiti-fentanil-transdermalni-sistemski-flaster\\\/\"]}]},{\"@type\":\"ImageObject\",\"inLanguage\":\"hr\",\"@id\":\"https:\\\/\\\/medicinasinc.com\\\/hr\\\/product\\\/kupiti-fentanil-transdermalni-sistemski-flaster\\\/#primaryimage\",\"url\":\"https:\\\/\\\/medicinasinc.com\\\/hr\\\/wp-content\\\/uploads\\\/sites\\\/3\\\/2022\\\/02\\\/buy-fentanyl-transdermal-system-patch.jpg\",\"contentUrl\":\"https:\\\/\\\/medicinasinc.com\\\/hr\\\/wp-content\\\/uploads\\\/sites\\\/3\\\/2022\\\/02\\\/buy-fentanyl-transdermal-system-patch.jpg\",\"width\":600,\"height\":600},{\"@type\":\"BreadcrumbList\",\"@id\":\"https:\\\/\\\/medicinasinc.com\\\/hr\\\/product\\\/kupiti-fentanil-transdermalni-sistemski-flaster\\\/#breadcrumb\",\"itemListElement\":[{\"@type\":\"ListItem\",\"position\":1,\"name\":\"Du\u0107an\",\"item\":\"https:\\\/\\\/medicinasinc.com\\\/hr\\\/ducan\\\/\"},{\"@type\":\"ListItem\",\"position\":2,\"name\":\"Kupite flaster za transdermalni sistem fentanila\"}]},{\"@type\":\"WebSite\",\"@id\":\"https:\\\/\\\/medicinasinc.com\\\/hr\\\/#website\",\"url\":\"https:\\\/\\\/medicinasinc.com\\\/hr\\\/\",\"name\":\"Medicinas Inc\",\"description\":\"Health Medical Clinic\",\"potentialAction\":[{\"@type\":\"SearchAction\",\"target\":{\"@type\":\"EntryPoint\",\"urlTemplate\":\"https:\\\/\\\/medicinasinc.com\\\/hr\\\/?s={search_term_string}\"},\"query-input\":{\"@type\":\"PropertyValueSpecification\",\"valueRequired\":true,\"valueName\":\"search_term_string\"}}],\"inLanguage\":\"hr\"}]}<\/script>\n<!-- \/ Yoast SEO plugin. -->","yoast_head_json":{"title":"Kupite flaster za transdermalni sustav fentanila - najbolji najbolji svjetski lijekovi","description":"Kupite flaster za fentanil online u Velikoj Britaniji, fentanil online u Velikoj Britaniji, cijena flastera za fentanil u Velikoj Britaniji, kupite flaster za fentanil u Velikoj Britaniji, cijena fentanila u Velikoj Britaniji, flaster za fentanil za prodaju u Velikoj Britaniji","robots":{"index":"index","follow":"follow","max-snippet":"max-snippet:-1","max-image-preview":"max-image-preview:large","max-video-preview":"max-video-preview:-1"},"canonical":"https:\/\/medicinasinc.com\/hr\/product\/kupiti-fentanil-transdermalni-sistemski-flaster\/","og_locale":"hr_HR","og_type":"article","og_title":"Kupite flaster za transdermalni sustav fentanila - najbolji najbolji svjetski lijekovi","og_description":"Kupite flaster za fentanil online u Velikoj Britaniji, fentanil online u Velikoj Britaniji, cijena flastera za fentanil u Velikoj Britaniji, kupite flaster za fentanil u Velikoj Britaniji, cijena fentanila u Velikoj Britaniji, flaster za fentanil za prodaju u Velikoj Britaniji","og_url":"https:\/\/medicinasinc.com\/hr\/product\/kupiti-fentanil-transdermalni-sistemski-flaster\/","og_site_name":"Medicinas Inc","article_modified_time":"2022-03-15T05:47:06+00:00","og_image":[{"width":600,"height":600,"url":"https:\/\/medicinasinc.com\/hr\/wp-content\/uploads\/sites\/3\/2022\/02\/buy-fentanyl-transdermal-system-patch.jpg","type":"image\/jpeg"}],"twitter_card":"summary_large_image","twitter_misc":{"Procijenjeno vrijeme \u010ditanja":"4 minute"},"schema":{"@context":"https:\/\/schema.org","@graph":[{"@type":"WebPage","@id":"https:\/\/medicinasinc.com\/hr\/product\/kupiti-fentanil-transdermalni-sistemski-flaster\/","url":"https:\/\/medicinasinc.com\/hr\/product\/kupiti-fentanil-transdermalni-sistemski-flaster\/","name":"Kupite flaster za transdermalni sustav fentanila - najbolji najbolji svjetski lijekovi","isPartOf":{"@id":"https:\/\/medicinasinc.com\/hr\/#website"},"primaryImageOfPage":{"@id":"https:\/\/medicinasinc.com\/hr\/product\/kupiti-fentanil-transdermalni-sistemski-flaster\/#primaryimage"},"image":{"@id":"https:\/\/medicinasinc.com\/hr\/product\/kupiti-fentanil-transdermalni-sistemski-flaster\/#primaryimage"},"thumbnailUrl":"https:\/\/medicinasinc.com\/hr\/wp-content\/uploads\/sites\/3\/2022\/02\/buy-fentanyl-transdermal-system-patch.jpg","datePublished":"2022-02-20T21:32:53+00:00","dateModified":"2022-03-15T05:47:06+00:00","description":"Kupite flaster za fentanil online u Velikoj Britaniji, fentanil online u Velikoj Britaniji, cijena flastera za fentanil u Velikoj Britaniji, kupite flaster za fentanil u Velikoj Britaniji, cijena fentanila u Velikoj Britaniji, flaster za fentanil za prodaju u Velikoj Britaniji","breadcrumb":{"@id":"https:\/\/medicinasinc.com\/hr\/product\/kupiti-fentanil-transdermalni-sistemski-flaster\/#breadcrumb"},"inLanguage":"hr","potentialAction":[{"@type":"ReadAction","target":["https:\/\/medicinasinc.com\/hr\/product\/kupiti-fentanil-transdermalni-sistemski-flaster\/"]}]},{"@type":"ImageObject","inLanguage":"hr","@id":"https:\/\/medicinasinc.com\/hr\/product\/kupiti-fentanil-transdermalni-sistemski-flaster\/#primaryimage","url":"https:\/\/medicinasinc.com\/hr\/wp-content\/uploads\/sites\/3\/2022\/02\/buy-fentanyl-transdermal-system-patch.jpg","contentUrl":"https:\/\/medicinasinc.com\/hr\/wp-content\/uploads\/sites\/3\/2022\/02\/buy-fentanyl-transdermal-system-patch.jpg","width":600,"height":600},{"@type":"BreadcrumbList","@id":"https:\/\/medicinasinc.com\/hr\/product\/kupiti-fentanil-transdermalni-sistemski-flaster\/#breadcrumb","itemListElement":[{"@type":"ListItem","position":1,"name":"Du\u0107an","item":"https:\/\/medicinasinc.com\/hr\/ducan\/"},{"@type":"ListItem","position":2,"name":"Kupite flaster za transdermalni sistem fentanila"}]},{"@type":"WebSite","@id":"https:\/\/medicinasinc.com\/hr\/#website","url":"https:\/\/medicinasinc.com\/hr\/","name":"Medicinas Inc","description":"Health Medical Clinic","potentialAction":[{"@type":"SearchAction","target":{"@type":"EntryPoint","urlTemplate":"https:\/\/medicinasinc.com\/hr\/?s={search_term_string}"},"query-input":{"@type":"PropertyValueSpecification","valueRequired":true,"valueName":"search_term_string"}}],"inLanguage":"hr"}]}},"_links":{"self":[{"href":"https:\/\/medicinasinc.com\/hr\/wp-json\/wp\/v2\/product\/5182","targetHints":{"allow":["GET"]}}],"collection":[{"href":"https:\/\/medicinasinc.com\/hr\/wp-json\/wp\/v2\/product"}],"about":[{"href":"https:\/\/medicinasinc.com\/hr\/wp-json\/wp\/v2\/types\/product"}],"replies":[{"embeddable":true,"href":"https:\/\/medicinasinc.com\/hr\/wp-json\/wp\/v2\/comments?post=5182"}],"wp:featuredmedia":[{"embeddable":true,"href":"https:\/\/medicinasinc.com\/hr\/wp-json\/wp\/v2\/media\/5199"}],"wp:attachment":[{"href":"https:\/\/medicinasinc.com\/hr\/wp-json\/wp\/v2\/media?parent=5182"}],"wp:term":[{"taxonomy":"product_brand","embeddable":true,"href":"https:\/\/medicinasinc.com\/hr\/wp-json\/wp\/v2\/product_brand?post=5182"},{"taxonomy":"product_cat","embeddable":true,"href":"https:\/\/medicinasinc.com\/hr\/wp-json\/wp\/v2\/product_cat?post=5182"},{"taxonomy":"product_tag","embeddable":true,"href":"https:\/\/medicinasinc.com\/hr\/wp-json\/wp\/v2\/product_tag?post=5182"}],"curies":[{"name":"wp","href":"https:\/\/api.w.org\/{rel}","templated":true}]}}