{"id":5151,"date":"2022-02-20T21:07:35","date_gmt":"2022-02-20T21:07:35","guid":{"rendered":"https:\/\/medicinasinc.com\/hr\/?post_type=product&#038;p=5151"},"modified":"2022-08-04T06:32:33","modified_gmt":"2022-08-04T06:32:33","slug":"kupiti-diazepam-10-mg","status":"publish","type":"product","link":"https:\/\/medicinasinc.com\/hr\/product\/kupiti-diazepam-10-mg\/","title":{"rendered":"Kupite Diazepam 10 mg"},"content":{"rendered":"<p>Kupite 10mg Dextripam online (Diazepam)<\/p>\n<p>Diazepam 10 mg za prodaju online u Ujedinjenom Kraljevstvu, Europi po najboljoj cijeni dostupno je ovdje. Pravni lijekovi dostupni su na bestglobalmeds.com, pouzdanoj internetskoj ljekarni. Mo\u017eete u\u0161tedjeti vrijeme i novac naru\u010divanjem putem interneta.<\/p>\n<p>Dextripam 10mg tablete se mogu kupiti online. Diazepam je lijek koji se koristi za lije\u010denje anksioznosti, simptoma ustezanja od alkohola ili gr\u010deva u mi\u0161i\u0107ima.<\/p>\n<p>Doza od 10 mg Diazepama mo\u017ee se kupiti u Ujedinjenom Kraljevstvu. Diazepam (Valium 10 mg) se mo\u017ee kupiti na bestsleepingtablets.com. Imamo dobru zalihu Diazepam tableta na zalihama!<\/p>\n<p>Diazepam (generi\u010dki valium) i ostalo&#8230; mogu se usporediti, tiskani kuponi mogu se dobiti i prona\u0107i strategije za u\u0161tedu novca. Mo\u017eete naru\u010diti online i dostaviti je na va\u0161a vrata.<\/p>\n<div class=\"product-next-previous\">\n<div class=\"product-prev\"><\/div>\n<\/div>\n","protected":false},"excerpt":{"rendered":"<p>Kupite Diazepam 10 mg za prodaju online u UK, Europa po najboljoj cijeni dostupna je ovdje. Pravni lijekovi dostupni su na medicinasinc.com, pouzdanoj internetskoj ljekarni. Mo\u017eete u\u0161tedjeti vrijeme i novac naru\u010divanjem putem interneta.<\/p>\n<p>Dextripam 10mg tablete se mogu kupiti online. Diazepam je lijek koji se koristi za lije\u010denje anksioznosti, simptoma ustezanja od alkohola ili gr\u010deva u mi\u0161i\u0107ima.<\/p>\n<p>Doza od 10 mg Diazepama mo\u017ee se kupiti u Ujedinjenom Kraljevstvu. Diazepam (Valium 10 mg) se mo\u017ee kupiti na medicinasinc.com. Imamo dobru zalihu tableta Diazepama na zalihama!<\/p>\n<p>Diazepam (generi\u010dki valium) i ostalo\u2026 mogu se usporediti, tiskani kuponi mogu se dobiti i prona\u0107i strategije za u\u0161tedu novca. Mo\u017eete naru\u010diti online i dostaviti vam je na vrata.<\/p>\n","protected":false},"featured_media":5170,"comment_status":"open","ping_status":"closed","template":"","meta":[],"product_brand":[],"product_cat":[1117],"product_tag":[],"class_list":{"0":"post-5151","1":"product","2":"type-product","3":"status-publish","4":"has-post-thumbnail","6":"product_cat-kupite-tablete-za-bol-spavanje-seks","8":"first","9":"instock","10":"shipping-taxable","11":"purchasable","12":"product-type-variable","13":"has-default-attributes"},"yoast_head":"<!-- This site is optimized with the Yoast SEO plugin v27.3 - https:\/\/yoast.com\/product\/yoast-seo-wordpress\/ -->\n<title>Kupite Diazepam 10 mg - najbolji najbolji svjetski lijekovi<\/title>\n<meta name=\"description\" content=\"Kupite Diazepam 10 mg za prodaju UK, Europa online po najboljoj cijeni. medicinasinc.com je pouzdana internetska ljekarna s legalnim lijekovima. Naru\u010dite online i osigurajte svoje vrijeme i novac.\" \/>\n<meta name=\"robots\" content=\"index, follow, max-snippet:-1, max-image-preview:large, max-video-preview:-1\" \/>\n<link rel=\"canonical\" href=\"https:\/\/medicinasinc.com\/hr\/product\/kupiti-diazepam-10-mg\/\" \/>\n<meta property=\"og:locale\" content=\"hr_HR\" \/>\n<meta property=\"og:type\" content=\"article\" \/>\n<meta property=\"og:title\" content=\"Kupite Diazepam 10 mg - najbolji najbolji svjetski lijekovi\" \/>\n<meta property=\"og:description\" content=\"Kupite Diazepam 10 mg za prodaju UK, Europa online po najboljoj cijeni. medicinasinc.com je pouzdana internetska ljekarna s legalnim lijekovima. Naru\u010dite online i osigurajte svoje vrijeme i novac.\" \/>\n<meta property=\"og:url\" content=\"https:\/\/medicinasinc.com\/hr\/product\/kupiti-diazepam-10-mg\/\" \/>\n<meta property=\"og:site_name\" content=\"Medicinas Inc\" \/>\n<meta property=\"article:modified_time\" content=\"2022-08-04T06:32:33+00:00\" \/>\n<meta property=\"og:image\" content=\"https:\/\/medicinasinc.com\/hr\/wp-content\/uploads\/sites\/3\/2022\/02\/Buy-Diazepam-10-mg.jpg\" \/>\n\t<meta property=\"og:image:width\" content=\"400\" \/>\n\t<meta property=\"og:image:height\" content=\"400\" \/>\n\t<meta property=\"og:image:type\" content=\"image\/jpeg\" \/>\n<meta name=\"twitter:card\" content=\"summary_large_image\" \/>\n<meta name=\"twitter:label1\" content=\"Procijenjeno vrijeme \u010ditanja\" \/>\n\t<meta name=\"twitter:data1\" content=\"1 minuta\" \/>\n<script type=\"application\/ld+json\" class=\"yoast-schema-graph\">{\"@context\":\"https:\\\/\\\/schema.org\",\"@graph\":[{\"@type\":\"WebPage\",\"@id\":\"https:\\\/\\\/medicinasinc.com\\\/hr\\\/product\\\/kupiti-diazepam-10-mg\\\/\",\"url\":\"https:\\\/\\\/medicinasinc.com\\\/hr\\\/product\\\/kupiti-diazepam-10-mg\\\/\",\"name\":\"Kupite Diazepam 10 mg - najbolji najbolji svjetski lijekovi\",\"isPartOf\":{\"@id\":\"https:\\\/\\\/medicinasinc.com\\\/hr\\\/#website\"},\"primaryImageOfPage\":{\"@id\":\"https:\\\/\\\/medicinasinc.com\\\/hr\\\/product\\\/kupiti-diazepam-10-mg\\\/#primaryimage\"},\"image\":{\"@id\":\"https:\\\/\\\/medicinasinc.com\\\/hr\\\/product\\\/kupiti-diazepam-10-mg\\\/#primaryimage\"},\"thumbnailUrl\":\"https:\\\/\\\/medicinasinc.com\\\/hr\\\/wp-content\\\/uploads\\\/sites\\\/3\\\/2022\\\/02\\\/Buy-Diazepam-10-mg.jpg\",\"datePublished\":\"2022-02-20T21:07:35+00:00\",\"dateModified\":\"2022-08-04T06:32:33+00:00\",\"description\":\"Kupite Diazepam 10 mg za prodaju UK, Europa online po najboljoj cijeni. medicinasinc.com je pouzdana internetska ljekarna s legalnim lijekovima. Naru\u010dite online i osigurajte svoje vrijeme i novac.\",\"breadcrumb\":{\"@id\":\"https:\\\/\\\/medicinasinc.com\\\/hr\\\/product\\\/kupiti-diazepam-10-mg\\\/#breadcrumb\"},\"inLanguage\":\"hr\",\"potentialAction\":[{\"@type\":\"ReadAction\",\"target\":[\"https:\\\/\\\/medicinasinc.com\\\/hr\\\/product\\\/kupiti-diazepam-10-mg\\\/\"]}]},{\"@type\":\"ImageObject\",\"inLanguage\":\"hr\",\"@id\":\"https:\\\/\\\/medicinasinc.com\\\/hr\\\/product\\\/kupiti-diazepam-10-mg\\\/#primaryimage\",\"url\":\"https:\\\/\\\/medicinasinc.com\\\/hr\\\/wp-content\\\/uploads\\\/sites\\\/3\\\/2022\\\/02\\\/Buy-Diazepam-10-mg.jpg\",\"contentUrl\":\"https:\\\/\\\/medicinasinc.com\\\/hr\\\/wp-content\\\/uploads\\\/sites\\\/3\\\/2022\\\/02\\\/Buy-Diazepam-10-mg.jpg\",\"width\":400,\"height\":400},{\"@type\":\"BreadcrumbList\",\"@id\":\"https:\\\/\\\/medicinasinc.com\\\/hr\\\/product\\\/kupiti-diazepam-10-mg\\\/#breadcrumb\",\"itemListElement\":[{\"@type\":\"ListItem\",\"position\":1,\"name\":\"Du\u0107an\",\"item\":\"https:\\\/\\\/medicinasinc.com\\\/hr\\\/ducan\\\/\"},{\"@type\":\"ListItem\",\"position\":2,\"name\":\"Kupite Diazepam 10 mg\"}]},{\"@type\":\"WebSite\",\"@id\":\"https:\\\/\\\/medicinasinc.com\\\/hr\\\/#website\",\"url\":\"https:\\\/\\\/medicinasinc.com\\\/hr\\\/\",\"name\":\"Medicinas Inc\",\"description\":\"Health Medical Clinic\",\"potentialAction\":[{\"@type\":\"SearchAction\",\"target\":{\"@type\":\"EntryPoint\",\"urlTemplate\":\"https:\\\/\\\/medicinasinc.com\\\/hr\\\/?s={search_term_string}\"},\"query-input\":{\"@type\":\"PropertyValueSpecification\",\"valueRequired\":true,\"valueName\":\"search_term_string\"}}],\"inLanguage\":\"hr\"}]}<\/script>\n<!-- \/ Yoast SEO plugin. -->","yoast_head_json":{"title":"Kupite Diazepam 10 mg - najbolji najbolji svjetski lijekovi","description":"Kupite Diazepam 10 mg za prodaju UK, Europa online po najboljoj cijeni. medicinasinc.com je pouzdana internetska ljekarna s legalnim lijekovima. Naru\u010dite online i osigurajte svoje vrijeme i novac.","robots":{"index":"index","follow":"follow","max-snippet":"max-snippet:-1","max-image-preview":"max-image-preview:large","max-video-preview":"max-video-preview:-1"},"canonical":"https:\/\/medicinasinc.com\/hr\/product\/kupiti-diazepam-10-mg\/","og_locale":"hr_HR","og_type":"article","og_title":"Kupite Diazepam 10 mg - najbolji najbolji svjetski lijekovi","og_description":"Kupite Diazepam 10 mg za prodaju UK, Europa online po najboljoj cijeni. medicinasinc.com je pouzdana internetska ljekarna s legalnim lijekovima. Naru\u010dite online i osigurajte svoje vrijeme i novac.","og_url":"https:\/\/medicinasinc.com\/hr\/product\/kupiti-diazepam-10-mg\/","og_site_name":"Medicinas Inc","article_modified_time":"2022-08-04T06:32:33+00:00","og_image":[{"width":400,"height":400,"url":"https:\/\/medicinasinc.com\/hr\/wp-content\/uploads\/sites\/3\/2022\/02\/Buy-Diazepam-10-mg.jpg","type":"image\/jpeg"}],"twitter_card":"summary_large_image","twitter_misc":{"Procijenjeno vrijeme \u010ditanja":"1 minuta"},"schema":{"@context":"https:\/\/schema.org","@graph":[{"@type":"WebPage","@id":"https:\/\/medicinasinc.com\/hr\/product\/kupiti-diazepam-10-mg\/","url":"https:\/\/medicinasinc.com\/hr\/product\/kupiti-diazepam-10-mg\/","name":"Kupite Diazepam 10 mg - najbolji najbolji svjetski lijekovi","isPartOf":{"@id":"https:\/\/medicinasinc.com\/hr\/#website"},"primaryImageOfPage":{"@id":"https:\/\/medicinasinc.com\/hr\/product\/kupiti-diazepam-10-mg\/#primaryimage"},"image":{"@id":"https:\/\/medicinasinc.com\/hr\/product\/kupiti-diazepam-10-mg\/#primaryimage"},"thumbnailUrl":"https:\/\/medicinasinc.com\/hr\/wp-content\/uploads\/sites\/3\/2022\/02\/Buy-Diazepam-10-mg.jpg","datePublished":"2022-02-20T21:07:35+00:00","dateModified":"2022-08-04T06:32:33+00:00","description":"Kupite Diazepam 10 mg za prodaju UK, Europa online po najboljoj cijeni. medicinasinc.com je pouzdana internetska ljekarna s legalnim lijekovima. Naru\u010dite online i osigurajte svoje vrijeme i novac.","breadcrumb":{"@id":"https:\/\/medicinasinc.com\/hr\/product\/kupiti-diazepam-10-mg\/#breadcrumb"},"inLanguage":"hr","potentialAction":[{"@type":"ReadAction","target":["https:\/\/medicinasinc.com\/hr\/product\/kupiti-diazepam-10-mg\/"]}]},{"@type":"ImageObject","inLanguage":"hr","@id":"https:\/\/medicinasinc.com\/hr\/product\/kupiti-diazepam-10-mg\/#primaryimage","url":"https:\/\/medicinasinc.com\/hr\/wp-content\/uploads\/sites\/3\/2022\/02\/Buy-Diazepam-10-mg.jpg","contentUrl":"https:\/\/medicinasinc.com\/hr\/wp-content\/uploads\/sites\/3\/2022\/02\/Buy-Diazepam-10-mg.jpg","width":400,"height":400},{"@type":"BreadcrumbList","@id":"https:\/\/medicinasinc.com\/hr\/product\/kupiti-diazepam-10-mg\/#breadcrumb","itemListElement":[{"@type":"ListItem","position":1,"name":"Du\u0107an","item":"https:\/\/medicinasinc.com\/hr\/ducan\/"},{"@type":"ListItem","position":2,"name":"Kupite Diazepam 10 mg"}]},{"@type":"WebSite","@id":"https:\/\/medicinasinc.com\/hr\/#website","url":"https:\/\/medicinasinc.com\/hr\/","name":"Medicinas Inc","description":"Health Medical Clinic","potentialAction":[{"@type":"SearchAction","target":{"@type":"EntryPoint","urlTemplate":"https:\/\/medicinasinc.com\/hr\/?s={search_term_string}"},"query-input":{"@type":"PropertyValueSpecification","valueRequired":true,"valueName":"search_term_string"}}],"inLanguage":"hr"}]}},"_links":{"self":[{"href":"https:\/\/medicinasinc.com\/hr\/wp-json\/wp\/v2\/product\/5151","targetHints":{"allow":["GET"]}}],"collection":[{"href":"https:\/\/medicinasinc.com\/hr\/wp-json\/wp\/v2\/product"}],"about":[{"href":"https:\/\/medicinasinc.com\/hr\/wp-json\/wp\/v2\/types\/product"}],"replies":[{"embeddable":true,"href":"https:\/\/medicinasinc.com\/hr\/wp-json\/wp\/v2\/comments?post=5151"}],"wp:featuredmedia":[{"embeddable":true,"href":"https:\/\/medicinasinc.com\/hr\/wp-json\/wp\/v2\/media\/5170"}],"wp:attachment":[{"href":"https:\/\/medicinasinc.com\/hr\/wp-json\/wp\/v2\/media?parent=5151"}],"wp:term":[{"taxonomy":"product_brand","embeddable":true,"href":"https:\/\/medicinasinc.com\/hr\/wp-json\/wp\/v2\/product_brand?post=5151"},{"taxonomy":"product_cat","embeddable":true,"href":"https:\/\/medicinasinc.com\/hr\/wp-json\/wp\/v2\/product_cat?post=5151"},{"taxonomy":"product_tag","embeddable":true,"href":"https:\/\/medicinasinc.com\/hr\/wp-json\/wp\/v2\/product_tag?post=5151"}],"curies":[{"name":"wp","href":"https:\/\/api.w.org\/{rel}","templated":true}]}}