{"id":5149,"date":"2022-02-20T21:05:49","date_gmt":"2022-02-20T21:05:49","guid":{"rendered":"https:\/\/medicinasinc.com\/hr\/?post_type=product&#038;p=5149"},"modified":"2022-03-15T05:47:33","modified_gmt":"2022-03-15T05:47:33","slug":"kupiti-kodein-sulfat-30-mg","status":"publish","type":"product","link":"https:\/\/medicinasinc.com\/hr\/product\/kupiti-kodein-sulfat-30-mg\/","title":{"rendered":"Kupite kodein sulfat 30 mg"},"content":{"rendered":"<p>online kupnja 30mg kodein fosfata<\/p>\n<p>Kodein\u00a0(fosfat)\u00a030mg\u00a0pilule\/tablete:<\/p>\n<p>Kodein\u00a0(fosfat) lije\u010di bol ili ka\u0161alj. Sredstvo za ubla\u017eavanje ka\u0161lja i bolova u jednom, ovaj lijek je narkoti\u010dki lijek protiv bolova.<\/p>\n<p>Mo\u017eete kupiti Codeine Phosphate 30 mg na internetu i dostaviti ga preko no\u0107i na va\u0161a vrata putem FedExa, bez potrebe za receptom, jer sve dok ste u SAD-u.<\/p>\n<p>Kodein fosfat 30 mg dostupan je za kupnju putem interneta, uz brzu, sigurnu i sljedivu dostavu za sve kupnje. Sada je vrijeme za online kupnju kodein fosfata.<\/p>\n<p>Tablete kodein fosfata (30 mg). Kodein je sna\u017ean analgetik koji se mo\u017ee dobiti samo na lije\u010dni\u010dki recept. Sna\u017ean opijat i narkotik koji dobro djeluje. Naru\u010dite\u00a0..<\/p>\n<p>sedativi koji se prodaju u slobodnoj prodaji Trenutno na tr\u017ei\u0161tu. Kodein je sredstvo protiv bolova koje se mo\u017ee koristiti za lije\u010denje ili sprje\u010davanje umjerene do te\u0161ke nelagode. Tako\u0111er se mo\u017ee koristiti za lije\u010denje raznih bolesti. Kodein je dostupan bez recepta po vrlo razumnoj cijeni na internetu.<\/p>\n","protected":false},"excerpt":{"rendered":"<p>Kodein\u00a0(fosfat)\u00a030 mg\u00a0pilule\/tablete: kodein (fosfat) se koristi za ubla\u017eavanje ka\u0161lja i boli. Sredstvo protiv ka\u0161lja i bolova u jednom, ovaj lijek je narkoti\u010dki lijek protiv bolova.<\/p>\n<p>Mo\u017eete kupiti kodein fosfat\u00a030 mg na internetu i dostaviti ga preko no\u0107i na va\u0161a vrata putem FedEx-a, bez potrebe za receptom, kao \u0161to je npr. sve dok ste u SAD-u.<\/p>\n<p>Kodein fosfat 30 mg dostupan je za kupnju putem interneta, uz brzu, sigurnu i sljedivu dostavu za sve kupnje. Sada je vrijeme za online kupnju kodein fosfata.<\/p>\n<p>Tablete kodein fosfata (30 mg). Kodein je sna\u017ean analgetik koji se mo\u017ee dobiti samo na lije\u010dni\u010dki recept. Sna\u017ean opijat i narkotik koji dobro djeluje. Naru\u010dite\u00a0..<\/p>\n<p>sedativi koji se prodaju u slobodnoj prodaji Trenutno na tr\u017ei\u0161tu. Kodein je sredstvo protiv bolova koje se mo\u017ee koristiti za lije\u010denje ili sprje\u010davanje umjerene do te\u0161ke nelagode. Tako\u0111er se mo\u017ee koristiti za lije\u010denje raznih bolesti. Kodein je dostupan bez recepta po vrlo razumnoj cijeni na internetu.<\/p>\n","protected":false},"featured_media":5166,"comment_status":"open","ping_status":"closed","template":"","meta":[],"product_brand":[],"product_cat":[1117],"product_tag":[],"class_list":{"0":"post-5149","1":"product","2":"type-product","3":"status-publish","4":"has-post-thumbnail","6":"product_cat-kupite-tablete-za-bol-spavanje-seks","8":"first","9":"instock","10":"shipping-taxable","11":"purchasable","12":"product-type-variable","13":"has-default-attributes"},"yoast_head":"<!-- This site is optimized with the Yoast SEO plugin v27.3 - https:\/\/yoast.com\/product\/yoast-seo-wordpress\/ -->\n<title>Kupite kodein sulfat 30 mg - najbolji najbolji svjetski lijekovi<\/title>\n<meta name=\"description\" content=\"Kupite kodein sulfat 30 mg\u00a0online, dostava preko no\u0107i, lijekovi s markom, dostava putem FedExa, DPD bez recepta, dostava u SAD, UK, Europi.\" \/>\n<meta name=\"robots\" content=\"index, follow, max-snippet:-1, max-image-preview:large, max-video-preview:-1\" \/>\n<link rel=\"canonical\" href=\"https:\/\/medicinasinc.com\/hr\/product\/kupiti-kodein-sulfat-30-mg\/\" \/>\n<meta property=\"og:locale\" content=\"hr_HR\" \/>\n<meta property=\"og:type\" content=\"article\" \/>\n<meta property=\"og:title\" content=\"Kupite kodein sulfat 30 mg - najbolji najbolji svjetski lijekovi\" \/>\n<meta property=\"og:description\" content=\"Kupite kodein sulfat 30 mg\u00a0online, dostava preko no\u0107i, lijekovi s markom, dostava putem FedExa, DPD bez recepta, dostava u SAD, UK, Europi.\" \/>\n<meta property=\"og:url\" content=\"https:\/\/medicinasinc.com\/hr\/product\/kupiti-kodein-sulfat-30-mg\/\" \/>\n<meta property=\"og:site_name\" content=\"Medicinas Inc\" \/>\n<meta property=\"article:modified_time\" content=\"2022-03-15T05:47:33+00:00\" \/>\n<meta property=\"og:image\" content=\"https:\/\/medicinasinc.com\/hr\/wp-content\/uploads\/sites\/3\/2022\/02\/buy-codeine-sulfate-30mg-online.jpg\" \/>\n\t<meta property=\"og:image:width\" content=\"600\" \/>\n\t<meta property=\"og:image:height\" content=\"600\" \/>\n\t<meta property=\"og:image:type\" content=\"image\/jpeg\" \/>\n<meta name=\"twitter:card\" content=\"summary_large_image\" \/>\n<meta name=\"twitter:label1\" content=\"Procijenjeno vrijeme \u010ditanja\" \/>\n\t<meta name=\"twitter:data1\" content=\"1 minuta\" \/>\n<script type=\"application\/ld+json\" class=\"yoast-schema-graph\">{\"@context\":\"https:\\\/\\\/schema.org\",\"@graph\":[{\"@type\":\"WebPage\",\"@id\":\"https:\\\/\\\/medicinasinc.com\\\/hr\\\/product\\\/kupiti-kodein-sulfat-30-mg\\\/\",\"url\":\"https:\\\/\\\/medicinasinc.com\\\/hr\\\/product\\\/kupiti-kodein-sulfat-30-mg\\\/\",\"name\":\"Kupite kodein sulfat 30 mg - najbolji najbolji svjetski lijekovi\",\"isPartOf\":{\"@id\":\"https:\\\/\\\/medicinasinc.com\\\/hr\\\/#website\"},\"primaryImageOfPage\":{\"@id\":\"https:\\\/\\\/medicinasinc.com\\\/hr\\\/product\\\/kupiti-kodein-sulfat-30-mg\\\/#primaryimage\"},\"image\":{\"@id\":\"https:\\\/\\\/medicinasinc.com\\\/hr\\\/product\\\/kupiti-kodein-sulfat-30-mg\\\/#primaryimage\"},\"thumbnailUrl\":\"https:\\\/\\\/medicinasinc.com\\\/hr\\\/wp-content\\\/uploads\\\/sites\\\/3\\\/2022\\\/02\\\/buy-codeine-sulfate-30mg-online.jpg\",\"datePublished\":\"2022-02-20T21:05:49+00:00\",\"dateModified\":\"2022-03-15T05:47:33+00:00\",\"description\":\"Kupite kodein sulfat 30 mg\u00a0online, dostava preko no\u0107i, lijekovi s markom, dostava putem FedExa, DPD bez recepta, dostava u SAD, UK, Europi.\",\"breadcrumb\":{\"@id\":\"https:\\\/\\\/medicinasinc.com\\\/hr\\\/product\\\/kupiti-kodein-sulfat-30-mg\\\/#breadcrumb\"},\"inLanguage\":\"hr\",\"potentialAction\":[{\"@type\":\"ReadAction\",\"target\":[\"https:\\\/\\\/medicinasinc.com\\\/hr\\\/product\\\/kupiti-kodein-sulfat-30-mg\\\/\"]}]},{\"@type\":\"ImageObject\",\"inLanguage\":\"hr\",\"@id\":\"https:\\\/\\\/medicinasinc.com\\\/hr\\\/product\\\/kupiti-kodein-sulfat-30-mg\\\/#primaryimage\",\"url\":\"https:\\\/\\\/medicinasinc.com\\\/hr\\\/wp-content\\\/uploads\\\/sites\\\/3\\\/2022\\\/02\\\/buy-codeine-sulfate-30mg-online.jpg\",\"contentUrl\":\"https:\\\/\\\/medicinasinc.com\\\/hr\\\/wp-content\\\/uploads\\\/sites\\\/3\\\/2022\\\/02\\\/buy-codeine-sulfate-30mg-online.jpg\",\"width\":600,\"height\":600},{\"@type\":\"BreadcrumbList\",\"@id\":\"https:\\\/\\\/medicinasinc.com\\\/hr\\\/product\\\/kupiti-kodein-sulfat-30-mg\\\/#breadcrumb\",\"itemListElement\":[{\"@type\":\"ListItem\",\"position\":1,\"name\":\"Du\u0107an\",\"item\":\"https:\\\/\\\/medicinasinc.com\\\/hr\\\/ducan\\\/\"},{\"@type\":\"ListItem\",\"position\":2,\"name\":\"Kupite kodein sulfat 30 mg\"}]},{\"@type\":\"WebSite\",\"@id\":\"https:\\\/\\\/medicinasinc.com\\\/hr\\\/#website\",\"url\":\"https:\\\/\\\/medicinasinc.com\\\/hr\\\/\",\"name\":\"Medicinas Inc\",\"description\":\"Health Medical Clinic\",\"potentialAction\":[{\"@type\":\"SearchAction\",\"target\":{\"@type\":\"EntryPoint\",\"urlTemplate\":\"https:\\\/\\\/medicinasinc.com\\\/hr\\\/?s={search_term_string}\"},\"query-input\":{\"@type\":\"PropertyValueSpecification\",\"valueRequired\":true,\"valueName\":\"search_term_string\"}}],\"inLanguage\":\"hr\"}]}<\/script>\n<!-- \/ Yoast SEO plugin. -->","yoast_head_json":{"title":"Kupite kodein sulfat 30 mg - najbolji najbolji svjetski lijekovi","description":"Kupite kodein sulfat 30 mg\u00a0online, dostava preko no\u0107i, lijekovi s markom, dostava putem FedExa, DPD bez recepta, dostava u SAD, UK, Europi.","robots":{"index":"index","follow":"follow","max-snippet":"max-snippet:-1","max-image-preview":"max-image-preview:large","max-video-preview":"max-video-preview:-1"},"canonical":"https:\/\/medicinasinc.com\/hr\/product\/kupiti-kodein-sulfat-30-mg\/","og_locale":"hr_HR","og_type":"article","og_title":"Kupite kodein sulfat 30 mg - najbolji najbolji svjetski lijekovi","og_description":"Kupite kodein sulfat 30 mg\u00a0online, dostava preko no\u0107i, lijekovi s markom, dostava putem FedExa, DPD bez recepta, dostava u SAD, UK, Europi.","og_url":"https:\/\/medicinasinc.com\/hr\/product\/kupiti-kodein-sulfat-30-mg\/","og_site_name":"Medicinas Inc","article_modified_time":"2022-03-15T05:47:33+00:00","og_image":[{"width":600,"height":600,"url":"https:\/\/medicinasinc.com\/hr\/wp-content\/uploads\/sites\/3\/2022\/02\/buy-codeine-sulfate-30mg-online.jpg","type":"image\/jpeg"}],"twitter_card":"summary_large_image","twitter_misc":{"Procijenjeno vrijeme \u010ditanja":"1 minuta"},"schema":{"@context":"https:\/\/schema.org","@graph":[{"@type":"WebPage","@id":"https:\/\/medicinasinc.com\/hr\/product\/kupiti-kodein-sulfat-30-mg\/","url":"https:\/\/medicinasinc.com\/hr\/product\/kupiti-kodein-sulfat-30-mg\/","name":"Kupite kodein sulfat 30 mg - najbolji najbolji svjetski lijekovi","isPartOf":{"@id":"https:\/\/medicinasinc.com\/hr\/#website"},"primaryImageOfPage":{"@id":"https:\/\/medicinasinc.com\/hr\/product\/kupiti-kodein-sulfat-30-mg\/#primaryimage"},"image":{"@id":"https:\/\/medicinasinc.com\/hr\/product\/kupiti-kodein-sulfat-30-mg\/#primaryimage"},"thumbnailUrl":"https:\/\/medicinasinc.com\/hr\/wp-content\/uploads\/sites\/3\/2022\/02\/buy-codeine-sulfate-30mg-online.jpg","datePublished":"2022-02-20T21:05:49+00:00","dateModified":"2022-03-15T05:47:33+00:00","description":"Kupite kodein sulfat 30 mg\u00a0online, dostava preko no\u0107i, lijekovi s markom, dostava putem FedExa, DPD bez recepta, dostava u SAD, UK, Europi.","breadcrumb":{"@id":"https:\/\/medicinasinc.com\/hr\/product\/kupiti-kodein-sulfat-30-mg\/#breadcrumb"},"inLanguage":"hr","potentialAction":[{"@type":"ReadAction","target":["https:\/\/medicinasinc.com\/hr\/product\/kupiti-kodein-sulfat-30-mg\/"]}]},{"@type":"ImageObject","inLanguage":"hr","@id":"https:\/\/medicinasinc.com\/hr\/product\/kupiti-kodein-sulfat-30-mg\/#primaryimage","url":"https:\/\/medicinasinc.com\/hr\/wp-content\/uploads\/sites\/3\/2022\/02\/buy-codeine-sulfate-30mg-online.jpg","contentUrl":"https:\/\/medicinasinc.com\/hr\/wp-content\/uploads\/sites\/3\/2022\/02\/buy-codeine-sulfate-30mg-online.jpg","width":600,"height":600},{"@type":"BreadcrumbList","@id":"https:\/\/medicinasinc.com\/hr\/product\/kupiti-kodein-sulfat-30-mg\/#breadcrumb","itemListElement":[{"@type":"ListItem","position":1,"name":"Du\u0107an","item":"https:\/\/medicinasinc.com\/hr\/ducan\/"},{"@type":"ListItem","position":2,"name":"Kupite kodein sulfat 30 mg"}]},{"@type":"WebSite","@id":"https:\/\/medicinasinc.com\/hr\/#website","url":"https:\/\/medicinasinc.com\/hr\/","name":"Medicinas Inc","description":"Health Medical Clinic","potentialAction":[{"@type":"SearchAction","target":{"@type":"EntryPoint","urlTemplate":"https:\/\/medicinasinc.com\/hr\/?s={search_term_string}"},"query-input":{"@type":"PropertyValueSpecification","valueRequired":true,"valueName":"search_term_string"}}],"inLanguage":"hr"}]}},"_links":{"self":[{"href":"https:\/\/medicinasinc.com\/hr\/wp-json\/wp\/v2\/product\/5149","targetHints":{"allow":["GET"]}}],"collection":[{"href":"https:\/\/medicinasinc.com\/hr\/wp-json\/wp\/v2\/product"}],"about":[{"href":"https:\/\/medicinasinc.com\/hr\/wp-json\/wp\/v2\/types\/product"}],"replies":[{"embeddable":true,"href":"https:\/\/medicinasinc.com\/hr\/wp-json\/wp\/v2\/comments?post=5149"}],"wp:featuredmedia":[{"embeddable":true,"href":"https:\/\/medicinasinc.com\/hr\/wp-json\/wp\/v2\/media\/5166"}],"wp:attachment":[{"href":"https:\/\/medicinasinc.com\/hr\/wp-json\/wp\/v2\/media?parent=5149"}],"wp:term":[{"taxonomy":"product_brand","embeddable":true,"href":"https:\/\/medicinasinc.com\/hr\/wp-json\/wp\/v2\/product_brand?post=5149"},{"taxonomy":"product_cat","embeddable":true,"href":"https:\/\/medicinasinc.com\/hr\/wp-json\/wp\/v2\/product_cat?post=5149"},{"taxonomy":"product_tag","embeddable":true,"href":"https:\/\/medicinasinc.com\/hr\/wp-json\/wp\/v2\/product_tag?post=5149"}],"curies":[{"name":"wp","href":"https:\/\/api.w.org\/{rel}","templated":true}]}}