{"id":5148,"date":"2022-02-20T21:04:44","date_gmt":"2022-02-20T21:04:44","guid":{"rendered":"https:\/\/medicinasinc.com\/hr\/?post_type=product&#038;p=5148"},"modified":"2022-08-04T05:58:13","modified_gmt":"2022-08-04T05:58:13","slug":"kupiti-bunex-0-2mg-buprenorfin","status":"publish","type":"product","link":"https:\/\/medicinasinc.com\/hr\/product\/kupiti-bunex-0-2mg-buprenorfin\/","title":{"rendered":"Kupite Bunex 0,2 mg (buprenorfin)"},"content":{"rendered":"<p>Bunex Buprenorphine pilule se mogu kupiti putem interneta.<\/p>\n<p>Gdje mogu dobiti Buprenorphine? Gdje mogu nabaviti buprenorfin u slobodnoj prodaji?<\/p>\n<p>To je polusintetski lijek protiv bolova razvijen od prirodnih kemijskih spojeva opijumskog maka. Opijumski mak izvor je kemikalije tebaina, koja se koristi za proizvodnju buprenorfina. Budu\u0107i da je buprenorfin polusintetski, on je sintetski opioid. Svi lijekovi koji potje\u010du od opijumskog maka nazivaju se opioidima u medicinskoj zajednici. Opioidi su me\u0111u naju\u010dinkovitijim dostupnim lijekovima protiv bolova, s u\u010dincima koji znatno nadma\u0161uju one ve\u0107ine drugih lijekova.<\/p>\n<p>U kojem smislu djeluje lijek buprenorfin? Gdje kupiti buprenorfin<\/p>\n<p>Nakon \u0161to se apsorbira u krvotok, buprenorfin djeluje na \u017eiv\u010dani sustav. To se doga\u0111a kada buprenorfin u\u0111e u mozak, gdje blokira \u017eiv\u010dane zavr\u0161etke koji prenose bol. Buprenorfin ne rje\u0161ava temeljni uzrok pacijentove nelagode; nego smanjuje njihovu percepciju o tome, dopu\u0161taju\u0107i im da se opuste.<\/p>\n<p>Ljudima se redovito prepisuje buprenorfin. Bol zbog mi\u0161i\u0107nih gr\u010deva je naj\u010de\u0161\u0107i razlog za\u0161to ljudi uzimaju buprenorfin. Ako ikada do\u017eivite gr\u010d, razmislite o kupnji buprenorfina kako biste vidjeli mo\u017ee li vam pomo\u0107i da se nosite s nelagodom.<br \/>\nPacijentima koji su bili podvrgnuti operaciji ili se nose s prijelomima lije\u010dnici obi\u010dno propisuju buprenorfin. Buprenorfin poma\u017ee tim osobama da se izbore sa svojim bolovima dok ne izlije\u010de temeljni izvor nelagode.<\/p>\n<p>U kojem smislu lijek buprenorfin djeluje? Gdje kupiti buprenorfin<\/p>\n<p>Razina nelagode i mentalne snage osobe uvelike utje\u010du na dozu buprenorfina. Tipi\u010dno, najprije treba isprobati nisku dozu od 8 mg, a ako ne uspije, ve\u0107u dozu od 16 mg. Buprenorfin se mo\u017ee pove\u0107ati na 24 mg \u010dak i ako je 16 mg neu\u010dinkovito. Op\u0107enito, ako namjeravate kupiti buprenorfin online bez recepta, nemojte prelaziti ovu preporu\u010denu dozu.<\/p>\n<p>U kojem smislu lijek Buprenorfin djeluje? Gdje kupiti buprenorfin<\/p>\n<p>Za trudnice, buprenorfin nije prikladan lijek jer ima zna\u010dajan utjecaj na reproduktivni sustav \u017eena. Uzimanje buprenorfina mo\u017ee biti opasno za neke ljude koji su osjetljivi na opioide. Zbog opasnosti kori\u0161tenja buprenorfina za pacijente s rakom, trebali bi se posavjetovati s lije\u010dnikom prije kupnje buprenorfina putem interneta.<\/p>\n<p>Osim pospanosti, lijenosti, vrtoglavice, glavobolje i mu\u010dnine, buprenorfin mo\u017ee uzrokovati niz drugih \u0161tetnih u\u010dinaka. . Osim toga, neki ljudi mogu do\u017eivjeti promjenu u svom osjetilu dodira, u tom slu\u010daju trebaju potra\u017eiti lije\u010dni\u010dku pomo\u0107.<\/p>\n<p>Djelovanje buprenorfina<br \/>\nPrimjene buprenorfina<br \/>\nNuspojave na Buprenorfin Simptomi ovisnosti o buprenorfinu<\/p>\n","protected":false},"excerpt":{"rendered":"<p>Kupite Bunex 0,2mg (buprenorfin) za prodaju u Ujedinjenom Kraljevstvu, EU online u ljekarni Bestglobalmeds.com.com po jeftinim i pristupa\u010dnim cijenama sa sigurnom i brzom dostavom<\/p>\n<p>Kupite Bunex 0,2mg (buprenorfin) online -od medicinasinc.com online ljekarna po jeftinim i pristupa\u010dnim cijenama sa sigurnom i brzom dostavom. Kontaktirajte nas na info@medicinasinc.com<\/p>\n<p>Kupite Bunex 0,2mg (buprenorfin) online<\/p>\n<p>Bunex 0,2 mg (buprenorfin) cijene online<\/p>\n<p>Bunex 0,2mg (buprenorfin) cijene<\/p>\n<p>&nbsp;<\/p>\n<p>kupite Bunex 0,2mg (buprenorfin)<\/p>\n","protected":false},"featured_media":5164,"comment_status":"open","ping_status":"closed","template":"","meta":[],"product_brand":[],"product_cat":[1117],"product_tag":[4171,4170,1241,1242,1238,1239,1240,1243,1244,1245,1246],"class_list":{"0":"post-5148","1":"product","2":"type-product","3":"status-publish","4":"has-post-thumbnail","6":"product_cat-kupite-tablete-za-bol-spavanje-seks","7":"product_tag-20-mg","8":"product_tag-bunex-buprenorfin-0","9":"product_tag-bunex-buprenorfin-8mg","10":"product_tag-bunex-buprenorfin-online","11":"product_tag-bunex-buprenorphine-0-20mg-and-steroids","12":"product_tag-bunex-buprenorphine-0-20mg-online","13":"product_tag-bunex-buprenorphine-0-2mg-by-safe-pharma","14":"product_tag-bunex-buprenorfin","15":"product_tag-buy-buprenorphine-bunex-0-20mg","16":"product_tag-cbt-farmaceutika-trgovina-lijekovi-protiv-bolova-bunex-buprenorfin-20-mg","17":"product_tag-tramapartramadol-hcl-paracetamol-cijena-3-kupi-online-bunexbuprenorfin","19":"first","20":"instock","21":"shipping-taxable","22":"purchasable","23":"product-type-variable","24":"has-default-attributes"},"yoast_head":"<!-- This site is optimized with the Yoast SEO plugin v27.3 - https:\/\/yoast.com\/product\/yoast-seo-wordpress\/ -->\n<title>Kupite Bunex 0,2 mg (buprenorfin) - Researchem<\/title>\n<meta name=\"description\" content=\"Kupite Bunex 0,2 mg (buprenorfin) za prodaju u Velikoj Britaniji, EU online u ljekarni medicinasinc.com po povoljnim i pristupa\u010dnim cijenama sa sigurnom i brzom dostavom\" \/>\n<meta name=\"robots\" content=\"index, follow, max-snippet:-1, max-image-preview:large, max-video-preview:-1\" \/>\n<link rel=\"canonical\" href=\"https:\/\/medicinasinc.com\/hr\/product\/kupiti-bunex-0-2mg-buprenorfin\/\" \/>\n<meta property=\"og:locale\" content=\"hr_HR\" \/>\n<meta property=\"og:type\" content=\"article\" \/>\n<meta property=\"og:title\" content=\"Kupite Bunex 0,2 mg (buprenorfin) - Researchem\" \/>\n<meta property=\"og:description\" content=\"Kupite Bunex 0,2 mg (buprenorfin) za prodaju u Velikoj Britaniji, EU online u ljekarni medicinasinc.com po povoljnim i pristupa\u010dnim cijenama sa sigurnom i brzom dostavom\" \/>\n<meta property=\"og:url\" content=\"https:\/\/medicinasinc.com\/hr\/product\/kupiti-bunex-0-2mg-buprenorfin\/\" \/>\n<meta property=\"og:site_name\" content=\"Medicinas Inc\" \/>\n<meta property=\"article:modified_time\" content=\"2022-08-04T05:58:13+00:00\" \/>\n<meta property=\"og:image\" content=\"https:\/\/medicinasinc.com\/hr\/wp-content\/uploads\/sites\/3\/2022\/02\/Buy-Bunex-0.2mg.jpg\" \/>\n\t<meta property=\"og:image:width\" content=\"600\" \/>\n\t<meta property=\"og:image:height\" content=\"600\" \/>\n\t<meta property=\"og:image:type\" content=\"image\/jpeg\" \/>\n<meta name=\"twitter:card\" content=\"summary_large_image\" \/>\n<meta name=\"twitter:label1\" content=\"Procijenjeno vrijeme \u010ditanja\" \/>\n\t<meta name=\"twitter:data1\" content=\"2 minute\" \/>\n<script type=\"application\/ld+json\" class=\"yoast-schema-graph\">{\"@context\":\"https:\\\/\\\/schema.org\",\"@graph\":[{\"@type\":\"WebPage\",\"@id\":\"https:\\\/\\\/medicinasinc.com\\\/hr\\\/product\\\/kupiti-bunex-0-2mg-buprenorfin\\\/\",\"url\":\"https:\\\/\\\/medicinasinc.com\\\/hr\\\/product\\\/kupiti-bunex-0-2mg-buprenorfin\\\/\",\"name\":\"Kupite Bunex 0,2 mg (buprenorfin) - Researchem\",\"isPartOf\":{\"@id\":\"https:\\\/\\\/medicinasinc.com\\\/hr\\\/#website\"},\"primaryImageOfPage\":{\"@id\":\"https:\\\/\\\/medicinasinc.com\\\/hr\\\/product\\\/kupiti-bunex-0-2mg-buprenorfin\\\/#primaryimage\"},\"image\":{\"@id\":\"https:\\\/\\\/medicinasinc.com\\\/hr\\\/product\\\/kupiti-bunex-0-2mg-buprenorfin\\\/#primaryimage\"},\"thumbnailUrl\":\"https:\\\/\\\/medicinasinc.com\\\/hr\\\/wp-content\\\/uploads\\\/sites\\\/3\\\/2022\\\/02\\\/Buy-Bunex-0.2mg.jpg\",\"datePublished\":\"2022-02-20T21:04:44+00:00\",\"dateModified\":\"2022-08-04T05:58:13+00:00\",\"description\":\"Kupite Bunex 0,2 mg (buprenorfin) za prodaju u Velikoj Britaniji, EU online u ljekarni medicinasinc.com po povoljnim i pristupa\u010dnim cijenama sa sigurnom i brzom dostavom\",\"breadcrumb\":{\"@id\":\"https:\\\/\\\/medicinasinc.com\\\/hr\\\/product\\\/kupiti-bunex-0-2mg-buprenorfin\\\/#breadcrumb\"},\"inLanguage\":\"hr\",\"potentialAction\":[{\"@type\":\"ReadAction\",\"target\":[\"https:\\\/\\\/medicinasinc.com\\\/hr\\\/product\\\/kupiti-bunex-0-2mg-buprenorfin\\\/\"]}]},{\"@type\":\"ImageObject\",\"inLanguage\":\"hr\",\"@id\":\"https:\\\/\\\/medicinasinc.com\\\/hr\\\/product\\\/kupiti-bunex-0-2mg-buprenorfin\\\/#primaryimage\",\"url\":\"https:\\\/\\\/medicinasinc.com\\\/hr\\\/wp-content\\\/uploads\\\/sites\\\/3\\\/2022\\\/02\\\/Buy-Bunex-0.2mg.jpg\",\"contentUrl\":\"https:\\\/\\\/medicinasinc.com\\\/hr\\\/wp-content\\\/uploads\\\/sites\\\/3\\\/2022\\\/02\\\/Buy-Bunex-0.2mg.jpg\",\"width\":600,\"height\":600},{\"@type\":\"BreadcrumbList\",\"@id\":\"https:\\\/\\\/medicinasinc.com\\\/hr\\\/product\\\/kupiti-bunex-0-2mg-buprenorfin\\\/#breadcrumb\",\"itemListElement\":[{\"@type\":\"ListItem\",\"position\":1,\"name\":\"Du\u0107an\",\"item\":\"https:\\\/\\\/medicinasinc.com\\\/hr\\\/ducan\\\/\"},{\"@type\":\"ListItem\",\"position\":2,\"name\":\"Kupite Bunex 0,2 mg (buprenorfin)\"}]},{\"@type\":\"WebSite\",\"@id\":\"https:\\\/\\\/medicinasinc.com\\\/hr\\\/#website\",\"url\":\"https:\\\/\\\/medicinasinc.com\\\/hr\\\/\",\"name\":\"Medicinas Inc\",\"description\":\"Health Medical Clinic\",\"potentialAction\":[{\"@type\":\"SearchAction\",\"target\":{\"@type\":\"EntryPoint\",\"urlTemplate\":\"https:\\\/\\\/medicinasinc.com\\\/hr\\\/?s={search_term_string}\"},\"query-input\":{\"@type\":\"PropertyValueSpecification\",\"valueRequired\":true,\"valueName\":\"search_term_string\"}}],\"inLanguage\":\"hr\"}]}<\/script>\n<!-- \/ Yoast SEO plugin. -->","yoast_head_json":{"title":"Kupite Bunex 0,2 mg (buprenorfin) - Researchem","description":"Kupite Bunex 0,2 mg (buprenorfin) za prodaju u Velikoj Britaniji, EU online u ljekarni medicinasinc.com po povoljnim i pristupa\u010dnim cijenama sa sigurnom i brzom dostavom","robots":{"index":"index","follow":"follow","max-snippet":"max-snippet:-1","max-image-preview":"max-image-preview:large","max-video-preview":"max-video-preview:-1"},"canonical":"https:\/\/medicinasinc.com\/hr\/product\/kupiti-bunex-0-2mg-buprenorfin\/","og_locale":"hr_HR","og_type":"article","og_title":"Kupite Bunex 0,2 mg (buprenorfin) - Researchem","og_description":"Kupite Bunex 0,2 mg (buprenorfin) za prodaju u Velikoj Britaniji, EU online u ljekarni medicinasinc.com po povoljnim i pristupa\u010dnim cijenama sa sigurnom i brzom dostavom","og_url":"https:\/\/medicinasinc.com\/hr\/product\/kupiti-bunex-0-2mg-buprenorfin\/","og_site_name":"Medicinas Inc","article_modified_time":"2022-08-04T05:58:13+00:00","og_image":[{"width":600,"height":600,"url":"https:\/\/medicinasinc.com\/hr\/wp-content\/uploads\/sites\/3\/2022\/02\/Buy-Bunex-0.2mg.jpg","type":"image\/jpeg"}],"twitter_card":"summary_large_image","twitter_misc":{"Procijenjeno vrijeme \u010ditanja":"2 minute"},"schema":{"@context":"https:\/\/schema.org","@graph":[{"@type":"WebPage","@id":"https:\/\/medicinasinc.com\/hr\/product\/kupiti-bunex-0-2mg-buprenorfin\/","url":"https:\/\/medicinasinc.com\/hr\/product\/kupiti-bunex-0-2mg-buprenorfin\/","name":"Kupite Bunex 0,2 mg (buprenorfin) - Researchem","isPartOf":{"@id":"https:\/\/medicinasinc.com\/hr\/#website"},"primaryImageOfPage":{"@id":"https:\/\/medicinasinc.com\/hr\/product\/kupiti-bunex-0-2mg-buprenorfin\/#primaryimage"},"image":{"@id":"https:\/\/medicinasinc.com\/hr\/product\/kupiti-bunex-0-2mg-buprenorfin\/#primaryimage"},"thumbnailUrl":"https:\/\/medicinasinc.com\/hr\/wp-content\/uploads\/sites\/3\/2022\/02\/Buy-Bunex-0.2mg.jpg","datePublished":"2022-02-20T21:04:44+00:00","dateModified":"2022-08-04T05:58:13+00:00","description":"Kupite Bunex 0,2 mg (buprenorfin) za prodaju u Velikoj Britaniji, EU online u ljekarni medicinasinc.com po povoljnim i pristupa\u010dnim cijenama sa sigurnom i brzom dostavom","breadcrumb":{"@id":"https:\/\/medicinasinc.com\/hr\/product\/kupiti-bunex-0-2mg-buprenorfin\/#breadcrumb"},"inLanguage":"hr","potentialAction":[{"@type":"ReadAction","target":["https:\/\/medicinasinc.com\/hr\/product\/kupiti-bunex-0-2mg-buprenorfin\/"]}]},{"@type":"ImageObject","inLanguage":"hr","@id":"https:\/\/medicinasinc.com\/hr\/product\/kupiti-bunex-0-2mg-buprenorfin\/#primaryimage","url":"https:\/\/medicinasinc.com\/hr\/wp-content\/uploads\/sites\/3\/2022\/02\/Buy-Bunex-0.2mg.jpg","contentUrl":"https:\/\/medicinasinc.com\/hr\/wp-content\/uploads\/sites\/3\/2022\/02\/Buy-Bunex-0.2mg.jpg","width":600,"height":600},{"@type":"BreadcrumbList","@id":"https:\/\/medicinasinc.com\/hr\/product\/kupiti-bunex-0-2mg-buprenorfin\/#breadcrumb","itemListElement":[{"@type":"ListItem","position":1,"name":"Du\u0107an","item":"https:\/\/medicinasinc.com\/hr\/ducan\/"},{"@type":"ListItem","position":2,"name":"Kupite Bunex 0,2 mg (buprenorfin)"}]},{"@type":"WebSite","@id":"https:\/\/medicinasinc.com\/hr\/#website","url":"https:\/\/medicinasinc.com\/hr\/","name":"Medicinas Inc","description":"Health Medical Clinic","potentialAction":[{"@type":"SearchAction","target":{"@type":"EntryPoint","urlTemplate":"https:\/\/medicinasinc.com\/hr\/?s={search_term_string}"},"query-input":{"@type":"PropertyValueSpecification","valueRequired":true,"valueName":"search_term_string"}}],"inLanguage":"hr"}]}},"_links":{"self":[{"href":"https:\/\/medicinasinc.com\/hr\/wp-json\/wp\/v2\/product\/5148","targetHints":{"allow":["GET"]}}],"collection":[{"href":"https:\/\/medicinasinc.com\/hr\/wp-json\/wp\/v2\/product"}],"about":[{"href":"https:\/\/medicinasinc.com\/hr\/wp-json\/wp\/v2\/types\/product"}],"replies":[{"embeddable":true,"href":"https:\/\/medicinasinc.com\/hr\/wp-json\/wp\/v2\/comments?post=5148"}],"wp:featuredmedia":[{"embeddable":true,"href":"https:\/\/medicinasinc.com\/hr\/wp-json\/wp\/v2\/media\/5164"}],"wp:attachment":[{"href":"https:\/\/medicinasinc.com\/hr\/wp-json\/wp\/v2\/media?parent=5148"}],"wp:term":[{"taxonomy":"product_brand","embeddable":true,"href":"https:\/\/medicinasinc.com\/hr\/wp-json\/wp\/v2\/product_brand?post=5148"},{"taxonomy":"product_cat","embeddable":true,"href":"https:\/\/medicinasinc.com\/hr\/wp-json\/wp\/v2\/product_cat?post=5148"},{"taxonomy":"product_tag","embeddable":true,"href":"https:\/\/medicinasinc.com\/hr\/wp-json\/wp\/v2\/product_tag?post=5148"}],"curies":[{"name":"wp","href":"https:\/\/api.w.org\/{rel}","templated":true}]}}