{"id":5125,"date":"2022-02-20T20:43:45","date_gmt":"2022-02-20T20:43:45","guid":{"rendered":"https:\/\/medicinasinc.com\/hr\/?post_type=product&#038;p=5125"},"modified":"2022-03-15T05:47:51","modified_gmt":"2022-03-15T05:47:51","slug":"kupiti-ativan-0-5mg-1mg-2mg","status":"publish","type":"product","link":"https:\/\/medicinasinc.com\/hr\/product\/kupiti-ativan-0-5mg-1mg-2mg\/","title":{"rendered":"Kupite Ativan 0,5 mg, 1 mg, 2 mg"},"content":{"rendered":"<p>Najbolje mjesto za kupnju Ativana je na internetu \u0160to je to\u010dno Lorazepam i kako djeluje?<br \/> Da biste kupili Ativan online, kliknite ovdje. Benzodiazepini, \u010diji je lorazepam \u010dlan, su klasa lijekova. Pove\u0107anjem aktivnosti pojedinih neurotransmitera mozga, smatra se da je lorazepam u\u010dinkovit.<\/p>\n<p>Kako bi se ubla\u017eila anksioznost i napadaji, propisuje se lorazepam.<\/p>\n<p>Kupnja lorazepama putem interneta ili od nekog drugog poduze\u0107a. izvor izvan Sjedinjenih Dr\u017eava prepun je opasnosti. Lijekovi koji se prodaju i distribuiraju u drugim zemljama osim u Sjedinjenim Dr\u017eavama ne ispunjavaju FDA zahtjeve o sigurnoj upotrebi (FDA). Mogu\u0107e je da ove tablete ne dolaze iz legalne ljekarne ili da sadr\u017ee \u0161tetne tvari.<\/p>\n<p>Pa\u017eljivo pro\u010ditajte ovo.<br \/> Ako imate miasteniju gravis, glaukom uskog kuta, te\u0161ku respiratornu insuficijenciju ili ako imate alergiju na Valium ili sli\u010dan lijek, trebali biste izbjegavati uzimanje lorazepama.<\/p>\n<p>Ljek lorazepam ne smiju uzimati trudnice. Kada se daje bebi, ovaj lijek mo\u017ee izazvati ozbiljne poro\u0111ajne abnormalnosti ili po \u017eivot opasne simptome ustezanja.<\/p>\n<p>Samo oni koji dobivaju lorazepam trebaju ga uzimati jer mo\u017ee izazvati naviku. Zlouporaba droga mo\u017ee dovesti do ovisnosti, predoziranja ili smrti ako se lijek na bilo koji na\u010din zloupotrijebi. Svima s povije\u0161\u0107u zlouporabe droga ili ovisnosti nikada se ne smije davati ovaj lijek. Pobrinite se da se lijek \u010duva na sigurnom mjestu gdje mu drugi ne mogu pristupiti.<\/p>\n<p>Ako koristite lorazepam s alkoholom, opioidima ili drugim lijekovima koji vas \u010dine pospanim ili usporavaju disanje, mo\u017eete do\u017eivjeti smrtni ishod nuspojave.<\/p>\n<p>Prije upotrebe bilo kojeg lijeka, molimo konzultirajte svog lije\u010dnika.<br \/> sljede\u0107a stanja zahtijevaju hitan prekid lije\u010denja lorazepamom<\/p>\n<p>glaukom uskog kuta; ili<\/p>\n<p>Alergija na benzodiazepine u anamnezi (diazepam, alprazolam, Ativan, Klonopin, Restoril, Tranxene, Valium, Versed, Xanax i drugi).<\/p>\n<p>Ako imate bilo \u0161to od sljede\u0107eg: stanja, ne biste trebali uzimati lorazepam:<\/p>\n<p>KOPB (kroni\u010dna opstruktivna plu\u0107na bolest) ili apneja u snu (disanje koje se zaustavlja tijekom spavanja) su primjeri problema s disanjem.<\/p>\n<p>ovisnost o drogama ili alkoholu. <\/p>\n<p>simptomi tuge, lo\u0161eg raspolo\u017eenja ili suicidalnih misli ili radnji<\/p>\n<p>bolest bubrega ili jetre<\/p>\n<p>nehoti\u010dne konvulzije<\/p>\n<p>glaukom. <\/p>\n<p>Kori\u0161tenje lorazepama tijekom trudno\u0107e pove\u0107ava rizik da va\u0161e dijete postane ovisno o lijeku. Nakon ro\u0111enja novoro\u0111en\u010de mo\u017ee osjetiti po \u017eivot opasne simptome ustezanja zbog toga. Medicinska skrb mo\u017ee biti potrebna nekoliko tjedana za bebe ro\u0111ene ovisne o drogama koje stvaraju naviku.<\/p>\n<p>Moram li uzimati lorazepam na specifi\u010dan na\u010din?<br \/> Lorazepam treba koristiti to\u010dno kako je propisano. Pro\u010ditajte sve preporuke za lijekove i upute na naljepnici recepta. Uvijek slijedite upute svog lije\u010dnika kada uzimate lorazepam. \u0160to vi\u0161e koristite ovaj lijek, ve\u0107a je vjerojatnost da \u0107ete morati re\u0107i svom lije\u010dniku.<\/p>\n<p>Lorazepam mo\u017ee izazvati ovisnost. Zloupotreba mo\u017ee dovesti do ovisnosti, predoziranja ili \u010dak smrti. Odlo\u017eite lijek na mjesto izvan dohvata drugih. Distribucija ili prodaja ovog lijeka je zlo\u010din.<\/p>\n<p>Pa\u017eljivo mjerite teku\u0107i lijek. Uzmite instrument za mjerenje doze ili koristite prilo\u017eenu \u0161trcaljku (ne kuhinjsku \u017elicu).<\/p>\n<p>Osim ako vam lije\u010dnik ne odredi druga\u010dije, nemojte uzimati lorazepam dulje od \u010detiri mjeseca odjednom. Ako se va\u0161i simptomi ne pobolj\u0161aju ili se pogor\u0161aju, obratite se svom lije\u010dniku.<\/p>\n<p>Kada uzimate ovaj lijek na dugotrajnoj osnovi, mo\u017eda \u0107ete trebati redovite lije\u010dni\u010dke preglede.<\/p>\n<p>Ako iznenada prestanete uzimati lijekove. uzimaju\u0107i ovaj lijek, riskirate pojavu neugodnih nuspojava. Dogovorite sastanak sa svojim lije\u010dnikom kako biste saznali kako prestati uzimati ovaj lijek.<\/p>\n<p>Ne izla\u017eite ga vlazi ili visokim temperaturama; \u010duvajte na sobnoj temperaturi.<\/p>\n<p>Ohladite teku\u0107inu lorazepama za dugotrajno skladi\u0161tenje. Nemojte zadr\u017eati teku\u0107ine koje nisu kori\u0161tene unutar 90 dana.<\/p>\n<p>Vodite evidenciju o svojim lijekovima. Trebali biste pripaziti na bilo koga tko ga zloupotrijebi ili zloupotrijebi.<\/p>\n","protected":false},"excerpt":{"rendered":"<p>Lorazepam 0,5 mg, 1 mg, 2 mg online cijene, kupite ativan 2mg online, kupite Lorazepam tablete online.<\/p>\n<p>Tramadol 50mg visoka online cijena lorazepama (Ativan) 2mg tableta. Tako\u0111er se koristi u lije\u010denju anksioznosti.<\/p>\n<p>pilule\/tablete Lorazepama (Ativan) 2mg<\/p>\n<p>Anksioznost, tuga i nesanica uobi\u010dajene su nuspojave lijeka za anksioznost Ativan ( Lorazepam) (pote\u0161ko\u0107e sa spavanjem). To je vrsta benzodiazepina.<\/p>\n<p>Bez recepta mo\u017eete kupiti Lorazepam 2mg tablete online (bez RX-a).<\/p>\n","protected":false},"featured_media":5144,"comment_status":"open","ping_status":"closed","template":"","meta":[],"product_brand":[],"product_cat":[1117],"product_tag":[1195,1196,1197,1199,1200,1201,1202,1204,1207,1206,1208,1198,1209,1210,1211,1212,1213,1214,1215,1203,1205,1216,1217,1218,1220,1223,1219,1221,1222,1224,1226,1233,1234,1230,1227,1228,1225,1229,1231,1232,1235,1236],"class_list":{"0":"post-5125","1":"product","2":"type-product","3":"status-publish","4":"has-post-thumbnail","6":"product_cat-kupite-tablete-za-bol-spavanje-seks","7":"product_tag-ativan-1-mg-sublingual-tablets","8":"product_tag-ativan-1-mg-tablets","9":"product_tag-ativan-1-tab","10":"product_tag-ativan-1mg-tablete-nuspojave","11":"product_tag-ativan-2-mg-tablete","12":"product_tag-ativan-2-tab","13":"product_tag-ativan-2-5-mg-price","14":"product_tag-ativan-2mg-nuspojave","15":"product_tag-ativan-2mg-tablet-online-order-amazon","16":"product_tag-ativan-2mg-tableta-in-hindi","17":"product_tag-ativan-dosage-2mg","18":"product_tag-ativan-1mg-tableta-doza","19":"product_tag-ativan-apoteka","20":"product_tag-ativan-tab-0-5-mg","21":"product_tag-ativan-tab-1mg","22":"product_tag-ativan-tab-1mg-50","23":"product_tag-ativan-tab-1mg-precio","24":"product_tag-ativan-tableta","25":"product_tag-ativan-tableta-0-5mg","26":"product_tag-ativan-2mg-pilula","27":"product_tag-ativan-2mg-tableta","28":"product_tag-ativan-tablete-1mg","29":"product_tag-ativan-tablete-2-5-mg","30":"product_tag-ativan-tablete-australija","31":"product_tag-ativan-tablete-doziranje","32":"product_tag-ativan-tablete-upotrebe","33":"product_tag-ativan-tablete-kupiti","34":"product_tag-ativan-tablete-sublingvalno","35":"product_tag-ativan-tablete-uk","36":"product_tag-buy-ativan-online","37":"product_tag-can-ativan-tablets-be-injected","38":"product_tag-za-to-su-ativan-tablete","39":"product_tag-to-radi-ativan-tablete-izgledaju","40":"product_tag-tab-ativan-1","41":"product_tag-lorazepam-2-mg-tablet-online-delivery","42":"product_tag-lorazepam-tablete-ativan-2mg","43":"product_tag-moe-ativan-tablete-biti-zgnjeiti","44":"product_tag-pfizer-tableta-2mg","45":"product_tag-tab-ativan-1mg-uses-in-hindi","46":"product_tag-tivan-2mg-tableta","47":"product_tag-what-does-ativan-tablets-look-like","48":"product_tag-za-to-se-koristi-ativan-tablete","50":"first","51":"instock","52":"shipping-taxable","53":"purchasable","54":"product-type-variable"},"yoast_head":"<!-- This site is optimized with the Yoast SEO plugin v27.3 - https:\/\/yoast.com\/product\/yoast-seo-wordpress\/ -->\n<title>Kupite Ativan 2mg - Kupite Ativan 1mg - Kupite Ativan 0,5mg - Najbolji svjetski lijekovi<\/title>\n<meta name=\"description\" content=\"Kupite Lorazepam tablete online, kupite Lorazepam online, kupite Ativan online, Lorazepam 0,5 mg, 1 mg, 2 mg online cijene,\u00a0kupite ativan 2mg\u00a0online UK, Europa\" \/>\n<meta name=\"robots\" content=\"index, follow, max-snippet:-1, max-image-preview:large, max-video-preview:-1\" \/>\n<link rel=\"canonical\" href=\"https:\/\/medicinasinc.com\/hr\/product\/kupiti-ativan-0-5mg-1mg-2mg\/\" \/>\n<meta property=\"og:locale\" content=\"hr_HR\" \/>\n<meta property=\"og:type\" content=\"article\" \/>\n<meta property=\"og:title\" content=\"Kupite Ativan 2mg - Kupite Ativan 1mg - Kupite Ativan 0,5mg - Najbolji svjetski lijekovi\" \/>\n<meta property=\"og:description\" content=\"Kupite Lorazepam tablete online, kupite Lorazepam online, kupite Ativan online, Lorazepam 0,5 mg, 1 mg, 2 mg online cijene,\u00a0kupite ativan 2mg\u00a0online UK, Europa\" \/>\n<meta property=\"og:url\" content=\"https:\/\/medicinasinc.com\/hr\/product\/kupiti-ativan-0-5mg-1mg-2mg\/\" \/>\n<meta property=\"og:site_name\" content=\"Medicinas Inc\" \/>\n<meta property=\"article:modified_time\" content=\"2022-03-15T05:47:51+00:00\" \/>\n<meta property=\"og:image\" content=\"https:\/\/medicinasinc.com\/hr\/wp-content\/uploads\/sites\/3\/2022\/02\/Buy-Ativan-Online-1.jpg\" \/>\n\t<meta property=\"og:image:width\" content=\"300\" \/>\n\t<meta property=\"og:image:height\" content=\"300\" \/>\n\t<meta property=\"og:image:type\" content=\"image\/jpeg\" \/>\n<meta name=\"twitter:card\" content=\"summary_large_image\" \/>\n<meta name=\"twitter:label1\" content=\"Procijenjeno vrijeme \u010ditanja\" \/>\n\t<meta name=\"twitter:data1\" content=\"3 minute\" \/>\n<script type=\"application\/ld+json\" class=\"yoast-schema-graph\">{\"@context\":\"https:\\\/\\\/schema.org\",\"@graph\":[{\"@type\":\"WebPage\",\"@id\":\"https:\\\/\\\/medicinasinc.com\\\/hr\\\/product\\\/kupiti-ativan-0-5mg-1mg-2mg\\\/\",\"url\":\"https:\\\/\\\/medicinasinc.com\\\/hr\\\/product\\\/kupiti-ativan-0-5mg-1mg-2mg\\\/\",\"name\":\"Kupite Ativan 2mg - Kupite Ativan 1mg - Kupite Ativan 0,5mg - Najbolji svjetski lijekovi\",\"isPartOf\":{\"@id\":\"https:\\\/\\\/medicinasinc.com\\\/hr\\\/#website\"},\"primaryImageOfPage\":{\"@id\":\"https:\\\/\\\/medicinasinc.com\\\/hr\\\/product\\\/kupiti-ativan-0-5mg-1mg-2mg\\\/#primaryimage\"},\"image\":{\"@id\":\"https:\\\/\\\/medicinasinc.com\\\/hr\\\/product\\\/kupiti-ativan-0-5mg-1mg-2mg\\\/#primaryimage\"},\"thumbnailUrl\":\"https:\\\/\\\/medicinasinc.com\\\/hr\\\/wp-content\\\/uploads\\\/sites\\\/3\\\/2022\\\/02\\\/Buy-Ativan-Online-1.jpg\",\"datePublished\":\"2022-02-20T20:43:45+00:00\",\"dateModified\":\"2022-03-15T05:47:51+00:00\",\"description\":\"Kupite Lorazepam tablete online, kupite Lorazepam online, kupite Ativan online, Lorazepam 0,5 mg, 1 mg, 2 mg online cijene,\u00a0kupite ativan 2mg\u00a0online UK, Europa\",\"breadcrumb\":{\"@id\":\"https:\\\/\\\/medicinasinc.com\\\/hr\\\/product\\\/kupiti-ativan-0-5mg-1mg-2mg\\\/#breadcrumb\"},\"inLanguage\":\"hr\",\"potentialAction\":[{\"@type\":\"ReadAction\",\"target\":[\"https:\\\/\\\/medicinasinc.com\\\/hr\\\/product\\\/kupiti-ativan-0-5mg-1mg-2mg\\\/\"]}]},{\"@type\":\"ImageObject\",\"inLanguage\":\"hr\",\"@id\":\"https:\\\/\\\/medicinasinc.com\\\/hr\\\/product\\\/kupiti-ativan-0-5mg-1mg-2mg\\\/#primaryimage\",\"url\":\"https:\\\/\\\/medicinasinc.com\\\/hr\\\/wp-content\\\/uploads\\\/sites\\\/3\\\/2022\\\/02\\\/Buy-Ativan-Online-1.jpg\",\"contentUrl\":\"https:\\\/\\\/medicinasinc.com\\\/hr\\\/wp-content\\\/uploads\\\/sites\\\/3\\\/2022\\\/02\\\/Buy-Ativan-Online-1.jpg\",\"width\":300,\"height\":300},{\"@type\":\"BreadcrumbList\",\"@id\":\"https:\\\/\\\/medicinasinc.com\\\/hr\\\/product\\\/kupiti-ativan-0-5mg-1mg-2mg\\\/#breadcrumb\",\"itemListElement\":[{\"@type\":\"ListItem\",\"position\":1,\"name\":\"Du\u0107an\",\"item\":\"https:\\\/\\\/medicinasinc.com\\\/hr\\\/ducan\\\/\"},{\"@type\":\"ListItem\",\"position\":2,\"name\":\"Kupite Ativan 0,5 mg, 1 mg, 2 mg\"}]},{\"@type\":\"WebSite\",\"@id\":\"https:\\\/\\\/medicinasinc.com\\\/hr\\\/#website\",\"url\":\"https:\\\/\\\/medicinasinc.com\\\/hr\\\/\",\"name\":\"Medicinas Inc\",\"description\":\"Health Medical Clinic\",\"potentialAction\":[{\"@type\":\"SearchAction\",\"target\":{\"@type\":\"EntryPoint\",\"urlTemplate\":\"https:\\\/\\\/medicinasinc.com\\\/hr\\\/?s={search_term_string}\"},\"query-input\":{\"@type\":\"PropertyValueSpecification\",\"valueRequired\":true,\"valueName\":\"search_term_string\"}}],\"inLanguage\":\"hr\"}]}<\/script>\n<!-- \/ Yoast SEO plugin. -->","yoast_head_json":{"title":"Kupite Ativan 2mg - Kupite Ativan 1mg - Kupite Ativan 0,5mg - Najbolji svjetski lijekovi","description":"Kupite Lorazepam tablete online, kupite Lorazepam online, kupite Ativan online, Lorazepam 0,5 mg, 1 mg, 2 mg online cijene,\u00a0kupite ativan 2mg\u00a0online UK, Europa","robots":{"index":"index","follow":"follow","max-snippet":"max-snippet:-1","max-image-preview":"max-image-preview:large","max-video-preview":"max-video-preview:-1"},"canonical":"https:\/\/medicinasinc.com\/hr\/product\/kupiti-ativan-0-5mg-1mg-2mg\/","og_locale":"hr_HR","og_type":"article","og_title":"Kupite Ativan 2mg - Kupite Ativan 1mg - Kupite Ativan 0,5mg - Najbolji svjetski lijekovi","og_description":"Kupite Lorazepam tablete online, kupite Lorazepam online, kupite Ativan online, Lorazepam 0,5 mg, 1 mg, 2 mg online cijene,\u00a0kupite ativan 2mg\u00a0online UK, Europa","og_url":"https:\/\/medicinasinc.com\/hr\/product\/kupiti-ativan-0-5mg-1mg-2mg\/","og_site_name":"Medicinas Inc","article_modified_time":"2022-03-15T05:47:51+00:00","og_image":[{"width":300,"height":300,"url":"https:\/\/medicinasinc.com\/hr\/wp-content\/uploads\/sites\/3\/2022\/02\/Buy-Ativan-Online-1.jpg","type":"image\/jpeg"}],"twitter_card":"summary_large_image","twitter_misc":{"Procijenjeno vrijeme \u010ditanja":"3 minute"},"schema":{"@context":"https:\/\/schema.org","@graph":[{"@type":"WebPage","@id":"https:\/\/medicinasinc.com\/hr\/product\/kupiti-ativan-0-5mg-1mg-2mg\/","url":"https:\/\/medicinasinc.com\/hr\/product\/kupiti-ativan-0-5mg-1mg-2mg\/","name":"Kupite Ativan 2mg - Kupite Ativan 1mg - Kupite Ativan 0,5mg - Najbolji svjetski lijekovi","isPartOf":{"@id":"https:\/\/medicinasinc.com\/hr\/#website"},"primaryImageOfPage":{"@id":"https:\/\/medicinasinc.com\/hr\/product\/kupiti-ativan-0-5mg-1mg-2mg\/#primaryimage"},"image":{"@id":"https:\/\/medicinasinc.com\/hr\/product\/kupiti-ativan-0-5mg-1mg-2mg\/#primaryimage"},"thumbnailUrl":"https:\/\/medicinasinc.com\/hr\/wp-content\/uploads\/sites\/3\/2022\/02\/Buy-Ativan-Online-1.jpg","datePublished":"2022-02-20T20:43:45+00:00","dateModified":"2022-03-15T05:47:51+00:00","description":"Kupite Lorazepam tablete online, kupite Lorazepam online, kupite Ativan online, Lorazepam 0,5 mg, 1 mg, 2 mg online cijene,\u00a0kupite ativan 2mg\u00a0online UK, Europa","breadcrumb":{"@id":"https:\/\/medicinasinc.com\/hr\/product\/kupiti-ativan-0-5mg-1mg-2mg\/#breadcrumb"},"inLanguage":"hr","potentialAction":[{"@type":"ReadAction","target":["https:\/\/medicinasinc.com\/hr\/product\/kupiti-ativan-0-5mg-1mg-2mg\/"]}]},{"@type":"ImageObject","inLanguage":"hr","@id":"https:\/\/medicinasinc.com\/hr\/product\/kupiti-ativan-0-5mg-1mg-2mg\/#primaryimage","url":"https:\/\/medicinasinc.com\/hr\/wp-content\/uploads\/sites\/3\/2022\/02\/Buy-Ativan-Online-1.jpg","contentUrl":"https:\/\/medicinasinc.com\/hr\/wp-content\/uploads\/sites\/3\/2022\/02\/Buy-Ativan-Online-1.jpg","width":300,"height":300},{"@type":"BreadcrumbList","@id":"https:\/\/medicinasinc.com\/hr\/product\/kupiti-ativan-0-5mg-1mg-2mg\/#breadcrumb","itemListElement":[{"@type":"ListItem","position":1,"name":"Du\u0107an","item":"https:\/\/medicinasinc.com\/hr\/ducan\/"},{"@type":"ListItem","position":2,"name":"Kupite Ativan 0,5 mg, 1 mg, 2 mg"}]},{"@type":"WebSite","@id":"https:\/\/medicinasinc.com\/hr\/#website","url":"https:\/\/medicinasinc.com\/hr\/","name":"Medicinas Inc","description":"Health Medical Clinic","potentialAction":[{"@type":"SearchAction","target":{"@type":"EntryPoint","urlTemplate":"https:\/\/medicinasinc.com\/hr\/?s={search_term_string}"},"query-input":{"@type":"PropertyValueSpecification","valueRequired":true,"valueName":"search_term_string"}}],"inLanguage":"hr"}]}},"_links":{"self":[{"href":"https:\/\/medicinasinc.com\/hr\/wp-json\/wp\/v2\/product\/5125","targetHints":{"allow":["GET"]}}],"collection":[{"href":"https:\/\/medicinasinc.com\/hr\/wp-json\/wp\/v2\/product"}],"about":[{"href":"https:\/\/medicinasinc.com\/hr\/wp-json\/wp\/v2\/types\/product"}],"replies":[{"embeddable":true,"href":"https:\/\/medicinasinc.com\/hr\/wp-json\/wp\/v2\/comments?post=5125"}],"wp:featuredmedia":[{"embeddable":true,"href":"https:\/\/medicinasinc.com\/hr\/wp-json\/wp\/v2\/media\/5144"}],"wp:attachment":[{"href":"https:\/\/medicinasinc.com\/hr\/wp-json\/wp\/v2\/media?parent=5125"}],"wp:term":[{"taxonomy":"product_brand","embeddable":true,"href":"https:\/\/medicinasinc.com\/hr\/wp-json\/wp\/v2\/product_brand?post=5125"},{"taxonomy":"product_cat","embeddable":true,"href":"https:\/\/medicinasinc.com\/hr\/wp-json\/wp\/v2\/product_cat?post=5125"},{"taxonomy":"product_tag","embeddable":true,"href":"https:\/\/medicinasinc.com\/hr\/wp-json\/wp\/v2\/product_tag?post=5125"}],"curies":[{"name":"wp","href":"https:\/\/api.w.org\/{rel}","templated":true}]}}