{"id":5124,"date":"2022-02-20T20:42:48","date_gmt":"2022-02-20T20:42:48","guid":{"rendered":"https:\/\/medicinasinc.com\/hr\/?post_type=product&#038;p=5124"},"modified":"2022-03-15T05:48:00","modified_gmt":"2022-03-15T05:48:00","slug":"kupiti-ambien-10-mg","status":"publish","type":"product","link":"https:\/\/medicinasinc.com\/hr\/product\/kupiti-ambien-10-mg\/","title":{"rendered":"Kupite Ambien 10 mg"},"content":{"rendered":"<div class=\"ty-tabs cm-j-tabs clearfix\">\n<p>kupite Ambien 10mg online<\/p>\n<h2><a href=\"https:\/\/www.bestglobalmeds.com\/category\/blog\/\" target=\"_blank\" rel=\"noopener\">Kupite Ambien 10mg preko no\u0107i<\/a><\/h2>\n<h2>Kupite Ambien 10mg online<\/h2>\n<p>Najni\u017ea cijena\u00a0<em>Ambiena<\/em>\u00a0(<em>Zolpidem<\/em>\u00a05mg &amp;\u00a0<em>10mg<\/em>) tablete i prva legalno registrirana lije\u010dni\u010dka usluga u SAD-u koja ih nudi. Besplatna dostava u Ujedinjenom Kraljevstvu. Ambien, Zolpidem, ambien\u00a0<em>10 mg<\/em>, Zolpidem tartrat, kupujte tablete za spavanje online, kupujte lijekove protiv anksioznosti online, antidepresive,\u00a0<em>kupite ambien<\/em>\u00a0bez recepta.<\/p>\n<ul class=\"ty-tabs__list\">\n<li id=\"description\" class=\"ty-tabs__item cm-js active\"><a class=\"ty-tabs__a\">Opis<\/a><\/li>\n<li id=\"product_tab_9\" class=\"ty-tabs__item cm-js\"><a class=\"ty-tabs__a\">Podaci o pacijentu<\/a><\/li>\n<\/ul><\/div>\n<div id=\"tabs_content \" class=\"cm-tabs-content ty-tabs__content clearfix\">\n<div id=\"content_description\" class=\"ty-wysiwyg-content content-description active\">\n<div>\n<div class=\"product-description\">\n<h4>Spavaj sa Zolpidemom i Ambienom<\/h4>\n<table>\n<thead>\n<tr>\n<th>Zolpidem<\/th>\n<th>Koli\u010dina<\/th>\n<th>Vrsta<\/th>\n<th>Zaliha<\/th>\n<p> th&gt; <\/tr>\n<\/thead>\n<tbody>\n<tr>\n<th>Ambien<\/th>\n<th>5mg<\/th>\n<th>Tablete<\/th>\n<th>Kupite SAD\u2713<\/th>\n<\/tr>\n<tr>\n<td>Zolpidem tablete<\/td>\n<td>5mg<\/td>\n<td>Tilule<\/td>\n<td>Online u SAD-u \u2713<\/td>\n<\/tr>\n<tr>\n<td>Ambien tablete<\/td>\n<td>10mg<\/td>\n<td>Lijekovi e<\/td>\n<td>SAD \u2713<\/td>\n<\/tr>\n<\/tbody>\n<\/table>\n<h4>Mjere opreza prije uzimanja Zolpidema<\/h4>\n<p>Postoje mjere opreza koje se moraju uzeti u obzir prije nego \u0161to se odlu\u010dite za uzmi. U odre\u0111enim okolnostima, to mo\u017eda nije najprikladniji izbor lijeka. Pitajte lije\u010dnika o svojoj zdravstvenoj prikladnosti za uzimanje kao lijek za nesanicu. Ako imate bilo koju od sljede\u0107ih okolnosti, potra\u017eite savjet lije\u010dnika:<\/p>\n<ul>\n<li>Povijest alkoholizma ili zlouporabe droga<\/li>\n<li>Trudna ili planirate trudno\u0107u<\/li>\n<li>Imate stanje disanja (bronhitis, astma ili emfizem)<\/li>\n<li>Povijest bolesti jetre ili bubrega<\/li>\n<li>Ima li mijasteniju gravis (poreme\u0107aj \u017eivaca koji rezultira slabljenjem mi\u0161i\u0107a)<\/li>\n<li>Alergije bilo kojem od sastojaka<\/li>\n<li>Ima li ponavljaju\u0107i poreme\u0107aj osobnosti ili depresiju<\/li>\n<li>Ima apneju za vrijeme spavanja<\/li>\n<li>Starije osobe<\/li>\n<\/ul>\n<p>U vrlo rijetkim slu\u010dajevima slu\u010dajevima, uzimanje Ambiena mo\u017ee dovesti do nuspojava uklju\u010duju\u0107i oticanje usana, lica, grla i jezika ili pote\u0161ko\u0107e s disanjem. Tako\u0111er se savjetuje da se ne smije kontinuirano koristiti dulje od 4 tjedna jer mo\u017ee dovesti do simptoma ustezanja kao \u0161to su povra\u0107anje, mu\u010dnina, tjeskoba i gr\u010devi u \u017eelucu. Poznato kao kratkoro\u010dno <a href=\"https:\/\/globalhomemed.com\/\">lije\u010denje\u00a0nesanice<\/a>, postoji mogu\u0107nost da \u0107ete imati problema sa spavanjem nakon \u0161to ga prestanete koristiti. Zove se &#8216;rebound insomnia&#8217; koja se na kraju smiri nakon jednog do dva dana. Uvijek se posavjetujte sa svojim lije\u010dnikom u vezi s upotrebom ovog lijeka za spavanje.<\/p>\n<h2>kupite Ambien 10mg online<\/h2>\n<\/p><\/div><\/div><\/div><\/div>\n","protected":false},"excerpt":{"rendered":"<p>Kupite Ambien 10mg tablete online. Ambien se koristi za lije\u010denje poreme\u0107aja spavanja. Tableta za brzo pra\u017enjenje koristi se da vam pomogne da klimnete kada prvi put odete na kau\u010d.<\/p>\n<p>Ambien, Zolpidem, ambien\u00a0<em>10mg<\/em>, Zolpidem tartrat, kupite tablete za spavanje na mre\u017ei, kupite anti anksioznost na mre\u017ei, antidepresivi,\u00a0<em>kupite ambien<\/em>\u00a0bez recepta.<\/p>\n","protected":false},"featured_media":5142,"comment_status":"open","ping_status":"closed","template":"","meta":[],"product_brand":[],"product_cat":[1117],"product_tag":[],"class_list":{"0":"post-5124","1":"product","2":"type-product","3":"status-publish","4":"has-post-thumbnail","6":"product_cat-kupite-tablete-za-bol-spavanje-seks","8":"first","9":"instock","10":"shipping-taxable","11":"purchasable","12":"product-type-variable","13":"has-default-attributes"},"yoast_head":"<!-- This site is optimized with the Yoast SEO plugin v27.3 - https:\/\/yoast.com\/product\/yoast-seo-wordpress\/ -->\n<title>Kupite Ambien 10 mg - Ambien 10 mg - Najbolji globalni lijekovi<\/title>\n<meta name=\"description\" content=\"Kupite Ambien 10 mg, Ambien, Zolpidem, ambien\u00a010 mg, Zolpidem Tartrate, kupite tablete za spavanje online, kupite anti anksioznost online, antidepresive,\u00a0kupite ambien\u00a0bez recepta.\" \/>\n<meta name=\"robots\" content=\"index, follow, max-snippet:-1, max-image-preview:large, max-video-preview:-1\" \/>\n<link rel=\"canonical\" href=\"https:\/\/medicinasinc.com\/hr\/product\/kupiti-ambien-10-mg\/\" \/>\n<meta property=\"og:locale\" content=\"hr_HR\" \/>\n<meta property=\"og:type\" content=\"article\" \/>\n<meta property=\"og:title\" content=\"Kupite Ambien 10 mg - Ambien 10 mg - Najbolji globalni lijekovi\" \/>\n<meta property=\"og:description\" content=\"Kupite Ambien 10 mg, Ambien, Zolpidem, ambien\u00a010 mg, Zolpidem Tartrate, kupite tablete za spavanje online, kupite anti anksioznost online, antidepresive,\u00a0kupite ambien\u00a0bez recepta.\" \/>\n<meta property=\"og:url\" content=\"https:\/\/medicinasinc.com\/hr\/product\/kupiti-ambien-10-mg\/\" \/>\n<meta property=\"og:site_name\" content=\"Medicinas Inc\" \/>\n<meta property=\"article:modified_time\" content=\"2022-03-15T05:48:00+00:00\" \/>\n<meta property=\"og:image\" content=\"https:\/\/medicinasinc.com\/hr\/wp-content\/uploads\/sites\/3\/2022\/02\/Buy-Ambien-10mg.jpg\" \/>\n\t<meta property=\"og:image:width\" content=\"225\" \/>\n\t<meta property=\"og:image:height\" content=\"225\" \/>\n\t<meta property=\"og:image:type\" content=\"image\/jpeg\" \/>\n<meta name=\"twitter:card\" content=\"summary_large_image\" \/>\n<meta name=\"twitter:label1\" content=\"Procijenjeno vrijeme \u010ditanja\" \/>\n\t<meta name=\"twitter:data1\" content=\"2 minute\" \/>\n<script type=\"application\/ld+json\" class=\"yoast-schema-graph\">{\"@context\":\"https:\\\/\\\/schema.org\",\"@graph\":[{\"@type\":\"WebPage\",\"@id\":\"https:\\\/\\\/medicinasinc.com\\\/hr\\\/product\\\/kupiti-ambien-10-mg\\\/\",\"url\":\"https:\\\/\\\/medicinasinc.com\\\/hr\\\/product\\\/kupiti-ambien-10-mg\\\/\",\"name\":\"Kupite Ambien 10 mg - Ambien 10 mg - Najbolji globalni lijekovi\",\"isPartOf\":{\"@id\":\"https:\\\/\\\/medicinasinc.com\\\/hr\\\/#website\"},\"primaryImageOfPage\":{\"@id\":\"https:\\\/\\\/medicinasinc.com\\\/hr\\\/product\\\/kupiti-ambien-10-mg\\\/#primaryimage\"},\"image\":{\"@id\":\"https:\\\/\\\/medicinasinc.com\\\/hr\\\/product\\\/kupiti-ambien-10-mg\\\/#primaryimage\"},\"thumbnailUrl\":\"https:\\\/\\\/medicinasinc.com\\\/hr\\\/wp-content\\\/uploads\\\/sites\\\/3\\\/2022\\\/02\\\/Buy-Ambien-10mg.jpg\",\"datePublished\":\"2022-02-20T20:42:48+00:00\",\"dateModified\":\"2022-03-15T05:48:00+00:00\",\"description\":\"Kupite Ambien 10 mg, Ambien, Zolpidem, ambien\u00a010 mg, Zolpidem Tartrate, kupite tablete za spavanje online, kupite anti anksioznost online, antidepresive,\u00a0kupite ambien\u00a0bez recepta.\",\"breadcrumb\":{\"@id\":\"https:\\\/\\\/medicinasinc.com\\\/hr\\\/product\\\/kupiti-ambien-10-mg\\\/#breadcrumb\"},\"inLanguage\":\"hr\",\"potentialAction\":[{\"@type\":\"ReadAction\",\"target\":[\"https:\\\/\\\/medicinasinc.com\\\/hr\\\/product\\\/kupiti-ambien-10-mg\\\/\"]}]},{\"@type\":\"ImageObject\",\"inLanguage\":\"hr\",\"@id\":\"https:\\\/\\\/medicinasinc.com\\\/hr\\\/product\\\/kupiti-ambien-10-mg\\\/#primaryimage\",\"url\":\"https:\\\/\\\/medicinasinc.com\\\/hr\\\/wp-content\\\/uploads\\\/sites\\\/3\\\/2022\\\/02\\\/Buy-Ambien-10mg.jpg\",\"contentUrl\":\"https:\\\/\\\/medicinasinc.com\\\/hr\\\/wp-content\\\/uploads\\\/sites\\\/3\\\/2022\\\/02\\\/Buy-Ambien-10mg.jpg\",\"width\":225,\"height\":225},{\"@type\":\"BreadcrumbList\",\"@id\":\"https:\\\/\\\/medicinasinc.com\\\/hr\\\/product\\\/kupiti-ambien-10-mg\\\/#breadcrumb\",\"itemListElement\":[{\"@type\":\"ListItem\",\"position\":1,\"name\":\"Du\u0107an\",\"item\":\"https:\\\/\\\/medicinasinc.com\\\/hr\\\/ducan\\\/\"},{\"@type\":\"ListItem\",\"position\":2,\"name\":\"Kupite Ambien 10 mg\"}]},{\"@type\":\"WebSite\",\"@id\":\"https:\\\/\\\/medicinasinc.com\\\/hr\\\/#website\",\"url\":\"https:\\\/\\\/medicinasinc.com\\\/hr\\\/\",\"name\":\"Medicinas Inc\",\"description\":\"Health Medical Clinic\",\"potentialAction\":[{\"@type\":\"SearchAction\",\"target\":{\"@type\":\"EntryPoint\",\"urlTemplate\":\"https:\\\/\\\/medicinasinc.com\\\/hr\\\/?s={search_term_string}\"},\"query-input\":{\"@type\":\"PropertyValueSpecification\",\"valueRequired\":true,\"valueName\":\"search_term_string\"}}],\"inLanguage\":\"hr\"}]}<\/script>\n<!-- \/ Yoast SEO plugin. -->","yoast_head_json":{"title":"Kupite Ambien 10 mg - Ambien 10 mg - Najbolji globalni lijekovi","description":"Kupite Ambien 10 mg, Ambien, Zolpidem, ambien\u00a010 mg, Zolpidem Tartrate, kupite tablete za spavanje online, kupite anti anksioznost online, antidepresive,\u00a0kupite ambien\u00a0bez recepta.","robots":{"index":"index","follow":"follow","max-snippet":"max-snippet:-1","max-image-preview":"max-image-preview:large","max-video-preview":"max-video-preview:-1"},"canonical":"https:\/\/medicinasinc.com\/hr\/product\/kupiti-ambien-10-mg\/","og_locale":"hr_HR","og_type":"article","og_title":"Kupite Ambien 10 mg - Ambien 10 mg - Najbolji globalni lijekovi","og_description":"Kupite Ambien 10 mg, Ambien, Zolpidem, ambien\u00a010 mg, Zolpidem Tartrate, kupite tablete za spavanje online, kupite anti anksioznost online, antidepresive,\u00a0kupite ambien\u00a0bez recepta.","og_url":"https:\/\/medicinasinc.com\/hr\/product\/kupiti-ambien-10-mg\/","og_site_name":"Medicinas Inc","article_modified_time":"2022-03-15T05:48:00+00:00","og_image":[{"width":225,"height":225,"url":"https:\/\/medicinasinc.com\/hr\/wp-content\/uploads\/sites\/3\/2022\/02\/Buy-Ambien-10mg.jpg","type":"image\/jpeg"}],"twitter_card":"summary_large_image","twitter_misc":{"Procijenjeno vrijeme \u010ditanja":"2 minute"},"schema":{"@context":"https:\/\/schema.org","@graph":[{"@type":"WebPage","@id":"https:\/\/medicinasinc.com\/hr\/product\/kupiti-ambien-10-mg\/","url":"https:\/\/medicinasinc.com\/hr\/product\/kupiti-ambien-10-mg\/","name":"Kupite Ambien 10 mg - Ambien 10 mg - Najbolji globalni lijekovi","isPartOf":{"@id":"https:\/\/medicinasinc.com\/hr\/#website"},"primaryImageOfPage":{"@id":"https:\/\/medicinasinc.com\/hr\/product\/kupiti-ambien-10-mg\/#primaryimage"},"image":{"@id":"https:\/\/medicinasinc.com\/hr\/product\/kupiti-ambien-10-mg\/#primaryimage"},"thumbnailUrl":"https:\/\/medicinasinc.com\/hr\/wp-content\/uploads\/sites\/3\/2022\/02\/Buy-Ambien-10mg.jpg","datePublished":"2022-02-20T20:42:48+00:00","dateModified":"2022-03-15T05:48:00+00:00","description":"Kupite Ambien 10 mg, Ambien, Zolpidem, ambien\u00a010 mg, Zolpidem Tartrate, kupite tablete za spavanje online, kupite anti anksioznost online, antidepresive,\u00a0kupite ambien\u00a0bez recepta.","breadcrumb":{"@id":"https:\/\/medicinasinc.com\/hr\/product\/kupiti-ambien-10-mg\/#breadcrumb"},"inLanguage":"hr","potentialAction":[{"@type":"ReadAction","target":["https:\/\/medicinasinc.com\/hr\/product\/kupiti-ambien-10-mg\/"]}]},{"@type":"ImageObject","inLanguage":"hr","@id":"https:\/\/medicinasinc.com\/hr\/product\/kupiti-ambien-10-mg\/#primaryimage","url":"https:\/\/medicinasinc.com\/hr\/wp-content\/uploads\/sites\/3\/2022\/02\/Buy-Ambien-10mg.jpg","contentUrl":"https:\/\/medicinasinc.com\/hr\/wp-content\/uploads\/sites\/3\/2022\/02\/Buy-Ambien-10mg.jpg","width":225,"height":225},{"@type":"BreadcrumbList","@id":"https:\/\/medicinasinc.com\/hr\/product\/kupiti-ambien-10-mg\/#breadcrumb","itemListElement":[{"@type":"ListItem","position":1,"name":"Du\u0107an","item":"https:\/\/medicinasinc.com\/hr\/ducan\/"},{"@type":"ListItem","position":2,"name":"Kupite Ambien 10 mg"}]},{"@type":"WebSite","@id":"https:\/\/medicinasinc.com\/hr\/#website","url":"https:\/\/medicinasinc.com\/hr\/","name":"Medicinas Inc","description":"Health Medical Clinic","potentialAction":[{"@type":"SearchAction","target":{"@type":"EntryPoint","urlTemplate":"https:\/\/medicinasinc.com\/hr\/?s={search_term_string}"},"query-input":{"@type":"PropertyValueSpecification","valueRequired":true,"valueName":"search_term_string"}}],"inLanguage":"hr"}]}},"_links":{"self":[{"href":"https:\/\/medicinasinc.com\/hr\/wp-json\/wp\/v2\/product\/5124","targetHints":{"allow":["GET"]}}],"collection":[{"href":"https:\/\/medicinasinc.com\/hr\/wp-json\/wp\/v2\/product"}],"about":[{"href":"https:\/\/medicinasinc.com\/hr\/wp-json\/wp\/v2\/types\/product"}],"replies":[{"embeddable":true,"href":"https:\/\/medicinasinc.com\/hr\/wp-json\/wp\/v2\/comments?post=5124"}],"wp:featuredmedia":[{"embeddable":true,"href":"https:\/\/medicinasinc.com\/hr\/wp-json\/wp\/v2\/media\/5142"}],"wp:attachment":[{"href":"https:\/\/medicinasinc.com\/hr\/wp-json\/wp\/v2\/media?parent=5124"}],"wp:term":[{"taxonomy":"product_brand","embeddable":true,"href":"https:\/\/medicinasinc.com\/hr\/wp-json\/wp\/v2\/product_brand?post=5124"},{"taxonomy":"product_cat","embeddable":true,"href":"https:\/\/medicinasinc.com\/hr\/wp-json\/wp\/v2\/product_cat?post=5124"},{"taxonomy":"product_tag","embeddable":true,"href":"https:\/\/medicinasinc.com\/hr\/wp-json\/wp\/v2\/product_tag?post=5124"}],"curies":[{"name":"wp","href":"https:\/\/api.w.org\/{rel}","templated":true}]}}