{"id":5123,"date":"2022-02-20T20:39:42","date_gmt":"2022-02-20T20:39:42","guid":{"rendered":"https:\/\/medicinasinc.com\/hr\/?post_type=product&#038;p=5123"},"modified":"2022-03-15T05:48:12","modified_gmt":"2022-03-15T05:48:12","slug":"buy-alprox-2mg-xanax","status":"publish","type":"product","link":"https:\/\/medicinasinc.com\/hr\/product\/buy-alprox-2mg-xanax\/","title":{"rendered":"Kupite Alprox 2mg (Xanax)"},"content":{"rendered":"<p>Tra\u017eite XANAX 2mg za prodaju po razumnoj cijeni? Iskoristite niske cijene Best Global Meds i brzu isporuku XANAX-a 2mg do va\u0161eg praga!<\/p>\n<p>U Ujedinjenom Kraljevstvu mo\u017eete kupiti Alprazolam online. UK\/EU robna marka Alprazolama (Xanax) 2mg&#8230; Tableta lijeka protiv anksioznosti od 2 mg sna\u017enija je u Ujedinjenom Kraljevstvu.<\/p>\n<p>Gdje mogu kupiti Xanax online? Gdje mogu kupiti Xanax 2MG online? Gdje mogu kupiti Xanax 1MG online?<\/p>\n<p>Sedativni i sedativni u\u010dinci mogu\u0107i su s Xanaxom.<\/p>\n<p>Xanax 2Mg Kupite online u Velikoj Britaniji Konvulzivno je vidjeti Narud\u017ebu Xanaxa preko no\u0107i morfolo\u0161ki. Waxier Wilburn prkosi kupovini Xanaxa na mre\u017ei Reddit podsti\u010du\u0107i ponudu na zahtjevniji na\u010din.<\/p>\n<p>Xanax bez recepta mo\u017ee se kupiti jeftino online. Gdje mogu kupiti fentermin na veliko po najni\u017eoj cijeni? Slike generika xanaxa od 2 mg<\/p>\n<p>Ovaj se lijek koristi za lije\u010denje pani\u010dnih poreme\u0107aja i anksioznih poreme\u0107aja kao \u0161to su neo\u010dekivani intenzivan strah i napetost uzrokovana stresom. Alprazolam je tableta od 0,5 MG, 1 MG, 2 MG. Najbolje je po\u010deti s malom dozom i napredovati do ve\u0107e. Kako biste izbjegli simptome ustezanja kao \u0161to su napadaji, agresivno pona\u0161anje, zamagljen vid itd. ako iznenada prestanete uzimati ovaj lijek.<\/p>\n<p>Alprazolam 0,5 MG tableta se mo\u017ee uzimati s hranom ili bez nje, prema va\u0161oj \u017eelji. Nemojte prekora\u010diti preporu\u010denu dozu. Ako primijetite bilo koju nuspojavu, odmah se dogovorite sa svojim lije\u010dnikom. Kako biste izbjegli bilo kakve simptome ustezanja, nemojte prestati uzimati lijek bez prethodnog posjeta lije\u010dniku!<\/p>\n<p>Ono \u0161to je uklju\u010deno u proces<br \/> Hiperpolarizacija i stabilnost neuronske membrane posti\u017eu se interakcijom ovog lijeka s kloridom kanala, \u0161to sprje\u010dava dodatnu stani\u010dnu ekscitaciju.<\/p>\n","protected":false},"excerpt":{"rendered":"<p>Alprox 2mg tablete se mogu kupiti online (Xanax). \u0160to je Alprox 2mg? Je li to mogu\u0107e kupiti online? Je li Alprox 2mg dostupan u slobodnoj prodaji?<\/p>\n<p>Kupite Alprazolam Xanax 2 mg tabletu u Ujedinjenom Kraljevstvu, Europi u na\u0161oj internetskoj ljekarni Best Global za lijekove s brzom globalnom dostavom! Ovdje \u0107ete otkriti najbolje cijene Alprazolam 2 MG tableta!<\/p>\n<p>Xanax 2 mg tableta koristi se za lije\u010denje pani\u010dnih poreme\u0107aja i tjeskobe, kao \u0161to su neo\u010dekivani intenzivan strah i napetost uzrokovana stresom. Kupite tabletu Xanax 2 mg. Najbolje je po\u010deti s malom dozom i napredovati do ve\u0107e. Ako iznenada prestanete uzimati ovaj lijek, mogu se pojaviti simptomi ustezanja, uklju\u010duju\u0107i napadaje, agresivno pona\u0161anje, zamagljen vid i drugo.<\/p>\n","protected":false},"featured_media":5140,"comment_status":"open","ping_status":"closed","template":"","meta":[],"product_brand":[],"product_cat":[703],"product_tag":[1125,1126,1127,1128,1129,1130,1132,1134,1137,1138,1148,1139,1144,1145,1131,1146,1155,1149,1151,1133,1153,1162,1136,1156,1158,1163,1152,1160,1161,1164,1165,1140,1142,1141,1150,1166,1168,1169,1154,1172,1176,1177,1179,1194,1180,1178,1181,1182,1147,1183,1171,1189,1167,1175,1185,1186,1187,1170,1192,1188,1157,1143,1173,1174,1190,1159,1184,1135,1191,1193],"class_list":{"0":"post-5123","1":"product","2":"type-product","3":"status-publish","4":"has-post-thumbnail","6":"product_cat-kupiti-psihedelicne-droge","7":"product_tag-alprazolam-25","8":"product_tag-alprazolam-25-za-make","9":"product_tag-alprazolam-0-25-mg","10":"product_tag-alprazolam-0-5-mg-cijena","11":"product_tag-alprazolam-1mg-plava","12":"product_tag-alprazolam-2mg-okoladice","13":"product_tag-alprazolam-blue","14":"product_tag-alprazolam-boica","15":"product_tag-alprazolam-dose-for-dogs","16":"product_tag-alprazolam-dosis-para-dormir-profundamente","17":"product_tag-alprazolam-doza-relaksansa-za-miie","18":"product_tag-alprazolam-efectos-secundarios","19":"product_tag-alprazolam-for-sleep","20":"product_tag-alprazolam-from-mexico","21":"product_tag-alprazolam-i-alkohol","22":"product_tag-alprazolam-intensol","23":"product_tag-alprazolam-izgovarati","24":"product_tag-alprazolam-online","25":"product_tag-alprazolam-para-que-sirve","26":"product_tag-alprazolam-plava-pilula","27":"product_tag-alprazolam-powder-for-sale","28":"product_tag-alprazolam-protiv-klonazepama","29":"product_tag-alprazolam-psi","30":"product_tag-alprazolam-psihonaut","31":"product_tag-alprazolam-recenzije","32":"product_tag-alprazolam-vs-lorazepam","33":"product_tag-alprazolam-prah","34":"product_tag-alprazolam-urine-detection-time","35":"product_tag-alprazolam-use","36":"product_tag-alprazolam-ksanaks","37":"product_tag-alprazolam-xr","38":"product_tag-alprazolam-za-pse","39":"product_tag-alprazolam-za-pse-nuspojave","40":"product_tag-alprazolam-za-pse-online","41":"product_tag-alprazolam-za-spavanje","42":"product_tag-alprazolam-c5-tikvicu","43":"product_tag-buy-alprazolam-online","44":"product_tag-buying-alprazolam","45":"product_tag-alprazolam-cijena","46":"product_tag-diazepam-vs-alprazolam","47":"product_tag-farmapram-alprazolam","48":"product_tag-farmapram-alprazolam-2mg","49":"product_tag-flualprazolam-vs-alprazolam","50":"product_tag-gdje-kupiti-alprazolam-online","51":"product_tag-greenstone-alprazolam","52":"product_tag-flu-alprazolam","53":"product_tag-how-long-does-alprazolam-last-in-urine-reddit","54":"product_tag-how-to-buy-alprazolam-online","55":"product_tag-alprazolam-interakcije","56":"product_tag-je-alprazolam-a-kontrolirana-tvar","57":"product_tag-klonazepam-protiv-alprazolama","58":"product_tag-kupnja-alprazolam-online","59":"product_tag-kupiti-alprazolam","60":"product_tag-lijenici-koji-propisuju-alprazolam-blizu-mene","61":"product_tag-lorazepam-vs-alprazolam","62":"product_tag-lorazepam-vs-alprazolam-reddit","63":"product_tag-meksiki-alprazolam-2mg","64":"product_tag-moe-alprazolam-napuhati-se","65":"product_tag-najbolje-mjesto-za-kupnju-alprazolam-online","66":"product_tag-naruite-alprazolam-online","67":"product_tag-alprazolam-refill-pravila","68":"product_tag-alprazolam-na-prodaju","69":"product_tag-razlika-izmeu-alprazolama-i-lorazepama","70":"product_tag-razlika-izmeu-lorazepama-i-alprazolama","71":"product_tag-sandoz-alprazolam","72":"product_tag-alprazolam-sinteza","73":"product_tag-tekuina-alprazolam","74":"product_tag-alprazolam-tro-c5-a1ak","75":"product_tag-snort-alprazolam","76":"product_tag-to-je-alprazolam-koristi-za-dijeljenje","78":"first","79":"instock","80":"shipping-taxable","81":"purchasable","82":"product-type-variable"},"yoast_head":"<!-- This site is optimized with the Yoast SEO plugin v27.3 - https:\/\/yoast.com\/product\/yoast-seo-wordpress\/ -->\n<title>Kupite Alprox 2mg (Xanax) - Naru\u010dite Xanax - Najbolji najbolji svjetski lijekovi<\/title>\n<meta name=\"description\" content=\"Kupite tablete Alprox 2mg online (Xanax). kupiti Alprox online, Alprox online, kupiti alprox online, kupiti xanax, kupiti Alprazolam Xanax 2 mg tablete UK, Europa\" \/>\n<meta name=\"robots\" content=\"index, follow, max-snippet:-1, max-image-preview:large, max-video-preview:-1\" \/>\n<link rel=\"canonical\" href=\"https:\/\/medicinasinc.com\/hr\/product\/buy-alprox-2mg-xanax\/\" \/>\n<meta property=\"og:locale\" content=\"hr_HR\" \/>\n<meta property=\"og:type\" content=\"article\" \/>\n<meta property=\"og:title\" content=\"Kupite Alprox 2mg (Xanax) - Naru\u010dite Xanax - Najbolji najbolji svjetski lijekovi\" \/>\n<meta property=\"og:description\" content=\"Kupite tablete Alprox 2mg online (Xanax). kupiti Alprox online, Alprox online, kupiti alprox online, kupiti xanax, kupiti Alprazolam Xanax 2 mg tablete UK, Europa\" \/>\n<meta property=\"og:url\" content=\"https:\/\/medicinasinc.com\/hr\/product\/buy-alprox-2mg-xanax\/\" \/>\n<meta property=\"og:site_name\" content=\"Medicinas Inc\" \/>\n<meta property=\"article:modified_time\" content=\"2022-03-15T05:48:12+00:00\" \/>\n<meta property=\"og:image\" content=\"https:\/\/medicinasinc.com\/hr\/wp-content\/uploads\/sites\/3\/2022\/02\/Buy-Alprox-2mg.jpg\" \/>\n\t<meta property=\"og:image:width\" content=\"600\" \/>\n\t<meta property=\"og:image:height\" content=\"600\" \/>\n\t<meta property=\"og:image:type\" content=\"image\/jpeg\" \/>\n<meta name=\"twitter:card\" content=\"summary_large_image\" \/>\n<meta name=\"twitter:label1\" content=\"Procijenjeno vrijeme \u010ditanja\" \/>\n\t<meta name=\"twitter:data1\" content=\"2 minute\" \/>\n<script type=\"application\/ld+json\" class=\"yoast-schema-graph\">{\"@context\":\"https:\\\/\\\/schema.org\",\"@graph\":[{\"@type\":\"WebPage\",\"@id\":\"https:\\\/\\\/medicinasinc.com\\\/hr\\\/product\\\/buy-alprox-2mg-xanax\\\/\",\"url\":\"https:\\\/\\\/medicinasinc.com\\\/hr\\\/product\\\/buy-alprox-2mg-xanax\\\/\",\"name\":\"Kupite Alprox 2mg (Xanax) - Naru\u010dite Xanax - Najbolji najbolji svjetski lijekovi\",\"isPartOf\":{\"@id\":\"https:\\\/\\\/medicinasinc.com\\\/hr\\\/#website\"},\"primaryImageOfPage\":{\"@id\":\"https:\\\/\\\/medicinasinc.com\\\/hr\\\/product\\\/buy-alprox-2mg-xanax\\\/#primaryimage\"},\"image\":{\"@id\":\"https:\\\/\\\/medicinasinc.com\\\/hr\\\/product\\\/buy-alprox-2mg-xanax\\\/#primaryimage\"},\"thumbnailUrl\":\"https:\\\/\\\/medicinasinc.com\\\/hr\\\/wp-content\\\/uploads\\\/sites\\\/3\\\/2022\\\/02\\\/Buy-Alprox-2mg.jpg\",\"datePublished\":\"2022-02-20T20:39:42+00:00\",\"dateModified\":\"2022-03-15T05:48:12+00:00\",\"description\":\"Kupite tablete Alprox 2mg online (Xanax). kupiti Alprox online, Alprox online, kupiti alprox online, kupiti xanax, kupiti Alprazolam Xanax 2 mg tablete UK, Europa\",\"breadcrumb\":{\"@id\":\"https:\\\/\\\/medicinasinc.com\\\/hr\\\/product\\\/buy-alprox-2mg-xanax\\\/#breadcrumb\"},\"inLanguage\":\"hr\",\"potentialAction\":[{\"@type\":\"ReadAction\",\"target\":[\"https:\\\/\\\/medicinasinc.com\\\/hr\\\/product\\\/buy-alprox-2mg-xanax\\\/\"]}]},{\"@type\":\"ImageObject\",\"inLanguage\":\"hr\",\"@id\":\"https:\\\/\\\/medicinasinc.com\\\/hr\\\/product\\\/buy-alprox-2mg-xanax\\\/#primaryimage\",\"url\":\"https:\\\/\\\/medicinasinc.com\\\/hr\\\/wp-content\\\/uploads\\\/sites\\\/3\\\/2022\\\/02\\\/Buy-Alprox-2mg.jpg\",\"contentUrl\":\"https:\\\/\\\/medicinasinc.com\\\/hr\\\/wp-content\\\/uploads\\\/sites\\\/3\\\/2022\\\/02\\\/Buy-Alprox-2mg.jpg\",\"width\":600,\"height\":600},{\"@type\":\"BreadcrumbList\",\"@id\":\"https:\\\/\\\/medicinasinc.com\\\/hr\\\/product\\\/buy-alprox-2mg-xanax\\\/#breadcrumb\",\"itemListElement\":[{\"@type\":\"ListItem\",\"position\":1,\"name\":\"Du\u0107an\",\"item\":\"https:\\\/\\\/medicinasinc.com\\\/hr\\\/ducan\\\/\"},{\"@type\":\"ListItem\",\"position\":2,\"name\":\"Kupite Alprox 2mg (Xanax)\"}]},{\"@type\":\"WebSite\",\"@id\":\"https:\\\/\\\/medicinasinc.com\\\/hr\\\/#website\",\"url\":\"https:\\\/\\\/medicinasinc.com\\\/hr\\\/\",\"name\":\"Medicinas Inc\",\"description\":\"Health Medical Clinic\",\"potentialAction\":[{\"@type\":\"SearchAction\",\"target\":{\"@type\":\"EntryPoint\",\"urlTemplate\":\"https:\\\/\\\/medicinasinc.com\\\/hr\\\/?s={search_term_string}\"},\"query-input\":{\"@type\":\"PropertyValueSpecification\",\"valueRequired\":true,\"valueName\":\"search_term_string\"}}],\"inLanguage\":\"hr\"}]}<\/script>\n<!-- \/ Yoast SEO plugin. -->","yoast_head_json":{"title":"Kupite Alprox 2mg (Xanax) - Naru\u010dite Xanax - Najbolji najbolji svjetski lijekovi","description":"Kupite tablete Alprox 2mg online (Xanax). kupiti Alprox online, Alprox online, kupiti alprox online, kupiti xanax, kupiti Alprazolam Xanax 2 mg tablete UK, Europa","robots":{"index":"index","follow":"follow","max-snippet":"max-snippet:-1","max-image-preview":"max-image-preview:large","max-video-preview":"max-video-preview:-1"},"canonical":"https:\/\/medicinasinc.com\/hr\/product\/buy-alprox-2mg-xanax\/","og_locale":"hr_HR","og_type":"article","og_title":"Kupite Alprox 2mg (Xanax) - Naru\u010dite Xanax - Najbolji najbolji svjetski lijekovi","og_description":"Kupite tablete Alprox 2mg online (Xanax). kupiti Alprox online, Alprox online, kupiti alprox online, kupiti xanax, kupiti Alprazolam Xanax 2 mg tablete UK, Europa","og_url":"https:\/\/medicinasinc.com\/hr\/product\/buy-alprox-2mg-xanax\/","og_site_name":"Medicinas Inc","article_modified_time":"2022-03-15T05:48:12+00:00","og_image":[{"width":600,"height":600,"url":"https:\/\/medicinasinc.com\/hr\/wp-content\/uploads\/sites\/3\/2022\/02\/Buy-Alprox-2mg.jpg","type":"image\/jpeg"}],"twitter_card":"summary_large_image","twitter_misc":{"Procijenjeno vrijeme \u010ditanja":"2 minute"},"schema":{"@context":"https:\/\/schema.org","@graph":[{"@type":"WebPage","@id":"https:\/\/medicinasinc.com\/hr\/product\/buy-alprox-2mg-xanax\/","url":"https:\/\/medicinasinc.com\/hr\/product\/buy-alprox-2mg-xanax\/","name":"Kupite Alprox 2mg (Xanax) - Naru\u010dite Xanax - Najbolji najbolji svjetski lijekovi","isPartOf":{"@id":"https:\/\/medicinasinc.com\/hr\/#website"},"primaryImageOfPage":{"@id":"https:\/\/medicinasinc.com\/hr\/product\/buy-alprox-2mg-xanax\/#primaryimage"},"image":{"@id":"https:\/\/medicinasinc.com\/hr\/product\/buy-alprox-2mg-xanax\/#primaryimage"},"thumbnailUrl":"https:\/\/medicinasinc.com\/hr\/wp-content\/uploads\/sites\/3\/2022\/02\/Buy-Alprox-2mg.jpg","datePublished":"2022-02-20T20:39:42+00:00","dateModified":"2022-03-15T05:48:12+00:00","description":"Kupite tablete Alprox 2mg online (Xanax). kupiti Alprox online, Alprox online, kupiti alprox online, kupiti xanax, kupiti Alprazolam Xanax 2 mg tablete UK, Europa","breadcrumb":{"@id":"https:\/\/medicinasinc.com\/hr\/product\/buy-alprox-2mg-xanax\/#breadcrumb"},"inLanguage":"hr","potentialAction":[{"@type":"ReadAction","target":["https:\/\/medicinasinc.com\/hr\/product\/buy-alprox-2mg-xanax\/"]}]},{"@type":"ImageObject","inLanguage":"hr","@id":"https:\/\/medicinasinc.com\/hr\/product\/buy-alprox-2mg-xanax\/#primaryimage","url":"https:\/\/medicinasinc.com\/hr\/wp-content\/uploads\/sites\/3\/2022\/02\/Buy-Alprox-2mg.jpg","contentUrl":"https:\/\/medicinasinc.com\/hr\/wp-content\/uploads\/sites\/3\/2022\/02\/Buy-Alprox-2mg.jpg","width":600,"height":600},{"@type":"BreadcrumbList","@id":"https:\/\/medicinasinc.com\/hr\/product\/buy-alprox-2mg-xanax\/#breadcrumb","itemListElement":[{"@type":"ListItem","position":1,"name":"Du\u0107an","item":"https:\/\/medicinasinc.com\/hr\/ducan\/"},{"@type":"ListItem","position":2,"name":"Kupite Alprox 2mg (Xanax)"}]},{"@type":"WebSite","@id":"https:\/\/medicinasinc.com\/hr\/#website","url":"https:\/\/medicinasinc.com\/hr\/","name":"Medicinas Inc","description":"Health Medical Clinic","potentialAction":[{"@type":"SearchAction","target":{"@type":"EntryPoint","urlTemplate":"https:\/\/medicinasinc.com\/hr\/?s={search_term_string}"},"query-input":{"@type":"PropertyValueSpecification","valueRequired":true,"valueName":"search_term_string"}}],"inLanguage":"hr"}]}},"_links":{"self":[{"href":"https:\/\/medicinasinc.com\/hr\/wp-json\/wp\/v2\/product\/5123","targetHints":{"allow":["GET"]}}],"collection":[{"href":"https:\/\/medicinasinc.com\/hr\/wp-json\/wp\/v2\/product"}],"about":[{"href":"https:\/\/medicinasinc.com\/hr\/wp-json\/wp\/v2\/types\/product"}],"replies":[{"embeddable":true,"href":"https:\/\/medicinasinc.com\/hr\/wp-json\/wp\/v2\/comments?post=5123"}],"wp:featuredmedia":[{"embeddable":true,"href":"https:\/\/medicinasinc.com\/hr\/wp-json\/wp\/v2\/media\/5140"}],"wp:attachment":[{"href":"https:\/\/medicinasinc.com\/hr\/wp-json\/wp\/v2\/media?parent=5123"}],"wp:term":[{"taxonomy":"product_brand","embeddable":true,"href":"https:\/\/medicinasinc.com\/hr\/wp-json\/wp\/v2\/product_brand?post=5123"},{"taxonomy":"product_cat","embeddable":true,"href":"https:\/\/medicinasinc.com\/hr\/wp-json\/wp\/v2\/product_cat?post=5123"},{"taxonomy":"product_tag","embeddable":true,"href":"https:\/\/medicinasinc.com\/hr\/wp-json\/wp\/v2\/product_tag?post=5123"}],"curies":[{"name":"wp","href":"https:\/\/api.w.org\/{rel}","templated":true}]}}