{"id":5122,"date":"2022-02-20T20:38:15","date_gmt":"2022-02-20T20:38:15","guid":{"rendered":"https:\/\/medicinasinc.com\/hr\/?post_type=product&#038;p=5122"},"modified":"2022-03-15T05:48:21","modified_gmt":"2022-03-15T05:48:21","slug":"kupiti-adderall-30-mg","status":"publish","type":"product","link":"https:\/\/medicinasinc.com\/hr\/product\/kupiti-adderall-30-mg\/","title":{"rendered":"Kupite Adderall 30 mg"},"content":{"rendered":"<p>Kupite Adderall 30mg oralne pilule online koriste\u0107i Bitcoin. Osim toga, koristi se za lije\u010denje poreme\u0107aja pa\u017enje i hiperaktivnosti (ADHD) i narkolepsije.<\/p>\n<p>Kupite Adderall 30 mg online uz brzu globalnu isporuku iz na\u0161e internetske ljekarne Global Med! Ovdje \u0107ete prona\u0107i najbolji Adderall 30 mg za kupnju!<\/p>\n<p>Adderall 30 MG je lijek na recept koji se stvara mije\u0161anjem i dekstroamfetaminom. Ove dvije komponente djeluju kao glavni stimulansi \u017eiv\u010danog sustava. Dodatno, ovi stimulansi imaju u\u010dinak na mo\u017edane kemikalije i neurone koji reguliraju impulse i hiperaktivnost. Lijek se prvenstveno koristi za lije\u010denje narkolepsije i poreme\u0107aja pa\u017enje i hiperaktivnosti (ADHD). Konzumacija je dopu\u0161tena u ograni\u010denom broju zemalja, odnosno Kanadi i Sjedinjenim Dr\u017eavama.<\/p>\n<p>Najozbiljniji problem s kupnjom Adderall 30Mg online je ova rije\u010d koja po\u010dinje sa W<\/p>\n<p>Svaka k\u0107er ili dje\u010dak je ro\u0111en s prili\u010dno dobrim pam\u0107enjem.<\/p>\n<p>Kupite Adderall 30mg. Nema potrebe za receptom. Dostava je potpuno sigurna i diskretna. Dostava je mogu\u0107a preko no\u0107i. Zajam\u010deni povrat novca.<\/p>\n<p>Adderall pilule mo\u017eete kupiti bez recepta online, adderall na otvorenom ra\u010dunalu i mogu li kupiti Adderall online.<\/p>\n<p>Mjere opreza pri doziranju:<\/p>\n<p> Iako osoba mo\u017ee zahtijevati Adderall XR, ona ili ona trebaju posjetiti lije\u010dnika prije prve doze ako imaju prekomjerno aktivnu \u0161titnja\u010du, umjereni do jaki visoki krvni tlak, glaukom, bilo koju sr\u010danu bolest ili su prije bili ovisnici o drogama ili alkoholu. Osim toga, pojedinci se pozivaju da ne zlorabe dozu lijeka, jer bi to moglo dovesti do velikih negativnih u\u010dinaka na srce ili, u najgorem slu\u010daju, smrti.<\/p>\n<p>Pozitivan rezultat:<\/p>\n<p>Kao i kod svake supstance, njeno jedenje ima niz u\u010dinaka, pozitivnih i lo\u0161ih. Dodatno, Adderall 30 MG ima. Primije\u0107eno je da kra\u0107a uporaba prema preporuci lije\u010dnika ima povoljan u\u010dinak na zdravlje osobe sprje\u010davaju\u0107i simptome ADHD-a. To se doga\u0111a iz sljede\u0107ih razloga:<\/p>\n<p>Pove\u0107ava razinu neurotransmitera kao \u0161to su dopamin i norepinefrin u na\u0161em mozgu. Osim toga, ovi specifi\u010dni spojevi u mozgu slu\u017ee za pove\u0107anje razine energije, budnosti i fokusa.<br \/> Lijek mo\u017ee ubrzati otkucaje srca i odr\u017eati dotok krvi u mi\u0161i\u0107e.<br \/> Dosljedna upotreba prema preporuci lije\u010dnika mo\u017ee rezultira pove\u0107anom energijom i snagom, \u0161to se smatra usporedivim s konzumacijom kokaina.<br \/>Negativan rezultat:<\/p>\n<p>Zbog \u010dinjenice da je Adderall 30 MG vrlo osjetljiv lijek, konzumiranje ga bez lije\u010dni\u010dke kontrole recept mo\u017ee imati lo\u0161 u\u010dinak na va\u0161e zdravlje.<\/p>\n<p>Razdra\u017eljivost<br \/> Smanjenje tjelesne te\u017eine koje je nezdravo kao posljedica suzbijanja apetita<br \/> Nesanica i poreme\u0107eni obrasci spavanja<br \/> Te\u0161ke sr\u010dane komplikacije<\/p>\n<p>&nbsp;<\/p>\n<p>&nbsp;<\/p>\n<p>&nbsp;<\/p>\n<p>U slu\u010daju zlostavljanja:<\/p>\n<p>Lije\u010dnici su uvijek savjetovali pacijentima da oprezno koriste lijekove, a ako je Adderall 30 MG bio zlorabljen, to je rezultiralo pove\u0107anom razinom energije i sna\u017enim ja\u010danjem. Osim toga, prekomjerna upotreba potonje tvari mo\u017ee rezultirati neugodnim simptomima kao \u0161to su:<\/p>\n<p>Smanjena pozornost na odre\u0111ene zadatke<br \/> Depresija i tromost<br \/> Imajte na umu ove to\u010dke umora:<\/p>\n<p>Osim toga, postoji nekoliko stvari koje treba razmotriti prije upotrebe Adderall 30 MG.<\/p>\n<p>Istra\u017eiva\u010di su savjetovali pojedincima da ga ne unose ako su uzimali MAO inhibitore kao \u0161to su linezolid, injekcija metilenskog plavog, izokarboksazid ili razagilin u prethodnih 14 dana, jer bi to moglo rezultirati ozbiljnom farmakolo\u0161kom interakcijom, \u0161to je zasigurno nezdravo.<\/p>\n<p>Osim toga, osoba alergi\u010dna na stimulativne lijekove trebala bi to izbjegavati ili ako se ve\u0107 nosi s tim. sljede\u0107e:<\/p>\n<p>Svaka ozbiljna koronarna arterijska ili sr\u010dana bolest<br \/> Hipertenzija (normalna do visoka)<br \/> Anksioznost i stres na najvi\u0161em nivou<br \/> Ovisnost o drogama ili alkoholu<br \/> \u0160to ako je netko ovisan o Adderall XR?<\/p>\n<p>Ovisnost o takvoj tvari mo\u017ee se o\u010ditovati na dva na\u010dina: psihi\u010dki i fizi\u010dki.<\/p>\n<p>Ako je osoba svakodnevno uzima i ona se uvrije\u017eila u njezinu \u017eivotu, razviti \u0107e psihi\u010dku ovisnost ili ovisnost o tome. Osim toga, ograni\u010davanje pristupa njemu iz bilo kojeg razloga moglo bi biti uznemiruju\u0107e, a mentalno ovisni pojedinci bi imali redoviti stres ili glavobolje.<\/p>\n<p>Osim toga, kod mentalno ovisnih pojedinaca konzumacija \u010desto eskalira do opasnih razina i oni su prisiljeni na to. nastaviti ga piti \u010dak i uz rizik svog \u017eivota. Me\u0111utim, u ovom slu\u010daju postoji lijek. Ovaj obrazac pona\u0161anja mo\u017ee se promijeniti kroz psihijatrijsko lije\u010denje. Prema rije\u010dima stru\u010dnjaka, terapija koja se zove kognitivna bihejvioralna terapija mo\u017ee biti korisna.<\/p>\n<p>Drugo, kada je osoba navikla imati vi\u0161u razinu dopamina u svom mozgu, smanjenje Adderall XR mo\u017ee rezultirati smanjenjem dopamina razine, \u0161to rezultira sljede\u0107im:<\/p>\n<p>&nbsp;<\/p>\n<p>Depresija ili iscrpljenost<br \/> Neprirodno spavanje ili ostajete budni neuobi\u010dajeno dugo vremena<\/p>\n<p>To je Ovdje je potrebno naglasiti da fizi\u010dka ovisnost mo\u017ee izazvati poriv za konzumacijom ve\u0107e koli\u010dine tvari kako bi se odr\u017ealo zadovoljstvo, \u0161to mo\u017ee rezultirati raznim \u0161tetnim u\u010dincima i predoziranjem.<\/p>\n<p>Me\u0111utim, njihovo uzimanje samo uz stru\u010dno vodstvo. ili s najve\u0107om razborito\u0161\u0107u mo\u017ee za\u0161tititi ljude od negativnih posljedica.<\/p>\n","protected":false},"excerpt":{"rendered":"<p>Kupite Adderall 30 mg u Ujedinjenom Kraljevstvu i Europi u na\u0161oj internetskoj ljekarni Best Global Meds s brzom me\u0111unarodnom dostavom! Ovdje \u0107ete prona\u0107i najbolji Adderall 30 mg za kupnju!<\/p>\n<p>Kupite Adderall 30 mg online. Kupite Adderall 30 mg online od jednog od najve\u0107ih online trgovaca po najboljoj cijeni. Adderall je tako\u0111er poznat kao amfetamin i dekstroamfetamin i koristi se za lije\u010denje poreme\u0107aja hiperaktivnosti deficita pa\u017enje (ADHD) (poreme\u0107aj hiperaktivnosti deficita pa\u017enje).<\/p>\n<p>Adderall 30 MG je lijek na recept koji se stvara mije\u0161anjem i dekstroamfetaminom. Ove dvije komponente djeluju kao glavni stimulansi \u017eiv\u010danog sustava. Osim toga, ovi stimulansi utje\u010du na mo\u017edane kemikalije i neurone koji reguliraju impulse i hiperaktivnost.<\/p>\n","protected":false},"featured_media":5138,"comment_status":"open","ping_status":"closed","template":"","meta":[],"product_brand":[],"product_cat":[1117],"product_tag":[1119,1124,1120,1123,1121,1118,1122],"class_list":{"0":"post-5122","1":"product","2":"type-product","3":"status-publish","4":"has-post-thumbnail","6":"product_cat-kupite-tablete-za-bol-spavanje-seks","7":"product_tag-buy-adderall-30-mg-online","8":"product_tag-gdje-kupiti-adderall-30-mg-online","9":"product_tag-kako-kupiti-adderall-30-mg-online","10":"product_tag-najbolje-mjesto-za-kupnju-adderall-30-mg-online","11":"product_tag-naruite-adderall-30-mg-online","12":"product_tag-adderall-30-mg-za-prodaju","13":"product_tag-purchase-adderall-30-mg-online","15":"first","16":"instock","17":"shipping-taxable","18":"purchasable","19":"product-type-variable","20":"has-default-attributes"},"yoast_head":"<!-- This site is optimized with the Yoast SEO plugin v27.3 - https:\/\/yoast.com\/product\/yoast-seo-wordpress\/ -->\n<title>Kupite Adderall 30 mg - Adderall 30 mg - Najbolji globalni lijekovi<\/title>\n<meta name=\"description\" content=\"Kupite Adderall 30mg tablete online. Kupite Adderall online 30 mg jednog od najboljih trgovaca online po najboljoj cijeni. Adderall je tako\u0111er poznat kao amfetamin i dekstroamfetamin koji se koristi za lije\u010denje ADHD-a (poreme\u0107aj hiperaktivnosti deficita pa\u017enje).\" \/>\n<meta name=\"robots\" content=\"index, follow, max-snippet:-1, max-image-preview:large, max-video-preview:-1\" \/>\n<link rel=\"canonical\" href=\"https:\/\/medicinasinc.com\/hr\/product\/kupiti-adderall-30-mg\/\" \/>\n<meta property=\"og:locale\" content=\"hr_HR\" \/>\n<meta property=\"og:type\" content=\"article\" \/>\n<meta property=\"og:title\" content=\"Kupite Adderall 30 mg - Adderall 30 mg - Najbolji globalni lijekovi\" \/>\n<meta property=\"og:description\" content=\"Kupite Adderall 30mg tablete online. Kupite Adderall online 30 mg jednog od najboljih trgovaca online po najboljoj cijeni. Adderall je tako\u0111er poznat kao amfetamin i dekstroamfetamin koji se koristi za lije\u010denje ADHD-a (poreme\u0107aj hiperaktivnosti deficita pa\u017enje).\" \/>\n<meta property=\"og:url\" content=\"https:\/\/medicinasinc.com\/hr\/product\/kupiti-adderall-30-mg\/\" \/>\n<meta property=\"og:site_name\" content=\"Medicinas Inc\" \/>\n<meta property=\"article:modified_time\" content=\"2022-03-15T05:48:21+00:00\" \/>\n<meta property=\"og:image\" content=\"https:\/\/medicinasinc.com\/hr\/wp-content\/uploads\/sites\/3\/2022\/02\/Buy-Adderall-30-MG.jpg\" \/>\n\t<meta property=\"og:image:width\" content=\"392\" \/>\n\t<meta property=\"og:image:height\" content=\"300\" \/>\n\t<meta property=\"og:image:type\" content=\"image\/jpeg\" \/>\n<meta name=\"twitter:card\" content=\"summary_large_image\" \/>\n<meta name=\"twitter:label1\" content=\"Procijenjeno vrijeme \u010ditanja\" \/>\n\t<meta name=\"twitter:data1\" content=\"4 minute\" \/>\n<script type=\"application\/ld+json\" class=\"yoast-schema-graph\">{\"@context\":\"https:\\\/\\\/schema.org\",\"@graph\":[{\"@type\":\"WebPage\",\"@id\":\"https:\\\/\\\/medicinasinc.com\\\/hr\\\/product\\\/kupiti-adderall-30-mg\\\/\",\"url\":\"https:\\\/\\\/medicinasinc.com\\\/hr\\\/product\\\/kupiti-adderall-30-mg\\\/\",\"name\":\"Kupite Adderall 30 mg - Adderall 30 mg - Najbolji globalni lijekovi\",\"isPartOf\":{\"@id\":\"https:\\\/\\\/medicinasinc.com\\\/hr\\\/#website\"},\"primaryImageOfPage\":{\"@id\":\"https:\\\/\\\/medicinasinc.com\\\/hr\\\/product\\\/kupiti-adderall-30-mg\\\/#primaryimage\"},\"image\":{\"@id\":\"https:\\\/\\\/medicinasinc.com\\\/hr\\\/product\\\/kupiti-adderall-30-mg\\\/#primaryimage\"},\"thumbnailUrl\":\"https:\\\/\\\/medicinasinc.com\\\/hr\\\/wp-content\\\/uploads\\\/sites\\\/3\\\/2022\\\/02\\\/Buy-Adderall-30-MG.jpg\",\"datePublished\":\"2022-02-20T20:38:15+00:00\",\"dateModified\":\"2022-03-15T05:48:21+00:00\",\"description\":\"Kupite Adderall 30mg tablete online. Kupite Adderall online 30 mg jednog od najboljih trgovaca online po najboljoj cijeni. Adderall je tako\u0111er poznat kao amfetamin i dekstroamfetamin koji se koristi za lije\u010denje ADHD-a (poreme\u0107aj hiperaktivnosti deficita pa\u017enje).\",\"breadcrumb\":{\"@id\":\"https:\\\/\\\/medicinasinc.com\\\/hr\\\/product\\\/kupiti-adderall-30-mg\\\/#breadcrumb\"},\"inLanguage\":\"hr\",\"potentialAction\":[{\"@type\":\"ReadAction\",\"target\":[\"https:\\\/\\\/medicinasinc.com\\\/hr\\\/product\\\/kupiti-adderall-30-mg\\\/\"]}]},{\"@type\":\"ImageObject\",\"inLanguage\":\"hr\",\"@id\":\"https:\\\/\\\/medicinasinc.com\\\/hr\\\/product\\\/kupiti-adderall-30-mg\\\/#primaryimage\",\"url\":\"https:\\\/\\\/medicinasinc.com\\\/hr\\\/wp-content\\\/uploads\\\/sites\\\/3\\\/2022\\\/02\\\/Buy-Adderall-30-MG.jpg\",\"contentUrl\":\"https:\\\/\\\/medicinasinc.com\\\/hr\\\/wp-content\\\/uploads\\\/sites\\\/3\\\/2022\\\/02\\\/Buy-Adderall-30-MG.jpg\",\"width\":392,\"height\":300},{\"@type\":\"BreadcrumbList\",\"@id\":\"https:\\\/\\\/medicinasinc.com\\\/hr\\\/product\\\/kupiti-adderall-30-mg\\\/#breadcrumb\",\"itemListElement\":[{\"@type\":\"ListItem\",\"position\":1,\"name\":\"Du\u0107an\",\"item\":\"https:\\\/\\\/medicinasinc.com\\\/hr\\\/ducan\\\/\"},{\"@type\":\"ListItem\",\"position\":2,\"name\":\"Kupite Adderall 30 mg\"}]},{\"@type\":\"WebSite\",\"@id\":\"https:\\\/\\\/medicinasinc.com\\\/hr\\\/#website\",\"url\":\"https:\\\/\\\/medicinasinc.com\\\/hr\\\/\",\"name\":\"Medicinas Inc\",\"description\":\"Health Medical Clinic\",\"potentialAction\":[{\"@type\":\"SearchAction\",\"target\":{\"@type\":\"EntryPoint\",\"urlTemplate\":\"https:\\\/\\\/medicinasinc.com\\\/hr\\\/?s={search_term_string}\"},\"query-input\":{\"@type\":\"PropertyValueSpecification\",\"valueRequired\":true,\"valueName\":\"search_term_string\"}}],\"inLanguage\":\"hr\"}]}<\/script>\n<!-- \/ Yoast SEO plugin. -->","yoast_head_json":{"title":"Kupite Adderall 30 mg - Adderall 30 mg - Najbolji globalni lijekovi","description":"Kupite Adderall 30mg tablete online. Kupite Adderall online 30 mg jednog od najboljih trgovaca online po najboljoj cijeni. Adderall je tako\u0111er poznat kao amfetamin i dekstroamfetamin koji se koristi za lije\u010denje ADHD-a (poreme\u0107aj hiperaktivnosti deficita pa\u017enje).","robots":{"index":"index","follow":"follow","max-snippet":"max-snippet:-1","max-image-preview":"max-image-preview:large","max-video-preview":"max-video-preview:-1"},"canonical":"https:\/\/medicinasinc.com\/hr\/product\/kupiti-adderall-30-mg\/","og_locale":"hr_HR","og_type":"article","og_title":"Kupite Adderall 30 mg - Adderall 30 mg - Najbolji globalni lijekovi","og_description":"Kupite Adderall 30mg tablete online. Kupite Adderall online 30 mg jednog od najboljih trgovaca online po najboljoj cijeni. Adderall je tako\u0111er poznat kao amfetamin i dekstroamfetamin koji se koristi za lije\u010denje ADHD-a (poreme\u0107aj hiperaktivnosti deficita pa\u017enje).","og_url":"https:\/\/medicinasinc.com\/hr\/product\/kupiti-adderall-30-mg\/","og_site_name":"Medicinas Inc","article_modified_time":"2022-03-15T05:48:21+00:00","og_image":[{"width":392,"height":300,"url":"https:\/\/medicinasinc.com\/hr\/wp-content\/uploads\/sites\/3\/2022\/02\/Buy-Adderall-30-MG.jpg","type":"image\/jpeg"}],"twitter_card":"summary_large_image","twitter_misc":{"Procijenjeno vrijeme \u010ditanja":"4 minute"},"schema":{"@context":"https:\/\/schema.org","@graph":[{"@type":"WebPage","@id":"https:\/\/medicinasinc.com\/hr\/product\/kupiti-adderall-30-mg\/","url":"https:\/\/medicinasinc.com\/hr\/product\/kupiti-adderall-30-mg\/","name":"Kupite Adderall 30 mg - Adderall 30 mg - Najbolji globalni lijekovi","isPartOf":{"@id":"https:\/\/medicinasinc.com\/hr\/#website"},"primaryImageOfPage":{"@id":"https:\/\/medicinasinc.com\/hr\/product\/kupiti-adderall-30-mg\/#primaryimage"},"image":{"@id":"https:\/\/medicinasinc.com\/hr\/product\/kupiti-adderall-30-mg\/#primaryimage"},"thumbnailUrl":"https:\/\/medicinasinc.com\/hr\/wp-content\/uploads\/sites\/3\/2022\/02\/Buy-Adderall-30-MG.jpg","datePublished":"2022-02-20T20:38:15+00:00","dateModified":"2022-03-15T05:48:21+00:00","description":"Kupite Adderall 30mg tablete online. Kupite Adderall online 30 mg jednog od najboljih trgovaca online po najboljoj cijeni. Adderall je tako\u0111er poznat kao amfetamin i dekstroamfetamin koji se koristi za lije\u010denje ADHD-a (poreme\u0107aj hiperaktivnosti deficita pa\u017enje).","breadcrumb":{"@id":"https:\/\/medicinasinc.com\/hr\/product\/kupiti-adderall-30-mg\/#breadcrumb"},"inLanguage":"hr","potentialAction":[{"@type":"ReadAction","target":["https:\/\/medicinasinc.com\/hr\/product\/kupiti-adderall-30-mg\/"]}]},{"@type":"ImageObject","inLanguage":"hr","@id":"https:\/\/medicinasinc.com\/hr\/product\/kupiti-adderall-30-mg\/#primaryimage","url":"https:\/\/medicinasinc.com\/hr\/wp-content\/uploads\/sites\/3\/2022\/02\/Buy-Adderall-30-MG.jpg","contentUrl":"https:\/\/medicinasinc.com\/hr\/wp-content\/uploads\/sites\/3\/2022\/02\/Buy-Adderall-30-MG.jpg","width":392,"height":300},{"@type":"BreadcrumbList","@id":"https:\/\/medicinasinc.com\/hr\/product\/kupiti-adderall-30-mg\/#breadcrumb","itemListElement":[{"@type":"ListItem","position":1,"name":"Du\u0107an","item":"https:\/\/medicinasinc.com\/hr\/ducan\/"},{"@type":"ListItem","position":2,"name":"Kupite Adderall 30 mg"}]},{"@type":"WebSite","@id":"https:\/\/medicinasinc.com\/hr\/#website","url":"https:\/\/medicinasinc.com\/hr\/","name":"Medicinas Inc","description":"Health Medical Clinic","potentialAction":[{"@type":"SearchAction","target":{"@type":"EntryPoint","urlTemplate":"https:\/\/medicinasinc.com\/hr\/?s={search_term_string}"},"query-input":{"@type":"PropertyValueSpecification","valueRequired":true,"valueName":"search_term_string"}}],"inLanguage":"hr"}]}},"_links":{"self":[{"href":"https:\/\/medicinasinc.com\/hr\/wp-json\/wp\/v2\/product\/5122","targetHints":{"allow":["GET"]}}],"collection":[{"href":"https:\/\/medicinasinc.com\/hr\/wp-json\/wp\/v2\/product"}],"about":[{"href":"https:\/\/medicinasinc.com\/hr\/wp-json\/wp\/v2\/types\/product"}],"replies":[{"embeddable":true,"href":"https:\/\/medicinasinc.com\/hr\/wp-json\/wp\/v2\/comments?post=5122"}],"wp:featuredmedia":[{"embeddable":true,"href":"https:\/\/medicinasinc.com\/hr\/wp-json\/wp\/v2\/media\/5138"}],"wp:attachment":[{"href":"https:\/\/medicinasinc.com\/hr\/wp-json\/wp\/v2\/media?parent=5122"}],"wp:term":[{"taxonomy":"product_brand","embeddable":true,"href":"https:\/\/medicinasinc.com\/hr\/wp-json\/wp\/v2\/product_brand?post=5122"},{"taxonomy":"product_cat","embeddable":true,"href":"https:\/\/medicinasinc.com\/hr\/wp-json\/wp\/v2\/product_cat?post=5122"},{"taxonomy":"product_tag","embeddable":true,"href":"https:\/\/medicinasinc.com\/hr\/wp-json\/wp\/v2\/product_tag?post=5122"}],"curies":[{"name":"wp","href":"https:\/\/api.w.org\/{rel}","templated":true}]}}