{"id":5096,"date":"2022-02-20T20:15:06","date_gmt":"2022-02-20T20:15:06","guid":{"rendered":"https:\/\/medicinasinc.com\/hr\/?post_type=product&#038;p=5096"},"modified":"2022-03-15T05:48:29","modified_gmt":"2022-03-15T05:48:29","slug":"grejp-korov-soj","status":"publish","type":"product","link":"https:\/\/medicinasinc.com\/hr\/product\/grejp-korov-soj\/","title":{"rendered":"Soj korova grejpa"},"content":{"rendered":"<p><strong>Online kupnja visokokvalitetne marihuane s grejpfrutom<\/strong><\/p>\n<p>Grejp je gotovo \u010dista sorta sativa. Nastala je kri\u017eanjem Cinderella 99 s nepoznatom sativom okusa grejpa. Ovo nije soj marihuane za rekreaciju; tako\u0111er nudi mno\u0161tvo medicinskih karakteristika. Nakon nekoliko udisaja osje\u0107at \u0107ete se manje pod stresom, depresijom i bolovima.<\/p>\n<p><strong>Sativa<\/strong>\u00a0\u2013 100%<\/p>\n<p><strong>THC<\/strong> &gt;: 17-20%<\/p>\n<h3><strong>Va\u017ene informacije o dostavi<\/strong><\/h3>\n<ul>\n<li><strong>BESPLATNA dostava za narud\u017ebe od 175 USD ili vi\u0161e<\/strong><\/li>\n<li>Nalazimo se na zapadnoj obali Kanade<\/li>\n<li><strong>Narud\u017ebama \u0107e trebati oko 3 radna dana da stignu<\/strong>\u00a0nakon \u0161to Canada Post primi paket *pod pretpostavkom da nema ka\u0161njenja iz Kanade Post*<\/li>\n<li>Paketi \u0107e biti poslani na temelju vremena\u00a0<strong>kada je uplata primljena<\/strong>\u00a0NE kada je narud\u017eba poslana.<\/li>\n<li>Narud\u017ebe s uplatom primljene su izme\u0111u 12:00 PST \u2013 12:00 sati. PST (od pono\u0107i do podneva) bit \u0107e isporu\u010den isti dan.<\/li>\n<li>Narud\u017ebe s uplatom primljene nakon 12:00 PST (podne) bit \u0107e poslane sljede\u0107eg dana.<\/li>\n<\/ul>\n<div class=\" proizvod-sljede\u0107i-prethodni\">\n<div class=\"product-prev\"><\/div><\/div>\n","protected":false},"excerpt":{"rendered":"<div class=\"woocommerce-product-details__short-description\">\n<p>Grejpfrut je vrlo mo\u0107na sorta marihuane sativa nastala kri\u017eanjem Cinderella 99 s grejpom. Grejp ima revitaliziraju\u0107a svojstva i izaziva osje\u0107aj vedrine. Ovaj soj ima profil tropskog okusa i miris citrusa.<\/p>\n<p>Kupite Grapefruit Marihuana Strain je vrlo mo\u0107an soj marihuane sativa stvoren kri\u017eanjem Cinderella 99 s grejpom. Grapefruit Marihuana Soj za prodaju online<\/p>\n<p>Marihuana od grejpa najvi\u0161e kvalitete dostupna na internetu.<\/p>\n<p>Grapfruit Cannabis je soj sativa. 70% dominantnog hibrida Sativa \/ 30% Indica THC: 20% \u2013 25%, CBN: 1%<\/p>\n<\/p><\/div>\n","protected":false},"featured_media":5115,"comment_status":"open","ping_status":"closed","template":"","meta":[],"product_brand":[],"product_cat":[778],"product_tag":[1060,1061,1062,1067,1068,1069,1070,1075,1076,1077,1078,1083,1084,1085,1086,1092,1093,1094,1095,1100,1101,1102,1103,1108,1109,1110,1111,1114,1116,1115,1065,1079,1080,1082,1063,1066,1073,1074,1064,1072,1071,1081,1087,1104,1106,1088,1089,1090,1091,1096,1097,1098,1105,1099,1107,1113,1112],"class_list":{"0":"post-5096","1":"product","2":"type-product","3":"status-publish","4":"has-post-thumbnail","6":"product_cat-korov-za-prodaju","7":"product_tag-buy-grapefruit-strain-online-in-australia","8":"product_tag-buy-grapefruit-strain-online-in-austria","9":"product_tag-buy-grapefruit-strain-online-in-belarus","10":"product_tag-buy-grapefruit-strain-online-in-denmark","11":"product_tag-buy-grapefruit-strain-online-in-england","12":"product_tag-buy-grapefruit-strain-online-in-finland","13":"product_tag-buy-grapefruit-strain-online-in-france","14":"product_tag-buy-grapefruit-strain-online-in-japan","15":"product_tag-buy-grapefruit-strain-online-in-malta","16":"product_tag-buy-grapefruit-strain-online-in-mexico","17":"product_tag-buy-grapefruit-strain-online-in-new-zealand","18":"product_tag-buy-grapefruit-strain-online-in-switzerland","19":"product_tag-buy-grapefruit-strain-online-in-turkey","20":"product_tag-buy-grapefruit-strain-online-in-usa","21":"product_tag-buy-grapefruit-strain-online-online-in-uk","22":"product_tag-buy-weed-online-in-canada","23":"product_tag-buy-weed-online-in-china","24":"product_tag-buy-weed-online-in-croatia","25":"product_tag-buy-weed-online-in-denmark","26":"product_tag-buy-weed-online-in-hungary","27":"product_tag-buy-weed-online-in-ireland","28":"product_tag-buy-weed-online-in-italy","29":"product_tag-buy-weed-online-in-japan","30":"product_tag-buy-weed-online-in-russia","31":"product_tag-buy-weed-online-in-scotland","32":"product_tag-buy-weed-online-in-spain","33":"product_tag-buy-weed-online-in-switzerland","34":"product_tag-buy-weed-online-online-in-uk","35":"product_tag-grejp-korov-na-prodaja-online","36":"product_tag-jeftino-grejp-marihuana-na-prodaja-online","37":"product_tag-kupiti-grejp-procijediti-online-u-kini","38":"product_tag-buy-grejp-strain-online-in-pillipines","39":"product_tag-kupiti-grejp-soj-online-u-rusiji","40":"product_tag-kupiti-grejp-procijediti-online-u-panjolskoj","41":"product_tag-kupiti-grejp-procijediti-online-u-bugarskoj","42":"product_tag-kupiti-grejp-procijediti-online-u-hrvatskoj","43":"product_tag-kupiti-grejp-procijediti-online-u-irskoj","44":"product_tag-kupiti-grejp-procijediti-online-u-italy","45":"product_tag-kupi-grejp-soj-online-u-kanadi","46":"product_tag-kupiti-grejp-procijediti-online-u-maarskoj","47":"product_tag-kupiti-grejp-procijediti-online-u-njemakoj","48":"product_tag-kupiti-grejp-soj-online-u-kotskoj","49":"product_tag-kupiti-grejp-korov-procijediti-online","50":"product_tag-kupiti-travu-online-na-malti","51":"product_tag-kupiti-travu-online-u-novom-zelandu","52":"product_tag-kupiti-travu-online-u-australiji","53":"product_tag-kupuj-travu-online-u-austriji","54":"product_tag-kupi-travu-online-u-belarus","55":"product_tag-kupiti-travu-online-u-bugarskoj","56":"product_tag-kupiti-travu-online-u-engleskoj","57":"product_tag-kupi-travu-online-u-finskoj","58":"product_tag-kupiti-travu-online-u-francuskoj","59":"product_tag-kupiti-travu-online-u-meksiku","60":"product_tag-kupiti-travu-online-u-njemakoj","61":"product_tag-kupiti-travu-online-u-pillipini","62":"product_tag-kupiti-travu-online-u-usa","63":"product_tag-kupiti-travu-online-u-turskoj","65":"first","66":"instock","67":"shipping-taxable","68":"purchasable","69":"product-type-variable","70":"has-default-attributes"},"yoast_head":"<!-- This site is optimized with the Yoast SEO plugin v27.3 - https:\/\/yoast.com\/product\/yoast-seo-wordpress\/ -->\n<title>Kupite soj korova grejpa - najbolji najbolji svjetski lijekovi<\/title>\n<meta name=\"description\" content=\"Kupite Grapefruit Weed Strain mo\u0107an je soj marihuane sativa dobiven kri\u017eanjem Cinderella 99. Kupite soj marihuane od grejpa online\" \/>\n<meta name=\"robots\" content=\"index, follow, max-snippet:-1, max-image-preview:large, max-video-preview:-1\" \/>\n<link rel=\"canonical\" href=\"https:\/\/medicinasinc.com\/hr\/product\/grejp-korov-soj\/\" \/>\n<meta property=\"og:locale\" content=\"hr_HR\" \/>\n<meta property=\"og:type\" content=\"article\" \/>\n<meta property=\"og:title\" content=\"Kupite soj korova grejpa - najbolji najbolji svjetski lijekovi\" \/>\n<meta property=\"og:description\" content=\"Kupite Grapefruit Weed Strain mo\u0107an je soj marihuane sativa dobiven kri\u017eanjem Cinderella 99. Kupite soj marihuane od grejpa online\" \/>\n<meta property=\"og:url\" content=\"https:\/\/medicinasinc.com\/hr\/product\/grejp-korov-soj\/\" \/>\n<meta property=\"og:site_name\" content=\"Medicinas Inc\" \/>\n<meta property=\"article:modified_time\" content=\"2022-03-15T05:48:29+00:00\" \/>\n<meta property=\"og:image\" content=\"https:\/\/medicinasinc.com\/hr\/wp-content\/uploads\/sites\/3\/2022\/02\/Buy-Grapefruit-Weed-Strain.jpg\" \/>\n\t<meta property=\"og:image:width\" content=\"600\" \/>\n\t<meta property=\"og:image:height\" content=\"600\" \/>\n\t<meta property=\"og:image:type\" content=\"image\/jpeg\" \/>\n<meta name=\"twitter:card\" content=\"summary_large_image\" \/>\n<meta name=\"twitter:label1\" content=\"Procijenjeno vrijeme \u010ditanja\" \/>\n\t<meta name=\"twitter:data1\" content=\"1 minuta\" \/>\n<script type=\"application\/ld+json\" class=\"yoast-schema-graph\">{\"@context\":\"https:\\\/\\\/schema.org\",\"@graph\":[{\"@type\":\"WebPage\",\"@id\":\"https:\\\/\\\/medicinasinc.com\\\/hr\\\/product\\\/grejp-korov-soj\\\/\",\"url\":\"https:\\\/\\\/medicinasinc.com\\\/hr\\\/product\\\/grejp-korov-soj\\\/\",\"name\":\"Kupite soj korova grejpa - najbolji najbolji svjetski lijekovi\",\"isPartOf\":{\"@id\":\"https:\\\/\\\/medicinasinc.com\\\/hr\\\/#website\"},\"primaryImageOfPage\":{\"@id\":\"https:\\\/\\\/medicinasinc.com\\\/hr\\\/product\\\/grejp-korov-soj\\\/#primaryimage\"},\"image\":{\"@id\":\"https:\\\/\\\/medicinasinc.com\\\/hr\\\/product\\\/grejp-korov-soj\\\/#primaryimage\"},\"thumbnailUrl\":\"https:\\\/\\\/medicinasinc.com\\\/hr\\\/wp-content\\\/uploads\\\/sites\\\/3\\\/2022\\\/02\\\/Buy-Grapefruit-Weed-Strain.jpg\",\"datePublished\":\"2022-02-20T20:15:06+00:00\",\"dateModified\":\"2022-03-15T05:48:29+00:00\",\"description\":\"Kupite Grapefruit Weed Strain mo\u0107an je soj marihuane sativa dobiven kri\u017eanjem Cinderella 99. Kupite soj marihuane od grejpa online\",\"breadcrumb\":{\"@id\":\"https:\\\/\\\/medicinasinc.com\\\/hr\\\/product\\\/grejp-korov-soj\\\/#breadcrumb\"},\"inLanguage\":\"hr\",\"potentialAction\":[{\"@type\":\"ReadAction\",\"target\":[\"https:\\\/\\\/medicinasinc.com\\\/hr\\\/product\\\/grejp-korov-soj\\\/\"]}]},{\"@type\":\"ImageObject\",\"inLanguage\":\"hr\",\"@id\":\"https:\\\/\\\/medicinasinc.com\\\/hr\\\/product\\\/grejp-korov-soj\\\/#primaryimage\",\"url\":\"https:\\\/\\\/medicinasinc.com\\\/hr\\\/wp-content\\\/uploads\\\/sites\\\/3\\\/2022\\\/02\\\/Buy-Grapefruit-Weed-Strain.jpg\",\"contentUrl\":\"https:\\\/\\\/medicinasinc.com\\\/hr\\\/wp-content\\\/uploads\\\/sites\\\/3\\\/2022\\\/02\\\/Buy-Grapefruit-Weed-Strain.jpg\",\"width\":600,\"height\":600},{\"@type\":\"BreadcrumbList\",\"@id\":\"https:\\\/\\\/medicinasinc.com\\\/hr\\\/product\\\/grejp-korov-soj\\\/#breadcrumb\",\"itemListElement\":[{\"@type\":\"ListItem\",\"position\":1,\"name\":\"Du\u0107an\",\"item\":\"https:\\\/\\\/medicinasinc.com\\\/hr\\\/ducan\\\/\"},{\"@type\":\"ListItem\",\"position\":2,\"name\":\"Soj korova grejpa\"}]},{\"@type\":\"WebSite\",\"@id\":\"https:\\\/\\\/medicinasinc.com\\\/hr\\\/#website\",\"url\":\"https:\\\/\\\/medicinasinc.com\\\/hr\\\/\",\"name\":\"Medicinas Inc\",\"description\":\"Health Medical Clinic\",\"potentialAction\":[{\"@type\":\"SearchAction\",\"target\":{\"@type\":\"EntryPoint\",\"urlTemplate\":\"https:\\\/\\\/medicinasinc.com\\\/hr\\\/?s={search_term_string}\"},\"query-input\":{\"@type\":\"PropertyValueSpecification\",\"valueRequired\":true,\"valueName\":\"search_term_string\"}}],\"inLanguage\":\"hr\"}]}<\/script>\n<!-- \/ Yoast SEO plugin. -->","yoast_head_json":{"title":"Kupite soj korova grejpa - najbolji najbolji svjetski lijekovi","description":"Kupite Grapefruit Weed Strain mo\u0107an je soj marihuane sativa dobiven kri\u017eanjem Cinderella 99. Kupite soj marihuane od grejpa online","robots":{"index":"index","follow":"follow","max-snippet":"max-snippet:-1","max-image-preview":"max-image-preview:large","max-video-preview":"max-video-preview:-1"},"canonical":"https:\/\/medicinasinc.com\/hr\/product\/grejp-korov-soj\/","og_locale":"hr_HR","og_type":"article","og_title":"Kupite soj korova grejpa - najbolji najbolji svjetski lijekovi","og_description":"Kupite Grapefruit Weed Strain mo\u0107an je soj marihuane sativa dobiven kri\u017eanjem Cinderella 99. Kupite soj marihuane od grejpa online","og_url":"https:\/\/medicinasinc.com\/hr\/product\/grejp-korov-soj\/","og_site_name":"Medicinas Inc","article_modified_time":"2022-03-15T05:48:29+00:00","og_image":[{"width":600,"height":600,"url":"https:\/\/medicinasinc.com\/hr\/wp-content\/uploads\/sites\/3\/2022\/02\/Buy-Grapefruit-Weed-Strain.jpg","type":"image\/jpeg"}],"twitter_card":"summary_large_image","twitter_misc":{"Procijenjeno vrijeme \u010ditanja":"1 minuta"},"schema":{"@context":"https:\/\/schema.org","@graph":[{"@type":"WebPage","@id":"https:\/\/medicinasinc.com\/hr\/product\/grejp-korov-soj\/","url":"https:\/\/medicinasinc.com\/hr\/product\/grejp-korov-soj\/","name":"Kupite soj korova grejpa - najbolji najbolji svjetski lijekovi","isPartOf":{"@id":"https:\/\/medicinasinc.com\/hr\/#website"},"primaryImageOfPage":{"@id":"https:\/\/medicinasinc.com\/hr\/product\/grejp-korov-soj\/#primaryimage"},"image":{"@id":"https:\/\/medicinasinc.com\/hr\/product\/grejp-korov-soj\/#primaryimage"},"thumbnailUrl":"https:\/\/medicinasinc.com\/hr\/wp-content\/uploads\/sites\/3\/2022\/02\/Buy-Grapefruit-Weed-Strain.jpg","datePublished":"2022-02-20T20:15:06+00:00","dateModified":"2022-03-15T05:48:29+00:00","description":"Kupite Grapefruit Weed Strain mo\u0107an je soj marihuane sativa dobiven kri\u017eanjem Cinderella 99. Kupite soj marihuane od grejpa online","breadcrumb":{"@id":"https:\/\/medicinasinc.com\/hr\/product\/grejp-korov-soj\/#breadcrumb"},"inLanguage":"hr","potentialAction":[{"@type":"ReadAction","target":["https:\/\/medicinasinc.com\/hr\/product\/grejp-korov-soj\/"]}]},{"@type":"ImageObject","inLanguage":"hr","@id":"https:\/\/medicinasinc.com\/hr\/product\/grejp-korov-soj\/#primaryimage","url":"https:\/\/medicinasinc.com\/hr\/wp-content\/uploads\/sites\/3\/2022\/02\/Buy-Grapefruit-Weed-Strain.jpg","contentUrl":"https:\/\/medicinasinc.com\/hr\/wp-content\/uploads\/sites\/3\/2022\/02\/Buy-Grapefruit-Weed-Strain.jpg","width":600,"height":600},{"@type":"BreadcrumbList","@id":"https:\/\/medicinasinc.com\/hr\/product\/grejp-korov-soj\/#breadcrumb","itemListElement":[{"@type":"ListItem","position":1,"name":"Du\u0107an","item":"https:\/\/medicinasinc.com\/hr\/ducan\/"},{"@type":"ListItem","position":2,"name":"Soj korova grejpa"}]},{"@type":"WebSite","@id":"https:\/\/medicinasinc.com\/hr\/#website","url":"https:\/\/medicinasinc.com\/hr\/","name":"Medicinas Inc","description":"Health Medical Clinic","potentialAction":[{"@type":"SearchAction","target":{"@type":"EntryPoint","urlTemplate":"https:\/\/medicinasinc.com\/hr\/?s={search_term_string}"},"query-input":{"@type":"PropertyValueSpecification","valueRequired":true,"valueName":"search_term_string"}}],"inLanguage":"hr"}]}},"_links":{"self":[{"href":"https:\/\/medicinasinc.com\/hr\/wp-json\/wp\/v2\/product\/5096","targetHints":{"allow":["GET"]}}],"collection":[{"href":"https:\/\/medicinasinc.com\/hr\/wp-json\/wp\/v2\/product"}],"about":[{"href":"https:\/\/medicinasinc.com\/hr\/wp-json\/wp\/v2\/types\/product"}],"replies":[{"embeddable":true,"href":"https:\/\/medicinasinc.com\/hr\/wp-json\/wp\/v2\/comments?post=5096"}],"wp:featuredmedia":[{"embeddable":true,"href":"https:\/\/medicinasinc.com\/hr\/wp-json\/wp\/v2\/media\/5115"}],"wp:attachment":[{"href":"https:\/\/medicinasinc.com\/hr\/wp-json\/wp\/v2\/media?parent=5096"}],"wp:term":[{"taxonomy":"product_brand","embeddable":true,"href":"https:\/\/medicinasinc.com\/hr\/wp-json\/wp\/v2\/product_brand?post=5096"},{"taxonomy":"product_cat","embeddable":true,"href":"https:\/\/medicinasinc.com\/hr\/wp-json\/wp\/v2\/product_cat?post=5096"},{"taxonomy":"product_tag","embeddable":true,"href":"https:\/\/medicinasinc.com\/hr\/wp-json\/wp\/v2\/product_tag?post=5096"}],"curies":[{"name":"wp","href":"https:\/\/api.w.org\/{rel}","templated":true}]}}