{"id":5095,"date":"2022-02-20T20:14:14","date_gmt":"2022-02-20T20:14:14","guid":{"rendered":"https:\/\/medicinasinc.com\/hr\/?post_type=product&#038;p=5095"},"modified":"2022-03-15T05:48:38","modified_gmt":"2022-03-15T05:48:38","slug":"tuna-kus","status":"publish","type":"product","link":"https:\/\/medicinasinc.com\/hr\/product\/tuna-kus\/","title":{"rendered":"Ku\u0161 od tune"},"content":{"rendered":"<p><strong>Veli\u010dina pupoljka: srednja<\/strong><br \/> <strong>Tekstura: blago ljepljiva \/ blago gnjecava<br \/> Okusi: zemljani \/ drveni \/ opor<\/strong><\/p>\n<div class=\"product-next-previous\">\n<div class=\"product-prev\">Tuna Kush fenomen je Britanske Kolumbije koji se ponovno vra\u0107a na tr\u017ei\u0161ta medicinskog kanabisa u Sjevernoj Americi. Ova pasmina prozvana je jednom od najsna\u017enijih na tr\u017ei\u0161tu, stvaraju\u0107i kompaktne, debele grumen\u010di\u0107e koji su gusto oblo\u017eeni smolom. Iako Tuna Kush nije poznat po visokim prinosima, ono \u0161to proizlazi iz ovih tanjih stabljika bit \u0107e sna\u017eno i okusno. S obzirom na to, ako ovaj soj u\u0111e u va\u0161 rast, mo\u017eda biste \u017eeljeli pobolj\u0161ati svoje uglji\u010dne filtere, jer ovaj pupoljak smrdi! O\u010dekujte kombinaciju o\u0161trog tvora, goriva i nje\u017ene slatko\u0107e.<\/div><\/div>\n","protected":false},"excerpt":{"rendered":"<p>Kupite Tuna Kush jedan je od najsna\u017enijih sojeva indica kanabisa dostupnih za prodaju. Jedan toke potaknut \u0107e duboki osje\u0107aj ushi\u0107enja i opu\u0161tanja.<\/p>\n<p>Bluefin Tuna Kush je hibridna sorta s dominantnom Indicom koja kombinira najbolje od borovnice i poznatog Tuna Kusha u BC.<\/p>\n","protected":false},"featured_media":5113,"comment_status":"open","ping_status":"closed","template":"","meta":[],"product_brand":[],"product_cat":[778],"product_tag":[],"class_list":{"0":"post-5095","1":"product","2":"type-product","3":"status-publish","4":"has-post-thumbnail","6":"product_cat-korov-za-prodaju","8":"first","9":"instock","10":"shipping-taxable","11":"purchasable","12":"product-type-variable","13":"has-default-attributes"},"yoast_head":"<!-- This site is optimized with the Yoast SEO plugin v27.3 - https:\/\/yoast.com\/product\/yoast-seo-wordpress\/ -->\n<title>Kupite Tuna Kush - Tuna Kush - Najbolji globalni lijekovi<\/title>\n<meta name=\"description\" content=\"Kupite Tuna Kush\u00a0korov za prodaju jedan je od najsna\u017enijih dostupnih sojeva indica kanabisa. Jedan toke \u0107e vas dovesti u duboko stanje euforije i opu\u0161tenosti.\" \/>\n<meta name=\"robots\" content=\"index, follow, max-snippet:-1, max-image-preview:large, max-video-preview:-1\" \/>\n<link rel=\"canonical\" href=\"https:\/\/medicinasinc.com\/hr\/product\/tuna-kus\/\" \/>\n<meta property=\"og:locale\" content=\"hr_HR\" \/>\n<meta property=\"og:type\" content=\"article\" \/>\n<meta property=\"og:title\" content=\"Kupite Tuna Kush - Tuna Kush - Najbolji globalni lijekovi\" \/>\n<meta property=\"og:description\" content=\"Kupite Tuna Kush\u00a0korov za prodaju jedan je od najsna\u017enijih dostupnih sojeva indica kanabisa. Jedan toke \u0107e vas dovesti u duboko stanje euforije i opu\u0161tenosti.\" \/>\n<meta property=\"og:url\" content=\"https:\/\/medicinasinc.com\/hr\/product\/tuna-kus\/\" \/>\n<meta property=\"og:site_name\" content=\"Medicinas Inc\" \/>\n<meta property=\"article:modified_time\" content=\"2022-03-15T05:48:38+00:00\" \/>\n<meta property=\"og:image\" content=\"https:\/\/medicinasinc.com\/hr\/wp-content\/uploads\/sites\/3\/2022\/02\/Buy-Tuna-Kush.jpg\" \/>\n\t<meta property=\"og:image:width\" content=\"1024\" \/>\n\t<meta property=\"og:image:height\" content=\"768\" \/>\n\t<meta property=\"og:image:type\" content=\"image\/jpeg\" \/>\n<meta name=\"twitter:card\" content=\"summary_large_image\" \/>\n<meta name=\"twitter:label1\" content=\"Procijenjeno vrijeme \u010ditanja\" \/>\n\t<meta name=\"twitter:data1\" content=\"1 minuta\" \/>\n<script type=\"application\/ld+json\" class=\"yoast-schema-graph\">{\"@context\":\"https:\\\/\\\/schema.org\",\"@graph\":[{\"@type\":\"WebPage\",\"@id\":\"https:\\\/\\\/medicinasinc.com\\\/hr\\\/product\\\/tuna-kus\\\/\",\"url\":\"https:\\\/\\\/medicinasinc.com\\\/hr\\\/product\\\/tuna-kus\\\/\",\"name\":\"Kupite Tuna Kush - Tuna Kush - Najbolji globalni lijekovi\",\"isPartOf\":{\"@id\":\"https:\\\/\\\/medicinasinc.com\\\/hr\\\/#website\"},\"primaryImageOfPage\":{\"@id\":\"https:\\\/\\\/medicinasinc.com\\\/hr\\\/product\\\/tuna-kus\\\/#primaryimage\"},\"image\":{\"@id\":\"https:\\\/\\\/medicinasinc.com\\\/hr\\\/product\\\/tuna-kus\\\/#primaryimage\"},\"thumbnailUrl\":\"https:\\\/\\\/medicinasinc.com\\\/hr\\\/wp-content\\\/uploads\\\/sites\\\/3\\\/2022\\\/02\\\/Buy-Tuna-Kush.jpg\",\"datePublished\":\"2022-02-20T20:14:14+00:00\",\"dateModified\":\"2022-03-15T05:48:38+00:00\",\"description\":\"Kupite Tuna Kush\u00a0korov za prodaju jedan je od najsna\u017enijih dostupnih sojeva indica kanabisa. Jedan toke \u0107e vas dovesti u duboko stanje euforije i opu\u0161tenosti.\",\"breadcrumb\":{\"@id\":\"https:\\\/\\\/medicinasinc.com\\\/hr\\\/product\\\/tuna-kus\\\/#breadcrumb\"},\"inLanguage\":\"hr\",\"potentialAction\":[{\"@type\":\"ReadAction\",\"target\":[\"https:\\\/\\\/medicinasinc.com\\\/hr\\\/product\\\/tuna-kus\\\/\"]}]},{\"@type\":\"ImageObject\",\"inLanguage\":\"hr\",\"@id\":\"https:\\\/\\\/medicinasinc.com\\\/hr\\\/product\\\/tuna-kus\\\/#primaryimage\",\"url\":\"https:\\\/\\\/medicinasinc.com\\\/hr\\\/wp-content\\\/uploads\\\/sites\\\/3\\\/2022\\\/02\\\/Buy-Tuna-Kush.jpg\",\"contentUrl\":\"https:\\\/\\\/medicinasinc.com\\\/hr\\\/wp-content\\\/uploads\\\/sites\\\/3\\\/2022\\\/02\\\/Buy-Tuna-Kush.jpg\",\"width\":1024,\"height\":768},{\"@type\":\"BreadcrumbList\",\"@id\":\"https:\\\/\\\/medicinasinc.com\\\/hr\\\/product\\\/tuna-kus\\\/#breadcrumb\",\"itemListElement\":[{\"@type\":\"ListItem\",\"position\":1,\"name\":\"Du\u0107an\",\"item\":\"https:\\\/\\\/medicinasinc.com\\\/hr\\\/ducan\\\/\"},{\"@type\":\"ListItem\",\"position\":2,\"name\":\"Ku\u0161 od tune\"}]},{\"@type\":\"WebSite\",\"@id\":\"https:\\\/\\\/medicinasinc.com\\\/hr\\\/#website\",\"url\":\"https:\\\/\\\/medicinasinc.com\\\/hr\\\/\",\"name\":\"Medicinas Inc\",\"description\":\"Health Medical Clinic\",\"potentialAction\":[{\"@type\":\"SearchAction\",\"target\":{\"@type\":\"EntryPoint\",\"urlTemplate\":\"https:\\\/\\\/medicinasinc.com\\\/hr\\\/?s={search_term_string}\"},\"query-input\":{\"@type\":\"PropertyValueSpecification\",\"valueRequired\":true,\"valueName\":\"search_term_string\"}}],\"inLanguage\":\"hr\"}]}<\/script>\n<!-- \/ Yoast SEO plugin. -->","yoast_head_json":{"title":"Kupite Tuna Kush - Tuna Kush - Najbolji globalni lijekovi","description":"Kupite Tuna Kush\u00a0korov za prodaju jedan je od najsna\u017enijih dostupnih sojeva indica kanabisa. Jedan toke \u0107e vas dovesti u duboko stanje euforije i opu\u0161tenosti.","robots":{"index":"index","follow":"follow","max-snippet":"max-snippet:-1","max-image-preview":"max-image-preview:large","max-video-preview":"max-video-preview:-1"},"canonical":"https:\/\/medicinasinc.com\/hr\/product\/tuna-kus\/","og_locale":"hr_HR","og_type":"article","og_title":"Kupite Tuna Kush - Tuna Kush - Najbolji globalni lijekovi","og_description":"Kupite Tuna Kush\u00a0korov za prodaju jedan je od najsna\u017enijih dostupnih sojeva indica kanabisa. Jedan toke \u0107e vas dovesti u duboko stanje euforije i opu\u0161tenosti.","og_url":"https:\/\/medicinasinc.com\/hr\/product\/tuna-kus\/","og_site_name":"Medicinas Inc","article_modified_time":"2022-03-15T05:48:38+00:00","og_image":[{"width":1024,"height":768,"url":"https:\/\/medicinasinc.com\/hr\/wp-content\/uploads\/sites\/3\/2022\/02\/Buy-Tuna-Kush.jpg","type":"image\/jpeg"}],"twitter_card":"summary_large_image","twitter_misc":{"Procijenjeno vrijeme \u010ditanja":"1 minuta"},"schema":{"@context":"https:\/\/schema.org","@graph":[{"@type":"WebPage","@id":"https:\/\/medicinasinc.com\/hr\/product\/tuna-kus\/","url":"https:\/\/medicinasinc.com\/hr\/product\/tuna-kus\/","name":"Kupite Tuna Kush - Tuna Kush - Najbolji globalni lijekovi","isPartOf":{"@id":"https:\/\/medicinasinc.com\/hr\/#website"},"primaryImageOfPage":{"@id":"https:\/\/medicinasinc.com\/hr\/product\/tuna-kus\/#primaryimage"},"image":{"@id":"https:\/\/medicinasinc.com\/hr\/product\/tuna-kus\/#primaryimage"},"thumbnailUrl":"https:\/\/medicinasinc.com\/hr\/wp-content\/uploads\/sites\/3\/2022\/02\/Buy-Tuna-Kush.jpg","datePublished":"2022-02-20T20:14:14+00:00","dateModified":"2022-03-15T05:48:38+00:00","description":"Kupite Tuna Kush\u00a0korov za prodaju jedan je od najsna\u017enijih dostupnih sojeva indica kanabisa. Jedan toke \u0107e vas dovesti u duboko stanje euforije i opu\u0161tenosti.","breadcrumb":{"@id":"https:\/\/medicinasinc.com\/hr\/product\/tuna-kus\/#breadcrumb"},"inLanguage":"hr","potentialAction":[{"@type":"ReadAction","target":["https:\/\/medicinasinc.com\/hr\/product\/tuna-kus\/"]}]},{"@type":"ImageObject","inLanguage":"hr","@id":"https:\/\/medicinasinc.com\/hr\/product\/tuna-kus\/#primaryimage","url":"https:\/\/medicinasinc.com\/hr\/wp-content\/uploads\/sites\/3\/2022\/02\/Buy-Tuna-Kush.jpg","contentUrl":"https:\/\/medicinasinc.com\/hr\/wp-content\/uploads\/sites\/3\/2022\/02\/Buy-Tuna-Kush.jpg","width":1024,"height":768},{"@type":"BreadcrumbList","@id":"https:\/\/medicinasinc.com\/hr\/product\/tuna-kus\/#breadcrumb","itemListElement":[{"@type":"ListItem","position":1,"name":"Du\u0107an","item":"https:\/\/medicinasinc.com\/hr\/ducan\/"},{"@type":"ListItem","position":2,"name":"Ku\u0161 od tune"}]},{"@type":"WebSite","@id":"https:\/\/medicinasinc.com\/hr\/#website","url":"https:\/\/medicinasinc.com\/hr\/","name":"Medicinas Inc","description":"Health Medical Clinic","potentialAction":[{"@type":"SearchAction","target":{"@type":"EntryPoint","urlTemplate":"https:\/\/medicinasinc.com\/hr\/?s={search_term_string}"},"query-input":{"@type":"PropertyValueSpecification","valueRequired":true,"valueName":"search_term_string"}}],"inLanguage":"hr"}]}},"_links":{"self":[{"href":"https:\/\/medicinasinc.com\/hr\/wp-json\/wp\/v2\/product\/5095","targetHints":{"allow":["GET"]}}],"collection":[{"href":"https:\/\/medicinasinc.com\/hr\/wp-json\/wp\/v2\/product"}],"about":[{"href":"https:\/\/medicinasinc.com\/hr\/wp-json\/wp\/v2\/types\/product"}],"replies":[{"embeddable":true,"href":"https:\/\/medicinasinc.com\/hr\/wp-json\/wp\/v2\/comments?post=5095"}],"wp:featuredmedia":[{"embeddable":true,"href":"https:\/\/medicinasinc.com\/hr\/wp-json\/wp\/v2\/media\/5113"}],"wp:attachment":[{"href":"https:\/\/medicinasinc.com\/hr\/wp-json\/wp\/v2\/media?parent=5095"}],"wp:term":[{"taxonomy":"product_brand","embeddable":true,"href":"https:\/\/medicinasinc.com\/hr\/wp-json\/wp\/v2\/product_brand?post=5095"},{"taxonomy":"product_cat","embeddable":true,"href":"https:\/\/medicinasinc.com\/hr\/wp-json\/wp\/v2\/product_cat?post=5095"},{"taxonomy":"product_tag","embeddable":true,"href":"https:\/\/medicinasinc.com\/hr\/wp-json\/wp\/v2\/product_tag?post=5095"}],"curies":[{"name":"wp","href":"https:\/\/api.w.org\/{rel}","templated":true}]}}