{"id":5094,"date":"2022-02-20T20:12:57","date_gmt":"2022-02-20T20:12:57","guid":{"rendered":"https:\/\/medicinasinc.com\/hr\/?post_type=product&#038;p=5094"},"modified":"2022-03-15T05:48:51","modified_gmt":"2022-03-15T05:48:51","slug":"kupi-ruzicasto-kus","status":"publish","type":"product","link":"https:\/\/medicinasinc.com\/hr\/product\/kupi-ruzicasto-kus\/","title":{"rendered":"Kupite Pink Kush"},"content":{"rendered":"<p><strong>Online kupnja Pink Kusha<\/strong><\/p>\n<p>Pink Kush, kao i njegov brat OG Kush, vrlo je tra\u017een hibrid s dominantnom indicom s mo\u0107nim u\u010dincima usmjerenim na tijelo. Ru\u017ei\u010daste dla\u010dice izbijaju iz svijetlozelenih pupoljaka koji su jedva vidljivi ispod sloja trihoma nalik \u0161e\u0107eru, daju\u0107i slatki miris vanilije i slatki\u0161a. Smatra se da je u\u010dinkovitost ovog soja nevjerojatna, a utvr\u0111eno je da \u010dak i male doze ubla\u017eavaju bol, nesanicu i gubitak apetita. Za cvjetanje Pink Kusha potrebno je 10 do 11 tjedana, ali enormni prinosi pupova na gornjoj polici \u010dine \u010dekanje vrijednim truda.<\/p>\n<div class=\"product-next-previous\">\n<div class=\"product-prev\"><\/div><\/div>\n","protected":false},"excerpt":{"rendered":"<p>Kupite Pink Kush kanabis i druge AAA+ sojeve korova iz omiljenog europskog online dispanzera. Naru\u010dite ve\u0107 danas i iskoristite besplatnu dostavu za sve narud\u017ebe iznad 150 USD!<\/p>\n<p>Pink Kush, kao i njegov brat OG Kush, vrlo je tra\u017een hibrid s dominantnim indicama s mo\u0107nim efektima usmjerenim na tijelo.<\/p>\n<div>\n<p class=\"percentage\"><span class=\"heading\">THC:\u00a0<\/span>25%<\/p>\n<\/p><\/div>\n<div class=\"panel-heading\">Mo\u017ee olak\u0161ati <i class=\"fa fa-info-circle\" title=\"Odricanje od odgovornosti: Sve informacije o soju kanabisa prikazane na ovoj web stranici temelje se na recenzijama korisnika. Prikazane podatke o soju treba tretirati kao informativni alat, a ne kao lije\u010dni\u010dku preporuku. Molimo konzultirajte svog lije\u010dnika prije upotrebe kanabisa u medicinske svrhe.\" data-toggle=\"tooltip\" data-placement=\"right\"><\/i><\/div>\n<div class=\"panel-body well tags-list\">Gubitak apetita,\u00a0kroni\u010dni bol,\u00a0depresija,\u00a0nesanica,\u00a0mu\u010dnina<\/div>\n<ul>\n<li>AAAA predstavlja najbolje od najboljih!<\/li>\n<li>Kontaktirajte nas za veleprodajne narud\u017ebe<\/li>\n<li>Dostava po cijelom svijetu.<\/li>\n<\/ul>\n","protected":false},"featured_media":5111,"comment_status":"open","ping_status":"closed","template":"","meta":[],"product_brand":[],"product_cat":[778],"product_tag":[634,1052,1049,1050,1051,1056,1055,1054,1058,1053,1057,1059],"class_list":{"0":"post-5094","1":"product","2":"type-product","3":"status-publish","4":"has-post-thumbnail","6":"product_cat-korov-za-prodaju","7":"product_tag-buy-marijuana-online-uk","8":"product_tag-hibrid-korov-sojevi","9":"product_tag-kupi-kanabis-online-uk","10":"product_tag-kupiti-medicinsku-marihuanu-online-uk","11":"product_tag-kupiti-nembutal","12":"product_tag-oksikontin-80-mg","13":"product_tag-online-medical-marijuana-sales","14":"product_tag-online-prodaja-marihuane","15":"product_tag-rekreacijsko-marihuana-dispanzer","16":"product_tag-marihuana-sojovi-online","17":"product_tag-tablete-protiv-bolova-na-prodaju","18":"product_tag-trava-za-prodaja-u-italija","20":"first","21":"instock","22":"shipping-taxable","23":"purchasable","24":"product-type-variable","25":"has-default-attributes"},"yoast_head":"<!-- This site is optimized with the Yoast SEO plugin v27.3 - https:\/\/yoast.com\/product\/yoast-seo-wordpress\/ -->\n<title>Kupite Pink Kush online - najbolji najbolji svjetski lijekovi<\/title>\n<meta name=\"description\" content=\"Kupite Pink Kush soj korova i vi\u0161e AAA+ korova iz omiljene internetske ambulante u Europi. Naru\u010dite danas i u\u017eivajte u besplatnoj dostavi za sve narud\u017ebe iznad 150 USD!\" \/>\n<meta name=\"robots\" content=\"index, follow, max-snippet:-1, max-image-preview:large, max-video-preview:-1\" \/>\n<link rel=\"canonical\" href=\"https:\/\/medicinasinc.com\/hr\/product\/kupi-ruzicasto-kus\/\" \/>\n<meta property=\"og:locale\" content=\"hr_HR\" \/>\n<meta property=\"og:type\" content=\"article\" \/>\n<meta property=\"og:title\" content=\"Kupite Pink Kush online - najbolji najbolji svjetski lijekovi\" \/>\n<meta property=\"og:description\" content=\"Kupite Pink Kush soj korova i vi\u0161e AAA+ korova iz omiljene internetske ambulante u Europi. Naru\u010dite danas i u\u017eivajte u besplatnoj dostavi za sve narud\u017ebe iznad 150 USD!\" \/>\n<meta property=\"og:url\" content=\"https:\/\/medicinasinc.com\/hr\/product\/kupi-ruzicasto-kus\/\" \/>\n<meta property=\"og:site_name\" content=\"Medicinas Inc\" \/>\n<meta property=\"article:modified_time\" content=\"2022-03-15T05:48:51+00:00\" \/>\n<meta property=\"og:image\" content=\"https:\/\/medicinasinc.com\/hr\/wp-content\/uploads\/sites\/3\/2022\/02\/Buy-Pink-Kush.jpg\" \/>\n\t<meta property=\"og:image:width\" content=\"450\" \/>\n\t<meta property=\"og:image:height\" content=\"450\" \/>\n\t<meta property=\"og:image:type\" content=\"image\/jpeg\" \/>\n<meta name=\"twitter:card\" content=\"summary_large_image\" \/>\n<meta name=\"twitter:label1\" content=\"Procijenjeno vrijeme \u010ditanja\" \/>\n\t<meta name=\"twitter:data1\" content=\"1 minuta\" \/>\n<script type=\"application\/ld+json\" class=\"yoast-schema-graph\">{\"@context\":\"https:\\\/\\\/schema.org\",\"@graph\":[{\"@type\":\"WebPage\",\"@id\":\"https:\\\/\\\/medicinasinc.com\\\/hr\\\/product\\\/kupi-ruzicasto-kus\\\/\",\"url\":\"https:\\\/\\\/medicinasinc.com\\\/hr\\\/product\\\/kupi-ruzicasto-kus\\\/\",\"name\":\"Kupite Pink Kush online - najbolji najbolji svjetski lijekovi\",\"isPartOf\":{\"@id\":\"https:\\\/\\\/medicinasinc.com\\\/hr\\\/#website\"},\"primaryImageOfPage\":{\"@id\":\"https:\\\/\\\/medicinasinc.com\\\/hr\\\/product\\\/kupi-ruzicasto-kus\\\/#primaryimage\"},\"image\":{\"@id\":\"https:\\\/\\\/medicinasinc.com\\\/hr\\\/product\\\/kupi-ruzicasto-kus\\\/#primaryimage\"},\"thumbnailUrl\":\"https:\\\/\\\/medicinasinc.com\\\/hr\\\/wp-content\\\/uploads\\\/sites\\\/3\\\/2022\\\/02\\\/Buy-Pink-Kush.jpg\",\"datePublished\":\"2022-02-20T20:12:57+00:00\",\"dateModified\":\"2022-03-15T05:48:51+00:00\",\"description\":\"Kupite Pink Kush soj korova i vi\u0161e AAA+ korova iz omiljene internetske ambulante u Europi. Naru\u010dite danas i u\u017eivajte u besplatnoj dostavi za sve narud\u017ebe iznad 150 USD!\",\"breadcrumb\":{\"@id\":\"https:\\\/\\\/medicinasinc.com\\\/hr\\\/product\\\/kupi-ruzicasto-kus\\\/#breadcrumb\"},\"inLanguage\":\"hr\",\"potentialAction\":[{\"@type\":\"ReadAction\",\"target\":[\"https:\\\/\\\/medicinasinc.com\\\/hr\\\/product\\\/kupi-ruzicasto-kus\\\/\"]}]},{\"@type\":\"ImageObject\",\"inLanguage\":\"hr\",\"@id\":\"https:\\\/\\\/medicinasinc.com\\\/hr\\\/product\\\/kupi-ruzicasto-kus\\\/#primaryimage\",\"url\":\"https:\\\/\\\/medicinasinc.com\\\/hr\\\/wp-content\\\/uploads\\\/sites\\\/3\\\/2022\\\/02\\\/Buy-Pink-Kush.jpg\",\"contentUrl\":\"https:\\\/\\\/medicinasinc.com\\\/hr\\\/wp-content\\\/uploads\\\/sites\\\/3\\\/2022\\\/02\\\/Buy-Pink-Kush.jpg\",\"width\":450,\"height\":450},{\"@type\":\"BreadcrumbList\",\"@id\":\"https:\\\/\\\/medicinasinc.com\\\/hr\\\/product\\\/kupi-ruzicasto-kus\\\/#breadcrumb\",\"itemListElement\":[{\"@type\":\"ListItem\",\"position\":1,\"name\":\"Du\u0107an\",\"item\":\"https:\\\/\\\/medicinasinc.com\\\/hr\\\/ducan\\\/\"},{\"@type\":\"ListItem\",\"position\":2,\"name\":\"Kupite Pink Kush\"}]},{\"@type\":\"WebSite\",\"@id\":\"https:\\\/\\\/medicinasinc.com\\\/hr\\\/#website\",\"url\":\"https:\\\/\\\/medicinasinc.com\\\/hr\\\/\",\"name\":\"Medicinas Inc\",\"description\":\"Health Medical Clinic\",\"potentialAction\":[{\"@type\":\"SearchAction\",\"target\":{\"@type\":\"EntryPoint\",\"urlTemplate\":\"https:\\\/\\\/medicinasinc.com\\\/hr\\\/?s={search_term_string}\"},\"query-input\":{\"@type\":\"PropertyValueSpecification\",\"valueRequired\":true,\"valueName\":\"search_term_string\"}}],\"inLanguage\":\"hr\"}]}<\/script>\n<!-- \/ Yoast SEO plugin. -->","yoast_head_json":{"title":"Kupite Pink Kush online - najbolji najbolji svjetski lijekovi","description":"Kupite Pink Kush soj korova i vi\u0161e AAA+ korova iz omiljene internetske ambulante u Europi. Naru\u010dite danas i u\u017eivajte u besplatnoj dostavi za sve narud\u017ebe iznad 150 USD!","robots":{"index":"index","follow":"follow","max-snippet":"max-snippet:-1","max-image-preview":"max-image-preview:large","max-video-preview":"max-video-preview:-1"},"canonical":"https:\/\/medicinasinc.com\/hr\/product\/kupi-ruzicasto-kus\/","og_locale":"hr_HR","og_type":"article","og_title":"Kupite Pink Kush online - najbolji najbolji svjetski lijekovi","og_description":"Kupite Pink Kush soj korova i vi\u0161e AAA+ korova iz omiljene internetske ambulante u Europi. Naru\u010dite danas i u\u017eivajte u besplatnoj dostavi za sve narud\u017ebe iznad 150 USD!","og_url":"https:\/\/medicinasinc.com\/hr\/product\/kupi-ruzicasto-kus\/","og_site_name":"Medicinas Inc","article_modified_time":"2022-03-15T05:48:51+00:00","og_image":[{"width":450,"height":450,"url":"https:\/\/medicinasinc.com\/hr\/wp-content\/uploads\/sites\/3\/2022\/02\/Buy-Pink-Kush.jpg","type":"image\/jpeg"}],"twitter_card":"summary_large_image","twitter_misc":{"Procijenjeno vrijeme \u010ditanja":"1 minuta"},"schema":{"@context":"https:\/\/schema.org","@graph":[{"@type":"WebPage","@id":"https:\/\/medicinasinc.com\/hr\/product\/kupi-ruzicasto-kus\/","url":"https:\/\/medicinasinc.com\/hr\/product\/kupi-ruzicasto-kus\/","name":"Kupite Pink Kush online - najbolji najbolji svjetski lijekovi","isPartOf":{"@id":"https:\/\/medicinasinc.com\/hr\/#website"},"primaryImageOfPage":{"@id":"https:\/\/medicinasinc.com\/hr\/product\/kupi-ruzicasto-kus\/#primaryimage"},"image":{"@id":"https:\/\/medicinasinc.com\/hr\/product\/kupi-ruzicasto-kus\/#primaryimage"},"thumbnailUrl":"https:\/\/medicinasinc.com\/hr\/wp-content\/uploads\/sites\/3\/2022\/02\/Buy-Pink-Kush.jpg","datePublished":"2022-02-20T20:12:57+00:00","dateModified":"2022-03-15T05:48:51+00:00","description":"Kupite Pink Kush soj korova i vi\u0161e AAA+ korova iz omiljene internetske ambulante u Europi. Naru\u010dite danas i u\u017eivajte u besplatnoj dostavi za sve narud\u017ebe iznad 150 USD!","breadcrumb":{"@id":"https:\/\/medicinasinc.com\/hr\/product\/kupi-ruzicasto-kus\/#breadcrumb"},"inLanguage":"hr","potentialAction":[{"@type":"ReadAction","target":["https:\/\/medicinasinc.com\/hr\/product\/kupi-ruzicasto-kus\/"]}]},{"@type":"ImageObject","inLanguage":"hr","@id":"https:\/\/medicinasinc.com\/hr\/product\/kupi-ruzicasto-kus\/#primaryimage","url":"https:\/\/medicinasinc.com\/hr\/wp-content\/uploads\/sites\/3\/2022\/02\/Buy-Pink-Kush.jpg","contentUrl":"https:\/\/medicinasinc.com\/hr\/wp-content\/uploads\/sites\/3\/2022\/02\/Buy-Pink-Kush.jpg","width":450,"height":450},{"@type":"BreadcrumbList","@id":"https:\/\/medicinasinc.com\/hr\/product\/kupi-ruzicasto-kus\/#breadcrumb","itemListElement":[{"@type":"ListItem","position":1,"name":"Du\u0107an","item":"https:\/\/medicinasinc.com\/hr\/ducan\/"},{"@type":"ListItem","position":2,"name":"Kupite Pink Kush"}]},{"@type":"WebSite","@id":"https:\/\/medicinasinc.com\/hr\/#website","url":"https:\/\/medicinasinc.com\/hr\/","name":"Medicinas Inc","description":"Health Medical Clinic","potentialAction":[{"@type":"SearchAction","target":{"@type":"EntryPoint","urlTemplate":"https:\/\/medicinasinc.com\/hr\/?s={search_term_string}"},"query-input":{"@type":"PropertyValueSpecification","valueRequired":true,"valueName":"search_term_string"}}],"inLanguage":"hr"}]}},"_links":{"self":[{"href":"https:\/\/medicinasinc.com\/hr\/wp-json\/wp\/v2\/product\/5094","targetHints":{"allow":["GET"]}}],"collection":[{"href":"https:\/\/medicinasinc.com\/hr\/wp-json\/wp\/v2\/product"}],"about":[{"href":"https:\/\/medicinasinc.com\/hr\/wp-json\/wp\/v2\/types\/product"}],"replies":[{"embeddable":true,"href":"https:\/\/medicinasinc.com\/hr\/wp-json\/wp\/v2\/comments?post=5094"}],"wp:featuredmedia":[{"embeddable":true,"href":"https:\/\/medicinasinc.com\/hr\/wp-json\/wp\/v2\/media\/5111"}],"wp:attachment":[{"href":"https:\/\/medicinasinc.com\/hr\/wp-json\/wp\/v2\/media?parent=5094"}],"wp:term":[{"taxonomy":"product_brand","embeddable":true,"href":"https:\/\/medicinasinc.com\/hr\/wp-json\/wp\/v2\/product_brand?post=5094"},{"taxonomy":"product_cat","embeddable":true,"href":"https:\/\/medicinasinc.com\/hr\/wp-json\/wp\/v2\/product_cat?post=5094"},{"taxonomy":"product_tag","embeddable":true,"href":"https:\/\/medicinasinc.com\/hr\/wp-json\/wp\/v2\/product_tag?post=5094"}],"curies":[{"name":"wp","href":"https:\/\/api.w.org\/{rel}","templated":true}]}}