{"id":5068,"date":"2022-02-20T19:50:54","date_gmt":"2022-02-20T19:50:54","guid":{"rendered":"https:\/\/medicinasinc.com\/hr\/?post_type=product&#038;p=5068"},"modified":"2022-03-15T05:51:43","modified_gmt":"2022-03-15T05:51:43","slug":"kupiti-super-limun-maglicu","status":"publish","type":"product","link":"https:\/\/medicinasinc.com\/hr\/product\/kupiti-super-limun-maglicu\/","title":{"rendered":"Kupite Super Lemon Haze"},"content":{"rendered":"<p>Online kupnja Super Lamon Haze<\/p>\n<p>Ovaj ukusni soj limuna je dobar rod koji je prikladan za sve veterane. Super Lemon Haze jedan je od najpopularnijih sojeva, posebno me\u0111u indijskim entuzijastima, i uspje\u0161no ih je pretvorio u sativu. Bez sumnje, Super Lemon Haze je jedinstven. Ovaj pobjednik Cannabis Cupa je kri\u017eanac Lemon Skunka i Super Silver Hazea, \u0161to ga \u010dini rodovni\u010dkom sortom i jednom od najboljih sativa dostupnih danas. Super Lamon Haze mo\u017eete kupiti online i prona\u0107i ga za prodaju na internetu. Ovaj hibrid u kojem dominira sativa uistinu opravdava svoje ime, s sna\u017enom limoni\u010dnom aromom koja miri\u0161e nevjerojatno. Super Lemon Haze po\u010dinje polako, ali postojano, narastaju\u0107i do stra\u0161ne euforije koja vas tjera da po\u017eelite sko\u010diti sa stolice od uzbu\u0111enja. Ovaj soj je tako\u0111er popularna medicinska verzija jer se mo\u017ee koristiti za lije\u010denje raznih bolesti.<\/p>\n<p>U\u010dinci<\/p>\n<p>Svi ovi efekti super-sative temelje se na energiji. Me\u0111utim, primarna karakteristika je da je to sjajan svakodnevni poku\u0161aj zbog svoje sposobnosti da ga u\u010dini u\u010dinkovitim i povremeno inovativnim. Super Lemon Haze mo\u017ee vas dovoljno smiriti da se osje\u0107ate ugodno. Super Lemon Haze idealan je sretan suputnik. Ako je pred vama dug dan i trebate sve obaviti temeljito, ova sativa je pravi put.<br \/> Imat \u0107ete funtu ovog divnog pupoljka da dr\u017eite sve u dvorani, i jo\u0161 jednu da te povu\u010dem gore. Super Lemon Haze nema utjecaja na start-upove. Njegov u\u010dinak mo\u017ee proizvesti ugodan cerebralni ritam, koji vam omogu\u0107uje jasnije razmi\u0161ljanje i prisje\u0107anje informacija koje biste ina\u010de mogli zaboraviti. Osim toga, smatra se da ovaj pritisak \u010dini da se osje\u0107ate malo \u017eustro, \u0161to je idealno za romanti\u010dnu no\u0107. Miris: Mirisni pupoljak trebao bi izazvati slike agruma. Super Lemon Haze ima limun-slatki okus s da\u0161kom za\u010dina i izrazito kisele arome. Slatki okus limuna uravnote\u017een je dodirom zemljanosti i za\u010dina, stvaraju\u0107i prekrasan do\u017eivljaj. Super Lemon Haze ima izuzetno ugodan miris. Ova sativa ima ugodnu, osvje\u017eavaju\u0107u aromu, a mljevenost limuna trebala bi vam ostati na jeziku. Kao da udi\u0161ete komad slatki\u0161a s izrazitim biljnim prizvukom.<\/p>\n<p>Medicinske prednosti<\/p>\n<p>Super Lemon Haze predla\u017ee se za razne bolesti i simptome. S kroni\u010dnim umorom lako se boriti s ovim sna\u017enim naprezanjem zbog njegove sposobnosti da unese stabilno i uzvi\u0161eno stanje uma koje vas stimulira da \u010dak i radite stvari. Osim toga, ovaj soj je dobar u borbi protiv stresa i tuge. Super Lemon Haze ima sposobnost lije\u010denja raznih tegoba povezanih s na\u010dinom \u017eivota pod visokim stresom i mo\u017ee se lako osloboditi manjih bolova kao \u0161to su migrene, glavobolje, zglobovi i gr\u010devi mi\u0161i\u0107a. Super Lemon Haze je vi\u0161enamjenski, pouzdan lijek protiv bolova koji opu\u0161ta i trnci tijelo, prikrivaju\u0107i sve druge fizi\u010dke probleme koji se mogu pojaviti. Uzbudljiv okus i aroma pridonose njegovoj privla\u010dnosti, \u010dine\u0107i ga ugodnim \u010dak i za ljude koji vjerojatno ne\u0107e koristiti kanabis za lije\u010denje svoje bolesti.<\/p>\n","protected":false},"excerpt":{"rendered":"<div class=\"woocommerce-product-details__short-description\">\n<p>Kupite soj marihuane Super Lemon Haze u Ujedinjenom Kraljevstvu i Europi. To je sna\u017ean hibrid citrusa i slatkog Sativa-dominantnog. Ovaj cvijet rezultat je kri\u017eanja limunovog tvora i srebrne izmaglice.<\/p>\n<p>Online kupnja soja marihuane Super Lemon Haze.<\/p>\n<p>Super Lemon Haze je hibrid sa dominantnim Sativa &#8211; 80% sativa \/ 20% indica. Sadr\u017eaj Indica THC-a je 25%, sadr\u017eaj CBD-a je 1%, a sadr\u017eaj CBN-a je 2%.<\/p>\n<\/p><\/div>\n","protected":false},"featured_media":5085,"comment_status":"open","ping_status":"closed","template":"","meta":[],"product_brand":[],"product_cat":[778],"product_tag":[1019,1020,486,1023,1021,1022,487,1024],"class_list":{"0":"post-5068","1":"product","2":"type-product","3":"status-publish","4":"has-post-thumbnail","6":"product_cat-korov-za-prodaju","7":"product_tag-je-super-limun-maglica-psihedelik","8":"product_tag-limun-maglica-sjemenke-na-prodaja","9":"product_tag-super-limun-maglica-cijena","10":"product_tag-super-lemon-haze-effects","11":"product_tag-super-limun-maglica-autocvijet","12":"product_tag-super-limun-maglica-autocvjetne-sjemenke","13":"product_tag-super-limun-maglica-sjemenke","14":"product_tag-super-limun-maglica-sjemenke-usa","16":"first","17":"instock","18":"shipping-taxable","19":"purchasable","20":"product-type-variable","21":"has-default-attributes"},"yoast_head":"<!-- This site is optimized with the Yoast SEO plugin v27.3 - https:\/\/yoast.com\/product\/yoast-seo-wordpress\/ -->\n<title>Kupite Super Lemon Haze - najbolji najbolji globalni lijekovi<\/title>\n<meta name=\"description\" content=\"Kupite Super Lemon Haze soj marihuane UK, europski opor citrus i hibrid s dominantnim slatkim Sativa. Ovaj cvijet je kri\u017e limunovog tvora &amp; srebrna izmaglica.\" \/>\n<meta name=\"robots\" content=\"index, follow, max-snippet:-1, max-image-preview:large, max-video-preview:-1\" \/>\n<link rel=\"canonical\" href=\"https:\/\/medicinasinc.com\/hr\/product\/kupiti-super-limun-maglicu\/\" \/>\n<meta property=\"og:locale\" content=\"hr_HR\" \/>\n<meta property=\"og:type\" content=\"article\" \/>\n<meta property=\"og:title\" content=\"Kupite Super Lemon Haze - najbolji najbolji globalni lijekovi\" \/>\n<meta property=\"og:description\" content=\"Kupite Super Lemon Haze soj marihuane UK, europski opor citrus i hibrid s dominantnim slatkim Sativa. Ovaj cvijet je kri\u017e limunovog tvora &amp; srebrna izmaglica.\" \/>\n<meta property=\"og:url\" content=\"https:\/\/medicinasinc.com\/hr\/product\/kupiti-super-limun-maglicu\/\" \/>\n<meta property=\"og:site_name\" content=\"Medicinas Inc\" \/>\n<meta property=\"article:modified_time\" content=\"2022-03-15T05:51:43+00:00\" \/>\n<meta property=\"og:image\" content=\"https:\/\/medicinasinc.com\/hr\/wp-content\/uploads\/sites\/3\/2022\/02\/Buy-Super-Lemon-Haze.jpg\" \/>\n\t<meta property=\"og:image:width\" content=\"1080\" \/>\n\t<meta property=\"og:image:height\" content=\"1080\" \/>\n\t<meta property=\"og:image:type\" content=\"image\/jpeg\" \/>\n<meta name=\"twitter:card\" content=\"summary_large_image\" \/>\n<meta name=\"twitter:label1\" content=\"Procijenjeno vrijeme \u010ditanja\" \/>\n\t<meta name=\"twitter:data1\" content=\"3 minute\" \/>\n<script type=\"application\/ld+json\" class=\"yoast-schema-graph\">{\"@context\":\"https:\\\/\\\/schema.org\",\"@graph\":[{\"@type\":\"WebPage\",\"@id\":\"https:\\\/\\\/medicinasinc.com\\\/hr\\\/product\\\/kupiti-super-limun-maglicu\\\/\",\"url\":\"https:\\\/\\\/medicinasinc.com\\\/hr\\\/product\\\/kupiti-super-limun-maglicu\\\/\",\"name\":\"Kupite Super Lemon Haze - najbolji najbolji globalni lijekovi\",\"isPartOf\":{\"@id\":\"https:\\\/\\\/medicinasinc.com\\\/hr\\\/#website\"},\"primaryImageOfPage\":{\"@id\":\"https:\\\/\\\/medicinasinc.com\\\/hr\\\/product\\\/kupiti-super-limun-maglicu\\\/#primaryimage\"},\"image\":{\"@id\":\"https:\\\/\\\/medicinasinc.com\\\/hr\\\/product\\\/kupiti-super-limun-maglicu\\\/#primaryimage\"},\"thumbnailUrl\":\"https:\\\/\\\/medicinasinc.com\\\/hr\\\/wp-content\\\/uploads\\\/sites\\\/3\\\/2022\\\/02\\\/Buy-Super-Lemon-Haze.jpg\",\"datePublished\":\"2022-02-20T19:50:54+00:00\",\"dateModified\":\"2022-03-15T05:51:43+00:00\",\"description\":\"Kupite Super Lemon Haze soj marihuane UK, europski opor citrus i hibrid s dominantnim slatkim Sativa. Ovaj cvijet je kri\u017e limunovog tvora &amp; srebrna izmaglica.\",\"breadcrumb\":{\"@id\":\"https:\\\/\\\/medicinasinc.com\\\/hr\\\/product\\\/kupiti-super-limun-maglicu\\\/#breadcrumb\"},\"inLanguage\":\"hr\",\"potentialAction\":[{\"@type\":\"ReadAction\",\"target\":[\"https:\\\/\\\/medicinasinc.com\\\/hr\\\/product\\\/kupiti-super-limun-maglicu\\\/\"]}]},{\"@type\":\"ImageObject\",\"inLanguage\":\"hr\",\"@id\":\"https:\\\/\\\/medicinasinc.com\\\/hr\\\/product\\\/kupiti-super-limun-maglicu\\\/#primaryimage\",\"url\":\"https:\\\/\\\/medicinasinc.com\\\/hr\\\/wp-content\\\/uploads\\\/sites\\\/3\\\/2022\\\/02\\\/Buy-Super-Lemon-Haze.jpg\",\"contentUrl\":\"https:\\\/\\\/medicinasinc.com\\\/hr\\\/wp-content\\\/uploads\\\/sites\\\/3\\\/2022\\\/02\\\/Buy-Super-Lemon-Haze.jpg\",\"width\":1080,\"height\":1080},{\"@type\":\"BreadcrumbList\",\"@id\":\"https:\\\/\\\/medicinasinc.com\\\/hr\\\/product\\\/kupiti-super-limun-maglicu\\\/#breadcrumb\",\"itemListElement\":[{\"@type\":\"ListItem\",\"position\":1,\"name\":\"Du\u0107an\",\"item\":\"https:\\\/\\\/medicinasinc.com\\\/hr\\\/ducan\\\/\"},{\"@type\":\"ListItem\",\"position\":2,\"name\":\"Kupite Super Lemon Haze\"}]},{\"@type\":\"WebSite\",\"@id\":\"https:\\\/\\\/medicinasinc.com\\\/hr\\\/#website\",\"url\":\"https:\\\/\\\/medicinasinc.com\\\/hr\\\/\",\"name\":\"Medicinas Inc\",\"description\":\"Health Medical Clinic\",\"potentialAction\":[{\"@type\":\"SearchAction\",\"target\":{\"@type\":\"EntryPoint\",\"urlTemplate\":\"https:\\\/\\\/medicinasinc.com\\\/hr\\\/?s={search_term_string}\"},\"query-input\":{\"@type\":\"PropertyValueSpecification\",\"valueRequired\":true,\"valueName\":\"search_term_string\"}}],\"inLanguage\":\"hr\"}]}<\/script>\n<!-- \/ Yoast SEO plugin. -->","yoast_head_json":{"title":"Kupite Super Lemon Haze - najbolji najbolji globalni lijekovi","description":"Kupite Super Lemon Haze soj marihuane UK, europski opor citrus i hibrid s dominantnim slatkim Sativa. Ovaj cvijet je kri\u017e limunovog tvora &amp; srebrna izmaglica.","robots":{"index":"index","follow":"follow","max-snippet":"max-snippet:-1","max-image-preview":"max-image-preview:large","max-video-preview":"max-video-preview:-1"},"canonical":"https:\/\/medicinasinc.com\/hr\/product\/kupiti-super-limun-maglicu\/","og_locale":"hr_HR","og_type":"article","og_title":"Kupite Super Lemon Haze - najbolji najbolji globalni lijekovi","og_description":"Kupite Super Lemon Haze soj marihuane UK, europski opor citrus i hibrid s dominantnim slatkim Sativa. Ovaj cvijet je kri\u017e limunovog tvora &amp; srebrna izmaglica.","og_url":"https:\/\/medicinasinc.com\/hr\/product\/kupiti-super-limun-maglicu\/","og_site_name":"Medicinas Inc","article_modified_time":"2022-03-15T05:51:43+00:00","og_image":[{"width":1080,"height":1080,"url":"https:\/\/medicinasinc.com\/hr\/wp-content\/uploads\/sites\/3\/2022\/02\/Buy-Super-Lemon-Haze.jpg","type":"image\/jpeg"}],"twitter_card":"summary_large_image","twitter_misc":{"Procijenjeno vrijeme \u010ditanja":"3 minute"},"schema":{"@context":"https:\/\/schema.org","@graph":[{"@type":"WebPage","@id":"https:\/\/medicinasinc.com\/hr\/product\/kupiti-super-limun-maglicu\/","url":"https:\/\/medicinasinc.com\/hr\/product\/kupiti-super-limun-maglicu\/","name":"Kupite Super Lemon Haze - najbolji najbolji globalni lijekovi","isPartOf":{"@id":"https:\/\/medicinasinc.com\/hr\/#website"},"primaryImageOfPage":{"@id":"https:\/\/medicinasinc.com\/hr\/product\/kupiti-super-limun-maglicu\/#primaryimage"},"image":{"@id":"https:\/\/medicinasinc.com\/hr\/product\/kupiti-super-limun-maglicu\/#primaryimage"},"thumbnailUrl":"https:\/\/medicinasinc.com\/hr\/wp-content\/uploads\/sites\/3\/2022\/02\/Buy-Super-Lemon-Haze.jpg","datePublished":"2022-02-20T19:50:54+00:00","dateModified":"2022-03-15T05:51:43+00:00","description":"Kupite Super Lemon Haze soj marihuane UK, europski opor citrus i hibrid s dominantnim slatkim Sativa. Ovaj cvijet je kri\u017e limunovog tvora &amp; srebrna izmaglica.","breadcrumb":{"@id":"https:\/\/medicinasinc.com\/hr\/product\/kupiti-super-limun-maglicu\/#breadcrumb"},"inLanguage":"hr","potentialAction":[{"@type":"ReadAction","target":["https:\/\/medicinasinc.com\/hr\/product\/kupiti-super-limun-maglicu\/"]}]},{"@type":"ImageObject","inLanguage":"hr","@id":"https:\/\/medicinasinc.com\/hr\/product\/kupiti-super-limun-maglicu\/#primaryimage","url":"https:\/\/medicinasinc.com\/hr\/wp-content\/uploads\/sites\/3\/2022\/02\/Buy-Super-Lemon-Haze.jpg","contentUrl":"https:\/\/medicinasinc.com\/hr\/wp-content\/uploads\/sites\/3\/2022\/02\/Buy-Super-Lemon-Haze.jpg","width":1080,"height":1080},{"@type":"BreadcrumbList","@id":"https:\/\/medicinasinc.com\/hr\/product\/kupiti-super-limun-maglicu\/#breadcrumb","itemListElement":[{"@type":"ListItem","position":1,"name":"Du\u0107an","item":"https:\/\/medicinasinc.com\/hr\/ducan\/"},{"@type":"ListItem","position":2,"name":"Kupite Super Lemon Haze"}]},{"@type":"WebSite","@id":"https:\/\/medicinasinc.com\/hr\/#website","url":"https:\/\/medicinasinc.com\/hr\/","name":"Medicinas Inc","description":"Health Medical Clinic","potentialAction":[{"@type":"SearchAction","target":{"@type":"EntryPoint","urlTemplate":"https:\/\/medicinasinc.com\/hr\/?s={search_term_string}"},"query-input":{"@type":"PropertyValueSpecification","valueRequired":true,"valueName":"search_term_string"}}],"inLanguage":"hr"}]}},"_links":{"self":[{"href":"https:\/\/medicinasinc.com\/hr\/wp-json\/wp\/v2\/product\/5068","targetHints":{"allow":["GET"]}}],"collection":[{"href":"https:\/\/medicinasinc.com\/hr\/wp-json\/wp\/v2\/product"}],"about":[{"href":"https:\/\/medicinasinc.com\/hr\/wp-json\/wp\/v2\/types\/product"}],"replies":[{"embeddable":true,"href":"https:\/\/medicinasinc.com\/hr\/wp-json\/wp\/v2\/comments?post=5068"}],"wp:featuredmedia":[{"embeddable":true,"href":"https:\/\/medicinasinc.com\/hr\/wp-json\/wp\/v2\/media\/5085"}],"wp:attachment":[{"href":"https:\/\/medicinasinc.com\/hr\/wp-json\/wp\/v2\/media?parent=5068"}],"wp:term":[{"taxonomy":"product_brand","embeddable":true,"href":"https:\/\/medicinasinc.com\/hr\/wp-json\/wp\/v2\/product_brand?post=5068"},{"taxonomy":"product_cat","embeddable":true,"href":"https:\/\/medicinasinc.com\/hr\/wp-json\/wp\/v2\/product_cat?post=5068"},{"taxonomy":"product_tag","embeddable":true,"href":"https:\/\/medicinasinc.com\/hr\/wp-json\/wp\/v2\/product_tag?post=5068"}],"curies":[{"name":"wp","href":"https:\/\/api.w.org\/{rel}","templated":true}]}}