{"id":5047,"date":"2022-02-20T19:35:13","date_gmt":"2022-02-20T19:35:13","guid":{"rendered":"https:\/\/medicinasinc.com\/hr\/?post_type=product&#038;p=5047"},"modified":"2022-03-15T05:51:59","modified_gmt":"2022-03-15T05:51:59","slug":"kupi-ljubicasti-zmaj-marihuanu-aaaaa","status":"publish","type":"product","link":"https:\/\/medicinasinc.com\/hr\/product\/kupi-ljubicasti-zmaj-marihuanu-aaaaa\/","title":{"rendered":"Kupite Marihuanu Purple Dragon (AAAAA)"},"content":{"rendered":"<p>Purple Dragon kanabis (AAAA) &#8211; 30% Sativa \/ 60% Indica<\/p>\n<p>Purple Dragon je hibridna sorta s dominantnom indikom stvorena kri\u017eanjem mo\u0107ne Purple Urkle s Blue Dragon. Purple Dragon daje uravnote\u017eenu snagu koja smiruje i opu\u0161ta um i tijelo. Ovaj soj stvara prili\u010dno neobi\u010dnu aromu, kombiniraju\u0107i mo\u0161usnu kadulju s prepoznatljivim cvjetnim okusom koji se zadr\u017eava na nepcu. Nakon udisanja ovog naprezanja, um postaje energiziran, a sna\u017ena euforija brzo raspr\u0161uje brigu i depresiju. Purple Dragon prvo pru\u017ea korisnicima uzbudljivu i poticajnu mentalnu jasno\u0107u; me\u0111utim, te prednosti postupno nestaju i ostavljaju korisnicima sate ubla\u017eavanja boli i sedacije. Op\u0107i tjelesni bolovi \u0107e se smiriti kako tijelo korisnika postupno ulazi u stanje opu\u0161tenosti koje se osje\u0107a i fizi\u010dki i psihi\u010dki. Purple Dragon je korisna opcija za lije\u010denje raznih bolesti, uklju\u010duju\u0107i anksioznost, depresiju, poreme\u0107aje raspolo\u017eenja, fizi\u010dku iscrpljenost, migrene\/glavobolje, kroni\u010dne bolove i gubitak apetita.<\/p>\n<div class=\"product-next-previous\">\n<div class=\"product-prev\"><\/div><\/div>\n","protected":false},"excerpt":{"rendered":"<p>Purple Dragon Crassula (Crassula multicava) je zapanjuju\u0107i i \u0161areni sukulent koji ima veliki&#8230; Kupite tri ili vi\u0161e predmeta i primite ih za 10,80 USD svaki.<\/p>\n<ul>\n<li>AAAAA predstavlja najbolje od najboljih!<\/li>\n<li>Kontaktirajte nas za veleprodajne narud\u017ebe<\/li>\n<li>U cijelom svijetu otprema.<\/li>\n<\/ul>\n","protected":false},"featured_media":5067,"comment_status":"open","ping_status":"closed","template":"","meta":[],"product_brand":[],"product_cat":[778],"product_tag":[1007,1006,1008,1010,1009],"class_list":{"0":"post-5047","1":"product","2":"type-product","3":"status-publish","4":"has-post-thumbnail","6":"product_cat-korov-za-prodaju","7":"product_tag-ljubiasto-zeleni-zmaj-crti","8":"product_tag-green-and-purple-dragon-names","9":"product_tag-purple-dragon-makaze-recenzije","10":"product_tag-ljubiasti-zmaj-punjena-ivotinja-velika","11":"product_tag-web-mjesta-purple-dragon-makaze","13":"first","14":"instock","15":"shipping-taxable","16":"purchasable","17":"product-type-variable","18":"has-default-attributes"},"yoast_head":"<!-- This site is optimized with the Yoast SEO plugin v27.3 - https:\/\/yoast.com\/product\/yoast-seo-wordpress\/ -->\n<title>Kupite Purple Dragon (AAAAA) - najbolji najbolji globalni lijekovi<\/title>\n<meta name=\"description\" content=\"Kupite soj marihuane Purple Dragon. Eteri\u010dan i nadrealni ljubi\u010dasti zmaj \u010duvar je nezemaljskih kristala. Digitalno slikao Tobias Vyseri.\" \/>\n<meta name=\"robots\" content=\"index, follow, max-snippet:-1, max-image-preview:large, max-video-preview:-1\" \/>\n<link rel=\"canonical\" href=\"https:\/\/medicinasinc.com\/hr\/product\/kupi-ljubicasti-zmaj-marihuanu-aaaaa\/\" \/>\n<meta property=\"og:locale\" content=\"hr_HR\" \/>\n<meta property=\"og:type\" content=\"article\" \/>\n<meta property=\"og:title\" content=\"Kupite Purple Dragon (AAAAA) - najbolji najbolji globalni lijekovi\" \/>\n<meta property=\"og:description\" content=\"Kupite soj marihuane Purple Dragon. Eteri\u010dan i nadrealni ljubi\u010dasti zmaj \u010duvar je nezemaljskih kristala. Digitalno slikao Tobias Vyseri.\" \/>\n<meta property=\"og:url\" content=\"https:\/\/medicinasinc.com\/hr\/product\/kupi-ljubicasti-zmaj-marihuanu-aaaaa\/\" \/>\n<meta property=\"og:site_name\" content=\"Medicinas Inc\" \/>\n<meta property=\"article:modified_time\" content=\"2022-03-15T05:51:59+00:00\" \/>\n<meta property=\"og:image\" content=\"https:\/\/medicinasinc.com\/hr\/wp-content\/uploads\/sites\/3\/2022\/02\/Buy-Purple-Dragon.jpg\" \/>\n\t<meta property=\"og:image:width\" content=\"541\" \/>\n\t<meta property=\"og:image:height\" content=\"459\" \/>\n\t<meta property=\"og:image:type\" content=\"image\/jpeg\" \/>\n<meta name=\"twitter:card\" content=\"summary_large_image\" \/>\n<meta name=\"twitter:label1\" content=\"Procijenjeno vrijeme \u010ditanja\" \/>\n\t<meta name=\"twitter:data1\" content=\"1 minuta\" \/>\n<script type=\"application\/ld+json\" class=\"yoast-schema-graph\">{\"@context\":\"https:\\\/\\\/schema.org\",\"@graph\":[{\"@type\":\"WebPage\",\"@id\":\"https:\\\/\\\/medicinasinc.com\\\/hr\\\/product\\\/kupi-ljubicasti-zmaj-marihuanu-aaaaa\\\/\",\"url\":\"https:\\\/\\\/medicinasinc.com\\\/hr\\\/product\\\/kupi-ljubicasti-zmaj-marihuanu-aaaaa\\\/\",\"name\":\"Kupite Purple Dragon (AAAAA) - najbolji najbolji globalni lijekovi\",\"isPartOf\":{\"@id\":\"https:\\\/\\\/medicinasinc.com\\\/hr\\\/#website\"},\"primaryImageOfPage\":{\"@id\":\"https:\\\/\\\/medicinasinc.com\\\/hr\\\/product\\\/kupi-ljubicasti-zmaj-marihuanu-aaaaa\\\/#primaryimage\"},\"image\":{\"@id\":\"https:\\\/\\\/medicinasinc.com\\\/hr\\\/product\\\/kupi-ljubicasti-zmaj-marihuanu-aaaaa\\\/#primaryimage\"},\"thumbnailUrl\":\"https:\\\/\\\/medicinasinc.com\\\/hr\\\/wp-content\\\/uploads\\\/sites\\\/3\\\/2022\\\/02\\\/Buy-Purple-Dragon.jpg\",\"datePublished\":\"2022-02-20T19:35:13+00:00\",\"dateModified\":\"2022-03-15T05:51:59+00:00\",\"description\":\"Kupite soj marihuane Purple Dragon. Eteri\u010dan i nadrealni ljubi\u010dasti zmaj \u010duvar je nezemaljskih kristala. Digitalno slikao Tobias Vyseri.\",\"breadcrumb\":{\"@id\":\"https:\\\/\\\/medicinasinc.com\\\/hr\\\/product\\\/kupi-ljubicasti-zmaj-marihuanu-aaaaa\\\/#breadcrumb\"},\"inLanguage\":\"hr\",\"potentialAction\":[{\"@type\":\"ReadAction\",\"target\":[\"https:\\\/\\\/medicinasinc.com\\\/hr\\\/product\\\/kupi-ljubicasti-zmaj-marihuanu-aaaaa\\\/\"]}]},{\"@type\":\"ImageObject\",\"inLanguage\":\"hr\",\"@id\":\"https:\\\/\\\/medicinasinc.com\\\/hr\\\/product\\\/kupi-ljubicasti-zmaj-marihuanu-aaaaa\\\/#primaryimage\",\"url\":\"https:\\\/\\\/medicinasinc.com\\\/hr\\\/wp-content\\\/uploads\\\/sites\\\/3\\\/2022\\\/02\\\/Buy-Purple-Dragon.jpg\",\"contentUrl\":\"https:\\\/\\\/medicinasinc.com\\\/hr\\\/wp-content\\\/uploads\\\/sites\\\/3\\\/2022\\\/02\\\/Buy-Purple-Dragon.jpg\",\"width\":541,\"height\":459},{\"@type\":\"BreadcrumbList\",\"@id\":\"https:\\\/\\\/medicinasinc.com\\\/hr\\\/product\\\/kupi-ljubicasti-zmaj-marihuanu-aaaaa\\\/#breadcrumb\",\"itemListElement\":[{\"@type\":\"ListItem\",\"position\":1,\"name\":\"Du\u0107an\",\"item\":\"https:\\\/\\\/medicinasinc.com\\\/hr\\\/ducan\\\/\"},{\"@type\":\"ListItem\",\"position\":2,\"name\":\"Kupite Marihuanu Purple Dragon (AAAAA)\"}]},{\"@type\":\"WebSite\",\"@id\":\"https:\\\/\\\/medicinasinc.com\\\/hr\\\/#website\",\"url\":\"https:\\\/\\\/medicinasinc.com\\\/hr\\\/\",\"name\":\"Medicinas Inc\",\"description\":\"Health Medical Clinic\",\"potentialAction\":[{\"@type\":\"SearchAction\",\"target\":{\"@type\":\"EntryPoint\",\"urlTemplate\":\"https:\\\/\\\/medicinasinc.com\\\/hr\\\/?s={search_term_string}\"},\"query-input\":{\"@type\":\"PropertyValueSpecification\",\"valueRequired\":true,\"valueName\":\"search_term_string\"}}],\"inLanguage\":\"hr\"}]}<\/script>\n<!-- \/ Yoast SEO plugin. -->","yoast_head_json":{"title":"Kupite Purple Dragon (AAAAA) - najbolji najbolji globalni lijekovi","description":"Kupite soj marihuane Purple Dragon. Eteri\u010dan i nadrealni ljubi\u010dasti zmaj \u010duvar je nezemaljskih kristala. Digitalno slikao Tobias Vyseri.","robots":{"index":"index","follow":"follow","max-snippet":"max-snippet:-1","max-image-preview":"max-image-preview:large","max-video-preview":"max-video-preview:-1"},"canonical":"https:\/\/medicinasinc.com\/hr\/product\/kupi-ljubicasti-zmaj-marihuanu-aaaaa\/","og_locale":"hr_HR","og_type":"article","og_title":"Kupite Purple Dragon (AAAAA) - najbolji najbolji globalni lijekovi","og_description":"Kupite soj marihuane Purple Dragon. Eteri\u010dan i nadrealni ljubi\u010dasti zmaj \u010duvar je nezemaljskih kristala. Digitalno slikao Tobias Vyseri.","og_url":"https:\/\/medicinasinc.com\/hr\/product\/kupi-ljubicasti-zmaj-marihuanu-aaaaa\/","og_site_name":"Medicinas Inc","article_modified_time":"2022-03-15T05:51:59+00:00","og_image":[{"width":541,"height":459,"url":"https:\/\/medicinasinc.com\/hr\/wp-content\/uploads\/sites\/3\/2022\/02\/Buy-Purple-Dragon.jpg","type":"image\/jpeg"}],"twitter_card":"summary_large_image","twitter_misc":{"Procijenjeno vrijeme \u010ditanja":"1 minuta"},"schema":{"@context":"https:\/\/schema.org","@graph":[{"@type":"WebPage","@id":"https:\/\/medicinasinc.com\/hr\/product\/kupi-ljubicasti-zmaj-marihuanu-aaaaa\/","url":"https:\/\/medicinasinc.com\/hr\/product\/kupi-ljubicasti-zmaj-marihuanu-aaaaa\/","name":"Kupite Purple Dragon (AAAAA) - najbolji najbolji globalni lijekovi","isPartOf":{"@id":"https:\/\/medicinasinc.com\/hr\/#website"},"primaryImageOfPage":{"@id":"https:\/\/medicinasinc.com\/hr\/product\/kupi-ljubicasti-zmaj-marihuanu-aaaaa\/#primaryimage"},"image":{"@id":"https:\/\/medicinasinc.com\/hr\/product\/kupi-ljubicasti-zmaj-marihuanu-aaaaa\/#primaryimage"},"thumbnailUrl":"https:\/\/medicinasinc.com\/hr\/wp-content\/uploads\/sites\/3\/2022\/02\/Buy-Purple-Dragon.jpg","datePublished":"2022-02-20T19:35:13+00:00","dateModified":"2022-03-15T05:51:59+00:00","description":"Kupite soj marihuane Purple Dragon. Eteri\u010dan i nadrealni ljubi\u010dasti zmaj \u010duvar je nezemaljskih kristala. Digitalno slikao Tobias Vyseri.","breadcrumb":{"@id":"https:\/\/medicinasinc.com\/hr\/product\/kupi-ljubicasti-zmaj-marihuanu-aaaaa\/#breadcrumb"},"inLanguage":"hr","potentialAction":[{"@type":"ReadAction","target":["https:\/\/medicinasinc.com\/hr\/product\/kupi-ljubicasti-zmaj-marihuanu-aaaaa\/"]}]},{"@type":"ImageObject","inLanguage":"hr","@id":"https:\/\/medicinasinc.com\/hr\/product\/kupi-ljubicasti-zmaj-marihuanu-aaaaa\/#primaryimage","url":"https:\/\/medicinasinc.com\/hr\/wp-content\/uploads\/sites\/3\/2022\/02\/Buy-Purple-Dragon.jpg","contentUrl":"https:\/\/medicinasinc.com\/hr\/wp-content\/uploads\/sites\/3\/2022\/02\/Buy-Purple-Dragon.jpg","width":541,"height":459},{"@type":"BreadcrumbList","@id":"https:\/\/medicinasinc.com\/hr\/product\/kupi-ljubicasti-zmaj-marihuanu-aaaaa\/#breadcrumb","itemListElement":[{"@type":"ListItem","position":1,"name":"Du\u0107an","item":"https:\/\/medicinasinc.com\/hr\/ducan\/"},{"@type":"ListItem","position":2,"name":"Kupite Marihuanu Purple Dragon (AAAAA)"}]},{"@type":"WebSite","@id":"https:\/\/medicinasinc.com\/hr\/#website","url":"https:\/\/medicinasinc.com\/hr\/","name":"Medicinas Inc","description":"Health Medical Clinic","potentialAction":[{"@type":"SearchAction","target":{"@type":"EntryPoint","urlTemplate":"https:\/\/medicinasinc.com\/hr\/?s={search_term_string}"},"query-input":{"@type":"PropertyValueSpecification","valueRequired":true,"valueName":"search_term_string"}}],"inLanguage":"hr"}]}},"_links":{"self":[{"href":"https:\/\/medicinasinc.com\/hr\/wp-json\/wp\/v2\/product\/5047","targetHints":{"allow":["GET"]}}],"collection":[{"href":"https:\/\/medicinasinc.com\/hr\/wp-json\/wp\/v2\/product"}],"about":[{"href":"https:\/\/medicinasinc.com\/hr\/wp-json\/wp\/v2\/types\/product"}],"replies":[{"embeddable":true,"href":"https:\/\/medicinasinc.com\/hr\/wp-json\/wp\/v2\/comments?post=5047"}],"wp:featuredmedia":[{"embeddable":true,"href":"https:\/\/medicinasinc.com\/hr\/wp-json\/wp\/v2\/media\/5067"}],"wp:attachment":[{"href":"https:\/\/medicinasinc.com\/hr\/wp-json\/wp\/v2\/media?parent=5047"}],"wp:term":[{"taxonomy":"product_brand","embeddable":true,"href":"https:\/\/medicinasinc.com\/hr\/wp-json\/wp\/v2\/product_brand?post=5047"},{"taxonomy":"product_cat","embeddable":true,"href":"https:\/\/medicinasinc.com\/hr\/wp-json\/wp\/v2\/product_cat?post=5047"},{"taxonomy":"product_tag","embeddable":true,"href":"https:\/\/medicinasinc.com\/hr\/wp-json\/wp\/v2\/product_tag?post=5047"}],"curies":[{"name":"wp","href":"https:\/\/api.w.org\/{rel}","templated":true}]}}