{"id":5046,"date":"2022-02-20T19:34:10","date_gmt":"2022-02-20T19:34:10","guid":{"rendered":"https:\/\/medicinasinc.com\/hr\/?post_type=product&#038;p=5046"},"modified":"2022-03-15T05:52:07","modified_gmt":"2022-03-15T05:52:07","slug":"kupiti-cokoladu-fondue-procijediti","status":"publish","type":"product","link":"https:\/\/medicinasinc.com\/hr\/product\/kupiti-cokoladu-fondue-procijediti\/","title":{"rendered":"Kupite \u010dokoladni fondu soj"},"content":{"rendered":"<p>Informacije o soju \u010dokoladnog fondua<\/p>\n<p>\u010cokoladni fondue kri\u017eanac je s dominantnom Sativom koji je razvio DNA Genetics koji kombinira mo\u0107 \u010dokolade uz umiruju\u0107e djelovanje i jedinstvene okuse sira Exodus.<\/p>\n<p>U\u010dinci \u010dokoladnog fonduea smiruju tijelo i smiruju um, uljuljkavaju\u0107i vas u stanje ugodne svijesti. Ovaj soj kanabisa odli\u010dan je danju ili no\u0107u zbog svog raznolikog mirisa i slatkastog okusa.<\/p>\n<p>Ljekovita svojstva soja \u010dokoladnog fondue<\/p>\n<p>Postoje brojni razlozi za kori\u0161tenje sojeva kanabisa. Slijedi \u0161est glavnih razloga za\u0161to razmisliti o njihovom zapo\u0161ljavanju. Naravno, \u0161to je ve\u0107a potencija, to je ja\u010dina!<\/p>\n<p>1 \u2013 Ubla\u017eava kroni\u010dnu bol<\/p>\n<p>Kanabis sadr\u017ei kemijski sastav koji poma\u017ee u smanjenju boli. Op\u0107enito, boja kanabisa tako\u0111er ukazuje na njegovu mo\u0107. Brojni su ljudi otkrili da je to istina.<\/p>\n<p>2 &#8211; Pove\u0107ani kapacitet plu\u0107a<\/p>\n<p>Jeste li svjesni? Pu\u0161enje kanabisa je daleko bolje od pu\u0161enja cigareta. Osim toga, pomo\u0107i \u0107e vam u pove\u0107anju kapaciteta plu\u0107a.<\/p>\n<p>3 \u2013 Pretilost<\/p>\n<p>Velika ve\u0107ina korisnika marihuane nije pretila. To je zato \u0161to \u0107e vam redovita upotreba ovog cvijeta marihuane pomo\u0107i u kontroli potro\u0161nje kalorija.<\/p>\n<p>4 \u2013 Prevencija dijabetesa<\/p>\n<p>Kada vam se dijagnosticira dijabetes, imat \u0107ete ga do kraja \u017eivota. \u017eivot. Mo\u017eete jednostavno upravljati razinom \u0161e\u0107era u krvi tako da ne nastavi rasti.<\/p>\n<p>Kanabis mo\u017ee pomo\u0107i u stabilizaciji \u0161e\u0107era u krvi i smanjenju krvnog tlaka!<\/p>\n<p>5 \u2013 Poma\u017ee depresivnim osobama<\/p>\n<p> p&gt; <\/p>\n<p>Neki ljudi su depresivni, a da toga nisu svjesni. Kanabis mo\u017ee pomo\u0107i u smirivanju raspolo\u017eenja u slu\u010daju depresije.<\/p>\n<p>Gdje kupiti fondue soj \u010dokolade u Kanadi<\/p>\n<p>Dok u Kanadi postoje i druge ambulante u kojima mo\u017eete kupiti \u010dokoladni fondue Weed Strain, na\u0161a ambulanta Mail Order Marihuana nudi neke od najkvalitetnijih dostupnih proizvoda.<\/p>\n<p>Jam\u010dimo da \u0107ete dobiti visokokvalitetne proizvode ili \u0107emo vam vratiti novac!<\/p>\n<p>Dodatno! , narud\u017ebe iznad 100 USD dobivaju besplatnu dostavu!<\/p>\n","protected":false},"excerpt":{"rendered":"<div class=\"woocommerce-product-details__short-description\">\n<p>Kupite kvalitetan \u010dokoladni fondue na mre\u017ei. \u010cokoladni fondue soj je hibrid sa dominantnim sativa &#8211; 80% sativa \/ 20% indica THC: 17%<\/p>\n<\/p><\/div>\n","protected":false},"featured_media":5065,"comment_status":"open","ping_status":"closed","template":"","meta":[],"product_brand":[],"product_cat":[778],"product_tag":[1005,1004],"class_list":{"0":"post-5046","1":"product","2":"type-product","3":"status-publish","4":"has-post-thumbnail","6":"product_cat-korov-za-prodaju","7":"product_tag-okolada-fudge-soj","8":"product_tag-sir-fondue-procijediti","10":"first","11":"instock","12":"shipping-taxable","13":"purchasable","14":"product-type-variable","15":"has-default-attributes"},"yoast_head":"<!-- This site is optimized with the Yoast SEO plugin v27.3 - https:\/\/yoast.com\/product\/yoast-seo-wordpress\/ -->\n<title>Kupite kvalitetan \u010dokoladni fondu soj na mre\u017ei - najbolji svjetski lijekovi<\/title>\n<meta name=\"description\" content=\"Kupite kvalitetan \u010dokoladni fondue na mre\u017ei. \u010cokoladni fondue soj je dominantni hibrid sa sativa - 80% sativa \/ 20% indica THC: 17%\" \/>\n<meta name=\"robots\" content=\"index, follow, max-snippet:-1, max-image-preview:large, max-video-preview:-1\" \/>\n<link rel=\"canonical\" href=\"https:\/\/medicinasinc.com\/hr\/product\/kupiti-cokoladu-fondue-procijediti\/\" \/>\n<meta property=\"og:locale\" content=\"hr_HR\" \/>\n<meta property=\"og:type\" content=\"article\" \/>\n<meta property=\"og:title\" content=\"Kupite kvalitetan \u010dokoladni fondu soj na mre\u017ei - najbolji svjetski lijekovi\" \/>\n<meta property=\"og:description\" content=\"Kupite kvalitetan \u010dokoladni fondue na mre\u017ei. \u010cokoladni fondue soj je dominantni hibrid sa sativa - 80% sativa \/ 20% indica THC: 17%\" \/>\n<meta property=\"og:url\" content=\"https:\/\/medicinasinc.com\/hr\/product\/kupiti-cokoladu-fondue-procijediti\/\" \/>\n<meta property=\"og:site_name\" content=\"Medicinas Inc\" \/>\n<meta property=\"article:modified_time\" content=\"2022-03-15T05:52:07+00:00\" \/>\n<meta property=\"og:image\" content=\"https:\/\/medicinasinc.com\/hr\/wp-content\/uploads\/sites\/3\/2022\/02\/Buy-Quality-Chocolate-Fondue.jpg\" \/>\n\t<meta property=\"og:image:width\" content=\"667\" \/>\n\t<meta property=\"og:image:height\" content=\"1000\" \/>\n\t<meta property=\"og:image:type\" content=\"image\/jpeg\" \/>\n<meta name=\"twitter:card\" content=\"summary_large_image\" \/>\n<meta name=\"twitter:label1\" content=\"Procijenjeno vrijeme \u010ditanja\" \/>\n\t<meta name=\"twitter:data1\" content=\"2 minute\" \/>\n<script type=\"application\/ld+json\" class=\"yoast-schema-graph\">{\"@context\":\"https:\\\/\\\/schema.org\",\"@graph\":[{\"@type\":\"WebPage\",\"@id\":\"https:\\\/\\\/medicinasinc.com\\\/hr\\\/product\\\/kupiti-cokoladu-fondue-procijediti\\\/\",\"url\":\"https:\\\/\\\/medicinasinc.com\\\/hr\\\/product\\\/kupiti-cokoladu-fondue-procijediti\\\/\",\"name\":\"Kupite kvalitetan \u010dokoladni fondu soj na mre\u017ei - najbolji svjetski lijekovi\",\"isPartOf\":{\"@id\":\"https:\\\/\\\/medicinasinc.com\\\/hr\\\/#website\"},\"primaryImageOfPage\":{\"@id\":\"https:\\\/\\\/medicinasinc.com\\\/hr\\\/product\\\/kupiti-cokoladu-fondue-procijediti\\\/#primaryimage\"},\"image\":{\"@id\":\"https:\\\/\\\/medicinasinc.com\\\/hr\\\/product\\\/kupiti-cokoladu-fondue-procijediti\\\/#primaryimage\"},\"thumbnailUrl\":\"https:\\\/\\\/medicinasinc.com\\\/hr\\\/wp-content\\\/uploads\\\/sites\\\/3\\\/2022\\\/02\\\/Buy-Quality-Chocolate-Fondue.jpg\",\"datePublished\":\"2022-02-20T19:34:10+00:00\",\"dateModified\":\"2022-03-15T05:52:07+00:00\",\"description\":\"Kupite kvalitetan \u010dokoladni fondue na mre\u017ei. \u010cokoladni fondue soj je dominantni hibrid sa sativa - 80% sativa \\\/ 20% indica THC: 17%\",\"breadcrumb\":{\"@id\":\"https:\\\/\\\/medicinasinc.com\\\/hr\\\/product\\\/kupiti-cokoladu-fondue-procijediti\\\/#breadcrumb\"},\"inLanguage\":\"hr\",\"potentialAction\":[{\"@type\":\"ReadAction\",\"target\":[\"https:\\\/\\\/medicinasinc.com\\\/hr\\\/product\\\/kupiti-cokoladu-fondue-procijediti\\\/\"]}]},{\"@type\":\"ImageObject\",\"inLanguage\":\"hr\",\"@id\":\"https:\\\/\\\/medicinasinc.com\\\/hr\\\/product\\\/kupiti-cokoladu-fondue-procijediti\\\/#primaryimage\",\"url\":\"https:\\\/\\\/medicinasinc.com\\\/hr\\\/wp-content\\\/uploads\\\/sites\\\/3\\\/2022\\\/02\\\/Buy-Quality-Chocolate-Fondue.jpg\",\"contentUrl\":\"https:\\\/\\\/medicinasinc.com\\\/hr\\\/wp-content\\\/uploads\\\/sites\\\/3\\\/2022\\\/02\\\/Buy-Quality-Chocolate-Fondue.jpg\",\"width\":667,\"height\":1000},{\"@type\":\"BreadcrumbList\",\"@id\":\"https:\\\/\\\/medicinasinc.com\\\/hr\\\/product\\\/kupiti-cokoladu-fondue-procijediti\\\/#breadcrumb\",\"itemListElement\":[{\"@type\":\"ListItem\",\"position\":1,\"name\":\"Du\u0107an\",\"item\":\"https:\\\/\\\/medicinasinc.com\\\/hr\\\/ducan\\\/\"},{\"@type\":\"ListItem\",\"position\":2,\"name\":\"Kupite \u010dokoladni fondu soj\"}]},{\"@type\":\"WebSite\",\"@id\":\"https:\\\/\\\/medicinasinc.com\\\/hr\\\/#website\",\"url\":\"https:\\\/\\\/medicinasinc.com\\\/hr\\\/\",\"name\":\"Medicinas Inc\",\"description\":\"Health Medical Clinic\",\"potentialAction\":[{\"@type\":\"SearchAction\",\"target\":{\"@type\":\"EntryPoint\",\"urlTemplate\":\"https:\\\/\\\/medicinasinc.com\\\/hr\\\/?s={search_term_string}\"},\"query-input\":{\"@type\":\"PropertyValueSpecification\",\"valueRequired\":true,\"valueName\":\"search_term_string\"}}],\"inLanguage\":\"hr\"}]}<\/script>\n<!-- \/ Yoast SEO plugin. -->","yoast_head_json":{"title":"Kupite kvalitetan \u010dokoladni fondu soj na mre\u017ei - najbolji svjetski lijekovi","description":"Kupite kvalitetan \u010dokoladni fondue na mre\u017ei. \u010cokoladni fondue soj je dominantni hibrid sa sativa - 80% sativa \/ 20% indica THC: 17%","robots":{"index":"index","follow":"follow","max-snippet":"max-snippet:-1","max-image-preview":"max-image-preview:large","max-video-preview":"max-video-preview:-1"},"canonical":"https:\/\/medicinasinc.com\/hr\/product\/kupiti-cokoladu-fondue-procijediti\/","og_locale":"hr_HR","og_type":"article","og_title":"Kupite kvalitetan \u010dokoladni fondu soj na mre\u017ei - najbolji svjetski lijekovi","og_description":"Kupite kvalitetan \u010dokoladni fondue na mre\u017ei. \u010cokoladni fondue soj je dominantni hibrid sa sativa - 80% sativa \/ 20% indica THC: 17%","og_url":"https:\/\/medicinasinc.com\/hr\/product\/kupiti-cokoladu-fondue-procijediti\/","og_site_name":"Medicinas Inc","article_modified_time":"2022-03-15T05:52:07+00:00","og_image":[{"width":667,"height":1000,"url":"https:\/\/medicinasinc.com\/hr\/wp-content\/uploads\/sites\/3\/2022\/02\/Buy-Quality-Chocolate-Fondue.jpg","type":"image\/jpeg"}],"twitter_card":"summary_large_image","twitter_misc":{"Procijenjeno vrijeme \u010ditanja":"2 minute"},"schema":{"@context":"https:\/\/schema.org","@graph":[{"@type":"WebPage","@id":"https:\/\/medicinasinc.com\/hr\/product\/kupiti-cokoladu-fondue-procijediti\/","url":"https:\/\/medicinasinc.com\/hr\/product\/kupiti-cokoladu-fondue-procijediti\/","name":"Kupite kvalitetan \u010dokoladni fondu soj na mre\u017ei - najbolji svjetski lijekovi","isPartOf":{"@id":"https:\/\/medicinasinc.com\/hr\/#website"},"primaryImageOfPage":{"@id":"https:\/\/medicinasinc.com\/hr\/product\/kupiti-cokoladu-fondue-procijediti\/#primaryimage"},"image":{"@id":"https:\/\/medicinasinc.com\/hr\/product\/kupiti-cokoladu-fondue-procijediti\/#primaryimage"},"thumbnailUrl":"https:\/\/medicinasinc.com\/hr\/wp-content\/uploads\/sites\/3\/2022\/02\/Buy-Quality-Chocolate-Fondue.jpg","datePublished":"2022-02-20T19:34:10+00:00","dateModified":"2022-03-15T05:52:07+00:00","description":"Kupite kvalitetan \u010dokoladni fondue na mre\u017ei. \u010cokoladni fondue soj je dominantni hibrid sa sativa - 80% sativa \/ 20% indica THC: 17%","breadcrumb":{"@id":"https:\/\/medicinasinc.com\/hr\/product\/kupiti-cokoladu-fondue-procijediti\/#breadcrumb"},"inLanguage":"hr","potentialAction":[{"@type":"ReadAction","target":["https:\/\/medicinasinc.com\/hr\/product\/kupiti-cokoladu-fondue-procijediti\/"]}]},{"@type":"ImageObject","inLanguage":"hr","@id":"https:\/\/medicinasinc.com\/hr\/product\/kupiti-cokoladu-fondue-procijediti\/#primaryimage","url":"https:\/\/medicinasinc.com\/hr\/wp-content\/uploads\/sites\/3\/2022\/02\/Buy-Quality-Chocolate-Fondue.jpg","contentUrl":"https:\/\/medicinasinc.com\/hr\/wp-content\/uploads\/sites\/3\/2022\/02\/Buy-Quality-Chocolate-Fondue.jpg","width":667,"height":1000},{"@type":"BreadcrumbList","@id":"https:\/\/medicinasinc.com\/hr\/product\/kupiti-cokoladu-fondue-procijediti\/#breadcrumb","itemListElement":[{"@type":"ListItem","position":1,"name":"Du\u0107an","item":"https:\/\/medicinasinc.com\/hr\/ducan\/"},{"@type":"ListItem","position":2,"name":"Kupite \u010dokoladni fondu soj"}]},{"@type":"WebSite","@id":"https:\/\/medicinasinc.com\/hr\/#website","url":"https:\/\/medicinasinc.com\/hr\/","name":"Medicinas Inc","description":"Health Medical Clinic","potentialAction":[{"@type":"SearchAction","target":{"@type":"EntryPoint","urlTemplate":"https:\/\/medicinasinc.com\/hr\/?s={search_term_string}"},"query-input":{"@type":"PropertyValueSpecification","valueRequired":true,"valueName":"search_term_string"}}],"inLanguage":"hr"}]}},"_links":{"self":[{"href":"https:\/\/medicinasinc.com\/hr\/wp-json\/wp\/v2\/product\/5046","targetHints":{"allow":["GET"]}}],"collection":[{"href":"https:\/\/medicinasinc.com\/hr\/wp-json\/wp\/v2\/product"}],"about":[{"href":"https:\/\/medicinasinc.com\/hr\/wp-json\/wp\/v2\/types\/product"}],"replies":[{"embeddable":true,"href":"https:\/\/medicinasinc.com\/hr\/wp-json\/wp\/v2\/comments?post=5046"}],"wp:featuredmedia":[{"embeddable":true,"href":"https:\/\/medicinasinc.com\/hr\/wp-json\/wp\/v2\/media\/5065"}],"wp:attachment":[{"href":"https:\/\/medicinasinc.com\/hr\/wp-json\/wp\/v2\/media?parent=5046"}],"wp:term":[{"taxonomy":"product_brand","embeddable":true,"href":"https:\/\/medicinasinc.com\/hr\/wp-json\/wp\/v2\/product_brand?post=5046"},{"taxonomy":"product_cat","embeddable":true,"href":"https:\/\/medicinasinc.com\/hr\/wp-json\/wp\/v2\/product_cat?post=5046"},{"taxonomy":"product_tag","embeddable":true,"href":"https:\/\/medicinasinc.com\/hr\/wp-json\/wp\/v2\/product_tag?post=5046"}],"curies":[{"name":"wp","href":"https:\/\/api.w.org\/{rel}","templated":true}]}}