{"id":5045,"date":"2022-02-20T19:32:59","date_gmt":"2022-02-20T19:32:59","guid":{"rendered":"https:\/\/medicinasinc.com\/hr\/?post_type=product&#038;p=5045"},"modified":"2022-03-15T05:52:20","modified_gmt":"2022-03-15T05:52:20","slug":"kupiti-stjenovita-planinska-borovnica","status":"publish","type":"product","link":"https:\/\/medicinasinc.com\/hr\/product\/kupiti-stjenovita-planinska-borovnica\/","title":{"rendered":"Kupite borovnicu Rocky Mountain"},"content":{"rendered":"<h1><a href=\"https:\/\/www.bestglobalmeds.com\/product\/marijuana\/rocky-mountain\/\">Kupite soj borovnice Rocky Mountain<\/a><\/h1>\n<p>Borovnica Rocky Mountain dominantna je na Indici Hibrid \u2013 70% Indica \/ 30% Sativa THC: 15% \u2013 18%<\/p>\n<p>U\u010dinci<br \/> Uzbu\u0111en, kreativan, energiziraju\u0107i, sretan, motiviraju\u0107i, opu\u0161taju\u0107i<br \/> Mo\u017ee ubla\u017eiti<br \/> depresiju , Umor, Glaukom, Glavobolje, Stres<br \/> Okusi<br \/> Bobi\u010dasto vo\u0107e, Slatki\u0161i, Vo\u0107ni, Slatki<br \/> Arome<br \/> Bobi\u010dasto vo\u0107e, Borovnica, Zemljano, Biljno, Slatko<\/p>\n<p>Rocky Mountain Blueberry je indica dominantni hibridni soj uzgojen od nevjerojatno ukusnih sojeva Shishkaberry i Blueberry. Ovaj soj je poznat po svom zavodljivom okusu \u2013 sli\u010dnom slatkim, svje\u017ee ubranim borovnicama ili so\u010dnom bombonu s okusom borovnice! Aroma je jednako ugodna, s notama zemljanih borovnica, svje\u017eeg bora i malo limuna. Rocky Mountain Blueberry high je slatka koliko i okusa, sa stimuliraju\u0107im i osna\u017euju\u0107im u\u010dincima koji su idealni za pripremu za avanturu na otvorenom. Osje\u0107at \u0107ete se ugodno, a opet spremni za planinarenje, plivanje, tr\u010danje ili bilo \u0161to drugo \u0161to vam padne na pamet dok ste vani. Ovo raspolo\u017eenje ponekad mo\u017ee biti lagano trnce, zbog \u010dega se osje\u0107ate pomalo tjeskobno i blago uzbu\u0111eno. Izvje\u0161tava se da je borovnica Rocky Mountain idealna za lije\u010denje bolesti poput iscrpljenosti, depresije, glavobolje ili migrene, te glaukoma ili visokog o\u010dnog tlaka zbog tih u\u010dinaka i zna\u010dajnog prosje\u010dnog sadr\u017eaja THC-a od 15-18 posto. Tamno maslinastozeleni nugovi s plavim nijansama i prevlakom \u017eivih trihoma boje lavande karakteriziraju ovaj pupoljak.<\/p>\n","protected":false},"excerpt":{"rendered":"<div class=\"woocommerce-product-details__short-description\">\n<p>Online kupnja soja borovnice Rocky Mountain. Borovnica Rocky Mountain je dominantni hibrid Indica &#8211; 70% Indica \/ 30% Sativa. Sadr\u017eaj THC-a u sativi: 15% \u2013 18%<\/p>\n<p>Rocky Mountain Blueberry je hibridna vrsta s dominantnom indikom uzgojenom od nevjerojatno ukusnih roditelja Shishkaberry X Blueberry.<\/p>\n<\/p><\/div>\n","protected":false},"featured_media":5063,"comment_status":"open","ping_status":"closed","template":"","meta":[],"product_brand":[],"product_cat":[778],"product_tag":[996,997,999,998,1000,1001,1002,1003],"class_list":{"0":"post-5045","1":"product","2":"type-product","3":"status-publish","4":"has-post-thumbnail","6":"product_cat-korov-za-prodaju","7":"product_tag-borovnica-soj-allbud","8":"product_tag-mikado-soj-list","9":"product_tag-planina-i","10":"product_tag-planina-bobica-kush-soj","11":"product_tag-stjenovita-planinska-vatra-naprezanje","12":"product_tag-stjenovito-planinsko-visoko-naprezanje","13":"product_tag-shazam-procijediti-lista","14":"product_tag-swiss-berry-soj","16":"first","17":"instock","18":"shipping-taxable","19":"purchasable","20":"product-type-variable","21":"has-default-attributes"},"yoast_head":"<!-- This site is optimized with the Yoast SEO plugin v27.3 - https:\/\/yoast.com\/product\/yoast-seo-wordpress\/ -->\n<title>Kupite soj borovnice Rocky Mountain - najbolji globalni lijekovi<\/title>\n<meta name=\"description\" content=\"Kupite soj borovnice Rocky Mountain Borovnica Rocky Mountain je dominantan hibrid Indica - 70% Indica \/ 30% Sativa THC: 15% - 18% Pobu\u0111eni efekti, kreativni.\" \/>\n<meta name=\"robots\" content=\"index, follow, max-snippet:-1, max-image-preview:large, max-video-preview:-1\" \/>\n<link rel=\"canonical\" href=\"https:\/\/medicinasinc.com\/hr\/product\/kupiti-stjenovita-planinska-borovnica\/\" \/>\n<meta property=\"og:locale\" content=\"hr_HR\" \/>\n<meta property=\"og:type\" content=\"article\" \/>\n<meta property=\"og:title\" content=\"Kupite soj borovnice Rocky Mountain - najbolji globalni lijekovi\" \/>\n<meta property=\"og:description\" content=\"Kupite soj borovnice Rocky Mountain Borovnica Rocky Mountain je dominantan hibrid Indica - 70% Indica \/ 30% Sativa THC: 15% - 18% Pobu\u0111eni efekti, kreativni.\" \/>\n<meta property=\"og:url\" content=\"https:\/\/medicinasinc.com\/hr\/product\/kupiti-stjenovita-planinska-borovnica\/\" \/>\n<meta property=\"og:site_name\" content=\"Medicinas Inc\" \/>\n<meta property=\"article:modified_time\" content=\"2022-03-15T05:52:20+00:00\" \/>\n<meta property=\"og:image\" content=\"https:\/\/medicinasinc.com\/hr\/wp-content\/uploads\/sites\/3\/2022\/02\/Buy-Rocky-Mountain-Blueberry.jpg\" \/>\n\t<meta property=\"og:image:width\" content=\"1200\" \/>\n\t<meta property=\"og:image:height\" content=\"630\" \/>\n\t<meta property=\"og:image:type\" content=\"image\/jpeg\" \/>\n<meta name=\"twitter:card\" content=\"summary_large_image\" \/>\n<meta name=\"twitter:label1\" content=\"Procijenjeno vrijeme \u010ditanja\" \/>\n\t<meta name=\"twitter:data1\" content=\"1 minuta\" \/>\n<script type=\"application\/ld+json\" class=\"yoast-schema-graph\">{\"@context\":\"https:\\\/\\\/schema.org\",\"@graph\":[{\"@type\":\"WebPage\",\"@id\":\"https:\\\/\\\/medicinasinc.com\\\/hr\\\/product\\\/kupiti-stjenovita-planinska-borovnica\\\/\",\"url\":\"https:\\\/\\\/medicinasinc.com\\\/hr\\\/product\\\/kupiti-stjenovita-planinska-borovnica\\\/\",\"name\":\"Kupite soj borovnice Rocky Mountain - najbolji globalni lijekovi\",\"isPartOf\":{\"@id\":\"https:\\\/\\\/medicinasinc.com\\\/hr\\\/#website\"},\"primaryImageOfPage\":{\"@id\":\"https:\\\/\\\/medicinasinc.com\\\/hr\\\/product\\\/kupiti-stjenovita-planinska-borovnica\\\/#primaryimage\"},\"image\":{\"@id\":\"https:\\\/\\\/medicinasinc.com\\\/hr\\\/product\\\/kupiti-stjenovita-planinska-borovnica\\\/#primaryimage\"},\"thumbnailUrl\":\"https:\\\/\\\/medicinasinc.com\\\/hr\\\/wp-content\\\/uploads\\\/sites\\\/3\\\/2022\\\/02\\\/Buy-Rocky-Mountain-Blueberry.jpg\",\"datePublished\":\"2022-02-20T19:32:59+00:00\",\"dateModified\":\"2022-03-15T05:52:20+00:00\",\"description\":\"Kupite soj borovnice Rocky Mountain Borovnica Rocky Mountain je dominantan hibrid Indica - 70% Indica \\\/ 30% Sativa THC: 15% - 18% Pobu\u0111eni efekti, kreativni.\",\"breadcrumb\":{\"@id\":\"https:\\\/\\\/medicinasinc.com\\\/hr\\\/product\\\/kupiti-stjenovita-planinska-borovnica\\\/#breadcrumb\"},\"inLanguage\":\"hr\",\"potentialAction\":[{\"@type\":\"ReadAction\",\"target\":[\"https:\\\/\\\/medicinasinc.com\\\/hr\\\/product\\\/kupiti-stjenovita-planinska-borovnica\\\/\"]}]},{\"@type\":\"ImageObject\",\"inLanguage\":\"hr\",\"@id\":\"https:\\\/\\\/medicinasinc.com\\\/hr\\\/product\\\/kupiti-stjenovita-planinska-borovnica\\\/#primaryimage\",\"url\":\"https:\\\/\\\/medicinasinc.com\\\/hr\\\/wp-content\\\/uploads\\\/sites\\\/3\\\/2022\\\/02\\\/Buy-Rocky-Mountain-Blueberry.jpg\",\"contentUrl\":\"https:\\\/\\\/medicinasinc.com\\\/hr\\\/wp-content\\\/uploads\\\/sites\\\/3\\\/2022\\\/02\\\/Buy-Rocky-Mountain-Blueberry.jpg\",\"width\":1200,\"height\":630},{\"@type\":\"BreadcrumbList\",\"@id\":\"https:\\\/\\\/medicinasinc.com\\\/hr\\\/product\\\/kupiti-stjenovita-planinska-borovnica\\\/#breadcrumb\",\"itemListElement\":[{\"@type\":\"ListItem\",\"position\":1,\"name\":\"Du\u0107an\",\"item\":\"https:\\\/\\\/medicinasinc.com\\\/hr\\\/ducan\\\/\"},{\"@type\":\"ListItem\",\"position\":2,\"name\":\"Kupite borovnicu Rocky Mountain\"}]},{\"@type\":\"WebSite\",\"@id\":\"https:\\\/\\\/medicinasinc.com\\\/hr\\\/#website\",\"url\":\"https:\\\/\\\/medicinasinc.com\\\/hr\\\/\",\"name\":\"Medicinas Inc\",\"description\":\"Health Medical Clinic\",\"potentialAction\":[{\"@type\":\"SearchAction\",\"target\":{\"@type\":\"EntryPoint\",\"urlTemplate\":\"https:\\\/\\\/medicinasinc.com\\\/hr\\\/?s={search_term_string}\"},\"query-input\":{\"@type\":\"PropertyValueSpecification\",\"valueRequired\":true,\"valueName\":\"search_term_string\"}}],\"inLanguage\":\"hr\"}]}<\/script>\n<!-- \/ Yoast SEO plugin. -->","yoast_head_json":{"title":"Kupite soj borovnice Rocky Mountain - najbolji globalni lijekovi","description":"Kupite soj borovnice Rocky Mountain Borovnica Rocky Mountain je dominantan hibrid Indica - 70% Indica \/ 30% Sativa THC: 15% - 18% Pobu\u0111eni efekti, kreativni.","robots":{"index":"index","follow":"follow","max-snippet":"max-snippet:-1","max-image-preview":"max-image-preview:large","max-video-preview":"max-video-preview:-1"},"canonical":"https:\/\/medicinasinc.com\/hr\/product\/kupiti-stjenovita-planinska-borovnica\/","og_locale":"hr_HR","og_type":"article","og_title":"Kupite soj borovnice Rocky Mountain - najbolji globalni lijekovi","og_description":"Kupite soj borovnice Rocky Mountain Borovnica Rocky Mountain je dominantan hibrid Indica - 70% Indica \/ 30% Sativa THC: 15% - 18% Pobu\u0111eni efekti, kreativni.","og_url":"https:\/\/medicinasinc.com\/hr\/product\/kupiti-stjenovita-planinska-borovnica\/","og_site_name":"Medicinas Inc","article_modified_time":"2022-03-15T05:52:20+00:00","og_image":[{"width":1200,"height":630,"url":"https:\/\/medicinasinc.com\/hr\/wp-content\/uploads\/sites\/3\/2022\/02\/Buy-Rocky-Mountain-Blueberry.jpg","type":"image\/jpeg"}],"twitter_card":"summary_large_image","twitter_misc":{"Procijenjeno vrijeme \u010ditanja":"1 minuta"},"schema":{"@context":"https:\/\/schema.org","@graph":[{"@type":"WebPage","@id":"https:\/\/medicinasinc.com\/hr\/product\/kupiti-stjenovita-planinska-borovnica\/","url":"https:\/\/medicinasinc.com\/hr\/product\/kupiti-stjenovita-planinska-borovnica\/","name":"Kupite soj borovnice Rocky Mountain - najbolji globalni lijekovi","isPartOf":{"@id":"https:\/\/medicinasinc.com\/hr\/#website"},"primaryImageOfPage":{"@id":"https:\/\/medicinasinc.com\/hr\/product\/kupiti-stjenovita-planinska-borovnica\/#primaryimage"},"image":{"@id":"https:\/\/medicinasinc.com\/hr\/product\/kupiti-stjenovita-planinska-borovnica\/#primaryimage"},"thumbnailUrl":"https:\/\/medicinasinc.com\/hr\/wp-content\/uploads\/sites\/3\/2022\/02\/Buy-Rocky-Mountain-Blueberry.jpg","datePublished":"2022-02-20T19:32:59+00:00","dateModified":"2022-03-15T05:52:20+00:00","description":"Kupite soj borovnice Rocky Mountain Borovnica Rocky Mountain je dominantan hibrid Indica - 70% Indica \/ 30% Sativa THC: 15% - 18% Pobu\u0111eni efekti, kreativni.","breadcrumb":{"@id":"https:\/\/medicinasinc.com\/hr\/product\/kupiti-stjenovita-planinska-borovnica\/#breadcrumb"},"inLanguage":"hr","potentialAction":[{"@type":"ReadAction","target":["https:\/\/medicinasinc.com\/hr\/product\/kupiti-stjenovita-planinska-borovnica\/"]}]},{"@type":"ImageObject","inLanguage":"hr","@id":"https:\/\/medicinasinc.com\/hr\/product\/kupiti-stjenovita-planinska-borovnica\/#primaryimage","url":"https:\/\/medicinasinc.com\/hr\/wp-content\/uploads\/sites\/3\/2022\/02\/Buy-Rocky-Mountain-Blueberry.jpg","contentUrl":"https:\/\/medicinasinc.com\/hr\/wp-content\/uploads\/sites\/3\/2022\/02\/Buy-Rocky-Mountain-Blueberry.jpg","width":1200,"height":630},{"@type":"BreadcrumbList","@id":"https:\/\/medicinasinc.com\/hr\/product\/kupiti-stjenovita-planinska-borovnica\/#breadcrumb","itemListElement":[{"@type":"ListItem","position":1,"name":"Du\u0107an","item":"https:\/\/medicinasinc.com\/hr\/ducan\/"},{"@type":"ListItem","position":2,"name":"Kupite borovnicu Rocky Mountain"}]},{"@type":"WebSite","@id":"https:\/\/medicinasinc.com\/hr\/#website","url":"https:\/\/medicinasinc.com\/hr\/","name":"Medicinas Inc","description":"Health Medical Clinic","potentialAction":[{"@type":"SearchAction","target":{"@type":"EntryPoint","urlTemplate":"https:\/\/medicinasinc.com\/hr\/?s={search_term_string}"},"query-input":{"@type":"PropertyValueSpecification","valueRequired":true,"valueName":"search_term_string"}}],"inLanguage":"hr"}]}},"_links":{"self":[{"href":"https:\/\/medicinasinc.com\/hr\/wp-json\/wp\/v2\/product\/5045","targetHints":{"allow":["GET"]}}],"collection":[{"href":"https:\/\/medicinasinc.com\/hr\/wp-json\/wp\/v2\/product"}],"about":[{"href":"https:\/\/medicinasinc.com\/hr\/wp-json\/wp\/v2\/types\/product"}],"replies":[{"embeddable":true,"href":"https:\/\/medicinasinc.com\/hr\/wp-json\/wp\/v2\/comments?post=5045"}],"wp:featuredmedia":[{"embeddable":true,"href":"https:\/\/medicinasinc.com\/hr\/wp-json\/wp\/v2\/media\/5063"}],"wp:attachment":[{"href":"https:\/\/medicinasinc.com\/hr\/wp-json\/wp\/v2\/media?parent=5045"}],"wp:term":[{"taxonomy":"product_brand","embeddable":true,"href":"https:\/\/medicinasinc.com\/hr\/wp-json\/wp\/v2\/product_brand?post=5045"},{"taxonomy":"product_cat","embeddable":true,"href":"https:\/\/medicinasinc.com\/hr\/wp-json\/wp\/v2\/product_cat?post=5045"},{"taxonomy":"product_tag","embeddable":true,"href":"https:\/\/medicinasinc.com\/hr\/wp-json\/wp\/v2\/product_tag?post=5045"}],"curies":[{"name":"wp","href":"https:\/\/api.w.org\/{rel}","templated":true}]}}