{"id":5044,"date":"2022-02-20T19:31:39","date_gmt":"2022-02-20T19:31:39","guid":{"rendered":"https:\/\/medicinasinc.com\/hr\/?post_type=product&#038;p=5044"},"modified":"2022-03-15T05:52:28","modified_gmt":"2022-03-15T05:52:28","slug":"kupiti-ljubicastu-olupinu-marihuanu","status":"publish","type":"product","link":"https:\/\/medicinasinc.com\/hr\/product\/kupiti-ljubicastu-olupinu-marihuanu\/","title":{"rendered":"Kupite Purple Wreck Marihuanu"},"content":{"rendered":"<div class=\"et_pb_column et_pb_column_3_8 et_pb_column_inner et_pb_column_inner_4 \"> <\/p>\n<div class=\" et_pb_module et_pb_text et_pb_text_6 et_pb_bg_layout_light et_pb_text_align_left\">\n<div class=\"et_pb_text_inner\">\n<p> Ljubi\u010dasta olupina marihuana za prodaju <\/p>\n<p> Ljubi\u010dasta Olupina je Hibridni soj s dominantnom indicom koji ima sposobnost odu\u0161eviti \u010dak i najiskusnije konzumente kanabisa. Purple Wreck mje\u0161avina je iznimno popularnog sativa Trainwreck i \u0161arenog, aromati\u010dnog Purple Urklea. Stvorila ga je DNA Genetics, poznati uzgajiva\u010di iza Chocolopea i LA Confidentiala. Purple Wreck izvrstan je izbor za konzumaciju na kraju dana zbog sna\u017enog, umiruju\u0107eg tjelesnog visokog i odva\u017enog okusa. Analytical 360, ustanova za testiranje kanabisa, otkrila je da uzorci soja sadr\u017ee razine THC-a u rasponu od 10% do nevjerojatnih 31%.<\/p>\n<p>Purple Wreck odlikuje se svojim ogromnim, savr\u0161eno oblikovanim cvjetovima. Ovi pupoljci izgledaju kao minijaturna bo\u017ei\u0107na drvca, su\u017eavaju se od \u0161iroke baze do \u0161iljastog vrha. Njihova struktura izgleda kao kri\u017eanac indica i sativa &#8211; iako su iznutra kompaktni i gusti, listovi su spiralno okrenuti prema van s pahuljastom teksturom izvana. Prava zvijezda soja su ovi listovi koji zasljepljuju potro\u0161a\u010de \u0161arenom kombinacijom maslinastozelene, ljubi\u010daste i ljubi\u010daste boje. Ove ljubi\u010daste nijanse uzrokovane su hladnijim vremenom od prosjeka koji aktivira antocijanske pigmente u DNK soja. Kona\u010dno, ljepljive bijele trihome prekrivaju cijelu povr\u0161inu ovih golemih grumen\u010di\u0107a, daju\u0107i rosni, ledeni izgled.<\/p>\n<p>Hibridi kanabisa kri\u017eanac su indica i sativa sojeva. Dok se razgovori o sojevima kanabisa obi\u010dno usredoto\u010duju na razlike izme\u0111u sative i indice, ovo je samo jedan aspekt slike. Doista, ve\u0107ina sada dostupnih sorti marihuane nisu \u010dista sativa. Obi\u010dno \u0107e to biti hibridi s dominantnim indica ili sativa, ili kombinacija njih 50\/50. Online kupnja ljubi\u010daste olupine<\/p>\n<p>Kupnja ljubi\u010daste olupine online<\/p>\n<\/p><\/div><\/div><\/div>\n<div class=\"product-next-previous\">\n<div class=\"product- prev\"><\/div><\/div>\n","protected":false},"excerpt":{"rendered":"<p>Ljubi\u010dasta olupina &#8211; Kupi Purple Wreck online &#8211; Purple Wreck hibrid je u kojem dominira indica koji ima sposobnost odu\u0161eviti \u010dak i najiskusnije korisnike kanabisa.<\/p>\n<p>Purple Wreck Marihuana Soj se mo\u017ee kupiti online.<\/p>\n<p>Purple Wreck Marihuana je Indica. soj marihuane. Dominantni hibrid &#8211; 60% Indica \/ 40% Sativa Sadr\u017eaj THC-a u sativi: 18\u201325%<\/p>\n<p>1 oz. minimalna narud\u017eba<\/p>\n<p>&nbsp;<\/p>\n","protected":false},"featured_media":5061,"comment_status":"open","ping_status":"closed","template":"","meta":[],"product_brand":[],"product_cat":[778],"product_tag":[991,992,993,994,989,988,990,995],"class_list":{"0":"post-5044","1":"product","2":"type-product","3":"status-publish","4":"has-post-thumbnail","6":"product_cat-korov-za-prodaju","7":"product_tag-ljubiasto-olupina-lista","8":"product_tag-ljubiasta-olupina-sativa-ili-indica","9":"product_tag-ljubiasta-olupina-strain-allbud","10":"product_tag-ljubiasta-olupina-strain-reserva-privada","11":"product_tag-ljubiasta-trainwreck-strain-effects","12":"product_tag-purple-trainwreck-price","13":"product_tag-ljubiasta-olupina-naprezanje-pregled","14":"product_tag-trainwreck-strain-cijena","16":"first","17":"instock","18":"shipping-taxable","19":"purchasable","20":"product-type-simple"},"yoast_head":"<!-- This site is optimized with the Yoast SEO plugin v27.3 - https:\/\/yoast.com\/product\/yoast-seo-wordpress\/ -->\n<title>Kupite ljubi\u010dastu olupinu marihuanu - najbolji najbolji svjetski lijekovi<\/title>\n<meta name=\"description\" content=\"Kupite Purple Wreck marihuanu online \u2013 Purple Wreck je hibrid s dominantnom indikom sa snagom da impresionira \u010dak i iskusne konzumente kanabisa.\" \/>\n<meta name=\"robots\" content=\"index, follow, max-snippet:-1, max-image-preview:large, max-video-preview:-1\" \/>\n<link rel=\"canonical\" href=\"https:\/\/medicinasinc.com\/hr\/product\/kupiti-ljubicastu-olupinu-marihuanu\/\" \/>\n<meta property=\"og:locale\" content=\"hr_HR\" \/>\n<meta property=\"og:type\" content=\"article\" \/>\n<meta property=\"og:title\" content=\"Kupite ljubi\u010dastu olupinu marihuanu - najbolji najbolji svjetski lijekovi\" \/>\n<meta property=\"og:description\" content=\"Kupite Purple Wreck marihuanu online \u2013 Purple Wreck je hibrid s dominantnom indikom sa snagom da impresionira \u010dak i iskusne konzumente kanabisa.\" \/>\n<meta property=\"og:url\" content=\"https:\/\/medicinasinc.com\/hr\/product\/kupiti-ljubicastu-olupinu-marihuanu\/\" \/>\n<meta property=\"og:site_name\" content=\"Medicinas Inc\" \/>\n<meta property=\"article:modified_time\" content=\"2022-03-15T05:52:28+00:00\" \/>\n<meta property=\"og:image\" content=\"https:\/\/medicinasinc.com\/hr\/wp-content\/uploads\/sites\/3\/2022\/02\/Buy-Purple-Wreck-Marijuana-1.jpg\" \/>\n\t<meta property=\"og:image:width\" content=\"1245\" \/>\n\t<meta property=\"og:image:height\" content=\"1024\" \/>\n\t<meta property=\"og:image:type\" content=\"image\/jpeg\" \/>\n<meta name=\"twitter:card\" content=\"summary_large_image\" \/>\n<meta name=\"twitter:label1\" content=\"Procijenjeno vrijeme \u010ditanja\" \/>\n\t<meta name=\"twitter:data1\" content=\"2 minute\" \/>\n<script type=\"application\/ld+json\" class=\"yoast-schema-graph\">{\"@context\":\"https:\\\/\\\/schema.org\",\"@graph\":[{\"@type\":\"WebPage\",\"@id\":\"https:\\\/\\\/medicinasinc.com\\\/hr\\\/product\\\/kupiti-ljubicastu-olupinu-marihuanu\\\/\",\"url\":\"https:\\\/\\\/medicinasinc.com\\\/hr\\\/product\\\/kupiti-ljubicastu-olupinu-marihuanu\\\/\",\"name\":\"Kupite ljubi\u010dastu olupinu marihuanu - najbolji najbolji svjetski lijekovi\",\"isPartOf\":{\"@id\":\"https:\\\/\\\/medicinasinc.com\\\/hr\\\/#website\"},\"primaryImageOfPage\":{\"@id\":\"https:\\\/\\\/medicinasinc.com\\\/hr\\\/product\\\/kupiti-ljubicastu-olupinu-marihuanu\\\/#primaryimage\"},\"image\":{\"@id\":\"https:\\\/\\\/medicinasinc.com\\\/hr\\\/product\\\/kupiti-ljubicastu-olupinu-marihuanu\\\/#primaryimage\"},\"thumbnailUrl\":\"https:\\\/\\\/medicinasinc.com\\\/hr\\\/wp-content\\\/uploads\\\/sites\\\/3\\\/2022\\\/02\\\/Buy-Purple-Wreck-Marijuana-1.jpg\",\"datePublished\":\"2022-02-20T19:31:39+00:00\",\"dateModified\":\"2022-03-15T05:52:28+00:00\",\"description\":\"Kupite Purple Wreck marihuanu online \u2013 Purple Wreck je hibrid s dominantnom indikom sa snagom da impresionira \u010dak i iskusne konzumente kanabisa.\",\"breadcrumb\":{\"@id\":\"https:\\\/\\\/medicinasinc.com\\\/hr\\\/product\\\/kupiti-ljubicastu-olupinu-marihuanu\\\/#breadcrumb\"},\"inLanguage\":\"hr\",\"potentialAction\":[{\"@type\":\"ReadAction\",\"target\":[\"https:\\\/\\\/medicinasinc.com\\\/hr\\\/product\\\/kupiti-ljubicastu-olupinu-marihuanu\\\/\"]}]},{\"@type\":\"ImageObject\",\"inLanguage\":\"hr\",\"@id\":\"https:\\\/\\\/medicinasinc.com\\\/hr\\\/product\\\/kupiti-ljubicastu-olupinu-marihuanu\\\/#primaryimage\",\"url\":\"https:\\\/\\\/medicinasinc.com\\\/hr\\\/wp-content\\\/uploads\\\/sites\\\/3\\\/2022\\\/02\\\/Buy-Purple-Wreck-Marijuana-1.jpg\",\"contentUrl\":\"https:\\\/\\\/medicinasinc.com\\\/hr\\\/wp-content\\\/uploads\\\/sites\\\/3\\\/2022\\\/02\\\/Buy-Purple-Wreck-Marijuana-1.jpg\",\"width\":1245,\"height\":1024},{\"@type\":\"BreadcrumbList\",\"@id\":\"https:\\\/\\\/medicinasinc.com\\\/hr\\\/product\\\/kupiti-ljubicastu-olupinu-marihuanu\\\/#breadcrumb\",\"itemListElement\":[{\"@type\":\"ListItem\",\"position\":1,\"name\":\"Du\u0107an\",\"item\":\"https:\\\/\\\/medicinasinc.com\\\/hr\\\/ducan\\\/\"},{\"@type\":\"ListItem\",\"position\":2,\"name\":\"Kupite Purple Wreck Marihuanu\"}]},{\"@type\":\"WebSite\",\"@id\":\"https:\\\/\\\/medicinasinc.com\\\/hr\\\/#website\",\"url\":\"https:\\\/\\\/medicinasinc.com\\\/hr\\\/\",\"name\":\"Medicinas Inc\",\"description\":\"Health Medical Clinic\",\"potentialAction\":[{\"@type\":\"SearchAction\",\"target\":{\"@type\":\"EntryPoint\",\"urlTemplate\":\"https:\\\/\\\/medicinasinc.com\\\/hr\\\/?s={search_term_string}\"},\"query-input\":{\"@type\":\"PropertyValueSpecification\",\"valueRequired\":true,\"valueName\":\"search_term_string\"}}],\"inLanguage\":\"hr\"}]}<\/script>\n<!-- \/ Yoast SEO plugin. -->","yoast_head_json":{"title":"Kupite ljubi\u010dastu olupinu marihuanu - najbolji najbolji svjetski lijekovi","description":"Kupite Purple Wreck marihuanu online \u2013 Purple Wreck je hibrid s dominantnom indikom sa snagom da impresionira \u010dak i iskusne konzumente kanabisa.","robots":{"index":"index","follow":"follow","max-snippet":"max-snippet:-1","max-image-preview":"max-image-preview:large","max-video-preview":"max-video-preview:-1"},"canonical":"https:\/\/medicinasinc.com\/hr\/product\/kupiti-ljubicastu-olupinu-marihuanu\/","og_locale":"hr_HR","og_type":"article","og_title":"Kupite ljubi\u010dastu olupinu marihuanu - najbolji najbolji svjetski lijekovi","og_description":"Kupite Purple Wreck marihuanu online \u2013 Purple Wreck je hibrid s dominantnom indikom sa snagom da impresionira \u010dak i iskusne konzumente kanabisa.","og_url":"https:\/\/medicinasinc.com\/hr\/product\/kupiti-ljubicastu-olupinu-marihuanu\/","og_site_name":"Medicinas Inc","article_modified_time":"2022-03-15T05:52:28+00:00","og_image":[{"width":1245,"height":1024,"url":"https:\/\/medicinasinc.com\/hr\/wp-content\/uploads\/sites\/3\/2022\/02\/Buy-Purple-Wreck-Marijuana-1.jpg","type":"image\/jpeg"}],"twitter_card":"summary_large_image","twitter_misc":{"Procijenjeno vrijeme \u010ditanja":"2 minute"},"schema":{"@context":"https:\/\/schema.org","@graph":[{"@type":"WebPage","@id":"https:\/\/medicinasinc.com\/hr\/product\/kupiti-ljubicastu-olupinu-marihuanu\/","url":"https:\/\/medicinasinc.com\/hr\/product\/kupiti-ljubicastu-olupinu-marihuanu\/","name":"Kupite ljubi\u010dastu olupinu marihuanu - najbolji najbolji svjetski lijekovi","isPartOf":{"@id":"https:\/\/medicinasinc.com\/hr\/#website"},"primaryImageOfPage":{"@id":"https:\/\/medicinasinc.com\/hr\/product\/kupiti-ljubicastu-olupinu-marihuanu\/#primaryimage"},"image":{"@id":"https:\/\/medicinasinc.com\/hr\/product\/kupiti-ljubicastu-olupinu-marihuanu\/#primaryimage"},"thumbnailUrl":"https:\/\/medicinasinc.com\/hr\/wp-content\/uploads\/sites\/3\/2022\/02\/Buy-Purple-Wreck-Marijuana-1.jpg","datePublished":"2022-02-20T19:31:39+00:00","dateModified":"2022-03-15T05:52:28+00:00","description":"Kupite Purple Wreck marihuanu online \u2013 Purple Wreck je hibrid s dominantnom indikom sa snagom da impresionira \u010dak i iskusne konzumente kanabisa.","breadcrumb":{"@id":"https:\/\/medicinasinc.com\/hr\/product\/kupiti-ljubicastu-olupinu-marihuanu\/#breadcrumb"},"inLanguage":"hr","potentialAction":[{"@type":"ReadAction","target":["https:\/\/medicinasinc.com\/hr\/product\/kupiti-ljubicastu-olupinu-marihuanu\/"]}]},{"@type":"ImageObject","inLanguage":"hr","@id":"https:\/\/medicinasinc.com\/hr\/product\/kupiti-ljubicastu-olupinu-marihuanu\/#primaryimage","url":"https:\/\/medicinasinc.com\/hr\/wp-content\/uploads\/sites\/3\/2022\/02\/Buy-Purple-Wreck-Marijuana-1.jpg","contentUrl":"https:\/\/medicinasinc.com\/hr\/wp-content\/uploads\/sites\/3\/2022\/02\/Buy-Purple-Wreck-Marijuana-1.jpg","width":1245,"height":1024},{"@type":"BreadcrumbList","@id":"https:\/\/medicinasinc.com\/hr\/product\/kupiti-ljubicastu-olupinu-marihuanu\/#breadcrumb","itemListElement":[{"@type":"ListItem","position":1,"name":"Du\u0107an","item":"https:\/\/medicinasinc.com\/hr\/ducan\/"},{"@type":"ListItem","position":2,"name":"Kupite Purple Wreck Marihuanu"}]},{"@type":"WebSite","@id":"https:\/\/medicinasinc.com\/hr\/#website","url":"https:\/\/medicinasinc.com\/hr\/","name":"Medicinas Inc","description":"Health Medical Clinic","potentialAction":[{"@type":"SearchAction","target":{"@type":"EntryPoint","urlTemplate":"https:\/\/medicinasinc.com\/hr\/?s={search_term_string}"},"query-input":{"@type":"PropertyValueSpecification","valueRequired":true,"valueName":"search_term_string"}}],"inLanguage":"hr"}]}},"_links":{"self":[{"href":"https:\/\/medicinasinc.com\/hr\/wp-json\/wp\/v2\/product\/5044","targetHints":{"allow":["GET"]}}],"collection":[{"href":"https:\/\/medicinasinc.com\/hr\/wp-json\/wp\/v2\/product"}],"about":[{"href":"https:\/\/medicinasinc.com\/hr\/wp-json\/wp\/v2\/types\/product"}],"replies":[{"embeddable":true,"href":"https:\/\/medicinasinc.com\/hr\/wp-json\/wp\/v2\/comments?post=5044"}],"wp:featuredmedia":[{"embeddable":true,"href":"https:\/\/medicinasinc.com\/hr\/wp-json\/wp\/v2\/media\/5061"}],"wp:attachment":[{"href":"https:\/\/medicinasinc.com\/hr\/wp-json\/wp\/v2\/media?parent=5044"}],"wp:term":[{"taxonomy":"product_brand","embeddable":true,"href":"https:\/\/medicinasinc.com\/hr\/wp-json\/wp\/v2\/product_brand?post=5044"},{"taxonomy":"product_cat","embeddable":true,"href":"https:\/\/medicinasinc.com\/hr\/wp-json\/wp\/v2\/product_cat?post=5044"},{"taxonomy":"product_tag","embeddable":true,"href":"https:\/\/medicinasinc.com\/hr\/wp-json\/wp\/v2\/product_tag?post=5044"}],"curies":[{"name":"wp","href":"https:\/\/api.w.org\/{rel}","templated":true}]}}