{"id":5037,"date":"2022-02-20T19:24:52","date_gmt":"2022-02-20T19:24:52","guid":{"rendered":"https:\/\/medicinasinc.com\/hr\/?post_type=product&#038;p=5037"},"modified":"2022-03-15T05:52:36","modified_gmt":"2022-03-15T05:52:36","slug":"kupi-nirvana-posebni-kanabis","status":"publish","type":"product","link":"https:\/\/medicinasinc.com\/hr\/product\/kupi-nirvana-posebni-kanabis\/","title":{"rendered":"Kupite Nirvana Special Cannabis"},"content":{"rendered":"<p>Nirvana Special jedinstvena je hibridna sorta sa dominantnom sativom (75% sativa\/25% indica) proizvedena mije\u0161anjem kultnih sojeva Jock Horror i Oaxacan Sativa. Ovaj mirni pupoljak osvojio je HighLife Cup 2008. u Amsterdamu, ponijev\u0161i ku\u0107i zlatnu medalju za najbolju biografiju u cjelini. Sa svojim mo\u0107nim funkcionalnim, ali kreativnim visokim i zapanjuju\u0107im prosje\u010dnim sadr\u017eajem THC-a od 26-27 posto, nije ni \u010dudo \u0161to je Nirvana Special tako popularan soj! Nirvana Special high po\u010dinje s naletom povi\u0161ene energije koja vas ostavlja veselim i motiviranim. Osje\u0107at \u0107ete se okrepljeno i iznimno kreativno, \u0161to ga \u010dini izvrsnim za sve mentalne poslove pri ruci ili jednostavno izlazak vani. Ovi u\u010dinci, zajedno s visokim sadr\u017eajem THC-a, \u010dine Nirvanu Special idealnom za lije\u010denje kroni\u010dnog umora, depresije, kroni\u010dnog stresa, nesanice i gubitka apetita. Ovaj pupoljak ima slatkast i vo\u0107ni skunky okus s izdisajem koji je prili\u010dno kiselkast. Miris je pomalo trzav i aromati\u010dan, s jakim kiselkastim vo\u0107nim prizvukom. Nirvana Special pupoljci su pahuljasti, u obliku kokice, mentastozeleni kvr\u017eici prekriveni blijedim pje\u0161\u010danim kristalnim trihomima.<\/p>\n<p>Dominantni hibrid Sativa \u2013 75% Sativa \/ 25% Indica<\/p>\n<p>THC: 26-27% <\/p>\n<p>Uobi\u010dajena upotreba: depresija, umor, nesanica, gubitak apetita, stres<\/p>\n<p>U\u010dinci: kreativno, energiziraju\u0107e, sretno, motivacija, o\u017eivljavanje<\/p>\n","protected":false},"excerpt":{"rendered":"<p>Nirvana Special Cannabis Sound USA. Ovo je rijedak dominantni hibrid (75% sativa\/25% indica).<em>Kupite Nirvana Special Cannabis<\/em>\u00a0Soj.<\/p>\n","protected":false},"featured_media":5054,"comment_status":"open","ping_status":"closed","template":"","meta":[],"product_brand":[],"product_cat":[778],"product_tag":[],"class_list":{"0":"post-5037","1":"product","2":"type-product","3":"status-publish","4":"has-post-thumbnail","6":"product_cat-korov-za-prodaju","8":"first","9":"instock","10":"shipping-taxable","11":"purchasable","12":"product-type-variable","13":"has-default-attributes"},"yoast_head":"<!-- This site is optimized with the Yoast SEO plugin v27.3 - https:\/\/yoast.com\/product\/yoast-seo-wordpress\/ -->\n<title>Kupite Nirvana Special Cannabis - Najbolji najbolji svjetski lijekovi<\/title>\n<meta name=\"description\" content=\"Nirvana Special Cannabis Sound USA. Ovo je rijedak dominantni hibrid (75% sativa\/25% indica) soj. Kupite Nirvana Special Cannabis Strain.\" \/>\n<meta name=\"robots\" content=\"index, follow, max-snippet:-1, max-image-preview:large, max-video-preview:-1\" \/>\n<link rel=\"canonical\" href=\"https:\/\/medicinasinc.com\/hr\/product\/kupi-nirvana-posebni-kanabis\/\" \/>\n<meta property=\"og:locale\" content=\"hr_HR\" \/>\n<meta property=\"og:type\" content=\"article\" \/>\n<meta property=\"og:title\" content=\"Kupite Nirvana Special Cannabis - Najbolji najbolji svjetski lijekovi\" \/>\n<meta property=\"og:description\" content=\"Nirvana Special Cannabis Sound USA. Ovo je rijedak dominantni hibrid (75% sativa\/25% indica) soj. Kupite Nirvana Special Cannabis Strain.\" \/>\n<meta property=\"og:url\" content=\"https:\/\/medicinasinc.com\/hr\/product\/kupi-nirvana-posebni-kanabis\/\" \/>\n<meta property=\"og:site_name\" content=\"Medicinas Inc\" \/>\n<meta property=\"article:modified_time\" content=\"2022-03-15T05:52:36+00:00\" \/>\n<meta property=\"og:image\" content=\"https:\/\/medicinasinc.com\/hr\/wp-content\/uploads\/sites\/3\/2022\/02\/Buy-Nirvana-Special-Cannabis.jpg\" \/>\n\t<meta property=\"og:image:width\" content=\"1920\" \/>\n\t<meta property=\"og:image:height\" content=\"1920\" \/>\n\t<meta property=\"og:image:type\" content=\"image\/jpeg\" \/>\n<meta name=\"twitter:card\" content=\"summary_large_image\" \/>\n<meta name=\"twitter:label1\" content=\"Procijenjeno vrijeme \u010ditanja\" \/>\n\t<meta name=\"twitter:data1\" content=\"1 minuta\" \/>\n<script type=\"application\/ld+json\" class=\"yoast-schema-graph\">{\"@context\":\"https:\\\/\\\/schema.org\",\"@graph\":[{\"@type\":\"WebPage\",\"@id\":\"https:\\\/\\\/medicinasinc.com\\\/hr\\\/product\\\/kupi-nirvana-posebni-kanabis\\\/\",\"url\":\"https:\\\/\\\/medicinasinc.com\\\/hr\\\/product\\\/kupi-nirvana-posebni-kanabis\\\/\",\"name\":\"Kupite Nirvana Special Cannabis - Najbolji najbolji svjetski lijekovi\",\"isPartOf\":{\"@id\":\"https:\\\/\\\/medicinasinc.com\\\/hr\\\/#website\"},\"primaryImageOfPage\":{\"@id\":\"https:\\\/\\\/medicinasinc.com\\\/hr\\\/product\\\/kupi-nirvana-posebni-kanabis\\\/#primaryimage\"},\"image\":{\"@id\":\"https:\\\/\\\/medicinasinc.com\\\/hr\\\/product\\\/kupi-nirvana-posebni-kanabis\\\/#primaryimage\"},\"thumbnailUrl\":\"https:\\\/\\\/medicinasinc.com\\\/hr\\\/wp-content\\\/uploads\\\/sites\\\/3\\\/2022\\\/02\\\/Buy-Nirvana-Special-Cannabis.jpg\",\"datePublished\":\"2022-02-20T19:24:52+00:00\",\"dateModified\":\"2022-03-15T05:52:36+00:00\",\"description\":\"Nirvana Special Cannabis Sound USA. Ovo je rijedak dominantni hibrid (75% sativa\\\/25% indica) soj. Kupite Nirvana Special Cannabis Strain.\",\"breadcrumb\":{\"@id\":\"https:\\\/\\\/medicinasinc.com\\\/hr\\\/product\\\/kupi-nirvana-posebni-kanabis\\\/#breadcrumb\"},\"inLanguage\":\"hr\",\"potentialAction\":[{\"@type\":\"ReadAction\",\"target\":[\"https:\\\/\\\/medicinasinc.com\\\/hr\\\/product\\\/kupi-nirvana-posebni-kanabis\\\/\"]}]},{\"@type\":\"ImageObject\",\"inLanguage\":\"hr\",\"@id\":\"https:\\\/\\\/medicinasinc.com\\\/hr\\\/product\\\/kupi-nirvana-posebni-kanabis\\\/#primaryimage\",\"url\":\"https:\\\/\\\/medicinasinc.com\\\/hr\\\/wp-content\\\/uploads\\\/sites\\\/3\\\/2022\\\/02\\\/Buy-Nirvana-Special-Cannabis.jpg\",\"contentUrl\":\"https:\\\/\\\/medicinasinc.com\\\/hr\\\/wp-content\\\/uploads\\\/sites\\\/3\\\/2022\\\/02\\\/Buy-Nirvana-Special-Cannabis.jpg\",\"width\":1920,\"height\":1920},{\"@type\":\"BreadcrumbList\",\"@id\":\"https:\\\/\\\/medicinasinc.com\\\/hr\\\/product\\\/kupi-nirvana-posebni-kanabis\\\/#breadcrumb\",\"itemListElement\":[{\"@type\":\"ListItem\",\"position\":1,\"name\":\"Du\u0107an\",\"item\":\"https:\\\/\\\/medicinasinc.com\\\/hr\\\/ducan\\\/\"},{\"@type\":\"ListItem\",\"position\":2,\"name\":\"Kupite Nirvana Special Cannabis\"}]},{\"@type\":\"WebSite\",\"@id\":\"https:\\\/\\\/medicinasinc.com\\\/hr\\\/#website\",\"url\":\"https:\\\/\\\/medicinasinc.com\\\/hr\\\/\",\"name\":\"Medicinas Inc\",\"description\":\"Health Medical Clinic\",\"potentialAction\":[{\"@type\":\"SearchAction\",\"target\":{\"@type\":\"EntryPoint\",\"urlTemplate\":\"https:\\\/\\\/medicinasinc.com\\\/hr\\\/?s={search_term_string}\"},\"query-input\":{\"@type\":\"PropertyValueSpecification\",\"valueRequired\":true,\"valueName\":\"search_term_string\"}}],\"inLanguage\":\"hr\"}]}<\/script>\n<!-- \/ Yoast SEO plugin. -->","yoast_head_json":{"title":"Kupite Nirvana Special Cannabis - Najbolji najbolji svjetski lijekovi","description":"Nirvana Special Cannabis Sound USA. Ovo je rijedak dominantni hibrid (75% sativa\/25% indica) soj. Kupite Nirvana Special Cannabis Strain.","robots":{"index":"index","follow":"follow","max-snippet":"max-snippet:-1","max-image-preview":"max-image-preview:large","max-video-preview":"max-video-preview:-1"},"canonical":"https:\/\/medicinasinc.com\/hr\/product\/kupi-nirvana-posebni-kanabis\/","og_locale":"hr_HR","og_type":"article","og_title":"Kupite Nirvana Special Cannabis - Najbolji najbolji svjetski lijekovi","og_description":"Nirvana Special Cannabis Sound USA. Ovo je rijedak dominantni hibrid (75% sativa\/25% indica) soj. Kupite Nirvana Special Cannabis Strain.","og_url":"https:\/\/medicinasinc.com\/hr\/product\/kupi-nirvana-posebni-kanabis\/","og_site_name":"Medicinas Inc","article_modified_time":"2022-03-15T05:52:36+00:00","og_image":[{"width":1920,"height":1920,"url":"https:\/\/medicinasinc.com\/hr\/wp-content\/uploads\/sites\/3\/2022\/02\/Buy-Nirvana-Special-Cannabis.jpg","type":"image\/jpeg"}],"twitter_card":"summary_large_image","twitter_misc":{"Procijenjeno vrijeme \u010ditanja":"1 minuta"},"schema":{"@context":"https:\/\/schema.org","@graph":[{"@type":"WebPage","@id":"https:\/\/medicinasinc.com\/hr\/product\/kupi-nirvana-posebni-kanabis\/","url":"https:\/\/medicinasinc.com\/hr\/product\/kupi-nirvana-posebni-kanabis\/","name":"Kupite Nirvana Special Cannabis - Najbolji najbolji svjetski lijekovi","isPartOf":{"@id":"https:\/\/medicinasinc.com\/hr\/#website"},"primaryImageOfPage":{"@id":"https:\/\/medicinasinc.com\/hr\/product\/kupi-nirvana-posebni-kanabis\/#primaryimage"},"image":{"@id":"https:\/\/medicinasinc.com\/hr\/product\/kupi-nirvana-posebni-kanabis\/#primaryimage"},"thumbnailUrl":"https:\/\/medicinasinc.com\/hr\/wp-content\/uploads\/sites\/3\/2022\/02\/Buy-Nirvana-Special-Cannabis.jpg","datePublished":"2022-02-20T19:24:52+00:00","dateModified":"2022-03-15T05:52:36+00:00","description":"Nirvana Special Cannabis Sound USA. Ovo je rijedak dominantni hibrid (75% sativa\/25% indica) soj. Kupite Nirvana Special Cannabis Strain.","breadcrumb":{"@id":"https:\/\/medicinasinc.com\/hr\/product\/kupi-nirvana-posebni-kanabis\/#breadcrumb"},"inLanguage":"hr","potentialAction":[{"@type":"ReadAction","target":["https:\/\/medicinasinc.com\/hr\/product\/kupi-nirvana-posebni-kanabis\/"]}]},{"@type":"ImageObject","inLanguage":"hr","@id":"https:\/\/medicinasinc.com\/hr\/product\/kupi-nirvana-posebni-kanabis\/#primaryimage","url":"https:\/\/medicinasinc.com\/hr\/wp-content\/uploads\/sites\/3\/2022\/02\/Buy-Nirvana-Special-Cannabis.jpg","contentUrl":"https:\/\/medicinasinc.com\/hr\/wp-content\/uploads\/sites\/3\/2022\/02\/Buy-Nirvana-Special-Cannabis.jpg","width":1920,"height":1920},{"@type":"BreadcrumbList","@id":"https:\/\/medicinasinc.com\/hr\/product\/kupi-nirvana-posebni-kanabis\/#breadcrumb","itemListElement":[{"@type":"ListItem","position":1,"name":"Du\u0107an","item":"https:\/\/medicinasinc.com\/hr\/ducan\/"},{"@type":"ListItem","position":2,"name":"Kupite Nirvana Special Cannabis"}]},{"@type":"WebSite","@id":"https:\/\/medicinasinc.com\/hr\/#website","url":"https:\/\/medicinasinc.com\/hr\/","name":"Medicinas Inc","description":"Health Medical Clinic","potentialAction":[{"@type":"SearchAction","target":{"@type":"EntryPoint","urlTemplate":"https:\/\/medicinasinc.com\/hr\/?s={search_term_string}"},"query-input":{"@type":"PropertyValueSpecification","valueRequired":true,"valueName":"search_term_string"}}],"inLanguage":"hr"}]}},"_links":{"self":[{"href":"https:\/\/medicinasinc.com\/hr\/wp-json\/wp\/v2\/product\/5037","targetHints":{"allow":["GET"]}}],"collection":[{"href":"https:\/\/medicinasinc.com\/hr\/wp-json\/wp\/v2\/product"}],"about":[{"href":"https:\/\/medicinasinc.com\/hr\/wp-json\/wp\/v2\/types\/product"}],"replies":[{"embeddable":true,"href":"https:\/\/medicinasinc.com\/hr\/wp-json\/wp\/v2\/comments?post=5037"}],"wp:featuredmedia":[{"embeddable":true,"href":"https:\/\/medicinasinc.com\/hr\/wp-json\/wp\/v2\/media\/5054"}],"wp:attachment":[{"href":"https:\/\/medicinasinc.com\/hr\/wp-json\/wp\/v2\/media?parent=5037"}],"wp:term":[{"taxonomy":"product_brand","embeddable":true,"href":"https:\/\/medicinasinc.com\/hr\/wp-json\/wp\/v2\/product_brand?post=5037"},{"taxonomy":"product_cat","embeddable":true,"href":"https:\/\/medicinasinc.com\/hr\/wp-json\/wp\/v2\/product_cat?post=5037"},{"taxonomy":"product_tag","embeddable":true,"href":"https:\/\/medicinasinc.com\/hr\/wp-json\/wp\/v2\/product_tag?post=5037"}],"curies":[{"name":"wp","href":"https:\/\/api.w.org\/{rel}","templated":true}]}}