{"id":5020,"date":"2022-02-20T19:11:16","date_gmt":"2022-02-20T19:11:16","guid":{"rendered":"https:\/\/medicinasinc.com\/hr\/?post_type=product&#038;p=5020"},"modified":"2022-03-15T05:52:45","modified_gmt":"2022-03-15T05:52:45","slug":"kupi-majka-zmajeva-marihuanu","status":"publish","type":"product","link":"https:\/\/medicinasinc.com\/hr\/product\/kupi-majka-zmajeva-marihuanu\/","title":{"rendered":"Kupite Mother of Dragons marihuanu"},"content":{"rendered":"<p>Kupnja marihuane Mother of Dragons<\/p>\n<p>Mother of Dragons je vrlo rijedak ravnomjerno uravnote\u017een hibrid (50 posto Indica\/50 posto Sativa) s nepoznatim porijeklom zbog tajnosti uzgajiva\u010da i op\u0107eg nedostatka znanja o njegovoj podrijetla. Nazvan po slavnoj Daenerys Targaryen iz Game of Thrones, ovaj rijedak soj ima vatreni okus koji \u0107e zapaliti va\u0161e okusne pupoljke. Miris je spoj napravljen na nebu, s te\u0161kim i o\u0161trim skunky prizvukom i vrlo za\u010dinskim travnatim utjecajem koji se osloba\u0111a dok nugs gore. Nakon samo nekoliko pogodaka, Mother of Dragons high ostavit \u0107e vas uzdignutim, a va\u0161e misli uzletjeti satima. Zapo\u010dinje cerebralnim utjecajem koji prenosi va\u0161 um u stanje savr\u0161enog zanosa, a va\u0161 duh u stanje \u010distog zadovoljstva. Dok va\u0161 um i duh lete iznad neba, va\u0161e tijelo \u0107e do\u017eivjeti blagu razinu opu\u0161tanja, \u0161to mo\u017ee ostaviti osje\u0107aj pospanosti. Poznato je da ovo raspolo\u017eenje kod nekih ljudi izaziva anksioznost, stoga ga izbjegavajte ako ste mu skloni. Mother of Dragons idealna je alternativa za osobe koje pate od kroni\u010dnog stresa, tuge, promjena raspolo\u017eenja i kroni\u010dne boli zbog ovih u\u010dinaka i visokog prosje\u010dnog sadr\u017eaja THC-a od 23-28 posto. Ovaj se pupoljak sastoji od \u0161umsko zelenih nusova u obliku gro\u017e\u0111a prekrivenih dlakavim dla\u010dicama jantara i trihoma blistavih kristala jantara.<\/p>\n<p>Kupite Mother of Dragons marihuanu sada od Tegridy Farms&#8217; Online Cannabis Dispensary<\/p>\n","protected":false},"excerpt":{"rendered":"<div class=\"woocommerce-product-details__short-description\">\n<p>Kupite Mother of Dragons marihuanu jeftino online. Majka zmajeva marihuana je hibridna \u2013 50% Sativa \/50% Indica THC: 23% \u2013 28%<\/p>\n<div class=\"woocommerce-product-details__short-description\">\n<p><strong>Veli\u010dina pupoljka<\/strong>: Mala \u2013 Srednja<br \/> <strong>Vrsta soja<\/strong>: 40% Indica 60% Sativa<br \/> <strong>Tekstura<\/strong>: Normalna \u2013 Ljepljiva<br \/> <strong>Okus<\/strong>: Biljni | Slatko<br \/> <strong>Medicinska upotreba<\/strong>: anksioznost | Kroni\u010dna bol | Depresija | Stres<br \/> <strong>Sadr\u017eaj THC-a<\/strong>: 26% najvi\u0161i test\u00a0<strong>CBD<\/strong>: &gt;1%<\/p>\n<\/p><\/div>\n<p class=\"nestalo zaliha dionica\"> <\/div>\n","protected":false},"featured_media":5038,"comment_status":"open","ping_status":"closed","template":"","meta":[],"product_brand":[],"product_cat":[778],"product_tag":[615,963,965,966,970,972,974,976,977,987,480,985,986,978,455,961,461,964,971,973,962,967,968,969,980,981,975,960,983,982,984,979],"class_list":{"0":"post-5020","1":"product","2":"type-product","3":"status-publish","4":"has-post-thumbnail","6":"product_cat-korov-za-prodaju","7":"product_tag-buy-cannabis-oil-online","8":"product_tag-buy-illegal-marijuana-online","9":"product_tag-buy-marijuana","10":"product_tag-buy-marijuana-online-canada","11":"product_tag-buy-nirvana-special-marijuana-strain-online","12":"product_tag-buy-real-marijuana-online","13":"product_tag-buy-synthetic-marijuana-online","14":"product_tag-can-you-buy-marijuana-online","15":"product_tag-can-you-buy-marijuana-seeds-online","16":"product_tag-gdje-kupiti-cbd-ulje-blizu-mene","17":"product_tag-gdje-kupiti-marihuanu-online","18":"product_tag-gdje-mogu-kupiti-marihuanu-online","19":"product_tag-gdje-mogu-kupiti-sjemenke-marihuane-online","20":"product_tag-how-to-buy-marijuana-online","21":"product_tag-kupi-marihuanu-online","22":"product_tag-kupi-actavis-sirup","23":"product_tag-kupiti-medicinsku-marihuanu-online","24":"product_tag-kupiti-lean-codeine-online","25":"product_tag-kupiti-online-actavis-sirup-za-kaalj","26":"product_tag-kupiti-sigurno-medicinsku-marihuanu-online","27":"product_tag-kupiti-kalja-sirup-s-kodeinom","28":"product_tag-kupi-sjemenke-marihuane-online","29":"product_tag-kupi-sjemenke-marihuane-online-kanada","30":"product_tag-kupi-sjemenke-marihuane-online-usa","31":"product_tag-marihuana-online-kupi-kanabis","32":"product_tag-medicinski-marihuana-online","33":"product_tag-moe-li-kupiti","34":"product_tag-najbolje-mjesto-za-kupnju-sjemenki-marihuane-na-mrei","35":"product_tag-naruiti-kodein-sirup-kalja-online","36":"product_tag-online-pravno","37":"product_tag-promethazin-kodein-sirup-na-prodaju","38":"product_tag-marihuana-ulja-za-vaping-za-prodaju","40":"first","41":"instock","42":"shipping-taxable","43":"purchasable","44":"product-type-variable","45":"has-default-attributes"},"yoast_head":"<!-- This site is optimized with the Yoast SEO plugin v27.3 - https:\/\/yoast.com\/product\/yoast-seo-wordpress\/ -->\n<title>Kupite Marihuanu Mother of Dragons - Najbolji globalni lijekovi<\/title>\n<meta name=\"description\" content=\"Kupite Marihuanu Mother of Dragons jeftino online. Majka zmajeva marihuana je hibridna \u2013 50% Sativa \/50% Indica THC: 23% \u2013 28%\" \/>\n<meta name=\"robots\" content=\"index, follow, max-snippet:-1, max-image-preview:large, max-video-preview:-1\" \/>\n<link rel=\"canonical\" href=\"https:\/\/medicinasinc.com\/hr\/product\/kupi-majka-zmajeva-marihuanu\/\" \/>\n<meta property=\"og:locale\" content=\"hr_HR\" \/>\n<meta property=\"og:type\" content=\"article\" \/>\n<meta property=\"og:title\" content=\"Kupite Marihuanu Mother of Dragons - Najbolji globalni lijekovi\" \/>\n<meta property=\"og:description\" content=\"Kupite Marihuanu Mother of Dragons jeftino online. Majka zmajeva marihuana je hibridna \u2013 50% Sativa \/50% Indica THC: 23% \u2013 28%\" \/>\n<meta property=\"og:url\" content=\"https:\/\/medicinasinc.com\/hr\/product\/kupi-majka-zmajeva-marihuanu\/\" \/>\n<meta property=\"og:site_name\" content=\"Medicinas Inc\" \/>\n<meta property=\"article:modified_time\" content=\"2022-03-15T05:52:45+00:00\" \/>\n<meta property=\"og:image\" content=\"https:\/\/medicinasinc.com\/hr\/wp-content\/uploads\/sites\/3\/2022\/02\/Buy-Mother-of-Dragons-Marijuana.jpg\" \/>\n\t<meta property=\"og:image:width\" content=\"1000\" \/>\n\t<meta property=\"og:image:height\" content=\"1000\" \/>\n\t<meta property=\"og:image:type\" content=\"image\/jpeg\" \/>\n<meta name=\"twitter:card\" content=\"summary_large_image\" \/>\n<meta name=\"twitter:label1\" content=\"Procijenjeno vrijeme \u010ditanja\" \/>\n\t<meta name=\"twitter:data1\" content=\"2 minute\" \/>\n<script type=\"application\/ld+json\" class=\"yoast-schema-graph\">{\"@context\":\"https:\\\/\\\/schema.org\",\"@graph\":[{\"@type\":\"WebPage\",\"@id\":\"https:\\\/\\\/medicinasinc.com\\\/hr\\\/product\\\/kupi-majka-zmajeva-marihuanu\\\/\",\"url\":\"https:\\\/\\\/medicinasinc.com\\\/hr\\\/product\\\/kupi-majka-zmajeva-marihuanu\\\/\",\"name\":\"Kupite Marihuanu Mother of Dragons - Najbolji globalni lijekovi\",\"isPartOf\":{\"@id\":\"https:\\\/\\\/medicinasinc.com\\\/hr\\\/#website\"},\"primaryImageOfPage\":{\"@id\":\"https:\\\/\\\/medicinasinc.com\\\/hr\\\/product\\\/kupi-majka-zmajeva-marihuanu\\\/#primaryimage\"},\"image\":{\"@id\":\"https:\\\/\\\/medicinasinc.com\\\/hr\\\/product\\\/kupi-majka-zmajeva-marihuanu\\\/#primaryimage\"},\"thumbnailUrl\":\"https:\\\/\\\/medicinasinc.com\\\/hr\\\/wp-content\\\/uploads\\\/sites\\\/3\\\/2022\\\/02\\\/Buy-Mother-of-Dragons-Marijuana.jpg\",\"datePublished\":\"2022-02-20T19:11:16+00:00\",\"dateModified\":\"2022-03-15T05:52:45+00:00\",\"description\":\"Kupite Marihuanu Mother of Dragons jeftino online. Majka zmajeva marihuana je hibridna \u2013 50% Sativa \\\/50% Indica THC: 23% \u2013 28%\",\"breadcrumb\":{\"@id\":\"https:\\\/\\\/medicinasinc.com\\\/hr\\\/product\\\/kupi-majka-zmajeva-marihuanu\\\/#breadcrumb\"},\"inLanguage\":\"hr\",\"potentialAction\":[{\"@type\":\"ReadAction\",\"target\":[\"https:\\\/\\\/medicinasinc.com\\\/hr\\\/product\\\/kupi-majka-zmajeva-marihuanu\\\/\"]}]},{\"@type\":\"ImageObject\",\"inLanguage\":\"hr\",\"@id\":\"https:\\\/\\\/medicinasinc.com\\\/hr\\\/product\\\/kupi-majka-zmajeva-marihuanu\\\/#primaryimage\",\"url\":\"https:\\\/\\\/medicinasinc.com\\\/hr\\\/wp-content\\\/uploads\\\/sites\\\/3\\\/2022\\\/02\\\/Buy-Mother-of-Dragons-Marijuana.jpg\",\"contentUrl\":\"https:\\\/\\\/medicinasinc.com\\\/hr\\\/wp-content\\\/uploads\\\/sites\\\/3\\\/2022\\\/02\\\/Buy-Mother-of-Dragons-Marijuana.jpg\",\"width\":1000,\"height\":1000},{\"@type\":\"BreadcrumbList\",\"@id\":\"https:\\\/\\\/medicinasinc.com\\\/hr\\\/product\\\/kupi-majka-zmajeva-marihuanu\\\/#breadcrumb\",\"itemListElement\":[{\"@type\":\"ListItem\",\"position\":1,\"name\":\"Du\u0107an\",\"item\":\"https:\\\/\\\/medicinasinc.com\\\/hr\\\/ducan\\\/\"},{\"@type\":\"ListItem\",\"position\":2,\"name\":\"Kupite Mother of Dragons marihuanu\"}]},{\"@type\":\"WebSite\",\"@id\":\"https:\\\/\\\/medicinasinc.com\\\/hr\\\/#website\",\"url\":\"https:\\\/\\\/medicinasinc.com\\\/hr\\\/\",\"name\":\"Medicinas Inc\",\"description\":\"Health Medical Clinic\",\"potentialAction\":[{\"@type\":\"SearchAction\",\"target\":{\"@type\":\"EntryPoint\",\"urlTemplate\":\"https:\\\/\\\/medicinasinc.com\\\/hr\\\/?s={search_term_string}\"},\"query-input\":{\"@type\":\"PropertyValueSpecification\",\"valueRequired\":true,\"valueName\":\"search_term_string\"}}],\"inLanguage\":\"hr\"}]}<\/script>\n<!-- \/ Yoast SEO plugin. -->","yoast_head_json":{"title":"Kupite Marihuanu Mother of Dragons - Najbolji globalni lijekovi","description":"Kupite Marihuanu Mother of Dragons jeftino online. Majka zmajeva marihuana je hibridna \u2013 50% Sativa \/50% Indica THC: 23% \u2013 28%","robots":{"index":"index","follow":"follow","max-snippet":"max-snippet:-1","max-image-preview":"max-image-preview:large","max-video-preview":"max-video-preview:-1"},"canonical":"https:\/\/medicinasinc.com\/hr\/product\/kupi-majka-zmajeva-marihuanu\/","og_locale":"hr_HR","og_type":"article","og_title":"Kupite Marihuanu Mother of Dragons - Najbolji globalni lijekovi","og_description":"Kupite Marihuanu Mother of Dragons jeftino online. Majka zmajeva marihuana je hibridna \u2013 50% Sativa \/50% Indica THC: 23% \u2013 28%","og_url":"https:\/\/medicinasinc.com\/hr\/product\/kupi-majka-zmajeva-marihuanu\/","og_site_name":"Medicinas Inc","article_modified_time":"2022-03-15T05:52:45+00:00","og_image":[{"width":1000,"height":1000,"url":"https:\/\/medicinasinc.com\/hr\/wp-content\/uploads\/sites\/3\/2022\/02\/Buy-Mother-of-Dragons-Marijuana.jpg","type":"image\/jpeg"}],"twitter_card":"summary_large_image","twitter_misc":{"Procijenjeno vrijeme \u010ditanja":"2 minute"},"schema":{"@context":"https:\/\/schema.org","@graph":[{"@type":"WebPage","@id":"https:\/\/medicinasinc.com\/hr\/product\/kupi-majka-zmajeva-marihuanu\/","url":"https:\/\/medicinasinc.com\/hr\/product\/kupi-majka-zmajeva-marihuanu\/","name":"Kupite Marihuanu Mother of Dragons - Najbolji globalni lijekovi","isPartOf":{"@id":"https:\/\/medicinasinc.com\/hr\/#website"},"primaryImageOfPage":{"@id":"https:\/\/medicinasinc.com\/hr\/product\/kupi-majka-zmajeva-marihuanu\/#primaryimage"},"image":{"@id":"https:\/\/medicinasinc.com\/hr\/product\/kupi-majka-zmajeva-marihuanu\/#primaryimage"},"thumbnailUrl":"https:\/\/medicinasinc.com\/hr\/wp-content\/uploads\/sites\/3\/2022\/02\/Buy-Mother-of-Dragons-Marijuana.jpg","datePublished":"2022-02-20T19:11:16+00:00","dateModified":"2022-03-15T05:52:45+00:00","description":"Kupite Marihuanu Mother of Dragons jeftino online. Majka zmajeva marihuana je hibridna \u2013 50% Sativa \/50% Indica THC: 23% \u2013 28%","breadcrumb":{"@id":"https:\/\/medicinasinc.com\/hr\/product\/kupi-majka-zmajeva-marihuanu\/#breadcrumb"},"inLanguage":"hr","potentialAction":[{"@type":"ReadAction","target":["https:\/\/medicinasinc.com\/hr\/product\/kupi-majka-zmajeva-marihuanu\/"]}]},{"@type":"ImageObject","inLanguage":"hr","@id":"https:\/\/medicinasinc.com\/hr\/product\/kupi-majka-zmajeva-marihuanu\/#primaryimage","url":"https:\/\/medicinasinc.com\/hr\/wp-content\/uploads\/sites\/3\/2022\/02\/Buy-Mother-of-Dragons-Marijuana.jpg","contentUrl":"https:\/\/medicinasinc.com\/hr\/wp-content\/uploads\/sites\/3\/2022\/02\/Buy-Mother-of-Dragons-Marijuana.jpg","width":1000,"height":1000},{"@type":"BreadcrumbList","@id":"https:\/\/medicinasinc.com\/hr\/product\/kupi-majka-zmajeva-marihuanu\/#breadcrumb","itemListElement":[{"@type":"ListItem","position":1,"name":"Du\u0107an","item":"https:\/\/medicinasinc.com\/hr\/ducan\/"},{"@type":"ListItem","position":2,"name":"Kupite Mother of Dragons marihuanu"}]},{"@type":"WebSite","@id":"https:\/\/medicinasinc.com\/hr\/#website","url":"https:\/\/medicinasinc.com\/hr\/","name":"Medicinas Inc","description":"Health Medical Clinic","potentialAction":[{"@type":"SearchAction","target":{"@type":"EntryPoint","urlTemplate":"https:\/\/medicinasinc.com\/hr\/?s={search_term_string}"},"query-input":{"@type":"PropertyValueSpecification","valueRequired":true,"valueName":"search_term_string"}}],"inLanguage":"hr"}]}},"_links":{"self":[{"href":"https:\/\/medicinasinc.com\/hr\/wp-json\/wp\/v2\/product\/5020","targetHints":{"allow":["GET"]}}],"collection":[{"href":"https:\/\/medicinasinc.com\/hr\/wp-json\/wp\/v2\/product"}],"about":[{"href":"https:\/\/medicinasinc.com\/hr\/wp-json\/wp\/v2\/types\/product"}],"replies":[{"embeddable":true,"href":"https:\/\/medicinasinc.com\/hr\/wp-json\/wp\/v2\/comments?post=5020"}],"wp:featuredmedia":[{"embeddable":true,"href":"https:\/\/medicinasinc.com\/hr\/wp-json\/wp\/v2\/media\/5038"}],"wp:attachment":[{"href":"https:\/\/medicinasinc.com\/hr\/wp-json\/wp\/v2\/media?parent=5020"}],"wp:term":[{"taxonomy":"product_brand","embeddable":true,"href":"https:\/\/medicinasinc.com\/hr\/wp-json\/wp\/v2\/product_brand?post=5020"},{"taxonomy":"product_cat","embeddable":true,"href":"https:\/\/medicinasinc.com\/hr\/wp-json\/wp\/v2\/product_cat?post=5020"},{"taxonomy":"product_tag","embeddable":true,"href":"https:\/\/medicinasinc.com\/hr\/wp-json\/wp\/v2\/product_tag?post=5020"}],"curies":[{"name":"wp","href":"https:\/\/api.w.org\/{rel}","templated":true}]}}