{"id":5019,"date":"2022-02-20T19:10:26","date_gmt":"2022-02-20T19:10:26","guid":{"rendered":"https:\/\/medicinasinc.com\/hr\/?post_type=product&#038;p=5019"},"modified":"2022-03-15T05:52:56","modified_gmt":"2022-03-15T05:52:56","slug":"amnezija-maglica","status":"publish","type":"product","link":"https:\/\/medicinasinc.com\/hr\/product\/amnezija-maglica\/","title":{"rendered":"Amnezija Haze"},"content":{"rendered":"<p>Amnesia Haze Strain Purchase Online<\/p>\n<p>Amnesia Haze Strain Online hibrid je s dominantnom Sativom nastao kri\u017eanjem Haze s nekoliko razli\u010ditih sojeva zemaljskih rasa, uklju\u010duju\u0107i tajlandski, havajski i afganistanski. Omjer sativa i indica je otprilike 80:20. THC je prili\u010dno visok, prema\u0161uje 22% u odre\u0111enim testovima, ali CBD je znatno manje mo\u0107an i iznosi ne\u0161to manje od 1%. High je eufori\u010dan i kreativan, s psihoaktivnim podizanjem raspolo\u017eenja i slu\u010dajnim hihotom. Amnesia Haze ima vo\u0107ni, pjenasti okus i slatku, zemljanu aromu s tragovima vatrenog papra. Nugovi su blijedozeleni s tamnijim sme\u0111im nitima i povr\u0161inom prekrivenom trihomom. Izvrsna je alternativa za ubla\u017eavanje tjeskobe i depresije, kao i umora, simptoma ADHD-a, migrenskih glavobolja, promjena raspolo\u017eenja i fizi\u010dke boli.<\/p>\n<p>Kupite online od Best Global Meds po povoljnoj cijeni!<\/p>\n<p>Mi u Best Global Meds nudimo cvije\u0107e marihuane od amnezije po razumnoj cijeni. Amnesia haze je hibrid sa dominantnim Sativa na\u010dinjen od dva primarna soja kanabisa, Sativa i Indica. Koristi se za razne terapijske i rekreacijske primjene. Amnesia Haze izvrsna je alternativa za koncentriranje na rad na udaljenom mjestu. Sa zemljanim notama limuna i citrusa, Amnesia Haze idealan je soj za po\u010detak dana s osmijehom.<\/p>\n<div class=\"product-next-previous\">\n<div class=\"product-prev\"><\/div><\/div>\n","protected":false},"excerpt":{"rendered":"<p>Amnesia Haze za online prodaju u Ujedinjenom Kraljevstvu i Europi, Amnesia Haze je europski favorit. Ova vrlo psihodeli\u010dna Sativa najbolje je rezervirana za iskusne potro\u0161a\u010de.<\/p>\n<p>Amnesia Haze je vjerojatno najpopularnija vrsta na svijetu.<\/p>\n<p>Amnesia Haze je iznimno opojan i psihodeli\u010dan hibridni soj. <\/p>\n","protected":false},"featured_media":5036,"comment_status":"open","ping_status":"closed","template":"","meta":[],"product_brand":[],"product_cat":[778],"product_tag":[956,957,959,958],"class_list":{"0":"post-5019","1":"product","2":"type-product","3":"status-publish","4":"has-post-thumbnail","6":"product_cat-korov-za-prodaju","7":"product_tag-amnesia","8":"product_tag-buy-amnesia-haze-online","9":"product_tag-gdje-kupiti-amnezija-maglica-strain-online","10":"product_tag-marijuana","12":"first","13":"instock","14":"shipping-taxable","15":"purchasable","16":"product-type-variable","17":"has-default-attributes"},"yoast_head":"<!-- This site is optimized with the Yoast SEO plugin v27.3 - https:\/\/yoast.com\/product\/yoast-seo-wordpress\/ -->\n<title>Amnesia Haze - Amnesia Haze Weed Sojevi - Najbolji najbolji svjetski lijekovi<\/title>\n<meta name=\"description\" content=\"Kupite Amnesia Haze Za prodaju UK, Europa online, Amnesia Haze je europski favorit. Ovaj intenzivno psihodeli\u010dni soj je Sativa koju je najbolje prepustiti iskusnim potro\u0161a\u010dima.\" \/>\n<meta name=\"robots\" content=\"index, follow, max-snippet:-1, max-image-preview:large, max-video-preview:-1\" \/>\n<link rel=\"canonical\" href=\"https:\/\/medicinasinc.com\/hr\/product\/amnezija-maglica\/\" \/>\n<meta property=\"og:locale\" content=\"hr_HR\" \/>\n<meta property=\"og:type\" content=\"article\" \/>\n<meta property=\"og:title\" content=\"Amnesia Haze - Amnesia Haze Weed Sojevi - Najbolji najbolji svjetski lijekovi\" \/>\n<meta property=\"og:description\" content=\"Kupite Amnesia Haze Za prodaju UK, Europa online, Amnesia Haze je europski favorit. Ovaj intenzivno psihodeli\u010dni soj je Sativa koju je najbolje prepustiti iskusnim potro\u0161a\u010dima.\" \/>\n<meta property=\"og:url\" content=\"https:\/\/medicinasinc.com\/hr\/product\/amnezija-maglica\/\" \/>\n<meta property=\"og:site_name\" content=\"Medicinas Inc\" \/>\n<meta property=\"article:modified_time\" content=\"2022-03-15T05:52:56+00:00\" \/>\n<meta property=\"og:image\" content=\"https:\/\/medicinasinc.com\/hr\/wp-content\/uploads\/sites\/3\/2022\/02\/Buy-Amnesia-Haze.jpg\" \/>\n\t<meta property=\"og:image:width\" content=\"1159\" \/>\n\t<meta property=\"og:image:height\" content=\"1043\" \/>\n\t<meta property=\"og:image:type\" content=\"image\/jpeg\" \/>\n<meta name=\"twitter:card\" content=\"summary_large_image\" \/>\n<meta name=\"twitter:label1\" content=\"Procijenjeno vrijeme \u010ditanja\" \/>\n\t<meta name=\"twitter:data1\" content=\"1 minuta\" \/>\n<script type=\"application\/ld+json\" class=\"yoast-schema-graph\">{\"@context\":\"https:\\\/\\\/schema.org\",\"@graph\":[{\"@type\":\"WebPage\",\"@id\":\"https:\\\/\\\/medicinasinc.com\\\/hr\\\/product\\\/amnezija-maglica\\\/\",\"url\":\"https:\\\/\\\/medicinasinc.com\\\/hr\\\/product\\\/amnezija-maglica\\\/\",\"name\":\"Amnesia Haze - Amnesia Haze Weed Sojevi - Najbolji najbolji svjetski lijekovi\",\"isPartOf\":{\"@id\":\"https:\\\/\\\/medicinasinc.com\\\/hr\\\/#website\"},\"primaryImageOfPage\":{\"@id\":\"https:\\\/\\\/medicinasinc.com\\\/hr\\\/product\\\/amnezija-maglica\\\/#primaryimage\"},\"image\":{\"@id\":\"https:\\\/\\\/medicinasinc.com\\\/hr\\\/product\\\/amnezija-maglica\\\/#primaryimage\"},\"thumbnailUrl\":\"https:\\\/\\\/medicinasinc.com\\\/hr\\\/wp-content\\\/uploads\\\/sites\\\/3\\\/2022\\\/02\\\/Buy-Amnesia-Haze.jpg\",\"datePublished\":\"2022-02-20T19:10:26+00:00\",\"dateModified\":\"2022-03-15T05:52:56+00:00\",\"description\":\"Kupite Amnesia Haze Za prodaju UK, Europa online, Amnesia Haze je europski favorit. Ovaj intenzivno psihodeli\u010dni soj je Sativa koju je najbolje prepustiti iskusnim potro\u0161a\u010dima.\",\"breadcrumb\":{\"@id\":\"https:\\\/\\\/medicinasinc.com\\\/hr\\\/product\\\/amnezija-maglica\\\/#breadcrumb\"},\"inLanguage\":\"hr\",\"potentialAction\":[{\"@type\":\"ReadAction\",\"target\":[\"https:\\\/\\\/medicinasinc.com\\\/hr\\\/product\\\/amnezija-maglica\\\/\"]}]},{\"@type\":\"ImageObject\",\"inLanguage\":\"hr\",\"@id\":\"https:\\\/\\\/medicinasinc.com\\\/hr\\\/product\\\/amnezija-maglica\\\/#primaryimage\",\"url\":\"https:\\\/\\\/medicinasinc.com\\\/hr\\\/wp-content\\\/uploads\\\/sites\\\/3\\\/2022\\\/02\\\/Buy-Amnesia-Haze.jpg\",\"contentUrl\":\"https:\\\/\\\/medicinasinc.com\\\/hr\\\/wp-content\\\/uploads\\\/sites\\\/3\\\/2022\\\/02\\\/Buy-Amnesia-Haze.jpg\",\"width\":1159,\"height\":1043},{\"@type\":\"BreadcrumbList\",\"@id\":\"https:\\\/\\\/medicinasinc.com\\\/hr\\\/product\\\/amnezija-maglica\\\/#breadcrumb\",\"itemListElement\":[{\"@type\":\"ListItem\",\"position\":1,\"name\":\"Du\u0107an\",\"item\":\"https:\\\/\\\/medicinasinc.com\\\/hr\\\/ducan\\\/\"},{\"@type\":\"ListItem\",\"position\":2,\"name\":\"Amnezija Haze\"}]},{\"@type\":\"WebSite\",\"@id\":\"https:\\\/\\\/medicinasinc.com\\\/hr\\\/#website\",\"url\":\"https:\\\/\\\/medicinasinc.com\\\/hr\\\/\",\"name\":\"Medicinas Inc\",\"description\":\"Health Medical Clinic\",\"potentialAction\":[{\"@type\":\"SearchAction\",\"target\":{\"@type\":\"EntryPoint\",\"urlTemplate\":\"https:\\\/\\\/medicinasinc.com\\\/hr\\\/?s={search_term_string}\"},\"query-input\":{\"@type\":\"PropertyValueSpecification\",\"valueRequired\":true,\"valueName\":\"search_term_string\"}}],\"inLanguage\":\"hr\"}]}<\/script>\n<!-- \/ Yoast SEO plugin. -->","yoast_head_json":{"title":"Amnesia Haze - Amnesia Haze Weed Sojevi - Najbolji najbolji svjetski lijekovi","description":"Kupite Amnesia Haze Za prodaju UK, Europa online, Amnesia Haze je europski favorit. Ovaj intenzivno psihodeli\u010dni soj je Sativa koju je najbolje prepustiti iskusnim potro\u0161a\u010dima.","robots":{"index":"index","follow":"follow","max-snippet":"max-snippet:-1","max-image-preview":"max-image-preview:large","max-video-preview":"max-video-preview:-1"},"canonical":"https:\/\/medicinasinc.com\/hr\/product\/amnezija-maglica\/","og_locale":"hr_HR","og_type":"article","og_title":"Amnesia Haze - Amnesia Haze Weed Sojevi - Najbolji najbolji svjetski lijekovi","og_description":"Kupite Amnesia Haze Za prodaju UK, Europa online, Amnesia Haze je europski favorit. Ovaj intenzivno psihodeli\u010dni soj je Sativa koju je najbolje prepustiti iskusnim potro\u0161a\u010dima.","og_url":"https:\/\/medicinasinc.com\/hr\/product\/amnezija-maglica\/","og_site_name":"Medicinas Inc","article_modified_time":"2022-03-15T05:52:56+00:00","og_image":[{"width":1159,"height":1043,"url":"https:\/\/medicinasinc.com\/hr\/wp-content\/uploads\/sites\/3\/2022\/02\/Buy-Amnesia-Haze.jpg","type":"image\/jpeg"}],"twitter_card":"summary_large_image","twitter_misc":{"Procijenjeno vrijeme \u010ditanja":"1 minuta"},"schema":{"@context":"https:\/\/schema.org","@graph":[{"@type":"WebPage","@id":"https:\/\/medicinasinc.com\/hr\/product\/amnezija-maglica\/","url":"https:\/\/medicinasinc.com\/hr\/product\/amnezija-maglica\/","name":"Amnesia Haze - Amnesia Haze Weed Sojevi - Najbolji najbolji svjetski lijekovi","isPartOf":{"@id":"https:\/\/medicinasinc.com\/hr\/#website"},"primaryImageOfPage":{"@id":"https:\/\/medicinasinc.com\/hr\/product\/amnezija-maglica\/#primaryimage"},"image":{"@id":"https:\/\/medicinasinc.com\/hr\/product\/amnezija-maglica\/#primaryimage"},"thumbnailUrl":"https:\/\/medicinasinc.com\/hr\/wp-content\/uploads\/sites\/3\/2022\/02\/Buy-Amnesia-Haze.jpg","datePublished":"2022-02-20T19:10:26+00:00","dateModified":"2022-03-15T05:52:56+00:00","description":"Kupite Amnesia Haze Za prodaju UK, Europa online, Amnesia Haze je europski favorit. Ovaj intenzivno psihodeli\u010dni soj je Sativa koju je najbolje prepustiti iskusnim potro\u0161a\u010dima.","breadcrumb":{"@id":"https:\/\/medicinasinc.com\/hr\/product\/amnezija-maglica\/#breadcrumb"},"inLanguage":"hr","potentialAction":[{"@type":"ReadAction","target":["https:\/\/medicinasinc.com\/hr\/product\/amnezija-maglica\/"]}]},{"@type":"ImageObject","inLanguage":"hr","@id":"https:\/\/medicinasinc.com\/hr\/product\/amnezija-maglica\/#primaryimage","url":"https:\/\/medicinasinc.com\/hr\/wp-content\/uploads\/sites\/3\/2022\/02\/Buy-Amnesia-Haze.jpg","contentUrl":"https:\/\/medicinasinc.com\/hr\/wp-content\/uploads\/sites\/3\/2022\/02\/Buy-Amnesia-Haze.jpg","width":1159,"height":1043},{"@type":"BreadcrumbList","@id":"https:\/\/medicinasinc.com\/hr\/product\/amnezija-maglica\/#breadcrumb","itemListElement":[{"@type":"ListItem","position":1,"name":"Du\u0107an","item":"https:\/\/medicinasinc.com\/hr\/ducan\/"},{"@type":"ListItem","position":2,"name":"Amnezija Haze"}]},{"@type":"WebSite","@id":"https:\/\/medicinasinc.com\/hr\/#website","url":"https:\/\/medicinasinc.com\/hr\/","name":"Medicinas Inc","description":"Health Medical Clinic","potentialAction":[{"@type":"SearchAction","target":{"@type":"EntryPoint","urlTemplate":"https:\/\/medicinasinc.com\/hr\/?s={search_term_string}"},"query-input":{"@type":"PropertyValueSpecification","valueRequired":true,"valueName":"search_term_string"}}],"inLanguage":"hr"}]}},"_links":{"self":[{"href":"https:\/\/medicinasinc.com\/hr\/wp-json\/wp\/v2\/product\/5019","targetHints":{"allow":["GET"]}}],"collection":[{"href":"https:\/\/medicinasinc.com\/hr\/wp-json\/wp\/v2\/product"}],"about":[{"href":"https:\/\/medicinasinc.com\/hr\/wp-json\/wp\/v2\/types\/product"}],"replies":[{"embeddable":true,"href":"https:\/\/medicinasinc.com\/hr\/wp-json\/wp\/v2\/comments?post=5019"}],"wp:featuredmedia":[{"embeddable":true,"href":"https:\/\/medicinasinc.com\/hr\/wp-json\/wp\/v2\/media\/5036"}],"wp:attachment":[{"href":"https:\/\/medicinasinc.com\/hr\/wp-json\/wp\/v2\/media?parent=5019"}],"wp:term":[{"taxonomy":"product_brand","embeddable":true,"href":"https:\/\/medicinasinc.com\/hr\/wp-json\/wp\/v2\/product_brand?post=5019"},{"taxonomy":"product_cat","embeddable":true,"href":"https:\/\/medicinasinc.com\/hr\/wp-json\/wp\/v2\/product_cat?post=5019"},{"taxonomy":"product_tag","embeddable":true,"href":"https:\/\/medicinasinc.com\/hr\/wp-json\/wp\/v2\/product_tag?post=5019"}],"curies":[{"name":"wp","href":"https:\/\/api.w.org\/{rel}","templated":true}]}}