{"id":5018,"date":"2022-02-20T19:09:20","date_gmt":"2022-02-20T19:09:20","guid":{"rendered":"https:\/\/medicinasinc.com\/hr\/?post_type=product&#038;p=5018"},"modified":"2022-03-15T05:55:19","modified_gmt":"2022-03-15T05:55:19","slug":"kupi-ananas-ekspres-marihuanu","status":"publish","type":"product","link":"https:\/\/medicinasinc.com\/hr\/product\/kupi-ananas-ekspres-marihuanu\/","title":{"rendered":"Kupite marihuanu Pineapple Express"},"content":{"rendered":"<h1>Kupite Pineapple Express soj marihuane online.<\/h1>\n<p>Kupite Pineapple Express soj marihuane online.<\/p>\n<p>U\u010dinci<br \/> Energiziranje, euforija, fokus<br \/> Mo\u017ee olak\u0161ati<br \/> Kroni\u010dni bol, depresija, umor, gubitak apetita, migrene, mu\u010dnina, no\u0107ne more<br \/> Okusi<br \/> Citrusi, bor, ananas, slatki, tropski<br \/> Arome<br \/> Zemljani, bor, ananas, Slatko<\/p>\n<p>Me\u0111utim, morate imati na umu da napetost nije ba\u0161 tako velika kao \u0161to je film prikazuje. Me\u0111utim, Pineapple Express pru\u017ea lagan i ugodan u\u010dinak umrtvljenja tijela, \u010demu se treba radovati.<\/p>\n<p>Soj je dostupan u obliku precizno odmjerenih grumen\u010di\u0107a koji podsje\u0107aju na kokice od stiropora. Nema slatkast okus, ali ima \u010dudnu aromu zbog prizvuka citrusa. Okus je prili\u010dno jedinstven, s da\u0161kom ananasa pri udisanju. Pineapple Express preferira se za lije\u010denje raznih zdravstvenih stanja, uklju\u010duju\u0107i anksioznost i stres. Me\u0111utim, znatno je uspje\u0161niji u istodobnom lije\u010denju simptoma kroni\u010dne depresije. Ako osje\u0107ate blage bolove i bolove, do\u0161li ste na pravo mjesto. Nakon puhanja, primijetit \u0107ete da je Pineapple Express ujedno miran i osna\u017euju\u0107i.<\/p>\n","protected":false},"excerpt":{"rendered":"<div class=\"woocommerce-product-details__short-description\">\n<p>Kupite ananas ekspresni soj marihuane za prodaju putem interneta. Kupite soj marihuane za ananas ekspres. Dominantni hibrid sative \u2013 60% sativa \/ 40% indica THC: 25%, CBN: 1%<\/p>\n<\/p><\/div>\n","protected":false},"featured_media":5034,"comment_status":"open","ping_status":"closed","template":"","meta":[],"product_brand":[],"product_cat":[778],"product_tag":[948,950,952,953,954,951,955,949],"class_list":{"0":"post-5018","1":"product","2":"type-product","3":"status-publish","4":"has-post-thumbnail","6":"product_cat-korov-za-prodaju","7":"product_tag-ananas-express-afganistan","8":"product_tag-ananas-express-strain-allbud","9":"product_tag-ananas-express-strain-info","10":"product_tag-ananas-express-strain-review","11":"product_tag-ananas-express-soj-sativa-ili-indica","12":"product_tag-ananas-express-strain-efekti","13":"product_tag-ananas-express-vape-patrona","14":"product_tag-pineapple-express-seeds","16":"first","17":"instock","18":"shipping-taxable","19":"purchasable","20":"product-type-variable","21":"has-default-attributes"},"yoast_head":"<!-- This site is optimized with the Yoast SEO plugin v27.3 - https:\/\/yoast.com\/product\/yoast-seo-wordpress\/ -->\n<title>Kupite marihuanu Pineapple Express - najbolji najbolji svjetski lijekovi<\/title>\n<meta name=\"description\" content=\"Kupite ananas ekspresni soj marihuane za prodaju online. Kupite soj marihuane za ananas ekspres. Dominantni hibrid sative \u2013 60% sativa \/ 40% indica THC: 25%, CBN: 1%\" \/>\n<meta name=\"robots\" content=\"index, follow, max-snippet:-1, max-image-preview:large, max-video-preview:-1\" \/>\n<link rel=\"canonical\" href=\"https:\/\/medicinasinc.com\/hr\/product\/kupi-ananas-ekspres-marihuanu\/\" \/>\n<meta property=\"og:locale\" content=\"hr_HR\" \/>\n<meta property=\"og:type\" content=\"article\" \/>\n<meta property=\"og:title\" content=\"Kupite marihuanu Pineapple Express - najbolji najbolji svjetski lijekovi\" \/>\n<meta property=\"og:description\" content=\"Kupite ananas ekspresni soj marihuane za prodaju online. Kupite soj marihuane za ananas ekspres. Dominantni hibrid sative \u2013 60% sativa \/ 40% indica THC: 25%, CBN: 1%\" \/>\n<meta property=\"og:url\" content=\"https:\/\/medicinasinc.com\/hr\/product\/kupi-ananas-ekspres-marihuanu\/\" \/>\n<meta property=\"og:site_name\" content=\"Medicinas Inc\" \/>\n<meta property=\"article:modified_time\" content=\"2022-03-15T05:55:19+00:00\" \/>\n<meta property=\"og:image\" content=\"https:\/\/medicinasinc.com\/hr\/wp-content\/uploads\/sites\/3\/2022\/02\/Buy-Pineapple-Express-Marijuana.jpeg\" \/>\n\t<meta property=\"og:image:width\" content=\"600\" \/>\n\t<meta property=\"og:image:height\" content=\"600\" \/>\n\t<meta property=\"og:image:type\" content=\"image\/jpeg\" \/>\n<meta name=\"twitter:card\" content=\"summary_large_image\" \/>\n<meta name=\"twitter:label1\" content=\"Procijenjeno vrijeme \u010ditanja\" \/>\n\t<meta name=\"twitter:data1\" content=\"1 minuta\" \/>\n<script type=\"application\/ld+json\" class=\"yoast-schema-graph\">{\"@context\":\"https:\\\/\\\/schema.org\",\"@graph\":[{\"@type\":\"WebPage\",\"@id\":\"https:\\\/\\\/medicinasinc.com\\\/hr\\\/product\\\/kupi-ananas-ekspres-marihuanu\\\/\",\"url\":\"https:\\\/\\\/medicinasinc.com\\\/hr\\\/product\\\/kupi-ananas-ekspres-marihuanu\\\/\",\"name\":\"Kupite marihuanu Pineapple Express - najbolji najbolji svjetski lijekovi\",\"isPartOf\":{\"@id\":\"https:\\\/\\\/medicinasinc.com\\\/hr\\\/#website\"},\"primaryImageOfPage\":{\"@id\":\"https:\\\/\\\/medicinasinc.com\\\/hr\\\/product\\\/kupi-ananas-ekspres-marihuanu\\\/#primaryimage\"},\"image\":{\"@id\":\"https:\\\/\\\/medicinasinc.com\\\/hr\\\/product\\\/kupi-ananas-ekspres-marihuanu\\\/#primaryimage\"},\"thumbnailUrl\":\"https:\\\/\\\/medicinasinc.com\\\/hr\\\/wp-content\\\/uploads\\\/sites\\\/3\\\/2022\\\/02\\\/Buy-Pineapple-Express-Marijuana.jpeg\",\"datePublished\":\"2022-02-20T19:09:20+00:00\",\"dateModified\":\"2022-03-15T05:55:19+00:00\",\"description\":\"Kupite ananas ekspresni soj marihuane za prodaju online. Kupite soj marihuane za ananas ekspres. Dominantni hibrid sative \u2013 60% sativa \\\/ 40% indica THC: 25%, CBN: 1%\",\"breadcrumb\":{\"@id\":\"https:\\\/\\\/medicinasinc.com\\\/hr\\\/product\\\/kupi-ananas-ekspres-marihuanu\\\/#breadcrumb\"},\"inLanguage\":\"hr\",\"potentialAction\":[{\"@type\":\"ReadAction\",\"target\":[\"https:\\\/\\\/medicinasinc.com\\\/hr\\\/product\\\/kupi-ananas-ekspres-marihuanu\\\/\"]}]},{\"@type\":\"ImageObject\",\"inLanguage\":\"hr\",\"@id\":\"https:\\\/\\\/medicinasinc.com\\\/hr\\\/product\\\/kupi-ananas-ekspres-marihuanu\\\/#primaryimage\",\"url\":\"https:\\\/\\\/medicinasinc.com\\\/hr\\\/wp-content\\\/uploads\\\/sites\\\/3\\\/2022\\\/02\\\/Buy-Pineapple-Express-Marijuana.jpeg\",\"contentUrl\":\"https:\\\/\\\/medicinasinc.com\\\/hr\\\/wp-content\\\/uploads\\\/sites\\\/3\\\/2022\\\/02\\\/Buy-Pineapple-Express-Marijuana.jpeg\",\"width\":600,\"height\":600},{\"@type\":\"BreadcrumbList\",\"@id\":\"https:\\\/\\\/medicinasinc.com\\\/hr\\\/product\\\/kupi-ananas-ekspres-marihuanu\\\/#breadcrumb\",\"itemListElement\":[{\"@type\":\"ListItem\",\"position\":1,\"name\":\"Du\u0107an\",\"item\":\"https:\\\/\\\/medicinasinc.com\\\/hr\\\/ducan\\\/\"},{\"@type\":\"ListItem\",\"position\":2,\"name\":\"Kupite marihuanu Pineapple Express\"}]},{\"@type\":\"WebSite\",\"@id\":\"https:\\\/\\\/medicinasinc.com\\\/hr\\\/#website\",\"url\":\"https:\\\/\\\/medicinasinc.com\\\/hr\\\/\",\"name\":\"Medicinas Inc\",\"description\":\"Health Medical Clinic\",\"potentialAction\":[{\"@type\":\"SearchAction\",\"target\":{\"@type\":\"EntryPoint\",\"urlTemplate\":\"https:\\\/\\\/medicinasinc.com\\\/hr\\\/?s={search_term_string}\"},\"query-input\":{\"@type\":\"PropertyValueSpecification\",\"valueRequired\":true,\"valueName\":\"search_term_string\"}}],\"inLanguage\":\"hr\"}]}<\/script>\n<!-- \/ Yoast SEO plugin. -->","yoast_head_json":{"title":"Kupite marihuanu Pineapple Express - najbolji najbolji svjetski lijekovi","description":"Kupite ananas ekspresni soj marihuane za prodaju online. Kupite soj marihuane za ananas ekspres. Dominantni hibrid sative \u2013 60% sativa \/ 40% indica THC: 25%, CBN: 1%","robots":{"index":"index","follow":"follow","max-snippet":"max-snippet:-1","max-image-preview":"max-image-preview:large","max-video-preview":"max-video-preview:-1"},"canonical":"https:\/\/medicinasinc.com\/hr\/product\/kupi-ananas-ekspres-marihuanu\/","og_locale":"hr_HR","og_type":"article","og_title":"Kupite marihuanu Pineapple Express - najbolji najbolji svjetski lijekovi","og_description":"Kupite ananas ekspresni soj marihuane za prodaju online. Kupite soj marihuane za ananas ekspres. Dominantni hibrid sative \u2013 60% sativa \/ 40% indica THC: 25%, CBN: 1%","og_url":"https:\/\/medicinasinc.com\/hr\/product\/kupi-ananas-ekspres-marihuanu\/","og_site_name":"Medicinas Inc","article_modified_time":"2022-03-15T05:55:19+00:00","og_image":[{"width":600,"height":600,"url":"https:\/\/medicinasinc.com\/hr\/wp-content\/uploads\/sites\/3\/2022\/02\/Buy-Pineapple-Express-Marijuana.jpeg","type":"image\/jpeg"}],"twitter_card":"summary_large_image","twitter_misc":{"Procijenjeno vrijeme \u010ditanja":"1 minuta"},"schema":{"@context":"https:\/\/schema.org","@graph":[{"@type":"WebPage","@id":"https:\/\/medicinasinc.com\/hr\/product\/kupi-ananas-ekspres-marihuanu\/","url":"https:\/\/medicinasinc.com\/hr\/product\/kupi-ananas-ekspres-marihuanu\/","name":"Kupite marihuanu Pineapple Express - najbolji najbolji svjetski lijekovi","isPartOf":{"@id":"https:\/\/medicinasinc.com\/hr\/#website"},"primaryImageOfPage":{"@id":"https:\/\/medicinasinc.com\/hr\/product\/kupi-ananas-ekspres-marihuanu\/#primaryimage"},"image":{"@id":"https:\/\/medicinasinc.com\/hr\/product\/kupi-ananas-ekspres-marihuanu\/#primaryimage"},"thumbnailUrl":"https:\/\/medicinasinc.com\/hr\/wp-content\/uploads\/sites\/3\/2022\/02\/Buy-Pineapple-Express-Marijuana.jpeg","datePublished":"2022-02-20T19:09:20+00:00","dateModified":"2022-03-15T05:55:19+00:00","description":"Kupite ananas ekspresni soj marihuane za prodaju online. Kupite soj marihuane za ananas ekspres. Dominantni hibrid sative \u2013 60% sativa \/ 40% indica THC: 25%, CBN: 1%","breadcrumb":{"@id":"https:\/\/medicinasinc.com\/hr\/product\/kupi-ananas-ekspres-marihuanu\/#breadcrumb"},"inLanguage":"hr","potentialAction":[{"@type":"ReadAction","target":["https:\/\/medicinasinc.com\/hr\/product\/kupi-ananas-ekspres-marihuanu\/"]}]},{"@type":"ImageObject","inLanguage":"hr","@id":"https:\/\/medicinasinc.com\/hr\/product\/kupi-ananas-ekspres-marihuanu\/#primaryimage","url":"https:\/\/medicinasinc.com\/hr\/wp-content\/uploads\/sites\/3\/2022\/02\/Buy-Pineapple-Express-Marijuana.jpeg","contentUrl":"https:\/\/medicinasinc.com\/hr\/wp-content\/uploads\/sites\/3\/2022\/02\/Buy-Pineapple-Express-Marijuana.jpeg","width":600,"height":600},{"@type":"BreadcrumbList","@id":"https:\/\/medicinasinc.com\/hr\/product\/kupi-ananas-ekspres-marihuanu\/#breadcrumb","itemListElement":[{"@type":"ListItem","position":1,"name":"Du\u0107an","item":"https:\/\/medicinasinc.com\/hr\/ducan\/"},{"@type":"ListItem","position":2,"name":"Kupite marihuanu Pineapple Express"}]},{"@type":"WebSite","@id":"https:\/\/medicinasinc.com\/hr\/#website","url":"https:\/\/medicinasinc.com\/hr\/","name":"Medicinas Inc","description":"Health Medical Clinic","potentialAction":[{"@type":"SearchAction","target":{"@type":"EntryPoint","urlTemplate":"https:\/\/medicinasinc.com\/hr\/?s={search_term_string}"},"query-input":{"@type":"PropertyValueSpecification","valueRequired":true,"valueName":"search_term_string"}}],"inLanguage":"hr"}]}},"_links":{"self":[{"href":"https:\/\/medicinasinc.com\/hr\/wp-json\/wp\/v2\/product\/5018","targetHints":{"allow":["GET"]}}],"collection":[{"href":"https:\/\/medicinasinc.com\/hr\/wp-json\/wp\/v2\/product"}],"about":[{"href":"https:\/\/medicinasinc.com\/hr\/wp-json\/wp\/v2\/types\/product"}],"replies":[{"embeddable":true,"href":"https:\/\/medicinasinc.com\/hr\/wp-json\/wp\/v2\/comments?post=5018"}],"wp:featuredmedia":[{"embeddable":true,"href":"https:\/\/medicinasinc.com\/hr\/wp-json\/wp\/v2\/media\/5034"}],"wp:attachment":[{"href":"https:\/\/medicinasinc.com\/hr\/wp-json\/wp\/v2\/media?parent=5018"}],"wp:term":[{"taxonomy":"product_brand","embeddable":true,"href":"https:\/\/medicinasinc.com\/hr\/wp-json\/wp\/v2\/product_brand?post=5018"},{"taxonomy":"product_cat","embeddable":true,"href":"https:\/\/medicinasinc.com\/hr\/wp-json\/wp\/v2\/product_cat?post=5018"},{"taxonomy":"product_tag","embeddable":true,"href":"https:\/\/medicinasinc.com\/hr\/wp-json\/wp\/v2\/product_tag?post=5018"}],"curies":[{"name":"wp","href":"https:\/\/api.w.org\/{rel}","templated":true}]}}