{"id":4996,"date":"2022-02-20T18:53:00","date_gmt":"2022-02-20T18:53:00","guid":{"rendered":"https:\/\/medicinasinc.com\/hr\/?post_type=product&#038;p=4996"},"modified":"2022-08-04T06:14:26","modified_gmt":"2022-08-04T06:14:26","slug":"kupiti-limun-tvor","status":"publish","type":"product","link":"https:\/\/medicinasinc.com\/hr\/product\/kupiti-limun-tvor\/","title":{"rendered":"Kupite Lemon Skunk"},"content":{"rendered":"<p>Lemon Skunk dostupan je u online dispanzeru marihuane Chronic Posta.<\/p>\n<p>ChronicPost Lemon Skunk je vi\u0161estruko nagra\u0111ivani hibrid Sative s okusom limuna i sadr\u017eajem THC-a do 22%. Godine 2009. uvr\u0161ten je na High Timesovu ljestvicu deset najboljih sojeva.<\/p>\n<p>Sadr\u017eaj THC-a u Lemon Skunk-u kre\u0107e se u prosjeku izme\u0111u 14 i 15% i testiran je \u010dak do 22% THC-a. Poznato je da njegova visoka vrijednost stimulira cerebralnu funkciju, \u0161to rezultira ve\u0107om kreativno\u0161\u0107u i obavija korisnika radosnim i energiziraju\u0107im zujanjem. Brojni recenzenti okarakterizirali su njihov Lemon Skunk visoko kao introspektivan, izazivaju\u0107i misli i pobolj\u0161avaju\u0107i inventivnost. Nakon jednog do dva sata, indica komponente soja po\u010dinju se aktivirati, ostavljaju\u0107i korisnika lagano umornim kako cerebralni u\u010dinci nestanu.<\/p>\n<p>Lemon Skunk je donekle visoka i produktivna biljka koja je upravo ono \u0161to je kod nas. naziv implicira \u2013 Skunk varijanta s jakim citrusnim tonovima sa sna\u017enim i umiruju\u0107im u\u010dinkom. Posjeduje karakteristi\u010dne pupoljke zelene limete i \u017eivopisne naran\u010daste tu\u010dke Skunka, \u0161to rezultira smrznutim, gustim kolama u obliku koplja.<\/p>\n","protected":false},"excerpt":{"rendered":"<div class=\"woocommerce-product-details__short-description\">\n<p>Lemon Skunk sadr\u017ei umjerenu koli\u010dinu THC-a i vrlo malo CBD-a. Otkrijte vi\u0161e o DNA genetici Lemon Skunk i obavite kupnju u Tokyo Smokeu ve\u0107 danas.<\/p>\n<p>Lemon Skunk Weed za prodaju online. Lemon Kush je mje\u0161avina izme\u0111u Master Kusha i Lemon Joyja i daje nizak do umjeren prinos. Preporu\u010deno za pacijente s HIV\/AIDS-om, glaukomom, Parkinsonovom bole\u0161\u0107u, anksiozno\u0161\u0107u i kroni\u010dnom boli<\/p>\n<p><strong>Veli\u010dina pupoljka:\u00a0<\/strong>Mala<br \/>\n<strong>Tekstura:\u00a0Suhi<br \/>\n<strong>Okusi:\u00a0<\/strong>Limun\/citrusi\/svje\u017ee<br \/>\n<strong>Uobi\u010dajena upotreba:<\/strong>\u00a0Bol \/ Apetit \/ Depresija<br \/>\n<strong>THC:<\/strong>\u00a022%\u00a0 \u00a0<strong>CBD: &lt;<\/strong>1%<\/strong><\/p>\n<\/div>\n","protected":false},"featured_media":5013,"comment_status":"open","ping_status":"closed","template":"","meta":[],"product_brand":[],"product_cat":[778],"product_tag":[932,936,937,938,939,933,935,934],"class_list":{"0":"post-4996","1":"product","2":"type-product","3":"status-publish","4":"has-post-thumbnail","6":"product_cat-korov-za-prodaju","7":"product_tag-best-lemon-skunk-seeds","8":"product_tag-lemon-skunk-greenhouse-seeds-review","9":"product_tag-lemon-skunk-indica-or-sativa","10":"product_tag-lemon-skunk-price","11":"product_tag-lemon-skunk-taste","12":"product_tag-limun-tvor-auto","13":"product_tag-limun-tvor-cbd","14":"product_tag-limun-tvor-patrona","16":"first","17":"instock","18":"shipping-taxable","19":"purchasable","20":"product-type-variable","21":"has-default-attributes"},"yoast_head":"<!-- This site is optimized with the Yoast SEO plugin v27.3 - https:\/\/yoast.com\/product\/yoast-seo-wordpress\/ -->\n<title>Kupite Lemon Skunk - najbolji najbolji svjetski lijekovi<\/title>\n<meta name=\"description\" content=\"Kupite Lemon Skunk Weed online. Lemon Kush je kri\u017eanac btw Master Kush i Lemon Joy, ima nizak do srednji prinos. Preporu\u010da se za pacijente s HIV\/AIDS-om, glaukomom, Parkinsonovom bole\u0161\u0107u, anksiozno\u0161\u0107u, kroni\u010dnom boli\u2026\" \/>\n<meta name=\"robots\" content=\"index, follow, max-snippet:-1, max-image-preview:large, max-video-preview:-1\" \/>\n<link rel=\"canonical\" href=\"https:\/\/medicinasinc.com\/hr\/product\/kupiti-limun-tvor\/\" \/>\n<meta property=\"og:locale\" content=\"hr_HR\" \/>\n<meta property=\"og:type\" content=\"article\" \/>\n<meta property=\"og:title\" content=\"Kupite Lemon Skunk - najbolji najbolji svjetski lijekovi\" \/>\n<meta property=\"og:description\" content=\"Kupite Lemon Skunk Weed online. Lemon Kush je kri\u017eanac btw Master Kush i Lemon Joy, ima nizak do srednji prinos. Preporu\u010da se za pacijente s HIV\/AIDS-om, glaukomom, Parkinsonovom bole\u0161\u0107u, anksiozno\u0161\u0107u, kroni\u010dnom boli\u2026\" \/>\n<meta property=\"og:url\" content=\"https:\/\/medicinasinc.com\/hr\/product\/kupiti-limun-tvor\/\" \/>\n<meta property=\"og:site_name\" content=\"Medicinas Inc\" \/>\n<meta property=\"article:modified_time\" content=\"2022-08-04T06:14:26+00:00\" \/>\n<meta property=\"og:image\" content=\"https:\/\/medicinasinc.com\/hr\/wp-content\/uploads\/sites\/3\/2022\/02\/Buy-Lemon-Skunk.jpg\" \/>\n\t<meta property=\"og:image:width\" content=\"2403\" \/>\n\t<meta property=\"og:image:height\" content=\"2403\" \/>\n\t<meta property=\"og:image:type\" content=\"image\/jpeg\" \/>\n<meta name=\"twitter:card\" content=\"summary_large_image\" \/>\n<meta name=\"twitter:label1\" content=\"Procijenjeno vrijeme \u010ditanja\" \/>\n\t<meta name=\"twitter:data1\" content=\"1 minuta\" \/>\n<script type=\"application\/ld+json\" class=\"yoast-schema-graph\">{\"@context\":\"https:\\\/\\\/schema.org\",\"@graph\":[{\"@type\":\"WebPage\",\"@id\":\"https:\\\/\\\/medicinasinc.com\\\/hr\\\/product\\\/kupiti-limun-tvor\\\/\",\"url\":\"https:\\\/\\\/medicinasinc.com\\\/hr\\\/product\\\/kupiti-limun-tvor\\\/\",\"name\":\"Kupite Lemon Skunk - najbolji najbolji svjetski lijekovi\",\"isPartOf\":{\"@id\":\"https:\\\/\\\/medicinasinc.com\\\/hr\\\/#website\"},\"primaryImageOfPage\":{\"@id\":\"https:\\\/\\\/medicinasinc.com\\\/hr\\\/product\\\/kupiti-limun-tvor\\\/#primaryimage\"},\"image\":{\"@id\":\"https:\\\/\\\/medicinasinc.com\\\/hr\\\/product\\\/kupiti-limun-tvor\\\/#primaryimage\"},\"thumbnailUrl\":\"https:\\\/\\\/medicinasinc.com\\\/hr\\\/wp-content\\\/uploads\\\/sites\\\/3\\\/2022\\\/02\\\/Buy-Lemon-Skunk.jpg\",\"datePublished\":\"2022-02-20T18:53:00+00:00\",\"dateModified\":\"2022-08-04T06:14:26+00:00\",\"description\":\"Kupite Lemon Skunk Weed online. Lemon Kush je kri\u017eanac btw Master Kush i Lemon Joy, ima nizak do srednji prinos. Preporu\u010da se za pacijente s HIV\\\/AIDS-om, glaukomom, Parkinsonovom bole\u0161\u0107u, anksiozno\u0161\u0107u, kroni\u010dnom boli\u2026\",\"breadcrumb\":{\"@id\":\"https:\\\/\\\/medicinasinc.com\\\/hr\\\/product\\\/kupiti-limun-tvor\\\/#breadcrumb\"},\"inLanguage\":\"hr\",\"potentialAction\":[{\"@type\":\"ReadAction\",\"target\":[\"https:\\\/\\\/medicinasinc.com\\\/hr\\\/product\\\/kupiti-limun-tvor\\\/\"]}]},{\"@type\":\"ImageObject\",\"inLanguage\":\"hr\",\"@id\":\"https:\\\/\\\/medicinasinc.com\\\/hr\\\/product\\\/kupiti-limun-tvor\\\/#primaryimage\",\"url\":\"https:\\\/\\\/medicinasinc.com\\\/hr\\\/wp-content\\\/uploads\\\/sites\\\/3\\\/2022\\\/02\\\/Buy-Lemon-Skunk.jpg\",\"contentUrl\":\"https:\\\/\\\/medicinasinc.com\\\/hr\\\/wp-content\\\/uploads\\\/sites\\\/3\\\/2022\\\/02\\\/Buy-Lemon-Skunk.jpg\",\"width\":2403,\"height\":2403},{\"@type\":\"BreadcrumbList\",\"@id\":\"https:\\\/\\\/medicinasinc.com\\\/hr\\\/product\\\/kupiti-limun-tvor\\\/#breadcrumb\",\"itemListElement\":[{\"@type\":\"ListItem\",\"position\":1,\"name\":\"Du\u0107an\",\"item\":\"https:\\\/\\\/medicinasinc.com\\\/hr\\\/ducan\\\/\"},{\"@type\":\"ListItem\",\"position\":2,\"name\":\"Kupite Lemon Skunk\"}]},{\"@type\":\"WebSite\",\"@id\":\"https:\\\/\\\/medicinasinc.com\\\/hr\\\/#website\",\"url\":\"https:\\\/\\\/medicinasinc.com\\\/hr\\\/\",\"name\":\"Medicinas Inc\",\"description\":\"Health Medical Clinic\",\"potentialAction\":[{\"@type\":\"SearchAction\",\"target\":{\"@type\":\"EntryPoint\",\"urlTemplate\":\"https:\\\/\\\/medicinasinc.com\\\/hr\\\/?s={search_term_string}\"},\"query-input\":{\"@type\":\"PropertyValueSpecification\",\"valueRequired\":true,\"valueName\":\"search_term_string\"}}],\"inLanguage\":\"hr\"}]}<\/script>\n<!-- \/ Yoast SEO plugin. -->","yoast_head_json":{"title":"Kupite Lemon Skunk - najbolji najbolji svjetski lijekovi","description":"Kupite Lemon Skunk Weed online. Lemon Kush je kri\u017eanac btw Master Kush i Lemon Joy, ima nizak do srednji prinos. Preporu\u010da se za pacijente s HIV\/AIDS-om, glaukomom, Parkinsonovom bole\u0161\u0107u, anksiozno\u0161\u0107u, kroni\u010dnom boli\u2026","robots":{"index":"index","follow":"follow","max-snippet":"max-snippet:-1","max-image-preview":"max-image-preview:large","max-video-preview":"max-video-preview:-1"},"canonical":"https:\/\/medicinasinc.com\/hr\/product\/kupiti-limun-tvor\/","og_locale":"hr_HR","og_type":"article","og_title":"Kupite Lemon Skunk - najbolji najbolji svjetski lijekovi","og_description":"Kupite Lemon Skunk Weed online. Lemon Kush je kri\u017eanac btw Master Kush i Lemon Joy, ima nizak do srednji prinos. Preporu\u010da se za pacijente s HIV\/AIDS-om, glaukomom, Parkinsonovom bole\u0161\u0107u, anksiozno\u0161\u0107u, kroni\u010dnom boli\u2026","og_url":"https:\/\/medicinasinc.com\/hr\/product\/kupiti-limun-tvor\/","og_site_name":"Medicinas Inc","article_modified_time":"2022-08-04T06:14:26+00:00","og_image":[{"width":2403,"height":2403,"url":"https:\/\/medicinasinc.com\/hr\/wp-content\/uploads\/sites\/3\/2022\/02\/Buy-Lemon-Skunk.jpg","type":"image\/jpeg"}],"twitter_card":"summary_large_image","twitter_misc":{"Procijenjeno vrijeme \u010ditanja":"1 minuta"},"schema":{"@context":"https:\/\/schema.org","@graph":[{"@type":"WebPage","@id":"https:\/\/medicinasinc.com\/hr\/product\/kupiti-limun-tvor\/","url":"https:\/\/medicinasinc.com\/hr\/product\/kupiti-limun-tvor\/","name":"Kupite Lemon Skunk - najbolji najbolji svjetski lijekovi","isPartOf":{"@id":"https:\/\/medicinasinc.com\/hr\/#website"},"primaryImageOfPage":{"@id":"https:\/\/medicinasinc.com\/hr\/product\/kupiti-limun-tvor\/#primaryimage"},"image":{"@id":"https:\/\/medicinasinc.com\/hr\/product\/kupiti-limun-tvor\/#primaryimage"},"thumbnailUrl":"https:\/\/medicinasinc.com\/hr\/wp-content\/uploads\/sites\/3\/2022\/02\/Buy-Lemon-Skunk.jpg","datePublished":"2022-02-20T18:53:00+00:00","dateModified":"2022-08-04T06:14:26+00:00","description":"Kupite Lemon Skunk Weed online. Lemon Kush je kri\u017eanac btw Master Kush i Lemon Joy, ima nizak do srednji prinos. Preporu\u010da se za pacijente s HIV\/AIDS-om, glaukomom, Parkinsonovom bole\u0161\u0107u, anksiozno\u0161\u0107u, kroni\u010dnom boli\u2026","breadcrumb":{"@id":"https:\/\/medicinasinc.com\/hr\/product\/kupiti-limun-tvor\/#breadcrumb"},"inLanguage":"hr","potentialAction":[{"@type":"ReadAction","target":["https:\/\/medicinasinc.com\/hr\/product\/kupiti-limun-tvor\/"]}]},{"@type":"ImageObject","inLanguage":"hr","@id":"https:\/\/medicinasinc.com\/hr\/product\/kupiti-limun-tvor\/#primaryimage","url":"https:\/\/medicinasinc.com\/hr\/wp-content\/uploads\/sites\/3\/2022\/02\/Buy-Lemon-Skunk.jpg","contentUrl":"https:\/\/medicinasinc.com\/hr\/wp-content\/uploads\/sites\/3\/2022\/02\/Buy-Lemon-Skunk.jpg","width":2403,"height":2403},{"@type":"BreadcrumbList","@id":"https:\/\/medicinasinc.com\/hr\/product\/kupiti-limun-tvor\/#breadcrumb","itemListElement":[{"@type":"ListItem","position":1,"name":"Du\u0107an","item":"https:\/\/medicinasinc.com\/hr\/ducan\/"},{"@type":"ListItem","position":2,"name":"Kupite Lemon Skunk"}]},{"@type":"WebSite","@id":"https:\/\/medicinasinc.com\/hr\/#website","url":"https:\/\/medicinasinc.com\/hr\/","name":"Medicinas Inc","description":"Health Medical Clinic","potentialAction":[{"@type":"SearchAction","target":{"@type":"EntryPoint","urlTemplate":"https:\/\/medicinasinc.com\/hr\/?s={search_term_string}"},"query-input":{"@type":"PropertyValueSpecification","valueRequired":true,"valueName":"search_term_string"}}],"inLanguage":"hr"}]}},"_links":{"self":[{"href":"https:\/\/medicinasinc.com\/hr\/wp-json\/wp\/v2\/product\/4996","targetHints":{"allow":["GET"]}}],"collection":[{"href":"https:\/\/medicinasinc.com\/hr\/wp-json\/wp\/v2\/product"}],"about":[{"href":"https:\/\/medicinasinc.com\/hr\/wp-json\/wp\/v2\/types\/product"}],"replies":[{"embeddable":true,"href":"https:\/\/medicinasinc.com\/hr\/wp-json\/wp\/v2\/comments?post=4996"}],"wp:featuredmedia":[{"embeddable":true,"href":"https:\/\/medicinasinc.com\/hr\/wp-json\/wp\/v2\/media\/5013"}],"wp:attachment":[{"href":"https:\/\/medicinasinc.com\/hr\/wp-json\/wp\/v2\/media?parent=4996"}],"wp:term":[{"taxonomy":"product_brand","embeddable":true,"href":"https:\/\/medicinasinc.com\/hr\/wp-json\/wp\/v2\/product_brand?post=4996"},{"taxonomy":"product_cat","embeddable":true,"href":"https:\/\/medicinasinc.com\/hr\/wp-json\/wp\/v2\/product_cat?post=4996"},{"taxonomy":"product_tag","embeddable":true,"href":"https:\/\/medicinasinc.com\/hr\/wp-json\/wp\/v2\/product_tag?post=4996"}],"curies":[{"name":"wp","href":"https:\/\/api.w.org\/{rel}","templated":true}]}}