{"id":4995,"date":"2022-02-20T18:51:43","date_gmt":"2022-02-20T18:51:43","guid":{"rendered":"https:\/\/medicinasinc.com\/hr\/?post_type=product&#038;p=4995"},"modified":"2022-03-15T05:55:56","modified_gmt":"2022-03-15T05:55:56","slug":"kupi-limun-i-marihuanu","status":"publish","type":"product","link":"https:\/\/medicinasinc.com\/hr\/product\/kupi-limun-i-marihuanu\/","title":{"rendered":"Kupite Lemon OG Marihuanu"},"content":{"rendered":"<p>Lemon OG soj marihuane za prodaju online.<\/p>\n<p>Lemon OG soj marihuane za prodaju online.<\/p>\n<p>Kreativni, energiziraju\u0107i, usredoto\u010duju\u0107i, sretni i opu\u0161taju\u0107i u\u010dinci<br \/> Mo\u017eda ubla\u017eava Kroni\u010dni bol, nesanica, gubitak apetita i okusi stresa<br \/> Citrusi, tangy<br \/> Arome<br \/> Nalik citrusima, zemljani, limunski, ljuti i kiseli<\/p>\n","protected":false},"excerpt":{"rendered":"<p>Kupite Lemon OG marihuanu (AA) u Europi, Ujedinjenom Kraljevstvu i Kanadi u najve\u0107em online dispanzeru na svijetu, Buy My Weed Online.<\/p>\n<p>Soj marihuane Lemon OG za prodaju putem interneta. <\/p>\n<p>Kupite online soj limuna i marihuane. Hibrid &#8211; 50% Sativa\/50% Indica Indica sadr\u017eaja THC-a: 22%, Indica sadr\u017eaja CBN-a: 1%<\/p>\n","protected":false},"featured_media":5007,"comment_status":"open","ping_status":"closed","template":"","meta":[],"product_brand":[],"product_cat":[778],"product_tag":[924,926,928,930,929,927,931,925],"class_list":{"0":"post-4995","1":"product","2":"type-product","3":"status-publish","4":"has-post-thumbnail","6":"product_cat-korov-za-prodaju","7":"product_tag-bruce-limun-dizel","8":"product_tag-ku-sjeva","9":"product_tag-lemon-og-leafly","10":"product_tag-limun-zkittle-nizozemska-strast","11":"product_tag-limun-i-procijediti-sve-pupoljke","12":"product_tag-limun-ku-c5-a1-na-prodaja","13":"product_tag-udarac-i","14":"product_tag-ensko-sjemenke-limun-ku","16":"first","17":"instock","18":"shipping-taxable","19":"purchasable","20":"product-type-variable"},"yoast_head":"<!-- This site is optimized with the Yoast SEO plugin v27.3 - https:\/\/yoast.com\/product\/yoast-seo-wordpress\/ -->\n<title>Kupite Lemon OG soj marihuane online - najbolji globalni lijekovi<\/title>\n<meta name=\"description\" content=\"Kupite marihuanu Lemon OG\u00a0(AA) za prodaju u Europi, Ujedinjenom Kraljevstvu, Kanadi u najve\u0107em internetskom dispanzeru, Kupite My Weed Online.\" \/>\n<meta name=\"robots\" content=\"index, follow, max-snippet:-1, max-image-preview:large, max-video-preview:-1\" \/>\n<link rel=\"canonical\" href=\"https:\/\/medicinasinc.com\/hr\/product\/kupi-limun-i-marihuanu\/\" \/>\n<meta property=\"og:locale\" content=\"hr_HR\" \/>\n<meta property=\"og:type\" content=\"article\" \/>\n<meta property=\"og:title\" content=\"Kupite Lemon OG soj marihuane online - najbolji globalni lijekovi\" \/>\n<meta property=\"og:description\" content=\"Kupite marihuanu Lemon OG\u00a0(AA) za prodaju u Europi, Ujedinjenom Kraljevstvu, Kanadi u najve\u0107em internetskom dispanzeru, Kupite My Weed Online.\" \/>\n<meta property=\"og:url\" content=\"https:\/\/medicinasinc.com\/hr\/product\/kupi-limun-i-marihuanu\/\" \/>\n<meta property=\"og:site_name\" content=\"Medicinas Inc\" \/>\n<meta property=\"article:modified_time\" content=\"2022-03-15T05:55:56+00:00\" \/>\n<meta property=\"og:image\" content=\"https:\/\/medicinasinc.com\/hr\/wp-content\/uploads\/sites\/3\/2022\/02\/Buy-Lemon-OG.jpg\" \/>\n\t<meta property=\"og:image:width\" content=\"2000\" \/>\n\t<meta property=\"og:image:height\" content=\"2000\" \/>\n\t<meta property=\"og:image:type\" content=\"image\/jpeg\" \/>\n<meta name=\"twitter:card\" content=\"summary_large_image\" \/>\n<meta name=\"twitter:label1\" content=\"Procijenjeno vrijeme \u010ditanja\" \/>\n\t<meta name=\"twitter:data1\" content=\"1 minuta\" \/>\n<script type=\"application\/ld+json\" class=\"yoast-schema-graph\">{\"@context\":\"https:\\\/\\\/schema.org\",\"@graph\":[{\"@type\":\"WebPage\",\"@id\":\"https:\\\/\\\/medicinasinc.com\\\/hr\\\/product\\\/kupi-limun-i-marihuanu\\\/\",\"url\":\"https:\\\/\\\/medicinasinc.com\\\/hr\\\/product\\\/kupi-limun-i-marihuanu\\\/\",\"name\":\"Kupite Lemon OG soj marihuane online - najbolji globalni lijekovi\",\"isPartOf\":{\"@id\":\"https:\\\/\\\/medicinasinc.com\\\/hr\\\/#website\"},\"primaryImageOfPage\":{\"@id\":\"https:\\\/\\\/medicinasinc.com\\\/hr\\\/product\\\/kupi-limun-i-marihuanu\\\/#primaryimage\"},\"image\":{\"@id\":\"https:\\\/\\\/medicinasinc.com\\\/hr\\\/product\\\/kupi-limun-i-marihuanu\\\/#primaryimage\"},\"thumbnailUrl\":\"https:\\\/\\\/medicinasinc.com\\\/hr\\\/wp-content\\\/uploads\\\/sites\\\/3\\\/2022\\\/02\\\/Buy-Lemon-OG.jpg\",\"datePublished\":\"2022-02-20T18:51:43+00:00\",\"dateModified\":\"2022-03-15T05:55:56+00:00\",\"description\":\"Kupite marihuanu Lemon OG\u00a0(AA) za prodaju u Europi, Ujedinjenom Kraljevstvu, Kanadi u najve\u0107em internetskom dispanzeru, Kupite My Weed Online.\",\"breadcrumb\":{\"@id\":\"https:\\\/\\\/medicinasinc.com\\\/hr\\\/product\\\/kupi-limun-i-marihuanu\\\/#breadcrumb\"},\"inLanguage\":\"hr\",\"potentialAction\":[{\"@type\":\"ReadAction\",\"target\":[\"https:\\\/\\\/medicinasinc.com\\\/hr\\\/product\\\/kupi-limun-i-marihuanu\\\/\"]}]},{\"@type\":\"ImageObject\",\"inLanguage\":\"hr\",\"@id\":\"https:\\\/\\\/medicinasinc.com\\\/hr\\\/product\\\/kupi-limun-i-marihuanu\\\/#primaryimage\",\"url\":\"https:\\\/\\\/medicinasinc.com\\\/hr\\\/wp-content\\\/uploads\\\/sites\\\/3\\\/2022\\\/02\\\/Buy-Lemon-OG.jpg\",\"contentUrl\":\"https:\\\/\\\/medicinasinc.com\\\/hr\\\/wp-content\\\/uploads\\\/sites\\\/3\\\/2022\\\/02\\\/Buy-Lemon-OG.jpg\",\"width\":2000,\"height\":2000},{\"@type\":\"BreadcrumbList\",\"@id\":\"https:\\\/\\\/medicinasinc.com\\\/hr\\\/product\\\/kupi-limun-i-marihuanu\\\/#breadcrumb\",\"itemListElement\":[{\"@type\":\"ListItem\",\"position\":1,\"name\":\"Du\u0107an\",\"item\":\"https:\\\/\\\/medicinasinc.com\\\/hr\\\/ducan\\\/\"},{\"@type\":\"ListItem\",\"position\":2,\"name\":\"Kupite Lemon OG Marihuanu\"}]},{\"@type\":\"WebSite\",\"@id\":\"https:\\\/\\\/medicinasinc.com\\\/hr\\\/#website\",\"url\":\"https:\\\/\\\/medicinasinc.com\\\/hr\\\/\",\"name\":\"Medicinas Inc\",\"description\":\"Health Medical Clinic\",\"potentialAction\":[{\"@type\":\"SearchAction\",\"target\":{\"@type\":\"EntryPoint\",\"urlTemplate\":\"https:\\\/\\\/medicinasinc.com\\\/hr\\\/?s={search_term_string}\"},\"query-input\":{\"@type\":\"PropertyValueSpecification\",\"valueRequired\":true,\"valueName\":\"search_term_string\"}}],\"inLanguage\":\"hr\"}]}<\/script>\n<!-- \/ Yoast SEO plugin. -->","yoast_head_json":{"title":"Kupite Lemon OG soj marihuane online - najbolji globalni lijekovi","description":"Kupite marihuanu Lemon OG\u00a0(AA) za prodaju u Europi, Ujedinjenom Kraljevstvu, Kanadi u najve\u0107em internetskom dispanzeru, Kupite My Weed Online.","robots":{"index":"index","follow":"follow","max-snippet":"max-snippet:-1","max-image-preview":"max-image-preview:large","max-video-preview":"max-video-preview:-1"},"canonical":"https:\/\/medicinasinc.com\/hr\/product\/kupi-limun-i-marihuanu\/","og_locale":"hr_HR","og_type":"article","og_title":"Kupite Lemon OG soj marihuane online - najbolji globalni lijekovi","og_description":"Kupite marihuanu Lemon OG\u00a0(AA) za prodaju u Europi, Ujedinjenom Kraljevstvu, Kanadi u najve\u0107em internetskom dispanzeru, Kupite My Weed Online.","og_url":"https:\/\/medicinasinc.com\/hr\/product\/kupi-limun-i-marihuanu\/","og_site_name":"Medicinas Inc","article_modified_time":"2022-03-15T05:55:56+00:00","og_image":[{"width":2000,"height":2000,"url":"https:\/\/medicinasinc.com\/hr\/wp-content\/uploads\/sites\/3\/2022\/02\/Buy-Lemon-OG.jpg","type":"image\/jpeg"}],"twitter_card":"summary_large_image","twitter_misc":{"Procijenjeno vrijeme \u010ditanja":"1 minuta"},"schema":{"@context":"https:\/\/schema.org","@graph":[{"@type":"WebPage","@id":"https:\/\/medicinasinc.com\/hr\/product\/kupi-limun-i-marihuanu\/","url":"https:\/\/medicinasinc.com\/hr\/product\/kupi-limun-i-marihuanu\/","name":"Kupite Lemon OG soj marihuane online - najbolji globalni lijekovi","isPartOf":{"@id":"https:\/\/medicinasinc.com\/hr\/#website"},"primaryImageOfPage":{"@id":"https:\/\/medicinasinc.com\/hr\/product\/kupi-limun-i-marihuanu\/#primaryimage"},"image":{"@id":"https:\/\/medicinasinc.com\/hr\/product\/kupi-limun-i-marihuanu\/#primaryimage"},"thumbnailUrl":"https:\/\/medicinasinc.com\/hr\/wp-content\/uploads\/sites\/3\/2022\/02\/Buy-Lemon-OG.jpg","datePublished":"2022-02-20T18:51:43+00:00","dateModified":"2022-03-15T05:55:56+00:00","description":"Kupite marihuanu Lemon OG\u00a0(AA) za prodaju u Europi, Ujedinjenom Kraljevstvu, Kanadi u najve\u0107em internetskom dispanzeru, Kupite My Weed Online.","breadcrumb":{"@id":"https:\/\/medicinasinc.com\/hr\/product\/kupi-limun-i-marihuanu\/#breadcrumb"},"inLanguage":"hr","potentialAction":[{"@type":"ReadAction","target":["https:\/\/medicinasinc.com\/hr\/product\/kupi-limun-i-marihuanu\/"]}]},{"@type":"ImageObject","inLanguage":"hr","@id":"https:\/\/medicinasinc.com\/hr\/product\/kupi-limun-i-marihuanu\/#primaryimage","url":"https:\/\/medicinasinc.com\/hr\/wp-content\/uploads\/sites\/3\/2022\/02\/Buy-Lemon-OG.jpg","contentUrl":"https:\/\/medicinasinc.com\/hr\/wp-content\/uploads\/sites\/3\/2022\/02\/Buy-Lemon-OG.jpg","width":2000,"height":2000},{"@type":"BreadcrumbList","@id":"https:\/\/medicinasinc.com\/hr\/product\/kupi-limun-i-marihuanu\/#breadcrumb","itemListElement":[{"@type":"ListItem","position":1,"name":"Du\u0107an","item":"https:\/\/medicinasinc.com\/hr\/ducan\/"},{"@type":"ListItem","position":2,"name":"Kupite Lemon OG Marihuanu"}]},{"@type":"WebSite","@id":"https:\/\/medicinasinc.com\/hr\/#website","url":"https:\/\/medicinasinc.com\/hr\/","name":"Medicinas Inc","description":"Health Medical Clinic","potentialAction":[{"@type":"SearchAction","target":{"@type":"EntryPoint","urlTemplate":"https:\/\/medicinasinc.com\/hr\/?s={search_term_string}"},"query-input":{"@type":"PropertyValueSpecification","valueRequired":true,"valueName":"search_term_string"}}],"inLanguage":"hr"}]}},"_links":{"self":[{"href":"https:\/\/medicinasinc.com\/hr\/wp-json\/wp\/v2\/product\/4995","targetHints":{"allow":["GET"]}}],"collection":[{"href":"https:\/\/medicinasinc.com\/hr\/wp-json\/wp\/v2\/product"}],"about":[{"href":"https:\/\/medicinasinc.com\/hr\/wp-json\/wp\/v2\/types\/product"}],"replies":[{"embeddable":true,"href":"https:\/\/medicinasinc.com\/hr\/wp-json\/wp\/v2\/comments?post=4995"}],"wp:featuredmedia":[{"embeddable":true,"href":"https:\/\/medicinasinc.com\/hr\/wp-json\/wp\/v2\/media\/5007"}],"wp:attachment":[{"href":"https:\/\/medicinasinc.com\/hr\/wp-json\/wp\/v2\/media?parent=4995"}],"wp:term":[{"taxonomy":"product_brand","embeddable":true,"href":"https:\/\/medicinasinc.com\/hr\/wp-json\/wp\/v2\/product_brand?post=4995"},{"taxonomy":"product_cat","embeddable":true,"href":"https:\/\/medicinasinc.com\/hr\/wp-json\/wp\/v2\/product_cat?post=4995"},{"taxonomy":"product_tag","embeddable":true,"href":"https:\/\/medicinasinc.com\/hr\/wp-json\/wp\/v2\/product_tag?post=4995"}],"curies":[{"name":"wp","href":"https:\/\/api.w.org\/{rel}","templated":true}]}}