{"id":4970,"date":"2022-02-20T18:30:09","date_gmt":"2022-02-20T18:30:09","guid":{"rendered":"https:\/\/medicinasinc.com\/hr\/?post_type=product&#038;p=4970"},"modified":"2022-03-15T05:56:12","modified_gmt":"2022-03-15T05:56:12","slug":"kupi-isus-i-travu","status":"publish","type":"product","link":"https:\/\/medicinasinc.com\/hr\/product\/kupi-isus-i-travu\/","title":{"rendered":"Kupite Isus OG Weed"},"content":{"rendered":"<p>Jesus OG soj marihuane mo\u017ee se kupiti online. Jesus OG je Sativa Dominant Hybrid &#8211; 80 posto Sativa. Sativa \/ 20% Indica THC: 21% &#8211; 25%<\/p>\n<p>Energiziraju\u0107i, eufori\u010dni, usredoto\u010duju\u0107i, sretni i poticajni u\u010dinci mogu ubla\u017eiti ADD\/ADHD, bipolarni poreme\u0107aj, kroni\u010dnu bol, depresiju, umor, glavobolje, migrene, Okusi mu\u010dnine, PTSP-a i stresa<br \/> Limun, borove iglice, slatke i o\u0161tre<br \/> Arome<br \/> Limun, o\u0161tar i slatki<\/p>\n","protected":false},"excerpt":{"rendered":"<p>Kupite Jesus OG Marihuana Strain online. Jesus og marihuana soj je Sativa Dominant Hybrid &#8211; 80% sativa \/ 20% indica THC: 21% \u2013 25%<\/p>\n","protected":false},"featured_media":4983,"comment_status":"open","ping_status":"closed","template":"","meta":[],"product_brand":[],"product_cat":[778],"product_tag":[911,910,909,614,886,887,888,890,892,894,895,459,897,899,900,901,470,473,477,904,906,907,913,912,914,915,916,917,918,905,891,893,889,455,898,626,896,902,903,919,885,920,908,921,922,923],"class_list":{"0":"post-4970","1":"product","2":"type-product","3":"status-publish","4":"has-post-thumbnail","6":"product_cat-korov-za-prodaju","7":"product_tag-ambulanta-blizu-mene-otvorena-kasno","8":"product_tag-ambulante-koje-isporuuju-izvan-drave","9":"product_tag-ambulante-koje-ne-zahtijevaju-medicinsku-karticu-blizu-mene","10":"product_tag-best-online-dispensary","11":"product_tag-best-online-dispensary-canada","12":"product_tag-bipolar-disorder","13":"product_tag-blue-dream-marihuana-soj","14":"product_tag-buy-ahoe-hydro-og-indica","15":"product_tag-buy-illegal-weed-online","16":"product_tag-buy-khalifa-kush-marijuana","17":"product_tag-buy-marijuana-online-no-medical-card","18":"product_tag-buy-marijuana-online-usa","19":"product_tag-buy-my-weed-online-review","20":"product_tag-buy-real-weed-online","21":"product_tag-buy-recreational-weed-online","22":"product_tag-buy-skunk-online-uk","23":"product_tag-buy-weed-online","24":"product_tag-buy-weed-online-europe","25":"product_tag-buying-weed-online","26":"product_tag-charlottes-web-cannabis-soj","27":"product_tag-dawg-cookies-indica-soj","28":"product_tag-depresija","29":"product_tag-dispanzer-korov-sojevi","30":"product_tag-dispensary-near-me-recreational","31":"product_tag-edibles-online-no-medical-card","32":"product_tag-humor","33":"product_tag-isus-og-feminizirano-sjeme","34":"product_tag-isus-i-sjeme","35":"product_tag-isus-i-napreg","36":"product_tag-kronine-boli","37":"product_tag-kupiti-gelato-marihuanu-online","38":"product_tag-kupi-jesus-og-marihuanu-strain-online","39":"product_tag-kupi-ubojicu-keca-i-marihuanu","40":"product_tag-kupi-marihuanu-online","41":"product_tag-kupiti-predsjedniki-kush-strain","42":"product_tag-kupiti-pravni-travu-online","43":"product_tag-kupiti-medicinsko-kanabis-ulje-online","44":"product_tag-kupiti-travu-online-kupiti-marihuanu-online","45":"product_tag-buy-weed-onlne-uk","46":"product_tag-lemon-og-autoflower","47":"product_tag-najbolja-marihuana-soj","48":"product_tag-pacific-seed-bank-autoflower","49":"product_tag-ambulante-blizu-mene-otvorene-sada","50":"product_tag-platina-i-kush-sjeme","51":"product_tag-tga-subcool-jesus-og","52":"product_tag-yoda-og-uzgajiva","54":"first","55":"instock","56":"shipping-taxable","57":"purchasable","58":"product-type-variable","59":"has-default-attributes"},"yoast_head":"<!-- This site is optimized with the Yoast SEO plugin v27.3 - https:\/\/yoast.com\/product\/yoast-seo-wordpress\/ -->\n<title>Kupite Jesus OG Weed soj marihuane - najbolji globalni lijekovi<\/title>\n<meta name=\"description\" content=\"Kupite Jesus OG Marihuana Strain za prodaju online. Jesus og marihuana soj je Sativa Dominant Hybrid \u2013 80% Sativa \/ 20% Indica THC: 21% \u2013 25%\" \/>\n<meta name=\"robots\" content=\"index, follow, max-snippet:-1, max-image-preview:large, max-video-preview:-1\" \/>\n<link rel=\"canonical\" href=\"https:\/\/medicinasinc.com\/hr\/product\/kupi-isus-i-travu\/\" \/>\n<meta property=\"og:locale\" content=\"hr_HR\" \/>\n<meta property=\"og:type\" content=\"article\" \/>\n<meta property=\"og:title\" content=\"Kupite Jesus OG Weed soj marihuane - najbolji globalni lijekovi\" \/>\n<meta property=\"og:description\" content=\"Kupite Jesus OG Marihuana Strain za prodaju online. Jesus og marihuana soj je Sativa Dominant Hybrid \u2013 80% Sativa \/ 20% Indica THC: 21% \u2013 25%\" \/>\n<meta property=\"og:url\" content=\"https:\/\/medicinasinc.com\/hr\/product\/kupi-isus-i-travu\/\" \/>\n<meta property=\"og:site_name\" content=\"Medicinas Inc\" \/>\n<meta property=\"article:modified_time\" content=\"2022-03-15T05:56:12+00:00\" \/>\n<meta property=\"og:image\" content=\"https:\/\/medicinasinc.com\/hr\/wp-content\/uploads\/sites\/3\/2022\/02\/buy-Jesus-OG.png\" \/>\n\t<meta property=\"og:image:width\" content=\"600\" \/>\n\t<meta property=\"og:image:height\" content=\"600\" \/>\n\t<meta property=\"og:image:type\" content=\"image\/png\" \/>\n<meta name=\"twitter:card\" content=\"summary_large_image\" \/>\n<meta name=\"twitter:label1\" content=\"Procijenjeno vrijeme \u010ditanja\" \/>\n\t<meta name=\"twitter:data1\" content=\"1 minuta\" \/>\n<script type=\"application\/ld+json\" class=\"yoast-schema-graph\">{\"@context\":\"https:\\\/\\\/schema.org\",\"@graph\":[{\"@type\":\"WebPage\",\"@id\":\"https:\\\/\\\/medicinasinc.com\\\/hr\\\/product\\\/kupi-isus-i-travu\\\/\",\"url\":\"https:\\\/\\\/medicinasinc.com\\\/hr\\\/product\\\/kupi-isus-i-travu\\\/\",\"name\":\"Kupite Jesus OG Weed soj marihuane - najbolji globalni lijekovi\",\"isPartOf\":{\"@id\":\"https:\\\/\\\/medicinasinc.com\\\/hr\\\/#website\"},\"primaryImageOfPage\":{\"@id\":\"https:\\\/\\\/medicinasinc.com\\\/hr\\\/product\\\/kupi-isus-i-travu\\\/#primaryimage\"},\"image\":{\"@id\":\"https:\\\/\\\/medicinasinc.com\\\/hr\\\/product\\\/kupi-isus-i-travu\\\/#primaryimage\"},\"thumbnailUrl\":\"https:\\\/\\\/medicinasinc.com\\\/hr\\\/wp-content\\\/uploads\\\/sites\\\/3\\\/2022\\\/02\\\/buy-Jesus-OG.png\",\"datePublished\":\"2022-02-20T18:30:09+00:00\",\"dateModified\":\"2022-03-15T05:56:12+00:00\",\"description\":\"Kupite Jesus OG Marihuana Strain za prodaju online. Jesus og marihuana soj je Sativa Dominant Hybrid \u2013 80% Sativa \\\/ 20% Indica THC: 21% \u2013 25%\",\"breadcrumb\":{\"@id\":\"https:\\\/\\\/medicinasinc.com\\\/hr\\\/product\\\/kupi-isus-i-travu\\\/#breadcrumb\"},\"inLanguage\":\"hr\",\"potentialAction\":[{\"@type\":\"ReadAction\",\"target\":[\"https:\\\/\\\/medicinasinc.com\\\/hr\\\/product\\\/kupi-isus-i-travu\\\/\"]}]},{\"@type\":\"ImageObject\",\"inLanguage\":\"hr\",\"@id\":\"https:\\\/\\\/medicinasinc.com\\\/hr\\\/product\\\/kupi-isus-i-travu\\\/#primaryimage\",\"url\":\"https:\\\/\\\/medicinasinc.com\\\/hr\\\/wp-content\\\/uploads\\\/sites\\\/3\\\/2022\\\/02\\\/buy-Jesus-OG.png\",\"contentUrl\":\"https:\\\/\\\/medicinasinc.com\\\/hr\\\/wp-content\\\/uploads\\\/sites\\\/3\\\/2022\\\/02\\\/buy-Jesus-OG.png\",\"width\":600,\"height\":600},{\"@type\":\"BreadcrumbList\",\"@id\":\"https:\\\/\\\/medicinasinc.com\\\/hr\\\/product\\\/kupi-isus-i-travu\\\/#breadcrumb\",\"itemListElement\":[{\"@type\":\"ListItem\",\"position\":1,\"name\":\"Du\u0107an\",\"item\":\"https:\\\/\\\/medicinasinc.com\\\/hr\\\/ducan\\\/\"},{\"@type\":\"ListItem\",\"position\":2,\"name\":\"Kupite Isus OG Weed\"}]},{\"@type\":\"WebSite\",\"@id\":\"https:\\\/\\\/medicinasinc.com\\\/hr\\\/#website\",\"url\":\"https:\\\/\\\/medicinasinc.com\\\/hr\\\/\",\"name\":\"Medicinas Inc\",\"description\":\"Health Medical Clinic\",\"potentialAction\":[{\"@type\":\"SearchAction\",\"target\":{\"@type\":\"EntryPoint\",\"urlTemplate\":\"https:\\\/\\\/medicinasinc.com\\\/hr\\\/?s={search_term_string}\"},\"query-input\":{\"@type\":\"PropertyValueSpecification\",\"valueRequired\":true,\"valueName\":\"search_term_string\"}}],\"inLanguage\":\"hr\"}]}<\/script>\n<!-- \/ Yoast SEO plugin. -->","yoast_head_json":{"title":"Kupite Jesus OG Weed soj marihuane - najbolji globalni lijekovi","description":"Kupite Jesus OG Marihuana Strain za prodaju online. Jesus og marihuana soj je Sativa Dominant Hybrid \u2013 80% Sativa \/ 20% Indica THC: 21% \u2013 25%","robots":{"index":"index","follow":"follow","max-snippet":"max-snippet:-1","max-image-preview":"max-image-preview:large","max-video-preview":"max-video-preview:-1"},"canonical":"https:\/\/medicinasinc.com\/hr\/product\/kupi-isus-i-travu\/","og_locale":"hr_HR","og_type":"article","og_title":"Kupite Jesus OG Weed soj marihuane - najbolji globalni lijekovi","og_description":"Kupite Jesus OG Marihuana Strain za prodaju online. Jesus og marihuana soj je Sativa Dominant Hybrid \u2013 80% Sativa \/ 20% Indica THC: 21% \u2013 25%","og_url":"https:\/\/medicinasinc.com\/hr\/product\/kupi-isus-i-travu\/","og_site_name":"Medicinas Inc","article_modified_time":"2022-03-15T05:56:12+00:00","og_image":[{"width":600,"height":600,"url":"https:\/\/medicinasinc.com\/hr\/wp-content\/uploads\/sites\/3\/2022\/02\/buy-Jesus-OG.png","type":"image\/png"}],"twitter_card":"summary_large_image","twitter_misc":{"Procijenjeno vrijeme \u010ditanja":"1 minuta"},"schema":{"@context":"https:\/\/schema.org","@graph":[{"@type":"WebPage","@id":"https:\/\/medicinasinc.com\/hr\/product\/kupi-isus-i-travu\/","url":"https:\/\/medicinasinc.com\/hr\/product\/kupi-isus-i-travu\/","name":"Kupite Jesus OG Weed soj marihuane - najbolji globalni lijekovi","isPartOf":{"@id":"https:\/\/medicinasinc.com\/hr\/#website"},"primaryImageOfPage":{"@id":"https:\/\/medicinasinc.com\/hr\/product\/kupi-isus-i-travu\/#primaryimage"},"image":{"@id":"https:\/\/medicinasinc.com\/hr\/product\/kupi-isus-i-travu\/#primaryimage"},"thumbnailUrl":"https:\/\/medicinasinc.com\/hr\/wp-content\/uploads\/sites\/3\/2022\/02\/buy-Jesus-OG.png","datePublished":"2022-02-20T18:30:09+00:00","dateModified":"2022-03-15T05:56:12+00:00","description":"Kupite Jesus OG Marihuana Strain za prodaju online. Jesus og marihuana soj je Sativa Dominant Hybrid \u2013 80% Sativa \/ 20% Indica THC: 21% \u2013 25%","breadcrumb":{"@id":"https:\/\/medicinasinc.com\/hr\/product\/kupi-isus-i-travu\/#breadcrumb"},"inLanguage":"hr","potentialAction":[{"@type":"ReadAction","target":["https:\/\/medicinasinc.com\/hr\/product\/kupi-isus-i-travu\/"]}]},{"@type":"ImageObject","inLanguage":"hr","@id":"https:\/\/medicinasinc.com\/hr\/product\/kupi-isus-i-travu\/#primaryimage","url":"https:\/\/medicinasinc.com\/hr\/wp-content\/uploads\/sites\/3\/2022\/02\/buy-Jesus-OG.png","contentUrl":"https:\/\/medicinasinc.com\/hr\/wp-content\/uploads\/sites\/3\/2022\/02\/buy-Jesus-OG.png","width":600,"height":600},{"@type":"BreadcrumbList","@id":"https:\/\/medicinasinc.com\/hr\/product\/kupi-isus-i-travu\/#breadcrumb","itemListElement":[{"@type":"ListItem","position":1,"name":"Du\u0107an","item":"https:\/\/medicinasinc.com\/hr\/ducan\/"},{"@type":"ListItem","position":2,"name":"Kupite Isus OG Weed"}]},{"@type":"WebSite","@id":"https:\/\/medicinasinc.com\/hr\/#website","url":"https:\/\/medicinasinc.com\/hr\/","name":"Medicinas Inc","description":"Health Medical Clinic","potentialAction":[{"@type":"SearchAction","target":{"@type":"EntryPoint","urlTemplate":"https:\/\/medicinasinc.com\/hr\/?s={search_term_string}"},"query-input":{"@type":"PropertyValueSpecification","valueRequired":true,"valueName":"search_term_string"}}],"inLanguage":"hr"}]}},"_links":{"self":[{"href":"https:\/\/medicinasinc.com\/hr\/wp-json\/wp\/v2\/product\/4970","targetHints":{"allow":["GET"]}}],"collection":[{"href":"https:\/\/medicinasinc.com\/hr\/wp-json\/wp\/v2\/product"}],"about":[{"href":"https:\/\/medicinasinc.com\/hr\/wp-json\/wp\/v2\/types\/product"}],"replies":[{"embeddable":true,"href":"https:\/\/medicinasinc.com\/hr\/wp-json\/wp\/v2\/comments?post=4970"}],"wp:featuredmedia":[{"embeddable":true,"href":"https:\/\/medicinasinc.com\/hr\/wp-json\/wp\/v2\/media\/4983"}],"wp:attachment":[{"href":"https:\/\/medicinasinc.com\/hr\/wp-json\/wp\/v2\/media?parent=4970"}],"wp:term":[{"taxonomy":"product_brand","embeddable":true,"href":"https:\/\/medicinasinc.com\/hr\/wp-json\/wp\/v2\/product_brand?post=4970"},{"taxonomy":"product_cat","embeddable":true,"href":"https:\/\/medicinasinc.com\/hr\/wp-json\/wp\/v2\/product_cat?post=4970"},{"taxonomy":"product_tag","embeddable":true,"href":"https:\/\/medicinasinc.com\/hr\/wp-json\/wp\/v2\/product_tag?post=4970"}],"curies":[{"name":"wp","href":"https:\/\/api.w.org\/{rel}","templated":true}]}}