{"id":4968,"date":"2022-02-20T18:28:25","date_gmt":"2022-02-20T18:28:25","guid":{"rendered":"https:\/\/medicinasinc.com\/hr\/?post_type=product&#038;p=4968"},"modified":"2022-03-15T05:56:23","modified_gmt":"2022-03-15T05:56:23","slug":"kupiti-beskonacnu-euforiju-marihuanu","status":"publish","type":"product","link":"https:\/\/medicinasinc.com\/hr\/product\/kupiti-beskonacnu-euforiju-marihuanu\/","title":{"rendered":"Kupite marihuanu Infinite Euphoria"},"content":{"rendered":"<p>Kupite Marihuana Infinite Euphoria online.<\/p>\n<p>Kupite Marihuana Infinite Euphoria online.<\/p>\n<p>Energiziraju\u0107i, eufori\u010dni, veseli, produljeni, o\u017eivljavaju\u0107i u\u010dinci mogu ubla\u017eiti tjeskobu, depresiju, umor, promjene raspolo\u017eenja, i okusi stresa<br \/> Citrusi, borove iglice, skunky i slatki<\/p>\n","protected":false},"excerpt":{"rendered":"<p>Kupite marihuanu Infinite Euphoria online. Kupite Infinite Euphoria Marihuana Hybrid &#8211; 50% Sativa\/50% Indica THC: 23% &#8211; 29%<\/p>\n","protected":false},"featured_media":4981,"comment_status":"open","ping_status":"closed","template":"","meta":[],"product_brand":[],"product_cat":[778],"product_tag":[852,853,879,854,855,856,858,859,861,862,863,864,865,867,455,860,868,871,870,869,872,857,873,874,881,875,880,866,882,883,877,876,878,884],"class_list":{"0":"post-4968","1":"product","2":"type-product","3":"status-publish","4":"has-post-thumbnail","6":"product_cat-korov-za-prodaju","7":"product_tag-100-sativa-strains","8":"product_tag-ak47-marihuana-grade-aa-sativa","9":"product_tag-sad-marihuana-za-prodaju-online","10":"product_tag-australija-trava-za-prodaja-online","11":"product_tag-best-sativa-strains-2020","12":"product_tag-best-sativa-strains-cartridge","13":"product_tag-buy-weed-online-cheap","14":"product_tag-buy-weed-online-colorado","15":"product_tag-buy-weed-online-nyc","16":"product_tag-buy-weed-online-reddit","17":"product_tag-cannabis-oil-hemp-cbd-oil","18":"product_tag-denver-weed-for-sale-u-usa","19":"product_tag-egzotini-sojevi-2020","20":"product_tag-khalifa-kush-grade-a-hibrid","21":"product_tag-kupi-marihuanu-online","22":"product_tag-kupiti-travu-online-legit","23":"product_tag-legalna-trava-za-prodaja-online","24":"product_tag-marihuana-marihuana-prodaja","25":"product_tag-marihuana-na-prodaja-u-koloradu","26":"product_tag-marihuana-na-prodaja-u-kaliforniji","27":"product_tag-medicinska-marihuana-na-prodaja-online","28":"product_tag-najbolji-sativa-naprezanja-za-energiju-2020","29":"product_tag-nyc-weed-for-sale-online","30":"product_tag-outdoor-sativa-strains","31":"product_tag-trava-na-prodaja-blizu-mene","32":"product_tag-rijetki-sativa-sojevi","33":"product_tag-sad-trava-na-prodaja","34":"product_tag-najvie-prinosne-sativa-sojeve","35":"product_tag-trava-za-prodaja-online","36":"product_tag-trava-za-prodaja-online-u-kanadi","37":"product_tag-uk-weed-for-sell-online","38":"product_tag-uk-trava-za-prodaja-online","39":"product_tag-sad-kanabis-ulje","40":"product_tag-weed-online-weed-online-for-sell","42":"first","43":"instock","44":"shipping-taxable","45":"purchasable","46":"product-type-variable","47":"has-default-attributes"},"yoast_head":"<!-- This site is optimized with the Yoast SEO plugin v27.3 - https:\/\/yoast.com\/product\/yoast-seo-wordpress\/ -->\n<title>Kupite Marihuanu Infinite Euphoria - Najbolji najbolji svjetski lijekovi<\/title>\n<meta name=\"description\" content=\"Kupite marihuanu Infinite Euphoria za prodaju putem interneta. Kupite Infinite Euphoria Marihuana Hybrid \u2013 50% Sativa\/50% Indica THC: 23% \u2013 29%\" \/>\n<meta name=\"robots\" content=\"index, follow, max-snippet:-1, max-image-preview:large, max-video-preview:-1\" \/>\n<link rel=\"canonical\" href=\"https:\/\/medicinasinc.com\/hr\/product\/kupiti-beskonacnu-euforiju-marihuanu\/\" \/>\n<meta property=\"og:locale\" content=\"hr_HR\" \/>\n<meta property=\"og:type\" content=\"article\" \/>\n<meta property=\"og:title\" content=\"Kupite Marihuanu Infinite Euphoria - Najbolji najbolji svjetski lijekovi\" \/>\n<meta property=\"og:description\" content=\"Kupite marihuanu Infinite Euphoria za prodaju putem interneta. Kupite Infinite Euphoria Marihuana Hybrid \u2013 50% Sativa\/50% Indica THC: 23% \u2013 29%\" \/>\n<meta property=\"og:url\" content=\"https:\/\/medicinasinc.com\/hr\/product\/kupiti-beskonacnu-euforiju-marihuanu\/\" \/>\n<meta property=\"og:site_name\" content=\"Medicinas Inc\" \/>\n<meta property=\"article:modified_time\" content=\"2022-03-15T05:56:23+00:00\" \/>\n<meta property=\"og:image\" content=\"https:\/\/medicinasinc.com\/hr\/wp-content\/uploads\/sites\/3\/2022\/02\/Buy-Infinite-Euphoria-Marijuana.jpg\" \/>\n\t<meta property=\"og:image:width\" content=\"225\" \/>\n\t<meta property=\"og:image:height\" content=\"225\" \/>\n\t<meta property=\"og:image:type\" content=\"image\/jpeg\" \/>\n<meta name=\"twitter:card\" content=\"summary_large_image\" \/>\n<meta name=\"twitter:label1\" content=\"Procijenjeno vrijeme \u010ditanja\" \/>\n\t<meta name=\"twitter:data1\" content=\"1 minuta\" \/>\n<script type=\"application\/ld+json\" class=\"yoast-schema-graph\">{\"@context\":\"https:\\\/\\\/schema.org\",\"@graph\":[{\"@type\":\"WebPage\",\"@id\":\"https:\\\/\\\/medicinasinc.com\\\/hr\\\/product\\\/kupiti-beskonacnu-euforiju-marihuanu\\\/\",\"url\":\"https:\\\/\\\/medicinasinc.com\\\/hr\\\/product\\\/kupiti-beskonacnu-euforiju-marihuanu\\\/\",\"name\":\"Kupite Marihuanu Infinite Euphoria - Najbolji najbolji svjetski lijekovi\",\"isPartOf\":{\"@id\":\"https:\\\/\\\/medicinasinc.com\\\/hr\\\/#website\"},\"primaryImageOfPage\":{\"@id\":\"https:\\\/\\\/medicinasinc.com\\\/hr\\\/product\\\/kupiti-beskonacnu-euforiju-marihuanu\\\/#primaryimage\"},\"image\":{\"@id\":\"https:\\\/\\\/medicinasinc.com\\\/hr\\\/product\\\/kupiti-beskonacnu-euforiju-marihuanu\\\/#primaryimage\"},\"thumbnailUrl\":\"https:\\\/\\\/medicinasinc.com\\\/hr\\\/wp-content\\\/uploads\\\/sites\\\/3\\\/2022\\\/02\\\/Buy-Infinite-Euphoria-Marijuana.jpg\",\"datePublished\":\"2022-02-20T18:28:25+00:00\",\"dateModified\":\"2022-03-15T05:56:23+00:00\",\"description\":\"Kupite marihuanu Infinite Euphoria za prodaju putem interneta. Kupite Infinite Euphoria Marihuana Hybrid \u2013 50% Sativa\\\/50% Indica THC: 23% \u2013 29%\",\"breadcrumb\":{\"@id\":\"https:\\\/\\\/medicinasinc.com\\\/hr\\\/product\\\/kupiti-beskonacnu-euforiju-marihuanu\\\/#breadcrumb\"},\"inLanguage\":\"hr\",\"potentialAction\":[{\"@type\":\"ReadAction\",\"target\":[\"https:\\\/\\\/medicinasinc.com\\\/hr\\\/product\\\/kupiti-beskonacnu-euforiju-marihuanu\\\/\"]}]},{\"@type\":\"ImageObject\",\"inLanguage\":\"hr\",\"@id\":\"https:\\\/\\\/medicinasinc.com\\\/hr\\\/product\\\/kupiti-beskonacnu-euforiju-marihuanu\\\/#primaryimage\",\"url\":\"https:\\\/\\\/medicinasinc.com\\\/hr\\\/wp-content\\\/uploads\\\/sites\\\/3\\\/2022\\\/02\\\/Buy-Infinite-Euphoria-Marijuana.jpg\",\"contentUrl\":\"https:\\\/\\\/medicinasinc.com\\\/hr\\\/wp-content\\\/uploads\\\/sites\\\/3\\\/2022\\\/02\\\/Buy-Infinite-Euphoria-Marijuana.jpg\",\"width\":225,\"height\":225},{\"@type\":\"BreadcrumbList\",\"@id\":\"https:\\\/\\\/medicinasinc.com\\\/hr\\\/product\\\/kupiti-beskonacnu-euforiju-marihuanu\\\/#breadcrumb\",\"itemListElement\":[{\"@type\":\"ListItem\",\"position\":1,\"name\":\"Du\u0107an\",\"item\":\"https:\\\/\\\/medicinasinc.com\\\/hr\\\/ducan\\\/\"},{\"@type\":\"ListItem\",\"position\":2,\"name\":\"Kupite marihuanu Infinite Euphoria\"}]},{\"@type\":\"WebSite\",\"@id\":\"https:\\\/\\\/medicinasinc.com\\\/hr\\\/#website\",\"url\":\"https:\\\/\\\/medicinasinc.com\\\/hr\\\/\",\"name\":\"Medicinas Inc\",\"description\":\"Health Medical Clinic\",\"potentialAction\":[{\"@type\":\"SearchAction\",\"target\":{\"@type\":\"EntryPoint\",\"urlTemplate\":\"https:\\\/\\\/medicinasinc.com\\\/hr\\\/?s={search_term_string}\"},\"query-input\":{\"@type\":\"PropertyValueSpecification\",\"valueRequired\":true,\"valueName\":\"search_term_string\"}}],\"inLanguage\":\"hr\"}]}<\/script>\n<!-- \/ Yoast SEO plugin. -->","yoast_head_json":{"title":"Kupite Marihuanu Infinite Euphoria - Najbolji najbolji svjetski lijekovi","description":"Kupite marihuanu Infinite Euphoria za prodaju putem interneta. Kupite Infinite Euphoria Marihuana Hybrid \u2013 50% Sativa\/50% Indica THC: 23% \u2013 29%","robots":{"index":"index","follow":"follow","max-snippet":"max-snippet:-1","max-image-preview":"max-image-preview:large","max-video-preview":"max-video-preview:-1"},"canonical":"https:\/\/medicinasinc.com\/hr\/product\/kupiti-beskonacnu-euforiju-marihuanu\/","og_locale":"hr_HR","og_type":"article","og_title":"Kupite Marihuanu Infinite Euphoria - Najbolji najbolji svjetski lijekovi","og_description":"Kupite marihuanu Infinite Euphoria za prodaju putem interneta. Kupite Infinite Euphoria Marihuana Hybrid \u2013 50% Sativa\/50% Indica THC: 23% \u2013 29%","og_url":"https:\/\/medicinasinc.com\/hr\/product\/kupiti-beskonacnu-euforiju-marihuanu\/","og_site_name":"Medicinas Inc","article_modified_time":"2022-03-15T05:56:23+00:00","og_image":[{"width":225,"height":225,"url":"https:\/\/medicinasinc.com\/hr\/wp-content\/uploads\/sites\/3\/2022\/02\/Buy-Infinite-Euphoria-Marijuana.jpg","type":"image\/jpeg"}],"twitter_card":"summary_large_image","twitter_misc":{"Procijenjeno vrijeme \u010ditanja":"1 minuta"},"schema":{"@context":"https:\/\/schema.org","@graph":[{"@type":"WebPage","@id":"https:\/\/medicinasinc.com\/hr\/product\/kupiti-beskonacnu-euforiju-marihuanu\/","url":"https:\/\/medicinasinc.com\/hr\/product\/kupiti-beskonacnu-euforiju-marihuanu\/","name":"Kupite Marihuanu Infinite Euphoria - Najbolji najbolji svjetski lijekovi","isPartOf":{"@id":"https:\/\/medicinasinc.com\/hr\/#website"},"primaryImageOfPage":{"@id":"https:\/\/medicinasinc.com\/hr\/product\/kupiti-beskonacnu-euforiju-marihuanu\/#primaryimage"},"image":{"@id":"https:\/\/medicinasinc.com\/hr\/product\/kupiti-beskonacnu-euforiju-marihuanu\/#primaryimage"},"thumbnailUrl":"https:\/\/medicinasinc.com\/hr\/wp-content\/uploads\/sites\/3\/2022\/02\/Buy-Infinite-Euphoria-Marijuana.jpg","datePublished":"2022-02-20T18:28:25+00:00","dateModified":"2022-03-15T05:56:23+00:00","description":"Kupite marihuanu Infinite Euphoria za prodaju putem interneta. Kupite Infinite Euphoria Marihuana Hybrid \u2013 50% Sativa\/50% Indica THC: 23% \u2013 29%","breadcrumb":{"@id":"https:\/\/medicinasinc.com\/hr\/product\/kupiti-beskonacnu-euforiju-marihuanu\/#breadcrumb"},"inLanguage":"hr","potentialAction":[{"@type":"ReadAction","target":["https:\/\/medicinasinc.com\/hr\/product\/kupiti-beskonacnu-euforiju-marihuanu\/"]}]},{"@type":"ImageObject","inLanguage":"hr","@id":"https:\/\/medicinasinc.com\/hr\/product\/kupiti-beskonacnu-euforiju-marihuanu\/#primaryimage","url":"https:\/\/medicinasinc.com\/hr\/wp-content\/uploads\/sites\/3\/2022\/02\/Buy-Infinite-Euphoria-Marijuana.jpg","contentUrl":"https:\/\/medicinasinc.com\/hr\/wp-content\/uploads\/sites\/3\/2022\/02\/Buy-Infinite-Euphoria-Marijuana.jpg","width":225,"height":225},{"@type":"BreadcrumbList","@id":"https:\/\/medicinasinc.com\/hr\/product\/kupiti-beskonacnu-euforiju-marihuanu\/#breadcrumb","itemListElement":[{"@type":"ListItem","position":1,"name":"Du\u0107an","item":"https:\/\/medicinasinc.com\/hr\/ducan\/"},{"@type":"ListItem","position":2,"name":"Kupite marihuanu Infinite Euphoria"}]},{"@type":"WebSite","@id":"https:\/\/medicinasinc.com\/hr\/#website","url":"https:\/\/medicinasinc.com\/hr\/","name":"Medicinas Inc","description":"Health Medical Clinic","potentialAction":[{"@type":"SearchAction","target":{"@type":"EntryPoint","urlTemplate":"https:\/\/medicinasinc.com\/hr\/?s={search_term_string}"},"query-input":{"@type":"PropertyValueSpecification","valueRequired":true,"valueName":"search_term_string"}}],"inLanguage":"hr"}]}},"_links":{"self":[{"href":"https:\/\/medicinasinc.com\/hr\/wp-json\/wp\/v2\/product\/4968","targetHints":{"allow":["GET"]}}],"collection":[{"href":"https:\/\/medicinasinc.com\/hr\/wp-json\/wp\/v2\/product"}],"about":[{"href":"https:\/\/medicinasinc.com\/hr\/wp-json\/wp\/v2\/types\/product"}],"replies":[{"embeddable":true,"href":"https:\/\/medicinasinc.com\/hr\/wp-json\/wp\/v2\/comments?post=4968"}],"wp:featuredmedia":[{"embeddable":true,"href":"https:\/\/medicinasinc.com\/hr\/wp-json\/wp\/v2\/media\/4981"}],"wp:attachment":[{"href":"https:\/\/medicinasinc.com\/hr\/wp-json\/wp\/v2\/media?parent=4968"}],"wp:term":[{"taxonomy":"product_brand","embeddable":true,"href":"https:\/\/medicinasinc.com\/hr\/wp-json\/wp\/v2\/product_brand?post=4968"},{"taxonomy":"product_cat","embeddable":true,"href":"https:\/\/medicinasinc.com\/hr\/wp-json\/wp\/v2\/product_cat?post=4968"},{"taxonomy":"product_tag","embeddable":true,"href":"https:\/\/medicinasinc.com\/hr\/wp-json\/wp\/v2\/product_tag?post=4968"}],"curies":[{"name":"wp","href":"https:\/\/api.w.org\/{rel}","templated":true}]}}