{"id":4953,"date":"2022-02-20T18:14:51","date_gmt":"2022-02-20T18:14:51","guid":{"rendered":"https:\/\/medicinasinc.com\/hr\/?post_type=product&#038;p=4953"},"modified":"2022-03-15T05:56:39","modified_gmt":"2022-03-15T05:56:39","slug":"kupi-djed-ljubicasti-soj","status":"publish","type":"product","link":"https:\/\/medicinasinc.com\/hr\/product\/kupi-djed-ljubicasti-soj\/","title":{"rendered":"Kupite Granddaddy Purple Strain"},"content":{"rendered":"<p>Kupite Granddaddy Purple Marihuana online.<\/p>\n<p>Kupite Granddaddy Purple Marihuanu online.<\/p>\n<p>Granddaddy Purple Marihuana Soj je hibrid \u2013 Soj Granddaddy Purple Marihuana je hibrid \u2013 50% Sativa \/ 50 % Indica THC: 20% \u2013 27%, CBD: 1%<\/p>\n<p>Mo\u017edani, eufori\u010dni, sretni, gladni, opu\u0161taju\u0107i efekti<br \/> Mo\u017ee pomo\u0107i u ubla\u017eavanju artritisa, kroni\u010dne boli, depresije, nesanice, Gubitak apetita, migrene, mi\u0161i\u0107ni gr\u010devi, PTSP i okusi stresa<br \/> Vo\u0107ni, gro\u017e\u0111ani, borovi i slatki<\/p>\n","protected":false},"excerpt":{"rendered":"<p>\u0160to trebate znati prije kupnje Granddaddy Purple? Dodatno poznat kao GDP, ovaj soj je dobro poznati kri\u017eanac Indica Purple Urkle i Big Bud.<\/p>\n<p>Kupite Granddaddy Purple Marihuana Online.<\/p>\n<p>Najbolja kanadska narud\u017eba WEED-om putem po\u0161te. ! Jeste li zainteresirani za kupnju medicinske marihuane online u Kanadi?<\/p>\n<p>&nbsp;<\/p>\n<p>&nbsp;<\/p>\n","protected":false},"featured_media":4967,"comment_status":"open","ping_status":"closed","template":"","meta":[],"product_brand":[],"product_cat":[778],"product_tag":[839,840,838,837,836,835,842,841],"class_list":{"0":"post-4953","1":"product","2":"type-product","3":"status-publish","4":"has-post-thumbnail","6":"product_cat-korov-za-prodaju","7":"product_tag-djed-ljubiasta-blizu-mene","8":"product_tag-djed-ljubiaste-slike-slike","9":"product_tag-grand-daddy-purple-strain-indica-or-sativa","10":"product_tag-djed-tata-ljubiasto-ulje","11":"product_tag-djed-daddy-purp-cijene","12":"product_tag-djed-tata-purp-cart","13":"product_tag-ljubiasto-urkle","14":"product_tag-ljubiasto-ku","16":"first","17":"instock","18":"shipping-taxable","19":"purchasable","20":"product-type-simple"},"yoast_head":"<!-- This site is optimized with the Yoast SEO plugin v27.3 - https:\/\/yoast.com\/product\/yoast-seo-wordpress\/ -->\n<title>Kupite Granddaddy Purple Strain - najbolji globalni lijekovi<\/title>\n<meta name=\"description\" content=\"\u0160to trebate znati prije nego kupite soj Granddaddy Purple? Tako\u0111er, nazvan GDP, ovaj soj je poznati kri\u017eanac Indica izme\u0111u Purple Urkle i Big Bud.\" \/>\n<meta name=\"robots\" content=\"index, follow, max-snippet:-1, max-image-preview:large, max-video-preview:-1\" \/>\n<link rel=\"canonical\" href=\"https:\/\/medicinasinc.com\/hr\/product\/kupi-djed-ljubicasti-soj\/\" \/>\n<meta property=\"og:locale\" content=\"hr_HR\" \/>\n<meta property=\"og:type\" content=\"article\" \/>\n<meta property=\"og:title\" content=\"Kupite Granddaddy Purple Strain - najbolji globalni lijekovi\" \/>\n<meta property=\"og:description\" content=\"\u0160to trebate znati prije nego kupite soj Granddaddy Purple? Tako\u0111er, nazvan GDP, ovaj soj je poznati kri\u017eanac Indica izme\u0111u Purple Urkle i Big Bud.\" \/>\n<meta property=\"og:url\" content=\"https:\/\/medicinasinc.com\/hr\/product\/kupi-djed-ljubicasti-soj\/\" \/>\n<meta property=\"og:site_name\" content=\"Medicinas Inc\" \/>\n<meta property=\"article:modified_time\" content=\"2022-03-15T05:56:39+00:00\" \/>\n<meta property=\"og:image\" content=\"https:\/\/medicinasinc.com\/hr\/wp-content\/uploads\/sites\/3\/2022\/02\/Buy-Granddaddy-Purple-Strain.jpg\" \/>\n\t<meta property=\"og:image:width\" content=\"1822\" \/>\n\t<meta property=\"og:image:height\" content=\"2429\" \/>\n\t<meta property=\"og:image:type\" content=\"image\/jpeg\" \/>\n<meta name=\"twitter:card\" content=\"summary_large_image\" \/>\n<meta name=\"twitter:label1\" content=\"Procijenjeno vrijeme \u010ditanja\" \/>\n\t<meta name=\"twitter:data1\" content=\"1 minuta\" \/>\n<script type=\"application\/ld+json\" class=\"yoast-schema-graph\">{\"@context\":\"https:\\\/\\\/schema.org\",\"@graph\":[{\"@type\":\"WebPage\",\"@id\":\"https:\\\/\\\/medicinasinc.com\\\/hr\\\/product\\\/kupi-djed-ljubicasti-soj\\\/\",\"url\":\"https:\\\/\\\/medicinasinc.com\\\/hr\\\/product\\\/kupi-djed-ljubicasti-soj\\\/\",\"name\":\"Kupite Granddaddy Purple Strain - najbolji globalni lijekovi\",\"isPartOf\":{\"@id\":\"https:\\\/\\\/medicinasinc.com\\\/hr\\\/#website\"},\"primaryImageOfPage\":{\"@id\":\"https:\\\/\\\/medicinasinc.com\\\/hr\\\/product\\\/kupi-djed-ljubicasti-soj\\\/#primaryimage\"},\"image\":{\"@id\":\"https:\\\/\\\/medicinasinc.com\\\/hr\\\/product\\\/kupi-djed-ljubicasti-soj\\\/#primaryimage\"},\"thumbnailUrl\":\"https:\\\/\\\/medicinasinc.com\\\/hr\\\/wp-content\\\/uploads\\\/sites\\\/3\\\/2022\\\/02\\\/Buy-Granddaddy-Purple-Strain.jpg\",\"datePublished\":\"2022-02-20T18:14:51+00:00\",\"dateModified\":\"2022-03-15T05:56:39+00:00\",\"description\":\"\u0160to trebate znati prije nego kupite soj Granddaddy Purple? Tako\u0111er, nazvan GDP, ovaj soj je poznati kri\u017eanac Indica izme\u0111u Purple Urkle i Big Bud.\",\"breadcrumb\":{\"@id\":\"https:\\\/\\\/medicinasinc.com\\\/hr\\\/product\\\/kupi-djed-ljubicasti-soj\\\/#breadcrumb\"},\"inLanguage\":\"hr\",\"potentialAction\":[{\"@type\":\"ReadAction\",\"target\":[\"https:\\\/\\\/medicinasinc.com\\\/hr\\\/product\\\/kupi-djed-ljubicasti-soj\\\/\"]}]},{\"@type\":\"ImageObject\",\"inLanguage\":\"hr\",\"@id\":\"https:\\\/\\\/medicinasinc.com\\\/hr\\\/product\\\/kupi-djed-ljubicasti-soj\\\/#primaryimage\",\"url\":\"https:\\\/\\\/medicinasinc.com\\\/hr\\\/wp-content\\\/uploads\\\/sites\\\/3\\\/2022\\\/02\\\/Buy-Granddaddy-Purple-Strain.jpg\",\"contentUrl\":\"https:\\\/\\\/medicinasinc.com\\\/hr\\\/wp-content\\\/uploads\\\/sites\\\/3\\\/2022\\\/02\\\/Buy-Granddaddy-Purple-Strain.jpg\",\"width\":1822,\"height\":2429},{\"@type\":\"BreadcrumbList\",\"@id\":\"https:\\\/\\\/medicinasinc.com\\\/hr\\\/product\\\/kupi-djed-ljubicasti-soj\\\/#breadcrumb\",\"itemListElement\":[{\"@type\":\"ListItem\",\"position\":1,\"name\":\"Du\u0107an\",\"item\":\"https:\\\/\\\/medicinasinc.com\\\/hr\\\/ducan\\\/\"},{\"@type\":\"ListItem\",\"position\":2,\"name\":\"Kupite Granddaddy Purple Strain\"}]},{\"@type\":\"WebSite\",\"@id\":\"https:\\\/\\\/medicinasinc.com\\\/hr\\\/#website\",\"url\":\"https:\\\/\\\/medicinasinc.com\\\/hr\\\/\",\"name\":\"Medicinas Inc\",\"description\":\"Health Medical Clinic\",\"potentialAction\":[{\"@type\":\"SearchAction\",\"target\":{\"@type\":\"EntryPoint\",\"urlTemplate\":\"https:\\\/\\\/medicinasinc.com\\\/hr\\\/?s={search_term_string}\"},\"query-input\":{\"@type\":\"PropertyValueSpecification\",\"valueRequired\":true,\"valueName\":\"search_term_string\"}}],\"inLanguage\":\"hr\"}]}<\/script>\n<!-- \/ Yoast SEO plugin. -->","yoast_head_json":{"title":"Kupite Granddaddy Purple Strain - najbolji globalni lijekovi","description":"\u0160to trebate znati prije nego kupite soj Granddaddy Purple? Tako\u0111er, nazvan GDP, ovaj soj je poznati kri\u017eanac Indica izme\u0111u Purple Urkle i Big Bud.","robots":{"index":"index","follow":"follow","max-snippet":"max-snippet:-1","max-image-preview":"max-image-preview:large","max-video-preview":"max-video-preview:-1"},"canonical":"https:\/\/medicinasinc.com\/hr\/product\/kupi-djed-ljubicasti-soj\/","og_locale":"hr_HR","og_type":"article","og_title":"Kupite Granddaddy Purple Strain - najbolji globalni lijekovi","og_description":"\u0160to trebate znati prije nego kupite soj Granddaddy Purple? Tako\u0111er, nazvan GDP, ovaj soj je poznati kri\u017eanac Indica izme\u0111u Purple Urkle i Big Bud.","og_url":"https:\/\/medicinasinc.com\/hr\/product\/kupi-djed-ljubicasti-soj\/","og_site_name":"Medicinas Inc","article_modified_time":"2022-03-15T05:56:39+00:00","og_image":[{"width":1822,"height":2429,"url":"https:\/\/medicinasinc.com\/hr\/wp-content\/uploads\/sites\/3\/2022\/02\/Buy-Granddaddy-Purple-Strain.jpg","type":"image\/jpeg"}],"twitter_card":"summary_large_image","twitter_misc":{"Procijenjeno vrijeme \u010ditanja":"1 minuta"},"schema":{"@context":"https:\/\/schema.org","@graph":[{"@type":"WebPage","@id":"https:\/\/medicinasinc.com\/hr\/product\/kupi-djed-ljubicasti-soj\/","url":"https:\/\/medicinasinc.com\/hr\/product\/kupi-djed-ljubicasti-soj\/","name":"Kupite Granddaddy Purple Strain - najbolji globalni lijekovi","isPartOf":{"@id":"https:\/\/medicinasinc.com\/hr\/#website"},"primaryImageOfPage":{"@id":"https:\/\/medicinasinc.com\/hr\/product\/kupi-djed-ljubicasti-soj\/#primaryimage"},"image":{"@id":"https:\/\/medicinasinc.com\/hr\/product\/kupi-djed-ljubicasti-soj\/#primaryimage"},"thumbnailUrl":"https:\/\/medicinasinc.com\/hr\/wp-content\/uploads\/sites\/3\/2022\/02\/Buy-Granddaddy-Purple-Strain.jpg","datePublished":"2022-02-20T18:14:51+00:00","dateModified":"2022-03-15T05:56:39+00:00","description":"\u0160to trebate znati prije nego kupite soj Granddaddy Purple? Tako\u0111er, nazvan GDP, ovaj soj je poznati kri\u017eanac Indica izme\u0111u Purple Urkle i Big Bud.","breadcrumb":{"@id":"https:\/\/medicinasinc.com\/hr\/product\/kupi-djed-ljubicasti-soj\/#breadcrumb"},"inLanguage":"hr","potentialAction":[{"@type":"ReadAction","target":["https:\/\/medicinasinc.com\/hr\/product\/kupi-djed-ljubicasti-soj\/"]}]},{"@type":"ImageObject","inLanguage":"hr","@id":"https:\/\/medicinasinc.com\/hr\/product\/kupi-djed-ljubicasti-soj\/#primaryimage","url":"https:\/\/medicinasinc.com\/hr\/wp-content\/uploads\/sites\/3\/2022\/02\/Buy-Granddaddy-Purple-Strain.jpg","contentUrl":"https:\/\/medicinasinc.com\/hr\/wp-content\/uploads\/sites\/3\/2022\/02\/Buy-Granddaddy-Purple-Strain.jpg","width":1822,"height":2429},{"@type":"BreadcrumbList","@id":"https:\/\/medicinasinc.com\/hr\/product\/kupi-djed-ljubicasti-soj\/#breadcrumb","itemListElement":[{"@type":"ListItem","position":1,"name":"Du\u0107an","item":"https:\/\/medicinasinc.com\/hr\/ducan\/"},{"@type":"ListItem","position":2,"name":"Kupite Granddaddy Purple Strain"}]},{"@type":"WebSite","@id":"https:\/\/medicinasinc.com\/hr\/#website","url":"https:\/\/medicinasinc.com\/hr\/","name":"Medicinas Inc","description":"Health Medical Clinic","potentialAction":[{"@type":"SearchAction","target":{"@type":"EntryPoint","urlTemplate":"https:\/\/medicinasinc.com\/hr\/?s={search_term_string}"},"query-input":{"@type":"PropertyValueSpecification","valueRequired":true,"valueName":"search_term_string"}}],"inLanguage":"hr"}]}},"_links":{"self":[{"href":"https:\/\/medicinasinc.com\/hr\/wp-json\/wp\/v2\/product\/4953","targetHints":{"allow":["GET"]}}],"collection":[{"href":"https:\/\/medicinasinc.com\/hr\/wp-json\/wp\/v2\/product"}],"about":[{"href":"https:\/\/medicinasinc.com\/hr\/wp-json\/wp\/v2\/types\/product"}],"replies":[{"embeddable":true,"href":"https:\/\/medicinasinc.com\/hr\/wp-json\/wp\/v2\/comments?post=4953"}],"wp:featuredmedia":[{"embeddable":true,"href":"https:\/\/medicinasinc.com\/hr\/wp-json\/wp\/v2\/media\/4967"}],"wp:attachment":[{"href":"https:\/\/medicinasinc.com\/hr\/wp-json\/wp\/v2\/media?parent=4953"}],"wp:term":[{"taxonomy":"product_brand","embeddable":true,"href":"https:\/\/medicinasinc.com\/hr\/wp-json\/wp\/v2\/product_brand?post=4953"},{"taxonomy":"product_cat","embeddable":true,"href":"https:\/\/medicinasinc.com\/hr\/wp-json\/wp\/v2\/product_cat?post=4953"},{"taxonomy":"product_tag","embeddable":true,"href":"https:\/\/medicinasinc.com\/hr\/wp-json\/wp\/v2\/product_tag?post=4953"}],"curies":[{"name":"wp","href":"https:\/\/api.w.org\/{rel}","templated":true}]}}